{"id":20898,"date":"2021-02-18T19:02:00","date_gmt":"2021-02-18T19:02:00","guid":{"rendered":"https:\/\/blackstonegriddles.ca\/?page_id=20898"},"modified":"2024-12-12T16:23:03","modified_gmt":"2024-12-12T16:23:03","slug":"politique-dexpedition","status":"publish","type":"page","link":"https:\/\/blackstonegriddles.ca\/fr\/shipping-policy\/","title":{"rendered":"Politique d'exp\u00e9dition"},"content":{"rendered":"<div class=\"fusion-fullwidth fullwidth-box fusion-builder-row-1 fusion-flex-container nonhundred-percent-fullwidth non-hundred-percent-height-scrolling\" style=\"--awb-border-radius-top-left:0px;--awb-border-radius-top-right:0px;--awb-border-radius-bottom-right:0px;--awb-border-radius-bottom-left:0px;--awb-margin-top:50px;--awb-margin-bottom:50px;--awb-flex-wrap:wrap;\" ><div class=\"fusion-builder-row fusion-row fusion-flex-align-items-flex-start fusion-flex-content-wrap\" style=\"max-width:1664px;margin-left: calc(-4% \/ 2 );margin-right: calc(-4% \/ 2 );\"><div class=\"fusion-layout-column fusion_builder_column fusion-builder-column-0 fusion_builder_column_1_1 1_1 fusion-flex-column\" style=\"--awb-bg-blend:overlay;--awb-bg-size:cover;--awb-width-large:100%;--awb-margin-top-large:0px;--awb-spacing-right-large:1.92%;--awb-margin-bottom-large:0px;--awb-spacing-left-large:1.92%;--awb-width-medium:100%;--awb-spacing-right-medium:1.92%;--awb-spacing-left-medium:1.92%;--awb-width-small:100%;--awb-spacing-right-small:1.92%;--awb-spacing-left-small:1.92%;\"><div class=\"fusion-column-wrapper fusion-flex-justify-content-flex-start fusion-content-layout-column\"><div class=\"fusion-title title fusion-title-1 fusion-title-text fusion-title-size-one\"><div class=\"title-sep-container title-sep-container-left fusion-no-large-visibility fusion-no-medium-visibility fusion-no-small-visibility\"><div class=\"title-sep sep- sep-solid\" style=\"border-color:#e0dede;\"><\/div><\/div><span class=\"awb-title-spacer fusion-no-large-visibility fusion-no-medium-visibility fusion-no-small-visibility\"><\/span><h1 class=\"fusion-title-heading title-heading-left fusion-responsive-typography-calculated\" style=\"margin:0;--fontSize:48;line-height:1.2;\"><h1 class=\"fusion-responsive-typography-calculated\" data-fontsize=\"26\" data-lineheight=\"32.76px\">Exp\u00e9dition et livraison<\/h1><\/h1><span class=\"awb-title-spacer\"><\/span><div class=\"title-sep-container title-sep-container-right\"><div class=\"title-sep sep- sep-solid\" style=\"border-color:#e0dede;\"><\/div><\/div><\/div><div class=\"fusion-text fusion-text-1\"><p class=\"fusion-responsive-typography-calculated\" style=\"--fontsize: 26; line-height: 1.26;\" data-fontsize=\"26\" data-lineheight=\"32.76px\"><span style=\"background-color: var(--awb-bg-color); color: var(--awb-text-color); font-family: var(--awb-text-font-family); font-size: var(--awb-font-size); font-style: var(--awb-text-font-style); font-weight: var(--awb-text-font-weight); letter-spacing: var(--awb-letter-spacing); text-align: var(--awb-content-alignment); text-transform: var(--awb-text-transform);\">Chez Blackstone, nous nous engageons \u00e0 livrer votre achat au Canada dans les meilleurs d\u00e9lais.<\/span><\/p>\n<p><b>Pendant la haute saison, les d\u00e9lais d'exp\u00e9dition seront retard\u00e9s.<\/b> Les d\u00e9lais de livraison des transporteurs varient et sont hors de notre contr\u00f4le.<\/p>\n<p>Ces frais d'exp\u00e9dition forfaitaires sont bas\u00e9s sur les zones de livraison standard au Canada. Les clients dont les commandes se situent en dehors de ces zones de livraison standard seront contact\u00e9s directement, car des frais d'exp\u00e9dition suppl\u00e9mentaires peuvent s'appliquer en fonction du lieu de livraison exact.<\/p>\n<p>Une fois que vous avez re\u00e7u les informations de suivi, votre colis a \u00e9t\u00e9 exp\u00e9di\u00e9 et est en route vers vous ! Si vous avez des questions ou des commentaires sur votre commande une fois qu'elle est arriv\u00e9e, n'h\u00e9sitez pas \u00e0 nous appeler imm\u00e9diatement ! Nous ferons de notre mieux pour arranger les choses !<\/p>\n<p>Le produit est exp\u00e9di\u00e9 depuis la province de l'Ontario.<\/p>\n<p><strong>***Veuillez noter***<\/strong><\/p>\n<p><strong>Une fois les commandes exp\u00e9di\u00e9es, des frais de restockage de 15% seront appliqu\u00e9s pour toutes les commandes annul\u00e9es et\/ou retourn\u00e9es.<\/strong><\/p>\n<\/p>\n<p><b>Nouveaux frais d'exp\u00e9dition forfaitaires (\u00e0 partir de novembre 2024)<\/b><\/p>\n<\/div>\n<div class=\"table-1\">\n<table width=\"100%\">\n<thead>\n<tr>\n<th align=\"left\">Objet<\/th>\n<th align=\"left\">Frais d'exp\u00e9dition<\/th>\n<\/tr>\n<\/thead>\n<tbody>\n<tr>\n<td align=\"left\">Accessoires&nbsp;<\/td>\n<td align=\"left\">\n<p>&nbsp;$14.99<\/p>\n<\/td>\n<\/tr>\n<tr>\n<td align=\"left\"><span data-olk-copy-source=\"MessageBody\">17<\/span>\" Grilles<\/td>\n<td align=\"left\">$29.99<\/td>\n<\/tr>\n<tr>\n<td align=\"left\"><span data-olk-copy-source=\"MessageBody\">22<\/span>\" Grilles<\/td>\n<td align=\"left\">$39.99<\/td>\n<\/tr>\n<tr>\n<td align=\"left\"><span data-olk-copy-source=\"MessageBody\">28<\/span>\" Grilles<\/td>\n<td align=\"left\">$49.99<\/td>\n<\/tr>\n<tr>\n<td align=\"left\">Grils de 36 pouces<\/td>\n<td align=\"left\">$79.99<\/td>\n<\/tr>\n<tr>\n<td align=\"left\">44\" + grils \u00e0 poser&nbsp;<\/td>\n<td align=\"left\">$99.99<\/td>\n<\/tr>\n<tr>\n<td align=\"left\"><span data-olk-copy-source=\"MessageBody\">Four \u00e0 pizza avec support<\/span><\/td>\n<td align=\"left\"><span data-olk-copy-source=\"MessageBody\">$49.99<\/span><\/td>\n<\/tr>\n<tr>\n<td align=\"left\"><span data-olk-copy-source=\"MessageBody\">Four \u00e0 pizza<\/span><\/td>\n<td align=\"left\"><span data-olk-copy-source=\"MessageBody\">$29.99<\/span><\/td>\n<\/tr>\n<tr>\n<td align=\"left\"><span data-olk-copy-source=\"MessageBody\">Pavillon<\/span><\/td>\n<td align=\"left\"><span data-olk-copy-source=\"MessageBody\">$149.99<\/span><\/td>\n<\/tr>\n<\/tbody>\n<\/table>\n<\/div>\n<\/div><\/div><\/div><\/div>","protected":false},"excerpt":{"rendered":"","protected":false},"author":2279,"featured_media":0,"parent":0,"menu_order":0,"comment_status":"closed","ping_status":"closed","template":"","meta":{"footnotes":""},"class_list":["post-20898","page","type-page","status-publish","hentry"],"yoast_head":"<!-- This site is optimized with the Yoast SEO plugin v27.3 - https:\/\/yoast.com\/product\/yoast-seo-wordpress\/ -->\n<title>Shipping Policy - Blackstone Griddles<\/title>\n<meta name=\"robots\" content=\"index, follow, max-snippet:-1, max-image-preview:large, max-video-preview:-1\" \/>\n<link rel=\"canonical\" href=\"https:\/\/blackstonegriddles.ca\/fr\/politique-dexpedition\/\" \/>\n<meta property=\"og:locale\" content=\"fr_CA\" \/>\n<meta property=\"og:type\" content=\"article\" \/>\n<meta property=\"og:title\" content=\"Shipping Policy - Blackstone Griddles\" \/>\n<meta property=\"og:url\" content=\"https:\/\/blackstonegriddles.ca\/fr\/politique-dexpedition\/\" \/>\n<meta property=\"og:site_name\" content=\"Blackstone Griddles\" \/>\n<meta property=\"article:publisher\" content=\"https:\/\/www.facebook.com\/blackstoneproducts\/\" \/>\n<meta property=\"article:modified_time\" content=\"2024-12-12T16:23:03+00:00\" \/>\n<meta property=\"og:image\" content=\"https:\/\/blackstonegriddles.ca\/wp-content\/uploads\/2020\/10\/Blackstone_logo_Reverse.png\" \/>\n\t<meta property=\"og:image:width\" content=\"433\" \/>\n\t<meta property=\"og:image:height\" content=\"91\" \/>\n\t<meta property=\"og:image:type\" content=\"image\/png\" \/>\n<meta name=\"twitter:card\" content=\"summary_large_image\" \/>\n<meta name=\"twitter:site\" content=\"@weareblackstone\" \/>\n<meta name=\"twitter:label1\" content=\"Estimation du temps de lecture\" \/>\n\t<meta name=\"twitter:data1\" content=\"1 minute\" \/>\n<script type=\"application\/ld+json\" class=\"yoast-schema-graph\">{\"@context\":\"https:\\\/\\\/schema.org\",\"@graph\":[{\"@type\":\"WebPage\",\"@id\":\"https:\\\/\\\/blackstonegriddles.ca\\\/shipping-policy\\\/\",\"url\":\"https:\\\/\\\/blackstonegriddles.ca\\\/shipping-policy\\\/\",\"name\":\"Shipping Policy - Blackstone Griddles\",\"isPartOf\":{\"@id\":\"https:\\\/\\\/blackstonegriddles.ca\\\/#website\"},\"datePublished\":\"2021-02-18T19:02:00+00:00\",\"dateModified\":\"2024-12-12T16:23:03+00:00\",\"breadcrumb\":{\"@id\":\"https:\\\/\\\/blackstonegriddles.ca\\\/shipping-policy\\\/#breadcrumb\"},\"inLanguage\":\"fr-CA\",\"potentialAction\":[{\"@type\":\"ReadAction\",\"target\":[\"https:\\\/\\\/blackstonegriddles.ca\\\/shipping-policy\\\/\"]}]},{\"@type\":\"BreadcrumbList\",\"@id\":\"https:\\\/\\\/blackstonegriddles.ca\\\/shipping-policy\\\/#breadcrumb\",\"itemListElement\":[{\"@type\":\"ListItem\",\"position\":1,\"name\":\"Home\",\"item\":\"https:\\\/\\\/blackstonegriddles.ca\\\/\"},{\"@type\":\"ListItem\",\"position\":2,\"name\":\"Shipping Policy\"}]},{\"@type\":\"WebSite\",\"@id\":\"https:\\\/\\\/blackstonegriddles.ca\\\/#website\",\"url\":\"https:\\\/\\\/blackstonegriddles.ca\\\/\",\"name\":\"Blackstone Griddles Canada\",\"description\":\"Blackstone Griddles official licensed dealer Canada\",\"publisher\":{\"@id\":\"https:\\\/\\\/blackstonegriddles.ca\\\/#organization\"},\"potentialAction\":[{\"@type\":\"SearchAction\",\"target\":{\"@type\":\"EntryPoint\",\"urlTemplate\":\"https:\\\/\\\/blackstonegriddles.ca\\\/?s={search_term_string}\"},\"query-input\":{\"@type\":\"PropertyValueSpecification\",\"valueRequired\":true,\"valueName\":\"search_term_string\"}}],\"inLanguage\":\"fr-CA\"},{\"@type\":\"Organization\",\"@id\":\"https:\\\/\\\/blackstonegriddles.ca\\\/#organization\",\"name\":\"Blackstone Griddles Canada\",\"url\":\"https:\\\/\\\/blackstonegriddles.ca\\\/\",\"logo\":{\"@type\":\"ImageObject\",\"inLanguage\":\"fr-CA\",\"@id\":\"https:\\\/\\\/blackstonegriddles.ca\\\/#\\\/schema\\\/logo\\\/image\\\/\",\"url\":\"https:\\\/\\\/blackstonegriddles.ca\\\/wp-content\\\/uploads\\\/2025\\\/02\\\/blackstone-fire-logo.webp\",\"contentUrl\":\"https:\\\/\\\/blackstonegriddles.ca\\\/wp-content\\\/uploads\\\/2025\\\/02\\\/blackstone-fire-logo.webp\",\"width\":53,\"height\":58,\"caption\":\"Blackstone Griddles Canada\"},\"image\":{\"@id\":\"https:\\\/\\\/blackstonegriddles.ca\\\/#\\\/schema\\\/logo\\\/image\\\/\"},\"sameAs\":[\"https:\\\/\\\/www.facebook.com\\\/blackstoneproducts\\\/\",\"https:\\\/\\\/x.com\\\/weareblackstone\",\"https:\\\/\\\/www.instagram.com\\\/blackstoneproducts\\\/\",\"https:\\\/\\\/www.youtube.com\\\/channel\\\/UCr39rimir8y3p-q1iQYidVA\"]}]}<\/script>\n<!-- \/ Yoast SEO plugin. -->","yoast_head_json":{"title":"Politique d'exp\u00e9dition - Blackstone Griddles","robots":{"index":"index","follow":"follow","max-snippet":"max-snippet:-1","max-image-preview":"max-image-preview:large","max-video-preview":"max-video-preview:-1"},"canonical":"https:\/\/blackstonegriddles.ca\/fr\/politique-dexpedition\/","og_locale":"fr_CA","og_type":"article","og_title":"Shipping Policy - Blackstone Griddles","og_url":"https:\/\/blackstonegriddles.ca\/fr\/politique-dexpedition\/","og_site_name":"Blackstone Griddles","article_publisher":"https:\/\/www.facebook.com\/blackstoneproducts\/","article_modified_time":"2024-12-12T16:23:03+00:00","og_image":[{"width":433,"height":91,"url":"https:\/\/blackstonegriddles.ca\/wp-content\/uploads\/2020\/10\/Blackstone_logo_Reverse.png","type":"image\/png"}],"twitter_card":"summary_large_image","twitter_site":"@weareblackstone","twitter_misc":{"Estimation du temps de lecture":"1 minute"},"schema":{"@context":"https:\/\/schema.org","@graph":[{"@type":"WebPage","@id":"https:\/\/blackstonegriddles.ca\/shipping-policy\/","url":"https:\/\/blackstonegriddles.ca\/shipping-policy\/","name":"Politique d'exp\u00e9dition - Blackstone Griddles","isPartOf":{"@id":"https:\/\/blackstonegriddles.ca\/#website"},"datePublished":"2021-02-18T19:02:00+00:00","dateModified":"2024-12-12T16:23:03+00:00","breadcrumb":{"@id":"https:\/\/blackstonegriddles.ca\/shipping-policy\/#breadcrumb"},"inLanguage":"fr-CA","potentialAction":[{"@type":"ReadAction","target":["https:\/\/blackstonegriddles.ca\/shipping-policy\/"]}]},{"@type":"BreadcrumbList","@id":"https:\/\/blackstonegriddles.ca\/shipping-policy\/#breadcrumb","itemListElement":[{"@type":"ListItem","position":1,"name":"Home","item":"https:\/\/blackstonegriddles.ca\/"},{"@type":"ListItem","position":2,"name":"Shipping Policy"}]},{"@type":"WebSite","@id":"https:\/\/blackstonegriddles.ca\/#website","url":"https:\/\/blackstonegriddles.ca\/","name":"Grils Blackstone Canada","description":"Blackstone Griddles distributeur officiel agr\u00e9\u00e9 Canada","publisher":{"@id":"https:\/\/blackstonegriddles.ca\/#organization"},"potentialAction":[{"@type":"SearchAction","target":{"@type":"EntryPoint","urlTemplate":"https:\/\/blackstonegriddles.ca\/?s={search_term_string}"},"query-input":{"@type":"PropertyValueSpecification","valueRequired":true,"valueName":"search_term_string"}}],"inLanguage":"fr-CA"},{"@type":"Organization","@id":"https:\/\/blackstonegriddles.ca\/#organization","name":"Grils Blackstone Canada","url":"https:\/\/blackstonegriddles.ca\/","logo":{"@type":"ImageObject","inLanguage":"fr-CA","@id":"https:\/\/blackstonegriddles.ca\/#\/schema\/logo\/image\/","url":"https:\/\/blackstonegriddles.ca\/wp-content\/uploads\/2025\/02\/blackstone-fire-logo.webp","contentUrl":"https:\/\/blackstonegriddles.ca\/wp-content\/uploads\/2025\/02\/blackstone-fire-logo.webp","width":53,"height":58,"caption":"Blackstone Griddles Canada"},"image":{"@id":"https:\/\/blackstonegriddles.ca\/#\/schema\/logo\/image\/"},"sameAs":["https:\/\/www.facebook.com\/blackstoneproducts\/","https:\/\/x.com\/weareblackstone","https:\/\/www.instagram.com\/blackstoneproducts\/","https:\/\/www.youtube.com\/channel\/UCr39rimir8y3p-q1iQYidVA"]}]}},"_links":{"self":[{"href":"https:\/\/blackstonegriddles.ca\/fr\/wp-json\/wp\/v2\/pages\/20898","targetHints":{"allow":["GET"]}}],"collection":[{"href":"https:\/\/blackstonegriddles.ca\/fr\/wp-json\/wp\/v2\/pages"}],"about":[{"href":"https:\/\/blackstonegriddles.ca\/fr\/wp-json\/wp\/v2\/types\/page"}],"author":[{"embeddable":true,"href":"https:\/\/blackstonegriddles.ca\/fr\/wp-json\/wp\/v2\/users\/2279"}],"replies":[{"embeddable":true,"href":"https:\/\/blackstonegriddles.ca\/fr\/wp-json\/wp\/v2\/comments?post=20898"}],"version-history":[{"count":0,"href":"https:\/\/blackstonegriddles.ca\/fr\/wp-json\/wp\/v2\/pages\/20898\/revisions"}],"wp:attachment":[{"href":"https:\/\/blackstonegriddles.ca\/fr\/wp-json\/wp\/v2\/media?parent=20898"}],"curies":[{"name":"wp","href":"https:\/\/api.w.org\/{rel}","templated":true}]}}