{"id":20904,"date":"2021-02-18T19:14:12","date_gmt":"2021-02-18T19:14:12","guid":{"rendered":"https:\/\/blackstonegriddles.ca\/?page_id=20904"},"modified":"2023-10-24T15:37:02","modified_gmt":"2023-10-24T15:37:02","slug":"garantie","status":"publish","type":"page","link":"https:\/\/blackstonegriddles.ca\/fr\/warranty\/","title":{"rendered":"Garantie"},"content":{"rendered":"<div class=\"fusion-fullwidth fullwidth-box fusion-builder-row-1 fusion-flex-container nonhundred-percent-fullwidth non-hundred-percent-height-scrolling\" style=\"--awb-border-radius-top-left:0px;--awb-border-radius-top-right:0px;--awb-border-radius-bottom-right:0px;--awb-border-radius-bottom-left:0px;--awb-flex-wrap:wrap;\" ><div class=\"fusion-builder-row fusion-row fusion-flex-align-items-flex-start fusion-flex-content-wrap\" style=\"max-width:1664px;margin-left: calc(-4% \/ 2 );margin-right: calc(-4% \/ 2 );\"><div class=\"fusion-layout-column fusion_builder_column fusion-builder-column-0 fusion_builder_column_1_1 1_1 fusion-flex-column\" style=\"--awb-bg-size:cover;--awb-width-large:100%;--awb-margin-top-large:0px;--awb-spacing-right-large:1.92%;--awb-margin-bottom-large:0px;--awb-spacing-left-large:1.92%;--awb-width-medium:100%;--awb-spacing-right-medium:1.92%;--awb-spacing-left-medium:1.92%;--awb-width-small:100%;--awb-spacing-right-small:1.92%;--awb-spacing-left-small:1.92%;\"><div class=\"fusion-column-wrapper fusion-flex-justify-content-flex-start fusion-content-layout-column\"><div class=\"fusion-text fusion-text-1\"><h2>North Atlantic Imports LLC Garantie de 1 an<\/h2>\n<p>North Atlantic Imports, le fabricant, garantit pendant un an \u00e0 compter de la date d'achat toutes les pi\u00e8ces, la main-d'\u0153uvre et les finitions.  La d\u00e9cision de r\u00e9parer ou de remplacer l'un des \u00e9l\u00e9ments susmentionn\u00e9s est laiss\u00e9e \u00e0 la discr\u00e9tion du fabricant. Toutes les garanties sont limit\u00e9es \u00e0 l'acheteur initial et ne couvrent pas les pi\u00e8ces qui ont d\u00e9j\u00e0 \u00e9t\u00e9 remplac\u00e9es. Cette garantie ne couvre aucune responsabilit\u00e9 de la part de North Atlantic Imports, Kennedy Sales, de ses agents ou employ\u00e9s, pour tout dommage indirect ou cons\u00e9cutif \u00e0 une violation de la garantie.  L'acheteur doit suivre les instructions d'utilisation et les recommandations d'entretien du fabricant.<\/p>\n<p>Le fabricant n'est en aucun cas responsable des dommages r\u00e9sultant d'un mauvais fonctionnement de la station de cuisson. Il incombe \u00e0 l'acheteur d'\u00e9tablir la p\u00e9riode de garantie en v\u00e9rifiant la date d'achat originale avec le ticket de caisse original.<\/p>\n<p><strong>Pour une explication plus d\u00e9taill\u00e9e de la garantie, lire ci-dessous<\/strong><\/p>\n<p>North Atlantic Imports LLC garantit au propri\u00e9taire que le produit couvert par le pr\u00e9sent accord est exempt de d\u00e9fauts de mat\u00e9riaux et de fabrication dans le cadre d'une utilisation et d'un service normaux pour lesquels il a \u00e9t\u00e9 con\u00e7u si, mais seulement si, il a \u00e9t\u00e9 utilis\u00e9 conform\u00e9ment aux instructions de North Atlantic Imports LLC exclusivement pour un usage domestique, et non pour un club priv\u00e9 ou public, ou \u00e0 des fins institutionnelles ou commerciales.<\/p>\n<p>L'obligation de North Atlantic Imports LLC en vertu de cette garantie est limit\u00e9e au remplacement ou \u00e0 la r\u00e9paration gratuite de toute pi\u00e8ce qui s'av\u00e9rerait, \u00e0 la satisfaction de North Atlantic Imports LLC, d\u00e9fectueuse dans des conditions normales d'utilisation et d'entretien \u00e0 domicile, pendant les p\u00e9riodes suivantes \u00e0 compter de la date d'achat ; pendant un an \u00e0 compter de la date d'achat, toutes les pi\u00e8ces, la finition et la main-d'\u0153uvre. Si un d\u00e9faut de conformit\u00e9 \u00e0 la pr\u00e9sente garantie devient apparent pendant les p\u00e9riodes de garantie applicables susmentionn\u00e9es, l'acheteur initial doit aviser North Atlantic Imports LLC de la violation de la garantie au cours de la p\u00e9riode de garantie applicable.<\/p>\n<p>North Atlantic Imports LLC devra, apr\u00e8s notification et respect de ces instructions par l'acheteur d'origine, corriger cette non-conformit\u00e9 en r\u00e9parant ou en rempla\u00e7ant la ou les pi\u00e8ces d\u00e9fectueuses.<\/p>\n<p>La correction de la mani\u00e8re pr\u00e9vue ci-dessus constitue un accomplissement de toutes les obligations de North Atlantic Imports LLC en ce qui concerne la qualit\u00e9 du produit.<\/p>\n<p>North Atlantic Imports LLC ne garantit pas que cet \u00e9quipement r\u00e9pond aux exigences de tout code de s\u00e9curit\u00e9 de toute province, municipalit\u00e9 ou autre juridiction, et l'acheteur initial assume tous les risques et toutes les responsabilit\u00e9s r\u00e9sultant de l'utilisation de cet \u00e9quipement, qu'il soit utilis\u00e9 conform\u00e9ment aux instructions de North Atlantic Imports LLC ou autrement.<\/p>\n<p>Cette garantie ne couvre pas et vise \u00e0 exclure toute responsabilit\u00e9 de la part de North Atlantic, Kennedy Sales, de ses agents, de ses pr\u00e9pos\u00e9s ou de ses employ\u00e9s, que ce soit en vertu de cette garantie ou de mani\u00e8re implicite en vertu de la loi, pour tout dommage indirect ou cons\u00e9cutif \u00e0 la violation de toute garantie. L'acheteur doit \u00e9tablir toutes les p\u00e9riodes de garantie applicables en vertu de la pr\u00e9sente garantie en v\u00e9rifiant la date d'achat originale et en produisant le re\u00e7u de caisse dat\u00e9. Cette garantie ne s'applique pas \u00e0 ce produit ou \u00e0 toute autre partie de celui-ci qui a fait l'objet d'un accident, d'une n\u00e9gligence, d'une alt\u00e9ration, d'un abus ou d'une mauvaise utilisation ou qui a \u00e9t\u00e9 r\u00e9par\u00e9 ou modifi\u00e9 sans le consentement \u00e9crit de North Atlantic, en dehors de l'usine de North Atlantic Imports LLC.<\/p>\n<p>North Atlantic Imports LLC n'offre aucune garantie en ce qui concerne les accessoires ou les pi\u00e8ces qui ne sont pas fournis avec l'appareil. Cette garantie ne s'applique qu'\u00e0 l'int\u00e9rieur des fronti\u00e8res du Canada. Cette garantie donne \u00e0 l'acheteur d'origine des droits sp\u00e9cifiques, et l'acheteur d'origine peut \u00e9galement avoir d'autres droits.<\/p>\n<\/div><\/div><\/div><\/div><\/div>","protected":false},"excerpt":{"rendered":"","protected":false},"author":2279,"featured_media":0,"parent":0,"menu_order":0,"comment_status":"closed","ping_status":"closed","template":"","meta":{"footnotes":""},"class_list":["post-20904","page","type-page","status-publish","hentry"],"yoast_head":"<!-- This site is optimized with the Yoast SEO plugin v27.5 - https:\/\/yoast.com\/product\/yoast-seo-wordpress\/ -->\n<title>Warranty - Blackstone Griddles<\/title>\n<meta name=\"robots\" content=\"index, follow, max-snippet:-1, max-image-preview:large, max-video-preview:-1\" \/>\n<link rel=\"canonical\" href=\"https:\/\/blackstonegriddles.ca\/fr\/garantie\/\" \/>\n<meta property=\"og:locale\" content=\"fr_CA\" \/>\n<meta property=\"og:type\" content=\"article\" \/>\n<meta property=\"og:title\" content=\"Warranty - Blackstone Griddles\" \/>\n<meta property=\"og:url\" content=\"https:\/\/blackstonegriddles.ca\/fr\/garantie\/\" \/>\n<meta property=\"og:site_name\" content=\"Blackstone Griddles\" \/>\n<meta property=\"article:publisher\" content=\"https:\/\/www.facebook.com\/blackstoneproducts\/\" \/>\n<meta property=\"article:modified_time\" content=\"2023-10-24T15:37:02+00:00\" \/>\n<meta property=\"og:image\" content=\"https:\/\/blackstonegriddles.ca\/wp-content\/uploads\/2020\/10\/Blackstone_logo_Reverse.png\" \/>\n\t<meta property=\"og:image:width\" content=\"433\" \/>\n\t<meta property=\"og:image:height\" content=\"91\" \/>\n\t<meta property=\"og:image:type\" content=\"image\/png\" \/>\n<meta name=\"twitter:card\" content=\"summary_large_image\" \/>\n<meta name=\"twitter:site\" content=\"@weareblackstone\" \/>\n<meta name=\"twitter:label1\" content=\"Estimation du temps de lecture\" \/>\n\t<meta name=\"twitter:data1\" content=\"3 minutes\" \/>\n<script type=\"application\/ld+json\" class=\"yoast-schema-graph\">{\"@context\":\"https:\\\/\\\/schema.org\",\"@graph\":[{\"@type\":\"WebPage\",\"@id\":\"https:\\\/\\\/blackstonegriddles.ca\\\/warranty\\\/\",\"url\":\"https:\\\/\\\/blackstonegriddles.ca\\\/warranty\\\/\",\"name\":\"Warranty - Blackstone Griddles\",\"isPartOf\":{\"@id\":\"https:\\\/\\\/blackstonegriddles.ca\\\/#website\"},\"datePublished\":\"2021-02-18T19:14:12+00:00\",\"dateModified\":\"2023-10-24T15:37:02+00:00\",\"breadcrumb\":{\"@id\":\"https:\\\/\\\/blackstonegriddles.ca\\\/warranty\\\/#breadcrumb\"},\"inLanguage\":\"fr-CA\",\"potentialAction\":[{\"@type\":\"ReadAction\",\"target\":[\"https:\\\/\\\/blackstonegriddles.ca\\\/warranty\\\/\"]}]},{\"@type\":\"BreadcrumbList\",\"@id\":\"https:\\\/\\\/blackstonegriddles.ca\\\/warranty\\\/#breadcrumb\",\"itemListElement\":[{\"@type\":\"ListItem\",\"position\":1,\"name\":\"Home\",\"item\":\"https:\\\/\\\/blackstonegriddles.ca\\\/\"},{\"@type\":\"ListItem\",\"position\":2,\"name\":\"Warranty\"}]},{\"@type\":\"WebSite\",\"@id\":\"https:\\\/\\\/blackstonegriddles.ca\\\/#website\",\"url\":\"https:\\\/\\\/blackstonegriddles.ca\\\/\",\"name\":\"Blackstone Griddles Canada\",\"description\":\"Blackstone Griddles official licensed dealer Canada\",\"publisher\":{\"@id\":\"https:\\\/\\\/blackstonegriddles.ca\\\/#organization\"},\"potentialAction\":[{\"@type\":\"SearchAction\",\"target\":{\"@type\":\"EntryPoint\",\"urlTemplate\":\"https:\\\/\\\/blackstonegriddles.ca\\\/?s={search_term_string}\"},\"query-input\":{\"@type\":\"PropertyValueSpecification\",\"valueRequired\":true,\"valueName\":\"search_term_string\"}}],\"inLanguage\":\"fr-CA\"},{\"@type\":\"Organization\",\"@id\":\"https:\\\/\\\/blackstonegriddles.ca\\\/#organization\",\"name\":\"Blackstone Griddles Canada\",\"url\":\"https:\\\/\\\/blackstonegriddles.ca\\\/\",\"logo\":{\"@type\":\"ImageObject\",\"inLanguage\":\"fr-CA\",\"@id\":\"https:\\\/\\\/blackstonegriddles.ca\\\/#\\\/schema\\\/logo\\\/image\\\/\",\"url\":\"https:\\\/\\\/blackstonegriddles.ca\\\/wp-content\\\/uploads\\\/2025\\\/02\\\/blackstone-fire-logo.webp\",\"contentUrl\":\"https:\\\/\\\/blackstonegriddles.ca\\\/wp-content\\\/uploads\\\/2025\\\/02\\\/blackstone-fire-logo.webp\",\"width\":53,\"height\":58,\"caption\":\"Blackstone Griddles Canada\"},\"image\":{\"@id\":\"https:\\\/\\\/blackstonegriddles.ca\\\/#\\\/schema\\\/logo\\\/image\\\/\"},\"sameAs\":[\"https:\\\/\\\/www.facebook.com\\\/blackstoneproducts\\\/\",\"https:\\\/\\\/x.com\\\/weareblackstone\",\"https:\\\/\\\/www.instagram.com\\\/blackstoneproducts\\\/\",\"https:\\\/\\\/www.youtube.com\\\/channel\\\/UCr39rimir8y3p-q1iQYidVA\"]}]}<\/script>\n<!-- \/ Yoast SEO plugin. -->","yoast_head_json":{"title":"Garantie - Grils Blackstone","robots":{"index":"index","follow":"follow","max-snippet":"max-snippet:-1","max-image-preview":"max-image-preview:large","max-video-preview":"max-video-preview:-1"},"canonical":"https:\/\/blackstonegriddles.ca\/fr\/garantie\/","og_locale":"fr_CA","og_type":"article","og_title":"Warranty - Blackstone Griddles","og_url":"https:\/\/blackstonegriddles.ca\/fr\/garantie\/","og_site_name":"Blackstone Griddles","article_publisher":"https:\/\/www.facebook.com\/blackstoneproducts\/","article_modified_time":"2023-10-24T15:37:02+00:00","og_image":[{"width":433,"height":91,"url":"https:\/\/blackstonegriddles.ca\/wp-content\/uploads\/2020\/10\/Blackstone_logo_Reverse.png","type":"image\/png"}],"twitter_card":"summary_large_image","twitter_site":"@weareblackstone","twitter_misc":{"Estimation du temps de lecture":"3 minutes"},"schema":{"@context":"https:\/\/schema.org","@graph":[{"@type":"WebPage","@id":"https:\/\/blackstonegriddles.ca\/warranty\/","url":"https:\/\/blackstonegriddles.ca\/warranty\/","name":"Garantie - Grils Blackstone","isPartOf":{"@id":"https:\/\/blackstonegriddles.ca\/#website"},"datePublished":"2021-02-18T19:14:12+00:00","dateModified":"2023-10-24T15:37:02+00:00","breadcrumb":{"@id":"https:\/\/blackstonegriddles.ca\/warranty\/#breadcrumb"},"inLanguage":"fr-CA","potentialAction":[{"@type":"ReadAction","target":["https:\/\/blackstonegriddles.ca\/warranty\/"]}]},{"@type":"BreadcrumbList","@id":"https:\/\/blackstonegriddles.ca\/warranty\/#breadcrumb","itemListElement":[{"@type":"ListItem","position":1,"name":"Home","item":"https:\/\/blackstonegriddles.ca\/"},{"@type":"ListItem","position":2,"name":"Warranty"}]},{"@type":"WebSite","@id":"https:\/\/blackstonegriddles.ca\/#website","url":"https:\/\/blackstonegriddles.ca\/","name":"Grils Blackstone Canada","description":"Blackstone Griddles distributeur officiel agr\u00e9\u00e9 Canada","publisher":{"@id":"https:\/\/blackstonegriddles.ca\/#organization"},"potentialAction":[{"@type":"SearchAction","target":{"@type":"EntryPoint","urlTemplate":"https:\/\/blackstonegriddles.ca\/?s={search_term_string}"},"query-input":{"@type":"PropertyValueSpecification","valueRequired":true,"valueName":"search_term_string"}}],"inLanguage":"fr-CA"},{"@type":"Organization","@id":"https:\/\/blackstonegriddles.ca\/#organization","name":"Grils Blackstone Canada","url":"https:\/\/blackstonegriddles.ca\/","logo":{"@type":"ImageObject","inLanguage":"fr-CA","@id":"https:\/\/blackstonegriddles.ca\/#\/schema\/logo\/image\/","url":"https:\/\/blackstonegriddles.ca\/wp-content\/uploads\/2025\/02\/blackstone-fire-logo.webp","contentUrl":"https:\/\/blackstonegriddles.ca\/wp-content\/uploads\/2025\/02\/blackstone-fire-logo.webp","width":53,"height":58,"caption":"Blackstone Griddles Canada"},"image":{"@id":"https:\/\/blackstonegriddles.ca\/#\/schema\/logo\/image\/"},"sameAs":["https:\/\/www.facebook.com\/blackstoneproducts\/","https:\/\/x.com\/weareblackstone","https:\/\/www.instagram.com\/blackstoneproducts\/","https:\/\/www.youtube.com\/channel\/UCr39rimir8y3p-q1iQYidVA"]}]}},"_links":{"self":[{"href":"https:\/\/blackstonegriddles.ca\/fr\/wp-json\/wp\/v2\/pages\/20904","targetHints":{"allow":["GET"]}}],"collection":[{"href":"https:\/\/blackstonegriddles.ca\/fr\/wp-json\/wp\/v2\/pages"}],"about":[{"href":"https:\/\/blackstonegriddles.ca\/fr\/wp-json\/wp\/v2\/types\/page"}],"author":[{"embeddable":true,"href":"https:\/\/blackstonegriddles.ca\/fr\/wp-json\/wp\/v2\/users\/2279"}],"replies":[{"embeddable":true,"href":"https:\/\/blackstonegriddles.ca\/fr\/wp-json\/wp\/v2\/comments?post=20904"}],"version-history":[{"count":0,"href":"https:\/\/blackstonegriddles.ca\/fr\/wp-json\/wp\/v2\/pages\/20904\/revisions"}],"wp:attachment":[{"href":"https:\/\/blackstonegriddles.ca\/fr\/wp-json\/wp\/v2\/media?parent=20904"}],"curies":[{"name":"wp","href":"https:\/\/api.w.org\/{rel}","templated":true}]}}