{"id":20098,"date":"2020-10-28T17:22:58","date_gmt":"2020-10-28T17:22:58","guid":{"rendered":"http:\/\/blackstonegriddles.ca\/product\/import-placeholder-for-1517"},"modified":"2026-04-08T18:00:31","modified_gmt":"2026-04-08T18:00:31","slug":"28-station-de-cuisson-a-la-plancha","status":"publish","type":"product","link":"https:\/\/blackstonegriddles.ca\/fr\/product\/28-griddle-cooking-station\/","title":{"rendered":"Station de cuisson avec gril de 28 pouces"},"content":{"rendered":"<ul>\n<li>34 000 BTU de chaleur gr\u00e2ce \u00e0 deux br\u00fbleurs de type H<\/li>\n<li>Surface de cuisson de 448 pouces carr\u00e9s<\/li>\n<li>Plaque de cuisson en acier lamin\u00e9 \u00e0 froid de calibre 10<\/li>\n<li>2 commandes de chaleur r\u00e9glables avec allumeur int\u00e9gr\u00e9<\/li>\n<li>Syst\u00e8me de gestion de la graisse \u00e0 l'arri\u00e8re<\/li>\n<li>Ch\u00e2ssis en acier peint par poudrage avec roues pivotantes commerciales<\/li>\n<li>Fixations pour r\u00e9servoirs de propane<\/li>\n<li>1 (une) \u00e9tag\u00e8re lat\u00e9rale et 1 (un) plateau inf\u00e9rieur pour servir les repas et ranger le mat\u00e9riel<\/li>\n<\/ul>","protected":false},"excerpt":{"rendered":"<p>Le gril \u00e0 gaz Blackstone \u00e0 2 br\u00fbleurs de 28 po en noir classique est parfait pour les petites et grandes foules. Avec une surface assez grande pour contenir 44 hot-dogs, vous serez surpris par cette puissance de 34 000 BTU ! Construite avec des mat\u00e9riaux industriels pour une durabilit\u00e9 et une distribution optimale de la chaleur. Maintenant avec le syst\u00e8me de gestion des graisses \u00e0 l'arri\u00e8re pour une cuisson sans d\u00e9g\u00e2ts et un nettoyage facile. Cuisinez n'importe quoi, n'importe quand, n'importe o\u00f9 !<strong>Graisse arri\u00e8re\u00a0<\/strong><b>Gestion<\/b><\/p>","protected":false},"featured_media":20391,"template":"","meta":[],"product_brand":[],"product_cat":[157,154],"product_tag":[],"class_list":{"0":"post-20098","1":"product","2":"type-product","3":"status-publish","4":"has-post-thumbnail","6":"product_cat-157","7":"product_cat-griddles","8":"product_shipping_class-140","10":"first","11":"outofstock","12":"taxable","13":"shipping-taxable","14":"purchasable","15":"product-type-simple"},"yoast_head":"<!-- This site is optimized with the Yoast SEO plugin v27.4 - https:\/\/yoast.com\/product\/yoast-seo-wordpress\/ -->\n<title>28&#039;&#039; Griddle Cooking Station - Blackstone Griddles<\/title>\n<meta name=\"robots\" content=\"index, follow, max-snippet:-1, max-image-preview:large, max-video-preview:-1\" \/>\n<link rel=\"canonical\" href=\"https:\/\/blackstonegriddles.ca\/fr\/produit\/28-station-de-cuisson-a-la-plancha\/\" \/>\n<meta property=\"og:locale\" content=\"fr_CA\" \/>\n<meta property=\"og:type\" content=\"article\" \/>\n<meta property=\"og:title\" content=\"28&#039;&#039; Griddle Cooking Station - Blackstone Griddles\" \/>\n<meta property=\"og:description\" content=\"The Blackstone 2 Burner 28&#039;&#039; Gas Griddle in Classic Black is perfect for crowds big and small. With a surface big enough to fit 44 hot dogs, you\u2019ll be amazed by this 34,000 BTU powerhouse! Built with industrial materials for durability and optimal heat distribution. Now with the rear grease management system for no-mess cooking and easy cleanup. Cook anything, anytime, anywhere!Rear Grease\u00a0Management\" \/>\n<meta property=\"og:url\" content=\"https:\/\/blackstonegriddles.ca\/fr\/produit\/28-station-de-cuisson-a-la-plancha\/\" \/>\n<meta property=\"og:site_name\" content=\"Blackstone Griddles\" \/>\n<meta property=\"article:publisher\" content=\"https:\/\/www.facebook.com\/blackstoneproducts\/\" \/>\n<meta property=\"article:modified_time\" content=\"2026-04-08T18:00:31+00:00\" \/>\n<meta property=\"og:image\" content=\"https:\/\/blackstonegriddles.ca\/wp-content\/uploads\/2020\/10\/1517.jpg\" \/>\n\t<meta property=\"og:image:width\" content=\"800\" \/>\n\t<meta property=\"og:image:height\" content=\"640\" \/>\n\t<meta property=\"og:image:type\" content=\"image\/jpeg\" \/>\n<meta name=\"twitter:card\" content=\"summary_large_image\" \/>\n<meta name=\"twitter:site\" content=\"@weareblackstone\" \/>\n<meta name=\"twitter:label1\" content=\"Estimation du temps de lecture\" \/>\n\t<meta name=\"twitter:data1\" content=\"1 minute\" \/>\n<script type=\"application\/ld+json\" class=\"yoast-schema-graph\">{\"@context\":\"https:\\\/\\\/schema.org\",\"@graph\":[{\"@type\":\"WebPage\",\"@id\":\"https:\\\/\\\/blackstonegriddles.ca\\\/product\\\/28-griddle-cooking-station\\\/\",\"url\":\"https:\\\/\\\/blackstonegriddles.ca\\\/product\\\/28-griddle-cooking-station\\\/\",\"name\":\"28'' Griddle Cooking Station - Blackstone Griddles\",\"isPartOf\":{\"@id\":\"https:\\\/\\\/blackstonegriddles.ca\\\/#website\"},\"primaryImageOfPage\":{\"@id\":\"https:\\\/\\\/blackstonegriddles.ca\\\/product\\\/28-griddle-cooking-station\\\/#primaryimage\"},\"image\":{\"@id\":\"https:\\\/\\\/blackstonegriddles.ca\\\/product\\\/28-griddle-cooking-station\\\/#primaryimage\"},\"thumbnailUrl\":\"https:\\\/\\\/blackstonegriddles.ca\\\/wp-content\\\/uploads\\\/2020\\\/10\\\/1517.jpg\",\"datePublished\":\"2020-10-28T17:22:58+00:00\",\"dateModified\":\"2026-04-08T18:00:31+00:00\",\"breadcrumb\":{\"@id\":\"https:\\\/\\\/blackstonegriddles.ca\\\/product\\\/28-griddle-cooking-station\\\/#breadcrumb\"},\"inLanguage\":\"fr-CA\",\"potentialAction\":[{\"@type\":\"ReadAction\",\"target\":[\"https:\\\/\\\/blackstonegriddles.ca\\\/product\\\/28-griddle-cooking-station\\\/\"]}]},{\"@type\":\"ImageObject\",\"inLanguage\":\"fr-CA\",\"@id\":\"https:\\\/\\\/blackstonegriddles.ca\\\/product\\\/28-griddle-cooking-station\\\/#primaryimage\",\"url\":\"https:\\\/\\\/blackstonegriddles.ca\\\/wp-content\\\/uploads\\\/2020\\\/10\\\/1517.jpg\",\"contentUrl\":\"https:\\\/\\\/blackstonegriddles.ca\\\/wp-content\\\/uploads\\\/2020\\\/10\\\/1517.jpg\",\"width\":800,\"height\":640},{\"@type\":\"BreadcrumbList\",\"@id\":\"https:\\\/\\\/blackstonegriddles.ca\\\/product\\\/28-griddle-cooking-station\\\/#breadcrumb\",\"itemListElement\":[{\"@type\":\"ListItem\",\"position\":1,\"name\":\"Home\",\"item\":\"https:\\\/\\\/blackstonegriddles.ca\\\/\"},{\"@type\":\"ListItem\",\"position\":2,\"name\":\"Shop\",\"item\":\"https:\\\/\\\/blackstonegriddles.ca\\\/shop\\\/\"},{\"@type\":\"ListItem\",\"position\":3,\"name\":\"28&#8221; Griddle Cooking Station\"}]},{\"@type\":\"WebSite\",\"@id\":\"https:\\\/\\\/blackstonegriddles.ca\\\/#website\",\"url\":\"https:\\\/\\\/blackstonegriddles.ca\\\/\",\"name\":\"Blackstone Griddles Canada\",\"description\":\"Blackstone Griddles official licensed dealer Canada\",\"publisher\":{\"@id\":\"https:\\\/\\\/blackstonegriddles.ca\\\/#organization\"},\"potentialAction\":[{\"@type\":\"SearchAction\",\"target\":{\"@type\":\"EntryPoint\",\"urlTemplate\":\"https:\\\/\\\/blackstonegriddles.ca\\\/?s={search_term_string}\"},\"query-input\":{\"@type\":\"PropertyValueSpecification\",\"valueRequired\":true,\"valueName\":\"search_term_string\"}}],\"inLanguage\":\"fr-CA\"},{\"@type\":\"Organization\",\"@id\":\"https:\\\/\\\/blackstonegriddles.ca\\\/#organization\",\"name\":\"Blackstone Griddles Canada\",\"url\":\"https:\\\/\\\/blackstonegriddles.ca\\\/\",\"logo\":{\"@type\":\"ImageObject\",\"inLanguage\":\"fr-CA\",\"@id\":\"https:\\\/\\\/blackstonegriddles.ca\\\/#\\\/schema\\\/logo\\\/image\\\/\",\"url\":\"https:\\\/\\\/blackstonegriddles.ca\\\/wp-content\\\/uploads\\\/2025\\\/02\\\/blackstone-fire-logo.webp\",\"contentUrl\":\"https:\\\/\\\/blackstonegriddles.ca\\\/wp-content\\\/uploads\\\/2025\\\/02\\\/blackstone-fire-logo.webp\",\"width\":53,\"height\":58,\"caption\":\"Blackstone Griddles Canada\"},\"image\":{\"@id\":\"https:\\\/\\\/blackstonegriddles.ca\\\/#\\\/schema\\\/logo\\\/image\\\/\"},\"sameAs\":[\"https:\\\/\\\/www.facebook.com\\\/blackstoneproducts\\\/\",\"https:\\\/\\\/x.com\\\/weareblackstone\",\"https:\\\/\\\/www.instagram.com\\\/blackstoneproducts\\\/\",\"https:\\\/\\\/www.youtube.com\\\/channel\\\/UCr39rimir8y3p-q1iQYidVA\"]}]}<\/script>\n<!-- \/ Yoast SEO plugin. -->","yoast_head_json":{"title":"Station de cuisson pour gril 28'' - Blackstone Griddles","robots":{"index":"index","follow":"follow","max-snippet":"max-snippet:-1","max-image-preview":"max-image-preview:large","max-video-preview":"max-video-preview:-1"},"canonical":"https:\/\/blackstonegriddles.ca\/fr\/produit\/28-station-de-cuisson-a-la-plancha\/","og_locale":"fr_CA","og_type":"article","og_title":"28'' Griddle Cooking Station - Blackstone Griddles","og_description":"The Blackstone 2 Burner 28'' Gas Griddle in Classic Black is perfect for crowds big and small. With a surface big enough to fit 44 hot dogs, you\u2019ll be amazed by this 34,000 BTU powerhouse! Built with industrial materials for durability and optimal heat distribution. Now with the rear grease management system for no-mess cooking and easy cleanup. Cook anything, anytime, anywhere!Rear Grease\u00a0Management","og_url":"https:\/\/blackstonegriddles.ca\/fr\/produit\/28-station-de-cuisson-a-la-plancha\/","og_site_name":"Blackstone Griddles","article_publisher":"https:\/\/www.facebook.com\/blackstoneproducts\/","article_modified_time":"2026-04-08T18:00:31+00:00","og_image":[{"width":800,"height":640,"url":"https:\/\/blackstonegriddles.ca\/wp-content\/uploads\/2020\/10\/1517.jpg","type":"image\/jpeg"}],"twitter_card":"summary_large_image","twitter_site":"@weareblackstone","twitter_misc":{"Estimation du temps de lecture":"1 minute"},"schema":{"@context":"https:\/\/schema.org","@graph":[{"@type":"WebPage","@id":"https:\/\/blackstonegriddles.ca\/product\/28-griddle-cooking-station\/","url":"https:\/\/blackstonegriddles.ca\/product\/28-griddle-cooking-station\/","name":"Station de cuisson pour gril 28'' - Blackstone Griddles","isPartOf":{"@id":"https:\/\/blackstonegriddles.ca\/#website"},"primaryImageOfPage":{"@id":"https:\/\/blackstonegriddles.ca\/product\/28-griddle-cooking-station\/#primaryimage"},"image":{"@id":"https:\/\/blackstonegriddles.ca\/product\/28-griddle-cooking-station\/#primaryimage"},"thumbnailUrl":"https:\/\/blackstonegriddles.ca\/wp-content\/uploads\/2020\/10\/1517.jpg","datePublished":"2020-10-28T17:22:58+00:00","dateModified":"2026-04-08T18:00:31+00:00","breadcrumb":{"@id":"https:\/\/blackstonegriddles.ca\/product\/28-griddle-cooking-station\/#breadcrumb"},"inLanguage":"fr-CA","potentialAction":[{"@type":"ReadAction","target":["https:\/\/blackstonegriddles.ca\/product\/28-griddle-cooking-station\/"]}]},{"@type":"ImageObject","inLanguage":"fr-CA","@id":"https:\/\/blackstonegriddles.ca\/product\/28-griddle-cooking-station\/#primaryimage","url":"https:\/\/blackstonegriddles.ca\/wp-content\/uploads\/2020\/10\/1517.jpg","contentUrl":"https:\/\/blackstonegriddles.ca\/wp-content\/uploads\/2020\/10\/1517.jpg","width":800,"height":640},{"@type":"BreadcrumbList","@id":"https:\/\/blackstonegriddles.ca\/product\/28-griddle-cooking-station\/#breadcrumb","itemListElement":[{"@type":"ListItem","position":1,"name":"Home","item":"https:\/\/blackstonegriddles.ca\/"},{"@type":"ListItem","position":2,"name":"Shop","item":"https:\/\/blackstonegriddles.ca\/shop\/"},{"@type":"ListItem","position":3,"name":"28&#8221; Griddle Cooking Station"}]},{"@type":"WebSite","@id":"https:\/\/blackstonegriddles.ca\/#website","url":"https:\/\/blackstonegriddles.ca\/","name":"Grils Blackstone Canada","description":"Blackstone Griddles distributeur officiel agr\u00e9\u00e9 Canada","publisher":{"@id":"https:\/\/blackstonegriddles.ca\/#organization"},"potentialAction":[{"@type":"SearchAction","target":{"@type":"EntryPoint","urlTemplate":"https:\/\/blackstonegriddles.ca\/?s={search_term_string}"},"query-input":{"@type":"PropertyValueSpecification","valueRequired":true,"valueName":"search_term_string"}}],"inLanguage":"fr-CA"},{"@type":"Organization","@id":"https:\/\/blackstonegriddles.ca\/#organization","name":"Grils Blackstone Canada","url":"https:\/\/blackstonegriddles.ca\/","logo":{"@type":"ImageObject","inLanguage":"fr-CA","@id":"https:\/\/blackstonegriddles.ca\/#\/schema\/logo\/image\/","url":"https:\/\/blackstonegriddles.ca\/wp-content\/uploads\/2025\/02\/blackstone-fire-logo.webp","contentUrl":"https:\/\/blackstonegriddles.ca\/wp-content\/uploads\/2025\/02\/blackstone-fire-logo.webp","width":53,"height":58,"caption":"Blackstone Griddles Canada"},"image":{"@id":"https:\/\/blackstonegriddles.ca\/#\/schema\/logo\/image\/"},"sameAs":["https:\/\/www.facebook.com\/blackstoneproducts\/","https:\/\/x.com\/weareblackstone","https:\/\/www.instagram.com\/blackstoneproducts\/","https:\/\/www.youtube.com\/channel\/UCr39rimir8y3p-q1iQYidVA"]}]}},"_links":{"self":[{"href":"https:\/\/blackstonegriddles.ca\/fr\/wp-json\/wp\/v2\/product\/20098","targetHints":{"allow":["GET"]}}],"collection":[{"href":"https:\/\/blackstonegriddles.ca\/fr\/wp-json\/wp\/v2\/product"}],"about":[{"href":"https:\/\/blackstonegriddles.ca\/fr\/wp-json\/wp\/v2\/types\/product"}],"wp:featuredmedia":[{"embeddable":true,"href":"https:\/\/blackstonegriddles.ca\/fr\/wp-json\/wp\/v2\/media\/20391"}],"wp:attachment":[{"href":"https:\/\/blackstonegriddles.ca\/fr\/wp-json\/wp\/v2\/media?parent=20098"}],"wp:term":[{"taxonomy":"product_brand","embeddable":true,"href":"https:\/\/blackstonegriddles.ca\/fr\/wp-json\/wp\/v2\/product_brand?post=20098"},{"taxonomy":"product_cat","embeddable":true,"href":"https:\/\/blackstonegriddles.ca\/fr\/wp-json\/wp\/v2\/product_cat?post=20098"},{"taxonomy":"product_tag","embeddable":true,"href":"https:\/\/blackstonegriddles.ca\/fr\/wp-json\/wp\/v2\/product_tag?post=20098"}],"curies":[{"name":"wp","href":"https:\/\/api.w.org\/{rel}","templated":true}]}}