{"id":20102,"date":"2020-10-28T17:22:59","date_gmt":"2020-10-28T17:22:59","guid":{"rendered":"http:\/\/blackstonegriddles.ca\/product\/import-placeholder-for-1666"},"modified":"2026-04-24T15:01:35","modified_gmt":"2026-04-24T15:01:35","slug":"plancha-22-avec-plaque-frontale-en-acier-inoxydable","status":"publish","type":"product","link":"https:\/\/blackstonegriddles.ca\/fr\/product\/22-tabletop-griddle-with-stainless-steel-front-plate\/","title":{"rendered":"PLANCHA DE TABLE 22\" (ACIER INOXYDABLE)"},"content":{"rendered":"<ul>\n<li>24 000 BTU de chaleur gr\u00e2ce \u00e0 deux br\u00fbleurs de type H<\/li>\n<li>Surface de cuisson r\u00e9sistante de 339 pouces carr\u00e9s<\/li>\n<li>Plaque de cuisson en acier lamin\u00e9 \u00e0 froid<\/li>\n<li>2 commandes de chaleur r\u00e9glables avec allumeurs int\u00e9gr\u00e9s<\/li>\n<li>Syst\u00e8me int\u00e9gr\u00e9 de gestion des graisses<\/li>\n<li>Pieds en caoutchouc r\u00e9glables en hauteur pour une meilleure stabilit\u00e9 sur les surfaces irr\u00e9guli\u00e8res<\/li>\n<li>Utilise une bouteille de propane de 1 lb (non incluse) ou une bouteille de propane de 20 lb avec l'ajout de l'unit\u00e9 de commande. <a href=\"http:\/\/blackstoneproduct.ca\/product\/bulk-tank-adapter-hose\/\">Accessoire pour adaptateur de tuyau de r\u00e9servoir en vrac<\/a> (non inclus)<\/li>\n<li>Type de carburant : Propane<\/li>\n<\/ul>\n<p><em>Remarque : la plaque de cuisson doit \u00eatre pr\u00e9-assaisonn\u00e9e avant la premi\u00e8re utilisation. Veuillez suivre les instructions du manuel de l'utilisateur pour le pr\u00e9-assaisonnement de votre plancha.<\/em><\/p>","protected":false},"excerpt":{"rendered":"<p>Le gril de table \u00e0 2 br\u00fbleurs au gaz 22\" de Blackstone peut \u00eatre emport\u00e9 partout \u00e0 l'ext\u00e9rieur pour des repas copieux et polyvalents. \u00c9quip\u00e9e de deux zones de chaleur ind\u00e9pendantes, la plaque de 330 pouces carr\u00e9s est enti\u00e8rement contr\u00f4lable pour une cuisson simultan\u00e9e \u00e0 basse et haute temp\u00e9rature. Les deux br\u00fbleurs en \"H\" assurent une distribution uniforme de la chaleur pour une cuisson optimale sur toute la surface de la plaque. Stable sur n'importe quelle surface, des collines herbeuses aux terrains boueux, vous pouvez manger de d\u00e9licieux hamburgers, hot-dogs, steaks, \u0153ufs et bien plus encore ! Pas de stress - facile \u00e0 nettoyer et pour toute la famille.<\/p>","protected":false},"featured_media":32470,"template":"","meta":[],"product_brand":[],"product_cat":[156,248,154,249],"product_tag":[],"class_list":{"0":"post-20102","1":"product","2":"type-product","3":"status-publish","4":"has-post-thumbnail","6":"product_cat-156","7":"product_cat-sale-featured","8":"product_cat-griddles","9":"product_cat-sale","10":"product_shipping_class-22-griddles","12":"first","13":"instock","14":"sale","15":"taxable","16":"shipping-taxable","17":"purchasable","18":"product-type-simple"},"yoast_head":"<!-- This site is optimized with the Yoast SEO plugin v27.4 - https:\/\/yoast.com\/product\/yoast-seo-wordpress\/ -->\n<title>22&#039;&#039; TABLETOP GRIDDLE (STAINLESS STEEL) - Blackstone Griddles<\/title>\n<meta name=\"robots\" content=\"index, follow, max-snippet:-1, max-image-preview:large, max-video-preview:-1\" \/>\n<link rel=\"canonical\" href=\"https:\/\/blackstonegriddles.ca\/fr\/produit\/plancha-22-avec-plaque-frontale-en-acier-inoxydable\/\" \/>\n<meta property=\"og:locale\" content=\"fr_CA\" \/>\n<meta property=\"og:type\" content=\"article\" \/>\n<meta property=\"og:title\" content=\"22&#039;&#039; TABLETOP GRIDDLE (STAINLESS STEEL) - Blackstone Griddles\" \/>\n<meta property=\"og:description\" content=\"Take the Blackstone 22&#039;&#039; Gas Tabletop 2 Burner Griddle anywhere outdoors for big and versatile meals. Equipped with two independently controlled heat zones. You\u2019ll have full control of the 330 sq. inch plate for simultaneous low and high heat cooking.The two &quot;H&quot; style burners provide even heat distribution for optimal cooking across the whole griddle. Stable on any surface from grassy hills to muddy terrain, so you can eat up delicious burgers, hot dogs, steaks, eggs, and more! No stress - easy to clean and feeds the whole family.\" \/>\n<meta property=\"og:url\" content=\"https:\/\/blackstonegriddles.ca\/fr\/produit\/plancha-22-avec-plaque-frontale-en-acier-inoxydable\/\" \/>\n<meta property=\"og:site_name\" content=\"Blackstone Griddles\" \/>\n<meta property=\"article:publisher\" content=\"https:\/\/www.facebook.com\/blackstoneproducts\/\" \/>\n<meta property=\"article:modified_time\" content=\"2026-04-24T15:01:35+00:00\" \/>\n<meta property=\"og:image\" content=\"https:\/\/blackstonegriddles.ca\/wp-content\/uploads\/2020\/10\/1666.png\" \/>\n\t<meta property=\"og:image:width\" content=\"788\" \/>\n\t<meta property=\"og:image:height\" content=\"402\" \/>\n\t<meta property=\"og:image:type\" content=\"image\/png\" \/>\n<meta name=\"twitter:card\" content=\"summary_large_image\" \/>\n<meta name=\"twitter:site\" content=\"@weareblackstone\" \/>\n<meta name=\"twitter:label1\" content=\"Estimation du temps de lecture\" \/>\n\t<meta name=\"twitter:data1\" content=\"1 minute\" \/>\n<script type=\"application\/ld+json\" class=\"yoast-schema-graph\">{\"@context\":\"https:\\\/\\\/schema.org\",\"@graph\":[{\"@type\":\"WebPage\",\"@id\":\"https:\\\/\\\/blackstonegriddles.ca\\\/product\\\/22-tabletop-griddle-with-stainless-steel-front-plate\\\/\",\"url\":\"https:\\\/\\\/blackstonegriddles.ca\\\/product\\\/22-tabletop-griddle-with-stainless-steel-front-plate\\\/\",\"name\":\"22'' TABLETOP GRIDDLE (STAINLESS STEEL) - Blackstone Griddles\",\"isPartOf\":{\"@id\":\"https:\\\/\\\/blackstonegriddles.ca\\\/#website\"},\"primaryImageOfPage\":{\"@id\":\"https:\\\/\\\/blackstonegriddles.ca\\\/product\\\/22-tabletop-griddle-with-stainless-steel-front-plate\\\/#primaryimage\"},\"image\":{\"@id\":\"https:\\\/\\\/blackstonegriddles.ca\\\/product\\\/22-tabletop-griddle-with-stainless-steel-front-plate\\\/#primaryimage\"},\"thumbnailUrl\":\"https:\\\/\\\/blackstonegriddles.ca\\\/wp-content\\\/uploads\\\/2020\\\/10\\\/1666.png\",\"datePublished\":\"2020-10-28T17:22:59+00:00\",\"dateModified\":\"2026-04-24T15:01:35+00:00\",\"breadcrumb\":{\"@id\":\"https:\\\/\\\/blackstonegriddles.ca\\\/product\\\/22-tabletop-griddle-with-stainless-steel-front-plate\\\/#breadcrumb\"},\"inLanguage\":\"fr-CA\",\"potentialAction\":[{\"@type\":\"ReadAction\",\"target\":[\"https:\\\/\\\/blackstonegriddles.ca\\\/product\\\/22-tabletop-griddle-with-stainless-steel-front-plate\\\/\"]}]},{\"@type\":\"ImageObject\",\"inLanguage\":\"fr-CA\",\"@id\":\"https:\\\/\\\/blackstonegriddles.ca\\\/product\\\/22-tabletop-griddle-with-stainless-steel-front-plate\\\/#primaryimage\",\"url\":\"https:\\\/\\\/blackstonegriddles.ca\\\/wp-content\\\/uploads\\\/2020\\\/10\\\/1666.png\",\"contentUrl\":\"https:\\\/\\\/blackstonegriddles.ca\\\/wp-content\\\/uploads\\\/2020\\\/10\\\/1666.png\",\"width\":788,\"height\":402,\"caption\":\"Table top griddle\"},{\"@type\":\"BreadcrumbList\",\"@id\":\"https:\\\/\\\/blackstonegriddles.ca\\\/product\\\/22-tabletop-griddle-with-stainless-steel-front-plate\\\/#breadcrumb\",\"itemListElement\":[{\"@type\":\"ListItem\",\"position\":1,\"name\":\"Home\",\"item\":\"https:\\\/\\\/blackstonegriddles.ca\\\/\"},{\"@type\":\"ListItem\",\"position\":2,\"name\":\"Shop\",\"item\":\"https:\\\/\\\/blackstonegriddles.ca\\\/shop\\\/\"},{\"@type\":\"ListItem\",\"position\":3,\"name\":\"22&#8221; TABLETOP GRIDDLE (STAINLESS STEEL)\"}]},{\"@type\":\"WebSite\",\"@id\":\"https:\\\/\\\/blackstonegriddles.ca\\\/#website\",\"url\":\"https:\\\/\\\/blackstonegriddles.ca\\\/\",\"name\":\"Blackstone Griddles Canada\",\"description\":\"Blackstone Griddles official licensed dealer Canada\",\"publisher\":{\"@id\":\"https:\\\/\\\/blackstonegriddles.ca\\\/#organization\"},\"potentialAction\":[{\"@type\":\"SearchAction\",\"target\":{\"@type\":\"EntryPoint\",\"urlTemplate\":\"https:\\\/\\\/blackstonegriddles.ca\\\/?s={search_term_string}\"},\"query-input\":{\"@type\":\"PropertyValueSpecification\",\"valueRequired\":true,\"valueName\":\"search_term_string\"}}],\"inLanguage\":\"fr-CA\"},{\"@type\":\"Organization\",\"@id\":\"https:\\\/\\\/blackstonegriddles.ca\\\/#organization\",\"name\":\"Blackstone Griddles Canada\",\"url\":\"https:\\\/\\\/blackstonegriddles.ca\\\/\",\"logo\":{\"@type\":\"ImageObject\",\"inLanguage\":\"fr-CA\",\"@id\":\"https:\\\/\\\/blackstonegriddles.ca\\\/#\\\/schema\\\/logo\\\/image\\\/\",\"url\":\"https:\\\/\\\/blackstonegriddles.ca\\\/wp-content\\\/uploads\\\/2025\\\/02\\\/blackstone-fire-logo.webp\",\"contentUrl\":\"https:\\\/\\\/blackstonegriddles.ca\\\/wp-content\\\/uploads\\\/2025\\\/02\\\/blackstone-fire-logo.webp\",\"width\":53,\"height\":58,\"caption\":\"Blackstone Griddles Canada\"},\"image\":{\"@id\":\"https:\\\/\\\/blackstonegriddles.ca\\\/#\\\/schema\\\/logo\\\/image\\\/\"},\"sameAs\":[\"https:\\\/\\\/www.facebook.com\\\/blackstoneproducts\\\/\",\"https:\\\/\\\/x.com\\\/weareblackstone\",\"https:\\\/\\\/www.instagram.com\\\/blackstoneproducts\\\/\",\"https:\\\/\\\/www.youtube.com\\\/channel\\\/UCr39rimir8y3p-q1iQYidVA\"]}]}<\/script>\n<!-- \/ Yoast SEO plugin. -->","yoast_head_json":{"title":"GRILLE DE TABLE 22'' (ACIER INOXYDABLE) - Blackstone Griddles","robots":{"index":"index","follow":"follow","max-snippet":"max-snippet:-1","max-image-preview":"max-image-preview:large","max-video-preview":"max-video-preview:-1"},"canonical":"https:\/\/blackstonegriddles.ca\/fr\/produit\/plancha-22-avec-plaque-frontale-en-acier-inoxydable\/","og_locale":"fr_CA","og_type":"article","og_title":"22'' TABLETOP GRIDDLE (STAINLESS STEEL) - Blackstone Griddles","og_description":"Take the Blackstone 22'' Gas Tabletop 2 Burner Griddle anywhere outdoors for big and versatile meals. Equipped with two independently controlled heat zones. You\u2019ll have full control of the 330 sq. inch plate for simultaneous low and high heat cooking.The two \"H\" style burners provide even heat distribution for optimal cooking across the whole griddle. Stable on any surface from grassy hills to muddy terrain, so you can eat up delicious burgers, hot dogs, steaks, eggs, and more! No stress - easy to clean and feeds the whole family.","og_url":"https:\/\/blackstonegriddles.ca\/fr\/produit\/plancha-22-avec-plaque-frontale-en-acier-inoxydable\/","og_site_name":"Blackstone Griddles","article_publisher":"https:\/\/www.facebook.com\/blackstoneproducts\/","article_modified_time":"2026-04-24T15:01:35+00:00","og_image":[{"width":788,"height":402,"url":"https:\/\/blackstonegriddles.ca\/wp-content\/uploads\/2020\/10\/1666.png","type":"image\/png"}],"twitter_card":"summary_large_image","twitter_site":"@weareblackstone","twitter_misc":{"Estimation du temps de lecture":"1 minute"},"schema":{"@context":"https:\/\/schema.org","@graph":[{"@type":"WebPage","@id":"https:\/\/blackstonegriddles.ca\/product\/22-tabletop-griddle-with-stainless-steel-front-plate\/","url":"https:\/\/blackstonegriddles.ca\/product\/22-tabletop-griddle-with-stainless-steel-front-plate\/","name":"GRILLE DE TABLE 22'' (ACIER INOXYDABLE) - Blackstone Griddles","isPartOf":{"@id":"https:\/\/blackstonegriddles.ca\/#website"},"primaryImageOfPage":{"@id":"https:\/\/blackstonegriddles.ca\/product\/22-tabletop-griddle-with-stainless-steel-front-plate\/#primaryimage"},"image":{"@id":"https:\/\/blackstonegriddles.ca\/product\/22-tabletop-griddle-with-stainless-steel-front-plate\/#primaryimage"},"thumbnailUrl":"https:\/\/blackstonegriddles.ca\/wp-content\/uploads\/2020\/10\/1666.png","datePublished":"2020-10-28T17:22:59+00:00","dateModified":"2026-04-24T15:01:35+00:00","breadcrumb":{"@id":"https:\/\/blackstonegriddles.ca\/product\/22-tabletop-griddle-with-stainless-steel-front-plate\/#breadcrumb"},"inLanguage":"fr-CA","potentialAction":[{"@type":"ReadAction","target":["https:\/\/blackstonegriddles.ca\/product\/22-tabletop-griddle-with-stainless-steel-front-plate\/"]}]},{"@type":"ImageObject","inLanguage":"fr-CA","@id":"https:\/\/blackstonegriddles.ca\/product\/22-tabletop-griddle-with-stainless-steel-front-plate\/#primaryimage","url":"https:\/\/blackstonegriddles.ca\/wp-content\/uploads\/2020\/10\/1666.png","contentUrl":"https:\/\/blackstonegriddles.ca\/wp-content\/uploads\/2020\/10\/1666.png","width":788,"height":402,"caption":"Table top griddle"},{"@type":"BreadcrumbList","@id":"https:\/\/blackstonegriddles.ca\/product\/22-tabletop-griddle-with-stainless-steel-front-plate\/#breadcrumb","itemListElement":[{"@type":"ListItem","position":1,"name":"Home","item":"https:\/\/blackstonegriddles.ca\/"},{"@type":"ListItem","position":2,"name":"Shop","item":"https:\/\/blackstonegriddles.ca\/shop\/"},{"@type":"ListItem","position":3,"name":"22&#8221; TABLETOP GRIDDLE (STAINLESS STEEL)"}]},{"@type":"WebSite","@id":"https:\/\/blackstonegriddles.ca\/#website","url":"https:\/\/blackstonegriddles.ca\/","name":"Grils Blackstone Canada","description":"Blackstone Griddles distributeur officiel agr\u00e9\u00e9 Canada","publisher":{"@id":"https:\/\/blackstonegriddles.ca\/#organization"},"potentialAction":[{"@type":"SearchAction","target":{"@type":"EntryPoint","urlTemplate":"https:\/\/blackstonegriddles.ca\/?s={search_term_string}"},"query-input":{"@type":"PropertyValueSpecification","valueRequired":true,"valueName":"search_term_string"}}],"inLanguage":"fr-CA"},{"@type":"Organization","@id":"https:\/\/blackstonegriddles.ca\/#organization","name":"Grils Blackstone Canada","url":"https:\/\/blackstonegriddles.ca\/","logo":{"@type":"ImageObject","inLanguage":"fr-CA","@id":"https:\/\/blackstonegriddles.ca\/#\/schema\/logo\/image\/","url":"https:\/\/blackstonegriddles.ca\/wp-content\/uploads\/2025\/02\/blackstone-fire-logo.webp","contentUrl":"https:\/\/blackstonegriddles.ca\/wp-content\/uploads\/2025\/02\/blackstone-fire-logo.webp","width":53,"height":58,"caption":"Blackstone Griddles Canada"},"image":{"@id":"https:\/\/blackstonegriddles.ca\/#\/schema\/logo\/image\/"},"sameAs":["https:\/\/www.facebook.com\/blackstoneproducts\/","https:\/\/x.com\/weareblackstone","https:\/\/www.instagram.com\/blackstoneproducts\/","https:\/\/www.youtube.com\/channel\/UCr39rimir8y3p-q1iQYidVA"]}]}},"_links":{"self":[{"href":"https:\/\/blackstonegriddles.ca\/fr\/wp-json\/wp\/v2\/product\/20102","targetHints":{"allow":["GET"]}}],"collection":[{"href":"https:\/\/blackstonegriddles.ca\/fr\/wp-json\/wp\/v2\/product"}],"about":[{"href":"https:\/\/blackstonegriddles.ca\/fr\/wp-json\/wp\/v2\/types\/product"}],"wp:featuredmedia":[{"embeddable":true,"href":"https:\/\/blackstonegriddles.ca\/fr\/wp-json\/wp\/v2\/media\/32470"}],"wp:attachment":[{"href":"https:\/\/blackstonegriddles.ca\/fr\/wp-json\/wp\/v2\/media?parent=20102"}],"wp:term":[{"taxonomy":"product_brand","embeddable":true,"href":"https:\/\/blackstonegriddles.ca\/fr\/wp-json\/wp\/v2\/product_brand?post=20102"},{"taxonomy":"product_cat","embeddable":true,"href":"https:\/\/blackstonegriddles.ca\/fr\/wp-json\/wp\/v2\/product_cat?post=20102"},{"taxonomy":"product_tag","embeddable":true,"href":"https:\/\/blackstonegriddles.ca\/fr\/wp-json\/wp\/v2\/product_tag?post=20102"}],"curies":[{"name":"wp","href":"https:\/\/api.w.org\/{rel}","templated":true}]}}