{"id":20104,"date":"2020-10-28T17:23:00","date_gmt":"2020-10-28T17:23:00","guid":{"rendered":"http:\/\/blackstonegriddles.ca\/product\/import-placeholder-for-1722"},"modified":"2026-04-06T12:36:41","modified_gmt":"2026-04-06T12:36:41","slug":"22-housse-de-gril-de-table-sac-de-transport","status":"publish","type":"product","link":"https:\/\/blackstonegriddles.ca\/fr\/product\/22-tabletop-griddle-cover-carry-bag-set\/","title":{"rendered":"Couvercle de gril de table - Souple"},"content":{"rendered":"<ul>\n<li>Con\u00e7ue pour s'adapter \u00e0 la plaque de gril de table 22\u2033.<\/li>\n<li>Fabriqu\u00e9 en polyester 600 D tr\u00e8s r\u00e9sistant avec coutures renforc\u00e9es<\/li>\n<li>R\u00e9sistant aux intemp\u00e9ries pour une protection contre les conditions extr\u00eames<\/li>\n<li>Sangles de serrage pour un ajustement s\u00fbr<\/li>\n<\/ul>\n<p>NOTE : NON COMPATIBLE AVEC LA HOTTE DE LA PLAQUE DE CUISSON 22\u2033.<\/p>","protected":false},"excerpt":{"rendered":"<p>Cet ensemble de 2 pi\u00e8ces comprend une housse et un sac de transport s\u00e9par\u00e9 pour votre gril 22\u2033 Blackstone. Prot\u00e9gez votre 22\u2033 Tabletop Griddle des conditions m\u00e9t\u00e9orologiques extr\u00eames avec le polyester 600 D r\u00e9sistant aux intemp\u00e9ries. Vous pouvez facilement et en toute s\u00e9curit\u00e9 transporter votre 22\u2033 vers votre lieu de camping pr\u00e9f\u00e9r\u00e9, et tout autre \u00e9v\u00e9nement de cuisine en plein air avec ce sac de transport durable. Vous pouvez facilement transporter votre 22\u2033 en toute s\u00e9curit\u00e9 vers votre lieu de camping pr\u00e9f\u00e9r\u00e9 ou tout autre \u00e9v\u00e9nement de cuisine en plein air gr\u00e2ce \u00e0 ce sac de transport durable.<strong>NOTE : NON COMPATIBLE AVEC LA HOTTE DE LA PLAQUE DE CUISSON 22\u2033.<\/strong>\u00a0<\/p>","protected":false},"featured_media":20364,"template":"","meta":[],"product_brand":[],"product_cat":[156,137],"product_tag":[],"class_list":{"0":"post-20104","1":"product","2":"type-product","3":"status-publish","4":"has-post-thumbnail","6":"product_cat-156","7":"product_cat-covers-and-carry-bags","8":"product_shipping_class-accessories","10":"first","11":"outofstock","12":"taxable","13":"shipping-taxable","14":"purchasable","15":"product-type-simple"},"yoast_head":"<!-- This site is optimized with the Yoast SEO plugin v27.3 - https:\/\/yoast.com\/product\/yoast-seo-wordpress\/ -->\n<title>Tabletop Griddle Cover - Soft - Blackstone Griddles<\/title>\n<meta name=\"robots\" content=\"index, follow, max-snippet:-1, max-image-preview:large, max-video-preview:-1\" \/>\n<link rel=\"canonical\" href=\"https:\/\/blackstonegriddles.ca\/fr\/produit\/22-housse-de-gril-de-table-sac-de-transport\/\" \/>\n<meta property=\"og:locale\" content=\"fr_CA\" \/>\n<meta property=\"og:type\" content=\"article\" \/>\n<meta property=\"og:title\" content=\"Tabletop Griddle Cover - Soft - Blackstone Griddles\" \/>\n<meta property=\"og:description\" content=\"This 2-piece set includes a cover and a separate carry bag your for your Blackstone 22&quot; Griddle. Protect your 22&quot; Tabletop Griddle from extreme weather conditions with weather resistant 600 D polyester.You can easily and safely transport your 22&quot; to your favorite camping spot, and any other outdoor cooking event with this durable carry bag. Cinch the straps for a tight fit, and you&#039;ll be ready to make new memories with this custom fit 22&quot; Cover &amp; Carry Bag.NOTE: NON-COMPATIBLE WITH THE 22&quot; GRIDDLE HOOD\u00a0\" \/>\n<meta property=\"og:url\" content=\"https:\/\/blackstonegriddles.ca\/fr\/produit\/22-housse-de-gril-de-table-sac-de-transport\/\" \/>\n<meta property=\"og:site_name\" content=\"Blackstone Griddles\" \/>\n<meta property=\"article:publisher\" content=\"https:\/\/www.facebook.com\/blackstoneproducts\/\" \/>\n<meta property=\"article:modified_time\" content=\"2026-04-06T12:36:41+00:00\" \/>\n<meta property=\"og:image\" content=\"https:\/\/blackstonegriddles.ca\/wp-content\/uploads\/2020\/10\/1722-1.jpg\" \/>\n\t<meta property=\"og:image:width\" content=\"800\" \/>\n\t<meta property=\"og:image:height\" content=\"640\" \/>\n\t<meta property=\"og:image:type\" content=\"image\/jpeg\" \/>\n<meta name=\"twitter:card\" content=\"summary_large_image\" \/>\n<meta name=\"twitter:site\" content=\"@weareblackstone\" \/>\n<meta name=\"twitter:label1\" content=\"Estimation du temps de lecture\" \/>\n\t<meta name=\"twitter:data1\" content=\"1 minute\" \/>\n<script type=\"application\/ld+json\" class=\"yoast-schema-graph\">{\"@context\":\"https:\\\/\\\/schema.org\",\"@graph\":[{\"@type\":\"WebPage\",\"@id\":\"https:\\\/\\\/blackstonegriddles.ca\\\/product\\\/22-tabletop-griddle-cover-carry-bag-set\\\/\",\"url\":\"https:\\\/\\\/blackstonegriddles.ca\\\/product\\\/22-tabletop-griddle-cover-carry-bag-set\\\/\",\"name\":\"Tabletop Griddle Cover - Soft - Blackstone Griddles\",\"isPartOf\":{\"@id\":\"https:\\\/\\\/blackstonegriddles.ca\\\/#website\"},\"primaryImageOfPage\":{\"@id\":\"https:\\\/\\\/blackstonegriddles.ca\\\/product\\\/22-tabletop-griddle-cover-carry-bag-set\\\/#primaryimage\"},\"image\":{\"@id\":\"https:\\\/\\\/blackstonegriddles.ca\\\/product\\\/22-tabletop-griddle-cover-carry-bag-set\\\/#primaryimage\"},\"thumbnailUrl\":\"https:\\\/\\\/blackstonegriddles.ca\\\/wp-content\\\/uploads\\\/2020\\\/10\\\/1722-1.jpg\",\"datePublished\":\"2020-10-28T17:23:00+00:00\",\"dateModified\":\"2026-04-06T12:36:41+00:00\",\"breadcrumb\":{\"@id\":\"https:\\\/\\\/blackstonegriddles.ca\\\/product\\\/22-tabletop-griddle-cover-carry-bag-set\\\/#breadcrumb\"},\"inLanguage\":\"fr-CA\",\"potentialAction\":[{\"@type\":\"ReadAction\",\"target\":[\"https:\\\/\\\/blackstonegriddles.ca\\\/product\\\/22-tabletop-griddle-cover-carry-bag-set\\\/\"]}]},{\"@type\":\"ImageObject\",\"inLanguage\":\"fr-CA\",\"@id\":\"https:\\\/\\\/blackstonegriddles.ca\\\/product\\\/22-tabletop-griddle-cover-carry-bag-set\\\/#primaryimage\",\"url\":\"https:\\\/\\\/blackstonegriddles.ca\\\/wp-content\\\/uploads\\\/2020\\\/10\\\/1722-1.jpg\",\"contentUrl\":\"https:\\\/\\\/blackstonegriddles.ca\\\/wp-content\\\/uploads\\\/2020\\\/10\\\/1722-1.jpg\",\"width\":800,\"height\":640},{\"@type\":\"BreadcrumbList\",\"@id\":\"https:\\\/\\\/blackstonegriddles.ca\\\/product\\\/22-tabletop-griddle-cover-carry-bag-set\\\/#breadcrumb\",\"itemListElement\":[{\"@type\":\"ListItem\",\"position\":1,\"name\":\"Home\",\"item\":\"https:\\\/\\\/blackstonegriddles.ca\\\/\"},{\"@type\":\"ListItem\",\"position\":2,\"name\":\"Shop\",\"item\":\"https:\\\/\\\/blackstonegriddles.ca\\\/shop\\\/\"},{\"@type\":\"ListItem\",\"position\":3,\"name\":\"Tabletop Griddle Cover &#8211; Soft\"}]},{\"@type\":\"WebSite\",\"@id\":\"https:\\\/\\\/blackstonegriddles.ca\\\/#website\",\"url\":\"https:\\\/\\\/blackstonegriddles.ca\\\/\",\"name\":\"Blackstone Griddles Canada\",\"description\":\"Blackstone Griddles official licensed dealer Canada\",\"publisher\":{\"@id\":\"https:\\\/\\\/blackstonegriddles.ca\\\/#organization\"},\"potentialAction\":[{\"@type\":\"SearchAction\",\"target\":{\"@type\":\"EntryPoint\",\"urlTemplate\":\"https:\\\/\\\/blackstonegriddles.ca\\\/?s={search_term_string}\"},\"query-input\":{\"@type\":\"PropertyValueSpecification\",\"valueRequired\":true,\"valueName\":\"search_term_string\"}}],\"inLanguage\":\"fr-CA\"},{\"@type\":\"Organization\",\"@id\":\"https:\\\/\\\/blackstonegriddles.ca\\\/#organization\",\"name\":\"Blackstone Griddles Canada\",\"url\":\"https:\\\/\\\/blackstonegriddles.ca\\\/\",\"logo\":{\"@type\":\"ImageObject\",\"inLanguage\":\"fr-CA\",\"@id\":\"https:\\\/\\\/blackstonegriddles.ca\\\/#\\\/schema\\\/logo\\\/image\\\/\",\"url\":\"https:\\\/\\\/blackstonegriddles.ca\\\/wp-content\\\/uploads\\\/2025\\\/02\\\/blackstone-fire-logo.webp\",\"contentUrl\":\"https:\\\/\\\/blackstonegriddles.ca\\\/wp-content\\\/uploads\\\/2025\\\/02\\\/blackstone-fire-logo.webp\",\"width\":53,\"height\":58,\"caption\":\"Blackstone Griddles Canada\"},\"image\":{\"@id\":\"https:\\\/\\\/blackstonegriddles.ca\\\/#\\\/schema\\\/logo\\\/image\\\/\"},\"sameAs\":[\"https:\\\/\\\/www.facebook.com\\\/blackstoneproducts\\\/\",\"https:\\\/\\\/x.com\\\/weareblackstone\",\"https:\\\/\\\/www.instagram.com\\\/blackstoneproducts\\\/\",\"https:\\\/\\\/www.youtube.com\\\/channel\\\/UCr39rimir8y3p-q1iQYidVA\"]}]}<\/script>\n<!-- \/ Yoast SEO plugin. -->","yoast_head_json":{"title":"Couvercle de gril de table - doux - Blackstone Griddles","robots":{"index":"index","follow":"follow","max-snippet":"max-snippet:-1","max-image-preview":"max-image-preview:large","max-video-preview":"max-video-preview:-1"},"canonical":"https:\/\/blackstonegriddles.ca\/fr\/produit\/22-housse-de-gril-de-table-sac-de-transport\/","og_locale":"fr_CA","og_type":"article","og_title":"Tabletop Griddle Cover - Soft - Blackstone Griddles","og_description":"This 2-piece set includes a cover and a separate carry bag your for your Blackstone 22\" Griddle. Protect your 22\" Tabletop Griddle from extreme weather conditions with weather resistant 600 D polyester.You can easily and safely transport your 22\" to your favorite camping spot, and any other outdoor cooking event with this durable carry bag. Cinch the straps for a tight fit, and you'll be ready to make new memories with this custom fit 22\" Cover &amp; Carry Bag.NOTE: NON-COMPATIBLE WITH THE 22\" GRIDDLE HOOD\u00a0","og_url":"https:\/\/blackstonegriddles.ca\/fr\/produit\/22-housse-de-gril-de-table-sac-de-transport\/","og_site_name":"Blackstone Griddles","article_publisher":"https:\/\/www.facebook.com\/blackstoneproducts\/","article_modified_time":"2026-04-06T12:36:41+00:00","og_image":[{"width":800,"height":640,"url":"https:\/\/blackstonegriddles.ca\/wp-content\/uploads\/2020\/10\/1722-1.jpg","type":"image\/jpeg"}],"twitter_card":"summary_large_image","twitter_site":"@weareblackstone","twitter_misc":{"Estimation du temps de lecture":"1 minute"},"schema":{"@context":"https:\/\/schema.org","@graph":[{"@type":"WebPage","@id":"https:\/\/blackstonegriddles.ca\/product\/22-tabletop-griddle-cover-carry-bag-set\/","url":"https:\/\/blackstonegriddles.ca\/product\/22-tabletop-griddle-cover-carry-bag-set\/","name":"Couvercle de gril de table - doux - Blackstone Griddles","isPartOf":{"@id":"https:\/\/blackstonegriddles.ca\/#website"},"primaryImageOfPage":{"@id":"https:\/\/blackstonegriddles.ca\/product\/22-tabletop-griddle-cover-carry-bag-set\/#primaryimage"},"image":{"@id":"https:\/\/blackstonegriddles.ca\/product\/22-tabletop-griddle-cover-carry-bag-set\/#primaryimage"},"thumbnailUrl":"https:\/\/blackstonegriddles.ca\/wp-content\/uploads\/2020\/10\/1722-1.jpg","datePublished":"2020-10-28T17:23:00+00:00","dateModified":"2026-04-06T12:36:41+00:00","breadcrumb":{"@id":"https:\/\/blackstonegriddles.ca\/product\/22-tabletop-griddle-cover-carry-bag-set\/#breadcrumb"},"inLanguage":"fr-CA","potentialAction":[{"@type":"ReadAction","target":["https:\/\/blackstonegriddles.ca\/product\/22-tabletop-griddle-cover-carry-bag-set\/"]}]},{"@type":"ImageObject","inLanguage":"fr-CA","@id":"https:\/\/blackstonegriddles.ca\/product\/22-tabletop-griddle-cover-carry-bag-set\/#primaryimage","url":"https:\/\/blackstonegriddles.ca\/wp-content\/uploads\/2020\/10\/1722-1.jpg","contentUrl":"https:\/\/blackstonegriddles.ca\/wp-content\/uploads\/2020\/10\/1722-1.jpg","width":800,"height":640},{"@type":"BreadcrumbList","@id":"https:\/\/blackstonegriddles.ca\/product\/22-tabletop-griddle-cover-carry-bag-set\/#breadcrumb","itemListElement":[{"@type":"ListItem","position":1,"name":"Home","item":"https:\/\/blackstonegriddles.ca\/"},{"@type":"ListItem","position":2,"name":"Shop","item":"https:\/\/blackstonegriddles.ca\/shop\/"},{"@type":"ListItem","position":3,"name":"Tabletop Griddle Cover &#8211; Soft"}]},{"@type":"WebSite","@id":"https:\/\/blackstonegriddles.ca\/#website","url":"https:\/\/blackstonegriddles.ca\/","name":"Grils Blackstone Canada","description":"Blackstone Griddles distributeur officiel agr\u00e9\u00e9 Canada","publisher":{"@id":"https:\/\/blackstonegriddles.ca\/#organization"},"potentialAction":[{"@type":"SearchAction","target":{"@type":"EntryPoint","urlTemplate":"https:\/\/blackstonegriddles.ca\/?s={search_term_string}"},"query-input":{"@type":"PropertyValueSpecification","valueRequired":true,"valueName":"search_term_string"}}],"inLanguage":"fr-CA"},{"@type":"Organization","@id":"https:\/\/blackstonegriddles.ca\/#organization","name":"Grils Blackstone Canada","url":"https:\/\/blackstonegriddles.ca\/","logo":{"@type":"ImageObject","inLanguage":"fr-CA","@id":"https:\/\/blackstonegriddles.ca\/#\/schema\/logo\/image\/","url":"https:\/\/blackstonegriddles.ca\/wp-content\/uploads\/2025\/02\/blackstone-fire-logo.webp","contentUrl":"https:\/\/blackstonegriddles.ca\/wp-content\/uploads\/2025\/02\/blackstone-fire-logo.webp","width":53,"height":58,"caption":"Blackstone Griddles Canada"},"image":{"@id":"https:\/\/blackstonegriddles.ca\/#\/schema\/logo\/image\/"},"sameAs":["https:\/\/www.facebook.com\/blackstoneproducts\/","https:\/\/x.com\/weareblackstone","https:\/\/www.instagram.com\/blackstoneproducts\/","https:\/\/www.youtube.com\/channel\/UCr39rimir8y3p-q1iQYidVA"]}]}},"_links":{"self":[{"href":"https:\/\/blackstonegriddles.ca\/fr\/wp-json\/wp\/v2\/product\/20104","targetHints":{"allow":["GET"]}}],"collection":[{"href":"https:\/\/blackstonegriddles.ca\/fr\/wp-json\/wp\/v2\/product"}],"about":[{"href":"https:\/\/blackstonegriddles.ca\/fr\/wp-json\/wp\/v2\/types\/product"}],"wp:featuredmedia":[{"embeddable":true,"href":"https:\/\/blackstonegriddles.ca\/fr\/wp-json\/wp\/v2\/media\/20364"}],"wp:attachment":[{"href":"https:\/\/blackstonegriddles.ca\/fr\/wp-json\/wp\/v2\/media?parent=20104"}],"wp:term":[{"taxonomy":"product_brand","embeddable":true,"href":"https:\/\/blackstonegriddles.ca\/fr\/wp-json\/wp\/v2\/product_brand?post=20104"},{"taxonomy":"product_cat","embeddable":true,"href":"https:\/\/blackstonegriddles.ca\/fr\/wp-json\/wp\/v2\/product_cat?post=20104"},{"taxonomy":"product_tag","embeddable":true,"href":"https:\/\/blackstonegriddles.ca\/fr\/wp-json\/wp\/v2\/product_tag?post=20104"}],"curies":[{"name":"wp","href":"https:\/\/api.w.org\/{rel}","templated":true}]}}