{"id":20107,"date":"2020-10-28T17:23:01","date_gmt":"2020-10-28T17:23:01","guid":{"rendered":"http:\/\/blackstonegriddles.ca\/product\/import-placeholder-for-1543"},"modified":"2026-04-09T15:30:36","modified_gmt":"2026-04-09T15:30:36","slug":"kit-petit-dejeuner","status":"publish","type":"product","link":"https:\/\/blackstonegriddles.ca\/fr\/product\/breakfast-kit\/","title":{"rendered":"Kit petit-d\u00e9jeuner"},"content":{"rendered":"<p><strong>DISTRIBUTEUR DE CR\u00caPES :<\/strong><\/p>\n<ul>\n<li>Grande capacit\u00e9 de 4 tasses<\/li>\n<li>Affichage de la mesure sur un cylindre<\/li>\n<li>Facile \u00e0 utiliser<\/li>\n<li>Nettoyage facile<\/li>\n<li>Peut \u00eatre utilis\u00e9 avec diff\u00e9rents types de piles<\/li>\n<\/ul>\n<p><strong>PRESSE \u00c0 BACON :<\/strong><\/p>\n<ul>\n<li>1\/4\u2033H x 8 1\/2\u2033W x 4 1\/4\u2033D<\/li>\n<li>Poign\u00e9e en bois massif<\/li>\n<li>Mat\u00e9riau en fonte pr\u00e9-assaisonn\u00e9<\/li>\n<li>Fond stri\u00e9 pour une excellente cuisson<\/li>\n<li>Peut \u00eatre utilis\u00e9 comme presse \u00e0 panini pour des sandwichs parfaitement grill\u00e9s.<\/li>\n<li>Lavable \u00e0 la main<\/li>\n<\/ul>\n<p><strong>DES ANNEAUX D'\u0152UFS ET DE CR\u00caPES :<\/strong><\/p>\n<ul>\n<li>Deux anneaux de 4\u2033 de diam\u00e8tre<\/li>\n<li>Acier aux propri\u00e9t\u00e9s antiadh\u00e9sives<\/li>\n<li>Poign\u00e9e en bois<\/li>\n<li>Id\u00e9al pour pr\u00e9parer des \u0153ufs et de petites cr\u00eapes<\/li>\n<li>Lavable \u00e0 la main<\/li>\n<\/ul>","protected":false},"excerpt":{"rendered":"<p>Le kit petit-d\u00e9jeuner Blackstone est le moyen le plus pratique de pr\u00e9parer le petit-d\u00e9jeuner sur la plaque de cuisson. Ce kit permet d'\u00e9conomiser du temps, de la vaisselle et du nettoyage et vous donne l'impression d'\u00eatre un pro de la pr\u00e9paration du petit-d\u00e9jeuner ! Le distributeur de p\u00e2te Blackstone peut contenir jusqu'\u00e0 4 tasses de p\u00e2te et est facile \u00e0 utiliser pour des cr\u00eapes parfaites \u00e0 chaque fois. La presse \u00e0 bacon Blackstone est fabriqu\u00e9e en fonte pr\u00e9-assaisonn\u00e9e, ce qui permet un chauffage et une r\u00e9tention uniformes, \u00e9liminant les points chauds. Excellent pour faire des sandwichs grill\u00e9s sur la plaque de cuisson. Anneaux \u00e0 \u0153ufs de 4\u2033 de diam\u00e8tre pour faire des \u0153ufs et des cr\u00eapes. Ils sont munis d'une poign\u00e9e en bois qui se plie pour faciliter la prise et le rangement. Jeu de 2.<\/p>","protected":false},"featured_media":20360,"template":"","meta":[],"product_brand":[],"product_cat":[138,262],"product_tag":[],"class_list":{"0":"post-20107","1":"product","2":"type-product","3":"status-publish","4":"has-post-thumbnail","6":"product_cat-accessories","7":"product_cat-tool-kits","8":"product_shipping_class-accessories","10":"first","11":"instock","12":"sale","13":"taxable","14":"shipping-taxable","15":"purchasable","16":"product-type-simple"},"yoast_head":"<!-- This site is optimized with the Yoast SEO plugin v27.3 - https:\/\/yoast.com\/product\/yoast-seo-wordpress\/ -->\n<title>Breakfast Kit - Blackstone Griddles<\/title>\n<meta name=\"robots\" content=\"index, follow, max-snippet:-1, max-image-preview:large, max-video-preview:-1\" \/>\n<link rel=\"canonical\" href=\"https:\/\/blackstonegriddles.ca\/fr\/produit\/kit-petit-dejeuner\/\" \/>\n<meta property=\"og:locale\" content=\"fr_CA\" \/>\n<meta property=\"og:type\" content=\"article\" \/>\n<meta property=\"og:title\" content=\"Breakfast Kit - Blackstone Griddles\" \/>\n<meta property=\"og:description\" content=\"The Blackstone Breakfast Kit is the most convenient way to do breakfast on the griddle. This kit saves time, dishes and clean up and helps makes you look like a pro at making breakfast! The Blackstone batter dispenser holds up to 4 cups of batter and is easy to use for perfect pancakes every time. Can be used for making pancakes, cupcakes, muffins, etc.The Blackstone bacon press is made of pre-seasoned cast iron which provides even heating as well as retention , eliminating hot spots. Excellent for making grilled sandwiches on the griddle as well. 4\u2033 diameter egg rings for making eggs and pancakes. These have a wooden knob handle that fold for easy pick up and storage. Set of 2.\" \/>\n<meta property=\"og:url\" content=\"https:\/\/blackstonegriddles.ca\/fr\/produit\/kit-petit-dejeuner\/\" \/>\n<meta property=\"og:site_name\" content=\"Blackstone Griddles\" \/>\n<meta property=\"article:publisher\" content=\"https:\/\/www.facebook.com\/blackstoneproducts\/\" \/>\n<meta property=\"article:modified_time\" content=\"2026-04-09T15:30:36+00:00\" \/>\n<meta property=\"og:image\" content=\"https:\/\/blackstonegriddles.ca\/wp-content\/uploads\/2020\/10\/1543.jpg\" \/>\n\t<meta property=\"og:image:width\" content=\"922\" \/>\n\t<meta property=\"og:image:height\" content=\"562\" \/>\n\t<meta property=\"og:image:type\" content=\"image\/jpeg\" \/>\n<meta name=\"twitter:card\" content=\"summary_large_image\" \/>\n<meta name=\"twitter:site\" content=\"@weareblackstone\" \/>\n<meta name=\"twitter:label1\" content=\"Estimation du temps de lecture\" \/>\n\t<meta name=\"twitter:data1\" content=\"1 minute\" \/>\n<script type=\"application\/ld+json\" class=\"yoast-schema-graph\">{\"@context\":\"https:\\\/\\\/schema.org\",\"@graph\":[{\"@type\":\"WebPage\",\"@id\":\"https:\\\/\\\/blackstonegriddles.ca\\\/product\\\/breakfast-kit\\\/\",\"url\":\"https:\\\/\\\/blackstonegriddles.ca\\\/product\\\/breakfast-kit\\\/\",\"name\":\"Breakfast Kit - Blackstone Griddles\",\"isPartOf\":{\"@id\":\"https:\\\/\\\/blackstonegriddles.ca\\\/#website\"},\"primaryImageOfPage\":{\"@id\":\"https:\\\/\\\/blackstonegriddles.ca\\\/product\\\/breakfast-kit\\\/#primaryimage\"},\"image\":{\"@id\":\"https:\\\/\\\/blackstonegriddles.ca\\\/product\\\/breakfast-kit\\\/#primaryimage\"},\"thumbnailUrl\":\"https:\\\/\\\/blackstonegriddles.ca\\\/wp-content\\\/uploads\\\/2020\\\/10\\\/1543.jpg\",\"datePublished\":\"2020-10-28T17:23:01+00:00\",\"dateModified\":\"2026-04-09T15:30:36+00:00\",\"breadcrumb\":{\"@id\":\"https:\\\/\\\/blackstonegriddles.ca\\\/product\\\/breakfast-kit\\\/#breadcrumb\"},\"inLanguage\":\"fr-CA\",\"potentialAction\":[{\"@type\":\"ReadAction\",\"target\":[\"https:\\\/\\\/blackstonegriddles.ca\\\/product\\\/breakfast-kit\\\/\"]}]},{\"@type\":\"ImageObject\",\"inLanguage\":\"fr-CA\",\"@id\":\"https:\\\/\\\/blackstonegriddles.ca\\\/product\\\/breakfast-kit\\\/#primaryimage\",\"url\":\"https:\\\/\\\/blackstonegriddles.ca\\\/wp-content\\\/uploads\\\/2020\\\/10\\\/1543.jpg\",\"contentUrl\":\"https:\\\/\\\/blackstonegriddles.ca\\\/wp-content\\\/uploads\\\/2020\\\/10\\\/1543.jpg\",\"width\":922,\"height\":562},{\"@type\":\"BreadcrumbList\",\"@id\":\"https:\\\/\\\/blackstonegriddles.ca\\\/product\\\/breakfast-kit\\\/#breadcrumb\",\"itemListElement\":[{\"@type\":\"ListItem\",\"position\":1,\"name\":\"Home\",\"item\":\"https:\\\/\\\/blackstonegriddles.ca\\\/\"},{\"@type\":\"ListItem\",\"position\":2,\"name\":\"Shop\",\"item\":\"https:\\\/\\\/blackstonegriddles.ca\\\/shop\\\/\"},{\"@type\":\"ListItem\",\"position\":3,\"name\":\"Breakfast Kit\"}]},{\"@type\":\"WebSite\",\"@id\":\"https:\\\/\\\/blackstonegriddles.ca\\\/#website\",\"url\":\"https:\\\/\\\/blackstonegriddles.ca\\\/\",\"name\":\"Blackstone Griddles Canada\",\"description\":\"Blackstone Griddles official licensed dealer Canada\",\"publisher\":{\"@id\":\"https:\\\/\\\/blackstonegriddles.ca\\\/#organization\"},\"potentialAction\":[{\"@type\":\"SearchAction\",\"target\":{\"@type\":\"EntryPoint\",\"urlTemplate\":\"https:\\\/\\\/blackstonegriddles.ca\\\/?s={search_term_string}\"},\"query-input\":{\"@type\":\"PropertyValueSpecification\",\"valueRequired\":true,\"valueName\":\"search_term_string\"}}],\"inLanguage\":\"fr-CA\"},{\"@type\":\"Organization\",\"@id\":\"https:\\\/\\\/blackstonegriddles.ca\\\/#organization\",\"name\":\"Blackstone Griddles Canada\",\"url\":\"https:\\\/\\\/blackstonegriddles.ca\\\/\",\"logo\":{\"@type\":\"ImageObject\",\"inLanguage\":\"fr-CA\",\"@id\":\"https:\\\/\\\/blackstonegriddles.ca\\\/#\\\/schema\\\/logo\\\/image\\\/\",\"url\":\"https:\\\/\\\/blackstonegriddles.ca\\\/wp-content\\\/uploads\\\/2025\\\/02\\\/blackstone-fire-logo.webp\",\"contentUrl\":\"https:\\\/\\\/blackstonegriddles.ca\\\/wp-content\\\/uploads\\\/2025\\\/02\\\/blackstone-fire-logo.webp\",\"width\":53,\"height\":58,\"caption\":\"Blackstone Griddles Canada\"},\"image\":{\"@id\":\"https:\\\/\\\/blackstonegriddles.ca\\\/#\\\/schema\\\/logo\\\/image\\\/\"},\"sameAs\":[\"https:\\\/\\\/www.facebook.com\\\/blackstoneproducts\\\/\",\"https:\\\/\\\/x.com\\\/weareblackstone\",\"https:\\\/\\\/www.instagram.com\\\/blackstoneproducts\\\/\",\"https:\\\/\\\/www.youtube.com\\\/channel\\\/UCr39rimir8y3p-q1iQYidVA\"]}]}<\/script>\n<!-- \/ Yoast SEO plugin. -->","yoast_head_json":{"title":"Kit petit-d\u00e9jeuner - Blackstone Griddles","robots":{"index":"index","follow":"follow","max-snippet":"max-snippet:-1","max-image-preview":"max-image-preview:large","max-video-preview":"max-video-preview:-1"},"canonical":"https:\/\/blackstonegriddles.ca\/fr\/produit\/kit-petit-dejeuner\/","og_locale":"fr_CA","og_type":"article","og_title":"Breakfast Kit - Blackstone Griddles","og_description":"The Blackstone Breakfast Kit is the most convenient way to do breakfast on the griddle. This kit saves time, dishes and clean up and helps makes you look like a pro at making breakfast! The Blackstone batter dispenser holds up to 4 cups of batter and is easy to use for perfect pancakes every time. Can be used for making pancakes, cupcakes, muffins, etc.The Blackstone bacon press is made of pre-seasoned cast iron which provides even heating as well as retention , eliminating hot spots. Excellent for making grilled sandwiches on the griddle as well. 4\u2033 diameter egg rings for making eggs and pancakes. These have a wooden knob handle that fold for easy pick up and storage. Set of 2.","og_url":"https:\/\/blackstonegriddles.ca\/fr\/produit\/kit-petit-dejeuner\/","og_site_name":"Blackstone Griddles","article_publisher":"https:\/\/www.facebook.com\/blackstoneproducts\/","article_modified_time":"2026-04-09T15:30:36+00:00","og_image":[{"width":922,"height":562,"url":"https:\/\/blackstonegriddles.ca\/wp-content\/uploads\/2020\/10\/1543.jpg","type":"image\/jpeg"}],"twitter_card":"summary_large_image","twitter_site":"@weareblackstone","twitter_misc":{"Estimation du temps de lecture":"1 minute"},"schema":{"@context":"https:\/\/schema.org","@graph":[{"@type":"WebPage","@id":"https:\/\/blackstonegriddles.ca\/product\/breakfast-kit\/","url":"https:\/\/blackstonegriddles.ca\/product\/breakfast-kit\/","name":"Kit petit-d\u00e9jeuner - Blackstone Griddles","isPartOf":{"@id":"https:\/\/blackstonegriddles.ca\/#website"},"primaryImageOfPage":{"@id":"https:\/\/blackstonegriddles.ca\/product\/breakfast-kit\/#primaryimage"},"image":{"@id":"https:\/\/blackstonegriddles.ca\/product\/breakfast-kit\/#primaryimage"},"thumbnailUrl":"https:\/\/blackstonegriddles.ca\/wp-content\/uploads\/2020\/10\/1543.jpg","datePublished":"2020-10-28T17:23:01+00:00","dateModified":"2026-04-09T15:30:36+00:00","breadcrumb":{"@id":"https:\/\/blackstonegriddles.ca\/product\/breakfast-kit\/#breadcrumb"},"inLanguage":"fr-CA","potentialAction":[{"@type":"ReadAction","target":["https:\/\/blackstonegriddles.ca\/product\/breakfast-kit\/"]}]},{"@type":"ImageObject","inLanguage":"fr-CA","@id":"https:\/\/blackstonegriddles.ca\/product\/breakfast-kit\/#primaryimage","url":"https:\/\/blackstonegriddles.ca\/wp-content\/uploads\/2020\/10\/1543.jpg","contentUrl":"https:\/\/blackstonegriddles.ca\/wp-content\/uploads\/2020\/10\/1543.jpg","width":922,"height":562},{"@type":"BreadcrumbList","@id":"https:\/\/blackstonegriddles.ca\/product\/breakfast-kit\/#breadcrumb","itemListElement":[{"@type":"ListItem","position":1,"name":"Home","item":"https:\/\/blackstonegriddles.ca\/"},{"@type":"ListItem","position":2,"name":"Shop","item":"https:\/\/blackstonegriddles.ca\/shop\/"},{"@type":"ListItem","position":3,"name":"Breakfast Kit"}]},{"@type":"WebSite","@id":"https:\/\/blackstonegriddles.ca\/#website","url":"https:\/\/blackstonegriddles.ca\/","name":"Grils Blackstone Canada","description":"Blackstone Griddles distributeur officiel agr\u00e9\u00e9 Canada","publisher":{"@id":"https:\/\/blackstonegriddles.ca\/#organization"},"potentialAction":[{"@type":"SearchAction","target":{"@type":"EntryPoint","urlTemplate":"https:\/\/blackstonegriddles.ca\/?s={search_term_string}"},"query-input":{"@type":"PropertyValueSpecification","valueRequired":true,"valueName":"search_term_string"}}],"inLanguage":"fr-CA"},{"@type":"Organization","@id":"https:\/\/blackstonegriddles.ca\/#organization","name":"Grils Blackstone Canada","url":"https:\/\/blackstonegriddles.ca\/","logo":{"@type":"ImageObject","inLanguage":"fr-CA","@id":"https:\/\/blackstonegriddles.ca\/#\/schema\/logo\/image\/","url":"https:\/\/blackstonegriddles.ca\/wp-content\/uploads\/2025\/02\/blackstone-fire-logo.webp","contentUrl":"https:\/\/blackstonegriddles.ca\/wp-content\/uploads\/2025\/02\/blackstone-fire-logo.webp","width":53,"height":58,"caption":"Blackstone Griddles Canada"},"image":{"@id":"https:\/\/blackstonegriddles.ca\/#\/schema\/logo\/image\/"},"sameAs":["https:\/\/www.facebook.com\/blackstoneproducts\/","https:\/\/x.com\/weareblackstone","https:\/\/www.instagram.com\/blackstoneproducts\/","https:\/\/www.youtube.com\/channel\/UCr39rimir8y3p-q1iQYidVA"]}]}},"_links":{"self":[{"href":"https:\/\/blackstonegriddles.ca\/fr\/wp-json\/wp\/v2\/product\/20107","targetHints":{"allow":["GET"]}}],"collection":[{"href":"https:\/\/blackstonegriddles.ca\/fr\/wp-json\/wp\/v2\/product"}],"about":[{"href":"https:\/\/blackstonegriddles.ca\/fr\/wp-json\/wp\/v2\/types\/product"}],"wp:featuredmedia":[{"embeddable":true,"href":"https:\/\/blackstonegriddles.ca\/fr\/wp-json\/wp\/v2\/media\/20360"}],"wp:attachment":[{"href":"https:\/\/blackstonegriddles.ca\/fr\/wp-json\/wp\/v2\/media?parent=20107"}],"wp:term":[{"taxonomy":"product_brand","embeddable":true,"href":"https:\/\/blackstonegriddles.ca\/fr\/wp-json\/wp\/v2\/product_brand?post=20107"},{"taxonomy":"product_cat","embeddable":true,"href":"https:\/\/blackstonegriddles.ca\/fr\/wp-json\/wp\/v2\/product_cat?post=20107"},{"taxonomy":"product_tag","embeddable":true,"href":"https:\/\/blackstonegriddles.ca\/fr\/wp-json\/wp\/v2\/product_tag?post=20107"}],"curies":[{"name":"wp","href":"https:\/\/api.w.org\/{rel}","templated":true}]}}