{"id":20113,"date":"2020-10-28T17:23:04","date_gmt":"2020-10-28T17:23:04","guid":{"rendered":"http:\/\/blackstonegriddles.ca\/product\/import-placeholder-for-5016"},"modified":"2026-04-06T12:42:51","modified_gmt":"2026-04-06T12:42:51","slug":"28-protections-contre-le-vent-de-la-plaque-de-cuisson","status":"publish","type":"product","link":"https:\/\/blackstonegriddles.ca\/fr\/product\/28-griddle-wind-guards\/","title":{"rendered":"28\u2033 Grille de protection contre le vent"},"content":{"rendered":"<ul>\n<li class=\"m_-5968140864542663174m_-8281681968308768618gmail-MsoListParagraphCxSpFirst\">Facile \u00e0 utiliser<\/li>\n<li class=\"m_-5968140864542663174m_-8281681968308768618gmail-MsoListParagraphCxSpMiddle\">Facile \u00e0 nettoyer<\/li>\n<li class=\"m_-5968140864542663174m_-8281681968308768618gmail-MsoListParagraphCxSpMiddle\">Aide \u00e0 d\u00e9vier le vent de la chambre de combustion<\/li>\n<li class=\"m_-5968140864542663174m_-8281681968308768618gmail-MsoListParagraphCxSpMiddle\">Fonctionne avec le gril Blackstone \u00e0 graissage avant et arri\u00e8re<\/li>\n<li class=\"m_-5968140864542663174m_-8281681968308768618gmail-MsoListParagraphCxSpMiddle\">Quatre (4) pi\u00e8ces (deux {2} pi\u00e8ces lat\u00e9rales courtes, deux {2} pi\u00e8ces dorsales longues).<\/li>\n<li class=\"m_-5968140864542663174m_-8281681968308768618gmail-MsoListParagraphCxSpMiddle\">Pi\u00e8ces longues 14,25x 3x .43<\/li>\n<li class=\"m_-5968140864542663174m_-8281681968308768618gmail-MsoListParagraphCxSpLast\">Pi\u00e8ces courtes 12,8x 3x .43<\/li>\n<\/ul>","protected":false},"excerpt":{"rendered":"<p>Les pare-vent Blackstone aident \u00e0 d\u00e9vier les effets g\u00eanants du vent sur la plaque de cuisson. Les vents forts peuvent devenir un d\u00e9fi lors de la cuisson \u00e0 la plancha, car ils peuvent faire baisser la temp\u00e9rature ou \u00e9teindre les flammes pendant que vous cuisinez. Mais avec les Wind Guards, vous pouvez faire griller vos aliments avec plus de contr\u00f4le sans vous soucier des conditions m\u00e9t\u00e9orologiques. Il suffit d'accrocher les pare-vent sur le bord de la plaque et d'utiliser la plaque comme vous le feriez normalement.<\/p>","protected":false},"featured_media":20337,"template":"","meta":[],"product_brand":[],"product_cat":[138,265],"product_tag":[],"class_list":{"0":"post-20113","1":"product","2":"type-product","3":"status-publish","4":"has-post-thumbnail","6":"product_cat-accessories","7":"product_cat-essential-extras","8":"product_shipping_class-accessories","10":"first","11":"instock","12":"taxable","13":"shipping-taxable","14":"purchasable","15":"product-type-simple"},"yoast_head":"<!-- This site is optimized with the Yoast SEO plugin v27.4 - https:\/\/yoast.com\/product\/yoast-seo-wordpress\/ -->\n<title>28&quot; Griddle Wind Guards - Blackstone Griddles<\/title>\n<meta name=\"robots\" content=\"index, follow, max-snippet:-1, max-image-preview:large, max-video-preview:-1\" \/>\n<link rel=\"canonical\" href=\"https:\/\/blackstonegriddles.ca\/fr\/produit\/28-protections-contre-le-vent-de-la-plaque-de-cuisson\/\" \/>\n<meta property=\"og:locale\" content=\"fr_CA\" \/>\n<meta property=\"og:type\" content=\"article\" \/>\n<meta property=\"og:title\" content=\"28&quot; Griddle Wind Guards - Blackstone Griddles\" \/>\n<meta property=\"og:description\" content=\"The Blackstone Wind Guards help to deflect the annoying effects of wind on the griddle. Strong winds can become a challenge when griddling as it can decrease the temperature or extinguish the flames while you are cooking. But with the Wind Guards, you can griddle with more control without worry of the weather. Simply hook the Wing Guards over the edge of the griddle top use the griddle as you normally would.\" \/>\n<meta property=\"og:url\" content=\"https:\/\/blackstonegriddles.ca\/fr\/produit\/28-protections-contre-le-vent-de-la-plaque-de-cuisson\/\" \/>\n<meta property=\"og:site_name\" content=\"Blackstone Griddles\" \/>\n<meta property=\"article:publisher\" content=\"https:\/\/www.facebook.com\/blackstoneproducts\/\" \/>\n<meta property=\"article:modified_time\" content=\"2026-04-06T12:42:51+00:00\" \/>\n<meta property=\"og:image\" content=\"https:\/\/blackstonegriddles.ca\/wp-content\/uploads\/2020\/10\/5016.jpg\" \/>\n\t<meta property=\"og:image:width\" content=\"1500\" \/>\n\t<meta property=\"og:image:height\" content=\"1242\" \/>\n\t<meta property=\"og:image:type\" content=\"image\/jpeg\" \/>\n<meta name=\"twitter:card\" content=\"summary_large_image\" \/>\n<meta name=\"twitter:site\" content=\"@weareblackstone\" \/>\n<meta name=\"twitter:label1\" content=\"Estimation du temps de lecture\" \/>\n\t<meta name=\"twitter:data1\" content=\"1 minute\" \/>\n<script type=\"application\/ld+json\" class=\"yoast-schema-graph\">{\"@context\":\"https:\\\/\\\/schema.org\",\"@graph\":[{\"@type\":\"WebPage\",\"@id\":\"https:\\\/\\\/blackstonegriddles.ca\\\/product\\\/28-griddle-wind-guards\\\/\",\"url\":\"https:\\\/\\\/blackstonegriddles.ca\\\/product\\\/28-griddle-wind-guards\\\/\",\"name\":\"28\\\" Griddle Wind Guards - Blackstone Griddles\",\"isPartOf\":{\"@id\":\"https:\\\/\\\/blackstonegriddles.ca\\\/#website\"},\"primaryImageOfPage\":{\"@id\":\"https:\\\/\\\/blackstonegriddles.ca\\\/product\\\/28-griddle-wind-guards\\\/#primaryimage\"},\"image\":{\"@id\":\"https:\\\/\\\/blackstonegriddles.ca\\\/product\\\/28-griddle-wind-guards\\\/#primaryimage\"},\"thumbnailUrl\":\"https:\\\/\\\/blackstonegriddles.ca\\\/wp-content\\\/uploads\\\/2020\\\/10\\\/5016.jpg\",\"datePublished\":\"2020-10-28T17:23:04+00:00\",\"dateModified\":\"2026-04-06T12:42:51+00:00\",\"breadcrumb\":{\"@id\":\"https:\\\/\\\/blackstonegriddles.ca\\\/product\\\/28-griddle-wind-guards\\\/#breadcrumb\"},\"inLanguage\":\"fr-CA\",\"potentialAction\":[{\"@type\":\"ReadAction\",\"target\":[\"https:\\\/\\\/blackstonegriddles.ca\\\/product\\\/28-griddle-wind-guards\\\/\"]}]},{\"@type\":\"ImageObject\",\"inLanguage\":\"fr-CA\",\"@id\":\"https:\\\/\\\/blackstonegriddles.ca\\\/product\\\/28-griddle-wind-guards\\\/#primaryimage\",\"url\":\"https:\\\/\\\/blackstonegriddles.ca\\\/wp-content\\\/uploads\\\/2020\\\/10\\\/5016.jpg\",\"contentUrl\":\"https:\\\/\\\/blackstonegriddles.ca\\\/wp-content\\\/uploads\\\/2020\\\/10\\\/5016.jpg\",\"width\":1500,\"height\":1242},{\"@type\":\"BreadcrumbList\",\"@id\":\"https:\\\/\\\/blackstonegriddles.ca\\\/product\\\/28-griddle-wind-guards\\\/#breadcrumb\",\"itemListElement\":[{\"@type\":\"ListItem\",\"position\":1,\"name\":\"Home\",\"item\":\"https:\\\/\\\/blackstonegriddles.ca\\\/\"},{\"@type\":\"ListItem\",\"position\":2,\"name\":\"Shop\",\"item\":\"https:\\\/\\\/blackstonegriddles.ca\\\/shop\\\/\"},{\"@type\":\"ListItem\",\"position\":3,\"name\":\"28&#8243; Griddle Wind Guards\"}]},{\"@type\":\"WebSite\",\"@id\":\"https:\\\/\\\/blackstonegriddles.ca\\\/#website\",\"url\":\"https:\\\/\\\/blackstonegriddles.ca\\\/\",\"name\":\"Blackstone Griddles Canada\",\"description\":\"Blackstone Griddles official licensed dealer Canada\",\"publisher\":{\"@id\":\"https:\\\/\\\/blackstonegriddles.ca\\\/#organization\"},\"potentialAction\":[{\"@type\":\"SearchAction\",\"target\":{\"@type\":\"EntryPoint\",\"urlTemplate\":\"https:\\\/\\\/blackstonegriddles.ca\\\/?s={search_term_string}\"},\"query-input\":{\"@type\":\"PropertyValueSpecification\",\"valueRequired\":true,\"valueName\":\"search_term_string\"}}],\"inLanguage\":\"fr-CA\"},{\"@type\":\"Organization\",\"@id\":\"https:\\\/\\\/blackstonegriddles.ca\\\/#organization\",\"name\":\"Blackstone Griddles Canada\",\"url\":\"https:\\\/\\\/blackstonegriddles.ca\\\/\",\"logo\":{\"@type\":\"ImageObject\",\"inLanguage\":\"fr-CA\",\"@id\":\"https:\\\/\\\/blackstonegriddles.ca\\\/#\\\/schema\\\/logo\\\/image\\\/\",\"url\":\"https:\\\/\\\/blackstonegriddles.ca\\\/wp-content\\\/uploads\\\/2025\\\/02\\\/blackstone-fire-logo.webp\",\"contentUrl\":\"https:\\\/\\\/blackstonegriddles.ca\\\/wp-content\\\/uploads\\\/2025\\\/02\\\/blackstone-fire-logo.webp\",\"width\":53,\"height\":58,\"caption\":\"Blackstone Griddles Canada\"},\"image\":{\"@id\":\"https:\\\/\\\/blackstonegriddles.ca\\\/#\\\/schema\\\/logo\\\/image\\\/\"},\"sameAs\":[\"https:\\\/\\\/www.facebook.com\\\/blackstoneproducts\\\/\",\"https:\\\/\\\/x.com\\\/weareblackstone\",\"https:\\\/\\\/www.instagram.com\\\/blackstoneproducts\\\/\",\"https:\\\/\\\/www.youtube.com\\\/channel\\\/UCr39rimir8y3p-q1iQYidVA\"]}]}<\/script>\n<!-- \/ Yoast SEO plugin. -->","yoast_head_json":{"title":"Prot\u00e8ge-vent pour gril 28\" - Blackstone Griddles","robots":{"index":"index","follow":"follow","max-snippet":"max-snippet:-1","max-image-preview":"max-image-preview:large","max-video-preview":"max-video-preview:-1"},"canonical":"https:\/\/blackstonegriddles.ca\/fr\/produit\/28-protections-contre-le-vent-de-la-plaque-de-cuisson\/","og_locale":"fr_CA","og_type":"article","og_title":"28\" Griddle Wind Guards - Blackstone Griddles","og_description":"The Blackstone Wind Guards help to deflect the annoying effects of wind on the griddle. Strong winds can become a challenge when griddling as it can decrease the temperature or extinguish the flames while you are cooking. But with the Wind Guards, you can griddle with more control without worry of the weather. Simply hook the Wing Guards over the edge of the griddle top use the griddle as you normally would.","og_url":"https:\/\/blackstonegriddles.ca\/fr\/produit\/28-protections-contre-le-vent-de-la-plaque-de-cuisson\/","og_site_name":"Blackstone Griddles","article_publisher":"https:\/\/www.facebook.com\/blackstoneproducts\/","article_modified_time":"2026-04-06T12:42:51+00:00","og_image":[{"width":1500,"height":1242,"url":"https:\/\/blackstonegriddles.ca\/wp-content\/uploads\/2020\/10\/5016.jpg","type":"image\/jpeg"}],"twitter_card":"summary_large_image","twitter_site":"@weareblackstone","twitter_misc":{"Estimation du temps de lecture":"1 minute"},"schema":{"@context":"https:\/\/schema.org","@graph":[{"@type":"WebPage","@id":"https:\/\/blackstonegriddles.ca\/product\/28-griddle-wind-guards\/","url":"https:\/\/blackstonegriddles.ca\/product\/28-griddle-wind-guards\/","name":"Prot\u00e8ge-vent pour gril 28\" - Blackstone Griddles","isPartOf":{"@id":"https:\/\/blackstonegriddles.ca\/#website"},"primaryImageOfPage":{"@id":"https:\/\/blackstonegriddles.ca\/product\/28-griddle-wind-guards\/#primaryimage"},"image":{"@id":"https:\/\/blackstonegriddles.ca\/product\/28-griddle-wind-guards\/#primaryimage"},"thumbnailUrl":"https:\/\/blackstonegriddles.ca\/wp-content\/uploads\/2020\/10\/5016.jpg","datePublished":"2020-10-28T17:23:04+00:00","dateModified":"2026-04-06T12:42:51+00:00","breadcrumb":{"@id":"https:\/\/blackstonegriddles.ca\/product\/28-griddle-wind-guards\/#breadcrumb"},"inLanguage":"fr-CA","potentialAction":[{"@type":"ReadAction","target":["https:\/\/blackstonegriddles.ca\/product\/28-griddle-wind-guards\/"]}]},{"@type":"ImageObject","inLanguage":"fr-CA","@id":"https:\/\/blackstonegriddles.ca\/product\/28-griddle-wind-guards\/#primaryimage","url":"https:\/\/blackstonegriddles.ca\/wp-content\/uploads\/2020\/10\/5016.jpg","contentUrl":"https:\/\/blackstonegriddles.ca\/wp-content\/uploads\/2020\/10\/5016.jpg","width":1500,"height":1242},{"@type":"BreadcrumbList","@id":"https:\/\/blackstonegriddles.ca\/product\/28-griddle-wind-guards\/#breadcrumb","itemListElement":[{"@type":"ListItem","position":1,"name":"Home","item":"https:\/\/blackstonegriddles.ca\/"},{"@type":"ListItem","position":2,"name":"Shop","item":"https:\/\/blackstonegriddles.ca\/shop\/"},{"@type":"ListItem","position":3,"name":"28&#8243; Griddle Wind Guards"}]},{"@type":"WebSite","@id":"https:\/\/blackstonegriddles.ca\/#website","url":"https:\/\/blackstonegriddles.ca\/","name":"Grils Blackstone Canada","description":"Blackstone Griddles distributeur officiel agr\u00e9\u00e9 Canada","publisher":{"@id":"https:\/\/blackstonegriddles.ca\/#organization"},"potentialAction":[{"@type":"SearchAction","target":{"@type":"EntryPoint","urlTemplate":"https:\/\/blackstonegriddles.ca\/?s={search_term_string}"},"query-input":{"@type":"PropertyValueSpecification","valueRequired":true,"valueName":"search_term_string"}}],"inLanguage":"fr-CA"},{"@type":"Organization","@id":"https:\/\/blackstonegriddles.ca\/#organization","name":"Grils Blackstone Canada","url":"https:\/\/blackstonegriddles.ca\/","logo":{"@type":"ImageObject","inLanguage":"fr-CA","@id":"https:\/\/blackstonegriddles.ca\/#\/schema\/logo\/image\/","url":"https:\/\/blackstonegriddles.ca\/wp-content\/uploads\/2025\/02\/blackstone-fire-logo.webp","contentUrl":"https:\/\/blackstonegriddles.ca\/wp-content\/uploads\/2025\/02\/blackstone-fire-logo.webp","width":53,"height":58,"caption":"Blackstone Griddles Canada"},"image":{"@id":"https:\/\/blackstonegriddles.ca\/#\/schema\/logo\/image\/"},"sameAs":["https:\/\/www.facebook.com\/blackstoneproducts\/","https:\/\/x.com\/weareblackstone","https:\/\/www.instagram.com\/blackstoneproducts\/","https:\/\/www.youtube.com\/channel\/UCr39rimir8y3p-q1iQYidVA"]}]}},"_links":{"self":[{"href":"https:\/\/blackstonegriddles.ca\/fr\/wp-json\/wp\/v2\/product\/20113","targetHints":{"allow":["GET"]}}],"collection":[{"href":"https:\/\/blackstonegriddles.ca\/fr\/wp-json\/wp\/v2\/product"}],"about":[{"href":"https:\/\/blackstonegriddles.ca\/fr\/wp-json\/wp\/v2\/types\/product"}],"wp:featuredmedia":[{"embeddable":true,"href":"https:\/\/blackstonegriddles.ca\/fr\/wp-json\/wp\/v2\/media\/20337"}],"wp:attachment":[{"href":"https:\/\/blackstonegriddles.ca\/fr\/wp-json\/wp\/v2\/media?parent=20113"}],"wp:term":[{"taxonomy":"product_brand","embeddable":true,"href":"https:\/\/blackstonegriddles.ca\/fr\/wp-json\/wp\/v2\/product_brand?post=20113"},{"taxonomy":"product_cat","embeddable":true,"href":"https:\/\/blackstonegriddles.ca\/fr\/wp-json\/wp\/v2\/product_cat?post=20113"},{"taxonomy":"product_tag","embeddable":true,"href":"https:\/\/blackstonegriddles.ca\/fr\/wp-json\/wp\/v2\/product_tag?post=20113"}],"curies":[{"name":"wp","href":"https:\/\/api.w.org\/{rel}","templated":true}]}}