{"id":20118,"date":"2020-10-28T17:23:06","date_gmt":"2020-10-28T17:23:06","guid":{"rendered":"http:\/\/blackstonegriddles.ca\/product\/import-placeholder-for-1780"},"modified":"2026-04-17T20:00:40","modified_gmt":"2026-04-17T20:00:40","slug":"12-couvercles-de-bastingage-ronds","status":"publish","type":"product","link":"https:\/\/blackstonegriddles.ca\/fr\/product\/12-round-basting-cover\/","title":{"rendered":"12\u2033 Couvercle de b\u00e2ti rond"},"content":{"rendered":"<ul>\n<li>Construction en acier inoxydable<\/li>\n<li>Poign\u00e9e r\u00e9sistante \u00e0 la chaleur<\/li>\n<li>Faire fondre rapidement le fromage sur les hamburgers<\/li>\n<li>L\u00e9gumes \u00e0 la vapeur<\/li>\n<li>Pr\u00e9venir les \u00e9claboussures de graisse<\/li>\n<li>Lavable au lave-vaisselle<\/li>\n<li>Cadeau id\u00e9al pour tout amateur de barbecue ou de grillade<\/li>\n<\/ul>","protected":false},"excerpt":{"rendered":"<p>Utilisez le couvercle rond \u00e0 badigeonner 12\u2033 de Blackstone pour faire fondre rapidement et facilement le fromage sur les hamburgers ou les Philly Cheesesteaks. Faites cuire les l\u00e9gumes \u00e0 la vapeur et cr\u00e9ez un environnement semblable \u00e0 celui d'un four pour r\u00e9duire le temps de cuisson. La poign\u00e9e r\u00e9sistante \u00e0 la chaleur reste froide au toucher. Parfait pour une utilisation sur une plancha ou un grill.<\/p>","protected":false},"featured_media":20313,"template":"","meta":[],"product_brand":[],"product_cat":[138,265],"product_tag":[],"class_list":{"0":"post-20118","1":"product","2":"type-product","3":"status-publish","4":"has-post-thumbnail","6":"product_cat-accessories","7":"product_cat-essential-extras","8":"product_shipping_class-accessories","10":"first","11":"instock","12":"taxable","13":"shipping-taxable","14":"purchasable","15":"product-type-simple"},"yoast_head":"<!-- This site is optimized with the Yoast SEO plugin v27.4 - https:\/\/yoast.com\/product\/yoast-seo-wordpress\/ -->\n<title>12&quot; Round Basting Cover - Blackstone Griddles<\/title>\n<meta name=\"robots\" content=\"index, follow, max-snippet:-1, max-image-preview:large, max-video-preview:-1\" \/>\n<link rel=\"canonical\" href=\"https:\/\/blackstonegriddles.ca\/fr\/produit\/12-couvercles-de-bastingage-ronds\/\" \/>\n<meta property=\"og:locale\" content=\"fr_CA\" \/>\n<meta property=\"og:type\" content=\"article\" \/>\n<meta property=\"og:title\" content=\"12&quot; Round Basting Cover - Blackstone Griddles\" \/>\n<meta property=\"og:description\" content=\"Use the Blackstone 12&quot; Round Basting Cover to quickly and easily melt cheese on hamburgers or Philly Cheesesteaks.\u00a0Steam vegetables\u00a0and create an oven like environment to\u00a0reduce cooking time. The heat resistant handle will stay cool to the touch. Perfect for use on a\u00a0griddle or grill.\" \/>\n<meta property=\"og:url\" content=\"https:\/\/blackstonegriddles.ca\/fr\/produit\/12-couvercles-de-bastingage-ronds\/\" \/>\n<meta property=\"og:site_name\" content=\"Blackstone Griddles\" \/>\n<meta property=\"article:publisher\" content=\"https:\/\/www.facebook.com\/blackstoneproducts\/\" \/>\n<meta property=\"article:modified_time\" content=\"2026-04-17T20:00:40+00:00\" \/>\n<meta property=\"og:image\" content=\"https:\/\/blackstonegriddles.ca\/wp-content\/uploads\/2020\/10\/1780.jpg\" \/>\n\t<meta property=\"og:image:width\" content=\"1500\" \/>\n\t<meta property=\"og:image:height\" content=\"843\" \/>\n\t<meta property=\"og:image:type\" content=\"image\/jpeg\" \/>\n<meta name=\"twitter:card\" content=\"summary_large_image\" \/>\n<meta name=\"twitter:site\" content=\"@weareblackstone\" \/>\n<script type=\"application\/ld+json\" class=\"yoast-schema-graph\">{\"@context\":\"https:\\\/\\\/schema.org\",\"@graph\":[{\"@type\":\"WebPage\",\"@id\":\"https:\\\/\\\/blackstonegriddles.ca\\\/product\\\/12-round-basting-cover\\\/\",\"url\":\"https:\\\/\\\/blackstonegriddles.ca\\\/product\\\/12-round-basting-cover\\\/\",\"name\":\"12\\\" Round Basting Cover - Blackstone Griddles\",\"isPartOf\":{\"@id\":\"https:\\\/\\\/blackstonegriddles.ca\\\/#website\"},\"primaryImageOfPage\":{\"@id\":\"https:\\\/\\\/blackstonegriddles.ca\\\/product\\\/12-round-basting-cover\\\/#primaryimage\"},\"image\":{\"@id\":\"https:\\\/\\\/blackstonegriddles.ca\\\/product\\\/12-round-basting-cover\\\/#primaryimage\"},\"thumbnailUrl\":\"https:\\\/\\\/blackstonegriddles.ca\\\/wp-content\\\/uploads\\\/2020\\\/10\\\/1780.jpg\",\"datePublished\":\"2020-10-28T17:23:06+00:00\",\"dateModified\":\"2026-04-17T20:00:40+00:00\",\"breadcrumb\":{\"@id\":\"https:\\\/\\\/blackstonegriddles.ca\\\/product\\\/12-round-basting-cover\\\/#breadcrumb\"},\"inLanguage\":\"fr-CA\",\"potentialAction\":[{\"@type\":\"ReadAction\",\"target\":[\"https:\\\/\\\/blackstonegriddles.ca\\\/product\\\/12-round-basting-cover\\\/\"]}]},{\"@type\":\"ImageObject\",\"inLanguage\":\"fr-CA\",\"@id\":\"https:\\\/\\\/blackstonegriddles.ca\\\/product\\\/12-round-basting-cover\\\/#primaryimage\",\"url\":\"https:\\\/\\\/blackstonegriddles.ca\\\/wp-content\\\/uploads\\\/2020\\\/10\\\/1780.jpg\",\"contentUrl\":\"https:\\\/\\\/blackstonegriddles.ca\\\/wp-content\\\/uploads\\\/2020\\\/10\\\/1780.jpg\",\"width\":1500,\"height\":843},{\"@type\":\"BreadcrumbList\",\"@id\":\"https:\\\/\\\/blackstonegriddles.ca\\\/product\\\/12-round-basting-cover\\\/#breadcrumb\",\"itemListElement\":[{\"@type\":\"ListItem\",\"position\":1,\"name\":\"Home\",\"item\":\"https:\\\/\\\/blackstonegriddles.ca\\\/\"},{\"@type\":\"ListItem\",\"position\":2,\"name\":\"Shop\",\"item\":\"https:\\\/\\\/blackstonegriddles.ca\\\/shop\\\/\"},{\"@type\":\"ListItem\",\"position\":3,\"name\":\"12&#8243; Round Basting Cover\"}]},{\"@type\":\"WebSite\",\"@id\":\"https:\\\/\\\/blackstonegriddles.ca\\\/#website\",\"url\":\"https:\\\/\\\/blackstonegriddles.ca\\\/\",\"name\":\"Blackstone Griddles Canada\",\"description\":\"Blackstone Griddles official licensed dealer Canada\",\"publisher\":{\"@id\":\"https:\\\/\\\/blackstonegriddles.ca\\\/#organization\"},\"potentialAction\":[{\"@type\":\"SearchAction\",\"target\":{\"@type\":\"EntryPoint\",\"urlTemplate\":\"https:\\\/\\\/blackstonegriddles.ca\\\/?s={search_term_string}\"},\"query-input\":{\"@type\":\"PropertyValueSpecification\",\"valueRequired\":true,\"valueName\":\"search_term_string\"}}],\"inLanguage\":\"fr-CA\"},{\"@type\":\"Organization\",\"@id\":\"https:\\\/\\\/blackstonegriddles.ca\\\/#organization\",\"name\":\"Blackstone Griddles Canada\",\"url\":\"https:\\\/\\\/blackstonegriddles.ca\\\/\",\"logo\":{\"@type\":\"ImageObject\",\"inLanguage\":\"fr-CA\",\"@id\":\"https:\\\/\\\/blackstonegriddles.ca\\\/#\\\/schema\\\/logo\\\/image\\\/\",\"url\":\"https:\\\/\\\/blackstonegriddles.ca\\\/wp-content\\\/uploads\\\/2025\\\/02\\\/blackstone-fire-logo.webp\",\"contentUrl\":\"https:\\\/\\\/blackstonegriddles.ca\\\/wp-content\\\/uploads\\\/2025\\\/02\\\/blackstone-fire-logo.webp\",\"width\":53,\"height\":58,\"caption\":\"Blackstone Griddles Canada\"},\"image\":{\"@id\":\"https:\\\/\\\/blackstonegriddles.ca\\\/#\\\/schema\\\/logo\\\/image\\\/\"},\"sameAs\":[\"https:\\\/\\\/www.facebook.com\\\/blackstoneproducts\\\/\",\"https:\\\/\\\/x.com\\\/weareblackstone\",\"https:\\\/\\\/www.instagram.com\\\/blackstoneproducts\\\/\",\"https:\\\/\\\/www.youtube.com\\\/channel\\\/UCr39rimir8y3p-q1iQYidVA\"]}]}<\/script>\n<!-- \/ Yoast SEO plugin. -->","yoast_head_json":{"title":"Couvercle \u00e0 r\u00f4tir rond de 12\" - Blackstone Griddles","robots":{"index":"index","follow":"follow","max-snippet":"max-snippet:-1","max-image-preview":"max-image-preview:large","max-video-preview":"max-video-preview:-1"},"canonical":"https:\/\/blackstonegriddles.ca\/fr\/produit\/12-couvercles-de-bastingage-ronds\/","og_locale":"fr_CA","og_type":"article","og_title":"12\" Round Basting Cover - Blackstone Griddles","og_description":"Use the Blackstone 12\" Round Basting Cover to quickly and easily melt cheese on hamburgers or Philly Cheesesteaks.\u00a0Steam vegetables\u00a0and create an oven like environment to\u00a0reduce cooking time. The heat resistant handle will stay cool to the touch. Perfect for use on a\u00a0griddle or grill.","og_url":"https:\/\/blackstonegriddles.ca\/fr\/produit\/12-couvercles-de-bastingage-ronds\/","og_site_name":"Blackstone Griddles","article_publisher":"https:\/\/www.facebook.com\/blackstoneproducts\/","article_modified_time":"2026-04-17T20:00:40+00:00","og_image":[{"width":1500,"height":843,"url":"https:\/\/blackstonegriddles.ca\/wp-content\/uploads\/2020\/10\/1780.jpg","type":"image\/jpeg"}],"twitter_card":"summary_large_image","twitter_site":"@weareblackstone","schema":{"@context":"https:\/\/schema.org","@graph":[{"@type":"WebPage","@id":"https:\/\/blackstonegriddles.ca\/product\/12-round-basting-cover\/","url":"https:\/\/blackstonegriddles.ca\/product\/12-round-basting-cover\/","name":"Couvercle \u00e0 r\u00f4tir rond de 12\" - Blackstone Griddles","isPartOf":{"@id":"https:\/\/blackstonegriddles.ca\/#website"},"primaryImageOfPage":{"@id":"https:\/\/blackstonegriddles.ca\/product\/12-round-basting-cover\/#primaryimage"},"image":{"@id":"https:\/\/blackstonegriddles.ca\/product\/12-round-basting-cover\/#primaryimage"},"thumbnailUrl":"https:\/\/blackstonegriddles.ca\/wp-content\/uploads\/2020\/10\/1780.jpg","datePublished":"2020-10-28T17:23:06+00:00","dateModified":"2026-04-17T20:00:40+00:00","breadcrumb":{"@id":"https:\/\/blackstonegriddles.ca\/product\/12-round-basting-cover\/#breadcrumb"},"inLanguage":"fr-CA","potentialAction":[{"@type":"ReadAction","target":["https:\/\/blackstonegriddles.ca\/product\/12-round-basting-cover\/"]}]},{"@type":"ImageObject","inLanguage":"fr-CA","@id":"https:\/\/blackstonegriddles.ca\/product\/12-round-basting-cover\/#primaryimage","url":"https:\/\/blackstonegriddles.ca\/wp-content\/uploads\/2020\/10\/1780.jpg","contentUrl":"https:\/\/blackstonegriddles.ca\/wp-content\/uploads\/2020\/10\/1780.jpg","width":1500,"height":843},{"@type":"BreadcrumbList","@id":"https:\/\/blackstonegriddles.ca\/product\/12-round-basting-cover\/#breadcrumb","itemListElement":[{"@type":"ListItem","position":1,"name":"Home","item":"https:\/\/blackstonegriddles.ca\/"},{"@type":"ListItem","position":2,"name":"Shop","item":"https:\/\/blackstonegriddles.ca\/shop\/"},{"@type":"ListItem","position":3,"name":"12&#8243; Round Basting Cover"}]},{"@type":"WebSite","@id":"https:\/\/blackstonegriddles.ca\/#website","url":"https:\/\/blackstonegriddles.ca\/","name":"Grils Blackstone Canada","description":"Blackstone Griddles distributeur officiel agr\u00e9\u00e9 Canada","publisher":{"@id":"https:\/\/blackstonegriddles.ca\/#organization"},"potentialAction":[{"@type":"SearchAction","target":{"@type":"EntryPoint","urlTemplate":"https:\/\/blackstonegriddles.ca\/?s={search_term_string}"},"query-input":{"@type":"PropertyValueSpecification","valueRequired":true,"valueName":"search_term_string"}}],"inLanguage":"fr-CA"},{"@type":"Organization","@id":"https:\/\/blackstonegriddles.ca\/#organization","name":"Grils Blackstone Canada","url":"https:\/\/blackstonegriddles.ca\/","logo":{"@type":"ImageObject","inLanguage":"fr-CA","@id":"https:\/\/blackstonegriddles.ca\/#\/schema\/logo\/image\/","url":"https:\/\/blackstonegriddles.ca\/wp-content\/uploads\/2025\/02\/blackstone-fire-logo.webp","contentUrl":"https:\/\/blackstonegriddles.ca\/wp-content\/uploads\/2025\/02\/blackstone-fire-logo.webp","width":53,"height":58,"caption":"Blackstone Griddles Canada"},"image":{"@id":"https:\/\/blackstonegriddles.ca\/#\/schema\/logo\/image\/"},"sameAs":["https:\/\/www.facebook.com\/blackstoneproducts\/","https:\/\/x.com\/weareblackstone","https:\/\/www.instagram.com\/blackstoneproducts\/","https:\/\/www.youtube.com\/channel\/UCr39rimir8y3p-q1iQYidVA"]}]}},"_links":{"self":[{"href":"https:\/\/blackstonegriddles.ca\/fr\/wp-json\/wp\/v2\/product\/20118","targetHints":{"allow":["GET"]}}],"collection":[{"href":"https:\/\/blackstonegriddles.ca\/fr\/wp-json\/wp\/v2\/product"}],"about":[{"href":"https:\/\/blackstonegriddles.ca\/fr\/wp-json\/wp\/v2\/types\/product"}],"wp:featuredmedia":[{"embeddable":true,"href":"https:\/\/blackstonegriddles.ca\/fr\/wp-json\/wp\/v2\/media\/20313"}],"wp:attachment":[{"href":"https:\/\/blackstonegriddles.ca\/fr\/wp-json\/wp\/v2\/media?parent=20118"}],"wp:term":[{"taxonomy":"product_brand","embeddable":true,"href":"https:\/\/blackstonegriddles.ca\/fr\/wp-json\/wp\/v2\/product_brand?post=20118"},{"taxonomy":"product_cat","embeddable":true,"href":"https:\/\/blackstonegriddles.ca\/fr\/wp-json\/wp\/v2\/product_cat?post=20118"},{"taxonomy":"product_tag","embeddable":true,"href":"https:\/\/blackstonegriddles.ca\/fr\/wp-json\/wp\/v2\/product_tag?post=20118"}],"curies":[{"name":"wp","href":"https:\/\/api.w.org\/{rel}","templated":true}]}}