{"id":20124,"date":"2020-10-28T17:23:08","date_gmt":"2020-10-28T17:23:08","guid":{"rendered":"http:\/\/blackstonegriddles.ca\/product\/import-placeholder-for-5059"},"modified":"2025-07-17T16:10:44","modified_gmt":"2025-07-17T16:10:44","slug":"kit-de-nettoyage-de-la-plaque-de-cuisson-5-pieces","status":"publish","type":"product","link":"https:\/\/blackstonegriddles.ca\/fr\/product\/5-pcs-griddle-cleaning-kit\/","title":{"rendered":"Kit de nettoyage de grilles 5 pi\u00e8ces"},"content":{"rendered":"<ul>\n<li>Grattoir de gril en acier inoxydable de 6 pouces<\/li>\n<li>Poign\u00e9e de r\u00e9curage du gril<\/li>\n<li>3 tampons \u00e0 r\u00e9curer<\/li>\n<\/ul>","protected":false},"excerpt":{"rendered":"<p>Nettoyez en profondeur votre plaque de cuisson sale avec le kit de nettoyage professionnel pour plaque de cuisson Blackstone 5 pi\u00e8ces. Ce kit comprend un grattoir robuste en acier inoxydable de 6 pouces pour enlever les d\u00e9bris, les aliments cuits et autres r\u00e9sidus. Le kit de nettoyage 5 pi\u00e8ces comprend \u00e9galement une poign\u00e9e pour 3 tampons \u00e0 r\u00e9curer. Con\u00e7us pour nettoyer les dessus de grilles humides ou secs, les tampons rempla\u00e7ables r\u00e9sistent \u00e0 l'encrassement et se rincent proprement.<\/p>","protected":false},"featured_media":20304,"template":"","meta":[],"product_brand":[],"product_cat":[138,262],"product_tag":[],"class_list":{"0":"post-20124","1":"product","2":"type-product","3":"status-publish","4":"has-post-thumbnail","6":"product_cat-accessories","7":"product_cat-tool-kits","8":"product_shipping_class-accessories","10":"first","11":"outofstock","12":"sale","13":"taxable","14":"shipping-taxable","15":"purchasable","16":"product-type-simple"},"yoast_head":"<!-- This site is optimized with the Yoast SEO plugin v27.3 - https:\/\/yoast.com\/product\/yoast-seo-wordpress\/ -->\n<title>5 Pcs Griddle Cleaning Kit - Blackstone Griddles<\/title>\n<meta name=\"robots\" content=\"index, follow, max-snippet:-1, max-image-preview:large, max-video-preview:-1\" \/>\n<link rel=\"canonical\" href=\"https:\/\/blackstonegriddles.ca\/fr\/produit\/kit-de-nettoyage-de-la-plaque-de-cuisson-5-pieces\/\" \/>\n<meta property=\"og:locale\" content=\"fr_CA\" \/>\n<meta property=\"og:type\" content=\"article\" \/>\n<meta property=\"og:title\" content=\"5 Pcs Griddle Cleaning Kit - Blackstone Griddles\" \/>\n<meta property=\"og:description\" content=\"Deep clean your dirty griddle top with the Blackstone 5 Piece Professional Griddle Cleaning Kit. This kit includes a heavy duty 6-inch stainless steel griddle scraper to remove debris, cooked on food, and other residue. The 5 Piece Cleaning Kit also features a Handle for 3 Scour Pads. Designed to clean griddle tops wet or dry, replaceable pad resists clogging and rinses clean.\" \/>\n<meta property=\"og:url\" content=\"https:\/\/blackstonegriddles.ca\/fr\/produit\/kit-de-nettoyage-de-la-plaque-de-cuisson-5-pieces\/\" \/>\n<meta property=\"og:site_name\" content=\"Blackstone Griddles\" \/>\n<meta property=\"article:publisher\" content=\"https:\/\/www.facebook.com\/blackstoneproducts\/\" \/>\n<meta property=\"article:modified_time\" content=\"2025-07-17T16:10:44+00:00\" \/>\n<meta property=\"og:image\" content=\"https:\/\/blackstonegriddles.ca\/wp-content\/uploads\/2020\/10\/5059-1.jpg\" \/>\n\t<meta property=\"og:image:width\" content=\"1227\" \/>\n\t<meta property=\"og:image:height\" content=\"879\" \/>\n\t<meta property=\"og:image:type\" content=\"image\/jpeg\" \/>\n<meta name=\"twitter:card\" content=\"summary_large_image\" \/>\n<meta name=\"twitter:site\" content=\"@weareblackstone\" \/>\n<script type=\"application\/ld+json\" class=\"yoast-schema-graph\">{\"@context\":\"https:\\\/\\\/schema.org\",\"@graph\":[{\"@type\":\"WebPage\",\"@id\":\"https:\\\/\\\/blackstonegriddles.ca\\\/product\\\/5-pcs-griddle-cleaning-kit\\\/\",\"url\":\"https:\\\/\\\/blackstonegriddles.ca\\\/product\\\/5-pcs-griddle-cleaning-kit\\\/\",\"name\":\"5 Pcs Griddle Cleaning Kit - Blackstone Griddles\",\"isPartOf\":{\"@id\":\"https:\\\/\\\/blackstonegriddles.ca\\\/#website\"},\"primaryImageOfPage\":{\"@id\":\"https:\\\/\\\/blackstonegriddles.ca\\\/product\\\/5-pcs-griddle-cleaning-kit\\\/#primaryimage\"},\"image\":{\"@id\":\"https:\\\/\\\/blackstonegriddles.ca\\\/product\\\/5-pcs-griddle-cleaning-kit\\\/#primaryimage\"},\"thumbnailUrl\":\"https:\\\/\\\/blackstonegriddles.ca\\\/wp-content\\\/uploads\\\/2020\\\/10\\\/5059-1.jpg\",\"datePublished\":\"2020-10-28T17:23:08+00:00\",\"dateModified\":\"2025-07-17T16:10:44+00:00\",\"breadcrumb\":{\"@id\":\"https:\\\/\\\/blackstonegriddles.ca\\\/product\\\/5-pcs-griddle-cleaning-kit\\\/#breadcrumb\"},\"inLanguage\":\"fr-CA\",\"potentialAction\":[{\"@type\":\"ReadAction\",\"target\":[\"https:\\\/\\\/blackstonegriddles.ca\\\/product\\\/5-pcs-griddle-cleaning-kit\\\/\"]}]},{\"@type\":\"ImageObject\",\"inLanguage\":\"fr-CA\",\"@id\":\"https:\\\/\\\/blackstonegriddles.ca\\\/product\\\/5-pcs-griddle-cleaning-kit\\\/#primaryimage\",\"url\":\"https:\\\/\\\/blackstonegriddles.ca\\\/wp-content\\\/uploads\\\/2020\\\/10\\\/5059-1.jpg\",\"contentUrl\":\"https:\\\/\\\/blackstonegriddles.ca\\\/wp-content\\\/uploads\\\/2020\\\/10\\\/5059-1.jpg\",\"width\":1227,\"height\":879},{\"@type\":\"BreadcrumbList\",\"@id\":\"https:\\\/\\\/blackstonegriddles.ca\\\/product\\\/5-pcs-griddle-cleaning-kit\\\/#breadcrumb\",\"itemListElement\":[{\"@type\":\"ListItem\",\"position\":1,\"name\":\"Home\",\"item\":\"https:\\\/\\\/blackstonegriddles.ca\\\/\"},{\"@type\":\"ListItem\",\"position\":2,\"name\":\"Shop\",\"item\":\"https:\\\/\\\/blackstonegriddles.ca\\\/shop\\\/\"},{\"@type\":\"ListItem\",\"position\":3,\"name\":\"5 Pcs Griddle Cleaning Kit\"}]},{\"@type\":\"WebSite\",\"@id\":\"https:\\\/\\\/blackstonegriddles.ca\\\/#website\",\"url\":\"https:\\\/\\\/blackstonegriddles.ca\\\/\",\"name\":\"Blackstone Griddles Canada\",\"description\":\"Blackstone Griddles official licensed dealer Canada\",\"publisher\":{\"@id\":\"https:\\\/\\\/blackstonegriddles.ca\\\/#organization\"},\"potentialAction\":[{\"@type\":\"SearchAction\",\"target\":{\"@type\":\"EntryPoint\",\"urlTemplate\":\"https:\\\/\\\/blackstonegriddles.ca\\\/?s={search_term_string}\"},\"query-input\":{\"@type\":\"PropertyValueSpecification\",\"valueRequired\":true,\"valueName\":\"search_term_string\"}}],\"inLanguage\":\"fr-CA\"},{\"@type\":\"Organization\",\"@id\":\"https:\\\/\\\/blackstonegriddles.ca\\\/#organization\",\"name\":\"Blackstone Griddles Canada\",\"url\":\"https:\\\/\\\/blackstonegriddles.ca\\\/\",\"logo\":{\"@type\":\"ImageObject\",\"inLanguage\":\"fr-CA\",\"@id\":\"https:\\\/\\\/blackstonegriddles.ca\\\/#\\\/schema\\\/logo\\\/image\\\/\",\"url\":\"https:\\\/\\\/blackstonegriddles.ca\\\/wp-content\\\/uploads\\\/2025\\\/02\\\/blackstone-fire-logo.webp\",\"contentUrl\":\"https:\\\/\\\/blackstonegriddles.ca\\\/wp-content\\\/uploads\\\/2025\\\/02\\\/blackstone-fire-logo.webp\",\"width\":53,\"height\":58,\"caption\":\"Blackstone Griddles Canada\"},\"image\":{\"@id\":\"https:\\\/\\\/blackstonegriddles.ca\\\/#\\\/schema\\\/logo\\\/image\\\/\"},\"sameAs\":[\"https:\\\/\\\/www.facebook.com\\\/blackstoneproducts\\\/\",\"https:\\\/\\\/x.com\\\/weareblackstone\",\"https:\\\/\\\/www.instagram.com\\\/blackstoneproducts\\\/\",\"https:\\\/\\\/www.youtube.com\\\/channel\\\/UCr39rimir8y3p-q1iQYidVA\"]}]}<\/script>\n<!-- \/ Yoast SEO plugin. -->","yoast_head_json":{"title":"Kit de nettoyage de grilles 5 pi\u00e8ces - Blackstone Griddles","robots":{"index":"index","follow":"follow","max-snippet":"max-snippet:-1","max-image-preview":"max-image-preview:large","max-video-preview":"max-video-preview:-1"},"canonical":"https:\/\/blackstonegriddles.ca\/fr\/produit\/kit-de-nettoyage-de-la-plaque-de-cuisson-5-pieces\/","og_locale":"fr_CA","og_type":"article","og_title":"5 Pcs Griddle Cleaning Kit - Blackstone Griddles","og_description":"Deep clean your dirty griddle top with the Blackstone 5 Piece Professional Griddle Cleaning Kit. This kit includes a heavy duty 6-inch stainless steel griddle scraper to remove debris, cooked on food, and other residue. The 5 Piece Cleaning Kit also features a Handle for 3 Scour Pads. Designed to clean griddle tops wet or dry, replaceable pad resists clogging and rinses clean.","og_url":"https:\/\/blackstonegriddles.ca\/fr\/produit\/kit-de-nettoyage-de-la-plaque-de-cuisson-5-pieces\/","og_site_name":"Blackstone Griddles","article_publisher":"https:\/\/www.facebook.com\/blackstoneproducts\/","article_modified_time":"2025-07-17T16:10:44+00:00","og_image":[{"width":1227,"height":879,"url":"https:\/\/blackstonegriddles.ca\/wp-content\/uploads\/2020\/10\/5059-1.jpg","type":"image\/jpeg"}],"twitter_card":"summary_large_image","twitter_site":"@weareblackstone","schema":{"@context":"https:\/\/schema.org","@graph":[{"@type":"WebPage","@id":"https:\/\/blackstonegriddles.ca\/product\/5-pcs-griddle-cleaning-kit\/","url":"https:\/\/blackstonegriddles.ca\/product\/5-pcs-griddle-cleaning-kit\/","name":"Kit de nettoyage de grilles 5 pi\u00e8ces - Blackstone Griddles","isPartOf":{"@id":"https:\/\/blackstonegriddles.ca\/#website"},"primaryImageOfPage":{"@id":"https:\/\/blackstonegriddles.ca\/product\/5-pcs-griddle-cleaning-kit\/#primaryimage"},"image":{"@id":"https:\/\/blackstonegriddles.ca\/product\/5-pcs-griddle-cleaning-kit\/#primaryimage"},"thumbnailUrl":"https:\/\/blackstonegriddles.ca\/wp-content\/uploads\/2020\/10\/5059-1.jpg","datePublished":"2020-10-28T17:23:08+00:00","dateModified":"2025-07-17T16:10:44+00:00","breadcrumb":{"@id":"https:\/\/blackstonegriddles.ca\/product\/5-pcs-griddle-cleaning-kit\/#breadcrumb"},"inLanguage":"fr-CA","potentialAction":[{"@type":"ReadAction","target":["https:\/\/blackstonegriddles.ca\/product\/5-pcs-griddle-cleaning-kit\/"]}]},{"@type":"ImageObject","inLanguage":"fr-CA","@id":"https:\/\/blackstonegriddles.ca\/product\/5-pcs-griddle-cleaning-kit\/#primaryimage","url":"https:\/\/blackstonegriddles.ca\/wp-content\/uploads\/2020\/10\/5059-1.jpg","contentUrl":"https:\/\/blackstonegriddles.ca\/wp-content\/uploads\/2020\/10\/5059-1.jpg","width":1227,"height":879},{"@type":"BreadcrumbList","@id":"https:\/\/blackstonegriddles.ca\/product\/5-pcs-griddle-cleaning-kit\/#breadcrumb","itemListElement":[{"@type":"ListItem","position":1,"name":"Home","item":"https:\/\/blackstonegriddles.ca\/"},{"@type":"ListItem","position":2,"name":"Shop","item":"https:\/\/blackstonegriddles.ca\/shop\/"},{"@type":"ListItem","position":3,"name":"5 Pcs Griddle Cleaning Kit"}]},{"@type":"WebSite","@id":"https:\/\/blackstonegriddles.ca\/#website","url":"https:\/\/blackstonegriddles.ca\/","name":"Grils Blackstone Canada","description":"Blackstone Griddles distributeur officiel agr\u00e9\u00e9 Canada","publisher":{"@id":"https:\/\/blackstonegriddles.ca\/#organization"},"potentialAction":[{"@type":"SearchAction","target":{"@type":"EntryPoint","urlTemplate":"https:\/\/blackstonegriddles.ca\/?s={search_term_string}"},"query-input":{"@type":"PropertyValueSpecification","valueRequired":true,"valueName":"search_term_string"}}],"inLanguage":"fr-CA"},{"@type":"Organization","@id":"https:\/\/blackstonegriddles.ca\/#organization","name":"Grils Blackstone Canada","url":"https:\/\/blackstonegriddles.ca\/","logo":{"@type":"ImageObject","inLanguage":"fr-CA","@id":"https:\/\/blackstonegriddles.ca\/#\/schema\/logo\/image\/","url":"https:\/\/blackstonegriddles.ca\/wp-content\/uploads\/2025\/02\/blackstone-fire-logo.webp","contentUrl":"https:\/\/blackstonegriddles.ca\/wp-content\/uploads\/2025\/02\/blackstone-fire-logo.webp","width":53,"height":58,"caption":"Blackstone Griddles Canada"},"image":{"@id":"https:\/\/blackstonegriddles.ca\/#\/schema\/logo\/image\/"},"sameAs":["https:\/\/www.facebook.com\/blackstoneproducts\/","https:\/\/x.com\/weareblackstone","https:\/\/www.instagram.com\/blackstoneproducts\/","https:\/\/www.youtube.com\/channel\/UCr39rimir8y3p-q1iQYidVA"]}]}},"_links":{"self":[{"href":"https:\/\/blackstonegriddles.ca\/fr\/wp-json\/wp\/v2\/product\/20124","targetHints":{"allow":["GET"]}}],"collection":[{"href":"https:\/\/blackstonegriddles.ca\/fr\/wp-json\/wp\/v2\/product"}],"about":[{"href":"https:\/\/blackstonegriddles.ca\/fr\/wp-json\/wp\/v2\/types\/product"}],"wp:featuredmedia":[{"embeddable":true,"href":"https:\/\/blackstonegriddles.ca\/fr\/wp-json\/wp\/v2\/media\/20304"}],"wp:attachment":[{"href":"https:\/\/blackstonegriddles.ca\/fr\/wp-json\/wp\/v2\/media?parent=20124"}],"wp:term":[{"taxonomy":"product_brand","embeddable":true,"href":"https:\/\/blackstonegriddles.ca\/fr\/wp-json\/wp\/v2\/product_brand?post=20124"},{"taxonomy":"product_cat","embeddable":true,"href":"https:\/\/blackstonegriddles.ca\/fr\/wp-json\/wp\/v2\/product_cat?post=20124"},{"taxonomy":"product_tag","embeddable":true,"href":"https:\/\/blackstonegriddles.ca\/fr\/wp-json\/wp\/v2\/product_tag?post=20124"}],"curies":[{"name":"wp","href":"https:\/\/api.w.org\/{rel}","templated":true}]}}