{"id":20543,"date":"2020-11-27T16:22:30","date_gmt":"2020-11-27T16:22:30","guid":{"rendered":"http:\/\/blackstonegriddles.ca\/?post_type=product&#038;p=20543"},"modified":"2026-04-08T17:00:26","modified_gmt":"2026-04-08T17:00:26","slug":"36-plaque-de-cuisson-pour-friteuse-a-air","status":"publish","type":"product","link":"https:\/\/blackstonegriddles.ca\/fr\/product\/36-air-fryer-griddle\/","title":{"rendered":"Blackstone 36\u2033 Griddle Plus Series Griddle avec friteuse \u00e0 air et hotte"},"content":{"rendered":"<ul>\n<li>4 zones de cuisson contr\u00f4l\u00e9es ind\u00e9pendamment<\/li>\n<li>Deux tiroirs AirFryer pour r\u00f4tir, cuire et frire<\/li>\n<li>Tiroir chauffant pour garder les aliments pr\u00eats \u00e0 \u00eatre servis<\/li>\n<li>Syst\u00e8me de gestion de la graisse \u00e0 l'arri\u00e8re<\/li>\n<li>Plaque de gril en acier au carbone \u00e9pais<\/li>\n<li>Br\u00fbleurs \u00e0 tubes en acier inoxydable<\/li>\n<li>Quatre roues de force industrielle<\/li>\n<li>Surface de cuisson de 756 pouces carr\u00e9s<\/li>\n<li>Barre d'outils magn\u00e9tique pour un acc\u00e8s pratique aux outils<\/li>\n<li>Crochets de l'\u00e9tag\u00e8re lat\u00e9rale pour le rangement des outils du gril<\/li>\n<\/ul>\n<p><strong>Remarque :\u00a0<\/strong>Le Combo AirFryer Griddle de Blackstone n'est pas compatible avec le kit de conversion au gaz naturel de Blackstone.<\/p>","protected":false},"excerpt":{"rendered":"<p>Avec la TOUTE NOUVELLE plancha Blackstone 36\u2033 avec friteuse \u00e0 air, vous pouvez tout faire : cuire au four, saisir, r\u00f4tir, sauter et frire \u00e0 l'air. Cette plancha unique en son genre rend la pr\u00e9paration des repas les plus simples encore plus satisfaisante. La surface de cuisson de 756 pouces carr\u00e9s avec des zones de cuisson ind\u00e9pendantes vous offre tout l'espace n\u00e9cessaire pour pr\u00e9parer des repas pour un grand nombre de personnes. Avec tout ce que vous pouvez faire avec cette plancha, vous allez saliver avant m\u00eame de l'avoir sortie de sa bo\u00eete. Nous avons inclus toutes vos caract\u00e9ristiques pr\u00e9f\u00e9r\u00e9es, y compris un capot pour prot\u00e9ger le dessus de la plaque, des crochets de rangement pour les accessoires, des aimants de rangement pour les accessoires et deux \u00e9tag\u00e8res rabattables.<\/p>\n<p>&nbsp;<\/p>\n<p><strong>Compatible avec la couverture Item# 5005<\/strong><\/p>","protected":false},"featured_media":20544,"template":"","meta":[],"product_brand":[],"product_cat":[158,248,154,249],"product_tag":[],"class_list":{"0":"post-20543","1":"product","2":"type-product","3":"status-publish","4":"has-post-thumbnail","6":"product_cat-158","7":"product_cat-sale-featured","8":"product_cat-griddles","9":"product_cat-sale","10":"product_shipping_class-36-griddle","12":"first","13":"instock","14":"sale","15":"taxable","16":"shipping-taxable","17":"purchasable","18":"product-type-simple"},"yoast_head":"<!-- This site is optimized with the Yoast SEO plugin v27.3 - https:\/\/yoast.com\/product\/yoast-seo-wordpress\/ -->\n<title>Blackstone 36&quot; Griddle Plus Series Griddle with Air Fryer and Hood - Blackstone Griddles<\/title>\n<meta name=\"robots\" content=\"index, follow, max-snippet:-1, max-image-preview:large, max-video-preview:-1\" \/>\n<link rel=\"canonical\" href=\"https:\/\/blackstonegriddles.ca\/fr\/produit\/36-plaque-de-cuisson-pour-friteuse-a-air\/\" \/>\n<meta property=\"og:locale\" content=\"fr_CA\" \/>\n<meta property=\"og:type\" content=\"article\" \/>\n<meta property=\"og:title\" content=\"Blackstone 36&quot; Griddle Plus Series Griddle with Air Fryer and Hood - Blackstone Griddles\" \/>\n<meta property=\"og:description\" content=\"With the ALL NEW Blackstone 36&quot; Griddle With Air Fryer, you can do it all: bake, sear, roast, saut\u00e9, and AirFry. This one of a kind griddle makes cooking the simplest of meals that much more satisfying. The 756-square-inch cooking surface with independent cooking zones provides you with all the room you need to cook meals for large groups of people. With everything you can do with this griddle, you&#039;ll be drooling before you can even take it out of the box. We have included all of your favorite features including a hood to protect your griddle top, accessory storage hooks, accessory storage magnets, and dual folding shelves.  &nbsp;  Compatible with cover Item# 5005\" \/>\n<meta property=\"og:url\" content=\"https:\/\/blackstonegriddles.ca\/fr\/produit\/36-plaque-de-cuisson-pour-friteuse-a-air\/\" \/>\n<meta property=\"og:site_name\" content=\"Blackstone Griddles\" \/>\n<meta property=\"article:publisher\" content=\"https:\/\/www.facebook.com\/blackstoneproducts\/\" \/>\n<meta property=\"article:modified_time\" content=\"2026-04-08T17:00:26+00:00\" \/>\n<meta property=\"og:image\" content=\"https:\/\/blackstonegriddles.ca\/wp-content\/uploads\/2020\/11\/bl1868-2.jpeg\" \/>\n\t<meta property=\"og:image:width\" content=\"612\" \/>\n\t<meta property=\"og:image:height\" content=\"612\" \/>\n\t<meta property=\"og:image:type\" content=\"image\/jpeg\" \/>\n<meta name=\"twitter:card\" content=\"summary_large_image\" \/>\n<meta name=\"twitter:site\" content=\"@weareblackstone\" \/>\n<meta name=\"twitter:label1\" content=\"Estimation du temps de lecture\" \/>\n\t<meta name=\"twitter:data1\" content=\"1 minute\" \/>\n<script type=\"application\/ld+json\" class=\"yoast-schema-graph\">{\"@context\":\"https:\\\/\\\/schema.org\",\"@graph\":[{\"@type\":\"WebPage\",\"@id\":\"https:\\\/\\\/blackstonegriddles.ca\\\/product\\\/36-air-fryer-griddle\\\/\",\"url\":\"https:\\\/\\\/blackstonegriddles.ca\\\/product\\\/36-air-fryer-griddle\\\/\",\"name\":\"Blackstone 36\\\" Griddle Plus Series Griddle with Air Fryer and Hood - Blackstone Griddles\",\"isPartOf\":{\"@id\":\"https:\\\/\\\/blackstonegriddles.ca\\\/#website\"},\"primaryImageOfPage\":{\"@id\":\"https:\\\/\\\/blackstonegriddles.ca\\\/product\\\/36-air-fryer-griddle\\\/#primaryimage\"},\"image\":{\"@id\":\"https:\\\/\\\/blackstonegriddles.ca\\\/product\\\/36-air-fryer-griddle\\\/#primaryimage\"},\"thumbnailUrl\":\"https:\\\/\\\/blackstonegriddles.ca\\\/wp-content\\\/uploads\\\/2020\\\/11\\\/bl1868-2.jpeg\",\"datePublished\":\"2020-11-27T16:22:30+00:00\",\"dateModified\":\"2026-04-08T17:00:26+00:00\",\"breadcrumb\":{\"@id\":\"https:\\\/\\\/blackstonegriddles.ca\\\/product\\\/36-air-fryer-griddle\\\/#breadcrumb\"},\"inLanguage\":\"fr-CA\",\"potentialAction\":[{\"@type\":\"ReadAction\",\"target\":[\"https:\\\/\\\/blackstonegriddles.ca\\\/product\\\/36-air-fryer-griddle\\\/\"]}]},{\"@type\":\"ImageObject\",\"inLanguage\":\"fr-CA\",\"@id\":\"https:\\\/\\\/blackstonegriddles.ca\\\/product\\\/36-air-fryer-griddle\\\/#primaryimage\",\"url\":\"https:\\\/\\\/blackstonegriddles.ca\\\/wp-content\\\/uploads\\\/2020\\\/11\\\/bl1868-2.jpeg\",\"contentUrl\":\"https:\\\/\\\/blackstonegriddles.ca\\\/wp-content\\\/uploads\\\/2020\\\/11\\\/bl1868-2.jpeg\",\"width\":612,\"height\":612},{\"@type\":\"BreadcrumbList\",\"@id\":\"https:\\\/\\\/blackstonegriddles.ca\\\/product\\\/36-air-fryer-griddle\\\/#breadcrumb\",\"itemListElement\":[{\"@type\":\"ListItem\",\"position\":1,\"name\":\"Home\",\"item\":\"https:\\\/\\\/blackstonegriddles.ca\\\/\"},{\"@type\":\"ListItem\",\"position\":2,\"name\":\"Shop\",\"item\":\"https:\\\/\\\/blackstonegriddles.ca\\\/shop\\\/\"},{\"@type\":\"ListItem\",\"position\":3,\"name\":\"Blackstone 36&#8243; Griddle Plus Series Griddle with Air Fryer and Hood\"}]},{\"@type\":\"WebSite\",\"@id\":\"https:\\\/\\\/blackstonegriddles.ca\\\/#website\",\"url\":\"https:\\\/\\\/blackstonegriddles.ca\\\/\",\"name\":\"Blackstone Griddles Canada\",\"description\":\"Blackstone Griddles official licensed dealer Canada\",\"publisher\":{\"@id\":\"https:\\\/\\\/blackstonegriddles.ca\\\/#organization\"},\"potentialAction\":[{\"@type\":\"SearchAction\",\"target\":{\"@type\":\"EntryPoint\",\"urlTemplate\":\"https:\\\/\\\/blackstonegriddles.ca\\\/?s={search_term_string}\"},\"query-input\":{\"@type\":\"PropertyValueSpecification\",\"valueRequired\":true,\"valueName\":\"search_term_string\"}}],\"inLanguage\":\"fr-CA\"},{\"@type\":\"Organization\",\"@id\":\"https:\\\/\\\/blackstonegriddles.ca\\\/#organization\",\"name\":\"Blackstone Griddles Canada\",\"url\":\"https:\\\/\\\/blackstonegriddles.ca\\\/\",\"logo\":{\"@type\":\"ImageObject\",\"inLanguage\":\"fr-CA\",\"@id\":\"https:\\\/\\\/blackstonegriddles.ca\\\/#\\\/schema\\\/logo\\\/image\\\/\",\"url\":\"https:\\\/\\\/blackstonegriddles.ca\\\/wp-content\\\/uploads\\\/2025\\\/02\\\/blackstone-fire-logo.webp\",\"contentUrl\":\"https:\\\/\\\/blackstonegriddles.ca\\\/wp-content\\\/uploads\\\/2025\\\/02\\\/blackstone-fire-logo.webp\",\"width\":53,\"height\":58,\"caption\":\"Blackstone Griddles Canada\"},\"image\":{\"@id\":\"https:\\\/\\\/blackstonegriddles.ca\\\/#\\\/schema\\\/logo\\\/image\\\/\"},\"sameAs\":[\"https:\\\/\\\/www.facebook.com\\\/blackstoneproducts\\\/\",\"https:\\\/\\\/x.com\\\/weareblackstone\",\"https:\\\/\\\/www.instagram.com\\\/blackstoneproducts\\\/\",\"https:\\\/\\\/www.youtube.com\\\/channel\\\/UCr39rimir8y3p-q1iQYidVA\"]}]}<\/script>\n<!-- \/ Yoast SEO plugin. -->","yoast_head_json":{"title":"Blackstone 36\" Griddle Plus Series Griddle avec Air Fryer et Hood - Blackstone Griddles","robots":{"index":"index","follow":"follow","max-snippet":"max-snippet:-1","max-image-preview":"max-image-preview:large","max-video-preview":"max-video-preview:-1"},"canonical":"https:\/\/blackstonegriddles.ca\/fr\/produit\/36-plaque-de-cuisson-pour-friteuse-a-air\/","og_locale":"fr_CA","og_type":"article","og_title":"Blackstone 36\" Griddle Plus Series Griddle with Air Fryer and Hood - Blackstone Griddles","og_description":"With the ALL NEW Blackstone 36\" Griddle With Air Fryer, you can do it all: bake, sear, roast, saut\u00e9, and AirFry. This one of a kind griddle makes cooking the simplest of meals that much more satisfying. The 756-square-inch cooking surface with independent cooking zones provides you with all the room you need to cook meals for large groups of people. With everything you can do with this griddle, you'll be drooling before you can even take it out of the box. We have included all of your favorite features including a hood to protect your griddle top, accessory storage hooks, accessory storage magnets, and dual folding shelves.  &nbsp;  Compatible with cover Item# 5005","og_url":"https:\/\/blackstonegriddles.ca\/fr\/produit\/36-plaque-de-cuisson-pour-friteuse-a-air\/","og_site_name":"Blackstone Griddles","article_publisher":"https:\/\/www.facebook.com\/blackstoneproducts\/","article_modified_time":"2026-04-08T17:00:26+00:00","og_image":[{"width":612,"height":612,"url":"https:\/\/blackstonegriddles.ca\/wp-content\/uploads\/2020\/11\/bl1868-2.jpeg","type":"image\/jpeg"}],"twitter_card":"summary_large_image","twitter_site":"@weareblackstone","twitter_misc":{"Estimation du temps de lecture":"1 minute"},"schema":{"@context":"https:\/\/schema.org","@graph":[{"@type":"WebPage","@id":"https:\/\/blackstonegriddles.ca\/product\/36-air-fryer-griddle\/","url":"https:\/\/blackstonegriddles.ca\/product\/36-air-fryer-griddle\/","name":"Blackstone 36\" Griddle Plus Series Griddle avec Air Fryer et Hood - Blackstone Griddles","isPartOf":{"@id":"https:\/\/blackstonegriddles.ca\/#website"},"primaryImageOfPage":{"@id":"https:\/\/blackstonegriddles.ca\/product\/36-air-fryer-griddle\/#primaryimage"},"image":{"@id":"https:\/\/blackstonegriddles.ca\/product\/36-air-fryer-griddle\/#primaryimage"},"thumbnailUrl":"https:\/\/blackstonegriddles.ca\/wp-content\/uploads\/2020\/11\/bl1868-2.jpeg","datePublished":"2020-11-27T16:22:30+00:00","dateModified":"2026-04-08T17:00:26+00:00","breadcrumb":{"@id":"https:\/\/blackstonegriddles.ca\/product\/36-air-fryer-griddle\/#breadcrumb"},"inLanguage":"fr-CA","potentialAction":[{"@type":"ReadAction","target":["https:\/\/blackstonegriddles.ca\/product\/36-air-fryer-griddle\/"]}]},{"@type":"ImageObject","inLanguage":"fr-CA","@id":"https:\/\/blackstonegriddles.ca\/product\/36-air-fryer-griddle\/#primaryimage","url":"https:\/\/blackstonegriddles.ca\/wp-content\/uploads\/2020\/11\/bl1868-2.jpeg","contentUrl":"https:\/\/blackstonegriddles.ca\/wp-content\/uploads\/2020\/11\/bl1868-2.jpeg","width":612,"height":612},{"@type":"BreadcrumbList","@id":"https:\/\/blackstonegriddles.ca\/product\/36-air-fryer-griddle\/#breadcrumb","itemListElement":[{"@type":"ListItem","position":1,"name":"Home","item":"https:\/\/blackstonegriddles.ca\/"},{"@type":"ListItem","position":2,"name":"Shop","item":"https:\/\/blackstonegriddles.ca\/shop\/"},{"@type":"ListItem","position":3,"name":"Blackstone 36&#8243; Griddle Plus Series Griddle with Air Fryer and Hood"}]},{"@type":"WebSite","@id":"https:\/\/blackstonegriddles.ca\/#website","url":"https:\/\/blackstonegriddles.ca\/","name":"Grils Blackstone Canada","description":"Blackstone Griddles distributeur officiel agr\u00e9\u00e9 Canada","publisher":{"@id":"https:\/\/blackstonegriddles.ca\/#organization"},"potentialAction":[{"@type":"SearchAction","target":{"@type":"EntryPoint","urlTemplate":"https:\/\/blackstonegriddles.ca\/?s={search_term_string}"},"query-input":{"@type":"PropertyValueSpecification","valueRequired":true,"valueName":"search_term_string"}}],"inLanguage":"fr-CA"},{"@type":"Organization","@id":"https:\/\/blackstonegriddles.ca\/#organization","name":"Grils Blackstone Canada","url":"https:\/\/blackstonegriddles.ca\/","logo":{"@type":"ImageObject","inLanguage":"fr-CA","@id":"https:\/\/blackstonegriddles.ca\/#\/schema\/logo\/image\/","url":"https:\/\/blackstonegriddles.ca\/wp-content\/uploads\/2025\/02\/blackstone-fire-logo.webp","contentUrl":"https:\/\/blackstonegriddles.ca\/wp-content\/uploads\/2025\/02\/blackstone-fire-logo.webp","width":53,"height":58,"caption":"Blackstone Griddles Canada"},"image":{"@id":"https:\/\/blackstonegriddles.ca\/#\/schema\/logo\/image\/"},"sameAs":["https:\/\/www.facebook.com\/blackstoneproducts\/","https:\/\/x.com\/weareblackstone","https:\/\/www.instagram.com\/blackstoneproducts\/","https:\/\/www.youtube.com\/channel\/UCr39rimir8y3p-q1iQYidVA"]}]}},"_links":{"self":[{"href":"https:\/\/blackstonegriddles.ca\/fr\/wp-json\/wp\/v2\/product\/20543","targetHints":{"allow":["GET"]}}],"collection":[{"href":"https:\/\/blackstonegriddles.ca\/fr\/wp-json\/wp\/v2\/product"}],"about":[{"href":"https:\/\/blackstonegriddles.ca\/fr\/wp-json\/wp\/v2\/types\/product"}],"wp:featuredmedia":[{"embeddable":true,"href":"https:\/\/blackstonegriddles.ca\/fr\/wp-json\/wp\/v2\/media\/20544"}],"wp:attachment":[{"href":"https:\/\/blackstonegriddles.ca\/fr\/wp-json\/wp\/v2\/media?parent=20543"}],"wp:term":[{"taxonomy":"product_brand","embeddable":true,"href":"https:\/\/blackstonegriddles.ca\/fr\/wp-json\/wp\/v2\/product_brand?post=20543"},{"taxonomy":"product_cat","embeddable":true,"href":"https:\/\/blackstonegriddles.ca\/fr\/wp-json\/wp\/v2\/product_cat?post=20543"},{"taxonomy":"product_tag","embeddable":true,"href":"https:\/\/blackstonegriddles.ca\/fr\/wp-json\/wp\/v2\/product_tag?post=20543"}],"curies":[{"name":"wp","href":"https:\/\/api.w.org\/{rel}","templated":true}]}}