{"id":20588,"date":"2020-11-27T17:09:59","date_gmt":"2020-11-27T17:09:59","guid":{"rendered":"http:\/\/blackstonegriddles.ca\/?post_type=product&#038;p=20588"},"modified":"2025-03-27T15:45:58","modified_gmt":"2025-03-27T15:45:58","slug":"17-hotte-pour-plancha-de-table","status":"publish","type":"product","link":"https:\/\/blackstonegriddles.ca\/fr\/product\/17-tabletop-griddle-hood\/","title":{"rendered":"Hotte de gril de table de 17\u2033 (17\u2033 Tabletop Griddle Hood)"},"content":{"rendered":"<ul class=\"a-unordered-list a-vertical a-spacing-none\">\n<li><span class=\"a-list-item\">Con\u00e7ue pour s'adapter \u00e0 la plaque de cuisson Blackstone 17\u2033 Table Top Griddle -\u00a0<strong>Version graissage avant<\/strong>.<\/span><\/li>\n<li><span class=\"a-list-item\">Permet de garder la plaque de cuisson propre entre les utilisations<\/span><\/li>\n<li><span class=\"a-list-item\">La hotte garde la chaleur \u00e0 l'int\u00e9rieur, ce qui permet de maintenir des temp\u00e9ratures constantes<\/span><\/li>\n<li><span class=\"a-list-item\">Poign\u00e9e r\u00e9sistante \u00e0 la chaleur<\/span><\/li>\n<li><span class=\"a-list-item\">Se fixe et s'enl\u00e8ve facilement pour s'adapter aux pr\u00e9f\u00e9rences de chacun<\/span><\/li>\n<\/ul>\n<p><b>REMARQUE : Avec la hotte attach\u00e9e, la plaque de cuisson ne rentrera pas dans le sac de transport de 17 pouces. De plus, cette hotte n'est pas compatible avec la version \u00e0 graissage arri\u00e8re de la table de 17 pouces.<\/b><\/p>","protected":false},"excerpt":{"rendered":"<p>La hotte personnalis\u00e9e pour le gril de table Blackstone de 17 pouces (version \u00e0 graissage frontal) ajoute de la vari\u00e9t\u00e9 et de la classe \u00e0 votre appareil. Elle permet de garder le dessus de la plaque propre entre les utilisations. La hotte garde la chaleur \u00e0 l'int\u00e9rieur pour des temp\u00e9ratures constantes. La poign\u00e9e est r\u00e9sistante \u00e0 la chaleur. La hotte est facilement amovible et facile \u00e0 installer.<strong>REMARQUE : Cette hotte est con\u00e7ue pour la version \u00e0 graisse avant du gril de table de 17 pouces uniquement et n'est pas compatible avec la version \u00e0 graisse arri\u00e8re.<\/strong><\/p>","protected":false},"featured_media":20591,"template":"","meta":[],"product_brand":[],"product_cat":[155,137],"product_tag":[],"class_list":{"0":"post-20588","1":"product","2":"type-product","3":"status-publish","4":"has-post-thumbnail","6":"product_cat-155","7":"product_cat-covers-and-carry-bags","8":"product_shipping_class-accessories","10":"first","11":"outofstock","12":"taxable","13":"shipping-taxable","14":"purchasable","15":"product-type-simple"},"yoast_head":"<!-- This site is optimized with the Yoast SEO plugin v27.4 - https:\/\/yoast.com\/product\/yoast-seo-wordpress\/ -->\n<title>17&quot; Tabletop Griddle Hood - Blackstone Griddles<\/title>\n<meta name=\"robots\" content=\"index, follow, max-snippet:-1, max-image-preview:large, max-video-preview:-1\" \/>\n<link rel=\"canonical\" href=\"https:\/\/blackstonegriddles.ca\/fr\/produit\/17-hotte-pour-plancha-de-table\/\" \/>\n<meta property=\"og:locale\" content=\"fr_CA\" \/>\n<meta property=\"og:type\" content=\"article\" \/>\n<meta property=\"og:title\" content=\"17&quot; Tabletop Griddle Hood - Blackstone Griddles\" \/>\n<meta property=\"og:description\" content=\"Custom Hood for the Blackstone 17-inch Table Top Griddle (Front Grease version) adds variety and class to your unit. Keep the griddle top clean between uses. Hood also keeps the heat in for consistent temperatures. The grip on the handle is heat resistant. The hood is easily removable and easy to install.NOTE: This hood is designed for front grease version of 17-inch Table Top Griddle Only and is not compatible with the Rear Grease Version.\" \/>\n<meta property=\"og:url\" content=\"https:\/\/blackstonegriddles.ca\/fr\/produit\/17-hotte-pour-plancha-de-table\/\" \/>\n<meta property=\"og:site_name\" content=\"Blackstone Griddles\" \/>\n<meta property=\"article:publisher\" content=\"https:\/\/www.facebook.com\/blackstoneproducts\/\" \/>\n<meta property=\"article:modified_time\" content=\"2025-03-27T15:45:58+00:00\" \/>\n<meta property=\"og:image\" content=\"https:\/\/blackstonegriddles.ca\/wp-content\/uploads\/2020\/11\/5010.jpg\" \/>\n\t<meta property=\"og:image:width\" content=\"1500\" \/>\n\t<meta property=\"og:image:height\" content=\"824\" \/>\n\t<meta property=\"og:image:type\" content=\"image\/jpeg\" \/>\n<meta name=\"twitter:card\" content=\"summary_large_image\" \/>\n<meta name=\"twitter:site\" content=\"@weareblackstone\" \/>\n<script type=\"application\/ld+json\" class=\"yoast-schema-graph\">{\"@context\":\"https:\\\/\\\/schema.org\",\"@graph\":[{\"@type\":\"WebPage\",\"@id\":\"https:\\\/\\\/blackstonegriddles.ca\\\/product\\\/17-tabletop-griddle-hood\\\/\",\"url\":\"https:\\\/\\\/blackstonegriddles.ca\\\/product\\\/17-tabletop-griddle-hood\\\/\",\"name\":\"17\\\" Tabletop Griddle Hood - Blackstone Griddles\",\"isPartOf\":{\"@id\":\"https:\\\/\\\/blackstonegriddles.ca\\\/#website\"},\"primaryImageOfPage\":{\"@id\":\"https:\\\/\\\/blackstonegriddles.ca\\\/product\\\/17-tabletop-griddle-hood\\\/#primaryimage\"},\"image\":{\"@id\":\"https:\\\/\\\/blackstonegriddles.ca\\\/product\\\/17-tabletop-griddle-hood\\\/#primaryimage\"},\"thumbnailUrl\":\"https:\\\/\\\/blackstonegriddles.ca\\\/wp-content\\\/uploads\\\/2020\\\/11\\\/5010.jpg\",\"datePublished\":\"2020-11-27T17:09:59+00:00\",\"dateModified\":\"2025-03-27T15:45:58+00:00\",\"breadcrumb\":{\"@id\":\"https:\\\/\\\/blackstonegriddles.ca\\\/product\\\/17-tabletop-griddle-hood\\\/#breadcrumb\"},\"inLanguage\":\"fr-CA\",\"potentialAction\":[{\"@type\":\"ReadAction\",\"target\":[\"https:\\\/\\\/blackstonegriddles.ca\\\/product\\\/17-tabletop-griddle-hood\\\/\"]}]},{\"@type\":\"ImageObject\",\"inLanguage\":\"fr-CA\",\"@id\":\"https:\\\/\\\/blackstonegriddles.ca\\\/product\\\/17-tabletop-griddle-hood\\\/#primaryimage\",\"url\":\"https:\\\/\\\/blackstonegriddles.ca\\\/wp-content\\\/uploads\\\/2020\\\/11\\\/5010.jpg\",\"contentUrl\":\"https:\\\/\\\/blackstonegriddles.ca\\\/wp-content\\\/uploads\\\/2020\\\/11\\\/5010.jpg\",\"width\":1500,\"height\":824},{\"@type\":\"BreadcrumbList\",\"@id\":\"https:\\\/\\\/blackstonegriddles.ca\\\/product\\\/17-tabletop-griddle-hood\\\/#breadcrumb\",\"itemListElement\":[{\"@type\":\"ListItem\",\"position\":1,\"name\":\"Home\",\"item\":\"https:\\\/\\\/blackstonegriddles.ca\\\/\"},{\"@type\":\"ListItem\",\"position\":2,\"name\":\"Shop\",\"item\":\"https:\\\/\\\/blackstonegriddles.ca\\\/shop\\\/\"},{\"@type\":\"ListItem\",\"position\":3,\"name\":\"17&#8243; Tabletop Griddle Hood\"}]},{\"@type\":\"WebSite\",\"@id\":\"https:\\\/\\\/blackstonegriddles.ca\\\/#website\",\"url\":\"https:\\\/\\\/blackstonegriddles.ca\\\/\",\"name\":\"Blackstone Griddles Canada\",\"description\":\"Blackstone Griddles official licensed dealer Canada\",\"publisher\":{\"@id\":\"https:\\\/\\\/blackstonegriddles.ca\\\/#organization\"},\"potentialAction\":[{\"@type\":\"SearchAction\",\"target\":{\"@type\":\"EntryPoint\",\"urlTemplate\":\"https:\\\/\\\/blackstonegriddles.ca\\\/?s={search_term_string}\"},\"query-input\":{\"@type\":\"PropertyValueSpecification\",\"valueRequired\":true,\"valueName\":\"search_term_string\"}}],\"inLanguage\":\"fr-CA\"},{\"@type\":\"Organization\",\"@id\":\"https:\\\/\\\/blackstonegriddles.ca\\\/#organization\",\"name\":\"Blackstone Griddles Canada\",\"url\":\"https:\\\/\\\/blackstonegriddles.ca\\\/\",\"logo\":{\"@type\":\"ImageObject\",\"inLanguage\":\"fr-CA\",\"@id\":\"https:\\\/\\\/blackstonegriddles.ca\\\/#\\\/schema\\\/logo\\\/image\\\/\",\"url\":\"https:\\\/\\\/blackstonegriddles.ca\\\/wp-content\\\/uploads\\\/2025\\\/02\\\/blackstone-fire-logo.webp\",\"contentUrl\":\"https:\\\/\\\/blackstonegriddles.ca\\\/wp-content\\\/uploads\\\/2025\\\/02\\\/blackstone-fire-logo.webp\",\"width\":53,\"height\":58,\"caption\":\"Blackstone Griddles Canada\"},\"image\":{\"@id\":\"https:\\\/\\\/blackstonegriddles.ca\\\/#\\\/schema\\\/logo\\\/image\\\/\"},\"sameAs\":[\"https:\\\/\\\/www.facebook.com\\\/blackstoneproducts\\\/\",\"https:\\\/\\\/x.com\\\/weareblackstone\",\"https:\\\/\\\/www.instagram.com\\\/blackstoneproducts\\\/\",\"https:\\\/\\\/www.youtube.com\\\/channel\\\/UCr39rimir8y3p-q1iQYidVA\"]}]}<\/script>\n<!-- \/ Yoast SEO plugin. -->","yoast_head_json":{"title":"Hotte de gril de table 17\" - Blackstone Griddles","robots":{"index":"index","follow":"follow","max-snippet":"max-snippet:-1","max-image-preview":"max-image-preview:large","max-video-preview":"max-video-preview:-1"},"canonical":"https:\/\/blackstonegriddles.ca\/fr\/produit\/17-hotte-pour-plancha-de-table\/","og_locale":"fr_CA","og_type":"article","og_title":"17\" Tabletop Griddle Hood - Blackstone Griddles","og_description":"Custom Hood for the Blackstone 17-inch Table Top Griddle (Front Grease version) adds variety and class to your unit. Keep the griddle top clean between uses. Hood also keeps the heat in for consistent temperatures. The grip on the handle is heat resistant. The hood is easily removable and easy to install.NOTE: This hood is designed for front grease version of 17-inch Table Top Griddle Only and is not compatible with the Rear Grease Version.","og_url":"https:\/\/blackstonegriddles.ca\/fr\/produit\/17-hotte-pour-plancha-de-table\/","og_site_name":"Blackstone Griddles","article_publisher":"https:\/\/www.facebook.com\/blackstoneproducts\/","article_modified_time":"2025-03-27T15:45:58+00:00","og_image":[{"width":1500,"height":824,"url":"https:\/\/blackstonegriddles.ca\/wp-content\/uploads\/2020\/11\/5010.jpg","type":"image\/jpeg"}],"twitter_card":"summary_large_image","twitter_site":"@weareblackstone","schema":{"@context":"https:\/\/schema.org","@graph":[{"@type":"WebPage","@id":"https:\/\/blackstonegriddles.ca\/product\/17-tabletop-griddle-hood\/","url":"https:\/\/blackstonegriddles.ca\/product\/17-tabletop-griddle-hood\/","name":"Hotte de gril de table 17\" - Blackstone Griddles","isPartOf":{"@id":"https:\/\/blackstonegriddles.ca\/#website"},"primaryImageOfPage":{"@id":"https:\/\/blackstonegriddles.ca\/product\/17-tabletop-griddle-hood\/#primaryimage"},"image":{"@id":"https:\/\/blackstonegriddles.ca\/product\/17-tabletop-griddle-hood\/#primaryimage"},"thumbnailUrl":"https:\/\/blackstonegriddles.ca\/wp-content\/uploads\/2020\/11\/5010.jpg","datePublished":"2020-11-27T17:09:59+00:00","dateModified":"2025-03-27T15:45:58+00:00","breadcrumb":{"@id":"https:\/\/blackstonegriddles.ca\/product\/17-tabletop-griddle-hood\/#breadcrumb"},"inLanguage":"fr-CA","potentialAction":[{"@type":"ReadAction","target":["https:\/\/blackstonegriddles.ca\/product\/17-tabletop-griddle-hood\/"]}]},{"@type":"ImageObject","inLanguage":"fr-CA","@id":"https:\/\/blackstonegriddles.ca\/product\/17-tabletop-griddle-hood\/#primaryimage","url":"https:\/\/blackstonegriddles.ca\/wp-content\/uploads\/2020\/11\/5010.jpg","contentUrl":"https:\/\/blackstonegriddles.ca\/wp-content\/uploads\/2020\/11\/5010.jpg","width":1500,"height":824},{"@type":"BreadcrumbList","@id":"https:\/\/blackstonegriddles.ca\/product\/17-tabletop-griddle-hood\/#breadcrumb","itemListElement":[{"@type":"ListItem","position":1,"name":"Home","item":"https:\/\/blackstonegriddles.ca\/"},{"@type":"ListItem","position":2,"name":"Shop","item":"https:\/\/blackstonegriddles.ca\/shop\/"},{"@type":"ListItem","position":3,"name":"17&#8243; Tabletop Griddle Hood"}]},{"@type":"WebSite","@id":"https:\/\/blackstonegriddles.ca\/#website","url":"https:\/\/blackstonegriddles.ca\/","name":"Grils Blackstone Canada","description":"Blackstone Griddles distributeur officiel agr\u00e9\u00e9 Canada","publisher":{"@id":"https:\/\/blackstonegriddles.ca\/#organization"},"potentialAction":[{"@type":"SearchAction","target":{"@type":"EntryPoint","urlTemplate":"https:\/\/blackstonegriddles.ca\/?s={search_term_string}"},"query-input":{"@type":"PropertyValueSpecification","valueRequired":true,"valueName":"search_term_string"}}],"inLanguage":"fr-CA"},{"@type":"Organization","@id":"https:\/\/blackstonegriddles.ca\/#organization","name":"Grils Blackstone Canada","url":"https:\/\/blackstonegriddles.ca\/","logo":{"@type":"ImageObject","inLanguage":"fr-CA","@id":"https:\/\/blackstonegriddles.ca\/#\/schema\/logo\/image\/","url":"https:\/\/blackstonegriddles.ca\/wp-content\/uploads\/2025\/02\/blackstone-fire-logo.webp","contentUrl":"https:\/\/blackstonegriddles.ca\/wp-content\/uploads\/2025\/02\/blackstone-fire-logo.webp","width":53,"height":58,"caption":"Blackstone Griddles Canada"},"image":{"@id":"https:\/\/blackstonegriddles.ca\/#\/schema\/logo\/image\/"},"sameAs":["https:\/\/www.facebook.com\/blackstoneproducts\/","https:\/\/x.com\/weareblackstone","https:\/\/www.instagram.com\/blackstoneproducts\/","https:\/\/www.youtube.com\/channel\/UCr39rimir8y3p-q1iQYidVA"]}]}},"_links":{"self":[{"href":"https:\/\/blackstonegriddles.ca\/fr\/wp-json\/wp\/v2\/product\/20588","targetHints":{"allow":["GET"]}}],"collection":[{"href":"https:\/\/blackstonegriddles.ca\/fr\/wp-json\/wp\/v2\/product"}],"about":[{"href":"https:\/\/blackstonegriddles.ca\/fr\/wp-json\/wp\/v2\/types\/product"}],"wp:featuredmedia":[{"embeddable":true,"href":"https:\/\/blackstonegriddles.ca\/fr\/wp-json\/wp\/v2\/media\/20591"}],"wp:attachment":[{"href":"https:\/\/blackstonegriddles.ca\/fr\/wp-json\/wp\/v2\/media?parent=20588"}],"wp:term":[{"taxonomy":"product_brand","embeddable":true,"href":"https:\/\/blackstonegriddles.ca\/fr\/wp-json\/wp\/v2\/product_brand?post=20588"},{"taxonomy":"product_cat","embeddable":true,"href":"https:\/\/blackstonegriddles.ca\/fr\/wp-json\/wp\/v2\/product_cat?post=20588"},{"taxonomy":"product_tag","embeddable":true,"href":"https:\/\/blackstonegriddles.ca\/fr\/wp-json\/wp\/v2\/product_tag?post=20588"}],"curies":[{"name":"wp","href":"https:\/\/api.w.org\/{rel}","templated":true}]}}