{"id":20770,"date":"2021-02-12T19:57:48","date_gmt":"2021-02-12T19:57:48","guid":{"rendered":"https:\/\/blackstonegriddles.ca\/product\/28-air-fryer-griddle-combo"},"modified":"2026-05-07T13:00:38","modified_gmt":"2026-05-07T13:00:38","slug":"28-combinaison-friteuse-plaque-de-cuisson","status":"publish","type":"product","link":"https:\/\/blackstonegriddles.ca\/fr\/product\/28-air-fryer-griddle-combo\/","title":{"rendered":"Blackstone 28\u2033 Griddle Plus Series Griddle avec friteuse \u00e0 air et hotte"},"content":{"rendered":"<p>28\u2033 Air Fryer Griddle &amp; Hood (Electric Air Fryer).2 zones de cuisson principales contr\u00f4l\u00e9es ind\u00e9pendamment avec un total de 34,000 BTU's -plus 13,000 BTU's de performance additionnelle sur le br\u00fbleur Air Fryer.Banni\u00e8re horizontale stylis\u00e9e avec logo BLACKSTONE.Un tiroir actif pour la friteuse (4 qt) et un tiroir chauffant (4 qt).Deux tablettes lat\u00e9rales, bande magn\u00e9tique.Hotte peinte de style ORIGINAL.Syst\u00e8me brevet\u00e9 de gestion des graisses \u00e0 l'arri\u00e8re.Boutons de commande exclusifs Walmart mis \u00e0 jour.Allumage \u00e0 d\u00e9marrage \u00e9lectronique.<\/p>","protected":false},"excerpt":{"rendered":"<p><strong>Compatible avec la couverture Item# 5284<\/strong>Avec la plancha Blackstone 2 feux 28\u2033 avec friteuse \u00e9lectrique et hotte, vous pouvez tout faire : cuire au four, saisir, r\u00f4tir, sauter et frire \u00e0 l'air. Cette plaque combine la simplicit\u00e9 et la facilit\u00e9 de la friture \u00e0 l'air avec l'art pratique de la cuisson au gril pour un m\u00e9lange de styles satisfaisant. 524 pouces carr\u00e9s d'espace de cuisson combin\u00e9s \u00e0 une capacit\u00e9 de friture \u00e0 l'air de 2 pintes pour tout l'espace dont vous avez besoin pour cuisiner des repas pour de grands groupes de personnes. Deux \u00e9tag\u00e8res lat\u00e9rales, une bande magn\u00e9tique pour les accessoires de grillade et des crochets pour les outils offrent un espace de pr\u00e9paration et de stockage pr\u00e9cieux. Une hotte retient la chaleur et r\u00e9duit les \u00e9claboussures, tandis que le syst\u00e8me brevet\u00e9 de gestion des graisses \u00e0 l'arri\u00e8re contr\u00f4le les salissures sur la surface de la plancha. Avec tout ce que vous pouvez faire sur cette plancha, vous serez baveux avant m\u00eame que votre d\u00eener ne soit termin\u00e9. Ce Blackstone aliment\u00e9 au propane et \u00e0 la prise est s\u00fbr d'apporter de nombreux repas d\u00e9licieux \u00e0 la table pour les ann\u00e9es \u00e0 venir.<\/p>","protected":false},"featured_media":21103,"template":"","meta":[],"product_brand":[],"product_cat":[157,248,154,249],"product_tag":[],"class_list":{"0":"post-20770","1":"product","2":"type-product","3":"status-publish","4":"has-post-thumbnail","6":"product_cat-157","7":"product_cat-sale-featured","8":"product_cat-griddles","9":"product_cat-sale","10":"product_shipping_class-140","12":"first","13":"instock","14":"sale","15":"taxable","16":"shipping-taxable","17":"purchasable","18":"product-type-simple"},"yoast_head":"<!-- This site is optimized with the Yoast SEO plugin v27.5 - https:\/\/yoast.com\/product\/yoast-seo-wordpress\/ -->\n<title>Blackstone 28&quot; Griddle Plus Series Griddle with Air Fryer and Hood - Blackstone Griddles<\/title>\n<meta name=\"robots\" content=\"index, follow, max-snippet:-1, max-image-preview:large, max-video-preview:-1\" \/>\n<link rel=\"canonical\" href=\"https:\/\/blackstonegriddles.ca\/fr\/produit\/28-combinaison-friteuse-plaque-de-cuisson\/\" \/>\n<meta property=\"og:locale\" content=\"fr_CA\" \/>\n<meta property=\"og:type\" content=\"article\" \/>\n<meta property=\"og:title\" content=\"Blackstone 28&quot; Griddle Plus Series Griddle with Air Fryer and Hood - Blackstone Griddles\" \/>\n<meta property=\"og:description\" content=\"Compatible with cover Item# 5284With the Blackstone 2-Burner 28&quot; Griddle with Electric Air Fryer and Hood, you can do it all: bake, sear, roast, saut\u00e9, and air fry. This griddle combines the simplicity and ease of air frying with the hands-on art of griddling for a satisfying blend of styles. 524 Square inches of cooking space combine with 2 quarts air frying capacity for all the space you need to cook meals for large groups of people. Two side shelves, a magnetic strip for griddling accessories, and tool hooks provide precious prep and storage space. A hood retains heat and reduces splatter while patented rear grease management controls the mess on the griddle surface. With everything you can do on this griddle, you&#039;ll be drooling before your dinner is done. This propane and plug powered Blackstone is sure to bring lots of delicious meals to the table for years to come.\" \/>\n<meta property=\"og:url\" content=\"https:\/\/blackstonegriddles.ca\/fr\/produit\/28-combinaison-friteuse-plaque-de-cuisson\/\" \/>\n<meta property=\"og:site_name\" content=\"Blackstone Griddles\" \/>\n<meta property=\"article:publisher\" content=\"https:\/\/www.facebook.com\/blackstoneproducts\/\" \/>\n<meta property=\"article:modified_time\" content=\"2026-05-07T13:00:38+00:00\" \/>\n<meta property=\"og:image\" content=\"https:\/\/blackstonegriddles.ca\/wp-content\/uploads\/2021\/02\/1785-2-1.jpg\" \/>\n\t<meta property=\"og:image:width\" content=\"936\" \/>\n\t<meta property=\"og:image:height\" content=\"1024\" \/>\n\t<meta property=\"og:image:type\" content=\"image\/jpeg\" \/>\n<meta name=\"twitter:card\" content=\"summary_large_image\" \/>\n<meta name=\"twitter:site\" content=\"@weareblackstone\" \/>\n<meta name=\"twitter:label1\" content=\"Estimation du temps de lecture\" \/>\n\t<meta name=\"twitter:data1\" content=\"1 minute\" \/>\n<script type=\"application\/ld+json\" class=\"yoast-schema-graph\">{\"@context\":\"https:\\\/\\\/schema.org\",\"@graph\":[{\"@type\":\"WebPage\",\"@id\":\"https:\\\/\\\/blackstonegriddles.ca\\\/product\\\/28-air-fryer-griddle-combo\\\/\",\"url\":\"https:\\\/\\\/blackstonegriddles.ca\\\/product\\\/28-air-fryer-griddle-combo\\\/\",\"name\":\"Blackstone 28\\\" Griddle Plus Series Griddle with Air Fryer and Hood - Blackstone Griddles\",\"isPartOf\":{\"@id\":\"https:\\\/\\\/blackstonegriddles.ca\\\/#website\"},\"primaryImageOfPage\":{\"@id\":\"https:\\\/\\\/blackstonegriddles.ca\\\/product\\\/28-air-fryer-griddle-combo\\\/#primaryimage\"},\"image\":{\"@id\":\"https:\\\/\\\/blackstonegriddles.ca\\\/product\\\/28-air-fryer-griddle-combo\\\/#primaryimage\"},\"thumbnailUrl\":\"https:\\\/\\\/blackstonegriddles.ca\\\/wp-content\\\/uploads\\\/2021\\\/02\\\/1785-2-1.jpg\",\"datePublished\":\"2021-02-12T19:57:48+00:00\",\"dateModified\":\"2026-05-07T13:00:38+00:00\",\"breadcrumb\":{\"@id\":\"https:\\\/\\\/blackstonegriddles.ca\\\/product\\\/28-air-fryer-griddle-combo\\\/#breadcrumb\"},\"inLanguage\":\"fr-CA\",\"potentialAction\":[{\"@type\":\"ReadAction\",\"target\":[\"https:\\\/\\\/blackstonegriddles.ca\\\/product\\\/28-air-fryer-griddle-combo\\\/\"]}]},{\"@type\":\"ImageObject\",\"inLanguage\":\"fr-CA\",\"@id\":\"https:\\\/\\\/blackstonegriddles.ca\\\/product\\\/28-air-fryer-griddle-combo\\\/#primaryimage\",\"url\":\"https:\\\/\\\/blackstonegriddles.ca\\\/wp-content\\\/uploads\\\/2021\\\/02\\\/1785-2-1.jpg\",\"contentUrl\":\"https:\\\/\\\/blackstonegriddles.ca\\\/wp-content\\\/uploads\\\/2021\\\/02\\\/1785-2-1.jpg\",\"width\":936,\"height\":1024},{\"@type\":\"BreadcrumbList\",\"@id\":\"https:\\\/\\\/blackstonegriddles.ca\\\/product\\\/28-air-fryer-griddle-combo\\\/#breadcrumb\",\"itemListElement\":[{\"@type\":\"ListItem\",\"position\":1,\"name\":\"Home\",\"item\":\"https:\\\/\\\/blackstonegriddles.ca\\\/\"},{\"@type\":\"ListItem\",\"position\":2,\"name\":\"Shop\",\"item\":\"https:\\\/\\\/blackstonegriddles.ca\\\/shop\\\/\"},{\"@type\":\"ListItem\",\"position\":3,\"name\":\"Blackstone 28&#8243; Griddle Plus Series Griddle with Air Fryer and Hood\"}]},{\"@type\":\"WebSite\",\"@id\":\"https:\\\/\\\/blackstonegriddles.ca\\\/#website\",\"url\":\"https:\\\/\\\/blackstonegriddles.ca\\\/\",\"name\":\"Blackstone Griddles Canada\",\"description\":\"Blackstone Griddles official licensed dealer Canada\",\"publisher\":{\"@id\":\"https:\\\/\\\/blackstonegriddles.ca\\\/#organization\"},\"potentialAction\":[{\"@type\":\"SearchAction\",\"target\":{\"@type\":\"EntryPoint\",\"urlTemplate\":\"https:\\\/\\\/blackstonegriddles.ca\\\/?s={search_term_string}\"},\"query-input\":{\"@type\":\"PropertyValueSpecification\",\"valueRequired\":true,\"valueName\":\"search_term_string\"}}],\"inLanguage\":\"fr-CA\"},{\"@type\":\"Organization\",\"@id\":\"https:\\\/\\\/blackstonegriddles.ca\\\/#organization\",\"name\":\"Blackstone Griddles Canada\",\"url\":\"https:\\\/\\\/blackstonegriddles.ca\\\/\",\"logo\":{\"@type\":\"ImageObject\",\"inLanguage\":\"fr-CA\",\"@id\":\"https:\\\/\\\/blackstonegriddles.ca\\\/#\\\/schema\\\/logo\\\/image\\\/\",\"url\":\"https:\\\/\\\/blackstonegriddles.ca\\\/wp-content\\\/uploads\\\/2025\\\/02\\\/blackstone-fire-logo.webp\",\"contentUrl\":\"https:\\\/\\\/blackstonegriddles.ca\\\/wp-content\\\/uploads\\\/2025\\\/02\\\/blackstone-fire-logo.webp\",\"width\":53,\"height\":58,\"caption\":\"Blackstone Griddles Canada\"},\"image\":{\"@id\":\"https:\\\/\\\/blackstonegriddles.ca\\\/#\\\/schema\\\/logo\\\/image\\\/\"},\"sameAs\":[\"https:\\\/\\\/www.facebook.com\\\/blackstoneproducts\\\/\",\"https:\\\/\\\/x.com\\\/weareblackstone\",\"https:\\\/\\\/www.instagram.com\\\/blackstoneproducts\\\/\",\"https:\\\/\\\/www.youtube.com\\\/channel\\\/UCr39rimir8y3p-q1iQYidVA\"]}]}<\/script>\n<!-- \/ Yoast SEO plugin. -->","yoast_head_json":{"title":"Blackstone 28\" Griddle Plus Series Griddle avec Air Fryer et Hood - Blackstone Griddles","robots":{"index":"index","follow":"follow","max-snippet":"max-snippet:-1","max-image-preview":"max-image-preview:large","max-video-preview":"max-video-preview:-1"},"canonical":"https:\/\/blackstonegriddles.ca\/fr\/produit\/28-combinaison-friteuse-plaque-de-cuisson\/","og_locale":"fr_CA","og_type":"article","og_title":"Blackstone 28\" Griddle Plus Series Griddle with Air Fryer and Hood - Blackstone Griddles","og_description":"Compatible with cover Item# 5284With the Blackstone 2-Burner 28\" Griddle with Electric Air Fryer and Hood, you can do it all: bake, sear, roast, saut\u00e9, and air fry. This griddle combines the simplicity and ease of air frying with the hands-on art of griddling for a satisfying blend of styles. 524 Square inches of cooking space combine with 2 quarts air frying capacity for all the space you need to cook meals for large groups of people. Two side shelves, a magnetic strip for griddling accessories, and tool hooks provide precious prep and storage space. A hood retains heat and reduces splatter while patented rear grease management controls the mess on the griddle surface. With everything you can do on this griddle, you'll be drooling before your dinner is done. This propane and plug powered Blackstone is sure to bring lots of delicious meals to the table for years to come.","og_url":"https:\/\/blackstonegriddles.ca\/fr\/produit\/28-combinaison-friteuse-plaque-de-cuisson\/","og_site_name":"Blackstone Griddles","article_publisher":"https:\/\/www.facebook.com\/blackstoneproducts\/","article_modified_time":"2026-05-07T13:00:38+00:00","og_image":[{"width":936,"height":1024,"url":"https:\/\/blackstonegriddles.ca\/wp-content\/uploads\/2021\/02\/1785-2-1.jpg","type":"image\/jpeg"}],"twitter_card":"summary_large_image","twitter_site":"@weareblackstone","twitter_misc":{"Estimation du temps de lecture":"1 minute"},"schema":{"@context":"https:\/\/schema.org","@graph":[{"@type":"WebPage","@id":"https:\/\/blackstonegriddles.ca\/product\/28-air-fryer-griddle-combo\/","url":"https:\/\/blackstonegriddles.ca\/product\/28-air-fryer-griddle-combo\/","name":"Blackstone 28\" Griddle Plus Series Griddle avec Air Fryer et Hood - Blackstone Griddles","isPartOf":{"@id":"https:\/\/blackstonegriddles.ca\/#website"},"primaryImageOfPage":{"@id":"https:\/\/blackstonegriddles.ca\/product\/28-air-fryer-griddle-combo\/#primaryimage"},"image":{"@id":"https:\/\/blackstonegriddles.ca\/product\/28-air-fryer-griddle-combo\/#primaryimage"},"thumbnailUrl":"https:\/\/blackstonegriddles.ca\/wp-content\/uploads\/2021\/02\/1785-2-1.jpg","datePublished":"2021-02-12T19:57:48+00:00","dateModified":"2026-05-07T13:00:38+00:00","breadcrumb":{"@id":"https:\/\/blackstonegriddles.ca\/product\/28-air-fryer-griddle-combo\/#breadcrumb"},"inLanguage":"fr-CA","potentialAction":[{"@type":"ReadAction","target":["https:\/\/blackstonegriddles.ca\/product\/28-air-fryer-griddle-combo\/"]}]},{"@type":"ImageObject","inLanguage":"fr-CA","@id":"https:\/\/blackstonegriddles.ca\/product\/28-air-fryer-griddle-combo\/#primaryimage","url":"https:\/\/blackstonegriddles.ca\/wp-content\/uploads\/2021\/02\/1785-2-1.jpg","contentUrl":"https:\/\/blackstonegriddles.ca\/wp-content\/uploads\/2021\/02\/1785-2-1.jpg","width":936,"height":1024},{"@type":"BreadcrumbList","@id":"https:\/\/blackstonegriddles.ca\/product\/28-air-fryer-griddle-combo\/#breadcrumb","itemListElement":[{"@type":"ListItem","position":1,"name":"Home","item":"https:\/\/blackstonegriddles.ca\/"},{"@type":"ListItem","position":2,"name":"Shop","item":"https:\/\/blackstonegriddles.ca\/shop\/"},{"@type":"ListItem","position":3,"name":"Blackstone 28&#8243; Griddle Plus Series Griddle with Air Fryer and Hood"}]},{"@type":"WebSite","@id":"https:\/\/blackstonegriddles.ca\/#website","url":"https:\/\/blackstonegriddles.ca\/","name":"Grils Blackstone Canada","description":"Blackstone Griddles distributeur officiel agr\u00e9\u00e9 Canada","publisher":{"@id":"https:\/\/blackstonegriddles.ca\/#organization"},"potentialAction":[{"@type":"SearchAction","target":{"@type":"EntryPoint","urlTemplate":"https:\/\/blackstonegriddles.ca\/?s={search_term_string}"},"query-input":{"@type":"PropertyValueSpecification","valueRequired":true,"valueName":"search_term_string"}}],"inLanguage":"fr-CA"},{"@type":"Organization","@id":"https:\/\/blackstonegriddles.ca\/#organization","name":"Grils Blackstone Canada","url":"https:\/\/blackstonegriddles.ca\/","logo":{"@type":"ImageObject","inLanguage":"fr-CA","@id":"https:\/\/blackstonegriddles.ca\/#\/schema\/logo\/image\/","url":"https:\/\/blackstonegriddles.ca\/wp-content\/uploads\/2025\/02\/blackstone-fire-logo.webp","contentUrl":"https:\/\/blackstonegriddles.ca\/wp-content\/uploads\/2025\/02\/blackstone-fire-logo.webp","width":53,"height":58,"caption":"Blackstone Griddles Canada"},"image":{"@id":"https:\/\/blackstonegriddles.ca\/#\/schema\/logo\/image\/"},"sameAs":["https:\/\/www.facebook.com\/blackstoneproducts\/","https:\/\/x.com\/weareblackstone","https:\/\/www.instagram.com\/blackstoneproducts\/","https:\/\/www.youtube.com\/channel\/UCr39rimir8y3p-q1iQYidVA"]}]}},"_links":{"self":[{"href":"https:\/\/blackstonegriddles.ca\/fr\/wp-json\/wp\/v2\/product\/20770","targetHints":{"allow":["GET"]}}],"collection":[{"href":"https:\/\/blackstonegriddles.ca\/fr\/wp-json\/wp\/v2\/product"}],"about":[{"href":"https:\/\/blackstonegriddles.ca\/fr\/wp-json\/wp\/v2\/types\/product"}],"wp:featuredmedia":[{"embeddable":true,"href":"https:\/\/blackstonegriddles.ca\/fr\/wp-json\/wp\/v2\/media\/21103"}],"wp:attachment":[{"href":"https:\/\/blackstonegriddles.ca\/fr\/wp-json\/wp\/v2\/media?parent=20770"}],"wp:term":[{"taxonomy":"product_brand","embeddable":true,"href":"https:\/\/blackstonegriddles.ca\/fr\/wp-json\/wp\/v2\/product_brand?post=20770"},{"taxonomy":"product_cat","embeddable":true,"href":"https:\/\/blackstonegriddles.ca\/fr\/wp-json\/wp\/v2\/product_cat?post=20770"},{"taxonomy":"product_tag","embeddable":true,"href":"https:\/\/blackstonegriddles.ca\/fr\/wp-json\/wp\/v2\/product_tag?post=20770"}],"curies":[{"name":"wp","href":"https:\/\/api.w.org\/{rel}","templated":true}]}}