{"id":20782,"date":"2021-02-12T19:57:54","date_gmt":"2021-02-12T19:57:54","guid":{"rendered":"https:\/\/blackstonegriddles.ca\/product\/griddle-bundle-carry-bag-only-for-17-or-22-tabletop-griddles"},"modified":"2026-04-15T17:31:38","modified_gmt":"2026-04-15T17:31:38","slug":"sac-de-transport-de-lensemble-de-grilles-uniquement-pour-les-grilles-de-table-17-ou-22","status":"publish","type":"product","link":"https:\/\/blackstonegriddles.ca\/fr\/product\/griddle-bundle-carry-bag-only-for-17-or-22-tabletop-griddles\/","title":{"rendered":"Sac de transport pour plancha Blackstone Original Series 17\" ou 22\" avec couvercle"},"content":{"rendered":"<p>Con\u00e7ue pour s'adapter \u00e0 la plaque de gril de table de 17 ou 22\u2033, avec hotte et support (vendus s\u00e9par\u00e9ment)Fabriqu\u00e9e en polyester 600 D tr\u00e8s r\u00e9sistantPoign\u00e9e et fermeture \u00e0 glissi\u00e8re tr\u00e8s r\u00e9sistantesR\u00e9sistance aux intemp\u00e9ries pour prot\u00e9ger votre investissement<\/p>","protected":false},"excerpt":{"rendered":"<p>Sac de transport pour gril con\u00e7u sur mesure pour le gril de table Blackstone 17\u2033 ou 22\u2033, avec la hotte et le support (vendus s\u00e9par\u00e9ment). Prot\u00e9gez votre investissement avec ce sac robuste fabriqu\u00e9 en polyester 600 D. Il est \u00e9quip\u00e9 d'une fermeture \u00e9clair durable et d'une poign\u00e9e pour faciliter le transport de votre plancha dans vos endroits pr\u00e9f\u00e9r\u00e9s!R\u00e9sistant aux intemp\u00e9ries.<\/p>","protected":false},"featured_media":20815,"template":"","meta":[],"product_brand":[],"product_cat":[155,156,137,249],"product_tag":[],"class_list":{"0":"post-20782","1":"product","2":"type-product","3":"status-publish","4":"has-post-thumbnail","6":"product_cat-155","7":"product_cat-156","8":"product_cat-covers-and-carry-bags","9":"product_cat-sale","10":"product_shipping_class-accessories","12":"first","13":"instock","14":"sale","15":"taxable","16":"shipping-taxable","17":"purchasable","18":"product-type-simple"},"yoast_head":"<!-- This site is optimized with the Yoast SEO plugin v27.4 - https:\/\/yoast.com\/product\/yoast-seo-wordpress\/ -->\n<title>Blackstone Original Series Carrying Bag for 17&quot; or 22&quot; Tabletop Griddle with Hood - Blackstone Griddles<\/title>\n<meta name=\"robots\" content=\"index, follow, max-snippet:-1, max-image-preview:large, max-video-preview:-1\" \/>\n<link rel=\"canonical\" href=\"https:\/\/blackstonegriddles.ca\/fr\/produit\/sac-de-transport-de-lensemble-de-grilles-uniquement-pour-les-grilles-de-table-17-ou-22\/\" \/>\n<meta property=\"og:locale\" content=\"fr_CA\" \/>\n<meta property=\"og:type\" content=\"article\" \/>\n<meta property=\"og:title\" content=\"Blackstone Original Series Carrying Bag for 17&quot; or 22&quot; Tabletop Griddle with Hood - Blackstone Griddles\" \/>\n<meta property=\"og:description\" content=\"Custom designed Griddle Bundle Carry bag to fit the Blackstone 17&quot; or 22&quot; Tabletop Griddle, with hood and stand (sold separately). Protect your investment with this heavy duty bag made with 600 D Polyester. Featured with a durable zipper and handle to make transporting an ease to bring your griddle to your favorite locations!Weather Resistant.\" \/>\n<meta property=\"og:url\" content=\"https:\/\/blackstonegriddles.ca\/fr\/produit\/sac-de-transport-de-lensemble-de-grilles-uniquement-pour-les-grilles-de-table-17-ou-22\/\" \/>\n<meta property=\"og:site_name\" content=\"Blackstone Griddles\" \/>\n<meta property=\"article:publisher\" content=\"https:\/\/www.facebook.com\/blackstoneproducts\/\" \/>\n<meta property=\"article:modified_time\" content=\"2026-04-15T17:31:38+00:00\" \/>\n<meta property=\"og:image\" content=\"https:\/\/blackstonegriddles.ca\/wp-content\/uploads\/2021\/02\/5035-1.jpg\" \/>\n\t<meta property=\"og:image:width\" content=\"800\" \/>\n\t<meta property=\"og:image:height\" content=\"640\" \/>\n\t<meta property=\"og:image:type\" content=\"image\/jpeg\" \/>\n<meta name=\"twitter:card\" content=\"summary_large_image\" \/>\n<meta name=\"twitter:site\" content=\"@weareblackstone\" \/>\n<meta name=\"twitter:label1\" content=\"Estimation du temps de lecture\" \/>\n\t<meta name=\"twitter:data1\" content=\"1 minute\" \/>\n<script type=\"application\/ld+json\" class=\"yoast-schema-graph\">{\"@context\":\"https:\\\/\\\/schema.org\",\"@graph\":[{\"@type\":\"WebPage\",\"@id\":\"https:\\\/\\\/blackstonegriddles.ca\\\/product\\\/griddle-bundle-carry-bag-only-for-17-or-22-tabletop-griddles\\\/\",\"url\":\"https:\\\/\\\/blackstonegriddles.ca\\\/product\\\/griddle-bundle-carry-bag-only-for-17-or-22-tabletop-griddles\\\/\",\"name\":\"Blackstone Original Series Carrying Bag for 17\\\" or 22\\\" Tabletop Griddle with Hood - Blackstone Griddles\",\"isPartOf\":{\"@id\":\"https:\\\/\\\/blackstonegriddles.ca\\\/#website\"},\"primaryImageOfPage\":{\"@id\":\"https:\\\/\\\/blackstonegriddles.ca\\\/product\\\/griddle-bundle-carry-bag-only-for-17-or-22-tabletop-griddles\\\/#primaryimage\"},\"image\":{\"@id\":\"https:\\\/\\\/blackstonegriddles.ca\\\/product\\\/griddle-bundle-carry-bag-only-for-17-or-22-tabletop-griddles\\\/#primaryimage\"},\"thumbnailUrl\":\"https:\\\/\\\/blackstonegriddles.ca\\\/wp-content\\\/uploads\\\/2021\\\/02\\\/5035-1.jpg\",\"datePublished\":\"2021-02-12T19:57:54+00:00\",\"dateModified\":\"2026-04-15T17:31:38+00:00\",\"breadcrumb\":{\"@id\":\"https:\\\/\\\/blackstonegriddles.ca\\\/product\\\/griddle-bundle-carry-bag-only-for-17-or-22-tabletop-griddles\\\/#breadcrumb\"},\"inLanguage\":\"fr-CA\",\"potentialAction\":[{\"@type\":\"ReadAction\",\"target\":[\"https:\\\/\\\/blackstonegriddles.ca\\\/product\\\/griddle-bundle-carry-bag-only-for-17-or-22-tabletop-griddles\\\/\"]}]},{\"@type\":\"ImageObject\",\"inLanguage\":\"fr-CA\",\"@id\":\"https:\\\/\\\/blackstonegriddles.ca\\\/product\\\/griddle-bundle-carry-bag-only-for-17-or-22-tabletop-griddles\\\/#primaryimage\",\"url\":\"https:\\\/\\\/blackstonegriddles.ca\\\/wp-content\\\/uploads\\\/2021\\\/02\\\/5035-1.jpg\",\"contentUrl\":\"https:\\\/\\\/blackstonegriddles.ca\\\/wp-content\\\/uploads\\\/2021\\\/02\\\/5035-1.jpg\",\"width\":800,\"height\":640},{\"@type\":\"BreadcrumbList\",\"@id\":\"https:\\\/\\\/blackstonegriddles.ca\\\/product\\\/griddle-bundle-carry-bag-only-for-17-or-22-tabletop-griddles\\\/#breadcrumb\",\"itemListElement\":[{\"@type\":\"ListItem\",\"position\":1,\"name\":\"Home\",\"item\":\"https:\\\/\\\/blackstonegriddles.ca\\\/\"},{\"@type\":\"ListItem\",\"position\":2,\"name\":\"Shop\",\"item\":\"https:\\\/\\\/blackstonegriddles.ca\\\/shop\\\/\"},{\"@type\":\"ListItem\",\"position\":3,\"name\":\"Blackstone Original Series Carrying Bag for 17&#8243; or 22&#8243; Tabletop Griddle with Hood\"}]},{\"@type\":\"WebSite\",\"@id\":\"https:\\\/\\\/blackstonegriddles.ca\\\/#website\",\"url\":\"https:\\\/\\\/blackstonegriddles.ca\\\/\",\"name\":\"Blackstone Griddles Canada\",\"description\":\"Blackstone Griddles official licensed dealer Canada\",\"publisher\":{\"@id\":\"https:\\\/\\\/blackstonegriddles.ca\\\/#organization\"},\"potentialAction\":[{\"@type\":\"SearchAction\",\"target\":{\"@type\":\"EntryPoint\",\"urlTemplate\":\"https:\\\/\\\/blackstonegriddles.ca\\\/?s={search_term_string}\"},\"query-input\":{\"@type\":\"PropertyValueSpecification\",\"valueRequired\":true,\"valueName\":\"search_term_string\"}}],\"inLanguage\":\"fr-CA\"},{\"@type\":\"Organization\",\"@id\":\"https:\\\/\\\/blackstonegriddles.ca\\\/#organization\",\"name\":\"Blackstone Griddles Canada\",\"url\":\"https:\\\/\\\/blackstonegriddles.ca\\\/\",\"logo\":{\"@type\":\"ImageObject\",\"inLanguage\":\"fr-CA\",\"@id\":\"https:\\\/\\\/blackstonegriddles.ca\\\/#\\\/schema\\\/logo\\\/image\\\/\",\"url\":\"https:\\\/\\\/blackstonegriddles.ca\\\/wp-content\\\/uploads\\\/2025\\\/02\\\/blackstone-fire-logo.webp\",\"contentUrl\":\"https:\\\/\\\/blackstonegriddles.ca\\\/wp-content\\\/uploads\\\/2025\\\/02\\\/blackstone-fire-logo.webp\",\"width\":53,\"height\":58,\"caption\":\"Blackstone Griddles Canada\"},\"image\":{\"@id\":\"https:\\\/\\\/blackstonegriddles.ca\\\/#\\\/schema\\\/logo\\\/image\\\/\"},\"sameAs\":[\"https:\\\/\\\/www.facebook.com\\\/blackstoneproducts\\\/\",\"https:\\\/\\\/x.com\\\/weareblackstone\",\"https:\\\/\\\/www.instagram.com\\\/blackstoneproducts\\\/\",\"https:\\\/\\\/www.youtube.com\\\/channel\\\/UCr39rimir8y3p-q1iQYidVA\"]}]}<\/script>\n<!-- \/ Yoast SEO plugin. -->","yoast_head_json":{"title":"Housse de transport Blackstone Original Series pour plancha de table 17\" ou 22\" avec couvercle - Planchas Blackstone","robots":{"index":"index","follow":"follow","max-snippet":"max-snippet:-1","max-image-preview":"max-image-preview:large","max-video-preview":"max-video-preview:-1"},"canonical":"https:\/\/blackstonegriddles.ca\/fr\/produit\/sac-de-transport-de-lensemble-de-grilles-uniquement-pour-les-grilles-de-table-17-ou-22\/","og_locale":"fr_CA","og_type":"article","og_title":"Blackstone Original Series Carrying Bag for 17\" or 22\" Tabletop Griddle with Hood - Blackstone Griddles","og_description":"Custom designed Griddle Bundle Carry bag to fit the Blackstone 17\" or 22\" Tabletop Griddle, with hood and stand (sold separately). Protect your investment with this heavy duty bag made with 600 D Polyester. Featured with a durable zipper and handle to make transporting an ease to bring your griddle to your favorite locations!Weather Resistant.","og_url":"https:\/\/blackstonegriddles.ca\/fr\/produit\/sac-de-transport-de-lensemble-de-grilles-uniquement-pour-les-grilles-de-table-17-ou-22\/","og_site_name":"Blackstone Griddles","article_publisher":"https:\/\/www.facebook.com\/blackstoneproducts\/","article_modified_time":"2026-04-15T17:31:38+00:00","og_image":[{"width":800,"height":640,"url":"https:\/\/blackstonegriddles.ca\/wp-content\/uploads\/2021\/02\/5035-1.jpg","type":"image\/jpeg"}],"twitter_card":"summary_large_image","twitter_site":"@weareblackstone","twitter_misc":{"Estimation du temps de lecture":"1 minute"},"schema":{"@context":"https:\/\/schema.org","@graph":[{"@type":"WebPage","@id":"https:\/\/blackstonegriddles.ca\/product\/griddle-bundle-carry-bag-only-for-17-or-22-tabletop-griddles\/","url":"https:\/\/blackstonegriddles.ca\/product\/griddle-bundle-carry-bag-only-for-17-or-22-tabletop-griddles\/","name":"Housse de transport Blackstone Original Series pour plancha de table 17\" ou 22\" avec couvercle - Planchas Blackstone","isPartOf":{"@id":"https:\/\/blackstonegriddles.ca\/#website"},"primaryImageOfPage":{"@id":"https:\/\/blackstonegriddles.ca\/product\/griddle-bundle-carry-bag-only-for-17-or-22-tabletop-griddles\/#primaryimage"},"image":{"@id":"https:\/\/blackstonegriddles.ca\/product\/griddle-bundle-carry-bag-only-for-17-or-22-tabletop-griddles\/#primaryimage"},"thumbnailUrl":"https:\/\/blackstonegriddles.ca\/wp-content\/uploads\/2021\/02\/5035-1.jpg","datePublished":"2021-02-12T19:57:54+00:00","dateModified":"2026-04-15T17:31:38+00:00","breadcrumb":{"@id":"https:\/\/blackstonegriddles.ca\/product\/griddle-bundle-carry-bag-only-for-17-or-22-tabletop-griddles\/#breadcrumb"},"inLanguage":"fr-CA","potentialAction":[{"@type":"ReadAction","target":["https:\/\/blackstonegriddles.ca\/product\/griddle-bundle-carry-bag-only-for-17-or-22-tabletop-griddles\/"]}]},{"@type":"ImageObject","inLanguage":"fr-CA","@id":"https:\/\/blackstonegriddles.ca\/product\/griddle-bundle-carry-bag-only-for-17-or-22-tabletop-griddles\/#primaryimage","url":"https:\/\/blackstonegriddles.ca\/wp-content\/uploads\/2021\/02\/5035-1.jpg","contentUrl":"https:\/\/blackstonegriddles.ca\/wp-content\/uploads\/2021\/02\/5035-1.jpg","width":800,"height":640},{"@type":"BreadcrumbList","@id":"https:\/\/blackstonegriddles.ca\/product\/griddle-bundle-carry-bag-only-for-17-or-22-tabletop-griddles\/#breadcrumb","itemListElement":[{"@type":"ListItem","position":1,"name":"Home","item":"https:\/\/blackstonegriddles.ca\/"},{"@type":"ListItem","position":2,"name":"Shop","item":"https:\/\/blackstonegriddles.ca\/shop\/"},{"@type":"ListItem","position":3,"name":"Blackstone Original Series Carrying Bag for 17&#8243; or 22&#8243; Tabletop Griddle with Hood"}]},{"@type":"WebSite","@id":"https:\/\/blackstonegriddles.ca\/#website","url":"https:\/\/blackstonegriddles.ca\/","name":"Grils Blackstone Canada","description":"Blackstone Griddles distributeur officiel agr\u00e9\u00e9 Canada","publisher":{"@id":"https:\/\/blackstonegriddles.ca\/#organization"},"potentialAction":[{"@type":"SearchAction","target":{"@type":"EntryPoint","urlTemplate":"https:\/\/blackstonegriddles.ca\/?s={search_term_string}"},"query-input":{"@type":"PropertyValueSpecification","valueRequired":true,"valueName":"search_term_string"}}],"inLanguage":"fr-CA"},{"@type":"Organization","@id":"https:\/\/blackstonegriddles.ca\/#organization","name":"Grils Blackstone Canada","url":"https:\/\/blackstonegriddles.ca\/","logo":{"@type":"ImageObject","inLanguage":"fr-CA","@id":"https:\/\/blackstonegriddles.ca\/#\/schema\/logo\/image\/","url":"https:\/\/blackstonegriddles.ca\/wp-content\/uploads\/2025\/02\/blackstone-fire-logo.webp","contentUrl":"https:\/\/blackstonegriddles.ca\/wp-content\/uploads\/2025\/02\/blackstone-fire-logo.webp","width":53,"height":58,"caption":"Blackstone Griddles Canada"},"image":{"@id":"https:\/\/blackstonegriddles.ca\/#\/schema\/logo\/image\/"},"sameAs":["https:\/\/www.facebook.com\/blackstoneproducts\/","https:\/\/x.com\/weareblackstone","https:\/\/www.instagram.com\/blackstoneproducts\/","https:\/\/www.youtube.com\/channel\/UCr39rimir8y3p-q1iQYidVA"]}]}},"_links":{"self":[{"href":"https:\/\/blackstonegriddles.ca\/fr\/wp-json\/wp\/v2\/product\/20782","targetHints":{"allow":["GET"]}}],"collection":[{"href":"https:\/\/blackstonegriddles.ca\/fr\/wp-json\/wp\/v2\/product"}],"about":[{"href":"https:\/\/blackstonegriddles.ca\/fr\/wp-json\/wp\/v2\/types\/product"}],"wp:featuredmedia":[{"embeddable":true,"href":"https:\/\/blackstonegriddles.ca\/fr\/wp-json\/wp\/v2\/media\/20815"}],"wp:attachment":[{"href":"https:\/\/blackstonegriddles.ca\/fr\/wp-json\/wp\/v2\/media?parent=20782"}],"wp:term":[{"taxonomy":"product_brand","embeddable":true,"href":"https:\/\/blackstonegriddles.ca\/fr\/wp-json\/wp\/v2\/product_brand?post=20782"},{"taxonomy":"product_cat","embeddable":true,"href":"https:\/\/blackstonegriddles.ca\/fr\/wp-json\/wp\/v2\/product_cat?post=20782"},{"taxonomy":"product_tag","embeddable":true,"href":"https:\/\/blackstonegriddles.ca\/fr\/wp-json\/wp\/v2\/product_tag?post=20782"}],"curies":[{"name":"wp","href":"https:\/\/api.w.org\/{rel}","templated":true}]}}