{"id":20789,"date":"2021-02-12T20:16:05","date_gmt":"2021-02-12T20:16:05","guid":{"rendered":"https:\/\/blackstonegriddles.ca\/?post_type=product&#038;p=20789"},"modified":"2026-04-10T14:03:26","modified_gmt":"2026-04-10T14:03:26","slug":"station-de-cuisson-36-avec-etagere-laterale-pour-les-accessoires","status":"publish","type":"product","link":"https:\/\/blackstonegriddles.ca\/fr\/product\/36-griddle-cooking-station-with-accessory-side-shelf\/","title":{"rendered":"Blackstone 36inch Original Series Griddle Station with Cutting Board (Station de gril de 36 pouces avec planche \u00e0 d\u00e9couper)"},"content":{"rendered":"<ul>\n<li>60 000 BTU de chaleur provenant de quatre br\u00fbleurs<\/li>\n<li>720 Sq. Inch Surface de cuisson<\/li>\n<li>Plaque de cuisson en acier lamin\u00e9 au carbone de calibre 7<\/li>\n<li>Quatre (4) commandes de chaleur r\u00e9glables avec allumeur int\u00e9gr\u00e9<\/li>\n<li>Syst\u00e8me de gestion de la graisse \u00e0 l'arri\u00e8re<\/li>\n<li>Ch\u00e2ssis en acier peint par poudrage avec roues pivotantes commerciales<\/li>\n<li>Fixations pour r\u00e9servoirs de propane<\/li>\n<li>Tablette lat\u00e9rale et plateau pour servir les repas et ranger les marchandises<\/li>\n<li>NEW Accessory Side Shelf with Cutting Board, Paper Towel Holder, and Trash Bag Hooks (\u00e9tag\u00e8re lat\u00e9rale avec planche \u00e0 d\u00e9couper, porte-serviettes et crochets pour sacs poubelles)<\/li>\n<li>Dimensions de la bo\u00eete : 54.43\u2033 L x 14.37\u2033 H x 25.6\u2033 L, 134.5 LBS<\/li>\n<li>Dimensions assembl\u00e9es : 62.50\u2033 L x 36\u2033 H x 22\u2033 L, 120 LBS<\/li>\n<\/ul>","protected":false},"excerpt":{"rendered":"<p>La station de cuisson Blackstone 36\u2033 Griddle avec \u00e9tag\u00e8re lat\u00e9rale pour accessoires vous donne le contr\u00f4le dont vous avez besoin pour \u00eatre un pro de la cuisine en plein air. Quatre zones de chaleur contr\u00f4l\u00e9es ind\u00e9pendamment offrent 60 000 BTU de chaleur pour vous donner toute la puissance dont vous avez besoin pour servir \u00e0 toute une foule des steaks de qualit\u00e9 restaurant, ou jusqu'\u00e0 28 hamburgers ou 72 hot-dogs ! Profitez de tous les avantages d'une plaque de cuisson standard de 36\u2033, avec en plus une planche \u00e0 d\u00e9couper, un porte-sac \u00e0 ordures et un porte-essuie-tout, pour une pr\u00e9paration et un nettoyage en un clin d'\u0153il. Elle est d\u00e9sormais enti\u00e8rement \u00e9quip\u00e9e du syst\u00e8me brevet\u00e9 de gestion des graisses \u00e0 l'arri\u00e8re. Rejoignez la Griddle Nation et cuisinez n'importe quoi, n'importe quand, n'importe o\u00f9 avec une Blackstone.<\/p>","protected":false},"featured_media":20790,"template":"","meta":[],"product_brand":[],"product_cat":[158,154,249],"product_tag":[],"class_list":{"0":"post-20789","1":"product","2":"type-product","3":"status-publish","4":"has-post-thumbnail","6":"product_cat-158","7":"product_cat-griddles","8":"product_cat-sale","9":"product_shipping_class-36-griddle","11":"first","12":"instock","13":"sale","14":"taxable","15":"shipping-taxable","16":"purchasable","17":"product-type-simple"},"yoast_head":"<!-- This site is optimized with the Yoast SEO plugin v27.3 - https:\/\/yoast.com\/product\/yoast-seo-wordpress\/ -->\n<title>Blackstone 36inch Original Series Griddle Station with Cutting Board - Blackstone Griddles<\/title>\n<meta name=\"robots\" content=\"index, follow, max-snippet:-1, max-image-preview:large, max-video-preview:-1\" \/>\n<link rel=\"canonical\" href=\"https:\/\/blackstonegriddles.ca\/fr\/produit\/station-de-cuisson-36-avec-etagere-laterale-pour-les-accessoires\/\" \/>\n<meta property=\"og:locale\" content=\"fr_CA\" \/>\n<meta property=\"og:type\" content=\"article\" \/>\n<meta property=\"og:title\" content=\"Blackstone 36inch Original Series Griddle Station with Cutting Board - Blackstone Griddles\" \/>\n<meta property=\"og:description\" content=\"The Blackstone 36&quot; Griddle Cooking Station with Accessory Side Shelf gives you the control you need to be an outdoor cooking pro. Four independently-controlled heat zones offer 60,000 BTUs of heat to give you all the power you need to serve an entire crowd with restaurant-quality steaks, or up to 28 burgers or 72 hot dogs! Enjoy all the benefits of a standard 36&quot; griddle with the added convenience of a cutting board, garbage bag hanger, and paper towel holder, making prep and clean-up a cinch. Now fully equipped with the patented rear grease management system. Join the Griddle Nation and cook anything, anytime, anywhere with a Blackstone.\" \/>\n<meta property=\"og:url\" content=\"https:\/\/blackstonegriddles.ca\/fr\/produit\/station-de-cuisson-36-avec-etagere-laterale-pour-les-accessoires\/\" \/>\n<meta property=\"og:site_name\" content=\"Blackstone Griddles\" \/>\n<meta property=\"article:publisher\" content=\"https:\/\/www.facebook.com\/blackstoneproducts\/\" \/>\n<meta property=\"article:modified_time\" content=\"2026-04-10T14:03:26+00:00\" \/>\n<meta property=\"og:image\" content=\"https:\/\/blackstonegriddles.ca\/wp-content\/uploads\/2021\/02\/1825-1.jpg\" \/>\n\t<meta property=\"og:image:width\" content=\"800\" \/>\n\t<meta property=\"og:image:height\" content=\"600\" \/>\n\t<meta property=\"og:image:type\" content=\"image\/jpeg\" \/>\n<meta name=\"twitter:card\" content=\"summary_large_image\" \/>\n<meta name=\"twitter:site\" content=\"@weareblackstone\" \/>\n<meta name=\"twitter:label1\" content=\"Estimation du temps de lecture\" \/>\n\t<meta name=\"twitter:data1\" content=\"1 minute\" \/>\n<script type=\"application\/ld+json\" class=\"yoast-schema-graph\">{\"@context\":\"https:\\\/\\\/schema.org\",\"@graph\":[{\"@type\":\"WebPage\",\"@id\":\"https:\\\/\\\/blackstonegriddles.ca\\\/product\\\/36-griddle-cooking-station-with-accessory-side-shelf\\\/\",\"url\":\"https:\\\/\\\/blackstonegriddles.ca\\\/product\\\/36-griddle-cooking-station-with-accessory-side-shelf\\\/\",\"name\":\"Blackstone 36inch Original Series Griddle Station with Cutting Board - Blackstone Griddles\",\"isPartOf\":{\"@id\":\"https:\\\/\\\/blackstonegriddles.ca\\\/#website\"},\"primaryImageOfPage\":{\"@id\":\"https:\\\/\\\/blackstonegriddles.ca\\\/product\\\/36-griddle-cooking-station-with-accessory-side-shelf\\\/#primaryimage\"},\"image\":{\"@id\":\"https:\\\/\\\/blackstonegriddles.ca\\\/product\\\/36-griddle-cooking-station-with-accessory-side-shelf\\\/#primaryimage\"},\"thumbnailUrl\":\"https:\\\/\\\/blackstonegriddles.ca\\\/wp-content\\\/uploads\\\/2021\\\/02\\\/1825-1.jpg\",\"datePublished\":\"2021-02-12T20:16:05+00:00\",\"dateModified\":\"2026-04-10T14:03:26+00:00\",\"breadcrumb\":{\"@id\":\"https:\\\/\\\/blackstonegriddles.ca\\\/product\\\/36-griddle-cooking-station-with-accessory-side-shelf\\\/#breadcrumb\"},\"inLanguage\":\"fr-CA\",\"potentialAction\":[{\"@type\":\"ReadAction\",\"target\":[\"https:\\\/\\\/blackstonegriddles.ca\\\/product\\\/36-griddle-cooking-station-with-accessory-side-shelf\\\/\"]}]},{\"@type\":\"ImageObject\",\"inLanguage\":\"fr-CA\",\"@id\":\"https:\\\/\\\/blackstonegriddles.ca\\\/product\\\/36-griddle-cooking-station-with-accessory-side-shelf\\\/#primaryimage\",\"url\":\"https:\\\/\\\/blackstonegriddles.ca\\\/wp-content\\\/uploads\\\/2021\\\/02\\\/1825-1.jpg\",\"contentUrl\":\"https:\\\/\\\/blackstonegriddles.ca\\\/wp-content\\\/uploads\\\/2021\\\/02\\\/1825-1.jpg\",\"width\":800,\"height\":600},{\"@type\":\"BreadcrumbList\",\"@id\":\"https:\\\/\\\/blackstonegriddles.ca\\\/product\\\/36-griddle-cooking-station-with-accessory-side-shelf\\\/#breadcrumb\",\"itemListElement\":[{\"@type\":\"ListItem\",\"position\":1,\"name\":\"Home\",\"item\":\"https:\\\/\\\/blackstonegriddles.ca\\\/\"},{\"@type\":\"ListItem\",\"position\":2,\"name\":\"Shop\",\"item\":\"https:\\\/\\\/blackstonegriddles.ca\\\/shop\\\/\"},{\"@type\":\"ListItem\",\"position\":3,\"name\":\"Blackstone 36inch Original Series Griddle Station with Cutting Board\"}]},{\"@type\":\"WebSite\",\"@id\":\"https:\\\/\\\/blackstonegriddles.ca\\\/#website\",\"url\":\"https:\\\/\\\/blackstonegriddles.ca\\\/\",\"name\":\"Blackstone Griddles Canada\",\"description\":\"Blackstone Griddles official licensed dealer Canada\",\"publisher\":{\"@id\":\"https:\\\/\\\/blackstonegriddles.ca\\\/#organization\"},\"potentialAction\":[{\"@type\":\"SearchAction\",\"target\":{\"@type\":\"EntryPoint\",\"urlTemplate\":\"https:\\\/\\\/blackstonegriddles.ca\\\/?s={search_term_string}\"},\"query-input\":{\"@type\":\"PropertyValueSpecification\",\"valueRequired\":true,\"valueName\":\"search_term_string\"}}],\"inLanguage\":\"fr-CA\"},{\"@type\":\"Organization\",\"@id\":\"https:\\\/\\\/blackstonegriddles.ca\\\/#organization\",\"name\":\"Blackstone Griddles Canada\",\"url\":\"https:\\\/\\\/blackstonegriddles.ca\\\/\",\"logo\":{\"@type\":\"ImageObject\",\"inLanguage\":\"fr-CA\",\"@id\":\"https:\\\/\\\/blackstonegriddles.ca\\\/#\\\/schema\\\/logo\\\/image\\\/\",\"url\":\"https:\\\/\\\/blackstonegriddles.ca\\\/wp-content\\\/uploads\\\/2025\\\/02\\\/blackstone-fire-logo.webp\",\"contentUrl\":\"https:\\\/\\\/blackstonegriddles.ca\\\/wp-content\\\/uploads\\\/2025\\\/02\\\/blackstone-fire-logo.webp\",\"width\":53,\"height\":58,\"caption\":\"Blackstone Griddles Canada\"},\"image\":{\"@id\":\"https:\\\/\\\/blackstonegriddles.ca\\\/#\\\/schema\\\/logo\\\/image\\\/\"},\"sameAs\":[\"https:\\\/\\\/www.facebook.com\\\/blackstoneproducts\\\/\",\"https:\\\/\\\/x.com\\\/weareblackstone\",\"https:\\\/\\\/www.instagram.com\\\/blackstoneproducts\\\/\",\"https:\\\/\\\/www.youtube.com\\\/channel\\\/UCr39rimir8y3p-q1iQYidVA\"]}]}<\/script>\n<!-- \/ Yoast SEO plugin. -->","yoast_head_json":{"title":"Blackstone 36inch Original Series Griddle Station with Cutting Board - Blackstone Griddles","robots":{"index":"index","follow":"follow","max-snippet":"max-snippet:-1","max-image-preview":"max-image-preview:large","max-video-preview":"max-video-preview:-1"},"canonical":"https:\/\/blackstonegriddles.ca\/fr\/produit\/station-de-cuisson-36-avec-etagere-laterale-pour-les-accessoires\/","og_locale":"fr_CA","og_type":"article","og_title":"Blackstone 36inch Original Series Griddle Station with Cutting Board - Blackstone Griddles","og_description":"The Blackstone 36\" Griddle Cooking Station with Accessory Side Shelf gives you the control you need to be an outdoor cooking pro. Four independently-controlled heat zones offer 60,000 BTUs of heat to give you all the power you need to serve an entire crowd with restaurant-quality steaks, or up to 28 burgers or 72 hot dogs! Enjoy all the benefits of a standard 36\" griddle with the added convenience of a cutting board, garbage bag hanger, and paper towel holder, making prep and clean-up a cinch. Now fully equipped with the patented rear grease management system. Join the Griddle Nation and cook anything, anytime, anywhere with a Blackstone.","og_url":"https:\/\/blackstonegriddles.ca\/fr\/produit\/station-de-cuisson-36-avec-etagere-laterale-pour-les-accessoires\/","og_site_name":"Blackstone Griddles","article_publisher":"https:\/\/www.facebook.com\/blackstoneproducts\/","article_modified_time":"2026-04-10T14:03:26+00:00","og_image":[{"width":800,"height":600,"url":"https:\/\/blackstonegriddles.ca\/wp-content\/uploads\/2021\/02\/1825-1.jpg","type":"image\/jpeg"}],"twitter_card":"summary_large_image","twitter_site":"@weareblackstone","twitter_misc":{"Estimation du temps de lecture":"1 minute"},"schema":{"@context":"https:\/\/schema.org","@graph":[{"@type":"WebPage","@id":"https:\/\/blackstonegriddles.ca\/product\/36-griddle-cooking-station-with-accessory-side-shelf\/","url":"https:\/\/blackstonegriddles.ca\/product\/36-griddle-cooking-station-with-accessory-side-shelf\/","name":"Blackstone 36inch Original Series Griddle Station with Cutting Board - Blackstone Griddles","isPartOf":{"@id":"https:\/\/blackstonegriddles.ca\/#website"},"primaryImageOfPage":{"@id":"https:\/\/blackstonegriddles.ca\/product\/36-griddle-cooking-station-with-accessory-side-shelf\/#primaryimage"},"image":{"@id":"https:\/\/blackstonegriddles.ca\/product\/36-griddle-cooking-station-with-accessory-side-shelf\/#primaryimage"},"thumbnailUrl":"https:\/\/blackstonegriddles.ca\/wp-content\/uploads\/2021\/02\/1825-1.jpg","datePublished":"2021-02-12T20:16:05+00:00","dateModified":"2026-04-10T14:03:26+00:00","breadcrumb":{"@id":"https:\/\/blackstonegriddles.ca\/product\/36-griddle-cooking-station-with-accessory-side-shelf\/#breadcrumb"},"inLanguage":"fr-CA","potentialAction":[{"@type":"ReadAction","target":["https:\/\/blackstonegriddles.ca\/product\/36-griddle-cooking-station-with-accessory-side-shelf\/"]}]},{"@type":"ImageObject","inLanguage":"fr-CA","@id":"https:\/\/blackstonegriddles.ca\/product\/36-griddle-cooking-station-with-accessory-side-shelf\/#primaryimage","url":"https:\/\/blackstonegriddles.ca\/wp-content\/uploads\/2021\/02\/1825-1.jpg","contentUrl":"https:\/\/blackstonegriddles.ca\/wp-content\/uploads\/2021\/02\/1825-1.jpg","width":800,"height":600},{"@type":"BreadcrumbList","@id":"https:\/\/blackstonegriddles.ca\/product\/36-griddle-cooking-station-with-accessory-side-shelf\/#breadcrumb","itemListElement":[{"@type":"ListItem","position":1,"name":"Home","item":"https:\/\/blackstonegriddles.ca\/"},{"@type":"ListItem","position":2,"name":"Shop","item":"https:\/\/blackstonegriddles.ca\/shop\/"},{"@type":"ListItem","position":3,"name":"Blackstone 36inch Original Series Griddle Station with Cutting Board"}]},{"@type":"WebSite","@id":"https:\/\/blackstonegriddles.ca\/#website","url":"https:\/\/blackstonegriddles.ca\/","name":"Grils Blackstone Canada","description":"Blackstone Griddles distributeur officiel agr\u00e9\u00e9 Canada","publisher":{"@id":"https:\/\/blackstonegriddles.ca\/#organization"},"potentialAction":[{"@type":"SearchAction","target":{"@type":"EntryPoint","urlTemplate":"https:\/\/blackstonegriddles.ca\/?s={search_term_string}"},"query-input":{"@type":"PropertyValueSpecification","valueRequired":true,"valueName":"search_term_string"}}],"inLanguage":"fr-CA"},{"@type":"Organization","@id":"https:\/\/blackstonegriddles.ca\/#organization","name":"Grils Blackstone Canada","url":"https:\/\/blackstonegriddles.ca\/","logo":{"@type":"ImageObject","inLanguage":"fr-CA","@id":"https:\/\/blackstonegriddles.ca\/#\/schema\/logo\/image\/","url":"https:\/\/blackstonegriddles.ca\/wp-content\/uploads\/2025\/02\/blackstone-fire-logo.webp","contentUrl":"https:\/\/blackstonegriddles.ca\/wp-content\/uploads\/2025\/02\/blackstone-fire-logo.webp","width":53,"height":58,"caption":"Blackstone Griddles Canada"},"image":{"@id":"https:\/\/blackstonegriddles.ca\/#\/schema\/logo\/image\/"},"sameAs":["https:\/\/www.facebook.com\/blackstoneproducts\/","https:\/\/x.com\/weareblackstone","https:\/\/www.instagram.com\/blackstoneproducts\/","https:\/\/www.youtube.com\/channel\/UCr39rimir8y3p-q1iQYidVA"]}]}},"_links":{"self":[{"href":"https:\/\/blackstonegriddles.ca\/fr\/wp-json\/wp\/v2\/product\/20789","targetHints":{"allow":["GET"]}}],"collection":[{"href":"https:\/\/blackstonegriddles.ca\/fr\/wp-json\/wp\/v2\/product"}],"about":[{"href":"https:\/\/blackstonegriddles.ca\/fr\/wp-json\/wp\/v2\/types\/product"}],"wp:featuredmedia":[{"embeddable":true,"href":"https:\/\/blackstonegriddles.ca\/fr\/wp-json\/wp\/v2\/media\/20790"}],"wp:attachment":[{"href":"https:\/\/blackstonegriddles.ca\/fr\/wp-json\/wp\/v2\/media?parent=20789"}],"wp:term":[{"taxonomy":"product_brand","embeddable":true,"href":"https:\/\/blackstonegriddles.ca\/fr\/wp-json\/wp\/v2\/product_brand?post=20789"},{"taxonomy":"product_cat","embeddable":true,"href":"https:\/\/blackstonegriddles.ca\/fr\/wp-json\/wp\/v2\/product_cat?post=20789"},{"taxonomy":"product_tag","embeddable":true,"href":"https:\/\/blackstonegriddles.ca\/fr\/wp-json\/wp\/v2\/product_tag?post=20789"}],"curies":[{"name":"wp","href":"https:\/\/api.w.org\/{rel}","templated":true}]}}