{"id":21033,"date":"2021-03-04T17:05:09","date_gmt":"2021-03-04T17:05:09","guid":{"rendered":"https:\/\/blackstonegriddles.ca\/product\/22-table-top-cover-carry-bag"},"modified":"2026-04-06T16:01:20","modified_gmt":"2026-04-06T16:01:20","slug":"22-housse-de-table-sac-de-transport","status":"publish","type":"product","link":"https:\/\/blackstonegriddles.ca\/fr\/product\/22-table-top-cover-carry-bag\/","title":{"rendered":"22\u2033 Table Top Cover"},"content":{"rendered":"<p>Convient aux grils de table Blackstone de 22\u2033R\u00e9sistant \u00e0 l'eauR\u00e9sistant aux intemp\u00e9ries pour une protection contre les conditions extr\u00eamesPolyester 600 D robuste avec coutures renforc\u00e9esCordon de verrouillage pour fixer la housseLargeur 17\u2033, Profondeur 20\u2033, Hauteur 6\u2033***Veuillez noter que cette housse ne convient qu'\u00e0 l'unit\u00e9 de 22 pouces. IL NE S'ADAPTERA PAS SI LE CAPOT EST EN PLACE.***<\/p>","protected":false},"excerpt":{"rendered":"<p>Prot\u00e9gez et pr\u00e9servez votre gril de table 22\u2033 avec la housse de gril de table 22\u2033 de Blackstone. Fabriqu\u00e9e en polyester 600 D avec des coutures renforc\u00e9es, cette housse r\u00e9sistante aux intemp\u00e9ries gardera votre plancha \u00e0 l'abri des conditions extr\u00eames.Largeur 17\u2033, Profondeur 20\u2033, Hauteur 6\u2033NOTE : NON COMPATIBLE AVEC LE COUVERCLE DE LA PLANCHE 22\u2033.<\/p>","protected":false},"featured_media":21052,"template":"","meta":[],"product_brand":[],"product_cat":[156,137],"product_tag":[],"class_list":{"0":"post-21033","1":"product","2":"type-product","3":"status-publish","4":"has-post-thumbnail","6":"product_cat-156","7":"product_cat-covers-and-carry-bags","8":"product_shipping_class-accessories","10":"first","11":"outofstock","12":"taxable","13":"shipping-taxable","14":"purchasable","15":"product-type-simple"},"yoast_head":"<!-- This site is optimized with the Yoast SEO plugin v27.3 - https:\/\/yoast.com\/product\/yoast-seo-wordpress\/ -->\n<title>22&quot; Table Top Cover - Blackstone Griddles<\/title>\n<meta name=\"robots\" content=\"index, follow, max-snippet:-1, max-image-preview:large, max-video-preview:-1\" \/>\n<link rel=\"canonical\" href=\"https:\/\/blackstonegriddles.ca\/fr\/produit\/22-housse-de-table-sac-de-transport\/\" \/>\n<meta property=\"og:locale\" content=\"fr_CA\" \/>\n<meta property=\"og:type\" content=\"article\" \/>\n<meta property=\"og:title\" content=\"22&quot; Table Top Cover - Blackstone Griddles\" \/>\n<meta property=\"og:description\" content=\"Protect and preserve your 22&quot; Tabletop Griddle with the Blackstone 22&quot; Tabletop Griddle Cover. Made with 600 D polyester with reinforced stitching, this weather-resistant cover will keep your griddle safe against extreme conditions.Width 17&quot;, Depth 20&quot;, Height 6&quot;NOTE: NOT COMPATIBLE WITH THE 22&quot; GRIDDLE HOOD\" \/>\n<meta property=\"og:url\" content=\"https:\/\/blackstonegriddles.ca\/fr\/produit\/22-housse-de-table-sac-de-transport\/\" \/>\n<meta property=\"og:site_name\" content=\"Blackstone Griddles\" \/>\n<meta property=\"article:publisher\" content=\"https:\/\/www.facebook.com\/blackstoneproducts\/\" \/>\n<meta property=\"article:modified_time\" content=\"2026-04-06T16:01:20+00:00\" \/>\n<meta property=\"og:image\" content=\"https:\/\/blackstonegriddles.ca\/wp-content\/uploads\/2021\/03\/1724.jpg\" \/>\n\t<meta property=\"og:image:width\" content=\"760\" \/>\n\t<meta property=\"og:image:height\" content=\"548\" \/>\n\t<meta property=\"og:image:type\" content=\"image\/jpeg\" \/>\n<meta name=\"twitter:card\" content=\"summary_large_image\" \/>\n<meta name=\"twitter:site\" content=\"@weareblackstone\" \/>\n<meta name=\"twitter:label1\" content=\"Estimation du temps de lecture\" \/>\n\t<meta name=\"twitter:data1\" content=\"1 minute\" \/>\n<script type=\"application\/ld+json\" class=\"yoast-schema-graph\">{\"@context\":\"https:\\\/\\\/schema.org\",\"@graph\":[{\"@type\":\"WebPage\",\"@id\":\"https:\\\/\\\/blackstonegriddles.ca\\\/product\\\/22-table-top-cover-carry-bag\\\/\",\"url\":\"https:\\\/\\\/blackstonegriddles.ca\\\/product\\\/22-table-top-cover-carry-bag\\\/\",\"name\":\"22\\\" Table Top Cover - Blackstone Griddles\",\"isPartOf\":{\"@id\":\"https:\\\/\\\/blackstonegriddles.ca\\\/#website\"},\"primaryImageOfPage\":{\"@id\":\"https:\\\/\\\/blackstonegriddles.ca\\\/product\\\/22-table-top-cover-carry-bag\\\/#primaryimage\"},\"image\":{\"@id\":\"https:\\\/\\\/blackstonegriddles.ca\\\/product\\\/22-table-top-cover-carry-bag\\\/#primaryimage\"},\"thumbnailUrl\":\"https:\\\/\\\/blackstonegriddles.ca\\\/wp-content\\\/uploads\\\/2021\\\/03\\\/1724.jpg\",\"datePublished\":\"2021-03-04T17:05:09+00:00\",\"dateModified\":\"2026-04-06T16:01:20+00:00\",\"breadcrumb\":{\"@id\":\"https:\\\/\\\/blackstonegriddles.ca\\\/product\\\/22-table-top-cover-carry-bag\\\/#breadcrumb\"},\"inLanguage\":\"fr-CA\",\"potentialAction\":[{\"@type\":\"ReadAction\",\"target\":[\"https:\\\/\\\/blackstonegriddles.ca\\\/product\\\/22-table-top-cover-carry-bag\\\/\"]}]},{\"@type\":\"ImageObject\",\"inLanguage\":\"fr-CA\",\"@id\":\"https:\\\/\\\/blackstonegriddles.ca\\\/product\\\/22-table-top-cover-carry-bag\\\/#primaryimage\",\"url\":\"https:\\\/\\\/blackstonegriddles.ca\\\/wp-content\\\/uploads\\\/2021\\\/03\\\/1724.jpg\",\"contentUrl\":\"https:\\\/\\\/blackstonegriddles.ca\\\/wp-content\\\/uploads\\\/2021\\\/03\\\/1724.jpg\",\"width\":760,\"height\":548},{\"@type\":\"BreadcrumbList\",\"@id\":\"https:\\\/\\\/blackstonegriddles.ca\\\/product\\\/22-table-top-cover-carry-bag\\\/#breadcrumb\",\"itemListElement\":[{\"@type\":\"ListItem\",\"position\":1,\"name\":\"Home\",\"item\":\"https:\\\/\\\/blackstonegriddles.ca\\\/\"},{\"@type\":\"ListItem\",\"position\":2,\"name\":\"Shop\",\"item\":\"https:\\\/\\\/blackstonegriddles.ca\\\/shop\\\/\"},{\"@type\":\"ListItem\",\"position\":3,\"name\":\"22&#8243; Table Top Cover\"}]},{\"@type\":\"WebSite\",\"@id\":\"https:\\\/\\\/blackstonegriddles.ca\\\/#website\",\"url\":\"https:\\\/\\\/blackstonegriddles.ca\\\/\",\"name\":\"Blackstone Griddles Canada\",\"description\":\"Blackstone Griddles official licensed dealer Canada\",\"publisher\":{\"@id\":\"https:\\\/\\\/blackstonegriddles.ca\\\/#organization\"},\"potentialAction\":[{\"@type\":\"SearchAction\",\"target\":{\"@type\":\"EntryPoint\",\"urlTemplate\":\"https:\\\/\\\/blackstonegriddles.ca\\\/?s={search_term_string}\"},\"query-input\":{\"@type\":\"PropertyValueSpecification\",\"valueRequired\":true,\"valueName\":\"search_term_string\"}}],\"inLanguage\":\"fr-CA\"},{\"@type\":\"Organization\",\"@id\":\"https:\\\/\\\/blackstonegriddles.ca\\\/#organization\",\"name\":\"Blackstone Griddles Canada\",\"url\":\"https:\\\/\\\/blackstonegriddles.ca\\\/\",\"logo\":{\"@type\":\"ImageObject\",\"inLanguage\":\"fr-CA\",\"@id\":\"https:\\\/\\\/blackstonegriddles.ca\\\/#\\\/schema\\\/logo\\\/image\\\/\",\"url\":\"https:\\\/\\\/blackstonegriddles.ca\\\/wp-content\\\/uploads\\\/2025\\\/02\\\/blackstone-fire-logo.webp\",\"contentUrl\":\"https:\\\/\\\/blackstonegriddles.ca\\\/wp-content\\\/uploads\\\/2025\\\/02\\\/blackstone-fire-logo.webp\",\"width\":53,\"height\":58,\"caption\":\"Blackstone Griddles Canada\"},\"image\":{\"@id\":\"https:\\\/\\\/blackstonegriddles.ca\\\/#\\\/schema\\\/logo\\\/image\\\/\"},\"sameAs\":[\"https:\\\/\\\/www.facebook.com\\\/blackstoneproducts\\\/\",\"https:\\\/\\\/x.com\\\/weareblackstone\",\"https:\\\/\\\/www.instagram.com\\\/blackstoneproducts\\\/\",\"https:\\\/\\\/www.youtube.com\\\/channel\\\/UCr39rimir8y3p-q1iQYidVA\"]}]}<\/script>\n<!-- \/ Yoast SEO plugin. -->","yoast_head_json":{"title":"Couvercle de table 22\" - Blackstone Griddles","robots":{"index":"index","follow":"follow","max-snippet":"max-snippet:-1","max-image-preview":"max-image-preview:large","max-video-preview":"max-video-preview:-1"},"canonical":"https:\/\/blackstonegriddles.ca\/fr\/produit\/22-housse-de-table-sac-de-transport\/","og_locale":"fr_CA","og_type":"article","og_title":"22\" Table Top Cover - Blackstone Griddles","og_description":"Protect and preserve your 22\" Tabletop Griddle with the Blackstone 22\" Tabletop Griddle Cover. Made with 600 D polyester with reinforced stitching, this weather-resistant cover will keep your griddle safe against extreme conditions.Width 17\", Depth 20\", Height 6\"NOTE: NOT COMPATIBLE WITH THE 22\" GRIDDLE HOOD","og_url":"https:\/\/blackstonegriddles.ca\/fr\/produit\/22-housse-de-table-sac-de-transport\/","og_site_name":"Blackstone Griddles","article_publisher":"https:\/\/www.facebook.com\/blackstoneproducts\/","article_modified_time":"2026-04-06T16:01:20+00:00","og_image":[{"width":760,"height":548,"url":"https:\/\/blackstonegriddles.ca\/wp-content\/uploads\/2021\/03\/1724.jpg","type":"image\/jpeg"}],"twitter_card":"summary_large_image","twitter_site":"@weareblackstone","twitter_misc":{"Estimation du temps de lecture":"1 minute"},"schema":{"@context":"https:\/\/schema.org","@graph":[{"@type":"WebPage","@id":"https:\/\/blackstonegriddles.ca\/product\/22-table-top-cover-carry-bag\/","url":"https:\/\/blackstonegriddles.ca\/product\/22-table-top-cover-carry-bag\/","name":"Couvercle de table 22\" - Blackstone Griddles","isPartOf":{"@id":"https:\/\/blackstonegriddles.ca\/#website"},"primaryImageOfPage":{"@id":"https:\/\/blackstonegriddles.ca\/product\/22-table-top-cover-carry-bag\/#primaryimage"},"image":{"@id":"https:\/\/blackstonegriddles.ca\/product\/22-table-top-cover-carry-bag\/#primaryimage"},"thumbnailUrl":"https:\/\/blackstonegriddles.ca\/wp-content\/uploads\/2021\/03\/1724.jpg","datePublished":"2021-03-04T17:05:09+00:00","dateModified":"2026-04-06T16:01:20+00:00","breadcrumb":{"@id":"https:\/\/blackstonegriddles.ca\/product\/22-table-top-cover-carry-bag\/#breadcrumb"},"inLanguage":"fr-CA","potentialAction":[{"@type":"ReadAction","target":["https:\/\/blackstonegriddles.ca\/product\/22-table-top-cover-carry-bag\/"]}]},{"@type":"ImageObject","inLanguage":"fr-CA","@id":"https:\/\/blackstonegriddles.ca\/product\/22-table-top-cover-carry-bag\/#primaryimage","url":"https:\/\/blackstonegriddles.ca\/wp-content\/uploads\/2021\/03\/1724.jpg","contentUrl":"https:\/\/blackstonegriddles.ca\/wp-content\/uploads\/2021\/03\/1724.jpg","width":760,"height":548},{"@type":"BreadcrumbList","@id":"https:\/\/blackstonegriddles.ca\/product\/22-table-top-cover-carry-bag\/#breadcrumb","itemListElement":[{"@type":"ListItem","position":1,"name":"Home","item":"https:\/\/blackstonegriddles.ca\/"},{"@type":"ListItem","position":2,"name":"Shop","item":"https:\/\/blackstonegriddles.ca\/shop\/"},{"@type":"ListItem","position":3,"name":"22&#8243; Table Top Cover"}]},{"@type":"WebSite","@id":"https:\/\/blackstonegriddles.ca\/#website","url":"https:\/\/blackstonegriddles.ca\/","name":"Grils Blackstone Canada","description":"Blackstone Griddles distributeur officiel agr\u00e9\u00e9 Canada","publisher":{"@id":"https:\/\/blackstonegriddles.ca\/#organization"},"potentialAction":[{"@type":"SearchAction","target":{"@type":"EntryPoint","urlTemplate":"https:\/\/blackstonegriddles.ca\/?s={search_term_string}"},"query-input":{"@type":"PropertyValueSpecification","valueRequired":true,"valueName":"search_term_string"}}],"inLanguage":"fr-CA"},{"@type":"Organization","@id":"https:\/\/blackstonegriddles.ca\/#organization","name":"Grils Blackstone Canada","url":"https:\/\/blackstonegriddles.ca\/","logo":{"@type":"ImageObject","inLanguage":"fr-CA","@id":"https:\/\/blackstonegriddles.ca\/#\/schema\/logo\/image\/","url":"https:\/\/blackstonegriddles.ca\/wp-content\/uploads\/2025\/02\/blackstone-fire-logo.webp","contentUrl":"https:\/\/blackstonegriddles.ca\/wp-content\/uploads\/2025\/02\/blackstone-fire-logo.webp","width":53,"height":58,"caption":"Blackstone Griddles Canada"},"image":{"@id":"https:\/\/blackstonegriddles.ca\/#\/schema\/logo\/image\/"},"sameAs":["https:\/\/www.facebook.com\/blackstoneproducts\/","https:\/\/x.com\/weareblackstone","https:\/\/www.instagram.com\/blackstoneproducts\/","https:\/\/www.youtube.com\/channel\/UCr39rimir8y3p-q1iQYidVA"]}]}},"_links":{"self":[{"href":"https:\/\/blackstonegriddles.ca\/fr\/wp-json\/wp\/v2\/product\/21033","targetHints":{"allow":["GET"]}}],"collection":[{"href":"https:\/\/blackstonegriddles.ca\/fr\/wp-json\/wp\/v2\/product"}],"about":[{"href":"https:\/\/blackstonegriddles.ca\/fr\/wp-json\/wp\/v2\/types\/product"}],"wp:featuredmedia":[{"embeddable":true,"href":"https:\/\/blackstonegriddles.ca\/fr\/wp-json\/wp\/v2\/media\/21052"}],"wp:attachment":[{"href":"https:\/\/blackstonegriddles.ca\/fr\/wp-json\/wp\/v2\/media?parent=21033"}],"wp:term":[{"taxonomy":"product_brand","embeddable":true,"href":"https:\/\/blackstonegriddles.ca\/fr\/wp-json\/wp\/v2\/product_brand?post=21033"},{"taxonomy":"product_cat","embeddable":true,"href":"https:\/\/blackstonegriddles.ca\/fr\/wp-json\/wp\/v2\/product_cat?post=21033"},{"taxonomy":"product_tag","embeddable":true,"href":"https:\/\/blackstonegriddles.ca\/fr\/wp-json\/wp\/v2\/product_tag?post=21033"}],"curies":[{"name":"wp","href":"https:\/\/api.w.org\/{rel}","templated":true}]}}