{"id":21035,"date":"2021-03-04T17:06:45","date_gmt":"2021-03-04T17:06:45","guid":{"rendered":"https:\/\/blackstonegriddles.ca\/product\/36-griddle-accessory-side-shelf"},"modified":"2025-06-12T22:07:53","modified_gmt":"2025-06-12T22:07:53","slug":"36-tablette-laterale-pour-les-accessoires-de-la-plaque-de-cuisson","status":"publish","type":"product","link":"https:\/\/blackstonegriddles.ca\/fr\/product\/36-griddle-accessory-side-shelf\/","title":{"rendered":"36\u2033 Griddle Accessory Side Shelf"},"content":{"rendered":"<p>Planche \u00e0 d\u00e9couper int\u00e9gr\u00e9ePorte-sac \u00e0 ordures int\u00e9gr\u00e9Porte-serviettes en papier int\u00e9gr\u00e9Rev\u00eatement en poudre noireInclut une planche \u00e0 d\u00e9couper allant au lave-vaisselleS'adapte \u00e0 la station de cuisson Blackstone 36\" avec tablettes inf\u00e9rieures (1554, 1565, 1560, 1836, et 1825)<\/p>","protected":false},"excerpt":{"rendered":"<p>Donnez \u00e0 votre plaque de cuisson Blackstone de 36 pouces l'am\u00e9lioration que vous et votre plaque m\u00e9ritez avec l'\u00e9tag\u00e8re lat\u00e9rale pour accessoires Blackstone de 36 pouces. Con\u00e7ue avec soin, cette \u00e9tag\u00e8re am\u00e9lior\u00e9e rend la cuisson sur la plaque plus agr\u00e9able et plus pratique gr\u00e2ce \u00e0 une planche \u00e0 d\u00e9couper, un porte-sac \u00e0 ordures et un porte-essuie-tout int\u00e9gr\u00e9s. La planche \u00e0 d\u00e9couper se soul\u00e8ve facilement pour d\u00e9placer l'ingr\u00e9dient pr\u00e9par\u00e9 vers la plaque de cuisson ou pour d\u00e9poser les restes directement dans le sac \u00e0 ordures situ\u00e9 en dessous. Il suffit de retirer l'\u00e9tag\u00e8re d'origine du c\u00f4t\u00e9 droit et de la remplacer par l'\u00e9tag\u00e8re lat\u00e9rale accessoire Blackstone de 36\" pour commencer \u00e0 cuisiner en toute tranquillit\u00e9. *Convient \u00e0 la station de cuisson Blackstone 36\" avec tablettes inf\u00e9rieures (1554, 1565, 1560, 1836 et 1825).<\/p>","protected":false},"featured_media":21043,"template":"","meta":[],"product_brand":[],"product_cat":[158,138],"product_tag":[],"class_list":{"0":"post-21035","1":"product","2":"type-product","3":"status-publish","4":"has-post-thumbnail","6":"product_cat-158","7":"product_cat-accessories","8":"product_shipping_class-accessories","10":"first","11":"instock","12":"taxable","13":"shipping-taxable","14":"purchasable","15":"product-type-simple"},"yoast_head":"<!-- This site is optimized with the Yoast SEO plugin v27.3 - https:\/\/yoast.com\/product\/yoast-seo-wordpress\/ -->\n<title>36&quot; Griddle Accessory Side Shelf - Blackstone Griddles<\/title>\n<meta name=\"robots\" content=\"index, follow, max-snippet:-1, max-image-preview:large, max-video-preview:-1\" \/>\n<link rel=\"canonical\" href=\"https:\/\/blackstonegriddles.ca\/fr\/produit\/36-tablette-laterale-pour-les-accessoires-de-la-plaque-de-cuisson\/\" \/>\n<meta property=\"og:locale\" content=\"fr_CA\" \/>\n<meta property=\"og:type\" content=\"article\" \/>\n<meta property=\"og:title\" content=\"36&quot; Griddle Accessory Side Shelf - Blackstone Griddles\" \/>\n<meta property=\"og:description\" content=\"Give your Blackstone 36\u201d Griddle the upgrade you and it deserves with the Blackstone 36\u201d Accessory Side Shelf. Thoughtfully designed, the upgraded shelf makes cooking on the griddle more enjoyable and convenient with a built-in cutting board, garbage bag holder, and paper towel holder. The cutting board easily lifts out to move the prepared ingredient to the griddle or to drop scraps directly into the garbage bag below. Simply remove the original right-side shelf and replace it with the Blackstone 36\u201d Accessory Side Shelf to begin cooking with less hassle. *Fits on Blackstone 36\u201d Griddle Cooking Station with lower shelves (1554, 1565, 1560, 1836, and 1825).\" \/>\n<meta property=\"og:url\" content=\"https:\/\/blackstonegriddles.ca\/fr\/produit\/36-tablette-laterale-pour-les-accessoires-de-la-plaque-de-cuisson\/\" \/>\n<meta property=\"og:site_name\" content=\"Blackstone Griddles\" \/>\n<meta property=\"article:publisher\" content=\"https:\/\/www.facebook.com\/blackstoneproducts\/\" \/>\n<meta property=\"article:modified_time\" content=\"2025-06-12T22:07:53+00:00\" \/>\n<meta property=\"og:image\" content=\"https:\/\/blackstonegriddles.ca\/wp-content\/uploads\/2021\/03\/5012-1.jpg\" \/>\n\t<meta property=\"og:image:width\" content=\"984\" \/>\n\t<meta property=\"og:image:height\" content=\"635\" \/>\n\t<meta property=\"og:image:type\" content=\"image\/jpeg\" \/>\n<meta name=\"twitter:card\" content=\"summary_large_image\" \/>\n<meta name=\"twitter:site\" content=\"@weareblackstone\" \/>\n<meta name=\"twitter:label1\" content=\"Estimation du temps de lecture\" \/>\n\t<meta name=\"twitter:data1\" content=\"1 minute\" \/>\n<script type=\"application\/ld+json\" class=\"yoast-schema-graph\">{\"@context\":\"https:\\\/\\\/schema.org\",\"@graph\":[{\"@type\":\"WebPage\",\"@id\":\"https:\\\/\\\/blackstonegriddles.ca\\\/product\\\/36-griddle-accessory-side-shelf\\\/\",\"url\":\"https:\\\/\\\/blackstonegriddles.ca\\\/product\\\/36-griddle-accessory-side-shelf\\\/\",\"name\":\"36\\\" Griddle Accessory Side Shelf - Blackstone Griddles\",\"isPartOf\":{\"@id\":\"https:\\\/\\\/blackstonegriddles.ca\\\/#website\"},\"primaryImageOfPage\":{\"@id\":\"https:\\\/\\\/blackstonegriddles.ca\\\/product\\\/36-griddle-accessory-side-shelf\\\/#primaryimage\"},\"image\":{\"@id\":\"https:\\\/\\\/blackstonegriddles.ca\\\/product\\\/36-griddle-accessory-side-shelf\\\/#primaryimage\"},\"thumbnailUrl\":\"https:\\\/\\\/blackstonegriddles.ca\\\/wp-content\\\/uploads\\\/2021\\\/03\\\/5012-1.jpg\",\"datePublished\":\"2021-03-04T17:06:45+00:00\",\"dateModified\":\"2025-06-12T22:07:53+00:00\",\"breadcrumb\":{\"@id\":\"https:\\\/\\\/blackstonegriddles.ca\\\/product\\\/36-griddle-accessory-side-shelf\\\/#breadcrumb\"},\"inLanguage\":\"fr-CA\",\"potentialAction\":[{\"@type\":\"ReadAction\",\"target\":[\"https:\\\/\\\/blackstonegriddles.ca\\\/product\\\/36-griddle-accessory-side-shelf\\\/\"]}]},{\"@type\":\"ImageObject\",\"inLanguage\":\"fr-CA\",\"@id\":\"https:\\\/\\\/blackstonegriddles.ca\\\/product\\\/36-griddle-accessory-side-shelf\\\/#primaryimage\",\"url\":\"https:\\\/\\\/blackstonegriddles.ca\\\/wp-content\\\/uploads\\\/2021\\\/03\\\/5012-1.jpg\",\"contentUrl\":\"https:\\\/\\\/blackstonegriddles.ca\\\/wp-content\\\/uploads\\\/2021\\\/03\\\/5012-1.jpg\",\"width\":984,\"height\":635},{\"@type\":\"BreadcrumbList\",\"@id\":\"https:\\\/\\\/blackstonegriddles.ca\\\/product\\\/36-griddle-accessory-side-shelf\\\/#breadcrumb\",\"itemListElement\":[{\"@type\":\"ListItem\",\"position\":1,\"name\":\"Home\",\"item\":\"https:\\\/\\\/blackstonegriddles.ca\\\/\"},{\"@type\":\"ListItem\",\"position\":2,\"name\":\"Shop\",\"item\":\"https:\\\/\\\/blackstonegriddles.ca\\\/shop\\\/\"},{\"@type\":\"ListItem\",\"position\":3,\"name\":\"36&#8243; Griddle Accessory Side Shelf\"}]},{\"@type\":\"WebSite\",\"@id\":\"https:\\\/\\\/blackstonegriddles.ca\\\/#website\",\"url\":\"https:\\\/\\\/blackstonegriddles.ca\\\/\",\"name\":\"Blackstone Griddles Canada\",\"description\":\"Blackstone Griddles official licensed dealer Canada\",\"publisher\":{\"@id\":\"https:\\\/\\\/blackstonegriddles.ca\\\/#organization\"},\"potentialAction\":[{\"@type\":\"SearchAction\",\"target\":{\"@type\":\"EntryPoint\",\"urlTemplate\":\"https:\\\/\\\/blackstonegriddles.ca\\\/?s={search_term_string}\"},\"query-input\":{\"@type\":\"PropertyValueSpecification\",\"valueRequired\":true,\"valueName\":\"search_term_string\"}}],\"inLanguage\":\"fr-CA\"},{\"@type\":\"Organization\",\"@id\":\"https:\\\/\\\/blackstonegriddles.ca\\\/#organization\",\"name\":\"Blackstone Griddles Canada\",\"url\":\"https:\\\/\\\/blackstonegriddles.ca\\\/\",\"logo\":{\"@type\":\"ImageObject\",\"inLanguage\":\"fr-CA\",\"@id\":\"https:\\\/\\\/blackstonegriddles.ca\\\/#\\\/schema\\\/logo\\\/image\\\/\",\"url\":\"https:\\\/\\\/blackstonegriddles.ca\\\/wp-content\\\/uploads\\\/2025\\\/02\\\/blackstone-fire-logo.webp\",\"contentUrl\":\"https:\\\/\\\/blackstonegriddles.ca\\\/wp-content\\\/uploads\\\/2025\\\/02\\\/blackstone-fire-logo.webp\",\"width\":53,\"height\":58,\"caption\":\"Blackstone Griddles Canada\"},\"image\":{\"@id\":\"https:\\\/\\\/blackstonegriddles.ca\\\/#\\\/schema\\\/logo\\\/image\\\/\"},\"sameAs\":[\"https:\\\/\\\/www.facebook.com\\\/blackstoneproducts\\\/\",\"https:\\\/\\\/x.com\\\/weareblackstone\",\"https:\\\/\\\/www.instagram.com\\\/blackstoneproducts\\\/\",\"https:\\\/\\\/www.youtube.com\\\/channel\\\/UCr39rimir8y3p-q1iQYidVA\"]}]}<\/script>\n<!-- \/ Yoast SEO plugin. -->","yoast_head_json":{"title":"Tablette lat\u00e9rale accessoire pour gril 36\" - Blackstone Griddles","robots":{"index":"index","follow":"follow","max-snippet":"max-snippet:-1","max-image-preview":"max-image-preview:large","max-video-preview":"max-video-preview:-1"},"canonical":"https:\/\/blackstonegriddles.ca\/fr\/produit\/36-tablette-laterale-pour-les-accessoires-de-la-plaque-de-cuisson\/","og_locale":"fr_CA","og_type":"article","og_title":"36\" Griddle Accessory Side Shelf - Blackstone Griddles","og_description":"Give your Blackstone 36\u201d Griddle the upgrade you and it deserves with the Blackstone 36\u201d Accessory Side Shelf. Thoughtfully designed, the upgraded shelf makes cooking on the griddle more enjoyable and convenient with a built-in cutting board, garbage bag holder, and paper towel holder. The cutting board easily lifts out to move the prepared ingredient to the griddle or to drop scraps directly into the garbage bag below. Simply remove the original right-side shelf and replace it with the Blackstone 36\u201d Accessory Side Shelf to begin cooking with less hassle. *Fits on Blackstone 36\u201d Griddle Cooking Station with lower shelves (1554, 1565, 1560, 1836, and 1825).","og_url":"https:\/\/blackstonegriddles.ca\/fr\/produit\/36-tablette-laterale-pour-les-accessoires-de-la-plaque-de-cuisson\/","og_site_name":"Blackstone Griddles","article_publisher":"https:\/\/www.facebook.com\/blackstoneproducts\/","article_modified_time":"2025-06-12T22:07:53+00:00","og_image":[{"width":984,"height":635,"url":"https:\/\/blackstonegriddles.ca\/wp-content\/uploads\/2021\/03\/5012-1.jpg","type":"image\/jpeg"}],"twitter_card":"summary_large_image","twitter_site":"@weareblackstone","twitter_misc":{"Estimation du temps de lecture":"1 minute"},"schema":{"@context":"https:\/\/schema.org","@graph":[{"@type":"WebPage","@id":"https:\/\/blackstonegriddles.ca\/product\/36-griddle-accessory-side-shelf\/","url":"https:\/\/blackstonegriddles.ca\/product\/36-griddle-accessory-side-shelf\/","name":"Tablette lat\u00e9rale accessoire pour gril 36\" - Blackstone Griddles","isPartOf":{"@id":"https:\/\/blackstonegriddles.ca\/#website"},"primaryImageOfPage":{"@id":"https:\/\/blackstonegriddles.ca\/product\/36-griddle-accessory-side-shelf\/#primaryimage"},"image":{"@id":"https:\/\/blackstonegriddles.ca\/product\/36-griddle-accessory-side-shelf\/#primaryimage"},"thumbnailUrl":"https:\/\/blackstonegriddles.ca\/wp-content\/uploads\/2021\/03\/5012-1.jpg","datePublished":"2021-03-04T17:06:45+00:00","dateModified":"2025-06-12T22:07:53+00:00","breadcrumb":{"@id":"https:\/\/blackstonegriddles.ca\/product\/36-griddle-accessory-side-shelf\/#breadcrumb"},"inLanguage":"fr-CA","potentialAction":[{"@type":"ReadAction","target":["https:\/\/blackstonegriddles.ca\/product\/36-griddle-accessory-side-shelf\/"]}]},{"@type":"ImageObject","inLanguage":"fr-CA","@id":"https:\/\/blackstonegriddles.ca\/product\/36-griddle-accessory-side-shelf\/#primaryimage","url":"https:\/\/blackstonegriddles.ca\/wp-content\/uploads\/2021\/03\/5012-1.jpg","contentUrl":"https:\/\/blackstonegriddles.ca\/wp-content\/uploads\/2021\/03\/5012-1.jpg","width":984,"height":635},{"@type":"BreadcrumbList","@id":"https:\/\/blackstonegriddles.ca\/product\/36-griddle-accessory-side-shelf\/#breadcrumb","itemListElement":[{"@type":"ListItem","position":1,"name":"Home","item":"https:\/\/blackstonegriddles.ca\/"},{"@type":"ListItem","position":2,"name":"Shop","item":"https:\/\/blackstonegriddles.ca\/shop\/"},{"@type":"ListItem","position":3,"name":"36&#8243; Griddle Accessory Side Shelf"}]},{"@type":"WebSite","@id":"https:\/\/blackstonegriddles.ca\/#website","url":"https:\/\/blackstonegriddles.ca\/","name":"Grils Blackstone Canada","description":"Blackstone Griddles distributeur officiel agr\u00e9\u00e9 Canada","publisher":{"@id":"https:\/\/blackstonegriddles.ca\/#organization"},"potentialAction":[{"@type":"SearchAction","target":{"@type":"EntryPoint","urlTemplate":"https:\/\/blackstonegriddles.ca\/?s={search_term_string}"},"query-input":{"@type":"PropertyValueSpecification","valueRequired":true,"valueName":"search_term_string"}}],"inLanguage":"fr-CA"},{"@type":"Organization","@id":"https:\/\/blackstonegriddles.ca\/#organization","name":"Grils Blackstone Canada","url":"https:\/\/blackstonegriddles.ca\/","logo":{"@type":"ImageObject","inLanguage":"fr-CA","@id":"https:\/\/blackstonegriddles.ca\/#\/schema\/logo\/image\/","url":"https:\/\/blackstonegriddles.ca\/wp-content\/uploads\/2025\/02\/blackstone-fire-logo.webp","contentUrl":"https:\/\/blackstonegriddles.ca\/wp-content\/uploads\/2025\/02\/blackstone-fire-logo.webp","width":53,"height":58,"caption":"Blackstone Griddles Canada"},"image":{"@id":"https:\/\/blackstonegriddles.ca\/#\/schema\/logo\/image\/"},"sameAs":["https:\/\/www.facebook.com\/blackstoneproducts\/","https:\/\/x.com\/weareblackstone","https:\/\/www.instagram.com\/blackstoneproducts\/","https:\/\/www.youtube.com\/channel\/UCr39rimir8y3p-q1iQYidVA"]}]}},"_links":{"self":[{"href":"https:\/\/blackstonegriddles.ca\/fr\/wp-json\/wp\/v2\/product\/21035","targetHints":{"allow":["GET"]}}],"collection":[{"href":"https:\/\/blackstonegriddles.ca\/fr\/wp-json\/wp\/v2\/product"}],"about":[{"href":"https:\/\/blackstonegriddles.ca\/fr\/wp-json\/wp\/v2\/types\/product"}],"wp:featuredmedia":[{"embeddable":true,"href":"https:\/\/blackstonegriddles.ca\/fr\/wp-json\/wp\/v2\/media\/21043"}],"wp:attachment":[{"href":"https:\/\/blackstonegriddles.ca\/fr\/wp-json\/wp\/v2\/media?parent=21035"}],"wp:term":[{"taxonomy":"product_brand","embeddable":true,"href":"https:\/\/blackstonegriddles.ca\/fr\/wp-json\/wp\/v2\/product_brand?post=21035"},{"taxonomy":"product_cat","embeddable":true,"href":"https:\/\/blackstonegriddles.ca\/fr\/wp-json\/wp\/v2\/product_cat?post=21035"},{"taxonomy":"product_tag","embeddable":true,"href":"https:\/\/blackstonegriddles.ca\/fr\/wp-json\/wp\/v2\/product_tag?post=21035"}],"curies":[{"name":"wp","href":"https:\/\/api.w.org\/{rel}","templated":true}]}}