{"id":21455,"date":"2021-04-06T15:41:44","date_gmt":"2021-04-06T15:41:44","guid":{"rendered":"https:\/\/blackstonegriddles.ca\/?post_type=product&#038;p=21455"},"modified":"2026-04-06T18:34:02","modified_gmt":"2026-04-06T18:34:02","slug":"blackstone-28-proseries-griddle-cover","status":"publish","type":"product","link":"https:\/\/blackstonegriddles.ca\/fr\/product\/blackstone-28-proseries-griddle-cover\/","title":{"rendered":"28\u2033 Pro Series Couvercle de gril - Souple"},"content":{"rendered":"<ul>\n<li>Con\u00e7u pour s'adapter \u00e0 la friteuse ProSeries 28\u2033 et \u00e0 la friteuse \u00e0 air 28\u2033.<\/li>\n<li>Deux fermetures \u00e0 glissi\u00e8re pour faciliter l'acc\u00e8s aux portes avant de la plaque de cuisson<\/li>\n<li>Fabriqu\u00e9 en polyester 600D tr\u00e8s r\u00e9sistant avec des coins renforc\u00e9s<\/li>\n<li>Boucles en r\u00e9sine polyur\u00e9thane durable et r\u00e9sistante aux chocs pour un maintien s\u00fbr<\/li>\n<li>Sangles de serrage pour un ajustement plus serr\u00e9 et plus s\u00fbr<\/li>\n<li>R\u00e9sistant aux intemp\u00e9ries et \u00e0 l'eau pour une protection contre les conditions extr\u00eames<\/li>\n<li>Convient aux plaques de cuisson jusqu'\u00e0 59\u2033 de large<\/li>\n<li>Le style ProSeries s'harmonise parfaitement avec votre gril ProSeries 28\u2033.<\/li>\n<\/ul>\n<p>Convient au mod\u00e8le # 1785, 1924 et 1883<\/p>","protected":false},"excerpt":{"rendered":"<p>N'oubliez pas de couvrir et de prot\u00e9ger votre plancha Blackstone avec la housse Blackstone 28-Inch ProSeries Griddle Cover. Cette housse est con\u00e7ue pour s'adapter \u00e0 la plancha ProSeries 28-Inch et est dot\u00e9e de nombreuses caract\u00e9ristiques. Le mat\u00e9riau robuste, les coins renforc\u00e9s et la r\u00e9sistance aux intemp\u00e9ries prouvent que cette housse est faite pour durer. Elle est \u00e9galement dot\u00e9e de deux fermetures \u00e0 glissi\u00e8re pour faciliter l'acc\u00e8s \u00e0 l'avant du meuble, ainsi que de sangles s\u00e9curis\u00e9es avec des boucles durables en r\u00e9sine de poly\u00e9thyl\u00e8ne \u00e0 haute r\u00e9sistance aux chocs. Traitez bien votre plancha et assurez-vous de la couvrir avec la housse Blackstone 28-Inch ProSeries Griddle Cover.<strong>Cette housse convient \u00e0 la friteuse 28\u2033 Item# 1785<\/strong><\/p>","protected":false},"featured_media":21448,"template":"","meta":[],"product_brand":[],"product_cat":[137],"product_tag":[],"class_list":{"0":"post-21455","1":"product","2":"type-product","3":"status-publish","4":"has-post-thumbnail","6":"product_cat-covers-and-carry-bags","7":"product_shipping_class-accessories","9":"first","10":"instock","11":"taxable","12":"shipping-taxable","13":"purchasable","14":"product-type-simple"},"yoast_head":"<!-- This site is optimized with the Yoast SEO plugin v27.3 - https:\/\/yoast.com\/product\/yoast-seo-wordpress\/ -->\n<title>28&quot; Pro Series Griddle Cover - Soft - Blackstone Griddles<\/title>\n<meta name=\"robots\" content=\"index, follow, max-snippet:-1, max-image-preview:large, max-video-preview:-1\" \/>\n<link rel=\"canonical\" href=\"https:\/\/blackstonegriddles.ca\/fr\/produit\/blackstone-28-proseries-griddle-cover\/\" \/>\n<meta property=\"og:locale\" content=\"fr_CA\" \/>\n<meta property=\"og:type\" content=\"article\" \/>\n<meta property=\"og:title\" content=\"28&quot; Pro Series Griddle Cover - Soft - Blackstone Griddles\" \/>\n<meta property=\"og:description\" content=\"Don&#039;t forget to keep your Blackstone griddle covered and protected with the Blackstone 28-Inch ProSeries Griddle Cover This cover is custom designed to fit the ProSeries 28-Inch Griddle and is packed with features. The heavy duty material, reinforced corners, and weather resistance prove that this griddle cover is built to last. It also features two zippers for easy front cabinet access, as well as secure straps with durable, high impact poly resin buckles. Treat your griddle right and make sure you cover it with the Blackstone 28-Inch ProSeries Griddle Cover.This cover fits the 28&quot; Air Fryer Item# 1785\" \/>\n<meta property=\"og:url\" content=\"https:\/\/blackstonegriddles.ca\/fr\/produit\/blackstone-28-proseries-griddle-cover\/\" \/>\n<meta property=\"og:site_name\" content=\"Blackstone Griddles\" \/>\n<meta property=\"article:publisher\" content=\"https:\/\/www.facebook.com\/blackstoneproducts\/\" \/>\n<meta property=\"article:modified_time\" content=\"2026-04-06T18:34:02+00:00\" \/>\n<meta property=\"og:image\" content=\"https:\/\/blackstonegriddles.ca\/wp-content\/uploads\/2021\/04\/5284.jpeg\" \/>\n\t<meta property=\"og:image:width\" content=\"612\" \/>\n\t<meta property=\"og:image:height\" content=\"612\" \/>\n\t<meta property=\"og:image:type\" content=\"image\/jpeg\" \/>\n<meta name=\"twitter:card\" content=\"summary_large_image\" \/>\n<meta name=\"twitter:site\" content=\"@weareblackstone\" \/>\n<meta name=\"twitter:label1\" content=\"Estimation du temps de lecture\" \/>\n\t<meta name=\"twitter:data1\" content=\"1 minute\" \/>\n<script type=\"application\/ld+json\" class=\"yoast-schema-graph\">{\"@context\":\"https:\\\/\\\/schema.org\",\"@graph\":[{\"@type\":\"WebPage\",\"@id\":\"https:\\\/\\\/blackstonegriddles.ca\\\/product\\\/blackstone-28-proseries-griddle-cover\\\/\",\"url\":\"https:\\\/\\\/blackstonegriddles.ca\\\/product\\\/blackstone-28-proseries-griddle-cover\\\/\",\"name\":\"28\\\" Pro Series Griddle Cover - Soft - Blackstone Griddles\",\"isPartOf\":{\"@id\":\"https:\\\/\\\/blackstonegriddles.ca\\\/#website\"},\"primaryImageOfPage\":{\"@id\":\"https:\\\/\\\/blackstonegriddles.ca\\\/product\\\/blackstone-28-proseries-griddle-cover\\\/#primaryimage\"},\"image\":{\"@id\":\"https:\\\/\\\/blackstonegriddles.ca\\\/product\\\/blackstone-28-proseries-griddle-cover\\\/#primaryimage\"},\"thumbnailUrl\":\"https:\\\/\\\/blackstonegriddles.ca\\\/wp-content\\\/uploads\\\/2021\\\/04\\\/5284.jpeg\",\"datePublished\":\"2021-04-06T15:41:44+00:00\",\"dateModified\":\"2026-04-06T18:34:02+00:00\",\"breadcrumb\":{\"@id\":\"https:\\\/\\\/blackstonegriddles.ca\\\/product\\\/blackstone-28-proseries-griddle-cover\\\/#breadcrumb\"},\"inLanguage\":\"fr-CA\",\"potentialAction\":[{\"@type\":\"ReadAction\",\"target\":[\"https:\\\/\\\/blackstonegriddles.ca\\\/product\\\/blackstone-28-proseries-griddle-cover\\\/\"]}]},{\"@type\":\"ImageObject\",\"inLanguage\":\"fr-CA\",\"@id\":\"https:\\\/\\\/blackstonegriddles.ca\\\/product\\\/blackstone-28-proseries-griddle-cover\\\/#primaryimage\",\"url\":\"https:\\\/\\\/blackstonegriddles.ca\\\/wp-content\\\/uploads\\\/2021\\\/04\\\/5284.jpeg\",\"contentUrl\":\"https:\\\/\\\/blackstonegriddles.ca\\\/wp-content\\\/uploads\\\/2021\\\/04\\\/5284.jpeg\",\"width\":612,\"height\":612},{\"@type\":\"BreadcrumbList\",\"@id\":\"https:\\\/\\\/blackstonegriddles.ca\\\/product\\\/blackstone-28-proseries-griddle-cover\\\/#breadcrumb\",\"itemListElement\":[{\"@type\":\"ListItem\",\"position\":1,\"name\":\"Home\",\"item\":\"https:\\\/\\\/blackstonegriddles.ca\\\/\"},{\"@type\":\"ListItem\",\"position\":2,\"name\":\"Shop\",\"item\":\"https:\\\/\\\/blackstonegriddles.ca\\\/shop\\\/\"},{\"@type\":\"ListItem\",\"position\":3,\"name\":\"28&#8243; Pro Series Griddle Cover &#8211; Soft\"}]},{\"@type\":\"WebSite\",\"@id\":\"https:\\\/\\\/blackstonegriddles.ca\\\/#website\",\"url\":\"https:\\\/\\\/blackstonegriddles.ca\\\/\",\"name\":\"Blackstone Griddles Canada\",\"description\":\"Blackstone Griddles official licensed dealer Canada\",\"publisher\":{\"@id\":\"https:\\\/\\\/blackstonegriddles.ca\\\/#organization\"},\"potentialAction\":[{\"@type\":\"SearchAction\",\"target\":{\"@type\":\"EntryPoint\",\"urlTemplate\":\"https:\\\/\\\/blackstonegriddles.ca\\\/?s={search_term_string}\"},\"query-input\":{\"@type\":\"PropertyValueSpecification\",\"valueRequired\":true,\"valueName\":\"search_term_string\"}}],\"inLanguage\":\"fr-CA\"},{\"@type\":\"Organization\",\"@id\":\"https:\\\/\\\/blackstonegriddles.ca\\\/#organization\",\"name\":\"Blackstone Griddles Canada\",\"url\":\"https:\\\/\\\/blackstonegriddles.ca\\\/\",\"logo\":{\"@type\":\"ImageObject\",\"inLanguage\":\"fr-CA\",\"@id\":\"https:\\\/\\\/blackstonegriddles.ca\\\/#\\\/schema\\\/logo\\\/image\\\/\",\"url\":\"https:\\\/\\\/blackstonegriddles.ca\\\/wp-content\\\/uploads\\\/2025\\\/02\\\/blackstone-fire-logo.webp\",\"contentUrl\":\"https:\\\/\\\/blackstonegriddles.ca\\\/wp-content\\\/uploads\\\/2025\\\/02\\\/blackstone-fire-logo.webp\",\"width\":53,\"height\":58,\"caption\":\"Blackstone Griddles Canada\"},\"image\":{\"@id\":\"https:\\\/\\\/blackstonegriddles.ca\\\/#\\\/schema\\\/logo\\\/image\\\/\"},\"sameAs\":[\"https:\\\/\\\/www.facebook.com\\\/blackstoneproducts\\\/\",\"https:\\\/\\\/x.com\\\/weareblackstone\",\"https:\\\/\\\/www.instagram.com\\\/blackstoneproducts\\\/\",\"https:\\\/\\\/www.youtube.com\\\/channel\\\/UCr39rimir8y3p-q1iQYidVA\"]}]}<\/script>\n<!-- \/ Yoast SEO plugin. -->","yoast_head_json":{"title":"Couvercle de gril 28\" de la s\u00e9rie Pro - Souple - Blackstone Griddles","robots":{"index":"index","follow":"follow","max-snippet":"max-snippet:-1","max-image-preview":"max-image-preview:large","max-video-preview":"max-video-preview:-1"},"canonical":"https:\/\/blackstonegriddles.ca\/fr\/produit\/blackstone-28-proseries-griddle-cover\/","og_locale":"fr_CA","og_type":"article","og_title":"28\" Pro Series Griddle Cover - Soft - Blackstone Griddles","og_description":"Don't forget to keep your Blackstone griddle covered and protected with the Blackstone 28-Inch ProSeries Griddle Cover This cover is custom designed to fit the ProSeries 28-Inch Griddle and is packed with features. The heavy duty material, reinforced corners, and weather resistance prove that this griddle cover is built to last. It also features two zippers for easy front cabinet access, as well as secure straps with durable, high impact poly resin buckles. Treat your griddle right and make sure you cover it with the Blackstone 28-Inch ProSeries Griddle Cover.This cover fits the 28\" Air Fryer Item# 1785","og_url":"https:\/\/blackstonegriddles.ca\/fr\/produit\/blackstone-28-proseries-griddle-cover\/","og_site_name":"Blackstone Griddles","article_publisher":"https:\/\/www.facebook.com\/blackstoneproducts\/","article_modified_time":"2026-04-06T18:34:02+00:00","og_image":[{"width":612,"height":612,"url":"https:\/\/blackstonegriddles.ca\/wp-content\/uploads\/2021\/04\/5284.jpeg","type":"image\/jpeg"}],"twitter_card":"summary_large_image","twitter_site":"@weareblackstone","twitter_misc":{"Estimation du temps de lecture":"1 minute"},"schema":{"@context":"https:\/\/schema.org","@graph":[{"@type":"WebPage","@id":"https:\/\/blackstonegriddles.ca\/product\/blackstone-28-proseries-griddle-cover\/","url":"https:\/\/blackstonegriddles.ca\/product\/blackstone-28-proseries-griddle-cover\/","name":"Couvercle de gril 28\" de la s\u00e9rie Pro - Souple - Blackstone Griddles","isPartOf":{"@id":"https:\/\/blackstonegriddles.ca\/#website"},"primaryImageOfPage":{"@id":"https:\/\/blackstonegriddles.ca\/product\/blackstone-28-proseries-griddle-cover\/#primaryimage"},"image":{"@id":"https:\/\/blackstonegriddles.ca\/product\/blackstone-28-proseries-griddle-cover\/#primaryimage"},"thumbnailUrl":"https:\/\/blackstonegriddles.ca\/wp-content\/uploads\/2021\/04\/5284.jpeg","datePublished":"2021-04-06T15:41:44+00:00","dateModified":"2026-04-06T18:34:02+00:00","breadcrumb":{"@id":"https:\/\/blackstonegriddles.ca\/product\/blackstone-28-proseries-griddle-cover\/#breadcrumb"},"inLanguage":"fr-CA","potentialAction":[{"@type":"ReadAction","target":["https:\/\/blackstonegriddles.ca\/product\/blackstone-28-proseries-griddle-cover\/"]}]},{"@type":"ImageObject","inLanguage":"fr-CA","@id":"https:\/\/blackstonegriddles.ca\/product\/blackstone-28-proseries-griddle-cover\/#primaryimage","url":"https:\/\/blackstonegriddles.ca\/wp-content\/uploads\/2021\/04\/5284.jpeg","contentUrl":"https:\/\/blackstonegriddles.ca\/wp-content\/uploads\/2021\/04\/5284.jpeg","width":612,"height":612},{"@type":"BreadcrumbList","@id":"https:\/\/blackstonegriddles.ca\/product\/blackstone-28-proseries-griddle-cover\/#breadcrumb","itemListElement":[{"@type":"ListItem","position":1,"name":"Home","item":"https:\/\/blackstonegriddles.ca\/"},{"@type":"ListItem","position":2,"name":"Shop","item":"https:\/\/blackstonegriddles.ca\/shop\/"},{"@type":"ListItem","position":3,"name":"28&#8243; Pro Series Griddle Cover &#8211; Soft"}]},{"@type":"WebSite","@id":"https:\/\/blackstonegriddles.ca\/#website","url":"https:\/\/blackstonegriddles.ca\/","name":"Grils Blackstone Canada","description":"Blackstone Griddles distributeur officiel agr\u00e9\u00e9 Canada","publisher":{"@id":"https:\/\/blackstonegriddles.ca\/#organization"},"potentialAction":[{"@type":"SearchAction","target":{"@type":"EntryPoint","urlTemplate":"https:\/\/blackstonegriddles.ca\/?s={search_term_string}"},"query-input":{"@type":"PropertyValueSpecification","valueRequired":true,"valueName":"search_term_string"}}],"inLanguage":"fr-CA"},{"@type":"Organization","@id":"https:\/\/blackstonegriddles.ca\/#organization","name":"Grils Blackstone Canada","url":"https:\/\/blackstonegriddles.ca\/","logo":{"@type":"ImageObject","inLanguage":"fr-CA","@id":"https:\/\/blackstonegriddles.ca\/#\/schema\/logo\/image\/","url":"https:\/\/blackstonegriddles.ca\/wp-content\/uploads\/2025\/02\/blackstone-fire-logo.webp","contentUrl":"https:\/\/blackstonegriddles.ca\/wp-content\/uploads\/2025\/02\/blackstone-fire-logo.webp","width":53,"height":58,"caption":"Blackstone Griddles Canada"},"image":{"@id":"https:\/\/blackstonegriddles.ca\/#\/schema\/logo\/image\/"},"sameAs":["https:\/\/www.facebook.com\/blackstoneproducts\/","https:\/\/x.com\/weareblackstone","https:\/\/www.instagram.com\/blackstoneproducts\/","https:\/\/www.youtube.com\/channel\/UCr39rimir8y3p-q1iQYidVA"]}]}},"_links":{"self":[{"href":"https:\/\/blackstonegriddles.ca\/fr\/wp-json\/wp\/v2\/product\/21455","targetHints":{"allow":["GET"]}}],"collection":[{"href":"https:\/\/blackstonegriddles.ca\/fr\/wp-json\/wp\/v2\/product"}],"about":[{"href":"https:\/\/blackstonegriddles.ca\/fr\/wp-json\/wp\/v2\/types\/product"}],"wp:featuredmedia":[{"embeddable":true,"href":"https:\/\/blackstonegriddles.ca\/fr\/wp-json\/wp\/v2\/media\/21448"}],"wp:attachment":[{"href":"https:\/\/blackstonegriddles.ca\/fr\/wp-json\/wp\/v2\/media?parent=21455"}],"wp:term":[{"taxonomy":"product_brand","embeddable":true,"href":"https:\/\/blackstonegriddles.ca\/fr\/wp-json\/wp\/v2\/product_brand?post=21455"},{"taxonomy":"product_cat","embeddable":true,"href":"https:\/\/blackstonegriddles.ca\/fr\/wp-json\/wp\/v2\/product_cat?post=21455"},{"taxonomy":"product_tag","embeddable":true,"href":"https:\/\/blackstonegriddles.ca\/fr\/wp-json\/wp\/v2\/product_tag?post=21455"}],"curies":[{"name":"wp","href":"https:\/\/api.w.org\/{rel}","templated":true}]}}