{"id":23073,"date":"2021-07-16T14:00:10","date_gmt":"2021-07-16T14:00:10","guid":{"rendered":"https:\/\/blackstonegriddles.ca\/?post_type=product&#038;p=23073"},"modified":"2026-04-24T19:32:01","modified_gmt":"2026-04-24T19:32:01","slug":"23073","status":"publish","type":"product","link":"https:\/\/blackstonegriddles.ca\/fr\/product\/23073\/","title":{"rendered":"Kit anneau d'\u0153uf et omelette"},"content":{"rendered":"<ul>\n<li>3 anneaux d'\u0153uf ronds (4 pouces de diam\u00e8tre)<\/li>\n<li>3 anneaux d'\u0153uf carr\u00e9s (4 pouces de diam\u00e8tre)<\/li>\n<li>1 anneau \u00e0 omelette (8in de diam\u00e8tre)<\/li>\n<li>Lavable au lave-vaisselle<\/li>\n<\/ul>","protected":false},"excerpt":{"rendered":"<p>Attention \u00e0 tous les amateurs de petit-d\u00e9jeuner - les outils dont vous avez besoin pour pr\u00e9parer des \u0153ufs parfaits, des galettes de saucisses, des pommes de terre rissol\u00e9es, des cr\u00eapes et bien d'autres choses encore sont l\u00e0 ! Fabriqu\u00e9 en acier inoxydable et en silicone de haute qualit\u00e9, vous recevrez trois anneaux \u00e0 \u0153ufs ronds, trois anneaux \u00e0 \u0153ufs carr\u00e9s et un grand anneau \u00e0 omelette. Vous aurez tout ce qu'il vous faut pour pr\u00e9parer un petit-d\u00e9jeuner gr\u00e9sillant ! Lorsque vous aurez fini de cuisiner, mettez-les au lave-vaisselle pour un nettoyage simple et facile.<\/p>","protected":false},"featured_media":51818,"template":"","meta":[],"product_brand":[],"product_cat":[138,265,249],"product_tag":[],"class_list":{"0":"post-23073","1":"product","2":"type-product","3":"status-publish","4":"has-post-thumbnail","6":"product_cat-accessories","7":"product_cat-essential-extras","8":"product_cat-sale","9":"product_shipping_class-accessories","11":"first","12":"instock","13":"sale","14":"taxable","15":"shipping-taxable","16":"purchasable","17":"product-type-simple"},"yoast_head":"<!-- This site is optimized with the Yoast SEO plugin v27.4 - https:\/\/yoast.com\/product\/yoast-seo-wordpress\/ -->\n<title>Egg Ring &amp; Omelet Kit - Blackstone Griddles<\/title>\n<meta name=\"robots\" content=\"index, follow, max-snippet:-1, max-image-preview:large, max-video-preview:-1\" \/>\n<link rel=\"canonical\" href=\"https:\/\/blackstonegriddles.ca\/fr\/produit\/23073\/\" \/>\n<meta property=\"og:locale\" content=\"fr_CA\" \/>\n<meta property=\"og:type\" content=\"article\" \/>\n<meta property=\"og:title\" content=\"Egg Ring &amp; Omelet Kit - Blackstone Griddles\" \/>\n<meta property=\"og:description\" content=\"Attention all breakfast lovers \u2013 the tools you need to make the perfect eggs, sausage patties, hash browns, pancakes and more are here! The Egg Ring and Omelet Kit is just what you need to complete your culinary conquest of breakfast!Made from a high-quality stainless steel and silicone you\u2019ll receive three round egg rings, three square egg rings, and one large omelet ring. You\u2019ll have what you need make a sizzling breakfast! Then when you are done cooking, throw them in the dishwasher for a simple and easy clean up.\" \/>\n<meta property=\"og:url\" content=\"https:\/\/blackstonegriddles.ca\/fr\/produit\/23073\/\" \/>\n<meta property=\"og:site_name\" content=\"Blackstone Griddles\" \/>\n<meta property=\"article:publisher\" content=\"https:\/\/www.facebook.com\/blackstoneproducts\/\" \/>\n<meta property=\"article:modified_time\" content=\"2026-04-24T19:32:01+00:00\" \/>\n<meta property=\"og:image\" content=\"https:\/\/blackstonegriddles.ca\/wp-content\/uploads\/2021\/07\/5515_OmeletEggRingKit_General_01-1.jpg\" \/>\n\t<meta property=\"og:image:width\" content=\"2201\" \/>\n\t<meta property=\"og:image:height\" content=\"2201\" \/>\n\t<meta property=\"og:image:type\" content=\"image\/jpeg\" \/>\n<meta name=\"twitter:card\" content=\"summary_large_image\" \/>\n<meta name=\"twitter:site\" content=\"@weareblackstone\" \/>\n<meta name=\"twitter:label1\" content=\"Estimation du temps de lecture\" \/>\n\t<meta name=\"twitter:data1\" content=\"1 minute\" \/>\n<script type=\"application\/ld+json\" class=\"yoast-schema-graph\">{\"@context\":\"https:\\\/\\\/schema.org\",\"@graph\":[{\"@type\":\"WebPage\",\"@id\":\"https:\\\/\\\/blackstonegriddles.ca\\\/product\\\/23073\\\/\",\"url\":\"https:\\\/\\\/blackstonegriddles.ca\\\/product\\\/23073\\\/\",\"name\":\"Egg Ring &amp; Omelet Kit - Blackstone Griddles\",\"isPartOf\":{\"@id\":\"https:\\\/\\\/blackstonegriddles.ca\\\/#website\"},\"primaryImageOfPage\":{\"@id\":\"https:\\\/\\\/blackstonegriddles.ca\\\/product\\\/23073\\\/#primaryimage\"},\"image\":{\"@id\":\"https:\\\/\\\/blackstonegriddles.ca\\\/product\\\/23073\\\/#primaryimage\"},\"thumbnailUrl\":\"https:\\\/\\\/blackstonegriddles.ca\\\/wp-content\\\/uploads\\\/2021\\\/07\\\/5515_OmeletEggRingKit_General_01-1.jpg\",\"datePublished\":\"2021-07-16T14:00:10+00:00\",\"dateModified\":\"2026-04-24T19:32:01+00:00\",\"breadcrumb\":{\"@id\":\"https:\\\/\\\/blackstonegriddles.ca\\\/product\\\/23073\\\/#breadcrumb\"},\"inLanguage\":\"fr-CA\",\"potentialAction\":[{\"@type\":\"ReadAction\",\"target\":[\"https:\\\/\\\/blackstonegriddles.ca\\\/product\\\/23073\\\/\"]}]},{\"@type\":\"ImageObject\",\"inLanguage\":\"fr-CA\",\"@id\":\"https:\\\/\\\/blackstonegriddles.ca\\\/product\\\/23073\\\/#primaryimage\",\"url\":\"https:\\\/\\\/blackstonegriddles.ca\\\/wp-content\\\/uploads\\\/2021\\\/07\\\/5515_OmeletEggRingKit_General_01-1.jpg\",\"contentUrl\":\"https:\\\/\\\/blackstonegriddles.ca\\\/wp-content\\\/uploads\\\/2021\\\/07\\\/5515_OmeletEggRingKit_General_01-1.jpg\",\"width\":2201,\"height\":2201},{\"@type\":\"BreadcrumbList\",\"@id\":\"https:\\\/\\\/blackstonegriddles.ca\\\/product\\\/23073\\\/#breadcrumb\",\"itemListElement\":[{\"@type\":\"ListItem\",\"position\":1,\"name\":\"Home\",\"item\":\"https:\\\/\\\/blackstonegriddles.ca\\\/\"},{\"@type\":\"ListItem\",\"position\":2,\"name\":\"Shop\",\"item\":\"https:\\\/\\\/blackstonegriddles.ca\\\/shop\\\/\"},{\"@type\":\"ListItem\",\"position\":3,\"name\":\"Egg Ring &amp; Omelet Kit\"}]},{\"@type\":\"WebSite\",\"@id\":\"https:\\\/\\\/blackstonegriddles.ca\\\/#website\",\"url\":\"https:\\\/\\\/blackstonegriddles.ca\\\/\",\"name\":\"Blackstone Griddles Canada\",\"description\":\"Blackstone Griddles official licensed dealer Canada\",\"publisher\":{\"@id\":\"https:\\\/\\\/blackstonegriddles.ca\\\/#organization\"},\"potentialAction\":[{\"@type\":\"SearchAction\",\"target\":{\"@type\":\"EntryPoint\",\"urlTemplate\":\"https:\\\/\\\/blackstonegriddles.ca\\\/?s={search_term_string}\"},\"query-input\":{\"@type\":\"PropertyValueSpecification\",\"valueRequired\":true,\"valueName\":\"search_term_string\"}}],\"inLanguage\":\"fr-CA\"},{\"@type\":\"Organization\",\"@id\":\"https:\\\/\\\/blackstonegriddles.ca\\\/#organization\",\"name\":\"Blackstone Griddles Canada\",\"url\":\"https:\\\/\\\/blackstonegriddles.ca\\\/\",\"logo\":{\"@type\":\"ImageObject\",\"inLanguage\":\"fr-CA\",\"@id\":\"https:\\\/\\\/blackstonegriddles.ca\\\/#\\\/schema\\\/logo\\\/image\\\/\",\"url\":\"https:\\\/\\\/blackstonegriddles.ca\\\/wp-content\\\/uploads\\\/2025\\\/02\\\/blackstone-fire-logo.webp\",\"contentUrl\":\"https:\\\/\\\/blackstonegriddles.ca\\\/wp-content\\\/uploads\\\/2025\\\/02\\\/blackstone-fire-logo.webp\",\"width\":53,\"height\":58,\"caption\":\"Blackstone Griddles Canada\"},\"image\":{\"@id\":\"https:\\\/\\\/blackstonegriddles.ca\\\/#\\\/schema\\\/logo\\\/image\\\/\"},\"sameAs\":[\"https:\\\/\\\/www.facebook.com\\\/blackstoneproducts\\\/\",\"https:\\\/\\\/x.com\\\/weareblackstone\",\"https:\\\/\\\/www.instagram.com\\\/blackstoneproducts\\\/\",\"https:\\\/\\\/www.youtube.com\\\/channel\\\/UCr39rimir8y3p-q1iQYidVA\"]}]}<\/script>\n<!-- \/ Yoast SEO plugin. -->","yoast_head_json":{"title":"Kit anneau \u00e0 oeufs et omelette - Blackstone Griddles","robots":{"index":"index","follow":"follow","max-snippet":"max-snippet:-1","max-image-preview":"max-image-preview:large","max-video-preview":"max-video-preview:-1"},"canonical":"https:\/\/blackstonegriddles.ca\/fr\/produit\/23073\/","og_locale":"fr_CA","og_type":"article","og_title":"Egg Ring &amp; Omelet Kit - Blackstone Griddles","og_description":"Attention all breakfast lovers \u2013 the tools you need to make the perfect eggs, sausage patties, hash browns, pancakes and more are here! The Egg Ring and Omelet Kit is just what you need to complete your culinary conquest of breakfast!Made from a high-quality stainless steel and silicone you\u2019ll receive three round egg rings, three square egg rings, and one large omelet ring. You\u2019ll have what you need make a sizzling breakfast! Then when you are done cooking, throw them in the dishwasher for a simple and easy clean up.","og_url":"https:\/\/blackstonegriddles.ca\/fr\/produit\/23073\/","og_site_name":"Blackstone Griddles","article_publisher":"https:\/\/www.facebook.com\/blackstoneproducts\/","article_modified_time":"2026-04-24T19:32:01+00:00","og_image":[{"width":2201,"height":2201,"url":"https:\/\/blackstonegriddles.ca\/wp-content\/uploads\/2021\/07\/5515_OmeletEggRingKit_General_01-1.jpg","type":"image\/jpeg"}],"twitter_card":"summary_large_image","twitter_site":"@weareblackstone","twitter_misc":{"Estimation du temps de lecture":"1 minute"},"schema":{"@context":"https:\/\/schema.org","@graph":[{"@type":"WebPage","@id":"https:\/\/blackstonegriddles.ca\/product\/23073\/","url":"https:\/\/blackstonegriddles.ca\/product\/23073\/","name":"Kit anneau \u00e0 oeufs et omelette - Blackstone Griddles","isPartOf":{"@id":"https:\/\/blackstonegriddles.ca\/#website"},"primaryImageOfPage":{"@id":"https:\/\/blackstonegriddles.ca\/product\/23073\/#primaryimage"},"image":{"@id":"https:\/\/blackstonegriddles.ca\/product\/23073\/#primaryimage"},"thumbnailUrl":"https:\/\/blackstonegriddles.ca\/wp-content\/uploads\/2021\/07\/5515_OmeletEggRingKit_General_01-1.jpg","datePublished":"2021-07-16T14:00:10+00:00","dateModified":"2026-04-24T19:32:01+00:00","breadcrumb":{"@id":"https:\/\/blackstonegriddles.ca\/product\/23073\/#breadcrumb"},"inLanguage":"fr-CA","potentialAction":[{"@type":"ReadAction","target":["https:\/\/blackstonegriddles.ca\/product\/23073\/"]}]},{"@type":"ImageObject","inLanguage":"fr-CA","@id":"https:\/\/blackstonegriddles.ca\/product\/23073\/#primaryimage","url":"https:\/\/blackstonegriddles.ca\/wp-content\/uploads\/2021\/07\/5515_OmeletEggRingKit_General_01-1.jpg","contentUrl":"https:\/\/blackstonegriddles.ca\/wp-content\/uploads\/2021\/07\/5515_OmeletEggRingKit_General_01-1.jpg","width":2201,"height":2201},{"@type":"BreadcrumbList","@id":"https:\/\/blackstonegriddles.ca\/product\/23073\/#breadcrumb","itemListElement":[{"@type":"ListItem","position":1,"name":"Home","item":"https:\/\/blackstonegriddles.ca\/"},{"@type":"ListItem","position":2,"name":"Shop","item":"https:\/\/blackstonegriddles.ca\/shop\/"},{"@type":"ListItem","position":3,"name":"Egg Ring &amp; Omelet Kit"}]},{"@type":"WebSite","@id":"https:\/\/blackstonegriddles.ca\/#website","url":"https:\/\/blackstonegriddles.ca\/","name":"Grils Blackstone Canada","description":"Blackstone Griddles distributeur officiel agr\u00e9\u00e9 Canada","publisher":{"@id":"https:\/\/blackstonegriddles.ca\/#organization"},"potentialAction":[{"@type":"SearchAction","target":{"@type":"EntryPoint","urlTemplate":"https:\/\/blackstonegriddles.ca\/?s={search_term_string}"},"query-input":{"@type":"PropertyValueSpecification","valueRequired":true,"valueName":"search_term_string"}}],"inLanguage":"fr-CA"},{"@type":"Organization","@id":"https:\/\/blackstonegriddles.ca\/#organization","name":"Grils Blackstone Canada","url":"https:\/\/blackstonegriddles.ca\/","logo":{"@type":"ImageObject","inLanguage":"fr-CA","@id":"https:\/\/blackstonegriddles.ca\/#\/schema\/logo\/image\/","url":"https:\/\/blackstonegriddles.ca\/wp-content\/uploads\/2025\/02\/blackstone-fire-logo.webp","contentUrl":"https:\/\/blackstonegriddles.ca\/wp-content\/uploads\/2025\/02\/blackstone-fire-logo.webp","width":53,"height":58,"caption":"Blackstone Griddles Canada"},"image":{"@id":"https:\/\/blackstonegriddles.ca\/#\/schema\/logo\/image\/"},"sameAs":["https:\/\/www.facebook.com\/blackstoneproducts\/","https:\/\/x.com\/weareblackstone","https:\/\/www.instagram.com\/blackstoneproducts\/","https:\/\/www.youtube.com\/channel\/UCr39rimir8y3p-q1iQYidVA"]}]}},"_links":{"self":[{"href":"https:\/\/blackstonegriddles.ca\/fr\/wp-json\/wp\/v2\/product\/23073","targetHints":{"allow":["GET"]}}],"collection":[{"href":"https:\/\/blackstonegriddles.ca\/fr\/wp-json\/wp\/v2\/product"}],"about":[{"href":"https:\/\/blackstonegriddles.ca\/fr\/wp-json\/wp\/v2\/types\/product"}],"wp:featuredmedia":[{"embeddable":true,"href":"https:\/\/blackstonegriddles.ca\/fr\/wp-json\/wp\/v2\/media\/51818"}],"wp:attachment":[{"href":"https:\/\/blackstonegriddles.ca\/fr\/wp-json\/wp\/v2\/media?parent=23073"}],"wp:term":[{"taxonomy":"product_brand","embeddable":true,"href":"https:\/\/blackstonegriddles.ca\/fr\/wp-json\/wp\/v2\/product_brand?post=23073"},{"taxonomy":"product_cat","embeddable":true,"href":"https:\/\/blackstonegriddles.ca\/fr\/wp-json\/wp\/v2\/product_cat?post=23073"},{"taxonomy":"product_tag","embeddable":true,"href":"https:\/\/blackstonegriddles.ca\/fr\/wp-json\/wp\/v2\/product_tag?post=23073"}],"curies":[{"name":"wp","href":"https:\/\/api.w.org\/{rel}","templated":true}]}}