{"id":23612,"date":"2021-08-18T16:48:52","date_gmt":"2021-08-18T16:48:52","guid":{"rendered":"https:\/\/blackstonegriddles.ca\/?post_type=product&#038;p=23612"},"modified":"2025-07-17T16:08:14","modified_gmt":"2025-07-17T16:08:14","slug":"rouleau-de-couteau-pret-pour-laventure","status":"publish","type":"product","link":"https:\/\/blackstonegriddles.ca\/fr\/product\/adventure-ready-knife-roll\/","title":{"rendered":"Pr\u00eat pour l'aventure Rouleau de couteau"},"content":{"rendered":"<ul>\n<li>L'ensemble de couteaux Adventure Ready de Blackstone Le syst\u00e8me de pr\u00e9paration des aliments Stow and Go comprend :<\/li>\n<li>Un (1) tapis de pr\u00e9paration en silicone<\/li>\n<li>Une (1) sali\u00e8re et poivri\u00e8re int\u00e9gr\u00e9e<\/li>\n<li>Un (1) grand couteau de pr\u00e9paration<\/li>\n<li>Un (1) petit couteau de pr\u00e9paration<\/li>\n<li>Un (1) tube de confinement en silicone<\/li>\n<\/ul>","protected":false},"excerpt":{"rendered":"<p>Pr\u00e9parer des plats en plein air peut s'av\u00e9rer d\u00e9licat sans les bons outils. L'ensemble de couteaux en silicone Adventure Ready Stow and Go Roll de Blackstone permettra \u00e0 tout chef de r\u00e9ussir. Avec notre syst\u00e8me brevet\u00e9 Stow and Go, Blackstone vous aide \u00e0 garder tout votre \u00e9quipement au m\u00eame endroit. Les \u00e9tuis inclus permettent aux deux couteaux de voyager sans sacrifier leur tranchant. Un tapis de pr\u00e9paration en silicone r\u00e9sistant \u00e0 la chaleur vous permet de laisser reposer vos viandes et de conserver toutes leurs saveurs. Cette brillante collection d'outils essentiels vous permettra de cuisiner dans toutes les aventures imaginables !<\/p>","protected":false},"featured_media":23613,"template":"","meta":[],"product_brand":[],"product_cat":[138,265],"product_tag":[],"class_list":{"0":"post-23612","1":"product","2":"type-product","3":"status-publish","4":"has-post-thumbnail","6":"product_cat-accessories","7":"product_cat-essential-extras","8":"product_shipping_class-accessories","10":"first","11":"outofstock","12":"taxable","13":"shipping-taxable","14":"purchasable","15":"product-type-simple"},"yoast_head":"<!-- This site is optimized with the Yoast SEO plugin v27.4 - https:\/\/yoast.com\/product\/yoast-seo-wordpress\/ -->\n<title>Adventure Ready Knife Roll - Blackstone Griddles<\/title>\n<meta name=\"description\" content=\"(1) Silicone prep mat (1) Integrated Salt and Pepper Shaker, (1) Large prep knifeOne (1) Small prep knifeOne (1) Silicone containment tube\" \/>\n<meta name=\"robots\" content=\"index, follow, max-snippet:-1, max-image-preview:large, max-video-preview:-1\" \/>\n<link rel=\"canonical\" href=\"https:\/\/blackstonegriddles.ca\/fr\/produit\/rouleau-de-couteau-pret-pour-laventure\/\" \/>\n<meta property=\"og:locale\" content=\"fr_CA\" \/>\n<meta property=\"og:type\" content=\"article\" \/>\n<meta property=\"og:title\" content=\"Adventure Ready Knife Roll - Blackstone Griddles\" \/>\n<meta property=\"og:description\" content=\"(1) Silicone prep mat (1) Integrated Salt and Pepper Shaker, (1) Large prep knifeOne (1) Small prep knifeOne (1) Silicone containment tube\" \/>\n<meta property=\"og:url\" content=\"https:\/\/blackstonegriddles.ca\/fr\/produit\/rouleau-de-couteau-pret-pour-laventure\/\" \/>\n<meta property=\"og:site_name\" content=\"Blackstone Griddles\" \/>\n<meta property=\"article:publisher\" content=\"https:\/\/www.facebook.com\/blackstoneproducts\/\" \/>\n<meta property=\"article:modified_time\" content=\"2025-07-17T16:08:14+00:00\" \/>\n<meta property=\"og:image\" content=\"https:\/\/blackstonegriddles.ca\/wp-content\/uploads\/2021\/08\/5433.jpg\" \/>\n\t<meta property=\"og:image:width\" content=\"1024\" \/>\n\t<meta property=\"og:image:height\" content=\"1024\" \/>\n\t<meta property=\"og:image:type\" content=\"image\/jpeg\" \/>\n<meta name=\"twitter:card\" content=\"summary_large_image\" \/>\n<meta name=\"twitter:site\" content=\"@weareblackstone\" \/>\n<meta name=\"twitter:label1\" content=\"Estimation du temps de lecture\" \/>\n\t<meta name=\"twitter:data1\" content=\"1 minute\" \/>\n<script type=\"application\/ld+json\" class=\"yoast-schema-graph\">{\"@context\":\"https:\\\/\\\/schema.org\",\"@graph\":[{\"@type\":\"WebPage\",\"@id\":\"https:\\\/\\\/blackstonegriddles.ca\\\/product\\\/adventure-ready-knife-roll\\\/\",\"url\":\"https:\\\/\\\/blackstonegriddles.ca\\\/product\\\/adventure-ready-knife-roll\\\/\",\"name\":\"Adventure Ready Knife Roll - Blackstone Griddles\",\"isPartOf\":{\"@id\":\"https:\\\/\\\/blackstonegriddles.ca\\\/#website\"},\"primaryImageOfPage\":{\"@id\":\"https:\\\/\\\/blackstonegriddles.ca\\\/product\\\/adventure-ready-knife-roll\\\/#primaryimage\"},\"image\":{\"@id\":\"https:\\\/\\\/blackstonegriddles.ca\\\/product\\\/adventure-ready-knife-roll\\\/#primaryimage\"},\"thumbnailUrl\":\"https:\\\/\\\/blackstonegriddles.ca\\\/wp-content\\\/uploads\\\/2021\\\/08\\\/5433.jpg\",\"datePublished\":\"2021-08-18T16:48:52+00:00\",\"dateModified\":\"2025-07-17T16:08:14+00:00\",\"description\":\"(1) Silicone prep mat (1) Integrated Salt and Pepper Shaker, (1) Large prep knifeOne (1) Small prep knifeOne (1) Silicone containment tube\",\"breadcrumb\":{\"@id\":\"https:\\\/\\\/blackstonegriddles.ca\\\/product\\\/adventure-ready-knife-roll\\\/#breadcrumb\"},\"inLanguage\":\"fr-CA\",\"potentialAction\":[{\"@type\":\"ReadAction\",\"target\":[\"https:\\\/\\\/blackstonegriddles.ca\\\/product\\\/adventure-ready-knife-roll\\\/\"]}]},{\"@type\":\"ImageObject\",\"inLanguage\":\"fr-CA\",\"@id\":\"https:\\\/\\\/blackstonegriddles.ca\\\/product\\\/adventure-ready-knife-roll\\\/#primaryimage\",\"url\":\"https:\\\/\\\/blackstonegriddles.ca\\\/wp-content\\\/uploads\\\/2021\\\/08\\\/5433.jpg\",\"contentUrl\":\"https:\\\/\\\/blackstonegriddles.ca\\\/wp-content\\\/uploads\\\/2021\\\/08\\\/5433.jpg\",\"width\":1024,\"height\":1024},{\"@type\":\"BreadcrumbList\",\"@id\":\"https:\\\/\\\/blackstonegriddles.ca\\\/product\\\/adventure-ready-knife-roll\\\/#breadcrumb\",\"itemListElement\":[{\"@type\":\"ListItem\",\"position\":1,\"name\":\"Home\",\"item\":\"https:\\\/\\\/blackstonegriddles.ca\\\/\"},{\"@type\":\"ListItem\",\"position\":2,\"name\":\"Shop\",\"item\":\"https:\\\/\\\/blackstonegriddles.ca\\\/shop\\\/\"},{\"@type\":\"ListItem\",\"position\":3,\"name\":\"Adventure Ready Knife Roll\"}]},{\"@type\":\"WebSite\",\"@id\":\"https:\\\/\\\/blackstonegriddles.ca\\\/#website\",\"url\":\"https:\\\/\\\/blackstonegriddles.ca\\\/\",\"name\":\"Blackstone Griddles Canada\",\"description\":\"Blackstone Griddles official licensed dealer Canada\",\"publisher\":{\"@id\":\"https:\\\/\\\/blackstonegriddles.ca\\\/#organization\"},\"potentialAction\":[{\"@type\":\"SearchAction\",\"target\":{\"@type\":\"EntryPoint\",\"urlTemplate\":\"https:\\\/\\\/blackstonegriddles.ca\\\/?s={search_term_string}\"},\"query-input\":{\"@type\":\"PropertyValueSpecification\",\"valueRequired\":true,\"valueName\":\"search_term_string\"}}],\"inLanguage\":\"fr-CA\"},{\"@type\":\"Organization\",\"@id\":\"https:\\\/\\\/blackstonegriddles.ca\\\/#organization\",\"name\":\"Blackstone Griddles Canada\",\"url\":\"https:\\\/\\\/blackstonegriddles.ca\\\/\",\"logo\":{\"@type\":\"ImageObject\",\"inLanguage\":\"fr-CA\",\"@id\":\"https:\\\/\\\/blackstonegriddles.ca\\\/#\\\/schema\\\/logo\\\/image\\\/\",\"url\":\"https:\\\/\\\/blackstonegriddles.ca\\\/wp-content\\\/uploads\\\/2025\\\/02\\\/blackstone-fire-logo.webp\",\"contentUrl\":\"https:\\\/\\\/blackstonegriddles.ca\\\/wp-content\\\/uploads\\\/2025\\\/02\\\/blackstone-fire-logo.webp\",\"width\":53,\"height\":58,\"caption\":\"Blackstone Griddles Canada\"},\"image\":{\"@id\":\"https:\\\/\\\/blackstonegriddles.ca\\\/#\\\/schema\\\/logo\\\/image\\\/\"},\"sameAs\":[\"https:\\\/\\\/www.facebook.com\\\/blackstoneproducts\\\/\",\"https:\\\/\\\/x.com\\\/weareblackstone\",\"https:\\\/\\\/www.instagram.com\\\/blackstoneproducts\\\/\",\"https:\\\/\\\/www.youtube.com\\\/channel\\\/UCr39rimir8y3p-q1iQYidVA\"]}]}<\/script>\n<!-- \/ Yoast SEO plugin. -->","yoast_head_json":{"title":"Rouleau de couteau pr\u00eat pour l'aventure - Blackstone Griddles","description":"(1) Tapis de pr\u00e9paration en silicone (1) Sali\u00e8re et poivri\u00e8re int\u00e9gr\u00e9es, (1) Grand couteau de pr\u00e9parationUn (1) Petit couteau de pr\u00e9parationUn (1) Tube de confinement en silicone","robots":{"index":"index","follow":"follow","max-snippet":"max-snippet:-1","max-image-preview":"max-image-preview:large","max-video-preview":"max-video-preview:-1"},"canonical":"https:\/\/blackstonegriddles.ca\/fr\/produit\/rouleau-de-couteau-pret-pour-laventure\/","og_locale":"fr_CA","og_type":"article","og_title":"Adventure Ready Knife Roll - Blackstone Griddles","og_description":"(1) Silicone prep mat (1) Integrated Salt and Pepper Shaker, (1) Large prep knifeOne (1) Small prep knifeOne (1) Silicone containment tube","og_url":"https:\/\/blackstonegriddles.ca\/fr\/produit\/rouleau-de-couteau-pret-pour-laventure\/","og_site_name":"Blackstone Griddles","article_publisher":"https:\/\/www.facebook.com\/blackstoneproducts\/","article_modified_time":"2025-07-17T16:08:14+00:00","og_image":[{"width":1024,"height":1024,"url":"https:\/\/blackstonegriddles.ca\/wp-content\/uploads\/2021\/08\/5433.jpg","type":"image\/jpeg"}],"twitter_card":"summary_large_image","twitter_site":"@weareblackstone","twitter_misc":{"Estimation du temps de lecture":"1 minute"},"schema":{"@context":"https:\/\/schema.org","@graph":[{"@type":"WebPage","@id":"https:\/\/blackstonegriddles.ca\/product\/adventure-ready-knife-roll\/","url":"https:\/\/blackstonegriddles.ca\/product\/adventure-ready-knife-roll\/","name":"Rouleau de couteau pr\u00eat pour l'aventure - Blackstone Griddles","isPartOf":{"@id":"https:\/\/blackstonegriddles.ca\/#website"},"primaryImageOfPage":{"@id":"https:\/\/blackstonegriddles.ca\/product\/adventure-ready-knife-roll\/#primaryimage"},"image":{"@id":"https:\/\/blackstonegriddles.ca\/product\/adventure-ready-knife-roll\/#primaryimage"},"thumbnailUrl":"https:\/\/blackstonegriddles.ca\/wp-content\/uploads\/2021\/08\/5433.jpg","datePublished":"2021-08-18T16:48:52+00:00","dateModified":"2025-07-17T16:08:14+00:00","description":"(1) Tapis de pr\u00e9paration en silicone (1) Sali\u00e8re et poivri\u00e8re int\u00e9gr\u00e9es, (1) Grand couteau de pr\u00e9parationUn (1) Petit couteau de pr\u00e9parationUn (1) Tube de confinement en silicone","breadcrumb":{"@id":"https:\/\/blackstonegriddles.ca\/product\/adventure-ready-knife-roll\/#breadcrumb"},"inLanguage":"fr-CA","potentialAction":[{"@type":"ReadAction","target":["https:\/\/blackstonegriddles.ca\/product\/adventure-ready-knife-roll\/"]}]},{"@type":"ImageObject","inLanguage":"fr-CA","@id":"https:\/\/blackstonegriddles.ca\/product\/adventure-ready-knife-roll\/#primaryimage","url":"https:\/\/blackstonegriddles.ca\/wp-content\/uploads\/2021\/08\/5433.jpg","contentUrl":"https:\/\/blackstonegriddles.ca\/wp-content\/uploads\/2021\/08\/5433.jpg","width":1024,"height":1024},{"@type":"BreadcrumbList","@id":"https:\/\/blackstonegriddles.ca\/product\/adventure-ready-knife-roll\/#breadcrumb","itemListElement":[{"@type":"ListItem","position":1,"name":"Home","item":"https:\/\/blackstonegriddles.ca\/"},{"@type":"ListItem","position":2,"name":"Shop","item":"https:\/\/blackstonegriddles.ca\/shop\/"},{"@type":"ListItem","position":3,"name":"Adventure Ready Knife Roll"}]},{"@type":"WebSite","@id":"https:\/\/blackstonegriddles.ca\/#website","url":"https:\/\/blackstonegriddles.ca\/","name":"Grils Blackstone Canada","description":"Blackstone Griddles distributeur officiel agr\u00e9\u00e9 Canada","publisher":{"@id":"https:\/\/blackstonegriddles.ca\/#organization"},"potentialAction":[{"@type":"SearchAction","target":{"@type":"EntryPoint","urlTemplate":"https:\/\/blackstonegriddles.ca\/?s={search_term_string}"},"query-input":{"@type":"PropertyValueSpecification","valueRequired":true,"valueName":"search_term_string"}}],"inLanguage":"fr-CA"},{"@type":"Organization","@id":"https:\/\/blackstonegriddles.ca\/#organization","name":"Grils Blackstone Canada","url":"https:\/\/blackstonegriddles.ca\/","logo":{"@type":"ImageObject","inLanguage":"fr-CA","@id":"https:\/\/blackstonegriddles.ca\/#\/schema\/logo\/image\/","url":"https:\/\/blackstonegriddles.ca\/wp-content\/uploads\/2025\/02\/blackstone-fire-logo.webp","contentUrl":"https:\/\/blackstonegriddles.ca\/wp-content\/uploads\/2025\/02\/blackstone-fire-logo.webp","width":53,"height":58,"caption":"Blackstone Griddles Canada"},"image":{"@id":"https:\/\/blackstonegriddles.ca\/#\/schema\/logo\/image\/"},"sameAs":["https:\/\/www.facebook.com\/blackstoneproducts\/","https:\/\/x.com\/weareblackstone","https:\/\/www.instagram.com\/blackstoneproducts\/","https:\/\/www.youtube.com\/channel\/UCr39rimir8y3p-q1iQYidVA"]}]}},"_links":{"self":[{"href":"https:\/\/blackstonegriddles.ca\/fr\/wp-json\/wp\/v2\/product\/23612","targetHints":{"allow":["GET"]}}],"collection":[{"href":"https:\/\/blackstonegriddles.ca\/fr\/wp-json\/wp\/v2\/product"}],"about":[{"href":"https:\/\/blackstonegriddles.ca\/fr\/wp-json\/wp\/v2\/types\/product"}],"wp:featuredmedia":[{"embeddable":true,"href":"https:\/\/blackstonegriddles.ca\/fr\/wp-json\/wp\/v2\/media\/23613"}],"wp:attachment":[{"href":"https:\/\/blackstonegriddles.ca\/fr\/wp-json\/wp\/v2\/media?parent=23612"}],"wp:term":[{"taxonomy":"product_brand","embeddable":true,"href":"https:\/\/blackstonegriddles.ca\/fr\/wp-json\/wp\/v2\/product_brand?post=23612"},{"taxonomy":"product_cat","embeddable":true,"href":"https:\/\/blackstonegriddles.ca\/fr\/wp-json\/wp\/v2\/product_cat?post=23612"},{"taxonomy":"product_tag","embeddable":true,"href":"https:\/\/blackstonegriddles.ca\/fr\/wp-json\/wp\/v2\/product_tag?post=23612"}],"curies":[{"name":"wp","href":"https:\/\/api.w.org\/{rel}","templated":true}]}}