{"id":23633,"date":"2021-08-18T17:09:56","date_gmt":"2021-08-18T17:09:56","guid":{"rendered":"https:\/\/blackstonegriddles.ca\/?post_type=product&#038;p=23633"},"modified":"2026-04-06T08:08:51","modified_gmt":"2026-04-06T08:08:51","slug":"2-packs-detageres-a-tacos-en-acier-inoxydable","status":"publish","type":"product","link":"https:\/\/blackstonegriddles.ca\/fr\/product\/2-pack-stainless-steel-taco-rack\/","title":{"rendered":"2 paquets de supports \u00e0 tacos en acier inoxydable"},"content":{"rendered":"<ul>\n<li>2 supports de tacos P ack<\/li>\n<li>Porte-taco pratique<\/li>\n<li>Peut contenir jusqu'\u00e0 six (6) tacos \u00e0 construire et \u00e0 manger<\/li>\n<li>Emp\u00eache les d\u00e9versements<\/li>\n<li>Poign\u00e9es fournies pour faciliter le transport des tacos<\/li>\n<li>100% acier inoxydable<\/li>\n<li>Peut \u00eatre plac\u00e9 directement sur la plaque de cuisson<\/li>\n<li>Lavable au lave-vaisselle<\/li>\n<\/ul>","protected":false},"excerpt":{"rendered":"<p>Le service des tacos est encore meilleur avec le support \u00e0 tacos Blackstone. Am\u00e9liorez la soir\u00e9e tacos avec ce support \u00e0 tacos pratique en acier inoxydable. Plus besoin de tenir votre coquille pour mettre tout ce qu'il y a \u00e0 l'int\u00e9rieur ! Gardez jusqu'\u00e0 six tacos debout, pr\u00eats \u00e0 \u00eatre pr\u00e9par\u00e9s et d\u00e9gust\u00e9s. Les poign\u00e9es r\u00e9sistantes \u00e0 la chaleur vous permettent de placer ce support \u00e0 tacos directement sur la plaque de cuisson. Si vous souhaitez r\u00e9chauffer vos tortillas et vos coquilles \u00e0 tacos \u00e0 l'avance, placez-les dans les supports (ou sur les pics) et placez la grille sur la plaque. Fabriqu\u00e9e en acier inoxydable alimentaire 100%, la grille \u00e0 tacos Blackstone est munie de poign\u00e9es pour faciliter son transport de l'int\u00e9rieur \u00e0 l'ext\u00e9rieur, et de la plaque \u00e0 l'assiette. Si vous voulez changer les choses, essayez de remplir la grille \u00e0 tacos avec des cr\u00eapes !<\/p>","protected":false},"featured_media":23638,"template":"","meta":[],"product_brand":[],"product_cat":[138,265],"product_tag":[],"class_list":{"0":"post-23633","1":"product","2":"type-product","3":"status-publish","4":"has-post-thumbnail","6":"product_cat-accessories","7":"product_cat-essential-extras","8":"product_shipping_class-accessories","10":"first","11":"outofstock","12":"taxable","13":"shipping-taxable","14":"purchasable","15":"product-type-simple"},"yoast_head":"<!-- This site is optimized with the Yoast SEO plugin v27.3 - https:\/\/yoast.com\/product\/yoast-seo-wordpress\/ -->\n<title>2 Pack Stainless Steel Taco Rack - Blackstone Griddles<\/title>\n<meta name=\"description\" content=\"Convenient taco holderHolds up to six (6) tacos for building and eating. 100% stainless steel. Can be put directly on the griddle. Dishwasher safe\" \/>\n<meta name=\"robots\" content=\"index, follow, max-snippet:-1, max-image-preview:large, max-video-preview:-1\" \/>\n<link rel=\"canonical\" href=\"https:\/\/blackstonegriddles.ca\/fr\/produit\/2-packs-detageres-a-tacos-en-acier-inoxydable\/\" \/>\n<meta property=\"og:locale\" content=\"fr_CA\" \/>\n<meta property=\"og:type\" content=\"article\" \/>\n<meta property=\"og:title\" content=\"2 Pack Stainless Steel Taco Rack - Blackstone Griddles\" \/>\n<meta property=\"og:description\" content=\"Convenient taco holderHolds up to six (6) tacos for building and eating. 100% stainless steel. Can be put directly on the griddle. Dishwasher safe\" \/>\n<meta property=\"og:url\" content=\"https:\/\/blackstonegriddles.ca\/fr\/produit\/2-packs-detageres-a-tacos-en-acier-inoxydable\/\" \/>\n<meta property=\"og:site_name\" content=\"Blackstone Griddles\" \/>\n<meta property=\"article:publisher\" content=\"https:\/\/www.facebook.com\/blackstoneproducts\/\" \/>\n<meta property=\"article:modified_time\" content=\"2026-04-06T08:08:51+00:00\" \/>\n<meta property=\"og:image\" content=\"https:\/\/blackstonegriddles.ca\/wp-content\/uploads\/2021\/08\/5153-4.jpeg\" \/>\n\t<meta property=\"og:image:width\" content=\"1024\" \/>\n\t<meta property=\"og:image:height\" content=\"1024\" \/>\n\t<meta property=\"og:image:type\" content=\"image\/jpeg\" \/>\n<meta name=\"twitter:card\" content=\"summary_large_image\" \/>\n<meta name=\"twitter:site\" content=\"@weareblackstone\" \/>\n<meta name=\"twitter:label1\" content=\"Estimation du temps de lecture\" \/>\n\t<meta name=\"twitter:data1\" content=\"1 minute\" \/>\n<script type=\"application\/ld+json\" class=\"yoast-schema-graph\">{\"@context\":\"https:\\\/\\\/schema.org\",\"@graph\":[{\"@type\":\"WebPage\",\"@id\":\"https:\\\/\\\/blackstonegriddles.ca\\\/product\\\/2-pack-stainless-steel-taco-rack\\\/\",\"url\":\"https:\\\/\\\/blackstonegriddles.ca\\\/product\\\/2-pack-stainless-steel-taco-rack\\\/\",\"name\":\"2 Pack Stainless Steel Taco Rack - Blackstone Griddles\",\"isPartOf\":{\"@id\":\"https:\\\/\\\/blackstonegriddles.ca\\\/#website\"},\"primaryImageOfPage\":{\"@id\":\"https:\\\/\\\/blackstonegriddles.ca\\\/product\\\/2-pack-stainless-steel-taco-rack\\\/#primaryimage\"},\"image\":{\"@id\":\"https:\\\/\\\/blackstonegriddles.ca\\\/product\\\/2-pack-stainless-steel-taco-rack\\\/#primaryimage\"},\"thumbnailUrl\":\"https:\\\/\\\/blackstonegriddles.ca\\\/wp-content\\\/uploads\\\/2021\\\/08\\\/5153-4.jpeg\",\"datePublished\":\"2021-08-18T17:09:56+00:00\",\"dateModified\":\"2026-04-06T08:08:51+00:00\",\"description\":\"Convenient taco holderHolds up to six (6) tacos for building and eating. 100% stainless steel. Can be put directly on the griddle. Dishwasher safe\",\"breadcrumb\":{\"@id\":\"https:\\\/\\\/blackstonegriddles.ca\\\/product\\\/2-pack-stainless-steel-taco-rack\\\/#breadcrumb\"},\"inLanguage\":\"fr-CA\",\"potentialAction\":[{\"@type\":\"ReadAction\",\"target\":[\"https:\\\/\\\/blackstonegriddles.ca\\\/product\\\/2-pack-stainless-steel-taco-rack\\\/\"]}]},{\"@type\":\"ImageObject\",\"inLanguage\":\"fr-CA\",\"@id\":\"https:\\\/\\\/blackstonegriddles.ca\\\/product\\\/2-pack-stainless-steel-taco-rack\\\/#primaryimage\",\"url\":\"https:\\\/\\\/blackstonegriddles.ca\\\/wp-content\\\/uploads\\\/2021\\\/08\\\/5153-4.jpeg\",\"contentUrl\":\"https:\\\/\\\/blackstonegriddles.ca\\\/wp-content\\\/uploads\\\/2021\\\/08\\\/5153-4.jpeg\",\"width\":1024,\"height\":1024},{\"@type\":\"BreadcrumbList\",\"@id\":\"https:\\\/\\\/blackstonegriddles.ca\\\/product\\\/2-pack-stainless-steel-taco-rack\\\/#breadcrumb\",\"itemListElement\":[{\"@type\":\"ListItem\",\"position\":1,\"name\":\"Home\",\"item\":\"https:\\\/\\\/blackstonegriddles.ca\\\/\"},{\"@type\":\"ListItem\",\"position\":2,\"name\":\"Shop\",\"item\":\"https:\\\/\\\/blackstonegriddles.ca\\\/shop\\\/\"},{\"@type\":\"ListItem\",\"position\":3,\"name\":\"2 Pack Stainless Steel Taco Rack\"}]},{\"@type\":\"WebSite\",\"@id\":\"https:\\\/\\\/blackstonegriddles.ca\\\/#website\",\"url\":\"https:\\\/\\\/blackstonegriddles.ca\\\/\",\"name\":\"Blackstone Griddles Canada\",\"description\":\"Blackstone Griddles official licensed dealer Canada\",\"publisher\":{\"@id\":\"https:\\\/\\\/blackstonegriddles.ca\\\/#organization\"},\"potentialAction\":[{\"@type\":\"SearchAction\",\"target\":{\"@type\":\"EntryPoint\",\"urlTemplate\":\"https:\\\/\\\/blackstonegriddles.ca\\\/?s={search_term_string}\"},\"query-input\":{\"@type\":\"PropertyValueSpecification\",\"valueRequired\":true,\"valueName\":\"search_term_string\"}}],\"inLanguage\":\"fr-CA\"},{\"@type\":\"Organization\",\"@id\":\"https:\\\/\\\/blackstonegriddles.ca\\\/#organization\",\"name\":\"Blackstone Griddles Canada\",\"url\":\"https:\\\/\\\/blackstonegriddles.ca\\\/\",\"logo\":{\"@type\":\"ImageObject\",\"inLanguage\":\"fr-CA\",\"@id\":\"https:\\\/\\\/blackstonegriddles.ca\\\/#\\\/schema\\\/logo\\\/image\\\/\",\"url\":\"https:\\\/\\\/blackstonegriddles.ca\\\/wp-content\\\/uploads\\\/2025\\\/02\\\/blackstone-fire-logo.webp\",\"contentUrl\":\"https:\\\/\\\/blackstonegriddles.ca\\\/wp-content\\\/uploads\\\/2025\\\/02\\\/blackstone-fire-logo.webp\",\"width\":53,\"height\":58,\"caption\":\"Blackstone Griddles Canada\"},\"image\":{\"@id\":\"https:\\\/\\\/blackstonegriddles.ca\\\/#\\\/schema\\\/logo\\\/image\\\/\"},\"sameAs\":[\"https:\\\/\\\/www.facebook.com\\\/blackstoneproducts\\\/\",\"https:\\\/\\\/x.com\\\/weareblackstone\",\"https:\\\/\\\/www.instagram.com\\\/blackstoneproducts\\\/\",\"https:\\\/\\\/www.youtube.com\\\/channel\\\/UCr39rimir8y3p-q1iQYidVA\"]}]}<\/script>\n<!-- \/ Yoast SEO plugin. -->","yoast_head_json":{"title":"Support \u00e0 tacos en acier inoxydable (2 packs) - Blackstone Griddles","description":"Porte-taco pratiquePorte jusqu'\u00e0 six (6) tacos pour les construire et les manger. Acier inoxydable 100%. Peut \u00eatre plac\u00e9 directement sur la plaque de cuisson. R\u00e9siste au lave-vaisselle","robots":{"index":"index","follow":"follow","max-snippet":"max-snippet:-1","max-image-preview":"max-image-preview:large","max-video-preview":"max-video-preview:-1"},"canonical":"https:\/\/blackstonegriddles.ca\/fr\/produit\/2-packs-detageres-a-tacos-en-acier-inoxydable\/","og_locale":"fr_CA","og_type":"article","og_title":"2 Pack Stainless Steel Taco Rack - Blackstone Griddles","og_description":"Convenient taco holderHolds up to six (6) tacos for building and eating. 100% stainless steel. Can be put directly on the griddle. Dishwasher safe","og_url":"https:\/\/blackstonegriddles.ca\/fr\/produit\/2-packs-detageres-a-tacos-en-acier-inoxydable\/","og_site_name":"Blackstone Griddles","article_publisher":"https:\/\/www.facebook.com\/blackstoneproducts\/","article_modified_time":"2026-04-06T08:08:51+00:00","og_image":[{"width":1024,"height":1024,"url":"https:\/\/blackstonegriddles.ca\/wp-content\/uploads\/2021\/08\/5153-4.jpeg","type":"image\/jpeg"}],"twitter_card":"summary_large_image","twitter_site":"@weareblackstone","twitter_misc":{"Estimation du temps de lecture":"1 minute"},"schema":{"@context":"https:\/\/schema.org","@graph":[{"@type":"WebPage","@id":"https:\/\/blackstonegriddles.ca\/product\/2-pack-stainless-steel-taco-rack\/","url":"https:\/\/blackstonegriddles.ca\/product\/2-pack-stainless-steel-taco-rack\/","name":"Support \u00e0 tacos en acier inoxydable (2 packs) - Blackstone Griddles","isPartOf":{"@id":"https:\/\/blackstonegriddles.ca\/#website"},"primaryImageOfPage":{"@id":"https:\/\/blackstonegriddles.ca\/product\/2-pack-stainless-steel-taco-rack\/#primaryimage"},"image":{"@id":"https:\/\/blackstonegriddles.ca\/product\/2-pack-stainless-steel-taco-rack\/#primaryimage"},"thumbnailUrl":"https:\/\/blackstonegriddles.ca\/wp-content\/uploads\/2021\/08\/5153-4.jpeg","datePublished":"2021-08-18T17:09:56+00:00","dateModified":"2026-04-06T08:08:51+00:00","description":"Porte-taco pratiquePorte jusqu'\u00e0 six (6) tacos pour les construire et les manger. Acier inoxydable 100%. Peut \u00eatre plac\u00e9 directement sur la plaque de cuisson. R\u00e9siste au lave-vaisselle","breadcrumb":{"@id":"https:\/\/blackstonegriddles.ca\/product\/2-pack-stainless-steel-taco-rack\/#breadcrumb"},"inLanguage":"fr-CA","potentialAction":[{"@type":"ReadAction","target":["https:\/\/blackstonegriddles.ca\/product\/2-pack-stainless-steel-taco-rack\/"]}]},{"@type":"ImageObject","inLanguage":"fr-CA","@id":"https:\/\/blackstonegriddles.ca\/product\/2-pack-stainless-steel-taco-rack\/#primaryimage","url":"https:\/\/blackstonegriddles.ca\/wp-content\/uploads\/2021\/08\/5153-4.jpeg","contentUrl":"https:\/\/blackstonegriddles.ca\/wp-content\/uploads\/2021\/08\/5153-4.jpeg","width":1024,"height":1024},{"@type":"BreadcrumbList","@id":"https:\/\/blackstonegriddles.ca\/product\/2-pack-stainless-steel-taco-rack\/#breadcrumb","itemListElement":[{"@type":"ListItem","position":1,"name":"Home","item":"https:\/\/blackstonegriddles.ca\/"},{"@type":"ListItem","position":2,"name":"Shop","item":"https:\/\/blackstonegriddles.ca\/shop\/"},{"@type":"ListItem","position":3,"name":"2 Pack Stainless Steel Taco Rack"}]},{"@type":"WebSite","@id":"https:\/\/blackstonegriddles.ca\/#website","url":"https:\/\/blackstonegriddles.ca\/","name":"Grils Blackstone Canada","description":"Blackstone Griddles distributeur officiel agr\u00e9\u00e9 Canada","publisher":{"@id":"https:\/\/blackstonegriddles.ca\/#organization"},"potentialAction":[{"@type":"SearchAction","target":{"@type":"EntryPoint","urlTemplate":"https:\/\/blackstonegriddles.ca\/?s={search_term_string}"},"query-input":{"@type":"PropertyValueSpecification","valueRequired":true,"valueName":"search_term_string"}}],"inLanguage":"fr-CA"},{"@type":"Organization","@id":"https:\/\/blackstonegriddles.ca\/#organization","name":"Grils Blackstone Canada","url":"https:\/\/blackstonegriddles.ca\/","logo":{"@type":"ImageObject","inLanguage":"fr-CA","@id":"https:\/\/blackstonegriddles.ca\/#\/schema\/logo\/image\/","url":"https:\/\/blackstonegriddles.ca\/wp-content\/uploads\/2025\/02\/blackstone-fire-logo.webp","contentUrl":"https:\/\/blackstonegriddles.ca\/wp-content\/uploads\/2025\/02\/blackstone-fire-logo.webp","width":53,"height":58,"caption":"Blackstone Griddles Canada"},"image":{"@id":"https:\/\/blackstonegriddles.ca\/#\/schema\/logo\/image\/"},"sameAs":["https:\/\/www.facebook.com\/blackstoneproducts\/","https:\/\/x.com\/weareblackstone","https:\/\/www.instagram.com\/blackstoneproducts\/","https:\/\/www.youtube.com\/channel\/UCr39rimir8y3p-q1iQYidVA"]}]}},"_links":{"self":[{"href":"https:\/\/blackstonegriddles.ca\/fr\/wp-json\/wp\/v2\/product\/23633","targetHints":{"allow":["GET"]}}],"collection":[{"href":"https:\/\/blackstonegriddles.ca\/fr\/wp-json\/wp\/v2\/product"}],"about":[{"href":"https:\/\/blackstonegriddles.ca\/fr\/wp-json\/wp\/v2\/types\/product"}],"wp:featuredmedia":[{"embeddable":true,"href":"https:\/\/blackstonegriddles.ca\/fr\/wp-json\/wp\/v2\/media\/23638"}],"wp:attachment":[{"href":"https:\/\/blackstonegriddles.ca\/fr\/wp-json\/wp\/v2\/media?parent=23633"}],"wp:term":[{"taxonomy":"product_brand","embeddable":true,"href":"https:\/\/blackstonegriddles.ca\/fr\/wp-json\/wp\/v2\/product_brand?post=23633"},{"taxonomy":"product_cat","embeddable":true,"href":"https:\/\/blackstonegriddles.ca\/fr\/wp-json\/wp\/v2\/product_cat?post=23633"},{"taxonomy":"product_tag","embeddable":true,"href":"https:\/\/blackstonegriddles.ca\/fr\/wp-json\/wp\/v2\/product_tag?post=23633"}],"curies":[{"name":"wp","href":"https:\/\/api.w.org\/{rel}","templated":true}]}}