{"id":24262,"date":"2021-10-18T15:55:53","date_gmt":"2021-10-18T15:55:53","guid":{"rendered":"https:\/\/blackstonegriddles.ca\/?post_type=product&#038;p=24262"},"modified":"2026-04-15T19:01:34","modified_gmt":"2026-04-15T19:01:34","slug":"serie-culinaire-kit-burger-4pc","status":"publish","type":"product","link":"https:\/\/blackstonegriddles.ca\/fr\/product\/culinary-series-burger-kit-4pc\/","title":{"rendered":"Kit burger de la s\u00e9rie culinaire (4 pi\u00e8ces)"},"content":{"rendered":"<ul>\n<li>Une (1) spatule pour gril XL<\/li>\n<li>Poign\u00e9es en plastique r\u00e9sistant \u00e0 la chaleur<\/li>\n<li>Papier sulfuris\u00e9 antiadh\u00e9sif 8 \"x8\" (25)<\/li>\n<li>Un (1) outil de pressage et de saisie des burgers<\/li>\n<li>Un d\u00f4me \u00e0 badigeonner de 12\" de diam\u00e8tre<\/li>\n<\/ul>","protected":false},"excerpt":{"rendered":"<p>Presser, assaisonner et retourner, telle est la formule en trois \u00e9tapes de Blackstone pour obtenir un hamburger parfaitement d\u00e9licieux. Ce kit comprend notre outil Press &amp; Sear Burger, un d\u00f4me \u00e0 badigeonner de 12 pouces, une spatule \u00e0 hamburger XL et du papier sulfuris\u00e9 antiadh\u00e9sif de 8 x 8 pouces (25 feuilles). En pressant et en saisissant vos hamburgers, vous en emprisonnez toute la saveur, tout en cr\u00e9ant cette cro\u00fbte de hamburger tr\u00e8s convoit\u00e9e. La large spatule \u00e0 hamburger Blackstone est id\u00e9ale pour retourner ces hamburgers et steaks monstrueux. Le papier sulfuris\u00e9 est parfait pour tapisser vos ustensiles de cuisine et pr\u00e9parer des hamburgers. Ce papier parchemin est s\u00fbr jusqu'\u00e0 420 degr\u00e9s Fahrenheit. De plus, sa nature r\u00e9sistante \u00e0 la graisse et \u00e0 l'humidit\u00e9 le rend id\u00e9al pour la cuisson du poisson et le r\u00f4tissage des l\u00e9gumes.<\/p>","protected":false},"featured_media":24257,"template":"","meta":[],"product_brand":[],"product_cat":[138,262],"product_tag":[235],"class_list":{"0":"post-24262","1":"product","2":"type-product","3":"status-publish","4":"has-post-thumbnail","6":"product_cat-accessories","7":"product_cat-tool-kits","8":"product_tag-griddle-week","9":"product_shipping_class-accessories","11":"first","12":"instock","13":"taxable","14":"shipping-taxable","15":"purchasable","16":"product-type-simple"},"yoast_head":"<!-- This site is optimized with the Yoast SEO plugin v27.4 - https:\/\/yoast.com\/product\/yoast-seo-wordpress\/ -->\n<title>Culinary Series Burger Kit (4pc) - Blackstone Griddles<\/title>\n<meta name=\"description\" content=\"Blackstone Burger Press and Sear kits make restaurant quality burgers at home on your Blackstone.\" \/>\n<meta name=\"robots\" content=\"index, follow, max-snippet:-1, max-image-preview:large, max-video-preview:-1\" \/>\n<link rel=\"canonical\" href=\"https:\/\/blackstonegriddles.ca\/fr\/produit\/serie-culinaire-kit-burger-4pc\/\" \/>\n<meta property=\"og:locale\" content=\"fr_CA\" \/>\n<meta property=\"og:type\" content=\"article\" \/>\n<meta property=\"og:title\" content=\"Culinary Series Burger Kit (4pc) - Blackstone Griddles\" \/>\n<meta property=\"og:description\" content=\"Blackstone Burger Press and Sear kits make restaurant quality burgers at home on your Blackstone.\" \/>\n<meta property=\"og:url\" content=\"https:\/\/blackstonegriddles.ca\/fr\/produit\/serie-culinaire-kit-burger-4pc\/\" \/>\n<meta property=\"og:site_name\" content=\"Blackstone Griddles\" \/>\n<meta property=\"article:publisher\" content=\"https:\/\/www.facebook.com\/blackstoneproducts\/\" \/>\n<meta property=\"article:modified_time\" content=\"2026-04-15T19:01:34+00:00\" \/>\n<meta property=\"og:image\" content=\"https:\/\/blackstonegriddles.ca\/wp-content\/uploads\/2021\/10\/5326.jpg\" \/>\n\t<meta property=\"og:image:width\" content=\"587\" \/>\n\t<meta property=\"og:image:height\" content=\"586\" \/>\n\t<meta property=\"og:image:type\" content=\"image\/jpeg\" \/>\n<meta name=\"twitter:card\" content=\"summary_large_image\" \/>\n<meta name=\"twitter:site\" content=\"@weareblackstone\" \/>\n<meta name=\"twitter:label1\" content=\"Estimation du temps de lecture\" \/>\n\t<meta name=\"twitter:data1\" content=\"1 minute\" \/>\n<script type=\"application\/ld+json\" class=\"yoast-schema-graph\">{\"@context\":\"https:\\\/\\\/schema.org\",\"@graph\":[{\"@type\":\"WebPage\",\"@id\":\"https:\\\/\\\/blackstonegriddles.ca\\\/product\\\/culinary-series-burger-kit-4pc\\\/\",\"url\":\"https:\\\/\\\/blackstonegriddles.ca\\\/product\\\/culinary-series-burger-kit-4pc\\\/\",\"name\":\"Culinary Series Burger Kit (4pc) - Blackstone Griddles\",\"isPartOf\":{\"@id\":\"https:\\\/\\\/blackstonegriddles.ca\\\/#website\"},\"primaryImageOfPage\":{\"@id\":\"https:\\\/\\\/blackstonegriddles.ca\\\/product\\\/culinary-series-burger-kit-4pc\\\/#primaryimage\"},\"image\":{\"@id\":\"https:\\\/\\\/blackstonegriddles.ca\\\/product\\\/culinary-series-burger-kit-4pc\\\/#primaryimage\"},\"thumbnailUrl\":\"https:\\\/\\\/blackstonegriddles.ca\\\/wp-content\\\/uploads\\\/2021\\\/10\\\/5326.jpg\",\"datePublished\":\"2021-10-18T15:55:53+00:00\",\"dateModified\":\"2026-04-15T19:01:34+00:00\",\"description\":\"Blackstone Burger Press and Sear kits make restaurant quality burgers at home on your Blackstone.\",\"breadcrumb\":{\"@id\":\"https:\\\/\\\/blackstonegriddles.ca\\\/product\\\/culinary-series-burger-kit-4pc\\\/#breadcrumb\"},\"inLanguage\":\"fr-CA\",\"potentialAction\":[{\"@type\":\"ReadAction\",\"target\":[\"https:\\\/\\\/blackstonegriddles.ca\\\/product\\\/culinary-series-burger-kit-4pc\\\/\"]}]},{\"@type\":\"ImageObject\",\"inLanguage\":\"fr-CA\",\"@id\":\"https:\\\/\\\/blackstonegriddles.ca\\\/product\\\/culinary-series-burger-kit-4pc\\\/#primaryimage\",\"url\":\"https:\\\/\\\/blackstonegriddles.ca\\\/wp-content\\\/uploads\\\/2021\\\/10\\\/5326.jpg\",\"contentUrl\":\"https:\\\/\\\/blackstonegriddles.ca\\\/wp-content\\\/uploads\\\/2021\\\/10\\\/5326.jpg\",\"width\":587,\"height\":586},{\"@type\":\"BreadcrumbList\",\"@id\":\"https:\\\/\\\/blackstonegriddles.ca\\\/product\\\/culinary-series-burger-kit-4pc\\\/#breadcrumb\",\"itemListElement\":[{\"@type\":\"ListItem\",\"position\":1,\"name\":\"Home\",\"item\":\"https:\\\/\\\/blackstonegriddles.ca\\\/\"},{\"@type\":\"ListItem\",\"position\":2,\"name\":\"Shop\",\"item\":\"https:\\\/\\\/blackstonegriddles.ca\\\/shop\\\/\"},{\"@type\":\"ListItem\",\"position\":3,\"name\":\"Culinary Series Burger Kit (4pc)\"}]},{\"@type\":\"WebSite\",\"@id\":\"https:\\\/\\\/blackstonegriddles.ca\\\/#website\",\"url\":\"https:\\\/\\\/blackstonegriddles.ca\\\/\",\"name\":\"Blackstone Griddles Canada\",\"description\":\"Blackstone Griddles official licensed dealer Canada\",\"publisher\":{\"@id\":\"https:\\\/\\\/blackstonegriddles.ca\\\/#organization\"},\"potentialAction\":[{\"@type\":\"SearchAction\",\"target\":{\"@type\":\"EntryPoint\",\"urlTemplate\":\"https:\\\/\\\/blackstonegriddles.ca\\\/?s={search_term_string}\"},\"query-input\":{\"@type\":\"PropertyValueSpecification\",\"valueRequired\":true,\"valueName\":\"search_term_string\"}}],\"inLanguage\":\"fr-CA\"},{\"@type\":\"Organization\",\"@id\":\"https:\\\/\\\/blackstonegriddles.ca\\\/#organization\",\"name\":\"Blackstone Griddles Canada\",\"url\":\"https:\\\/\\\/blackstonegriddles.ca\\\/\",\"logo\":{\"@type\":\"ImageObject\",\"inLanguage\":\"fr-CA\",\"@id\":\"https:\\\/\\\/blackstonegriddles.ca\\\/#\\\/schema\\\/logo\\\/image\\\/\",\"url\":\"https:\\\/\\\/blackstonegriddles.ca\\\/wp-content\\\/uploads\\\/2025\\\/02\\\/blackstone-fire-logo.webp\",\"contentUrl\":\"https:\\\/\\\/blackstonegriddles.ca\\\/wp-content\\\/uploads\\\/2025\\\/02\\\/blackstone-fire-logo.webp\",\"width\":53,\"height\":58,\"caption\":\"Blackstone Griddles Canada\"},\"image\":{\"@id\":\"https:\\\/\\\/blackstonegriddles.ca\\\/#\\\/schema\\\/logo\\\/image\\\/\"},\"sameAs\":[\"https:\\\/\\\/www.facebook.com\\\/blackstoneproducts\\\/\",\"https:\\\/\\\/x.com\\\/weareblackstone\",\"https:\\\/\\\/www.instagram.com\\\/blackstoneproducts\\\/\",\"https:\\\/\\\/www.youtube.com\\\/channel\\\/UCr39rimir8y3p-q1iQYidVA\"]}]}<\/script>\n<!-- \/ Yoast SEO plugin. -->","yoast_head_json":{"title":"Kit burger de la s\u00e9rie culinaire (4 pi\u00e8ces) - Blackstone Griddles","description":"Les kits Blackstone Burger Press et Sear permettent de pr\u00e9parer des hamburgers de qualit\u00e9 professionnelle \u00e0 la maison sur votre Blackstone.","robots":{"index":"index","follow":"follow","max-snippet":"max-snippet:-1","max-image-preview":"max-image-preview:large","max-video-preview":"max-video-preview:-1"},"canonical":"https:\/\/blackstonegriddles.ca\/fr\/produit\/serie-culinaire-kit-burger-4pc\/","og_locale":"fr_CA","og_type":"article","og_title":"Culinary Series Burger Kit (4pc) - Blackstone Griddles","og_description":"Blackstone Burger Press and Sear kits make restaurant quality burgers at home on your Blackstone.","og_url":"https:\/\/blackstonegriddles.ca\/fr\/produit\/serie-culinaire-kit-burger-4pc\/","og_site_name":"Blackstone Griddles","article_publisher":"https:\/\/www.facebook.com\/blackstoneproducts\/","article_modified_time":"2026-04-15T19:01:34+00:00","og_image":[{"width":587,"height":586,"url":"https:\/\/blackstonegriddles.ca\/wp-content\/uploads\/2021\/10\/5326.jpg","type":"image\/jpeg"}],"twitter_card":"summary_large_image","twitter_site":"@weareblackstone","twitter_misc":{"Estimation du temps de lecture":"1 minute"},"schema":{"@context":"https:\/\/schema.org","@graph":[{"@type":"WebPage","@id":"https:\/\/blackstonegriddles.ca\/product\/culinary-series-burger-kit-4pc\/","url":"https:\/\/blackstonegriddles.ca\/product\/culinary-series-burger-kit-4pc\/","name":"Kit burger de la s\u00e9rie culinaire (4 pi\u00e8ces) - Blackstone Griddles","isPartOf":{"@id":"https:\/\/blackstonegriddles.ca\/#website"},"primaryImageOfPage":{"@id":"https:\/\/blackstonegriddles.ca\/product\/culinary-series-burger-kit-4pc\/#primaryimage"},"image":{"@id":"https:\/\/blackstonegriddles.ca\/product\/culinary-series-burger-kit-4pc\/#primaryimage"},"thumbnailUrl":"https:\/\/blackstonegriddles.ca\/wp-content\/uploads\/2021\/10\/5326.jpg","datePublished":"2021-10-18T15:55:53+00:00","dateModified":"2026-04-15T19:01:34+00:00","description":"Les kits Blackstone Burger Press et Sear permettent de pr\u00e9parer des hamburgers de qualit\u00e9 professionnelle \u00e0 la maison sur votre Blackstone.","breadcrumb":{"@id":"https:\/\/blackstonegriddles.ca\/product\/culinary-series-burger-kit-4pc\/#breadcrumb"},"inLanguage":"fr-CA","potentialAction":[{"@type":"ReadAction","target":["https:\/\/blackstonegriddles.ca\/product\/culinary-series-burger-kit-4pc\/"]}]},{"@type":"ImageObject","inLanguage":"fr-CA","@id":"https:\/\/blackstonegriddles.ca\/product\/culinary-series-burger-kit-4pc\/#primaryimage","url":"https:\/\/blackstonegriddles.ca\/wp-content\/uploads\/2021\/10\/5326.jpg","contentUrl":"https:\/\/blackstonegriddles.ca\/wp-content\/uploads\/2021\/10\/5326.jpg","width":587,"height":586},{"@type":"BreadcrumbList","@id":"https:\/\/blackstonegriddles.ca\/product\/culinary-series-burger-kit-4pc\/#breadcrumb","itemListElement":[{"@type":"ListItem","position":1,"name":"Home","item":"https:\/\/blackstonegriddles.ca\/"},{"@type":"ListItem","position":2,"name":"Shop","item":"https:\/\/blackstonegriddles.ca\/shop\/"},{"@type":"ListItem","position":3,"name":"Culinary Series Burger Kit (4pc)"}]},{"@type":"WebSite","@id":"https:\/\/blackstonegriddles.ca\/#website","url":"https:\/\/blackstonegriddles.ca\/","name":"Grils Blackstone Canada","description":"Blackstone Griddles distributeur officiel agr\u00e9\u00e9 Canada","publisher":{"@id":"https:\/\/blackstonegriddles.ca\/#organization"},"potentialAction":[{"@type":"SearchAction","target":{"@type":"EntryPoint","urlTemplate":"https:\/\/blackstonegriddles.ca\/?s={search_term_string}"},"query-input":{"@type":"PropertyValueSpecification","valueRequired":true,"valueName":"search_term_string"}}],"inLanguage":"fr-CA"},{"@type":"Organization","@id":"https:\/\/blackstonegriddles.ca\/#organization","name":"Grils Blackstone Canada","url":"https:\/\/blackstonegriddles.ca\/","logo":{"@type":"ImageObject","inLanguage":"fr-CA","@id":"https:\/\/blackstonegriddles.ca\/#\/schema\/logo\/image\/","url":"https:\/\/blackstonegriddles.ca\/wp-content\/uploads\/2025\/02\/blackstone-fire-logo.webp","contentUrl":"https:\/\/blackstonegriddles.ca\/wp-content\/uploads\/2025\/02\/blackstone-fire-logo.webp","width":53,"height":58,"caption":"Blackstone Griddles Canada"},"image":{"@id":"https:\/\/blackstonegriddles.ca\/#\/schema\/logo\/image\/"},"sameAs":["https:\/\/www.facebook.com\/blackstoneproducts\/","https:\/\/x.com\/weareblackstone","https:\/\/www.instagram.com\/blackstoneproducts\/","https:\/\/www.youtube.com\/channel\/UCr39rimir8y3p-q1iQYidVA"]}]}},"_links":{"self":[{"href":"https:\/\/blackstonegriddles.ca\/fr\/wp-json\/wp\/v2\/product\/24262","targetHints":{"allow":["GET"]}}],"collection":[{"href":"https:\/\/blackstonegriddles.ca\/fr\/wp-json\/wp\/v2\/product"}],"about":[{"href":"https:\/\/blackstonegriddles.ca\/fr\/wp-json\/wp\/v2\/types\/product"}],"wp:featuredmedia":[{"embeddable":true,"href":"https:\/\/blackstonegriddles.ca\/fr\/wp-json\/wp\/v2\/media\/24257"}],"wp:attachment":[{"href":"https:\/\/blackstonegriddles.ca\/fr\/wp-json\/wp\/v2\/media?parent=24262"}],"wp:term":[{"taxonomy":"product_brand","embeddable":true,"href":"https:\/\/blackstonegriddles.ca\/fr\/wp-json\/wp\/v2\/product_brand?post=24262"},{"taxonomy":"product_cat","embeddable":true,"href":"https:\/\/blackstonegriddles.ca\/fr\/wp-json\/wp\/v2\/product_cat?post=24262"},{"taxonomy":"product_tag","embeddable":true,"href":"https:\/\/blackstonegriddles.ca\/fr\/wp-json\/wp\/v2\/product_tag?post=24262"}],"curies":[{"name":"wp","href":"https:\/\/api.w.org\/{rel}","templated":true}]}}