{"id":25414,"date":"2022-04-29T20:29:10","date_gmt":"2022-04-29T20:29:10","guid":{"rendered":"https:\/\/blackstonegriddles.ca\/?post_type=product&#038;p=25414"},"modified":"2026-04-10T18:30:49","modified_gmt":"2026-04-10T18:30:49","slug":"28-culinaire-xl-w-cart","status":"publish","type":"product","link":"https:\/\/blackstonegriddles.ca\/fr\/product\/28-culinary-xl-w-cart\/","title":{"rendered":"Blackstone 28\u2033 Culinary Series XL Griddle avec hotte et \u00e9tag\u00e8re frontale"},"content":{"rendered":"<ul>\n<li>28\u2033 Espace de cuisson-613 pouces carr\u00e9s<\/li>\n<li>Trois zones de cuisson contr\u00f4l\u00e9es ind\u00e9pendamment avec un total de 48 000 BTU.<\/li>\n<li>Syst\u00e8me brevet\u00e9 de d\u00e9flecteurs de contr\u00f4le de la chaleur.<\/li>\n<li>Culinary Style Front Utility Tray.<\/li>\n<li>Chariot avec deux \u00e9tag\u00e8res lat\u00e9rales.<\/li>\n<li>Hotte de style culinaire en acier inoxydable et peinte.<\/li>\n<li>Syst\u00e8me brevet\u00e9 de gestion de la graisse \u00e0 l'arri\u00e8re.<\/li>\n<li>Zone magn\u00e9tique sur l'\u00e9tag\u00e8re lat\u00e9rale pour la conservation des outils.<\/li>\n<li>Poign\u00e9es de commande culinaires actualis\u00e9es. Porte-serviettes pivotant.<\/li>\n<li>Connecteur filet\u00e9 pour rail \u00e0 gaz : 5\/8\" 18UNF (United National Fine Thread)<\/li>\n<\/ul>","protected":false},"excerpt":{"rendered":"<p>La plancha classique de 28\" de Blackstone a maintenant un mod\u00e8le de luxe ! Avec un plateau utilitaire avant de style culinaire, un chariot durable avec deux \u00e9tag\u00e8res lat\u00e9rales et une hotte de style culinaire en acier inoxydable, il ne s'agit plus seulement d'une plancha. Notre \u00e9quipe ici \u00e0 Blackstone comprend la difficult\u00e9 de faire constamment des allers-retours entre votre plancha et la cuisine, c'est pourquoi nous avons rassembl\u00e9 tout ce dont vous avez besoin dans un chariot pratique. Avec trois zones de cuisson contr\u00f4l\u00e9es ind\u00e9pendamment et une puissance de 48 000 BTU, le chariot Culinary Pro 28\" contient tout ce dont vous avez besoin pour cr\u00e9er tous les plats que vous pouvez imaginer !<\/p>","protected":false},"featured_media":51811,"template":"","meta":[],"product_brand":[],"product_cat":[157,249],"product_tag":[],"class_list":{"0":"post-25414","1":"product","2":"type-product","3":"status-publish","4":"has-post-thumbnail","6":"product_cat-157","7":"product_cat-sale","8":"product_shipping_class-140","10":"first","11":"instock","12":"sale","13":"taxable","14":"shipping-taxable","15":"purchasable","16":"product-type-simple"},"yoast_head":"<!-- This site is optimized with the Yoast SEO plugin v27.4 - https:\/\/yoast.com\/product\/yoast-seo-wordpress\/ -->\n<title>Blackstone 28&quot; Culinary Series XL Griddle with Hood and Front Shelf - Blackstone Griddles<\/title>\n<meta name=\"robots\" content=\"index, follow, max-snippet:-1, max-image-preview:large, max-video-preview:-1\" \/>\n<link rel=\"canonical\" href=\"https:\/\/blackstonegriddles.ca\/fr\/produit\/28-culinaire-xl-w-cart\/\" \/>\n<meta property=\"og:locale\" content=\"fr_CA\" \/>\n<meta property=\"og:type\" content=\"article\" \/>\n<meta property=\"og:title\" content=\"Blackstone 28&quot; Culinary Series XL Griddle with Hood and Front Shelf - Blackstone Griddles\" \/>\n<meta property=\"og:description\" content=\"Blackstone\u2019s classic 28\u201d Griddle now has a luxury model! With a Culinary Style Front Utility Tray, a durable cart with dual side shelves, and a Stainless Culinary Styled Hood, this is no longer JUST a griddle. Our team here at Blackstone understands the struggle of constantly going back and forth between your griddle and the kitchen so we put everything you would need into one convenient cart. With three independently controlled cooking zones pumping out a whopping 48,000 BTUs, the Culinary Pro 28\u201d Cart will have everything you need to create any dish you could imagine!\" \/>\n<meta property=\"og:url\" content=\"https:\/\/blackstonegriddles.ca\/fr\/produit\/28-culinaire-xl-w-cart\/\" \/>\n<meta property=\"og:site_name\" content=\"Blackstone Griddles\" \/>\n<meta property=\"article:publisher\" content=\"https:\/\/www.facebook.com\/blackstoneproducts\/\" \/>\n<meta property=\"article:modified_time\" content=\"2026-04-10T18:30:49+00:00\" \/>\n<meta property=\"og:image\" content=\"https:\/\/blackstonegriddles.ca\/wp-content\/uploads\/2022\/04\/2152_28XLGriddlePatioPro_Breakfast.jpg\" \/>\n\t<meta property=\"og:image:width\" content=\"2200\" \/>\n\t<meta property=\"og:image:height\" content=\"2200\" \/>\n\t<meta property=\"og:image:type\" content=\"image\/jpeg\" \/>\n<meta name=\"twitter:card\" content=\"summary_large_image\" \/>\n<meta name=\"twitter:site\" content=\"@weareblackstone\" \/>\n<meta name=\"twitter:label1\" content=\"Estimation du temps de lecture\" \/>\n\t<meta name=\"twitter:data1\" content=\"1 minute\" \/>\n<script type=\"application\/ld+json\" class=\"yoast-schema-graph\">{\"@context\":\"https:\\\/\\\/schema.org\",\"@graph\":[{\"@type\":\"WebPage\",\"@id\":\"https:\\\/\\\/blackstonegriddles.ca\\\/product\\\/28-culinary-xl-w-cart\\\/\",\"url\":\"https:\\\/\\\/blackstonegriddles.ca\\\/product\\\/28-culinary-xl-w-cart\\\/\",\"name\":\"Blackstone 28\\\" Culinary Series XL Griddle with Hood and Front Shelf - Blackstone Griddles\",\"isPartOf\":{\"@id\":\"https:\\\/\\\/blackstonegriddles.ca\\\/#website\"},\"primaryImageOfPage\":{\"@id\":\"https:\\\/\\\/blackstonegriddles.ca\\\/product\\\/28-culinary-xl-w-cart\\\/#primaryimage\"},\"image\":{\"@id\":\"https:\\\/\\\/blackstonegriddles.ca\\\/product\\\/28-culinary-xl-w-cart\\\/#primaryimage\"},\"thumbnailUrl\":\"https:\\\/\\\/blackstonegriddles.ca\\\/wp-content\\\/uploads\\\/2022\\\/04\\\/2152_28XLGriddlePatioPro_Breakfast.jpg\",\"datePublished\":\"2022-04-29T20:29:10+00:00\",\"dateModified\":\"2026-04-10T18:30:49+00:00\",\"breadcrumb\":{\"@id\":\"https:\\\/\\\/blackstonegriddles.ca\\\/product\\\/28-culinary-xl-w-cart\\\/#breadcrumb\"},\"inLanguage\":\"fr-CA\",\"potentialAction\":[{\"@type\":\"ReadAction\",\"target\":[\"https:\\\/\\\/blackstonegriddles.ca\\\/product\\\/28-culinary-xl-w-cart\\\/\"]}]},{\"@type\":\"ImageObject\",\"inLanguage\":\"fr-CA\",\"@id\":\"https:\\\/\\\/blackstonegriddles.ca\\\/product\\\/28-culinary-xl-w-cart\\\/#primaryimage\",\"url\":\"https:\\\/\\\/blackstonegriddles.ca\\\/wp-content\\\/uploads\\\/2022\\\/04\\\/2152_28XLGriddlePatioPro_Breakfast.jpg\",\"contentUrl\":\"https:\\\/\\\/blackstonegriddles.ca\\\/wp-content\\\/uploads\\\/2022\\\/04\\\/2152_28XLGriddlePatioPro_Breakfast.jpg\",\"width\":2200,\"height\":2200},{\"@type\":\"BreadcrumbList\",\"@id\":\"https:\\\/\\\/blackstonegriddles.ca\\\/product\\\/28-culinary-xl-w-cart\\\/#breadcrumb\",\"itemListElement\":[{\"@type\":\"ListItem\",\"position\":1,\"name\":\"Home\",\"item\":\"https:\\\/\\\/blackstonegriddles.ca\\\/\"},{\"@type\":\"ListItem\",\"position\":2,\"name\":\"Shop\",\"item\":\"https:\\\/\\\/blackstonegriddles.ca\\\/shop\\\/\"},{\"@type\":\"ListItem\",\"position\":3,\"name\":\"Blackstone 28&#8243; Culinary Series XL Griddle with Hood and Front Shelf\"}]},{\"@type\":\"WebSite\",\"@id\":\"https:\\\/\\\/blackstonegriddles.ca\\\/#website\",\"url\":\"https:\\\/\\\/blackstonegriddles.ca\\\/\",\"name\":\"Blackstone Griddles Canada\",\"description\":\"Blackstone Griddles official licensed dealer Canada\",\"publisher\":{\"@id\":\"https:\\\/\\\/blackstonegriddles.ca\\\/#organization\"},\"potentialAction\":[{\"@type\":\"SearchAction\",\"target\":{\"@type\":\"EntryPoint\",\"urlTemplate\":\"https:\\\/\\\/blackstonegriddles.ca\\\/?s={search_term_string}\"},\"query-input\":{\"@type\":\"PropertyValueSpecification\",\"valueRequired\":true,\"valueName\":\"search_term_string\"}}],\"inLanguage\":\"fr-CA\"},{\"@type\":\"Organization\",\"@id\":\"https:\\\/\\\/blackstonegriddles.ca\\\/#organization\",\"name\":\"Blackstone Griddles Canada\",\"url\":\"https:\\\/\\\/blackstonegriddles.ca\\\/\",\"logo\":{\"@type\":\"ImageObject\",\"inLanguage\":\"fr-CA\",\"@id\":\"https:\\\/\\\/blackstonegriddles.ca\\\/#\\\/schema\\\/logo\\\/image\\\/\",\"url\":\"https:\\\/\\\/blackstonegriddles.ca\\\/wp-content\\\/uploads\\\/2025\\\/02\\\/blackstone-fire-logo.webp\",\"contentUrl\":\"https:\\\/\\\/blackstonegriddles.ca\\\/wp-content\\\/uploads\\\/2025\\\/02\\\/blackstone-fire-logo.webp\",\"width\":53,\"height\":58,\"caption\":\"Blackstone Griddles Canada\"},\"image\":{\"@id\":\"https:\\\/\\\/blackstonegriddles.ca\\\/#\\\/schema\\\/logo\\\/image\\\/\"},\"sameAs\":[\"https:\\\/\\\/www.facebook.com\\\/blackstoneproducts\\\/\",\"https:\\\/\\\/x.com\\\/weareblackstone\",\"https:\\\/\\\/www.instagram.com\\\/blackstoneproducts\\\/\",\"https:\\\/\\\/www.youtube.com\\\/channel\\\/UCr39rimir8y3p-q1iQYidVA\"]}]}<\/script>\n<!-- \/ Yoast SEO plugin. -->","yoast_head_json":{"title":"Blackstone 28\" Culinary Series XL Griddle with Hood and Front Shelf - Blackstone Griddles","robots":{"index":"index","follow":"follow","max-snippet":"max-snippet:-1","max-image-preview":"max-image-preview:large","max-video-preview":"max-video-preview:-1"},"canonical":"https:\/\/blackstonegriddles.ca\/fr\/produit\/28-culinaire-xl-w-cart\/","og_locale":"fr_CA","og_type":"article","og_title":"Blackstone 28\" Culinary Series XL Griddle with Hood and Front Shelf - Blackstone Griddles","og_description":"Blackstone\u2019s classic 28\u201d Griddle now has a luxury model! With a Culinary Style Front Utility Tray, a durable cart with dual side shelves, and a Stainless Culinary Styled Hood, this is no longer JUST a griddle. Our team here at Blackstone understands the struggle of constantly going back and forth between your griddle and the kitchen so we put everything you would need into one convenient cart. With three independently controlled cooking zones pumping out a whopping 48,000 BTUs, the Culinary Pro 28\u201d Cart will have everything you need to create any dish you could imagine!","og_url":"https:\/\/blackstonegriddles.ca\/fr\/produit\/28-culinaire-xl-w-cart\/","og_site_name":"Blackstone Griddles","article_publisher":"https:\/\/www.facebook.com\/blackstoneproducts\/","article_modified_time":"2026-04-10T18:30:49+00:00","og_image":[{"width":2200,"height":2200,"url":"https:\/\/blackstonegriddles.ca\/wp-content\/uploads\/2022\/04\/2152_28XLGriddlePatioPro_Breakfast.jpg","type":"image\/jpeg"}],"twitter_card":"summary_large_image","twitter_site":"@weareblackstone","twitter_misc":{"Estimation du temps de lecture":"1 minute"},"schema":{"@context":"https:\/\/schema.org","@graph":[{"@type":"WebPage","@id":"https:\/\/blackstonegriddles.ca\/product\/28-culinary-xl-w-cart\/","url":"https:\/\/blackstonegriddles.ca\/product\/28-culinary-xl-w-cart\/","name":"Blackstone 28\" Culinary Series XL Griddle with Hood and Front Shelf - Blackstone Griddles","isPartOf":{"@id":"https:\/\/blackstonegriddles.ca\/#website"},"primaryImageOfPage":{"@id":"https:\/\/blackstonegriddles.ca\/product\/28-culinary-xl-w-cart\/#primaryimage"},"image":{"@id":"https:\/\/blackstonegriddles.ca\/product\/28-culinary-xl-w-cart\/#primaryimage"},"thumbnailUrl":"https:\/\/blackstonegriddles.ca\/wp-content\/uploads\/2022\/04\/2152_28XLGriddlePatioPro_Breakfast.jpg","datePublished":"2022-04-29T20:29:10+00:00","dateModified":"2026-04-10T18:30:49+00:00","breadcrumb":{"@id":"https:\/\/blackstonegriddles.ca\/product\/28-culinary-xl-w-cart\/#breadcrumb"},"inLanguage":"fr-CA","potentialAction":[{"@type":"ReadAction","target":["https:\/\/blackstonegriddles.ca\/product\/28-culinary-xl-w-cart\/"]}]},{"@type":"ImageObject","inLanguage":"fr-CA","@id":"https:\/\/blackstonegriddles.ca\/product\/28-culinary-xl-w-cart\/#primaryimage","url":"https:\/\/blackstonegriddles.ca\/wp-content\/uploads\/2022\/04\/2152_28XLGriddlePatioPro_Breakfast.jpg","contentUrl":"https:\/\/blackstonegriddles.ca\/wp-content\/uploads\/2022\/04\/2152_28XLGriddlePatioPro_Breakfast.jpg","width":2200,"height":2200},{"@type":"BreadcrumbList","@id":"https:\/\/blackstonegriddles.ca\/product\/28-culinary-xl-w-cart\/#breadcrumb","itemListElement":[{"@type":"ListItem","position":1,"name":"Home","item":"https:\/\/blackstonegriddles.ca\/"},{"@type":"ListItem","position":2,"name":"Shop","item":"https:\/\/blackstonegriddles.ca\/shop\/"},{"@type":"ListItem","position":3,"name":"Blackstone 28&#8243; Culinary Series XL Griddle with Hood and Front Shelf"}]},{"@type":"WebSite","@id":"https:\/\/blackstonegriddles.ca\/#website","url":"https:\/\/blackstonegriddles.ca\/","name":"Grils Blackstone Canada","description":"Blackstone Griddles distributeur officiel agr\u00e9\u00e9 Canada","publisher":{"@id":"https:\/\/blackstonegriddles.ca\/#organization"},"potentialAction":[{"@type":"SearchAction","target":{"@type":"EntryPoint","urlTemplate":"https:\/\/blackstonegriddles.ca\/?s={search_term_string}"},"query-input":{"@type":"PropertyValueSpecification","valueRequired":true,"valueName":"search_term_string"}}],"inLanguage":"fr-CA"},{"@type":"Organization","@id":"https:\/\/blackstonegriddles.ca\/#organization","name":"Grils Blackstone Canada","url":"https:\/\/blackstonegriddles.ca\/","logo":{"@type":"ImageObject","inLanguage":"fr-CA","@id":"https:\/\/blackstonegriddles.ca\/#\/schema\/logo\/image\/","url":"https:\/\/blackstonegriddles.ca\/wp-content\/uploads\/2025\/02\/blackstone-fire-logo.webp","contentUrl":"https:\/\/blackstonegriddles.ca\/wp-content\/uploads\/2025\/02\/blackstone-fire-logo.webp","width":53,"height":58,"caption":"Blackstone Griddles Canada"},"image":{"@id":"https:\/\/blackstonegriddles.ca\/#\/schema\/logo\/image\/"},"sameAs":["https:\/\/www.facebook.com\/blackstoneproducts\/","https:\/\/x.com\/weareblackstone","https:\/\/www.instagram.com\/blackstoneproducts\/","https:\/\/www.youtube.com\/channel\/UCr39rimir8y3p-q1iQYidVA"]}]}},"_links":{"self":[{"href":"https:\/\/blackstonegriddles.ca\/fr\/wp-json\/wp\/v2\/product\/25414","targetHints":{"allow":["GET"]}}],"collection":[{"href":"https:\/\/blackstonegriddles.ca\/fr\/wp-json\/wp\/v2\/product"}],"about":[{"href":"https:\/\/blackstonegriddles.ca\/fr\/wp-json\/wp\/v2\/types\/product"}],"wp:featuredmedia":[{"embeddable":true,"href":"https:\/\/blackstonegriddles.ca\/fr\/wp-json\/wp\/v2\/media\/51811"}],"wp:attachment":[{"href":"https:\/\/blackstonegriddles.ca\/fr\/wp-json\/wp\/v2\/media?parent=25414"}],"wp:term":[{"taxonomy":"product_brand","embeddable":true,"href":"https:\/\/blackstonegriddles.ca\/fr\/wp-json\/wp\/v2\/product_brand?post=25414"},{"taxonomy":"product_cat","embeddable":true,"href":"https:\/\/blackstonegriddles.ca\/fr\/wp-json\/wp\/v2\/product_cat?post=25414"},{"taxonomy":"product_tag","embeddable":true,"href":"https:\/\/blackstonegriddles.ca\/fr\/wp-json\/wp\/v2\/product_tag?post=25414"}],"curies":[{"name":"wp","href":"https:\/\/api.w.org\/{rel}","templated":true}]}}