{"id":25438,"date":"2022-03-18T19:00:15","date_gmt":"2022-03-18T19:00:15","guid":{"rendered":"https:\/\/blackstonegriddles.ca\/?post_type=product&#038;p=25438"},"modified":"2026-04-18T02:30:22","modified_gmt":"2026-04-18T02:30:22","slug":"thermometre-infrarouge-et-sonde-combines","status":"publish","type":"product","link":"https:\/\/blackstonegriddles.ca\/fr\/product\/infrared-thermometer-and-probe-combo\/","title":{"rendered":"Thermom\u00e8tre infrarouge et sonde combin\u00e9s"},"content":{"rendered":"<ul>\n<li>Grand \u00e9cran LCD, pour une lecture facile des temp\u00e9ratures<\/li>\n<li>Mesure en degr\u00e9s Celsius ou Fahrenheit<\/li>\n<li>Thermom\u00e8tre infrarouge \"point-and-shoot\" pour d\u00e9terminer la temp\u00e9rature de surface de la plaque de cuisson<\/li>\n<li>Sonde pliable pour d\u00e9terminer la temp\u00e9rature interne des aliments<\/li>\n<\/ul>","protected":false},"excerpt":{"rendered":"<p>Ne devinez plus la temp\u00e9rature de vos aliments et utilisez le thermom\u00e8tre infrarouge. Ce thermom\u00e8tre vous permet de \"pointer et tirer\" pour obtenir une lecture de la temp\u00e9rature sur n'importe quelle surface. Ensuite, pendant que vous cuisinez, utilisez la sonde pliable pour d\u00e9terminer la temp\u00e9rature interne de l'aliment. Vous n'aurez plus besoin d'esp\u00e9rer que les aliments soient cuits ou d'\u00eatre surpris par la naus\u00e9e lorsque vous couperez votre steak. Gr\u00e2ce \u00e0 cet outil pratique, vous n'aurez plus besoin de deviner ce qui se passe dans votre cuisine !<\/p>","protected":false},"featured_media":25439,"template":"","meta":[],"product_brand":[],"product_cat":[138,265],"product_tag":[],"class_list":{"0":"post-25438","1":"product","2":"type-product","3":"status-publish","4":"has-post-thumbnail","6":"product_cat-accessories","7":"product_cat-essential-extras","8":"product_shipping_class-accessories","10":"first","11":"instock","12":"taxable","13":"shipping-taxable","14":"purchasable","15":"product-type-simple"},"yoast_head":"<!-- This site is optimized with the Yoast SEO plugin v27.4 - https:\/\/yoast.com\/product\/yoast-seo-wordpress\/ -->\n<title>Infrared Thermometer and Probe Combo - Blackstone Griddles<\/title>\n<meta name=\"robots\" content=\"index, follow, max-snippet:-1, max-image-preview:large, max-video-preview:-1\" \/>\n<link rel=\"canonical\" href=\"https:\/\/blackstonegriddles.ca\/fr\/produit\/thermometre-infrarouge-et-sonde-combines\/\" \/>\n<meta property=\"og:locale\" content=\"fr_CA\" \/>\n<meta property=\"og:type\" content=\"article\" \/>\n<meta property=\"og:title\" content=\"Infrared Thermometer and Probe Combo - Blackstone Griddles\" \/>\n<meta property=\"og:description\" content=\"Stop guessing the temperature of your food and use the Infrared Thermometer. This thermometer allows you to \u201cpoint and shoot\u201d to get a read of the temperature on any surface. Then while you are cooking, use the collapsible probe to determine the internal temperature of the food. You can also freeze the last taken temperature for quick reference.You will no longer need to \u201chope the food is done\u201d or be nauseously surprised when cutting into your steak. Take the guessing out of your cooking with this handy tool!\" \/>\n<meta property=\"og:url\" content=\"https:\/\/blackstonegriddles.ca\/fr\/produit\/thermometre-infrarouge-et-sonde-combines\/\" \/>\n<meta property=\"og:site_name\" content=\"Blackstone Griddles\" \/>\n<meta property=\"article:publisher\" content=\"https:\/\/www.facebook.com\/blackstoneproducts\/\" \/>\n<meta property=\"article:modified_time\" content=\"2026-04-18T02:30:22+00:00\" \/>\n<meta property=\"og:image\" content=\"https:\/\/blackstonegriddles.ca\/wp-content\/uploads\/2022\/03\/5400_InfaredThermometer_OnWhite.jpg\" \/>\n\t<meta property=\"og:image:width\" content=\"1024\" \/>\n\t<meta property=\"og:image:height\" content=\"1023\" \/>\n\t<meta property=\"og:image:type\" content=\"image\/jpeg\" \/>\n<meta name=\"twitter:card\" content=\"summary_large_image\" \/>\n<meta name=\"twitter:site\" content=\"@weareblackstone\" \/>\n<meta name=\"twitter:label1\" content=\"Estimation du temps de lecture\" \/>\n\t<meta name=\"twitter:data1\" content=\"1 minute\" \/>\n<script type=\"application\/ld+json\" class=\"yoast-schema-graph\">{\"@context\":\"https:\\\/\\\/schema.org\",\"@graph\":[{\"@type\":\"WebPage\",\"@id\":\"https:\\\/\\\/blackstonegriddles.ca\\\/product\\\/infrared-thermometer-and-probe-combo\\\/\",\"url\":\"https:\\\/\\\/blackstonegriddles.ca\\\/product\\\/infrared-thermometer-and-probe-combo\\\/\",\"name\":\"Infrared Thermometer and Probe Combo - Blackstone Griddles\",\"isPartOf\":{\"@id\":\"https:\\\/\\\/blackstonegriddles.ca\\\/#website\"},\"primaryImageOfPage\":{\"@id\":\"https:\\\/\\\/blackstonegriddles.ca\\\/product\\\/infrared-thermometer-and-probe-combo\\\/#primaryimage\"},\"image\":{\"@id\":\"https:\\\/\\\/blackstonegriddles.ca\\\/product\\\/infrared-thermometer-and-probe-combo\\\/#primaryimage\"},\"thumbnailUrl\":\"https:\\\/\\\/blackstonegriddles.ca\\\/wp-content\\\/uploads\\\/2022\\\/03\\\/5400_InfaredThermometer_OnWhite.jpg\",\"datePublished\":\"2022-03-18T19:00:15+00:00\",\"dateModified\":\"2026-04-18T02:30:22+00:00\",\"breadcrumb\":{\"@id\":\"https:\\\/\\\/blackstonegriddles.ca\\\/product\\\/infrared-thermometer-and-probe-combo\\\/#breadcrumb\"},\"inLanguage\":\"fr-CA\",\"potentialAction\":[{\"@type\":\"ReadAction\",\"target\":[\"https:\\\/\\\/blackstonegriddles.ca\\\/product\\\/infrared-thermometer-and-probe-combo\\\/\"]}]},{\"@type\":\"ImageObject\",\"inLanguage\":\"fr-CA\",\"@id\":\"https:\\\/\\\/blackstonegriddles.ca\\\/product\\\/infrared-thermometer-and-probe-combo\\\/#primaryimage\",\"url\":\"https:\\\/\\\/blackstonegriddles.ca\\\/wp-content\\\/uploads\\\/2022\\\/03\\\/5400_InfaredThermometer_OnWhite.jpg\",\"contentUrl\":\"https:\\\/\\\/blackstonegriddles.ca\\\/wp-content\\\/uploads\\\/2022\\\/03\\\/5400_InfaredThermometer_OnWhite.jpg\",\"width\":1024,\"height\":1023,\"caption\":\"INFRARED THERMOMETER AND PROBE COMBO Main Photo\"},{\"@type\":\"BreadcrumbList\",\"@id\":\"https:\\\/\\\/blackstonegriddles.ca\\\/product\\\/infrared-thermometer-and-probe-combo\\\/#breadcrumb\",\"itemListElement\":[{\"@type\":\"ListItem\",\"position\":1,\"name\":\"Home\",\"item\":\"https:\\\/\\\/blackstonegriddles.ca\\\/\"},{\"@type\":\"ListItem\",\"position\":2,\"name\":\"Shop\",\"item\":\"https:\\\/\\\/blackstonegriddles.ca\\\/shop\\\/\"},{\"@type\":\"ListItem\",\"position\":3,\"name\":\"Infrared Thermometer and Probe Combo\"}]},{\"@type\":\"WebSite\",\"@id\":\"https:\\\/\\\/blackstonegriddles.ca\\\/#website\",\"url\":\"https:\\\/\\\/blackstonegriddles.ca\\\/\",\"name\":\"Blackstone Griddles Canada\",\"description\":\"Blackstone Griddles official licensed dealer Canada\",\"publisher\":{\"@id\":\"https:\\\/\\\/blackstonegriddles.ca\\\/#organization\"},\"potentialAction\":[{\"@type\":\"SearchAction\",\"target\":{\"@type\":\"EntryPoint\",\"urlTemplate\":\"https:\\\/\\\/blackstonegriddles.ca\\\/?s={search_term_string}\"},\"query-input\":{\"@type\":\"PropertyValueSpecification\",\"valueRequired\":true,\"valueName\":\"search_term_string\"}}],\"inLanguage\":\"fr-CA\"},{\"@type\":\"Organization\",\"@id\":\"https:\\\/\\\/blackstonegriddles.ca\\\/#organization\",\"name\":\"Blackstone Griddles Canada\",\"url\":\"https:\\\/\\\/blackstonegriddles.ca\\\/\",\"logo\":{\"@type\":\"ImageObject\",\"inLanguage\":\"fr-CA\",\"@id\":\"https:\\\/\\\/blackstonegriddles.ca\\\/#\\\/schema\\\/logo\\\/image\\\/\",\"url\":\"https:\\\/\\\/blackstonegriddles.ca\\\/wp-content\\\/uploads\\\/2025\\\/02\\\/blackstone-fire-logo.webp\",\"contentUrl\":\"https:\\\/\\\/blackstonegriddles.ca\\\/wp-content\\\/uploads\\\/2025\\\/02\\\/blackstone-fire-logo.webp\",\"width\":53,\"height\":58,\"caption\":\"Blackstone Griddles Canada\"},\"image\":{\"@id\":\"https:\\\/\\\/blackstonegriddles.ca\\\/#\\\/schema\\\/logo\\\/image\\\/\"},\"sameAs\":[\"https:\\\/\\\/www.facebook.com\\\/blackstoneproducts\\\/\",\"https:\\\/\\\/x.com\\\/weareblackstone\",\"https:\\\/\\\/www.instagram.com\\\/blackstoneproducts\\\/\",\"https:\\\/\\\/www.youtube.com\\\/channel\\\/UCr39rimir8y3p-q1iQYidVA\"]}]}<\/script>\n<!-- \/ Yoast SEO plugin. -->","yoast_head_json":{"title":"Thermom\u00e8tre infrarouge et sonde - Blackstone Griddles","robots":{"index":"index","follow":"follow","max-snippet":"max-snippet:-1","max-image-preview":"max-image-preview:large","max-video-preview":"max-video-preview:-1"},"canonical":"https:\/\/blackstonegriddles.ca\/fr\/produit\/thermometre-infrarouge-et-sonde-combines\/","og_locale":"fr_CA","og_type":"article","og_title":"Infrared Thermometer and Probe Combo - Blackstone Griddles","og_description":"Stop guessing the temperature of your food and use the Infrared Thermometer. This thermometer allows you to \u201cpoint and shoot\u201d to get a read of the temperature on any surface. Then while you are cooking, use the collapsible probe to determine the internal temperature of the food. You can also freeze the last taken temperature for quick reference.You will no longer need to \u201chope the food is done\u201d or be nauseously surprised when cutting into your steak. Take the guessing out of your cooking with this handy tool!","og_url":"https:\/\/blackstonegriddles.ca\/fr\/produit\/thermometre-infrarouge-et-sonde-combines\/","og_site_name":"Blackstone Griddles","article_publisher":"https:\/\/www.facebook.com\/blackstoneproducts\/","article_modified_time":"2026-04-18T02:30:22+00:00","og_image":[{"width":1024,"height":1023,"url":"https:\/\/blackstonegriddles.ca\/wp-content\/uploads\/2022\/03\/5400_InfaredThermometer_OnWhite.jpg","type":"image\/jpeg"}],"twitter_card":"summary_large_image","twitter_site":"@weareblackstone","twitter_misc":{"Estimation du temps de lecture":"1 minute"},"schema":{"@context":"https:\/\/schema.org","@graph":[{"@type":"WebPage","@id":"https:\/\/blackstonegriddles.ca\/product\/infrared-thermometer-and-probe-combo\/","url":"https:\/\/blackstonegriddles.ca\/product\/infrared-thermometer-and-probe-combo\/","name":"Thermom\u00e8tre infrarouge et sonde - Blackstone Griddles","isPartOf":{"@id":"https:\/\/blackstonegriddles.ca\/#website"},"primaryImageOfPage":{"@id":"https:\/\/blackstonegriddles.ca\/product\/infrared-thermometer-and-probe-combo\/#primaryimage"},"image":{"@id":"https:\/\/blackstonegriddles.ca\/product\/infrared-thermometer-and-probe-combo\/#primaryimage"},"thumbnailUrl":"https:\/\/blackstonegriddles.ca\/wp-content\/uploads\/2022\/03\/5400_InfaredThermometer_OnWhite.jpg","datePublished":"2022-03-18T19:00:15+00:00","dateModified":"2026-04-18T02:30:22+00:00","breadcrumb":{"@id":"https:\/\/blackstonegriddles.ca\/product\/infrared-thermometer-and-probe-combo\/#breadcrumb"},"inLanguage":"fr-CA","potentialAction":[{"@type":"ReadAction","target":["https:\/\/blackstonegriddles.ca\/product\/infrared-thermometer-and-probe-combo\/"]}]},{"@type":"ImageObject","inLanguage":"fr-CA","@id":"https:\/\/blackstonegriddles.ca\/product\/infrared-thermometer-and-probe-combo\/#primaryimage","url":"https:\/\/blackstonegriddles.ca\/wp-content\/uploads\/2022\/03\/5400_InfaredThermometer_OnWhite.jpg","contentUrl":"https:\/\/blackstonegriddles.ca\/wp-content\/uploads\/2022\/03\/5400_InfaredThermometer_OnWhite.jpg","width":1024,"height":1023,"caption":"INFRARED THERMOMETER AND PROBE COMBO Main Photo"},{"@type":"BreadcrumbList","@id":"https:\/\/blackstonegriddles.ca\/product\/infrared-thermometer-and-probe-combo\/#breadcrumb","itemListElement":[{"@type":"ListItem","position":1,"name":"Home","item":"https:\/\/blackstonegriddles.ca\/"},{"@type":"ListItem","position":2,"name":"Shop","item":"https:\/\/blackstonegriddles.ca\/shop\/"},{"@type":"ListItem","position":3,"name":"Infrared Thermometer and Probe Combo"}]},{"@type":"WebSite","@id":"https:\/\/blackstonegriddles.ca\/#website","url":"https:\/\/blackstonegriddles.ca\/","name":"Grils Blackstone Canada","description":"Blackstone Griddles distributeur officiel agr\u00e9\u00e9 Canada","publisher":{"@id":"https:\/\/blackstonegriddles.ca\/#organization"},"potentialAction":[{"@type":"SearchAction","target":{"@type":"EntryPoint","urlTemplate":"https:\/\/blackstonegriddles.ca\/?s={search_term_string}"},"query-input":{"@type":"PropertyValueSpecification","valueRequired":true,"valueName":"search_term_string"}}],"inLanguage":"fr-CA"},{"@type":"Organization","@id":"https:\/\/blackstonegriddles.ca\/#organization","name":"Grils Blackstone Canada","url":"https:\/\/blackstonegriddles.ca\/","logo":{"@type":"ImageObject","inLanguage":"fr-CA","@id":"https:\/\/blackstonegriddles.ca\/#\/schema\/logo\/image\/","url":"https:\/\/blackstonegriddles.ca\/wp-content\/uploads\/2025\/02\/blackstone-fire-logo.webp","contentUrl":"https:\/\/blackstonegriddles.ca\/wp-content\/uploads\/2025\/02\/blackstone-fire-logo.webp","width":53,"height":58,"caption":"Blackstone Griddles Canada"},"image":{"@id":"https:\/\/blackstonegriddles.ca\/#\/schema\/logo\/image\/"},"sameAs":["https:\/\/www.facebook.com\/blackstoneproducts\/","https:\/\/x.com\/weareblackstone","https:\/\/www.instagram.com\/blackstoneproducts\/","https:\/\/www.youtube.com\/channel\/UCr39rimir8y3p-q1iQYidVA"]}]}},"_links":{"self":[{"href":"https:\/\/blackstonegriddles.ca\/fr\/wp-json\/wp\/v2\/product\/25438","targetHints":{"allow":["GET"]}}],"collection":[{"href":"https:\/\/blackstonegriddles.ca\/fr\/wp-json\/wp\/v2\/product"}],"about":[{"href":"https:\/\/blackstonegriddles.ca\/fr\/wp-json\/wp\/v2\/types\/product"}],"wp:featuredmedia":[{"embeddable":true,"href":"https:\/\/blackstonegriddles.ca\/fr\/wp-json\/wp\/v2\/media\/25439"}],"wp:attachment":[{"href":"https:\/\/blackstonegriddles.ca\/fr\/wp-json\/wp\/v2\/media?parent=25438"}],"wp:term":[{"taxonomy":"product_brand","embeddable":true,"href":"https:\/\/blackstonegriddles.ca\/fr\/wp-json\/wp\/v2\/product_brand?post=25438"},{"taxonomy":"product_cat","embeddable":true,"href":"https:\/\/blackstonegriddles.ca\/fr\/wp-json\/wp\/v2\/product_cat?post=25438"},{"taxonomy":"product_tag","embeddable":true,"href":"https:\/\/blackstonegriddles.ca\/fr\/wp-json\/wp\/v2\/product_tag?post=25438"}],"curies":[{"name":"wp","href":"https:\/\/api.w.org\/{rel}","templated":true}]}}