{"id":25571,"date":"2022-04-06T18:37:06","date_gmt":"2022-04-06T18:37:06","guid":{"rendered":"https:\/\/blackstonegriddles.ca\/?post_type=product&#038;p=25571"},"modified":"2026-04-23T19:53:33","modified_gmt":"2026-04-23T19:53:33","slug":"kit-de-nettoyage-de-la-serie-culinaire","status":"publish","type":"product","link":"https:\/\/blackstonegriddles.ca\/fr\/product\/culinary-series-cleaning-kit\/","title":{"rendered":"Kit de nettoyage de la s\u00e9rie culinaire"},"content":{"rendered":"<ul>\n<li data-section-id=\"2az9em\" data-start=\"693\" data-end=\"785\"><strong data-start=\"695\" data-end=\"720\">Kit de nettoyage complet<\/strong><br data-start=\"720\" data-end=\"723\" \/>Comprend les outils essentiels pour un nettoyage en profondeur et un entretien.<\/li>\n<li data-section-id=\"v1r541\" data-start=\"787\" data-end=\"986\"><strong data-start=\"789\" data-end=\"808\">Comprend (Qt\u00e9.)<\/strong>\n<ul data-start=\"813\" data-end=\"986\">\n<li data-section-id=\"e4yro3\" data-start=\"813\" data-end=\"860\">Grattoir de plancha en acier inoxydable 6\u201d (Qt\u00e9 1)<\/li>\n<li data-section-id=\"1vtegzk\" data-start=\"863\" data-end=\"892\">Manche pour tampon r\u00e9curant (Qt\u00e9. 1)<\/li>\n<li data-section-id=\"1xa4ehf\" data-start=\"895\" data-end=\"918\">\u00c9ponges m\u00e9talliques (Quantit\u00e9\u00a0: 6)<\/li>\n<li data-section-id=\"1qm6ipg\" data-start=\"921\" data-end=\"955\">Manche de nettoyage pour brique (Qt\u00e9 1)<\/li>\n<li data-section-id=\"1lf3ce\" data-start=\"958\" data-end=\"986\">Nettoyage de briques (Qt\u00e9. 2)<\/li>\n<\/ul>\n<\/li>\n<li data-section-id=\"1guxhho\" data-start=\"988\" data-end=\"1083\"><strong data-start=\"990\" data-end=\"1012\">Grattage intensif<\/strong><br data-start=\"1012\" data-end=\"1015\" \/>La lame en acier inoxydable \u00e9limine la graisse, les d\u00e9bris et les aliments cuits.<\/li>\n<li data-section-id=\"1btxv8x\" data-start=\"1085\" data-end=\"1174\"><strong data-start=\"1087\" data-end=\"1116\">Syst\u00e8me de nettoyage efficace<\/strong><br data-start=\"1116\" data-end=\"1119\" \/>Les tampons \u00e0 r\u00e9curer et les briques de nettoyage s'attaquent aux r\u00e9sidus tenaces<\/li>\n<li data-section-id=\"dck5dj\" data-start=\"1176\" data-end=\"1250\"><strong data-start=\"1178\" data-end=\"1195\">Utilisation polyvalente<\/strong><br data-start=\"1195\" data-end=\"1198\" \/>Convient pour une utilisation sur des surfaces de plaque chauffante chaudes ou froides<\/li>\n<li data-section-id=\"224bg6\" data-start=\"1252\" data-end=\"1329\"><strong data-start=\"1254\" data-end=\"1278\">Construction durable<\/strong><br data-start=\"1278\" data-end=\"1281\" \/>Conception rigide et robuste pour une utilisation prolong\u00e9e<\/li>\n<li data-section-id=\"110eokd\" data-start=\"1331\" data-end=\"1404\"><strong data-start=\"1333\" data-end=\"1355\">Rangement pratique<\/strong><br data-start=\"1355\" data-end=\"1358\" \/>Crochet int\u00e9gr\u00e9 sur le racloir pour un acc\u00e8s facile<\/li>\n<li data-section-id=\"15js9os\" data-start=\"1406\" data-end=\"1450\"><strong data-start=\"1408\" data-end=\"1428\">Entretien facile<\/strong><br data-start=\"1428\" data-end=\"1431\" \/>Lavable au lave-vaisselle<\/li>\n<li data-section-id=\"lu8wus\" data-start=\"1452\" data-end=\"1516\"><strong data-start=\"1454\" data-end=\"1483\">Garantie limit\u00e9e d'un an<\/strong><br data-start=\"1483\" data-end=\"1486\" \/>Offre une fiabilit\u00e9 accrue<\/li>\n<\/ul>","protected":false},"excerpt":{"rendered":"<p data-start=\"164\" data-end=\"404\">Nettoyez en profondeur votre plaque de cuisson avec le kit de nettoyage Blackstone Culinary Series. Con\u00e7u pour tout g\u00e9rer, des r\u00e9sidus quotidiens \u00e0 la crasse tenace et cuite, ce kit fournit les outils n\u00e9cessaires pour entretenir votre dessus de plaque et vos surfaces de cuisson.<\/p>\n<p data-start=\"406\" data-end=\"665\">Le grattoir robuste en acier inoxydable \u00e9limine les d\u00e9bris et les accumulations, tandis que les tampons r\u00e9curants et les briques de nettoyage aident \u00e0 accomplir les t\u00e2ches de nettoyage en profondeur. Con\u00e7us pour la polyvalence, les outils peuvent \u00eatre utilis\u00e9s sur des surfaces chaudes et froides, rendant l'entretien simple et efficace.<\/p>","protected":false},"featured_media":25572,"template":"","meta":[],"product_brand":[],"product_cat":[138,263],"product_tag":[],"class_list":{"0":"post-25571","1":"product","2":"type-product","3":"status-publish","4":"has-post-thumbnail","6":"product_cat-accessories","7":"product_cat-conditioners-cleaning","8":"product_shipping_class-accessories","10":"first","11":"instock","12":"taxable","13":"shipping-taxable","14":"purchasable","15":"product-type-simple"},"yoast_head":"<!-- This site is optimized with the Yoast SEO plugin v27.4 - https:\/\/yoast.com\/product\/yoast-seo-wordpress\/ -->\n<title>Culinary Series Cleaning Kit - Blackstone Griddles<\/title>\n<meta name=\"robots\" content=\"index, follow, max-snippet:-1, max-image-preview:large, max-video-preview:-1\" \/>\n<link rel=\"canonical\" href=\"https:\/\/blackstonegriddles.ca\/fr\/produit\/kit-de-nettoyage-de-la-serie-culinaire\/\" \/>\n<meta property=\"og:locale\" content=\"fr_CA\" \/>\n<meta property=\"og:type\" content=\"article\" \/>\n<meta property=\"og:title\" content=\"Culinary Series Cleaning Kit - Blackstone Griddles\" \/>\n<meta property=\"og:description\" content=\"Deep clean your griddle with the Blackstone Culinary Series Cleaning Kit. Designed to handle everything from everyday residue to tough, cooked-on grime, this kit provides the tools needed to maintain your griddle top and cooking surfaces. The heavy-duty stainless steel scraper removes debris and buildup, while the scour pads and cleaning bricks help tackle deeper cleaning tasks. Built for versatility, the tools can be used on both hot and cold surfaces, making maintenance simple and efficient.\" \/>\n<meta property=\"og:url\" content=\"https:\/\/blackstonegriddles.ca\/fr\/produit\/kit-de-nettoyage-de-la-serie-culinaire\/\" \/>\n<meta property=\"og:site_name\" content=\"Blackstone Griddles\" \/>\n<meta property=\"article:publisher\" content=\"https:\/\/www.facebook.com\/blackstoneproducts\/\" \/>\n<meta property=\"article:modified_time\" content=\"2026-04-23T19:53:33+00:00\" \/>\n<meta property=\"og:image\" content=\"https:\/\/blackstonegriddles.ca\/wp-content\/uploads\/2022\/03\/5323_CleaningKit_Clipped.png\" \/>\n\t<meta property=\"og:image:width\" content=\"800\" \/>\n\t<meta property=\"og:image:height\" content=\"775\" \/>\n\t<meta property=\"og:image:type\" content=\"image\/png\" \/>\n<meta name=\"twitter:card\" content=\"summary_large_image\" \/>\n<meta name=\"twitter:site\" content=\"@weareblackstone\" \/>\n<meta name=\"twitter:label1\" content=\"Estimation du temps de lecture\" \/>\n\t<meta name=\"twitter:data1\" content=\"1 minute\" \/>\n<script type=\"application\/ld+json\" class=\"yoast-schema-graph\">{\"@context\":\"https:\\\/\\\/schema.org\",\"@graph\":[{\"@type\":\"WebPage\",\"@id\":\"https:\\\/\\\/blackstonegriddles.ca\\\/product\\\/culinary-series-cleaning-kit\\\/\",\"url\":\"https:\\\/\\\/blackstonegriddles.ca\\\/product\\\/culinary-series-cleaning-kit\\\/\",\"name\":\"Culinary Series Cleaning Kit - Blackstone Griddles\",\"isPartOf\":{\"@id\":\"https:\\\/\\\/blackstonegriddles.ca\\\/#website\"},\"primaryImageOfPage\":{\"@id\":\"https:\\\/\\\/blackstonegriddles.ca\\\/product\\\/culinary-series-cleaning-kit\\\/#primaryimage\"},\"image\":{\"@id\":\"https:\\\/\\\/blackstonegriddles.ca\\\/product\\\/culinary-series-cleaning-kit\\\/#primaryimage\"},\"thumbnailUrl\":\"https:\\\/\\\/blackstonegriddles.ca\\\/wp-content\\\/uploads\\\/2022\\\/03\\\/5323_CleaningKit_Clipped.png\",\"datePublished\":\"2022-04-06T18:37:06+00:00\",\"dateModified\":\"2026-04-23T19:53:33+00:00\",\"breadcrumb\":{\"@id\":\"https:\\\/\\\/blackstonegriddles.ca\\\/product\\\/culinary-series-cleaning-kit\\\/#breadcrumb\"},\"inLanguage\":\"fr-CA\",\"potentialAction\":[{\"@type\":\"ReadAction\",\"target\":[\"https:\\\/\\\/blackstonegriddles.ca\\\/product\\\/culinary-series-cleaning-kit\\\/\"]}]},{\"@type\":\"ImageObject\",\"inLanguage\":\"fr-CA\",\"@id\":\"https:\\\/\\\/blackstonegriddles.ca\\\/product\\\/culinary-series-cleaning-kit\\\/#primaryimage\",\"url\":\"https:\\\/\\\/blackstonegriddles.ca\\\/wp-content\\\/uploads\\\/2022\\\/03\\\/5323_CleaningKit_Clipped.png\",\"contentUrl\":\"https:\\\/\\\/blackstonegriddles.ca\\\/wp-content\\\/uploads\\\/2022\\\/03\\\/5323_CleaningKit_Clipped.png\",\"width\":800,\"height\":775,\"caption\":\"Main image\"},{\"@type\":\"BreadcrumbList\",\"@id\":\"https:\\\/\\\/blackstonegriddles.ca\\\/product\\\/culinary-series-cleaning-kit\\\/#breadcrumb\",\"itemListElement\":[{\"@type\":\"ListItem\",\"position\":1,\"name\":\"Home\",\"item\":\"https:\\\/\\\/blackstonegriddles.ca\\\/\"},{\"@type\":\"ListItem\",\"position\":2,\"name\":\"Shop\",\"item\":\"https:\\\/\\\/blackstonegriddles.ca\\\/shop\\\/\"},{\"@type\":\"ListItem\",\"position\":3,\"name\":\"Culinary Series Cleaning Kit\"}]},{\"@type\":\"WebSite\",\"@id\":\"https:\\\/\\\/blackstonegriddles.ca\\\/#website\",\"url\":\"https:\\\/\\\/blackstonegriddles.ca\\\/\",\"name\":\"Blackstone Griddles Canada\",\"description\":\"Blackstone Griddles official licensed dealer Canada\",\"publisher\":{\"@id\":\"https:\\\/\\\/blackstonegriddles.ca\\\/#organization\"},\"potentialAction\":[{\"@type\":\"SearchAction\",\"target\":{\"@type\":\"EntryPoint\",\"urlTemplate\":\"https:\\\/\\\/blackstonegriddles.ca\\\/?s={search_term_string}\"},\"query-input\":{\"@type\":\"PropertyValueSpecification\",\"valueRequired\":true,\"valueName\":\"search_term_string\"}}],\"inLanguage\":\"fr-CA\"},{\"@type\":\"Organization\",\"@id\":\"https:\\\/\\\/blackstonegriddles.ca\\\/#organization\",\"name\":\"Blackstone Griddles Canada\",\"url\":\"https:\\\/\\\/blackstonegriddles.ca\\\/\",\"logo\":{\"@type\":\"ImageObject\",\"inLanguage\":\"fr-CA\",\"@id\":\"https:\\\/\\\/blackstonegriddles.ca\\\/#\\\/schema\\\/logo\\\/image\\\/\",\"url\":\"https:\\\/\\\/blackstonegriddles.ca\\\/wp-content\\\/uploads\\\/2025\\\/02\\\/blackstone-fire-logo.webp\",\"contentUrl\":\"https:\\\/\\\/blackstonegriddles.ca\\\/wp-content\\\/uploads\\\/2025\\\/02\\\/blackstone-fire-logo.webp\",\"width\":53,\"height\":58,\"caption\":\"Blackstone Griddles Canada\"},\"image\":{\"@id\":\"https:\\\/\\\/blackstonegriddles.ca\\\/#\\\/schema\\\/logo\\\/image\\\/\"},\"sameAs\":[\"https:\\\/\\\/www.facebook.com\\\/blackstoneproducts\\\/\",\"https:\\\/\\\/x.com\\\/weareblackstone\",\"https:\\\/\\\/www.instagram.com\\\/blackstoneproducts\\\/\",\"https:\\\/\\\/www.youtube.com\\\/channel\\\/UCr39rimir8y3p-q1iQYidVA\"]}]}<\/script>\n<!-- \/ Yoast SEO plugin. -->","yoast_head_json":{"title":"Kit de nettoyage Culinary Series - Grils Blackstone","robots":{"index":"index","follow":"follow","max-snippet":"max-snippet:-1","max-image-preview":"max-image-preview:large","max-video-preview":"max-video-preview:-1"},"canonical":"https:\/\/blackstonegriddles.ca\/fr\/produit\/kit-de-nettoyage-de-la-serie-culinaire\/","og_locale":"fr_CA","og_type":"article","og_title":"Culinary Series Cleaning Kit - Blackstone Griddles","og_description":"Deep clean your griddle with the Blackstone Culinary Series Cleaning Kit. Designed to handle everything from everyday residue to tough, cooked-on grime, this kit provides the tools needed to maintain your griddle top and cooking surfaces. The heavy-duty stainless steel scraper removes debris and buildup, while the scour pads and cleaning bricks help tackle deeper cleaning tasks. Built for versatility, the tools can be used on both hot and cold surfaces, making maintenance simple and efficient.","og_url":"https:\/\/blackstonegriddles.ca\/fr\/produit\/kit-de-nettoyage-de-la-serie-culinaire\/","og_site_name":"Blackstone Griddles","article_publisher":"https:\/\/www.facebook.com\/blackstoneproducts\/","article_modified_time":"2026-04-23T19:53:33+00:00","og_image":[{"width":800,"height":775,"url":"https:\/\/blackstonegriddles.ca\/wp-content\/uploads\/2022\/03\/5323_CleaningKit_Clipped.png","type":"image\/png"}],"twitter_card":"summary_large_image","twitter_site":"@weareblackstone","twitter_misc":{"Estimation du temps de lecture":"1 minute"},"schema":{"@context":"https:\/\/schema.org","@graph":[{"@type":"WebPage","@id":"https:\/\/blackstonegriddles.ca\/product\/culinary-series-cleaning-kit\/","url":"https:\/\/blackstonegriddles.ca\/product\/culinary-series-cleaning-kit\/","name":"Kit de nettoyage Culinary Series - Grils Blackstone","isPartOf":{"@id":"https:\/\/blackstonegriddles.ca\/#website"},"primaryImageOfPage":{"@id":"https:\/\/blackstonegriddles.ca\/product\/culinary-series-cleaning-kit\/#primaryimage"},"image":{"@id":"https:\/\/blackstonegriddles.ca\/product\/culinary-series-cleaning-kit\/#primaryimage"},"thumbnailUrl":"https:\/\/blackstonegriddles.ca\/wp-content\/uploads\/2022\/03\/5323_CleaningKit_Clipped.png","datePublished":"2022-04-06T18:37:06+00:00","dateModified":"2026-04-23T19:53:33+00:00","breadcrumb":{"@id":"https:\/\/blackstonegriddles.ca\/product\/culinary-series-cleaning-kit\/#breadcrumb"},"inLanguage":"fr-CA","potentialAction":[{"@type":"ReadAction","target":["https:\/\/blackstonegriddles.ca\/product\/culinary-series-cleaning-kit\/"]}]},{"@type":"ImageObject","inLanguage":"fr-CA","@id":"https:\/\/blackstonegriddles.ca\/product\/culinary-series-cleaning-kit\/#primaryimage","url":"https:\/\/blackstonegriddles.ca\/wp-content\/uploads\/2022\/03\/5323_CleaningKit_Clipped.png","contentUrl":"https:\/\/blackstonegriddles.ca\/wp-content\/uploads\/2022\/03\/5323_CleaningKit_Clipped.png","width":800,"height":775,"caption":"Main image"},{"@type":"BreadcrumbList","@id":"https:\/\/blackstonegriddles.ca\/product\/culinary-series-cleaning-kit\/#breadcrumb","itemListElement":[{"@type":"ListItem","position":1,"name":"Home","item":"https:\/\/blackstonegriddles.ca\/"},{"@type":"ListItem","position":2,"name":"Shop","item":"https:\/\/blackstonegriddles.ca\/shop\/"},{"@type":"ListItem","position":3,"name":"Culinary Series Cleaning Kit"}]},{"@type":"WebSite","@id":"https:\/\/blackstonegriddles.ca\/#website","url":"https:\/\/blackstonegriddles.ca\/","name":"Grils Blackstone Canada","description":"Blackstone Griddles distributeur officiel agr\u00e9\u00e9 Canada","publisher":{"@id":"https:\/\/blackstonegriddles.ca\/#organization"},"potentialAction":[{"@type":"SearchAction","target":{"@type":"EntryPoint","urlTemplate":"https:\/\/blackstonegriddles.ca\/?s={search_term_string}"},"query-input":{"@type":"PropertyValueSpecification","valueRequired":true,"valueName":"search_term_string"}}],"inLanguage":"fr-CA"},{"@type":"Organization","@id":"https:\/\/blackstonegriddles.ca\/#organization","name":"Grils Blackstone Canada","url":"https:\/\/blackstonegriddles.ca\/","logo":{"@type":"ImageObject","inLanguage":"fr-CA","@id":"https:\/\/blackstonegriddles.ca\/#\/schema\/logo\/image\/","url":"https:\/\/blackstonegriddles.ca\/wp-content\/uploads\/2025\/02\/blackstone-fire-logo.webp","contentUrl":"https:\/\/blackstonegriddles.ca\/wp-content\/uploads\/2025\/02\/blackstone-fire-logo.webp","width":53,"height":58,"caption":"Blackstone Griddles Canada"},"image":{"@id":"https:\/\/blackstonegriddles.ca\/#\/schema\/logo\/image\/"},"sameAs":["https:\/\/www.facebook.com\/blackstoneproducts\/","https:\/\/x.com\/weareblackstone","https:\/\/www.instagram.com\/blackstoneproducts\/","https:\/\/www.youtube.com\/channel\/UCr39rimir8y3p-q1iQYidVA"]}]}},"_links":{"self":[{"href":"https:\/\/blackstonegriddles.ca\/fr\/wp-json\/wp\/v2\/product\/25571","targetHints":{"allow":["GET"]}}],"collection":[{"href":"https:\/\/blackstonegriddles.ca\/fr\/wp-json\/wp\/v2\/product"}],"about":[{"href":"https:\/\/blackstonegriddles.ca\/fr\/wp-json\/wp\/v2\/types\/product"}],"wp:featuredmedia":[{"embeddable":true,"href":"https:\/\/blackstonegriddles.ca\/fr\/wp-json\/wp\/v2\/media\/25572"}],"wp:attachment":[{"href":"https:\/\/blackstonegriddles.ca\/fr\/wp-json\/wp\/v2\/media?parent=25571"}],"wp:term":[{"taxonomy":"product_brand","embeddable":true,"href":"https:\/\/blackstonegriddles.ca\/fr\/wp-json\/wp\/v2\/product_brand?post=25571"},{"taxonomy":"product_cat","embeddable":true,"href":"https:\/\/blackstonegriddles.ca\/fr\/wp-json\/wp\/v2\/product_cat?post=25571"},{"taxonomy":"product_tag","embeddable":true,"href":"https:\/\/blackstonegriddles.ca\/fr\/wp-json\/wp\/v2\/product_tag?post=25571"}],"curies":[{"name":"wp","href":"https:\/\/api.w.org\/{rel}","templated":true}]}}