{"id":25579,"date":"2022-04-06T19:06:32","date_gmt":"2022-04-06T19:06:32","guid":{"rendered":"https:\/\/blackstonegriddles.ca\/?post_type=product&#038;p=25579"},"modified":"2026-04-06T18:34:23","modified_gmt":"2026-04-06T18:34:23","slug":"serie-culinaire-kit-de-plaques-de-cuisson-6-pieces","status":"publish","type":"product","link":"https:\/\/blackstonegriddles.ca\/fr\/product\/culinary-series-griddle-kit-6-pc\/","title":{"rendered":"Kit de gril de la s\u00e9rie culinaire (6 pi\u00e8ces)"},"content":{"rendered":"<ul>\n<li>2 Bouteilles en plastique \u00e0 presser<\/li>\n<li>1 paire de pinces<\/li>\n<li>2 spatules pour gril<\/li>\n<li>1 Grattoir angulaire<\/li>\n<\/ul>","protected":false},"excerpt":{"rendered":"<p>Le kit de gril 6 pi\u00e8ces de la s\u00e9rie culinaire est le compl\u00e9ment parfait \u00e0 votre exp\u00e9rience culinaire Blackstone. La pince en acier inoxydable de 14 pouces est l'outil id\u00e9al pour soulever les aliments d\u00e9licats et les grosses pi\u00e8ces de viande. Utilisez la bouteille de sauce\/liquide de 32 oz pour contenir de l'eau ou de l'huile afin d'ajouter de l'humidit\u00e9 et de la saveur \u00e0 la demande. En utilisant ces m\u00eames liquides, vous pouvez refroidir une plaque chaude, cuire des l\u00e9gumes \u00e0 la vapeur et m\u00eame enlever les aliments cuits.La spatule grattoir est un outil qui vous permet de nettoyer ou d'enlever facilement la graisse de votre plaque. Deux spatules de qualit\u00e9 professionnelle permettent de retourner les hamburgers, les cr\u00eapes et les l\u00e9gumes en un tour de main.<\/p>","protected":false},"featured_media":25580,"template":"","meta":[],"product_brand":[],"product_cat":[138,249,262],"product_tag":[],"class_list":{"0":"post-25579","1":"product","2":"type-product","3":"status-publish","4":"has-post-thumbnail","6":"product_cat-accessories","7":"product_cat-sale","8":"product_cat-tool-kits","9":"product_shipping_class-accessories","11":"first","12":"instock","13":"taxable","14":"shipping-taxable","15":"purchasable","16":"product-type-simple"},"yoast_head":"<!-- This site is optimized with the Yoast SEO plugin v27.4 - https:\/\/yoast.com\/product\/yoast-seo-wordpress\/ -->\n<title>Culinary Series Griddle Kit (6 Pc) - Blackstone Griddles<\/title>\n<meta name=\"robots\" content=\"index, follow, max-snippet:-1, max-image-preview:large, max-video-preview:-1\" \/>\n<link rel=\"canonical\" href=\"https:\/\/blackstonegriddles.ca\/fr\/produit\/serie-culinaire-kit-de-plaques-de-cuisson-6-pieces\/\" \/>\n<meta property=\"og:locale\" content=\"fr_CA\" \/>\n<meta property=\"og:type\" content=\"article\" \/>\n<meta property=\"og:title\" content=\"Culinary Series Griddle Kit (6 Pc) - Blackstone Griddles\" \/>\n<meta property=\"og:description\" content=\"The Culinary Series 6 Piece Griddle Kit is the perfect add-on to your Blackstone cooking experience. 14-inch Stainless Steel Tongs are an ideal tool to lift delicate foods, as well as large cuts of meat. Use the 32 oz. Sauce\/Liquid Bottle to hold water or oil so you can add moisture and flavor on demand. Using these same liquids, you can cool down a hot griddle, steam veggies, and even remove cooked-on food.The Spatula Scraper is a tool that makes it easy for you to clean or remove grease off your griddle. Two professional-grade spatulas make flipping burgers, pancakes, veggies a cinch.\" \/>\n<meta property=\"og:url\" content=\"https:\/\/blackstonegriddles.ca\/fr\/produit\/serie-culinaire-kit-de-plaques-de-cuisson-6-pieces\/\" \/>\n<meta property=\"og:site_name\" content=\"Blackstone Griddles\" \/>\n<meta property=\"article:publisher\" content=\"https:\/\/www.facebook.com\/blackstoneproducts\/\" \/>\n<meta property=\"article:modified_time\" content=\"2026-04-06T18:34:23+00:00\" \/>\n<meta property=\"og:image\" content=\"https:\/\/blackstonegriddles.ca\/wp-content\/uploads\/2022\/03\/5322_Culinary6pcGriddleKit_01.jpg\" \/>\n\t<meta property=\"og:image:width\" content=\"800\" \/>\n\t<meta property=\"og:image:height\" content=\"800\" \/>\n\t<meta property=\"og:image:type\" content=\"image\/jpeg\" \/>\n<meta name=\"twitter:card\" content=\"summary_large_image\" \/>\n<meta name=\"twitter:site\" content=\"@weareblackstone\" \/>\n<meta name=\"twitter:label1\" content=\"Estimation du temps de lecture\" \/>\n\t<meta name=\"twitter:data1\" content=\"1 minute\" \/>\n<script type=\"application\/ld+json\" class=\"yoast-schema-graph\">{\"@context\":\"https:\\\/\\\/schema.org\",\"@graph\":[{\"@type\":\"WebPage\",\"@id\":\"https:\\\/\\\/blackstonegriddles.ca\\\/product\\\/culinary-series-griddle-kit-6-pc\\\/\",\"url\":\"https:\\\/\\\/blackstonegriddles.ca\\\/product\\\/culinary-series-griddle-kit-6-pc\\\/\",\"name\":\"Culinary Series Griddle Kit (6 Pc) - Blackstone Griddles\",\"isPartOf\":{\"@id\":\"https:\\\/\\\/blackstonegriddles.ca\\\/#website\"},\"primaryImageOfPage\":{\"@id\":\"https:\\\/\\\/blackstonegriddles.ca\\\/product\\\/culinary-series-griddle-kit-6-pc\\\/#primaryimage\"},\"image\":{\"@id\":\"https:\\\/\\\/blackstonegriddles.ca\\\/product\\\/culinary-series-griddle-kit-6-pc\\\/#primaryimage\"},\"thumbnailUrl\":\"https:\\\/\\\/blackstonegriddles.ca\\\/wp-content\\\/uploads\\\/2022\\\/03\\\/5322_Culinary6pcGriddleKit_01.jpg\",\"datePublished\":\"2022-04-06T19:06:32+00:00\",\"dateModified\":\"2026-04-06T18:34:23+00:00\",\"breadcrumb\":{\"@id\":\"https:\\\/\\\/blackstonegriddles.ca\\\/product\\\/culinary-series-griddle-kit-6-pc\\\/#breadcrumb\"},\"inLanguage\":\"fr-CA\",\"potentialAction\":[{\"@type\":\"ReadAction\",\"target\":[\"https:\\\/\\\/blackstonegriddles.ca\\\/product\\\/culinary-series-griddle-kit-6-pc\\\/\"]}]},{\"@type\":\"ImageObject\",\"inLanguage\":\"fr-CA\",\"@id\":\"https:\\\/\\\/blackstonegriddles.ca\\\/product\\\/culinary-series-griddle-kit-6-pc\\\/#primaryimage\",\"url\":\"https:\\\/\\\/blackstonegriddles.ca\\\/wp-content\\\/uploads\\\/2022\\\/03\\\/5322_Culinary6pcGriddleKit_01.jpg\",\"contentUrl\":\"https:\\\/\\\/blackstonegriddles.ca\\\/wp-content\\\/uploads\\\/2022\\\/03\\\/5322_Culinary6pcGriddleKit_01.jpg\",\"width\":800,\"height\":800,\"caption\":\"main image\"},{\"@type\":\"BreadcrumbList\",\"@id\":\"https:\\\/\\\/blackstonegriddles.ca\\\/product\\\/culinary-series-griddle-kit-6-pc\\\/#breadcrumb\",\"itemListElement\":[{\"@type\":\"ListItem\",\"position\":1,\"name\":\"Home\",\"item\":\"https:\\\/\\\/blackstonegriddles.ca\\\/\"},{\"@type\":\"ListItem\",\"position\":2,\"name\":\"Shop\",\"item\":\"https:\\\/\\\/blackstonegriddles.ca\\\/shop\\\/\"},{\"@type\":\"ListItem\",\"position\":3,\"name\":\"Culinary Series Griddle Kit (6 Pc)\"}]},{\"@type\":\"WebSite\",\"@id\":\"https:\\\/\\\/blackstonegriddles.ca\\\/#website\",\"url\":\"https:\\\/\\\/blackstonegriddles.ca\\\/\",\"name\":\"Blackstone Griddles Canada\",\"description\":\"Blackstone Griddles official licensed dealer Canada\",\"publisher\":{\"@id\":\"https:\\\/\\\/blackstonegriddles.ca\\\/#organization\"},\"potentialAction\":[{\"@type\":\"SearchAction\",\"target\":{\"@type\":\"EntryPoint\",\"urlTemplate\":\"https:\\\/\\\/blackstonegriddles.ca\\\/?s={search_term_string}\"},\"query-input\":{\"@type\":\"PropertyValueSpecification\",\"valueRequired\":true,\"valueName\":\"search_term_string\"}}],\"inLanguage\":\"fr-CA\"},{\"@type\":\"Organization\",\"@id\":\"https:\\\/\\\/blackstonegriddles.ca\\\/#organization\",\"name\":\"Blackstone Griddles Canada\",\"url\":\"https:\\\/\\\/blackstonegriddles.ca\\\/\",\"logo\":{\"@type\":\"ImageObject\",\"inLanguage\":\"fr-CA\",\"@id\":\"https:\\\/\\\/blackstonegriddles.ca\\\/#\\\/schema\\\/logo\\\/image\\\/\",\"url\":\"https:\\\/\\\/blackstonegriddles.ca\\\/wp-content\\\/uploads\\\/2025\\\/02\\\/blackstone-fire-logo.webp\",\"contentUrl\":\"https:\\\/\\\/blackstonegriddles.ca\\\/wp-content\\\/uploads\\\/2025\\\/02\\\/blackstone-fire-logo.webp\",\"width\":53,\"height\":58,\"caption\":\"Blackstone Griddles Canada\"},\"image\":{\"@id\":\"https:\\\/\\\/blackstonegriddles.ca\\\/#\\\/schema\\\/logo\\\/image\\\/\"},\"sameAs\":[\"https:\\\/\\\/www.facebook.com\\\/blackstoneproducts\\\/\",\"https:\\\/\\\/x.com\\\/weareblackstone\",\"https:\\\/\\\/www.instagram.com\\\/blackstoneproducts\\\/\",\"https:\\\/\\\/www.youtube.com\\\/channel\\\/UCr39rimir8y3p-q1iQYidVA\"]}]}<\/script>\n<!-- \/ Yoast SEO plugin. -->","yoast_head_json":{"title":"Kit de gril de la s\u00e9rie culinaire (6 pi\u00e8ces) - Blackstone Griddles","robots":{"index":"index","follow":"follow","max-snippet":"max-snippet:-1","max-image-preview":"max-image-preview:large","max-video-preview":"max-video-preview:-1"},"canonical":"https:\/\/blackstonegriddles.ca\/fr\/produit\/serie-culinaire-kit-de-plaques-de-cuisson-6-pieces\/","og_locale":"fr_CA","og_type":"article","og_title":"Culinary Series Griddle Kit (6 Pc) - Blackstone Griddles","og_description":"The Culinary Series 6 Piece Griddle Kit is the perfect add-on to your Blackstone cooking experience. 14-inch Stainless Steel Tongs are an ideal tool to lift delicate foods, as well as large cuts of meat. Use the 32 oz. Sauce\/Liquid Bottle to hold water or oil so you can add moisture and flavor on demand. Using these same liquids, you can cool down a hot griddle, steam veggies, and even remove cooked-on food.The Spatula Scraper is a tool that makes it easy for you to clean or remove grease off your griddle. Two professional-grade spatulas make flipping burgers, pancakes, veggies a cinch.","og_url":"https:\/\/blackstonegriddles.ca\/fr\/produit\/serie-culinaire-kit-de-plaques-de-cuisson-6-pieces\/","og_site_name":"Blackstone Griddles","article_publisher":"https:\/\/www.facebook.com\/blackstoneproducts\/","article_modified_time":"2026-04-06T18:34:23+00:00","og_image":[{"width":800,"height":800,"url":"https:\/\/blackstonegriddles.ca\/wp-content\/uploads\/2022\/03\/5322_Culinary6pcGriddleKit_01.jpg","type":"image\/jpeg"}],"twitter_card":"summary_large_image","twitter_site":"@weareblackstone","twitter_misc":{"Estimation du temps de lecture":"1 minute"},"schema":{"@context":"https:\/\/schema.org","@graph":[{"@type":"WebPage","@id":"https:\/\/blackstonegriddles.ca\/product\/culinary-series-griddle-kit-6-pc\/","url":"https:\/\/blackstonegriddles.ca\/product\/culinary-series-griddle-kit-6-pc\/","name":"Kit de gril de la s\u00e9rie culinaire (6 pi\u00e8ces) - Blackstone Griddles","isPartOf":{"@id":"https:\/\/blackstonegriddles.ca\/#website"},"primaryImageOfPage":{"@id":"https:\/\/blackstonegriddles.ca\/product\/culinary-series-griddle-kit-6-pc\/#primaryimage"},"image":{"@id":"https:\/\/blackstonegriddles.ca\/product\/culinary-series-griddle-kit-6-pc\/#primaryimage"},"thumbnailUrl":"https:\/\/blackstonegriddles.ca\/wp-content\/uploads\/2022\/03\/5322_Culinary6pcGriddleKit_01.jpg","datePublished":"2022-04-06T19:06:32+00:00","dateModified":"2026-04-06T18:34:23+00:00","breadcrumb":{"@id":"https:\/\/blackstonegriddles.ca\/product\/culinary-series-griddle-kit-6-pc\/#breadcrumb"},"inLanguage":"fr-CA","potentialAction":[{"@type":"ReadAction","target":["https:\/\/blackstonegriddles.ca\/product\/culinary-series-griddle-kit-6-pc\/"]}]},{"@type":"ImageObject","inLanguage":"fr-CA","@id":"https:\/\/blackstonegriddles.ca\/product\/culinary-series-griddle-kit-6-pc\/#primaryimage","url":"https:\/\/blackstonegriddles.ca\/wp-content\/uploads\/2022\/03\/5322_Culinary6pcGriddleKit_01.jpg","contentUrl":"https:\/\/blackstonegriddles.ca\/wp-content\/uploads\/2022\/03\/5322_Culinary6pcGriddleKit_01.jpg","width":800,"height":800,"caption":"main image"},{"@type":"BreadcrumbList","@id":"https:\/\/blackstonegriddles.ca\/product\/culinary-series-griddle-kit-6-pc\/#breadcrumb","itemListElement":[{"@type":"ListItem","position":1,"name":"Home","item":"https:\/\/blackstonegriddles.ca\/"},{"@type":"ListItem","position":2,"name":"Shop","item":"https:\/\/blackstonegriddles.ca\/shop\/"},{"@type":"ListItem","position":3,"name":"Culinary Series Griddle Kit (6 Pc)"}]},{"@type":"WebSite","@id":"https:\/\/blackstonegriddles.ca\/#website","url":"https:\/\/blackstonegriddles.ca\/","name":"Grils Blackstone Canada","description":"Blackstone Griddles distributeur officiel agr\u00e9\u00e9 Canada","publisher":{"@id":"https:\/\/blackstonegriddles.ca\/#organization"},"potentialAction":[{"@type":"SearchAction","target":{"@type":"EntryPoint","urlTemplate":"https:\/\/blackstonegriddles.ca\/?s={search_term_string}"},"query-input":{"@type":"PropertyValueSpecification","valueRequired":true,"valueName":"search_term_string"}}],"inLanguage":"fr-CA"},{"@type":"Organization","@id":"https:\/\/blackstonegriddles.ca\/#organization","name":"Grils Blackstone Canada","url":"https:\/\/blackstonegriddles.ca\/","logo":{"@type":"ImageObject","inLanguage":"fr-CA","@id":"https:\/\/blackstonegriddles.ca\/#\/schema\/logo\/image\/","url":"https:\/\/blackstonegriddles.ca\/wp-content\/uploads\/2025\/02\/blackstone-fire-logo.webp","contentUrl":"https:\/\/blackstonegriddles.ca\/wp-content\/uploads\/2025\/02\/blackstone-fire-logo.webp","width":53,"height":58,"caption":"Blackstone Griddles Canada"},"image":{"@id":"https:\/\/blackstonegriddles.ca\/#\/schema\/logo\/image\/"},"sameAs":["https:\/\/www.facebook.com\/blackstoneproducts\/","https:\/\/x.com\/weareblackstone","https:\/\/www.instagram.com\/blackstoneproducts\/","https:\/\/www.youtube.com\/channel\/UCr39rimir8y3p-q1iQYidVA"]}]}},"_links":{"self":[{"href":"https:\/\/blackstonegriddles.ca\/fr\/wp-json\/wp\/v2\/product\/25579","targetHints":{"allow":["GET"]}}],"collection":[{"href":"https:\/\/blackstonegriddles.ca\/fr\/wp-json\/wp\/v2\/product"}],"about":[{"href":"https:\/\/blackstonegriddles.ca\/fr\/wp-json\/wp\/v2\/types\/product"}],"wp:featuredmedia":[{"embeddable":true,"href":"https:\/\/blackstonegriddles.ca\/fr\/wp-json\/wp\/v2\/media\/25580"}],"wp:attachment":[{"href":"https:\/\/blackstonegriddles.ca\/fr\/wp-json\/wp\/v2\/media?parent=25579"}],"wp:term":[{"taxonomy":"product_brand","embeddable":true,"href":"https:\/\/blackstonegriddles.ca\/fr\/wp-json\/wp\/v2\/product_brand?post=25579"},{"taxonomy":"product_cat","embeddable":true,"href":"https:\/\/blackstonegriddles.ca\/fr\/wp-json\/wp\/v2\/product_cat?post=25579"},{"taxonomy":"product_tag","embeddable":true,"href":"https:\/\/blackstonegriddles.ca\/fr\/wp-json\/wp\/v2\/product_tag?post=25579"}],"curies":[{"name":"wp","href":"https:\/\/api.w.org\/{rel}","templated":true}]}}