{"id":27635,"date":"2022-07-19T20:42:26","date_gmt":"2022-07-19T20:42:26","guid":{"rendered":"https:\/\/blackstonegriddles.ca\/?post_type=product&#038;p=27635"},"modified":"2026-04-16T15:30:27","modified_gmt":"2026-04-16T15:30:27","slug":"kit-petit-dejeuner-serie-culinaire","status":"publish","type":"product","link":"https:\/\/blackstonegriddles.ca\/fr\/product\/culinary-series-breakfast-kit\/","title":{"rendered":"Kit petit-d\u00e9jeuner de la s\u00e9rie culinaire"},"content":{"rendered":"<h2 id=\"preview-overview\" class=\"SectionTitle-PDP__w60qju-0 kPNdTO preview-title\"><span style=\"font-size: 16px\">Les petits d\u00e9jeuners sont meilleurs avec le kit de petit d\u00e9jeuner culinaire Blackstone (8 pi\u00e8ces). Cuisinez des cr\u00eapes et des pancakes avec pr\u00e9cision gr\u00e2ce au distributeur de p\u00e2te et \u00e0 l'\u00e9taleur. Savourez des omelettes garnies de bacon en utilisant la presse \u00e0 griller et l'anneau de 8 pouces. Quel que soit votre style de petit-d\u00e9jeuner, ce kit contient tout ce dont vous avez besoin pour pr\u00e9parer un petit-d\u00e9jeuner rapide et facile pour toute la famille. Fabriqu\u00e9 en plastique de haute qualit\u00e9, en acier inoxydable et en fonte, vous obtenez les meilleurs outils pour de meilleurs matins. Mais ces outils ne se contentent pas de faire leur apparition dans la matin\u00e9e. Utilisez la presse \u00e0 bacon en fonte pour \u00e9craser les hamburgers, saisir les pieux ou \u00e9craser l'ail r\u00f4ti. Utilisez les anneaux \u00e0 \u0153ufs et \u00e0 omelettes pour fa\u00e7onner des galettes ou des g\u00e2teaux \u00e0 la plancha. Et bien d'autres choses encore ! Il s'agit d'un kit polyvalent et bien \u00e9quilibr\u00e9 que vous utiliserez encore et encore.<\/span><\/h2>\n<div class=\"styles__OverviewWrapper-btr0es-1 likchK overviewWrapper\">\n<div class=\"specs\">\n<ul class=\"bullets\">\n<li>Kit petit-d\u00e9jeuner pour cr\u00eapes, pancakes, \u0153ufs, bacon, etc.<\/li>\n<li>1 Anneau \u00e0 omelette (8 pouces de diam\u00e8tre, acier inoxydable, manche en caoutchouc)<\/li>\n<li>1 Distributeur de p\u00e2te \u00e0 cr\u00eapes (4 tasses ou 1 pinte)<\/li>\n<li>1 \u00c9taleur de cr\u00eapes (bois de h\u00eatre)<\/li>\n<li>4 Anneaux \u00e0 \u0153ufs (diam\u00e8tre de 4 pouces, acier inoxydable, poign\u00e9e en caoutchouc)<\/li>\n<li>1 R\u00f4tissoire et presse \u00e0 bacon en fonte pr\u00e9-assaisonn\u00e9e (poign\u00e9e en plastique r\u00e9sistant \u00e0 la chaleur)<\/li>\n<\/ul>\n<\/div>\n<\/div>","protected":false},"excerpt":{"rendered":"<div>\n<div class=\"style__MarketingBulletWrapper-PDP__urtdhc-0 cctlxU\">\n<ul class=\"bullets\">\n<li>\n<p class=\"show-more\">Kit petit-d\u00e9jeuner pour cr\u00eapes, pancakes, \u0153ufs, bacon, etc.<\/p>\n<\/li>\n<li>\n<p class=\"show-more\">1 Anneau \u00e0 omelette (8 pouces de diam\u00e8tre, acier inoxydable, manche en caoutchouc)<\/p>\n<\/li>\n<li>\n<p class=\"show-more\">1 Distributeur de p\u00e2te \u00e0 cr\u00eapes (4 tasses ou 1 pinte)<\/p>\n<\/li>\n<\/ul>\n<\/div>\n<\/div>","protected":false},"featured_media":27630,"template":"","meta":[],"product_brand":[],"product_cat":[138,262],"product_tag":[],"class_list":{"0":"post-27635","1":"product","2":"type-product","3":"status-publish","4":"has-post-thumbnail","6":"product_cat-accessories","7":"product_cat-tool-kits","8":"product_shipping_class-accessories","10":"first","11":"instock","12":"taxable","13":"shipping-taxable","14":"purchasable","15":"product-type-simple"},"yoast_head":"<!-- This site is optimized with the Yoast SEO plugin v27.4 - https:\/\/yoast.com\/product\/yoast-seo-wordpress\/ -->\n<title>Culinary Series Breakfast Kit - Blackstone Griddles<\/title>\n<meta name=\"description\" content=\"Breakfasts are better with the Blackstone culinary breakfast kit (8 pc)\" \/>\n<meta name=\"robots\" content=\"index, follow, max-snippet:-1, max-image-preview:large, max-video-preview:-1\" \/>\n<link rel=\"canonical\" href=\"https:\/\/blackstonegriddles.ca\/fr\/produit\/kit-petit-dejeuner-serie-culinaire\/\" \/>\n<meta property=\"og:locale\" content=\"fr_CA\" \/>\n<meta property=\"og:type\" content=\"article\" \/>\n<meta property=\"og:title\" content=\"Culinary Series Breakfast Kit - Blackstone Griddles\" \/>\n<meta property=\"og:description\" content=\"Breakfasts are better with the Blackstone culinary breakfast kit (8 pc)\" \/>\n<meta property=\"og:url\" content=\"https:\/\/blackstonegriddles.ca\/fr\/produit\/kit-petit-dejeuner-serie-culinaire\/\" \/>\n<meta property=\"og:site_name\" content=\"Blackstone Griddles\" \/>\n<meta property=\"article:publisher\" content=\"https:\/\/www.facebook.com\/blackstoneproducts\/\" \/>\n<meta property=\"article:modified_time\" content=\"2026-04-16T15:30:27+00:00\" \/>\n<meta property=\"og:image\" content=\"https:\/\/blackstonegriddles.ca\/wp-content\/uploads\/2022\/07\/5324_CulinaryBreakfastKit_Group_OnWhite_01.png\" \/>\n\t<meta property=\"og:image:width\" content=\"1025\" \/>\n\t<meta property=\"og:image:height\" content=\"1025\" \/>\n\t<meta property=\"og:image:type\" content=\"image\/png\" \/>\n<meta name=\"twitter:card\" content=\"summary_large_image\" \/>\n<meta name=\"twitter:site\" content=\"@weareblackstone\" \/>\n<meta name=\"twitter:label1\" content=\"Estimation du temps de lecture\" \/>\n\t<meta name=\"twitter:data1\" content=\"1 minute\" \/>\n<script type=\"application\/ld+json\" class=\"yoast-schema-graph\">{\"@context\":\"https:\\\/\\\/schema.org\",\"@graph\":[{\"@type\":\"WebPage\",\"@id\":\"https:\\\/\\\/blackstonegriddles.ca\\\/product\\\/culinary-series-breakfast-kit\\\/\",\"url\":\"https:\\\/\\\/blackstonegriddles.ca\\\/product\\\/culinary-series-breakfast-kit\\\/\",\"name\":\"Culinary Series Breakfast Kit - Blackstone Griddles\",\"isPartOf\":{\"@id\":\"https:\\\/\\\/blackstonegriddles.ca\\\/#website\"},\"primaryImageOfPage\":{\"@id\":\"https:\\\/\\\/blackstonegriddles.ca\\\/product\\\/culinary-series-breakfast-kit\\\/#primaryimage\"},\"image\":{\"@id\":\"https:\\\/\\\/blackstonegriddles.ca\\\/product\\\/culinary-series-breakfast-kit\\\/#primaryimage\"},\"thumbnailUrl\":\"https:\\\/\\\/blackstonegriddles.ca\\\/wp-content\\\/uploads\\\/2022\\\/07\\\/5324_CulinaryBreakfastKit_Group_OnWhite_01.png\",\"datePublished\":\"2022-07-19T20:42:26+00:00\",\"dateModified\":\"2026-04-16T15:30:27+00:00\",\"description\":\"Breakfasts are better with the Blackstone culinary breakfast kit (8 pc)\",\"breadcrumb\":{\"@id\":\"https:\\\/\\\/blackstonegriddles.ca\\\/product\\\/culinary-series-breakfast-kit\\\/#breadcrumb\"},\"inLanguage\":\"fr-CA\",\"potentialAction\":[{\"@type\":\"ReadAction\",\"target\":[\"https:\\\/\\\/blackstonegriddles.ca\\\/product\\\/culinary-series-breakfast-kit\\\/\"]}]},{\"@type\":\"ImageObject\",\"inLanguage\":\"fr-CA\",\"@id\":\"https:\\\/\\\/blackstonegriddles.ca\\\/product\\\/culinary-series-breakfast-kit\\\/#primaryimage\",\"url\":\"https:\\\/\\\/blackstonegriddles.ca\\\/wp-content\\\/uploads\\\/2022\\\/07\\\/5324_CulinaryBreakfastKit_Group_OnWhite_01.png\",\"contentUrl\":\"https:\\\/\\\/blackstonegriddles.ca\\\/wp-content\\\/uploads\\\/2022\\\/07\\\/5324_CulinaryBreakfastKit_Group_OnWhite_01.png\",\"width\":1025,\"height\":1025},{\"@type\":\"BreadcrumbList\",\"@id\":\"https:\\\/\\\/blackstonegriddles.ca\\\/product\\\/culinary-series-breakfast-kit\\\/#breadcrumb\",\"itemListElement\":[{\"@type\":\"ListItem\",\"position\":1,\"name\":\"Home\",\"item\":\"https:\\\/\\\/blackstonegriddles.ca\\\/\"},{\"@type\":\"ListItem\",\"position\":2,\"name\":\"Shop\",\"item\":\"https:\\\/\\\/blackstonegriddles.ca\\\/shop\\\/\"},{\"@type\":\"ListItem\",\"position\":3,\"name\":\"Culinary Series Breakfast Kit\"}]},{\"@type\":\"WebSite\",\"@id\":\"https:\\\/\\\/blackstonegriddles.ca\\\/#website\",\"url\":\"https:\\\/\\\/blackstonegriddles.ca\\\/\",\"name\":\"Blackstone Griddles Canada\",\"description\":\"Blackstone Griddles official licensed dealer Canada\",\"publisher\":{\"@id\":\"https:\\\/\\\/blackstonegriddles.ca\\\/#organization\"},\"potentialAction\":[{\"@type\":\"SearchAction\",\"target\":{\"@type\":\"EntryPoint\",\"urlTemplate\":\"https:\\\/\\\/blackstonegriddles.ca\\\/?s={search_term_string}\"},\"query-input\":{\"@type\":\"PropertyValueSpecification\",\"valueRequired\":true,\"valueName\":\"search_term_string\"}}],\"inLanguage\":\"fr-CA\"},{\"@type\":\"Organization\",\"@id\":\"https:\\\/\\\/blackstonegriddles.ca\\\/#organization\",\"name\":\"Blackstone Griddles Canada\",\"url\":\"https:\\\/\\\/blackstonegriddles.ca\\\/\",\"logo\":{\"@type\":\"ImageObject\",\"inLanguage\":\"fr-CA\",\"@id\":\"https:\\\/\\\/blackstonegriddles.ca\\\/#\\\/schema\\\/logo\\\/image\\\/\",\"url\":\"https:\\\/\\\/blackstonegriddles.ca\\\/wp-content\\\/uploads\\\/2025\\\/02\\\/blackstone-fire-logo.webp\",\"contentUrl\":\"https:\\\/\\\/blackstonegriddles.ca\\\/wp-content\\\/uploads\\\/2025\\\/02\\\/blackstone-fire-logo.webp\",\"width\":53,\"height\":58,\"caption\":\"Blackstone Griddles Canada\"},\"image\":{\"@id\":\"https:\\\/\\\/blackstonegriddles.ca\\\/#\\\/schema\\\/logo\\\/image\\\/\"},\"sameAs\":[\"https:\\\/\\\/www.facebook.com\\\/blackstoneproducts\\\/\",\"https:\\\/\\\/x.com\\\/weareblackstone\",\"https:\\\/\\\/www.instagram.com\\\/blackstoneproducts\\\/\",\"https:\\\/\\\/www.youtube.com\\\/channel\\\/UCr39rimir8y3p-q1iQYidVA\"]}]}<\/script>\n<!-- \/ Yoast SEO plugin. -->","yoast_head_json":{"title":"Kit petit-d\u00e9jeuner de la s\u00e9rie Culinary - Blackstone Griddles","description":"Les petits d\u00e9jeuners sont meilleurs avec le kit de petit d\u00e9jeuner culinaire Blackstone (8 pi\u00e8ces)","robots":{"index":"index","follow":"follow","max-snippet":"max-snippet:-1","max-image-preview":"max-image-preview:large","max-video-preview":"max-video-preview:-1"},"canonical":"https:\/\/blackstonegriddles.ca\/fr\/produit\/kit-petit-dejeuner-serie-culinaire\/","og_locale":"fr_CA","og_type":"article","og_title":"Culinary Series Breakfast Kit - Blackstone Griddles","og_description":"Breakfasts are better with the Blackstone culinary breakfast kit (8 pc)","og_url":"https:\/\/blackstonegriddles.ca\/fr\/produit\/kit-petit-dejeuner-serie-culinaire\/","og_site_name":"Blackstone Griddles","article_publisher":"https:\/\/www.facebook.com\/blackstoneproducts\/","article_modified_time":"2026-04-16T15:30:27+00:00","og_image":[{"width":1025,"height":1025,"url":"https:\/\/blackstonegriddles.ca\/wp-content\/uploads\/2022\/07\/5324_CulinaryBreakfastKit_Group_OnWhite_01.png","type":"image\/png"}],"twitter_card":"summary_large_image","twitter_site":"@weareblackstone","twitter_misc":{"Estimation du temps de lecture":"1 minute"},"schema":{"@context":"https:\/\/schema.org","@graph":[{"@type":"WebPage","@id":"https:\/\/blackstonegriddles.ca\/product\/culinary-series-breakfast-kit\/","url":"https:\/\/blackstonegriddles.ca\/product\/culinary-series-breakfast-kit\/","name":"Kit petit-d\u00e9jeuner de la s\u00e9rie Culinary - Blackstone Griddles","isPartOf":{"@id":"https:\/\/blackstonegriddles.ca\/#website"},"primaryImageOfPage":{"@id":"https:\/\/blackstonegriddles.ca\/product\/culinary-series-breakfast-kit\/#primaryimage"},"image":{"@id":"https:\/\/blackstonegriddles.ca\/product\/culinary-series-breakfast-kit\/#primaryimage"},"thumbnailUrl":"https:\/\/blackstonegriddles.ca\/wp-content\/uploads\/2022\/07\/5324_CulinaryBreakfastKit_Group_OnWhite_01.png","datePublished":"2022-07-19T20:42:26+00:00","dateModified":"2026-04-16T15:30:27+00:00","description":"Les petits d\u00e9jeuners sont meilleurs avec le kit de petit d\u00e9jeuner culinaire Blackstone (8 pi\u00e8ces)","breadcrumb":{"@id":"https:\/\/blackstonegriddles.ca\/product\/culinary-series-breakfast-kit\/#breadcrumb"},"inLanguage":"fr-CA","potentialAction":[{"@type":"ReadAction","target":["https:\/\/blackstonegriddles.ca\/product\/culinary-series-breakfast-kit\/"]}]},{"@type":"ImageObject","inLanguage":"fr-CA","@id":"https:\/\/blackstonegriddles.ca\/product\/culinary-series-breakfast-kit\/#primaryimage","url":"https:\/\/blackstonegriddles.ca\/wp-content\/uploads\/2022\/07\/5324_CulinaryBreakfastKit_Group_OnWhite_01.png","contentUrl":"https:\/\/blackstonegriddles.ca\/wp-content\/uploads\/2022\/07\/5324_CulinaryBreakfastKit_Group_OnWhite_01.png","width":1025,"height":1025},{"@type":"BreadcrumbList","@id":"https:\/\/blackstonegriddles.ca\/product\/culinary-series-breakfast-kit\/#breadcrumb","itemListElement":[{"@type":"ListItem","position":1,"name":"Home","item":"https:\/\/blackstonegriddles.ca\/"},{"@type":"ListItem","position":2,"name":"Shop","item":"https:\/\/blackstonegriddles.ca\/shop\/"},{"@type":"ListItem","position":3,"name":"Culinary Series Breakfast Kit"}]},{"@type":"WebSite","@id":"https:\/\/blackstonegriddles.ca\/#website","url":"https:\/\/blackstonegriddles.ca\/","name":"Grils Blackstone Canada","description":"Blackstone Griddles distributeur officiel agr\u00e9\u00e9 Canada","publisher":{"@id":"https:\/\/blackstonegriddles.ca\/#organization"},"potentialAction":[{"@type":"SearchAction","target":{"@type":"EntryPoint","urlTemplate":"https:\/\/blackstonegriddles.ca\/?s={search_term_string}"},"query-input":{"@type":"PropertyValueSpecification","valueRequired":true,"valueName":"search_term_string"}}],"inLanguage":"fr-CA"},{"@type":"Organization","@id":"https:\/\/blackstonegriddles.ca\/#organization","name":"Grils Blackstone Canada","url":"https:\/\/blackstonegriddles.ca\/","logo":{"@type":"ImageObject","inLanguage":"fr-CA","@id":"https:\/\/blackstonegriddles.ca\/#\/schema\/logo\/image\/","url":"https:\/\/blackstonegriddles.ca\/wp-content\/uploads\/2025\/02\/blackstone-fire-logo.webp","contentUrl":"https:\/\/blackstonegriddles.ca\/wp-content\/uploads\/2025\/02\/blackstone-fire-logo.webp","width":53,"height":58,"caption":"Blackstone Griddles Canada"},"image":{"@id":"https:\/\/blackstonegriddles.ca\/#\/schema\/logo\/image\/"},"sameAs":["https:\/\/www.facebook.com\/blackstoneproducts\/","https:\/\/x.com\/weareblackstone","https:\/\/www.instagram.com\/blackstoneproducts\/","https:\/\/www.youtube.com\/channel\/UCr39rimir8y3p-q1iQYidVA"]}]}},"_links":{"self":[{"href":"https:\/\/blackstonegriddles.ca\/fr\/wp-json\/wp\/v2\/product\/27635","targetHints":{"allow":["GET"]}}],"collection":[{"href":"https:\/\/blackstonegriddles.ca\/fr\/wp-json\/wp\/v2\/product"}],"about":[{"href":"https:\/\/blackstonegriddles.ca\/fr\/wp-json\/wp\/v2\/types\/product"}],"wp:featuredmedia":[{"embeddable":true,"href":"https:\/\/blackstonegriddles.ca\/fr\/wp-json\/wp\/v2\/media\/27630"}],"wp:attachment":[{"href":"https:\/\/blackstonegriddles.ca\/fr\/wp-json\/wp\/v2\/media?parent=27635"}],"wp:term":[{"taxonomy":"product_brand","embeddable":true,"href":"https:\/\/blackstonegriddles.ca\/fr\/wp-json\/wp\/v2\/product_brand?post=27635"},{"taxonomy":"product_cat","embeddable":true,"href":"https:\/\/blackstonegriddles.ca\/fr\/wp-json\/wp\/v2\/product_cat?post=27635"},{"taxonomy":"product_tag","embeddable":true,"href":"https:\/\/blackstonegriddles.ca\/fr\/wp-json\/wp\/v2\/product_tag?post=27635"}],"curies":[{"name":"wp","href":"https:\/\/api.w.org\/{rel}","templated":true}]}}