{"id":27636,"date":"2022-07-19T21:03:08","date_gmt":"2022-07-19T21:03:08","guid":{"rendered":"https:\/\/blackstonegriddles.ca\/?post_type=product&#038;p=27636"},"modified":"2026-05-01T18:30:37","modified_gmt":"2026-05-01T18:30:37","slug":"paquet-de-revetements-pour-gobelets-de-graisse-de-conditionneur","status":"publish","type":"product","link":"https:\/\/blackstonegriddles.ca\/fr\/product\/conditioner-grease-cup-liners-bundle\/","title":{"rendered":"Offre group\u00e9e de rev\u00eatements pour gobelets de conditionneur et de graisse"},"content":{"rendered":"<div><strong>Garnitures de bacs \u00e0 graisse arri\u00e8re - paquet de 10<\/strong><\/div>\n<div><strong>Assaisonnement pour gril et conditionneur pour fonte (15,3 onces)<\/strong><\/div>\n<ul>\n<li data-leveltext=\"\uf0b7\" data-font=\"Symbol\" data-listid=\"1\" data-aria-posinset=\"1\" data-aria-level=\"1\">Contenant de 6,5 oz<\/li>\n<li data-leveltext=\"\uf0b7\" data-font=\"Symbol\" data-listid=\"1\" data-aria-posinset=\"1\" data-aria-level=\"1\">\u00a0<span data-contrast=\"auto\">Formule 2 en 1<\/span><span data-contrast=\"auto\">\u202f<\/span><\/li>\n<li data-leveltext=\"\uf0b7\" data-font=\"Symbol\" data-listid=\"1\" data-aria-posinset=\"2\" data-aria-level=\"1\">\u00a0<span data-contrast=\"auto\">Pour assaisonner la plancha avant de l'utiliser<\/span><span data-contrast=\"auto\">\u202f<\/span><\/li>\n<li data-leveltext=\"\uf0b7\" data-font=\"Symbol\" data-listid=\"1\" data-aria-posinset=\"3\" data-aria-level=\"1\">\u00a0<span data-contrast=\"auto\">Prot\u00e8ge votre plaque de cuisson<\/span><span data-contrast=\"auto\">De<\/span><span data-contrast=\"auto\">Usure et d\u00e9t\u00e9rioration<\/span><span data-contrast=\"auto\">\u202f<\/span><\/li>\n<li data-leveltext=\"\uf0b7\" data-font=\"Symbol\" data-listid=\"1\" data-aria-posinset=\"1\" data-aria-level=\"1\">\u00a0<span data-contrast=\"auto\">Ajoutez \u00e0 votre proc\u00e9d\u00e9 d'assaisonnement favori pour am\u00e9liorer les r\u00e9sultats<\/span><\/li>\n<\/ul>\n<p><b><span data-contrast=\"auto\">Directions :<\/span><\/b><\/p>\n<ol>\n<li data-leveltext=\"%1.\" data-font=\"Calibri\" data-listid=\"2\" data-aria-posinset=\"1\" data-aria-level=\"1\"><span data-contrast=\"auto\">Nettoyage de la surface<\/span><\/li>\n<li data-leveltext=\"%1.\" data-font=\"Calibri\" data-listid=\"2\" data-aria-posinset=\"2\" data-aria-level=\"1\"><span data-contrast=\"auto\">Pr\u00e9chauffer le gril ou la fonte<\/span><\/li>\n<li data-leveltext=\"%1.\" data-font=\"Calibri\" data-listid=\"2\" data-aria-posinset=\"3\" data-aria-level=\"1\"><span data-contrast=\"auto\">Pr\u00e9lever l'assaisonnement pour gril et l'appliquer sur la surface.<\/span><\/li>\n<li data-leveltext=\"%1.\" data-font=\"Calibri\" data-listid=\"2\" data-aria-posinset=\"4\" data-aria-level=\"1\"><span data-contrast=\"auto\">\u00c9tendre uniform\u00e9ment l'assaisonnement pour gril<\/span><\/li>\n<li data-leveltext=\"%1.\" data-font=\"Calibri\" data-listid=\"2\" data-aria-posinset=\"5\" data-aria-level=\"1\"><span data-contrast=\"auto\">Laisser l'assaisonnement br\u00fbler (fumer)<\/span><\/li>\n<li data-leveltext=\"%1.\" data-font=\"Calibri\" data-listid=\"2\" data-aria-posinset=\"6\" data-aria-level=\"1\"><span data-contrast=\"auto\">R\u00e9p\u00e9ter les \u00e9tapes 3 \u00e0 5 (au moins 3 fois)<\/span><\/li>\n<li data-leveltext=\"%1.\" data-font=\"Calibri\" data-listid=\"2\" data-aria-posinset=\"7\" data-aria-level=\"1\"><span data-contrast=\"auto\">Commencez \u00e0 cuisiner !<\/span><\/li>\n<li data-leveltext=\"%1.\" data-font=\"Calibri\" data-listid=\"2\" data-aria-posinset=\"8\" data-aria-level=\"1\"><span data-contrast=\"auto\">Pour maintenir l'assaisonnement, appliquer une fine couche apr\u00e8s chaque utilisation ou apr\u00e8s le nettoyage.<\/span><\/li>\n<\/ol>\n<p><strong>Attention -\u00a0<\/strong>Les mat\u00e9riaux imbib\u00e9s d'huile peuvent provoquer une combustion spontan\u00e9e (incendie). \u00c9liminez correctement les chiffons\/serviettes imbib\u00e9s d'huile.<\/p>","protected":false},"excerpt":{"rendered":"<p data-start=\"174\" data-end=\"364\">Regroupez et \u00e9conomisez sur deux des accessoires Blackstone les plus essentiels. Ce kit combine un assaisonnement pour plancha et des doublures de bac \u00e0 graisse pour vous aider \u00e0 maintenir une surface de cuisson propre et bien prot\u00e9g\u00e9e.<\/p>\n<p data-start=\"366\" data-end=\"592\">L'assaisonnement et le conditionneur aident \u00e0 construire et \u00e0 maintenir une surface antiadh\u00e9sive tout en prot\u00e9geant votre plaque de toute usure. Associ\u00e9 aux doublures de bac \u00e0 graisse pour un nettoyage facile, cet ensemble favorise \u00e0 la fois la performance et la maintenance.<\/p>","protected":false},"featured_media":27637,"template":"","meta":[],"product_brand":[],"product_cat":[138,263,265],"product_tag":[],"class_list":{"0":"post-27636","1":"product","2":"type-product","3":"status-publish","4":"has-post-thumbnail","6":"product_cat-accessories","7":"product_cat-conditioners-cleaning","8":"product_cat-essential-extras","9":"product_shipping_class-accessories","11":"first","12":"instock","13":"taxable","14":"shipping-taxable","15":"purchasable","16":"product-type-simple"},"yoast_head":"<!-- This site is optimized with the Yoast SEO plugin v27.5 - https:\/\/yoast.com\/product\/yoast-seo-wordpress\/ -->\n<title>Conditioner &amp; Grease Cup Liners Bundle - Blackstone Griddles<\/title>\n<meta name=\"description\" content=\"Bundle and save on the two most frequently bought Blackstone accessories: cast iron seasoning and conditioner and rear grease cup liners.\" \/>\n<meta name=\"robots\" content=\"index, follow, max-snippet:-1, max-image-preview:large, max-video-preview:-1\" \/>\n<link rel=\"canonical\" href=\"https:\/\/blackstonegriddles.ca\/fr\/produit\/paquet-de-revetements-pour-gobelets-de-graisse-de-conditionneur\/\" \/>\n<meta property=\"og:locale\" content=\"fr_CA\" \/>\n<meta property=\"og:type\" content=\"article\" \/>\n<meta property=\"og:title\" content=\"Conditioner &amp; Grease Cup Liners Bundle - Blackstone Griddles\" \/>\n<meta property=\"og:description\" content=\"Bundle and save on the two most frequently bought Blackstone accessories: cast iron seasoning and conditioner and rear grease cup liners.\" \/>\n<meta property=\"og:url\" content=\"https:\/\/blackstonegriddles.ca\/fr\/produit\/paquet-de-revetements-pour-gobelets-de-graisse-de-conditionneur\/\" \/>\n<meta property=\"og:site_name\" content=\"Blackstone Griddles\" \/>\n<meta property=\"article:publisher\" content=\"https:\/\/www.facebook.com\/blackstoneproducts\/\" \/>\n<meta property=\"article:modified_time\" content=\"2026-05-01T18:30:37+00:00\" \/>\n<meta property=\"og:image\" content=\"https:\/\/blackstonegriddles.ca\/wp-content\/uploads\/2022\/07\/5718_1024x1024.jpg\" \/>\n\t<meta property=\"og:image:width\" content=\"720\" \/>\n\t<meta property=\"og:image:height\" content=\"720\" \/>\n\t<meta property=\"og:image:type\" content=\"image\/jpeg\" \/>\n<meta name=\"twitter:card\" content=\"summary_large_image\" \/>\n<meta name=\"twitter:site\" content=\"@weareblackstone\" \/>\n<meta name=\"twitter:label1\" content=\"Estimation du temps de lecture\" \/>\n\t<meta name=\"twitter:data1\" content=\"1 minute\" \/>\n<script type=\"application\/ld+json\" class=\"yoast-schema-graph\">{\"@context\":\"https:\\\/\\\/schema.org\",\"@graph\":[{\"@type\":\"WebPage\",\"@id\":\"https:\\\/\\\/blackstonegriddles.ca\\\/product\\\/conditioner-grease-cup-liners-bundle\\\/\",\"url\":\"https:\\\/\\\/blackstonegriddles.ca\\\/product\\\/conditioner-grease-cup-liners-bundle\\\/\",\"name\":\"Conditioner &amp; Grease Cup Liners Bundle - Blackstone Griddles\",\"isPartOf\":{\"@id\":\"https:\\\/\\\/blackstonegriddles.ca\\\/#website\"},\"primaryImageOfPage\":{\"@id\":\"https:\\\/\\\/blackstonegriddles.ca\\\/product\\\/conditioner-grease-cup-liners-bundle\\\/#primaryimage\"},\"image\":{\"@id\":\"https:\\\/\\\/blackstonegriddles.ca\\\/product\\\/conditioner-grease-cup-liners-bundle\\\/#primaryimage\"},\"thumbnailUrl\":\"https:\\\/\\\/blackstonegriddles.ca\\\/wp-content\\\/uploads\\\/2022\\\/07\\\/5718_1024x1024.jpg\",\"datePublished\":\"2022-07-19T21:03:08+00:00\",\"dateModified\":\"2026-05-01T18:30:37+00:00\",\"description\":\"Bundle and save on the two most frequently bought Blackstone accessories: cast iron seasoning and conditioner and rear grease cup liners.\",\"breadcrumb\":{\"@id\":\"https:\\\/\\\/blackstonegriddles.ca\\\/product\\\/conditioner-grease-cup-liners-bundle\\\/#breadcrumb\"},\"inLanguage\":\"fr-CA\",\"potentialAction\":[{\"@type\":\"ReadAction\",\"target\":[\"https:\\\/\\\/blackstonegriddles.ca\\\/product\\\/conditioner-grease-cup-liners-bundle\\\/\"]}]},{\"@type\":\"ImageObject\",\"inLanguage\":\"fr-CA\",\"@id\":\"https:\\\/\\\/blackstonegriddles.ca\\\/product\\\/conditioner-grease-cup-liners-bundle\\\/#primaryimage\",\"url\":\"https:\\\/\\\/blackstonegriddles.ca\\\/wp-content\\\/uploads\\\/2022\\\/07\\\/5718_1024x1024.jpg\",\"contentUrl\":\"https:\\\/\\\/blackstonegriddles.ca\\\/wp-content\\\/uploads\\\/2022\\\/07\\\/5718_1024x1024.jpg\",\"width\":720,\"height\":720},{\"@type\":\"BreadcrumbList\",\"@id\":\"https:\\\/\\\/blackstonegriddles.ca\\\/product\\\/conditioner-grease-cup-liners-bundle\\\/#breadcrumb\",\"itemListElement\":[{\"@type\":\"ListItem\",\"position\":1,\"name\":\"Home\",\"item\":\"https:\\\/\\\/blackstonegriddles.ca\\\/\"},{\"@type\":\"ListItem\",\"position\":2,\"name\":\"Shop\",\"item\":\"https:\\\/\\\/blackstonegriddles.ca\\\/shop\\\/\"},{\"@type\":\"ListItem\",\"position\":3,\"name\":\"Conditioner &amp; Grease Cup Liners Bundle\"}]},{\"@type\":\"WebSite\",\"@id\":\"https:\\\/\\\/blackstonegriddles.ca\\\/#website\",\"url\":\"https:\\\/\\\/blackstonegriddles.ca\\\/\",\"name\":\"Blackstone Griddles Canada\",\"description\":\"Blackstone Griddles official licensed dealer Canada\",\"publisher\":{\"@id\":\"https:\\\/\\\/blackstonegriddles.ca\\\/#organization\"},\"potentialAction\":[{\"@type\":\"SearchAction\",\"target\":{\"@type\":\"EntryPoint\",\"urlTemplate\":\"https:\\\/\\\/blackstonegriddles.ca\\\/?s={search_term_string}\"},\"query-input\":{\"@type\":\"PropertyValueSpecification\",\"valueRequired\":true,\"valueName\":\"search_term_string\"}}],\"inLanguage\":\"fr-CA\"},{\"@type\":\"Organization\",\"@id\":\"https:\\\/\\\/blackstonegriddles.ca\\\/#organization\",\"name\":\"Blackstone Griddles Canada\",\"url\":\"https:\\\/\\\/blackstonegriddles.ca\\\/\",\"logo\":{\"@type\":\"ImageObject\",\"inLanguage\":\"fr-CA\",\"@id\":\"https:\\\/\\\/blackstonegriddles.ca\\\/#\\\/schema\\\/logo\\\/image\\\/\",\"url\":\"https:\\\/\\\/blackstonegriddles.ca\\\/wp-content\\\/uploads\\\/2025\\\/02\\\/blackstone-fire-logo.webp\",\"contentUrl\":\"https:\\\/\\\/blackstonegriddles.ca\\\/wp-content\\\/uploads\\\/2025\\\/02\\\/blackstone-fire-logo.webp\",\"width\":53,\"height\":58,\"caption\":\"Blackstone Griddles Canada\"},\"image\":{\"@id\":\"https:\\\/\\\/blackstonegriddles.ca\\\/#\\\/schema\\\/logo\\\/image\\\/\"},\"sameAs\":[\"https:\\\/\\\/www.facebook.com\\\/blackstoneproducts\\\/\",\"https:\\\/\\\/x.com\\\/weareblackstone\",\"https:\\\/\\\/www.instagram.com\\\/blackstoneproducts\\\/\",\"https:\\\/\\\/www.youtube.com\\\/channel\\\/UCr39rimir8y3p-q1iQYidVA\"]}]}<\/script>\n<!-- \/ Yoast SEO plugin. -->","yoast_head_json":{"title":"Ensemble de rev\u00eatements de conditionneurs et de tasses \u00e0 graisse - Blackstone Griddles","description":"Regroupez et \u00e9conomisez sur les deux accessoires Blackstone les plus fr\u00e9quemment achet\u00e9s : l'assaisonnement et le conditionneur pour fonte et les rev\u00eatements pour bacs \u00e0 graisse arri\u00e8re.","robots":{"index":"index","follow":"follow","max-snippet":"max-snippet:-1","max-image-preview":"max-image-preview:large","max-video-preview":"max-video-preview:-1"},"canonical":"https:\/\/blackstonegriddles.ca\/fr\/produit\/paquet-de-revetements-pour-gobelets-de-graisse-de-conditionneur\/","og_locale":"fr_CA","og_type":"article","og_title":"Conditioner &amp; Grease Cup Liners Bundle - Blackstone Griddles","og_description":"Bundle and save on the two most frequently bought Blackstone accessories: cast iron seasoning and conditioner and rear grease cup liners.","og_url":"https:\/\/blackstonegriddles.ca\/fr\/produit\/paquet-de-revetements-pour-gobelets-de-graisse-de-conditionneur\/","og_site_name":"Blackstone Griddles","article_publisher":"https:\/\/www.facebook.com\/blackstoneproducts\/","article_modified_time":"2026-05-01T18:30:37+00:00","og_image":[{"width":720,"height":720,"url":"https:\/\/blackstonegriddles.ca\/wp-content\/uploads\/2022\/07\/5718_1024x1024.jpg","type":"image\/jpeg"}],"twitter_card":"summary_large_image","twitter_site":"@weareblackstone","twitter_misc":{"Estimation du temps de lecture":"1 minute"},"schema":{"@context":"https:\/\/schema.org","@graph":[{"@type":"WebPage","@id":"https:\/\/blackstonegriddles.ca\/product\/conditioner-grease-cup-liners-bundle\/","url":"https:\/\/blackstonegriddles.ca\/product\/conditioner-grease-cup-liners-bundle\/","name":"Ensemble de rev\u00eatements de conditionneurs et de tasses \u00e0 graisse - Blackstone Griddles","isPartOf":{"@id":"https:\/\/blackstonegriddles.ca\/#website"},"primaryImageOfPage":{"@id":"https:\/\/blackstonegriddles.ca\/product\/conditioner-grease-cup-liners-bundle\/#primaryimage"},"image":{"@id":"https:\/\/blackstonegriddles.ca\/product\/conditioner-grease-cup-liners-bundle\/#primaryimage"},"thumbnailUrl":"https:\/\/blackstonegriddles.ca\/wp-content\/uploads\/2022\/07\/5718_1024x1024.jpg","datePublished":"2022-07-19T21:03:08+00:00","dateModified":"2026-05-01T18:30:37+00:00","description":"Regroupez et \u00e9conomisez sur les deux accessoires Blackstone les plus fr\u00e9quemment achet\u00e9s : l'assaisonnement et le conditionneur pour fonte et les rev\u00eatements pour bacs \u00e0 graisse arri\u00e8re.","breadcrumb":{"@id":"https:\/\/blackstonegriddles.ca\/product\/conditioner-grease-cup-liners-bundle\/#breadcrumb"},"inLanguage":"fr-CA","potentialAction":[{"@type":"ReadAction","target":["https:\/\/blackstonegriddles.ca\/product\/conditioner-grease-cup-liners-bundle\/"]}]},{"@type":"ImageObject","inLanguage":"fr-CA","@id":"https:\/\/blackstonegriddles.ca\/product\/conditioner-grease-cup-liners-bundle\/#primaryimage","url":"https:\/\/blackstonegriddles.ca\/wp-content\/uploads\/2022\/07\/5718_1024x1024.jpg","contentUrl":"https:\/\/blackstonegriddles.ca\/wp-content\/uploads\/2022\/07\/5718_1024x1024.jpg","width":720,"height":720},{"@type":"BreadcrumbList","@id":"https:\/\/blackstonegriddles.ca\/product\/conditioner-grease-cup-liners-bundle\/#breadcrumb","itemListElement":[{"@type":"ListItem","position":1,"name":"Home","item":"https:\/\/blackstonegriddles.ca\/"},{"@type":"ListItem","position":2,"name":"Shop","item":"https:\/\/blackstonegriddles.ca\/shop\/"},{"@type":"ListItem","position":3,"name":"Conditioner &amp; Grease Cup Liners Bundle"}]},{"@type":"WebSite","@id":"https:\/\/blackstonegriddles.ca\/#website","url":"https:\/\/blackstonegriddles.ca\/","name":"Grils Blackstone Canada","description":"Blackstone Griddles distributeur officiel agr\u00e9\u00e9 Canada","publisher":{"@id":"https:\/\/blackstonegriddles.ca\/#organization"},"potentialAction":[{"@type":"SearchAction","target":{"@type":"EntryPoint","urlTemplate":"https:\/\/blackstonegriddles.ca\/?s={search_term_string}"},"query-input":{"@type":"PropertyValueSpecification","valueRequired":true,"valueName":"search_term_string"}}],"inLanguage":"fr-CA"},{"@type":"Organization","@id":"https:\/\/blackstonegriddles.ca\/#organization","name":"Grils Blackstone Canada","url":"https:\/\/blackstonegriddles.ca\/","logo":{"@type":"ImageObject","inLanguage":"fr-CA","@id":"https:\/\/blackstonegriddles.ca\/#\/schema\/logo\/image\/","url":"https:\/\/blackstonegriddles.ca\/wp-content\/uploads\/2025\/02\/blackstone-fire-logo.webp","contentUrl":"https:\/\/blackstonegriddles.ca\/wp-content\/uploads\/2025\/02\/blackstone-fire-logo.webp","width":53,"height":58,"caption":"Blackstone Griddles Canada"},"image":{"@id":"https:\/\/blackstonegriddles.ca\/#\/schema\/logo\/image\/"},"sameAs":["https:\/\/www.facebook.com\/blackstoneproducts\/","https:\/\/x.com\/weareblackstone","https:\/\/www.instagram.com\/blackstoneproducts\/","https:\/\/www.youtube.com\/channel\/UCr39rimir8y3p-q1iQYidVA"]}]}},"_links":{"self":[{"href":"https:\/\/blackstonegriddles.ca\/fr\/wp-json\/wp\/v2\/product\/27636","targetHints":{"allow":["GET"]}}],"collection":[{"href":"https:\/\/blackstonegriddles.ca\/fr\/wp-json\/wp\/v2\/product"}],"about":[{"href":"https:\/\/blackstonegriddles.ca\/fr\/wp-json\/wp\/v2\/types\/product"}],"wp:featuredmedia":[{"embeddable":true,"href":"https:\/\/blackstonegriddles.ca\/fr\/wp-json\/wp\/v2\/media\/27637"}],"wp:attachment":[{"href":"https:\/\/blackstonegriddles.ca\/fr\/wp-json\/wp\/v2\/media?parent=27636"}],"wp:term":[{"taxonomy":"product_brand","embeddable":true,"href":"https:\/\/blackstonegriddles.ca\/fr\/wp-json\/wp\/v2\/product_brand?post=27636"},{"taxonomy":"product_cat","embeddable":true,"href":"https:\/\/blackstonegriddles.ca\/fr\/wp-json\/wp\/v2\/product_cat?post=27636"},{"taxonomy":"product_tag","embeddable":true,"href":"https:\/\/blackstonegriddles.ca\/fr\/wp-json\/wp\/v2\/product_tag?post=27636"}],"curies":[{"name":"wp","href":"https:\/\/api.w.org\/{rel}","templated":true}]}}