{"id":28208,"date":"2022-09-01T15:12:54","date_gmt":"2022-09-01T15:12:54","guid":{"rendered":"https:\/\/blackstonegriddles.ca\/?post_type=product&#038;p=28208"},"modified":"2026-05-01T14:30:32","modified_gmt":"2026-05-01T14:30:32","slug":"manchon-pour-bouteille-de-propane-de-20lb","status":"publish","type":"product","link":"https:\/\/blackstonegriddles.ca\/fr\/product\/20lb-propane-bottle-sleeve\/","title":{"rendered":"Manchon pour bouteille de propane de 20 lb"},"content":{"rendered":"<p>Manchon pour r\u00e9servoir de propane<\/p>","protected":false},"excerpt":{"rendered":"<p><span class=\"NormalTextRun BCX0 SCXW88843647\">Coiffez et prot\u00e9gez votre\u00a0<\/span><span class=\"FindHit BCX0 SCXW88843647\">propane<\/span><span class=\"NormalTextRun BCX0 SCXW88843647\">\u00a0avec ce r\u00e9servoir Blackstone\u00a0<\/span><span class=\"FindHit BCX0 SCXW88843647\">Propane<\/span><span class=\"NormalTextRun BCX0 SCXW88843647\">\u00a0Couvercle de r\u00e9servoir.\u00a0<\/span>Couverture souple pour une bouteille de propane de 20LB<strong>NOTE :\u00a0<\/strong>Vendu \u00e0 l'unit\u00e9. R\u00e9servoir non inclus<\/p>","protected":false},"featured_media":28209,"template":"","meta":[],"product_brand":[],"product_cat":[138,137,265],"product_tag":[],"class_list":{"0":"post-28208","1":"product","2":"type-product","3":"status-publish","4":"has-post-thumbnail","6":"product_cat-accessories","7":"product_cat-covers-and-carry-bags","8":"product_cat-essential-extras","9":"product_shipping_class-accessories","11":"first","12":"instock","13":"taxable","14":"shipping-taxable","15":"purchasable","16":"product-type-simple"},"yoast_head":"<!-- This site is optimized with the Yoast SEO plugin v27.5 - https:\/\/yoast.com\/product\/yoast-seo-wordpress\/ -->\n<title>20lb Propane Bottle Sleeve - Blackstone Griddles<\/title>\n<meta name=\"description\" content=\"Style up and protect your\u00a0propane\u00a0tank with this Blackstone\u00a0Propane\u00a0Tank Cover.\u00a0\" \/>\n<meta name=\"robots\" content=\"index, follow, max-snippet:-1, max-image-preview:large, max-video-preview:-1\" \/>\n<link rel=\"canonical\" href=\"https:\/\/blackstonegriddles.ca\/fr\/produit\/manchon-pour-bouteille-de-propane-de-20lb\/\" \/>\n<meta property=\"og:locale\" content=\"fr_CA\" \/>\n<meta property=\"og:type\" content=\"article\" \/>\n<meta property=\"og:title\" content=\"20lb Propane Bottle Sleeve - Blackstone Griddles\" \/>\n<meta property=\"og:description\" content=\"Style up and protect your\u00a0propane\u00a0tank with this Blackstone\u00a0Propane\u00a0Tank Cover.\u00a0\" \/>\n<meta property=\"og:url\" content=\"https:\/\/blackstonegriddles.ca\/fr\/produit\/manchon-pour-bouteille-de-propane-de-20lb\/\" \/>\n<meta property=\"og:site_name\" content=\"Blackstone Griddles\" \/>\n<meta property=\"article:publisher\" content=\"https:\/\/www.facebook.com\/blackstoneproducts\/\" \/>\n<meta property=\"article:modified_time\" content=\"2026-05-01T14:30:32+00:00\" \/>\n<meta property=\"og:image\" content=\"https:\/\/blackstonegriddles.ca\/wp-content\/uploads\/2022\/08\/TankCover_2_f2adee4d-0428-4a8e-a-1.jpg\" \/>\n\t<meta property=\"og:image:width\" content=\"625\" \/>\n\t<meta property=\"og:image:height\" content=\"624\" \/>\n\t<meta property=\"og:image:type\" content=\"image\/jpeg\" \/>\n<meta name=\"twitter:card\" content=\"summary_large_image\" \/>\n<meta name=\"twitter:site\" content=\"@weareblackstone\" \/>\n<meta name=\"twitter:label1\" content=\"Estimation du temps de lecture\" \/>\n\t<meta name=\"twitter:data1\" content=\"1 minute\" \/>\n<script type=\"application\/ld+json\" class=\"yoast-schema-graph\">{\"@context\":\"https:\\\/\\\/schema.org\",\"@graph\":[{\"@type\":\"WebPage\",\"@id\":\"https:\\\/\\\/blackstonegriddles.ca\\\/product\\\/20lb-propane-bottle-sleeve\\\/\",\"url\":\"https:\\\/\\\/blackstonegriddles.ca\\\/product\\\/20lb-propane-bottle-sleeve\\\/\",\"name\":\"20lb Propane Bottle Sleeve - Blackstone Griddles\",\"isPartOf\":{\"@id\":\"https:\\\/\\\/blackstonegriddles.ca\\\/#website\"},\"primaryImageOfPage\":{\"@id\":\"https:\\\/\\\/blackstonegriddles.ca\\\/product\\\/20lb-propane-bottle-sleeve\\\/#primaryimage\"},\"image\":{\"@id\":\"https:\\\/\\\/blackstonegriddles.ca\\\/product\\\/20lb-propane-bottle-sleeve\\\/#primaryimage\"},\"thumbnailUrl\":\"https:\\\/\\\/blackstonegriddles.ca\\\/wp-content\\\/uploads\\\/2022\\\/08\\\/TankCover_2_f2adee4d-0428-4a8e-a-1.jpg\",\"datePublished\":\"2022-09-01T15:12:54+00:00\",\"dateModified\":\"2026-05-01T14:30:32+00:00\",\"description\":\"Style up and protect your\u00a0propane\u00a0tank with this Blackstone\u00a0Propane\u00a0Tank Cover.\u00a0\",\"breadcrumb\":{\"@id\":\"https:\\\/\\\/blackstonegriddles.ca\\\/product\\\/20lb-propane-bottle-sleeve\\\/#breadcrumb\"},\"inLanguage\":\"fr-CA\",\"potentialAction\":[{\"@type\":\"ReadAction\",\"target\":[\"https:\\\/\\\/blackstonegriddles.ca\\\/product\\\/20lb-propane-bottle-sleeve\\\/\"]}]},{\"@type\":\"ImageObject\",\"inLanguage\":\"fr-CA\",\"@id\":\"https:\\\/\\\/blackstonegriddles.ca\\\/product\\\/20lb-propane-bottle-sleeve\\\/#primaryimage\",\"url\":\"https:\\\/\\\/blackstonegriddles.ca\\\/wp-content\\\/uploads\\\/2022\\\/08\\\/TankCover_2_f2adee4d-0428-4a8e-a-1.jpg\",\"contentUrl\":\"https:\\\/\\\/blackstonegriddles.ca\\\/wp-content\\\/uploads\\\/2022\\\/08\\\/TankCover_2_f2adee4d-0428-4a8e-a-1.jpg\",\"width\":625,\"height\":624,\"caption\":\"Tank with cover\"},{\"@type\":\"BreadcrumbList\",\"@id\":\"https:\\\/\\\/blackstonegriddles.ca\\\/product\\\/20lb-propane-bottle-sleeve\\\/#breadcrumb\",\"itemListElement\":[{\"@type\":\"ListItem\",\"position\":1,\"name\":\"Home\",\"item\":\"https:\\\/\\\/blackstonegriddles.ca\\\/\"},{\"@type\":\"ListItem\",\"position\":2,\"name\":\"Shop\",\"item\":\"https:\\\/\\\/blackstonegriddles.ca\\\/shop\\\/\"},{\"@type\":\"ListItem\",\"position\":3,\"name\":\"20lb Propane Bottle Sleeve\"}]},{\"@type\":\"WebSite\",\"@id\":\"https:\\\/\\\/blackstonegriddles.ca\\\/#website\",\"url\":\"https:\\\/\\\/blackstonegriddles.ca\\\/\",\"name\":\"Blackstone Griddles Canada\",\"description\":\"Blackstone Griddles official licensed dealer Canada\",\"publisher\":{\"@id\":\"https:\\\/\\\/blackstonegriddles.ca\\\/#organization\"},\"potentialAction\":[{\"@type\":\"SearchAction\",\"target\":{\"@type\":\"EntryPoint\",\"urlTemplate\":\"https:\\\/\\\/blackstonegriddles.ca\\\/?s={search_term_string}\"},\"query-input\":{\"@type\":\"PropertyValueSpecification\",\"valueRequired\":true,\"valueName\":\"search_term_string\"}}],\"inLanguage\":\"fr-CA\"},{\"@type\":\"Organization\",\"@id\":\"https:\\\/\\\/blackstonegriddles.ca\\\/#organization\",\"name\":\"Blackstone Griddles Canada\",\"url\":\"https:\\\/\\\/blackstonegriddles.ca\\\/\",\"logo\":{\"@type\":\"ImageObject\",\"inLanguage\":\"fr-CA\",\"@id\":\"https:\\\/\\\/blackstonegriddles.ca\\\/#\\\/schema\\\/logo\\\/image\\\/\",\"url\":\"https:\\\/\\\/blackstonegriddles.ca\\\/wp-content\\\/uploads\\\/2025\\\/02\\\/blackstone-fire-logo.webp\",\"contentUrl\":\"https:\\\/\\\/blackstonegriddles.ca\\\/wp-content\\\/uploads\\\/2025\\\/02\\\/blackstone-fire-logo.webp\",\"width\":53,\"height\":58,\"caption\":\"Blackstone Griddles Canada\"},\"image\":{\"@id\":\"https:\\\/\\\/blackstonegriddles.ca\\\/#\\\/schema\\\/logo\\\/image\\\/\"},\"sameAs\":[\"https:\\\/\\\/www.facebook.com\\\/blackstoneproducts\\\/\",\"https:\\\/\\\/x.com\\\/weareblackstone\",\"https:\\\/\\\/www.instagram.com\\\/blackstoneproducts\\\/\",\"https:\\\/\\\/www.youtube.com\\\/channel\\\/UCr39rimir8y3p-q1iQYidVA\"]}]}<\/script>\n<!-- \/ Yoast SEO plugin. -->","yoast_head_json":{"title":"Manchon pour bouteille de propane de 20 lb - Blackstone Griddles","description":"Prot\u00e9gez votre r\u00e9servoir de propane avec cette housse de r\u00e9servoir de propane Blackstone.\u00a0","robots":{"index":"index","follow":"follow","max-snippet":"max-snippet:-1","max-image-preview":"max-image-preview:large","max-video-preview":"max-video-preview:-1"},"canonical":"https:\/\/blackstonegriddles.ca\/fr\/produit\/manchon-pour-bouteille-de-propane-de-20lb\/","og_locale":"fr_CA","og_type":"article","og_title":"20lb Propane Bottle Sleeve - Blackstone Griddles","og_description":"Style up and protect your\u00a0propane\u00a0tank with this Blackstone\u00a0Propane\u00a0Tank Cover.\u00a0","og_url":"https:\/\/blackstonegriddles.ca\/fr\/produit\/manchon-pour-bouteille-de-propane-de-20lb\/","og_site_name":"Blackstone Griddles","article_publisher":"https:\/\/www.facebook.com\/blackstoneproducts\/","article_modified_time":"2026-05-01T14:30:32+00:00","og_image":[{"width":625,"height":624,"url":"https:\/\/blackstonegriddles.ca\/wp-content\/uploads\/2022\/08\/TankCover_2_f2adee4d-0428-4a8e-a-1.jpg","type":"image\/jpeg"}],"twitter_card":"summary_large_image","twitter_site":"@weareblackstone","twitter_misc":{"Estimation du temps de lecture":"1 minute"},"schema":{"@context":"https:\/\/schema.org","@graph":[{"@type":"WebPage","@id":"https:\/\/blackstonegriddles.ca\/product\/20lb-propane-bottle-sleeve\/","url":"https:\/\/blackstonegriddles.ca\/product\/20lb-propane-bottle-sleeve\/","name":"Manchon pour bouteille de propane de 20 lb - Blackstone Griddles","isPartOf":{"@id":"https:\/\/blackstonegriddles.ca\/#website"},"primaryImageOfPage":{"@id":"https:\/\/blackstonegriddles.ca\/product\/20lb-propane-bottle-sleeve\/#primaryimage"},"image":{"@id":"https:\/\/blackstonegriddles.ca\/product\/20lb-propane-bottle-sleeve\/#primaryimage"},"thumbnailUrl":"https:\/\/blackstonegriddles.ca\/wp-content\/uploads\/2022\/08\/TankCover_2_f2adee4d-0428-4a8e-a-1.jpg","datePublished":"2022-09-01T15:12:54+00:00","dateModified":"2026-05-01T14:30:32+00:00","description":"Prot\u00e9gez votre r\u00e9servoir de propane avec cette housse de r\u00e9servoir de propane Blackstone.\u00a0","breadcrumb":{"@id":"https:\/\/blackstonegriddles.ca\/product\/20lb-propane-bottle-sleeve\/#breadcrumb"},"inLanguage":"fr-CA","potentialAction":[{"@type":"ReadAction","target":["https:\/\/blackstonegriddles.ca\/product\/20lb-propane-bottle-sleeve\/"]}]},{"@type":"ImageObject","inLanguage":"fr-CA","@id":"https:\/\/blackstonegriddles.ca\/product\/20lb-propane-bottle-sleeve\/#primaryimage","url":"https:\/\/blackstonegriddles.ca\/wp-content\/uploads\/2022\/08\/TankCover_2_f2adee4d-0428-4a8e-a-1.jpg","contentUrl":"https:\/\/blackstonegriddles.ca\/wp-content\/uploads\/2022\/08\/TankCover_2_f2adee4d-0428-4a8e-a-1.jpg","width":625,"height":624,"caption":"Tank with cover"},{"@type":"BreadcrumbList","@id":"https:\/\/blackstonegriddles.ca\/product\/20lb-propane-bottle-sleeve\/#breadcrumb","itemListElement":[{"@type":"ListItem","position":1,"name":"Home","item":"https:\/\/blackstonegriddles.ca\/"},{"@type":"ListItem","position":2,"name":"Shop","item":"https:\/\/blackstonegriddles.ca\/shop\/"},{"@type":"ListItem","position":3,"name":"20lb Propane Bottle Sleeve"}]},{"@type":"WebSite","@id":"https:\/\/blackstonegriddles.ca\/#website","url":"https:\/\/blackstonegriddles.ca\/","name":"Grils Blackstone Canada","description":"Blackstone Griddles distributeur officiel agr\u00e9\u00e9 Canada","publisher":{"@id":"https:\/\/blackstonegriddles.ca\/#organization"},"potentialAction":[{"@type":"SearchAction","target":{"@type":"EntryPoint","urlTemplate":"https:\/\/blackstonegriddles.ca\/?s={search_term_string}"},"query-input":{"@type":"PropertyValueSpecification","valueRequired":true,"valueName":"search_term_string"}}],"inLanguage":"fr-CA"},{"@type":"Organization","@id":"https:\/\/blackstonegriddles.ca\/#organization","name":"Grils Blackstone Canada","url":"https:\/\/blackstonegriddles.ca\/","logo":{"@type":"ImageObject","inLanguage":"fr-CA","@id":"https:\/\/blackstonegriddles.ca\/#\/schema\/logo\/image\/","url":"https:\/\/blackstonegriddles.ca\/wp-content\/uploads\/2025\/02\/blackstone-fire-logo.webp","contentUrl":"https:\/\/blackstonegriddles.ca\/wp-content\/uploads\/2025\/02\/blackstone-fire-logo.webp","width":53,"height":58,"caption":"Blackstone Griddles Canada"},"image":{"@id":"https:\/\/blackstonegriddles.ca\/#\/schema\/logo\/image\/"},"sameAs":["https:\/\/www.facebook.com\/blackstoneproducts\/","https:\/\/x.com\/weareblackstone","https:\/\/www.instagram.com\/blackstoneproducts\/","https:\/\/www.youtube.com\/channel\/UCr39rimir8y3p-q1iQYidVA"]}]}},"_links":{"self":[{"href":"https:\/\/blackstonegriddles.ca\/fr\/wp-json\/wp\/v2\/product\/28208","targetHints":{"allow":["GET"]}}],"collection":[{"href":"https:\/\/blackstonegriddles.ca\/fr\/wp-json\/wp\/v2\/product"}],"about":[{"href":"https:\/\/blackstonegriddles.ca\/fr\/wp-json\/wp\/v2\/types\/product"}],"wp:featuredmedia":[{"embeddable":true,"href":"https:\/\/blackstonegriddles.ca\/fr\/wp-json\/wp\/v2\/media\/28209"}],"wp:attachment":[{"href":"https:\/\/blackstonegriddles.ca\/fr\/wp-json\/wp\/v2\/media?parent=28208"}],"wp:term":[{"taxonomy":"product_brand","embeddable":true,"href":"https:\/\/blackstonegriddles.ca\/fr\/wp-json\/wp\/v2\/product_brand?post=28208"},{"taxonomy":"product_cat","embeddable":true,"href":"https:\/\/blackstonegriddles.ca\/fr\/wp-json\/wp\/v2\/product_cat?post=28208"},{"taxonomy":"product_tag","embeddable":true,"href":"https:\/\/blackstonegriddles.ca\/fr\/wp-json\/wp\/v2\/product_tag?post=28208"}],"curies":[{"name":"wp","href":"https:\/\/api.w.org\/{rel}","templated":true}]}}