{"id":28222,"date":"2022-08-31T19:21:26","date_gmt":"2022-08-31T19:21:26","guid":{"rendered":"https:\/\/blackstonegriddles.ca\/?post_type=product&#038;p=28222"},"modified":"2026-04-06T18:32:35","modified_gmt":"2026-04-06T18:32:35","slug":"boite-a-outils-de-5-pieces-avec-sac","status":"publish","type":"product","link":"https:\/\/blackstonegriddles.ca\/fr\/product\/5-piece-toolkit-with-bag\/","title":{"rendered":"Bo\u00eete \u00e0 outils 5 pi\u00e8ces avec sac"},"content":{"rendered":"<p>Ce kit portable de 5 pi\u00e8ces contient tout ce dont vous avez besoin pour toutes vos aventures ! Ce kit d'accessoires compact comprend deux spatules durables pour retourner, hacher et racler ; des pinces pour soulever les morceaux d\u00e9licats de viande et de fruits de mer ; une bouteille \u00e0 presser pour ajouter de l'huile ou de l'eau \u00e0 vos aliments \u00e0 la demande. Le tout est pr\u00e9sent\u00e9 dans un sac pratique pour faciliter le rangement et le transport.<\/p>","protected":false},"excerpt":{"rendered":"<p>Trousse \u00e0 outils de 5 pi\u00e8ces avec sac comprenant :<\/p>\n<ul>\n<li>2 spatules pour gril<\/li>\n<li>Pince<\/li>\n<li>Bouteille \u00e0 presser<\/li>\n<li>Sac de transport<\/li>\n<\/ul>","protected":false},"featured_media":28223,"template":"","meta":[],"product_brand":[],"product_cat":[138,262],"product_tag":[],"class_list":{"0":"post-28222","1":"product","2":"type-product","3":"status-publish","4":"has-post-thumbnail","6":"product_cat-accessories","7":"product_cat-tool-kits","8":"product_shipping_class-accessories","10":"first","11":"instock","12":"taxable","13":"shipping-taxable","14":"purchasable","15":"product-type-simple"},"yoast_head":"<!-- This site is optimized with the Yoast SEO plugin v27.4 - https:\/\/yoast.com\/product\/yoast-seo-wordpress\/ -->\n<title>5 Piece Toolkit with Bag - Blackstone Griddles<\/title>\n<meta name=\"description\" content=\"This portable 5-piece kit has everything you need for all your adventures! This compact accessory toolkit includes two durable spatulas for flipping, chopping, and scraping; tongs for lifting delicate pieces of meat and seafood\" \/>\n<meta name=\"robots\" content=\"index, follow, max-snippet:-1, max-image-preview:large, max-video-preview:-1\" \/>\n<link rel=\"canonical\" href=\"https:\/\/blackstonegriddles.ca\/fr\/produit\/boite-a-outils-de-5-pieces-avec-sac\/\" \/>\n<meta property=\"og:locale\" content=\"fr_CA\" \/>\n<meta property=\"og:type\" content=\"article\" \/>\n<meta property=\"og:title\" content=\"5 Piece Toolkit with Bag - Blackstone Griddles\" \/>\n<meta property=\"og:description\" content=\"This portable 5-piece kit has everything you need for all your adventures! This compact accessory toolkit includes two durable spatulas for flipping, chopping, and scraping; tongs for lifting delicate pieces of meat and seafood\" \/>\n<meta property=\"og:url\" content=\"https:\/\/blackstonegriddles.ca\/fr\/produit\/boite-a-outils-de-5-pieces-avec-sac\/\" \/>\n<meta property=\"og:site_name\" content=\"Blackstone Griddles\" \/>\n<meta property=\"article:publisher\" content=\"https:\/\/www.facebook.com\/blackstoneproducts\/\" \/>\n<meta property=\"article:modified_time\" content=\"2026-04-06T18:32:35+00:00\" \/>\n<meta property=\"og:image\" content=\"https:\/\/blackstonegriddles.ca\/wp-content\/uploads\/2022\/08\/5481_GE5PieceTableTopToolKit_OnW-1.jpg\" \/>\n\t<meta property=\"og:image:width\" content=\"1024\" \/>\n\t<meta property=\"og:image:height\" content=\"1024\" \/>\n\t<meta property=\"og:image:type\" content=\"image\/jpeg\" \/>\n<meta name=\"twitter:card\" content=\"summary_large_image\" \/>\n<meta name=\"twitter:site\" content=\"@weareblackstone\" \/>\n<meta name=\"twitter:label1\" content=\"Estimation du temps de lecture\" \/>\n\t<meta name=\"twitter:data1\" content=\"1 minute\" \/>\n<script type=\"application\/ld+json\" class=\"yoast-schema-graph\">{\"@context\":\"https:\\\/\\\/schema.org\",\"@graph\":[{\"@type\":\"WebPage\",\"@id\":\"https:\\\/\\\/blackstonegriddles.ca\\\/product\\\/5-piece-toolkit-with-bag\\\/\",\"url\":\"https:\\\/\\\/blackstonegriddles.ca\\\/product\\\/5-piece-toolkit-with-bag\\\/\",\"name\":\"5 Piece Toolkit with Bag - Blackstone Griddles\",\"isPartOf\":{\"@id\":\"https:\\\/\\\/blackstonegriddles.ca\\\/#website\"},\"primaryImageOfPage\":{\"@id\":\"https:\\\/\\\/blackstonegriddles.ca\\\/product\\\/5-piece-toolkit-with-bag\\\/#primaryimage\"},\"image\":{\"@id\":\"https:\\\/\\\/blackstonegriddles.ca\\\/product\\\/5-piece-toolkit-with-bag\\\/#primaryimage\"},\"thumbnailUrl\":\"https:\\\/\\\/blackstonegriddles.ca\\\/wp-content\\\/uploads\\\/2022\\\/08\\\/5481_GE5PieceTableTopToolKit_OnW-1.jpg\",\"datePublished\":\"2022-08-31T19:21:26+00:00\",\"dateModified\":\"2026-04-06T18:32:35+00:00\",\"description\":\"This portable 5-piece kit has everything you need for all your adventures! This compact accessory toolkit includes two durable spatulas for flipping, chopping, and scraping; tongs for lifting delicate pieces of meat and seafood\",\"breadcrumb\":{\"@id\":\"https:\\\/\\\/blackstonegriddles.ca\\\/product\\\/5-piece-toolkit-with-bag\\\/#breadcrumb\"},\"inLanguage\":\"fr-CA\",\"potentialAction\":[{\"@type\":\"ReadAction\",\"target\":[\"https:\\\/\\\/blackstonegriddles.ca\\\/product\\\/5-piece-toolkit-with-bag\\\/\"]}]},{\"@type\":\"ImageObject\",\"inLanguage\":\"fr-CA\",\"@id\":\"https:\\\/\\\/blackstonegriddles.ca\\\/product\\\/5-piece-toolkit-with-bag\\\/#primaryimage\",\"url\":\"https:\\\/\\\/blackstonegriddles.ca\\\/wp-content\\\/uploads\\\/2022\\\/08\\\/5481_GE5PieceTableTopToolKit_OnW-1.jpg\",\"contentUrl\":\"https:\\\/\\\/blackstonegriddles.ca\\\/wp-content\\\/uploads\\\/2022\\\/08\\\/5481_GE5PieceTableTopToolKit_OnW-1.jpg\",\"width\":1024,\"height\":1024,\"caption\":\"tool kit\"},{\"@type\":\"BreadcrumbList\",\"@id\":\"https:\\\/\\\/blackstonegriddles.ca\\\/product\\\/5-piece-toolkit-with-bag\\\/#breadcrumb\",\"itemListElement\":[{\"@type\":\"ListItem\",\"position\":1,\"name\":\"Home\",\"item\":\"https:\\\/\\\/blackstonegriddles.ca\\\/\"},{\"@type\":\"ListItem\",\"position\":2,\"name\":\"Shop\",\"item\":\"https:\\\/\\\/blackstonegriddles.ca\\\/shop\\\/\"},{\"@type\":\"ListItem\",\"position\":3,\"name\":\"5 Piece Toolkit with Bag\"}]},{\"@type\":\"WebSite\",\"@id\":\"https:\\\/\\\/blackstonegriddles.ca\\\/#website\",\"url\":\"https:\\\/\\\/blackstonegriddles.ca\\\/\",\"name\":\"Blackstone Griddles Canada\",\"description\":\"Blackstone Griddles official licensed dealer Canada\",\"publisher\":{\"@id\":\"https:\\\/\\\/blackstonegriddles.ca\\\/#organization\"},\"potentialAction\":[{\"@type\":\"SearchAction\",\"target\":{\"@type\":\"EntryPoint\",\"urlTemplate\":\"https:\\\/\\\/blackstonegriddles.ca\\\/?s={search_term_string}\"},\"query-input\":{\"@type\":\"PropertyValueSpecification\",\"valueRequired\":true,\"valueName\":\"search_term_string\"}}],\"inLanguage\":\"fr-CA\"},{\"@type\":\"Organization\",\"@id\":\"https:\\\/\\\/blackstonegriddles.ca\\\/#organization\",\"name\":\"Blackstone Griddles Canada\",\"url\":\"https:\\\/\\\/blackstonegriddles.ca\\\/\",\"logo\":{\"@type\":\"ImageObject\",\"inLanguage\":\"fr-CA\",\"@id\":\"https:\\\/\\\/blackstonegriddles.ca\\\/#\\\/schema\\\/logo\\\/image\\\/\",\"url\":\"https:\\\/\\\/blackstonegriddles.ca\\\/wp-content\\\/uploads\\\/2025\\\/02\\\/blackstone-fire-logo.webp\",\"contentUrl\":\"https:\\\/\\\/blackstonegriddles.ca\\\/wp-content\\\/uploads\\\/2025\\\/02\\\/blackstone-fire-logo.webp\",\"width\":53,\"height\":58,\"caption\":\"Blackstone Griddles Canada\"},\"image\":{\"@id\":\"https:\\\/\\\/blackstonegriddles.ca\\\/#\\\/schema\\\/logo\\\/image\\\/\"},\"sameAs\":[\"https:\\\/\\\/www.facebook.com\\\/blackstoneproducts\\\/\",\"https:\\\/\\\/x.com\\\/weareblackstone\",\"https:\\\/\\\/www.instagram.com\\\/blackstoneproducts\\\/\",\"https:\\\/\\\/www.youtube.com\\\/channel\\\/UCr39rimir8y3p-q1iQYidVA\"]}]}<\/script>\n<!-- \/ Yoast SEO plugin. -->","yoast_head_json":{"title":"Bo\u00eete \u00e0 outils 5 pi\u00e8ces avec sac - Blackstone Griddles","description":"Ce kit portable de 5 pi\u00e8ces contient tout ce dont vous avez besoin pour toutes vos aventures ! Ce kit d'accessoires compact comprend deux spatules durables pour retourner, hacher et racler ; des pinces pour soulever les morceaux d\u00e9licats de viande et de fruits de mer.","robots":{"index":"index","follow":"follow","max-snippet":"max-snippet:-1","max-image-preview":"max-image-preview:large","max-video-preview":"max-video-preview:-1"},"canonical":"https:\/\/blackstonegriddles.ca\/fr\/produit\/boite-a-outils-de-5-pieces-avec-sac\/","og_locale":"fr_CA","og_type":"article","og_title":"5 Piece Toolkit with Bag - Blackstone Griddles","og_description":"This portable 5-piece kit has everything you need for all your adventures! This compact accessory toolkit includes two durable spatulas for flipping, chopping, and scraping; tongs for lifting delicate pieces of meat and seafood","og_url":"https:\/\/blackstonegriddles.ca\/fr\/produit\/boite-a-outils-de-5-pieces-avec-sac\/","og_site_name":"Blackstone Griddles","article_publisher":"https:\/\/www.facebook.com\/blackstoneproducts\/","article_modified_time":"2026-04-06T18:32:35+00:00","og_image":[{"width":1024,"height":1024,"url":"https:\/\/blackstonegriddles.ca\/wp-content\/uploads\/2022\/08\/5481_GE5PieceTableTopToolKit_OnW-1.jpg","type":"image\/jpeg"}],"twitter_card":"summary_large_image","twitter_site":"@weareblackstone","twitter_misc":{"Estimation du temps de lecture":"1 minute"},"schema":{"@context":"https:\/\/schema.org","@graph":[{"@type":"WebPage","@id":"https:\/\/blackstonegriddles.ca\/product\/5-piece-toolkit-with-bag\/","url":"https:\/\/blackstonegriddles.ca\/product\/5-piece-toolkit-with-bag\/","name":"Bo\u00eete \u00e0 outils 5 pi\u00e8ces avec sac - Blackstone Griddles","isPartOf":{"@id":"https:\/\/blackstonegriddles.ca\/#website"},"primaryImageOfPage":{"@id":"https:\/\/blackstonegriddles.ca\/product\/5-piece-toolkit-with-bag\/#primaryimage"},"image":{"@id":"https:\/\/blackstonegriddles.ca\/product\/5-piece-toolkit-with-bag\/#primaryimage"},"thumbnailUrl":"https:\/\/blackstonegriddles.ca\/wp-content\/uploads\/2022\/08\/5481_GE5PieceTableTopToolKit_OnW-1.jpg","datePublished":"2022-08-31T19:21:26+00:00","dateModified":"2026-04-06T18:32:35+00:00","description":"Ce kit portable de 5 pi\u00e8ces contient tout ce dont vous avez besoin pour toutes vos aventures ! Ce kit d'accessoires compact comprend deux spatules durables pour retourner, hacher et racler ; des pinces pour soulever les morceaux d\u00e9licats de viande et de fruits de mer.","breadcrumb":{"@id":"https:\/\/blackstonegriddles.ca\/product\/5-piece-toolkit-with-bag\/#breadcrumb"},"inLanguage":"fr-CA","potentialAction":[{"@type":"ReadAction","target":["https:\/\/blackstonegriddles.ca\/product\/5-piece-toolkit-with-bag\/"]}]},{"@type":"ImageObject","inLanguage":"fr-CA","@id":"https:\/\/blackstonegriddles.ca\/product\/5-piece-toolkit-with-bag\/#primaryimage","url":"https:\/\/blackstonegriddles.ca\/wp-content\/uploads\/2022\/08\/5481_GE5PieceTableTopToolKit_OnW-1.jpg","contentUrl":"https:\/\/blackstonegriddles.ca\/wp-content\/uploads\/2022\/08\/5481_GE5PieceTableTopToolKit_OnW-1.jpg","width":1024,"height":1024,"caption":"tool kit"},{"@type":"BreadcrumbList","@id":"https:\/\/blackstonegriddles.ca\/product\/5-piece-toolkit-with-bag\/#breadcrumb","itemListElement":[{"@type":"ListItem","position":1,"name":"Home","item":"https:\/\/blackstonegriddles.ca\/"},{"@type":"ListItem","position":2,"name":"Shop","item":"https:\/\/blackstonegriddles.ca\/shop\/"},{"@type":"ListItem","position":3,"name":"5 Piece Toolkit with Bag"}]},{"@type":"WebSite","@id":"https:\/\/blackstonegriddles.ca\/#website","url":"https:\/\/blackstonegriddles.ca\/","name":"Grils Blackstone Canada","description":"Blackstone Griddles distributeur officiel agr\u00e9\u00e9 Canada","publisher":{"@id":"https:\/\/blackstonegriddles.ca\/#organization"},"potentialAction":[{"@type":"SearchAction","target":{"@type":"EntryPoint","urlTemplate":"https:\/\/blackstonegriddles.ca\/?s={search_term_string}"},"query-input":{"@type":"PropertyValueSpecification","valueRequired":true,"valueName":"search_term_string"}}],"inLanguage":"fr-CA"},{"@type":"Organization","@id":"https:\/\/blackstonegriddles.ca\/#organization","name":"Grils Blackstone Canada","url":"https:\/\/blackstonegriddles.ca\/","logo":{"@type":"ImageObject","inLanguage":"fr-CA","@id":"https:\/\/blackstonegriddles.ca\/#\/schema\/logo\/image\/","url":"https:\/\/blackstonegriddles.ca\/wp-content\/uploads\/2025\/02\/blackstone-fire-logo.webp","contentUrl":"https:\/\/blackstonegriddles.ca\/wp-content\/uploads\/2025\/02\/blackstone-fire-logo.webp","width":53,"height":58,"caption":"Blackstone Griddles Canada"},"image":{"@id":"https:\/\/blackstonegriddles.ca\/#\/schema\/logo\/image\/"},"sameAs":["https:\/\/www.facebook.com\/blackstoneproducts\/","https:\/\/x.com\/weareblackstone","https:\/\/www.instagram.com\/blackstoneproducts\/","https:\/\/www.youtube.com\/channel\/UCr39rimir8y3p-q1iQYidVA"]}]}},"_links":{"self":[{"href":"https:\/\/blackstonegriddles.ca\/fr\/wp-json\/wp\/v2\/product\/28222","targetHints":{"allow":["GET"]}}],"collection":[{"href":"https:\/\/blackstonegriddles.ca\/fr\/wp-json\/wp\/v2\/product"}],"about":[{"href":"https:\/\/blackstonegriddles.ca\/fr\/wp-json\/wp\/v2\/types\/product"}],"wp:featuredmedia":[{"embeddable":true,"href":"https:\/\/blackstonegriddles.ca\/fr\/wp-json\/wp\/v2\/media\/28223"}],"wp:attachment":[{"href":"https:\/\/blackstonegriddles.ca\/fr\/wp-json\/wp\/v2\/media?parent=28222"}],"wp:term":[{"taxonomy":"product_brand","embeddable":true,"href":"https:\/\/blackstonegriddles.ca\/fr\/wp-json\/wp\/v2\/product_brand?post=28222"},{"taxonomy":"product_cat","embeddable":true,"href":"https:\/\/blackstonegriddles.ca\/fr\/wp-json\/wp\/v2\/product_cat?post=28222"},{"taxonomy":"product_tag","embeddable":true,"href":"https:\/\/blackstonegriddles.ca\/fr\/wp-json\/wp\/v2\/product_tag?post=28222"}],"curies":[{"name":"wp","href":"https:\/\/api.w.org\/{rel}","templated":true}]}}