{"id":28913,"date":"2022-11-19T14:51:38","date_gmt":"2022-11-19T14:51:38","guid":{"rendered":"https:\/\/blackstonegriddles.ca\/?post_type=product&#038;p=28913"},"modified":"2026-04-14T20:30:46","modified_gmt":"2026-04-14T20:30:46","slug":"four-a-pizza-portable-griddle-essentials-avec-pierre-en-cordierite-de-15-pouces","status":"publish","type":"product","link":"https:\/\/blackstonegriddles.ca\/fr\/product\/griddle-essentials-portable-pizza-oven-w-15in-cordierite-stone\/","title":{"rendered":"Four \u00e0 pizza portatif Griddle Essentials avec pierre en cordi\u00e9rite de 15 po (comprend une plaque \u00e0 pizza et une bascule)"},"content":{"rendered":"<ul class=\"product-features\">\n<li>\n<div id=\"ember34\" class=\"ember-view\"><span class=\"_value-text_xztep4\" title=\"Technologie brevet\u00e9e 2Stone : Pierres de cordi\u00e9rite sup\u00e9rieures et inf\u00e9rieures pour un chauffage homog\u00e8ne et constant\">Technologie brevet\u00e9e 2Stone : Pierres de cordi\u00e9rite sup\u00e9rieures et inf\u00e9rieures pour un chauffage homog\u00e8ne et constant<\/span><\/div>\n<\/li>\n<li>\n<div id=\"ember34\" class=\"ember-view\"><span class=\"_value-text_xztep4\" title=\"La pierre \u00e0 pizza en cordi\u00e9rite de 15 pouces permet de cuire jusqu&#039;\u00e0 15 pouces de pizza.\">La pierre \u00e0 pizza en cordi\u00e9rite de 15 pouces permet de cuire jusqu'\u00e0 15 pouces de pizza.<\/span><\/div>\n<\/li>\n<li>\n<div id=\"ember34\" class=\"ember-view\"><span class=\"_value-text_xztep4\" title=\"Porte avant thermor\u00e9tractable\">Porte avant thermor\u00e9tractable<\/span><\/div>\n<\/li>\n<li>\n<div id=\"ember34\" class=\"ember-view\"><span class=\"_value-text_xztep4\" title=\"Thermom\u00e8tre int\u00e9gr\u00e9\">Thermom\u00e8tre int\u00e9gr\u00e9<\/span><\/div>\n<\/li>\n<\/ul>","protected":false},"excerpt":{"rendered":"<p>Ce four \u00e0 pizza portable est le compl\u00e9ment id\u00e9al de toute cuisine de patio, de toute f\u00eate ou de toute aventure en plein air. Cuisez uniform\u00e9ment jusqu'\u00e0 une pizza de 15 pouces gr\u00e2ce \u00e0 la technologie brevet\u00e9e des deux pierres. Avec une pierre sur le fond et une pierre sur le dessus, la cuisson est homog\u00e8ne en 90 secondes seulement. Le thermom\u00e8tre int\u00e9gr\u00e9 et la porte avant retenant la chaleur vous aident \u00e0 cuire vos pizzas \u00e0 la perfection, \u00e0 chaque fois. Cet ensemble comprend une plaque \u00e0 pizza et un coupe-pizza. C'est tout ce dont vous avez besoin pour commencer.<\/p>","protected":false},"featured_media":29483,"template":"","meta":[],"product_brand":[],"product_cat":[154,198,249],"product_tag":[],"class_list":{"0":"post-28913","1":"product","2":"type-product","3":"status-publish","4":"has-post-thumbnail","6":"product_cat-griddles","7":"product_cat-pizza-series","8":"product_cat-sale","9":"product_shipping_class-pizza","11":"first","12":"instock","13":"taxable","14":"shipping-taxable","15":"purchasable","16":"product-type-simple"},"yoast_head":"<!-- This site is optimized with the Yoast SEO plugin v27.3 - https:\/\/yoast.com\/product\/yoast-seo-wordpress\/ -->\n<title>Griddle Essentials Portable Pizza Oven W\/15in Cordierite Stone (Includes Pizza Peel and Rocker) - Blackstone Griddles<\/title>\n<meta name=\"description\" content=\"This Portable Pizza Oven is the perfect addition to any patio kitchen, tailgating party, or outdoor adventure. Cook up to a 15-in. pizza evenly.\" \/>\n<meta name=\"robots\" content=\"index, follow, max-snippet:-1, max-image-preview:large, max-video-preview:-1\" \/>\n<link rel=\"canonical\" href=\"https:\/\/blackstonegriddles.ca\/fr\/produit\/four-a-pizza-portable-griddle-essentials-avec-pierre-en-cordierite-de-15-pouces\/\" \/>\n<meta property=\"og:locale\" content=\"fr_CA\" \/>\n<meta property=\"og:type\" content=\"article\" \/>\n<meta property=\"og:title\" content=\"Griddle Essentials Portable Pizza Oven W\/15in Cordierite Stone (Includes Pizza Peel and Rocker) - Blackstone Griddles\" \/>\n<meta property=\"og:description\" content=\"This Portable Pizza Oven is the perfect addition to any patio kitchen, tailgating party, or outdoor adventure. Cook up to a 15-in. pizza evenly.\" \/>\n<meta property=\"og:url\" content=\"https:\/\/blackstonegriddles.ca\/fr\/produit\/four-a-pizza-portable-griddle-essentials-avec-pierre-en-cordierite-de-15-pouces\/\" \/>\n<meta property=\"og:site_name\" content=\"Blackstone Griddles\" \/>\n<meta property=\"article:publisher\" content=\"https:\/\/www.facebook.com\/blackstoneproducts\/\" \/>\n<meta property=\"article:modified_time\" content=\"2026-04-14T20:30:46+00:00\" \/>\n<meta property=\"og:image\" content=\"https:\/\/blackstonegriddles.ca\/wp-content\/uploads\/2022\/11\/BlackstonePizzaOven_99de24fa-b78d-4c2f-8552-8b2551965780_1024x1024.webp\" \/>\n\t<meta property=\"og:image:width\" content=\"719\" \/>\n\t<meta property=\"og:image:height\" content=\"718\" \/>\n\t<meta property=\"og:image:type\" content=\"image\/webp\" \/>\n<meta name=\"twitter:card\" content=\"summary_large_image\" \/>\n<meta name=\"twitter:site\" content=\"@weareblackstone\" \/>\n<meta name=\"twitter:label1\" content=\"Estimation du temps de lecture\" \/>\n\t<meta name=\"twitter:data1\" content=\"1 minute\" \/>\n<script type=\"application\/ld+json\" class=\"yoast-schema-graph\">{\"@context\":\"https:\\\/\\\/schema.org\",\"@graph\":[{\"@type\":\"WebPage\",\"@id\":\"https:\\\/\\\/blackstonegriddles.ca\\\/product\\\/griddle-essentials-portable-pizza-oven-w-15in-cordierite-stone\\\/\",\"url\":\"https:\\\/\\\/blackstonegriddles.ca\\\/product\\\/griddle-essentials-portable-pizza-oven-w-15in-cordierite-stone\\\/\",\"name\":\"Griddle Essentials Portable Pizza Oven W\\\/15in Cordierite Stone (Includes Pizza Peel and Rocker) - Blackstone Griddles\",\"isPartOf\":{\"@id\":\"https:\\\/\\\/blackstonegriddles.ca\\\/#website\"},\"primaryImageOfPage\":{\"@id\":\"https:\\\/\\\/blackstonegriddles.ca\\\/product\\\/griddle-essentials-portable-pizza-oven-w-15in-cordierite-stone\\\/#primaryimage\"},\"image\":{\"@id\":\"https:\\\/\\\/blackstonegriddles.ca\\\/product\\\/griddle-essentials-portable-pizza-oven-w-15in-cordierite-stone\\\/#primaryimage\"},\"thumbnailUrl\":\"https:\\\/\\\/blackstonegriddles.ca\\\/wp-content\\\/uploads\\\/2022\\\/11\\\/BlackstonePizzaOven_99de24fa-b78d-4c2f-8552-8b2551965780_1024x1024.webp\",\"datePublished\":\"2022-11-19T14:51:38+00:00\",\"dateModified\":\"2026-04-14T20:30:46+00:00\",\"description\":\"This Portable Pizza Oven is the perfect addition to any patio kitchen, tailgating party, or outdoor adventure. Cook up to a 15-in. pizza evenly.\",\"breadcrumb\":{\"@id\":\"https:\\\/\\\/blackstonegriddles.ca\\\/product\\\/griddle-essentials-portable-pizza-oven-w-15in-cordierite-stone\\\/#breadcrumb\"},\"inLanguage\":\"fr-CA\",\"potentialAction\":[{\"@type\":\"ReadAction\",\"target\":[\"https:\\\/\\\/blackstonegriddles.ca\\\/product\\\/griddle-essentials-portable-pizza-oven-w-15in-cordierite-stone\\\/\"]}]},{\"@type\":\"ImageObject\",\"inLanguage\":\"fr-CA\",\"@id\":\"https:\\\/\\\/blackstonegriddles.ca\\\/product\\\/griddle-essentials-portable-pizza-oven-w-15in-cordierite-stone\\\/#primaryimage\",\"url\":\"https:\\\/\\\/blackstonegriddles.ca\\\/wp-content\\\/uploads\\\/2022\\\/11\\\/BlackstonePizzaOven_99de24fa-b78d-4c2f-8552-8b2551965780_1024x1024.webp\",\"contentUrl\":\"https:\\\/\\\/blackstonegriddles.ca\\\/wp-content\\\/uploads\\\/2022\\\/11\\\/BlackstonePizzaOven_99de24fa-b78d-4c2f-8552-8b2551965780_1024x1024.webp\",\"width\":719,\"height\":718},{\"@type\":\"BreadcrumbList\",\"@id\":\"https:\\\/\\\/blackstonegriddles.ca\\\/product\\\/griddle-essentials-portable-pizza-oven-w-15in-cordierite-stone\\\/#breadcrumb\",\"itemListElement\":[{\"@type\":\"ListItem\",\"position\":1,\"name\":\"Home\",\"item\":\"https:\\\/\\\/blackstonegriddles.ca\\\/\"},{\"@type\":\"ListItem\",\"position\":2,\"name\":\"Shop\",\"item\":\"https:\\\/\\\/blackstonegriddles.ca\\\/shop\\\/\"},{\"@type\":\"ListItem\",\"position\":3,\"name\":\"Griddle Essentials Portable Pizza Oven W\\\/15in Cordierite Stone (Includes Pizza Peel and Rocker)\"}]},{\"@type\":\"WebSite\",\"@id\":\"https:\\\/\\\/blackstonegriddles.ca\\\/#website\",\"url\":\"https:\\\/\\\/blackstonegriddles.ca\\\/\",\"name\":\"Blackstone Griddles Canada\",\"description\":\"Blackstone Griddles official licensed dealer Canada\",\"publisher\":{\"@id\":\"https:\\\/\\\/blackstonegriddles.ca\\\/#organization\"},\"potentialAction\":[{\"@type\":\"SearchAction\",\"target\":{\"@type\":\"EntryPoint\",\"urlTemplate\":\"https:\\\/\\\/blackstonegriddles.ca\\\/?s={search_term_string}\"},\"query-input\":{\"@type\":\"PropertyValueSpecification\",\"valueRequired\":true,\"valueName\":\"search_term_string\"}}],\"inLanguage\":\"fr-CA\"},{\"@type\":\"Organization\",\"@id\":\"https:\\\/\\\/blackstonegriddles.ca\\\/#organization\",\"name\":\"Blackstone Griddles Canada\",\"url\":\"https:\\\/\\\/blackstonegriddles.ca\\\/\",\"logo\":{\"@type\":\"ImageObject\",\"inLanguage\":\"fr-CA\",\"@id\":\"https:\\\/\\\/blackstonegriddles.ca\\\/#\\\/schema\\\/logo\\\/image\\\/\",\"url\":\"https:\\\/\\\/blackstonegriddles.ca\\\/wp-content\\\/uploads\\\/2025\\\/02\\\/blackstone-fire-logo.webp\",\"contentUrl\":\"https:\\\/\\\/blackstonegriddles.ca\\\/wp-content\\\/uploads\\\/2025\\\/02\\\/blackstone-fire-logo.webp\",\"width\":53,\"height\":58,\"caption\":\"Blackstone Griddles Canada\"},\"image\":{\"@id\":\"https:\\\/\\\/blackstonegriddles.ca\\\/#\\\/schema\\\/logo\\\/image\\\/\"},\"sameAs\":[\"https:\\\/\\\/www.facebook.com\\\/blackstoneproducts\\\/\",\"https:\\\/\\\/x.com\\\/weareblackstone\",\"https:\\\/\\\/www.instagram.com\\\/blackstoneproducts\\\/\",\"https:\\\/\\\/www.youtube.com\\\/channel\\\/UCr39rimir8y3p-q1iQYidVA\"]}]}<\/script>\n<!-- \/ Yoast SEO plugin. -->","yoast_head_json":{"title":"Four \u00e0 pizza portatif Griddle Essentials avec pierre en cordi\u00e9rite de 15 po (comprend une plaque \u00e0 pizza et une bascule) - Blackstone Griddles","description":"Ce four \u00e0 pizza portable est le compl\u00e9ment id\u00e9al de toute cuisine de patio, de toute f\u00eate ou de toute aventure en plein air. Il permet de cuire uniform\u00e9ment jusqu'\u00e0 une pizza de 15 pouces.","robots":{"index":"index","follow":"follow","max-snippet":"max-snippet:-1","max-image-preview":"max-image-preview:large","max-video-preview":"max-video-preview:-1"},"canonical":"https:\/\/blackstonegriddles.ca\/fr\/produit\/four-a-pizza-portable-griddle-essentials-avec-pierre-en-cordierite-de-15-pouces\/","og_locale":"fr_CA","og_type":"article","og_title":"Griddle Essentials Portable Pizza Oven W\/15in Cordierite Stone (Includes Pizza Peel and Rocker) - Blackstone Griddles","og_description":"This Portable Pizza Oven is the perfect addition to any patio kitchen, tailgating party, or outdoor adventure. Cook up to a 15-in. pizza evenly.","og_url":"https:\/\/blackstonegriddles.ca\/fr\/produit\/four-a-pizza-portable-griddle-essentials-avec-pierre-en-cordierite-de-15-pouces\/","og_site_name":"Blackstone Griddles","article_publisher":"https:\/\/www.facebook.com\/blackstoneproducts\/","article_modified_time":"2026-04-14T20:30:46+00:00","og_image":[{"width":719,"height":718,"url":"https:\/\/blackstonegriddles.ca\/wp-content\/uploads\/2022\/11\/BlackstonePizzaOven_99de24fa-b78d-4c2f-8552-8b2551965780_1024x1024.webp","type":"image\/webp"}],"twitter_card":"summary_large_image","twitter_site":"@weareblackstone","twitter_misc":{"Estimation du temps de lecture":"1 minute"},"schema":{"@context":"https:\/\/schema.org","@graph":[{"@type":"WebPage","@id":"https:\/\/blackstonegriddles.ca\/product\/griddle-essentials-portable-pizza-oven-w-15in-cordierite-stone\/","url":"https:\/\/blackstonegriddles.ca\/product\/griddle-essentials-portable-pizza-oven-w-15in-cordierite-stone\/","name":"Four \u00e0 pizza portatif Griddle Essentials avec pierre en cordi\u00e9rite de 15 po (comprend une plaque \u00e0 pizza et une bascule) - Blackstone Griddles","isPartOf":{"@id":"https:\/\/blackstonegriddles.ca\/#website"},"primaryImageOfPage":{"@id":"https:\/\/blackstonegriddles.ca\/product\/griddle-essentials-portable-pizza-oven-w-15in-cordierite-stone\/#primaryimage"},"image":{"@id":"https:\/\/blackstonegriddles.ca\/product\/griddle-essentials-portable-pizza-oven-w-15in-cordierite-stone\/#primaryimage"},"thumbnailUrl":"https:\/\/blackstonegriddles.ca\/wp-content\/uploads\/2022\/11\/BlackstonePizzaOven_99de24fa-b78d-4c2f-8552-8b2551965780_1024x1024.webp","datePublished":"2022-11-19T14:51:38+00:00","dateModified":"2026-04-14T20:30:46+00:00","description":"Ce four \u00e0 pizza portable est le compl\u00e9ment id\u00e9al de toute cuisine de patio, de toute f\u00eate ou de toute aventure en plein air. Il permet de cuire uniform\u00e9ment jusqu'\u00e0 une pizza de 15 pouces.","breadcrumb":{"@id":"https:\/\/blackstonegriddles.ca\/product\/griddle-essentials-portable-pizza-oven-w-15in-cordierite-stone\/#breadcrumb"},"inLanguage":"fr-CA","potentialAction":[{"@type":"ReadAction","target":["https:\/\/blackstonegriddles.ca\/product\/griddle-essentials-portable-pizza-oven-w-15in-cordierite-stone\/"]}]},{"@type":"ImageObject","inLanguage":"fr-CA","@id":"https:\/\/blackstonegriddles.ca\/product\/griddle-essentials-portable-pizza-oven-w-15in-cordierite-stone\/#primaryimage","url":"https:\/\/blackstonegriddles.ca\/wp-content\/uploads\/2022\/11\/BlackstonePizzaOven_99de24fa-b78d-4c2f-8552-8b2551965780_1024x1024.webp","contentUrl":"https:\/\/blackstonegriddles.ca\/wp-content\/uploads\/2022\/11\/BlackstonePizzaOven_99de24fa-b78d-4c2f-8552-8b2551965780_1024x1024.webp","width":719,"height":718},{"@type":"BreadcrumbList","@id":"https:\/\/blackstonegriddles.ca\/product\/griddle-essentials-portable-pizza-oven-w-15in-cordierite-stone\/#breadcrumb","itemListElement":[{"@type":"ListItem","position":1,"name":"Home","item":"https:\/\/blackstonegriddles.ca\/"},{"@type":"ListItem","position":2,"name":"Shop","item":"https:\/\/blackstonegriddles.ca\/shop\/"},{"@type":"ListItem","position":3,"name":"Griddle Essentials Portable Pizza Oven W\/15in Cordierite Stone (Includes Pizza Peel and Rocker)"}]},{"@type":"WebSite","@id":"https:\/\/blackstonegriddles.ca\/#website","url":"https:\/\/blackstonegriddles.ca\/","name":"Grils Blackstone Canada","description":"Blackstone Griddles distributeur officiel agr\u00e9\u00e9 Canada","publisher":{"@id":"https:\/\/blackstonegriddles.ca\/#organization"},"potentialAction":[{"@type":"SearchAction","target":{"@type":"EntryPoint","urlTemplate":"https:\/\/blackstonegriddles.ca\/?s={search_term_string}"},"query-input":{"@type":"PropertyValueSpecification","valueRequired":true,"valueName":"search_term_string"}}],"inLanguage":"fr-CA"},{"@type":"Organization","@id":"https:\/\/blackstonegriddles.ca\/#organization","name":"Grils Blackstone Canada","url":"https:\/\/blackstonegriddles.ca\/","logo":{"@type":"ImageObject","inLanguage":"fr-CA","@id":"https:\/\/blackstonegriddles.ca\/#\/schema\/logo\/image\/","url":"https:\/\/blackstonegriddles.ca\/wp-content\/uploads\/2025\/02\/blackstone-fire-logo.webp","contentUrl":"https:\/\/blackstonegriddles.ca\/wp-content\/uploads\/2025\/02\/blackstone-fire-logo.webp","width":53,"height":58,"caption":"Blackstone Griddles Canada"},"image":{"@id":"https:\/\/blackstonegriddles.ca\/#\/schema\/logo\/image\/"},"sameAs":["https:\/\/www.facebook.com\/blackstoneproducts\/","https:\/\/x.com\/weareblackstone","https:\/\/www.instagram.com\/blackstoneproducts\/","https:\/\/www.youtube.com\/channel\/UCr39rimir8y3p-q1iQYidVA"]}]}},"_links":{"self":[{"href":"https:\/\/blackstonegriddles.ca\/fr\/wp-json\/wp\/v2\/product\/28913","targetHints":{"allow":["GET"]}}],"collection":[{"href":"https:\/\/blackstonegriddles.ca\/fr\/wp-json\/wp\/v2\/product"}],"about":[{"href":"https:\/\/blackstonegriddles.ca\/fr\/wp-json\/wp\/v2\/types\/product"}],"wp:featuredmedia":[{"embeddable":true,"href":"https:\/\/blackstonegriddles.ca\/fr\/wp-json\/wp\/v2\/media\/29483"}],"wp:attachment":[{"href":"https:\/\/blackstonegriddles.ca\/fr\/wp-json\/wp\/v2\/media?parent=28913"}],"wp:term":[{"taxonomy":"product_brand","embeddable":true,"href":"https:\/\/blackstonegriddles.ca\/fr\/wp-json\/wp\/v2\/product_brand?post=28913"},{"taxonomy":"product_cat","embeddable":true,"href":"https:\/\/blackstonegriddles.ca\/fr\/wp-json\/wp\/v2\/product_cat?post=28913"},{"taxonomy":"product_tag","embeddable":true,"href":"https:\/\/blackstonegriddles.ca\/fr\/wp-json\/wp\/v2\/product_tag?post=28913"}],"curies":[{"name":"wp","href":"https:\/\/api.w.org\/{rel}","templated":true}]}}