{"id":29822,"date":"2023-01-10T19:11:14","date_gmt":"2023-01-10T19:11:14","guid":{"rendered":"https:\/\/blackstonegriddles.ca\/?post_type=product&#038;p=29822"},"modified":"2026-04-21T13:12:33","modified_gmt":"2026-04-21T13:12:33","slug":"four-a-pizza-de-comptoir","status":"publish","type":"product","link":"https:\/\/blackstonegriddles.ca\/fr\/product\/countertop-pizza-oven\/","title":{"rendered":"Four \u00e0 pizza de comptoir avec plaque \u00e0 pizza"},"content":{"rendered":"<ul>\n<li data-section-id=\"n93egn\" data-start=\"672\" data-end=\"777\"><strong data-start=\"674\" data-end=\"704\">Technologie 2Stone brevet\u00e9e<\/strong><br data-start=\"704\" data-end=\"707\" \/>Les pierres en cordi\u00e9rite sup\u00e9rieure et inf\u00e9rieure assurent un chauffage constant et uniforme<\/li>\n<li data-section-id=\"4tvgsc\" data-start=\"779\" data-end=\"856\"><strong data-start=\"781\" data-end=\"813\">Performances \u00e0 haute temp\u00e9rature<\/strong><br data-start=\"813\" data-end=\"816\" \/>Atteint jusqu'\u00e0 900 \u00b0F pour une cuisson rapide<\/li>\n<li data-section-id=\"y3oy17\" data-start=\"858\" data-end=\"928\"><strong data-start=\"860\" data-end=\"882\">Cuisson rapide<\/strong><br data-start=\"882\" data-end=\"885\" \/>Cuit des pizzas en seulement 90 secondes<\/li>\n<li data-section-id=\"1wg6ylc\" data-start=\"930\" data-end=\"1007\"><strong data-start=\"932\" data-end=\"957\">Pierre de rotation du bas<\/strong><br data-start=\"957\" data-end=\"960\" \/>Assure une cuisson uniforme sans retournement manuel<\/li>\n<li data-section-id=\"fpirq3\" data-start=\"1009\" data-end=\"1112\"><strong data-start=\"1011\" data-end=\"1052\">Pelle \u00e0 pizza en aluminium incluse (Qt\u00e9. 1)<\/strong><br data-start=\"1052\" data-end=\"1055\" \/>Permet un transfert facile des pizzas dans et hors du four<\/li>\n<\/ul>","protected":false},"excerpt":{"rendered":"<p data-start=\"151\" data-end=\"380\">Pr\u00e9parez des pizzas personnalis\u00e9es ou partagez vos pr\u00e9f\u00e9r\u00e9es en famille avec le four \u00e0 pizza de comptoir Blackstone. Con\u00e7u pour une cuisson haute performance, il peut atteindre des temp\u00e9ratures allant jusqu'\u00e0 482\u00b0C (900\u00b0F), vous permettant de cuire des pizzas en aussi peu que 90 secondes.<\/p>\n<p data-start=\"382\" data-end=\"644\">Construit avec la technologie brevet\u00e9e 2Stone, il comprend une pierre rotative en bas et une pierre fixe en haut pour une chaleur uniforme et des r\u00e9sultats constants. Ce lot comprend \u00e9galement une pelle \u00e0 pizza en aluminium, ce qui en fait un ajout pratique \u00e0 toute cuisine ext\u00e9rieure.<\/p>","protected":false},"featured_media":32419,"template":"","meta":[],"product_brand":[],"product_cat":[198,249],"product_tag":[235],"class_list":{"0":"post-29822","1":"product","2":"type-product","3":"status-publish","4":"has-post-thumbnail","6":"product_cat-pizza-series","7":"product_cat-sale","8":"product_tag-griddle-week","9":"product_shipping_class-pizza","11":"first","12":"instock","13":"sale","14":"taxable","15":"shipping-taxable","16":"purchasable","17":"product-type-simple"},"yoast_head":"<!-- This site is optimized with the Yoast SEO plugin v27.4 - https:\/\/yoast.com\/product\/yoast-seo-wordpress\/ -->\n<title>Countertop Pizza Oven With Pizza Peel - Blackstone Griddles<\/title>\n<meta name=\"robots\" content=\"index, follow, max-snippet:-1, max-image-preview:large, max-video-preview:-1\" \/>\n<link rel=\"canonical\" href=\"https:\/\/blackstonegriddles.ca\/fr\/produit\/four-a-pizza-de-comptoir\/\" \/>\n<meta property=\"og:locale\" content=\"fr_CA\" \/>\n<meta property=\"og:type\" content=\"article\" \/>\n<meta property=\"og:title\" content=\"Countertop Pizza Oven With Pizza Peel - Blackstone Griddles\" \/>\n<meta property=\"og:description\" content=\"Make personalized pizzas or share family favorites with the Blackstone Countertop Pizza Oven. Designed for high-performance cooking, it can reach temperatures up to 900\u00b0F, allowing you to cook pizzas in as little as 90 seconds. Built with patented 2Stone Technology, it features a rotating stone on the bottom and a fixed stone on top to deliver even heat and consistent results. This bundle also includes an aluminum pizza peel, making it a practical addition to any outdoor kitchen setup.\" \/>\n<meta property=\"og:url\" content=\"https:\/\/blackstonegriddles.ca\/fr\/produit\/four-a-pizza-de-comptoir\/\" \/>\n<meta property=\"og:site_name\" content=\"Blackstone Griddles\" \/>\n<meta property=\"article:publisher\" content=\"https:\/\/www.facebook.com\/blackstoneproducts\/\" \/>\n<meta property=\"article:modified_time\" content=\"2026-04-21T13:12:33+00:00\" \/>\n<meta property=\"og:image\" content=\"https:\/\/blackstonegriddles.ca\/wp-content\/uploads\/2023\/06\/6830_CountertopPizzaOven_Pizza-1.png\" \/>\n\t<meta property=\"og:image:width\" content=\"635\" \/>\n\t<meta property=\"og:image:height\" content=\"531\" \/>\n\t<meta property=\"og:image:type\" content=\"image\/png\" \/>\n<meta name=\"twitter:card\" content=\"summary_large_image\" \/>\n<meta name=\"twitter:site\" content=\"@weareblackstone\" \/>\n<meta name=\"twitter:label1\" content=\"Estimation du temps de lecture\" \/>\n\t<meta name=\"twitter:data1\" content=\"1 minute\" \/>\n<script type=\"application\/ld+json\" class=\"yoast-schema-graph\">{\"@context\":\"https:\\\/\\\/schema.org\",\"@graph\":[{\"@type\":\"WebPage\",\"@id\":\"https:\\\/\\\/blackstonegriddles.ca\\\/product\\\/countertop-pizza-oven\\\/\",\"url\":\"https:\\\/\\\/blackstonegriddles.ca\\\/product\\\/countertop-pizza-oven\\\/\",\"name\":\"Countertop Pizza Oven With Pizza Peel - Blackstone Griddles\",\"isPartOf\":{\"@id\":\"https:\\\/\\\/blackstonegriddles.ca\\\/#website\"},\"primaryImageOfPage\":{\"@id\":\"https:\\\/\\\/blackstonegriddles.ca\\\/product\\\/countertop-pizza-oven\\\/#primaryimage\"},\"image\":{\"@id\":\"https:\\\/\\\/blackstonegriddles.ca\\\/product\\\/countertop-pizza-oven\\\/#primaryimage\"},\"thumbnailUrl\":\"https:\\\/\\\/blackstonegriddles.ca\\\/wp-content\\\/uploads\\\/2023\\\/06\\\/6830_CountertopPizzaOven_Pizza-1.png\",\"datePublished\":\"2023-01-10T19:11:14+00:00\",\"dateModified\":\"2026-04-21T13:12:33+00:00\",\"breadcrumb\":{\"@id\":\"https:\\\/\\\/blackstonegriddles.ca\\\/product\\\/countertop-pizza-oven\\\/#breadcrumb\"},\"inLanguage\":\"fr-CA\",\"potentialAction\":[{\"@type\":\"ReadAction\",\"target\":[\"https:\\\/\\\/blackstonegriddles.ca\\\/product\\\/countertop-pizza-oven\\\/\"]}]},{\"@type\":\"ImageObject\",\"inLanguage\":\"fr-CA\",\"@id\":\"https:\\\/\\\/blackstonegriddles.ca\\\/product\\\/countertop-pizza-oven\\\/#primaryimage\",\"url\":\"https:\\\/\\\/blackstonegriddles.ca\\\/wp-content\\\/uploads\\\/2023\\\/06\\\/6830_CountertopPizzaOven_Pizza-1.png\",\"contentUrl\":\"https:\\\/\\\/blackstonegriddles.ca\\\/wp-content\\\/uploads\\\/2023\\\/06\\\/6830_CountertopPizzaOven_Pizza-1.png\",\"width\":635,\"height\":531,\"caption\":\"blackstone counter top pizza oven\"},{\"@type\":\"BreadcrumbList\",\"@id\":\"https:\\\/\\\/blackstonegriddles.ca\\\/product\\\/countertop-pizza-oven\\\/#breadcrumb\",\"itemListElement\":[{\"@type\":\"ListItem\",\"position\":1,\"name\":\"Home\",\"item\":\"https:\\\/\\\/blackstonegriddles.ca\\\/\"},{\"@type\":\"ListItem\",\"position\":2,\"name\":\"Shop\",\"item\":\"https:\\\/\\\/blackstonegriddles.ca\\\/shop\\\/\"},{\"@type\":\"ListItem\",\"position\":3,\"name\":\"Countertop Pizza Oven With Pizza Peel\"}]},{\"@type\":\"WebSite\",\"@id\":\"https:\\\/\\\/blackstonegriddles.ca\\\/#website\",\"url\":\"https:\\\/\\\/blackstonegriddles.ca\\\/\",\"name\":\"Blackstone Griddles Canada\",\"description\":\"Blackstone Griddles official licensed dealer Canada\",\"publisher\":{\"@id\":\"https:\\\/\\\/blackstonegriddles.ca\\\/#organization\"},\"potentialAction\":[{\"@type\":\"SearchAction\",\"target\":{\"@type\":\"EntryPoint\",\"urlTemplate\":\"https:\\\/\\\/blackstonegriddles.ca\\\/?s={search_term_string}\"},\"query-input\":{\"@type\":\"PropertyValueSpecification\",\"valueRequired\":true,\"valueName\":\"search_term_string\"}}],\"inLanguage\":\"fr-CA\"},{\"@type\":\"Organization\",\"@id\":\"https:\\\/\\\/blackstonegriddles.ca\\\/#organization\",\"name\":\"Blackstone Griddles Canada\",\"url\":\"https:\\\/\\\/blackstonegriddles.ca\\\/\",\"logo\":{\"@type\":\"ImageObject\",\"inLanguage\":\"fr-CA\",\"@id\":\"https:\\\/\\\/blackstonegriddles.ca\\\/#\\\/schema\\\/logo\\\/image\\\/\",\"url\":\"https:\\\/\\\/blackstonegriddles.ca\\\/wp-content\\\/uploads\\\/2025\\\/02\\\/blackstone-fire-logo.webp\",\"contentUrl\":\"https:\\\/\\\/blackstonegriddles.ca\\\/wp-content\\\/uploads\\\/2025\\\/02\\\/blackstone-fire-logo.webp\",\"width\":53,\"height\":58,\"caption\":\"Blackstone Griddles Canada\"},\"image\":{\"@id\":\"https:\\\/\\\/blackstonegriddles.ca\\\/#\\\/schema\\\/logo\\\/image\\\/\"},\"sameAs\":[\"https:\\\/\\\/www.facebook.com\\\/blackstoneproducts\\\/\",\"https:\\\/\\\/x.com\\\/weareblackstone\",\"https:\\\/\\\/www.instagram.com\\\/blackstoneproducts\\\/\",\"https:\\\/\\\/www.youtube.com\\\/channel\\\/UCr39rimir8y3p-q1iQYidVA\"]}]}<\/script>\n<!-- \/ Yoast SEO plugin. -->","yoast_head_json":{"title":"Four \u00e0 pizza de comptoir avec peau de pizza - Blackstone Griddles","robots":{"index":"index","follow":"follow","max-snippet":"max-snippet:-1","max-image-preview":"max-image-preview:large","max-video-preview":"max-video-preview:-1"},"canonical":"https:\/\/blackstonegriddles.ca\/fr\/produit\/four-a-pizza-de-comptoir\/","og_locale":"fr_CA","og_type":"article","og_title":"Countertop Pizza Oven With Pizza Peel - Blackstone Griddles","og_description":"Make personalized pizzas or share family favorites with the Blackstone Countertop Pizza Oven. Designed for high-performance cooking, it can reach temperatures up to 900\u00b0F, allowing you to cook pizzas in as little as 90 seconds. Built with patented 2Stone Technology, it features a rotating stone on the bottom and a fixed stone on top to deliver even heat and consistent results. This bundle also includes an aluminum pizza peel, making it a practical addition to any outdoor kitchen setup.","og_url":"https:\/\/blackstonegriddles.ca\/fr\/produit\/four-a-pizza-de-comptoir\/","og_site_name":"Blackstone Griddles","article_publisher":"https:\/\/www.facebook.com\/blackstoneproducts\/","article_modified_time":"2026-04-21T13:12:33+00:00","og_image":[{"width":635,"height":531,"url":"https:\/\/blackstonegriddles.ca\/wp-content\/uploads\/2023\/06\/6830_CountertopPizzaOven_Pizza-1.png","type":"image\/png"}],"twitter_card":"summary_large_image","twitter_site":"@weareblackstone","twitter_misc":{"Estimation du temps de lecture":"1 minute"},"schema":{"@context":"https:\/\/schema.org","@graph":[{"@type":"WebPage","@id":"https:\/\/blackstonegriddles.ca\/product\/countertop-pizza-oven\/","url":"https:\/\/blackstonegriddles.ca\/product\/countertop-pizza-oven\/","name":"Four \u00e0 pizza de comptoir avec peau de pizza - Blackstone Griddles","isPartOf":{"@id":"https:\/\/blackstonegriddles.ca\/#website"},"primaryImageOfPage":{"@id":"https:\/\/blackstonegriddles.ca\/product\/countertop-pizza-oven\/#primaryimage"},"image":{"@id":"https:\/\/blackstonegriddles.ca\/product\/countertop-pizza-oven\/#primaryimage"},"thumbnailUrl":"https:\/\/blackstonegriddles.ca\/wp-content\/uploads\/2023\/06\/6830_CountertopPizzaOven_Pizza-1.png","datePublished":"2023-01-10T19:11:14+00:00","dateModified":"2026-04-21T13:12:33+00:00","breadcrumb":{"@id":"https:\/\/blackstonegriddles.ca\/product\/countertop-pizza-oven\/#breadcrumb"},"inLanguage":"fr-CA","potentialAction":[{"@type":"ReadAction","target":["https:\/\/blackstonegriddles.ca\/product\/countertop-pizza-oven\/"]}]},{"@type":"ImageObject","inLanguage":"fr-CA","@id":"https:\/\/blackstonegriddles.ca\/product\/countertop-pizza-oven\/#primaryimage","url":"https:\/\/blackstonegriddles.ca\/wp-content\/uploads\/2023\/06\/6830_CountertopPizzaOven_Pizza-1.png","contentUrl":"https:\/\/blackstonegriddles.ca\/wp-content\/uploads\/2023\/06\/6830_CountertopPizzaOven_Pizza-1.png","width":635,"height":531,"caption":"blackstone counter top pizza oven"},{"@type":"BreadcrumbList","@id":"https:\/\/blackstonegriddles.ca\/product\/countertop-pizza-oven\/#breadcrumb","itemListElement":[{"@type":"ListItem","position":1,"name":"Home","item":"https:\/\/blackstonegriddles.ca\/"},{"@type":"ListItem","position":2,"name":"Shop","item":"https:\/\/blackstonegriddles.ca\/shop\/"},{"@type":"ListItem","position":3,"name":"Countertop Pizza Oven With Pizza Peel"}]},{"@type":"WebSite","@id":"https:\/\/blackstonegriddles.ca\/#website","url":"https:\/\/blackstonegriddles.ca\/","name":"Grils Blackstone Canada","description":"Blackstone Griddles distributeur officiel agr\u00e9\u00e9 Canada","publisher":{"@id":"https:\/\/blackstonegriddles.ca\/#organization"},"potentialAction":[{"@type":"SearchAction","target":{"@type":"EntryPoint","urlTemplate":"https:\/\/blackstonegriddles.ca\/?s={search_term_string}"},"query-input":{"@type":"PropertyValueSpecification","valueRequired":true,"valueName":"search_term_string"}}],"inLanguage":"fr-CA"},{"@type":"Organization","@id":"https:\/\/blackstonegriddles.ca\/#organization","name":"Grils Blackstone Canada","url":"https:\/\/blackstonegriddles.ca\/","logo":{"@type":"ImageObject","inLanguage":"fr-CA","@id":"https:\/\/blackstonegriddles.ca\/#\/schema\/logo\/image\/","url":"https:\/\/blackstonegriddles.ca\/wp-content\/uploads\/2025\/02\/blackstone-fire-logo.webp","contentUrl":"https:\/\/blackstonegriddles.ca\/wp-content\/uploads\/2025\/02\/blackstone-fire-logo.webp","width":53,"height":58,"caption":"Blackstone Griddles Canada"},"image":{"@id":"https:\/\/blackstonegriddles.ca\/#\/schema\/logo\/image\/"},"sameAs":["https:\/\/www.facebook.com\/blackstoneproducts\/","https:\/\/x.com\/weareblackstone","https:\/\/www.instagram.com\/blackstoneproducts\/","https:\/\/www.youtube.com\/channel\/UCr39rimir8y3p-q1iQYidVA"]}]}},"_links":{"self":[{"href":"https:\/\/blackstonegriddles.ca\/fr\/wp-json\/wp\/v2\/product\/29822","targetHints":{"allow":["GET"]}}],"collection":[{"href":"https:\/\/blackstonegriddles.ca\/fr\/wp-json\/wp\/v2\/product"}],"about":[{"href":"https:\/\/blackstonegriddles.ca\/fr\/wp-json\/wp\/v2\/types\/product"}],"wp:featuredmedia":[{"embeddable":true,"href":"https:\/\/blackstonegriddles.ca\/fr\/wp-json\/wp\/v2\/media\/32419"}],"wp:attachment":[{"href":"https:\/\/blackstonegriddles.ca\/fr\/wp-json\/wp\/v2\/media?parent=29822"}],"wp:term":[{"taxonomy":"product_brand","embeddable":true,"href":"https:\/\/blackstonegriddles.ca\/fr\/wp-json\/wp\/v2\/product_brand?post=29822"},{"taxonomy":"product_cat","embeddable":true,"href":"https:\/\/blackstonegriddles.ca\/fr\/wp-json\/wp\/v2\/product_cat?post=29822"},{"taxonomy":"product_tag","embeddable":true,"href":"https:\/\/blackstonegriddles.ca\/fr\/wp-json\/wp\/v2\/product_tag?post=29822"}],"curies":[{"name":"wp","href":"https:\/\/api.w.org\/{rel}","templated":true}]}}