{"id":29829,"date":"2022-12-16T19:46:23","date_gmt":"2022-12-16T19:46:23","guid":{"rendered":"https:\/\/blackstonegriddles.ca\/?post_type=product&#038;p=29829"},"modified":"2026-04-09T16:00:34","modified_gmt":"2026-04-09T16:00:34","slug":"patio-36in-cabinet-griddle-with-airfryer","status":"publish","type":"product","link":"https:\/\/blackstonegriddles.ca\/fr\/product\/patio-36in-cabinet-griddle-with-airfryer\/","title":{"rendered":"Blackstone 36inch Patio Series Griddle with Cabinets and Air Fryer (gril de 36 pouces avec armoires et friteuse \u00e0 air)"},"content":{"rendered":"<ul class=\"product-features\">\n<li>\n<div id=\"ember34\" class=\"ember-view\"><span class=\"_value-text_xztep4\" title=\"36\">36\u2033 Air Fryer Griddle &amp; Hood.<\/span><\/div>\n<\/li>\n<\/ul>\n<ul class=\"product-features\">\n<li>\n<div id=\"ember36\" class=\"ember-view\"><span class=\"_value-text_xztep4\" title=\"Quatre zones de cuisson principales contr\u00f4l\u00e9es ind\u00e9pendamment avec un total de 60 000 BTU - plus 13 000 BTU de performance suppl\u00e9mentaire sur le br\u00fbleur Air Fryer.\">Quatre zones de cuisson principales contr\u00f4l\u00e9es ind\u00e9pendamment avec un total de 60 000 BTU - plus 13 000 BTU de performance suppl\u00e9mentaire sur le br\u00fbleur Air Fryer.<\/span><\/div>\n<\/li>\n<\/ul>\n<ul class=\"product-features\">\n<li>\n<div id=\"ember38\" class=\"ember-view\"><span class=\"_value-text_xztep4\" title=\"Deux tiroirs de friture active (4 qt. chacun), un tiroir chauffant (4 qt.).\">Deux tiroirs de friture active (4 qt. chacun), un tiroir chauffant (4 qt.).<\/span><\/div>\n<\/li>\n<\/ul>\n<ul class=\"product-features\">\n<li>\n<div id=\"ember40\" class=\"ember-view\"><span class=\"_value-text_xztep4\" title=\"Deux \u00e9tag\u00e8res lat\u00e9rales, porte-essuie-tout, porte-sac \u00e0 ordures, planche \u00e0 d\u00e9couper sur l&#039;\u00e9tag\u00e8re lat\u00e9rale.\">Deux \u00e9tag\u00e8res lat\u00e9rales, porte-essuie-tout, porte-sac \u00e0 ordures, planche \u00e0 d\u00e9couper sur l'\u00e9tag\u00e8re lat\u00e9rale.<\/span><\/div>\n<\/li>\n<\/ul>\n<ul class=\"product-features\">\n<li>\n<div id=\"ember42\" class=\"ember-view\"><span class=\"_value-text_xztep4\" title=\"Syst\u00e8me brevet\u00e9 de gestion de la graisse \u00e0 l&#039;arri\u00e8re.\">Syst\u00e8me brevet\u00e9 de gestion de la graisse \u00e0 l'arri\u00e8re.<\/span><\/div>\n<\/li>\n<\/ul>\n<ul class=\"product-features\">\n<li>\n<div id=\"ember44\" class=\"ember-view\"><span class=\"_value-text_xztep4\" title=\"D\u00e9marrage \u00e9lectronique.\">D\u00e9marrage \u00e9lectronique.<\/span><\/div>\n<\/li>\n<\/ul>\n<ul class=\"product-features\">\n<li>\n<div id=\"ember46\" class=\"ember-view\"><span class=\"_value-text_xztep4\" title=\"Garantie de 1 an\">Garantie de 1 an<\/span><\/div>\n<\/li>\n<\/ul>","protected":false},"excerpt":{"rendered":"<p>Avec trois zones de cuisson contr\u00f4l\u00e9es ind\u00e9pendamment et une puissance de 60 000 BTU, la plaque de cuisson Patio 36\" avec s\u00e9choir \u00e0 air est s\u00fbre d'atteindre rapidement la temp\u00e9rature souhait\u00e9e sur le dessus de la plaque, tout en faisant frire parfaitement tous les accompagnements imaginables. Cette combinaison vous permet de pr\u00e9parer des hamburgers et des frites sans jamais quitter votre plancha. Avec une capacit\u00e9 de friture de 4 litres et un tiroir chauffant de 4 litres, vous pouvez facilement pr\u00e9parer un plat \u00e0 partager et le garder au chaud jusqu'\u00e0 ce que le reste de vos aliments soit pr\u00eat !<\/p>","protected":false},"featured_media":29832,"template":"","meta":[],"product_brand":[],"product_cat":[158,154],"product_tag":[],"class_list":{"0":"post-29829","1":"product","2":"type-product","3":"status-publish","4":"has-post-thumbnail","6":"product_cat-158","7":"product_cat-griddles","8":"product_shipping_class-36-griddle","10":"first","11":"instock","12":"taxable","13":"shipping-taxable","14":"purchasable","15":"product-type-simple"},"yoast_head":"<!-- This site is optimized with the Yoast SEO plugin v27.3 - https:\/\/yoast.com\/product\/yoast-seo-wordpress\/ -->\n<title>Blackstone 36inch Patio Series Griddle with Cabinets and Air Fryer - Blackstone Griddles<\/title>\n<meta name=\"robots\" content=\"index, follow, max-snippet:-1, max-image-preview:large, max-video-preview:-1\" \/>\n<link rel=\"canonical\" href=\"https:\/\/blackstonegriddles.ca\/fr\/produit\/patio-36in-cabinet-griddle-with-airfryer\/\" \/>\n<meta property=\"og:locale\" content=\"fr_CA\" \/>\n<meta property=\"og:type\" content=\"article\" \/>\n<meta property=\"og:title\" content=\"Blackstone 36inch Patio Series Griddle with Cabinets and Air Fryer - Blackstone Griddles\" \/>\n<meta property=\"og:description\" content=\"With Three independently controlled cooking zones pumping out a whopping 60,000 BTUs, the Patio 36\u201d Cabinet Griddle W\/Airfryer is sure to quickly get your griddle top to your desired temperature while perfectly frying any side imaginable. This combo allows you to make burgers and fries without ever leaving your griddle. With 4 quarts of frying capacity and a 4 -quart warming drawer, easily make a shareable side and keep it warm until the rest of your foods ready!\" \/>\n<meta property=\"og:url\" content=\"https:\/\/blackstonegriddles.ca\/fr\/produit\/patio-36in-cabinet-griddle-with-airfryer\/\" \/>\n<meta property=\"og:site_name\" content=\"Blackstone Griddles\" \/>\n<meta property=\"article:publisher\" content=\"https:\/\/www.facebook.com\/blackstoneproducts\/\" \/>\n<meta property=\"article:modified_time\" content=\"2026-04-09T16:00:34+00:00\" \/>\n<meta property=\"og:image\" content=\"https:\/\/blackstonegriddles.ca\/wp-content\/uploads\/2022\/12\/1923-Patio-4-Burner-Airfryer-Combo_1000x1000_V2.1267-1.jpg\" \/>\n\t<meta property=\"og:image:width\" content=\"400\" \/>\n\t<meta property=\"og:image:height\" content=\"400\" \/>\n\t<meta property=\"og:image:type\" content=\"image\/jpeg\" \/>\n<meta name=\"twitter:card\" content=\"summary_large_image\" \/>\n<meta name=\"twitter:site\" content=\"@weareblackstone\" \/>\n<meta name=\"twitter:label1\" content=\"Estimation du temps de lecture\" \/>\n\t<meta name=\"twitter:data1\" content=\"1 minute\" \/>\n<script type=\"application\/ld+json\" class=\"yoast-schema-graph\">{\"@context\":\"https:\\\/\\\/schema.org\",\"@graph\":[{\"@type\":\"WebPage\",\"@id\":\"https:\\\/\\\/blackstonegriddles.ca\\\/product\\\/patio-36in-cabinet-griddle-with-airfryer\\\/\",\"url\":\"https:\\\/\\\/blackstonegriddles.ca\\\/product\\\/patio-36in-cabinet-griddle-with-airfryer\\\/\",\"name\":\"Blackstone 36inch Patio Series Griddle with Cabinets and Air Fryer - Blackstone Griddles\",\"isPartOf\":{\"@id\":\"https:\\\/\\\/blackstonegriddles.ca\\\/#website\"},\"primaryImageOfPage\":{\"@id\":\"https:\\\/\\\/blackstonegriddles.ca\\\/product\\\/patio-36in-cabinet-griddle-with-airfryer\\\/#primaryimage\"},\"image\":{\"@id\":\"https:\\\/\\\/blackstonegriddles.ca\\\/product\\\/patio-36in-cabinet-griddle-with-airfryer\\\/#primaryimage\"},\"thumbnailUrl\":\"https:\\\/\\\/blackstonegriddles.ca\\\/wp-content\\\/uploads\\\/2022\\\/12\\\/1923-Patio-4-Burner-Airfryer-Combo_1000x1000_V2.1267-1.jpg\",\"datePublished\":\"2022-12-16T19:46:23+00:00\",\"dateModified\":\"2026-04-09T16:00:34+00:00\",\"breadcrumb\":{\"@id\":\"https:\\\/\\\/blackstonegriddles.ca\\\/product\\\/patio-36in-cabinet-griddle-with-airfryer\\\/#breadcrumb\"},\"inLanguage\":\"fr-CA\",\"potentialAction\":[{\"@type\":\"ReadAction\",\"target\":[\"https:\\\/\\\/blackstonegriddles.ca\\\/product\\\/patio-36in-cabinet-griddle-with-airfryer\\\/\"]}]},{\"@type\":\"ImageObject\",\"inLanguage\":\"fr-CA\",\"@id\":\"https:\\\/\\\/blackstonegriddles.ca\\\/product\\\/patio-36in-cabinet-griddle-with-airfryer\\\/#primaryimage\",\"url\":\"https:\\\/\\\/blackstonegriddles.ca\\\/wp-content\\\/uploads\\\/2022\\\/12\\\/1923-Patio-4-Burner-Airfryer-Combo_1000x1000_V2.1267-1.jpg\",\"contentUrl\":\"https:\\\/\\\/blackstonegriddles.ca\\\/wp-content\\\/uploads\\\/2022\\\/12\\\/1923-Patio-4-Burner-Airfryer-Combo_1000x1000_V2.1267-1.jpg\",\"width\":400,\"height\":400,\"caption\":\"Patio 36in Cabinet Griddle W\\\/Airfryer\"},{\"@type\":\"BreadcrumbList\",\"@id\":\"https:\\\/\\\/blackstonegriddles.ca\\\/product\\\/patio-36in-cabinet-griddle-with-airfryer\\\/#breadcrumb\",\"itemListElement\":[{\"@type\":\"ListItem\",\"position\":1,\"name\":\"Home\",\"item\":\"https:\\\/\\\/blackstonegriddles.ca\\\/\"},{\"@type\":\"ListItem\",\"position\":2,\"name\":\"Shop\",\"item\":\"https:\\\/\\\/blackstonegriddles.ca\\\/shop\\\/\"},{\"@type\":\"ListItem\",\"position\":3,\"name\":\"Blackstone 36inch Patio Series Griddle with Cabinets and Air Fryer\"}]},{\"@type\":\"WebSite\",\"@id\":\"https:\\\/\\\/blackstonegriddles.ca\\\/#website\",\"url\":\"https:\\\/\\\/blackstonegriddles.ca\\\/\",\"name\":\"Blackstone Griddles Canada\",\"description\":\"Blackstone Griddles official licensed dealer Canada\",\"publisher\":{\"@id\":\"https:\\\/\\\/blackstonegriddles.ca\\\/#organization\"},\"potentialAction\":[{\"@type\":\"SearchAction\",\"target\":{\"@type\":\"EntryPoint\",\"urlTemplate\":\"https:\\\/\\\/blackstonegriddles.ca\\\/?s={search_term_string}\"},\"query-input\":{\"@type\":\"PropertyValueSpecification\",\"valueRequired\":true,\"valueName\":\"search_term_string\"}}],\"inLanguage\":\"fr-CA\"},{\"@type\":\"Organization\",\"@id\":\"https:\\\/\\\/blackstonegriddles.ca\\\/#organization\",\"name\":\"Blackstone Griddles Canada\",\"url\":\"https:\\\/\\\/blackstonegriddles.ca\\\/\",\"logo\":{\"@type\":\"ImageObject\",\"inLanguage\":\"fr-CA\",\"@id\":\"https:\\\/\\\/blackstonegriddles.ca\\\/#\\\/schema\\\/logo\\\/image\\\/\",\"url\":\"https:\\\/\\\/blackstonegriddles.ca\\\/wp-content\\\/uploads\\\/2025\\\/02\\\/blackstone-fire-logo.webp\",\"contentUrl\":\"https:\\\/\\\/blackstonegriddles.ca\\\/wp-content\\\/uploads\\\/2025\\\/02\\\/blackstone-fire-logo.webp\",\"width\":53,\"height\":58,\"caption\":\"Blackstone Griddles Canada\"},\"image\":{\"@id\":\"https:\\\/\\\/blackstonegriddles.ca\\\/#\\\/schema\\\/logo\\\/image\\\/\"},\"sameAs\":[\"https:\\\/\\\/www.facebook.com\\\/blackstoneproducts\\\/\",\"https:\\\/\\\/x.com\\\/weareblackstone\",\"https:\\\/\\\/www.instagram.com\\\/blackstoneproducts\\\/\",\"https:\\\/\\\/www.youtube.com\\\/channel\\\/UCr39rimir8y3p-q1iQYidVA\"]}]}<\/script>\n<!-- \/ Yoast SEO plugin. -->","yoast_head_json":{"title":"Blackstone 36inch Patio Series Griddle with Cabinets and Air Fryer - Blackstone Griddles","robots":{"index":"index","follow":"follow","max-snippet":"max-snippet:-1","max-image-preview":"max-image-preview:large","max-video-preview":"max-video-preview:-1"},"canonical":"https:\/\/blackstonegriddles.ca\/fr\/produit\/patio-36in-cabinet-griddle-with-airfryer\/","og_locale":"fr_CA","og_type":"article","og_title":"Blackstone 36inch Patio Series Griddle with Cabinets and Air Fryer - Blackstone Griddles","og_description":"With Three independently controlled cooking zones pumping out a whopping 60,000 BTUs, the Patio 36\u201d Cabinet Griddle W\/Airfryer is sure to quickly get your griddle top to your desired temperature while perfectly frying any side imaginable. This combo allows you to make burgers and fries without ever leaving your griddle. With 4 quarts of frying capacity and a 4 -quart warming drawer, easily make a shareable side and keep it warm until the rest of your foods ready!","og_url":"https:\/\/blackstonegriddles.ca\/fr\/produit\/patio-36in-cabinet-griddle-with-airfryer\/","og_site_name":"Blackstone Griddles","article_publisher":"https:\/\/www.facebook.com\/blackstoneproducts\/","article_modified_time":"2026-04-09T16:00:34+00:00","og_image":[{"width":400,"height":400,"url":"https:\/\/blackstonegriddles.ca\/wp-content\/uploads\/2022\/12\/1923-Patio-4-Burner-Airfryer-Combo_1000x1000_V2.1267-1.jpg","type":"image\/jpeg"}],"twitter_card":"summary_large_image","twitter_site":"@weareblackstone","twitter_misc":{"Estimation du temps de lecture":"1 minute"},"schema":{"@context":"https:\/\/schema.org","@graph":[{"@type":"WebPage","@id":"https:\/\/blackstonegriddles.ca\/product\/patio-36in-cabinet-griddle-with-airfryer\/","url":"https:\/\/blackstonegriddles.ca\/product\/patio-36in-cabinet-griddle-with-airfryer\/","name":"Blackstone 36inch Patio Series Griddle with Cabinets and Air Fryer - Blackstone Griddles","isPartOf":{"@id":"https:\/\/blackstonegriddles.ca\/#website"},"primaryImageOfPage":{"@id":"https:\/\/blackstonegriddles.ca\/product\/patio-36in-cabinet-griddle-with-airfryer\/#primaryimage"},"image":{"@id":"https:\/\/blackstonegriddles.ca\/product\/patio-36in-cabinet-griddle-with-airfryer\/#primaryimage"},"thumbnailUrl":"https:\/\/blackstonegriddles.ca\/wp-content\/uploads\/2022\/12\/1923-Patio-4-Burner-Airfryer-Combo_1000x1000_V2.1267-1.jpg","datePublished":"2022-12-16T19:46:23+00:00","dateModified":"2026-04-09T16:00:34+00:00","breadcrumb":{"@id":"https:\/\/blackstonegriddles.ca\/product\/patio-36in-cabinet-griddle-with-airfryer\/#breadcrumb"},"inLanguage":"fr-CA","potentialAction":[{"@type":"ReadAction","target":["https:\/\/blackstonegriddles.ca\/product\/patio-36in-cabinet-griddle-with-airfryer\/"]}]},{"@type":"ImageObject","inLanguage":"fr-CA","@id":"https:\/\/blackstonegriddles.ca\/product\/patio-36in-cabinet-griddle-with-airfryer\/#primaryimage","url":"https:\/\/blackstonegriddles.ca\/wp-content\/uploads\/2022\/12\/1923-Patio-4-Burner-Airfryer-Combo_1000x1000_V2.1267-1.jpg","contentUrl":"https:\/\/blackstonegriddles.ca\/wp-content\/uploads\/2022\/12\/1923-Patio-4-Burner-Airfryer-Combo_1000x1000_V2.1267-1.jpg","width":400,"height":400,"caption":"Patio 36in Cabinet Griddle W\/Airfryer"},{"@type":"BreadcrumbList","@id":"https:\/\/blackstonegriddles.ca\/product\/patio-36in-cabinet-griddle-with-airfryer\/#breadcrumb","itemListElement":[{"@type":"ListItem","position":1,"name":"Home","item":"https:\/\/blackstonegriddles.ca\/"},{"@type":"ListItem","position":2,"name":"Shop","item":"https:\/\/blackstonegriddles.ca\/shop\/"},{"@type":"ListItem","position":3,"name":"Blackstone 36inch Patio Series Griddle with Cabinets and Air Fryer"}]},{"@type":"WebSite","@id":"https:\/\/blackstonegriddles.ca\/#website","url":"https:\/\/blackstonegriddles.ca\/","name":"Grils Blackstone Canada","description":"Blackstone Griddles distributeur officiel agr\u00e9\u00e9 Canada","publisher":{"@id":"https:\/\/blackstonegriddles.ca\/#organization"},"potentialAction":[{"@type":"SearchAction","target":{"@type":"EntryPoint","urlTemplate":"https:\/\/blackstonegriddles.ca\/?s={search_term_string}"},"query-input":{"@type":"PropertyValueSpecification","valueRequired":true,"valueName":"search_term_string"}}],"inLanguage":"fr-CA"},{"@type":"Organization","@id":"https:\/\/blackstonegriddles.ca\/#organization","name":"Grils Blackstone Canada","url":"https:\/\/blackstonegriddles.ca\/","logo":{"@type":"ImageObject","inLanguage":"fr-CA","@id":"https:\/\/blackstonegriddles.ca\/#\/schema\/logo\/image\/","url":"https:\/\/blackstonegriddles.ca\/wp-content\/uploads\/2025\/02\/blackstone-fire-logo.webp","contentUrl":"https:\/\/blackstonegriddles.ca\/wp-content\/uploads\/2025\/02\/blackstone-fire-logo.webp","width":53,"height":58,"caption":"Blackstone Griddles Canada"},"image":{"@id":"https:\/\/blackstonegriddles.ca\/#\/schema\/logo\/image\/"},"sameAs":["https:\/\/www.facebook.com\/blackstoneproducts\/","https:\/\/x.com\/weareblackstone","https:\/\/www.instagram.com\/blackstoneproducts\/","https:\/\/www.youtube.com\/channel\/UCr39rimir8y3p-q1iQYidVA"]}]}},"_links":{"self":[{"href":"https:\/\/blackstonegriddles.ca\/fr\/wp-json\/wp\/v2\/product\/29829","targetHints":{"allow":["GET"]}}],"collection":[{"href":"https:\/\/blackstonegriddles.ca\/fr\/wp-json\/wp\/v2\/product"}],"about":[{"href":"https:\/\/blackstonegriddles.ca\/fr\/wp-json\/wp\/v2\/types\/product"}],"wp:featuredmedia":[{"embeddable":true,"href":"https:\/\/blackstonegriddles.ca\/fr\/wp-json\/wp\/v2\/media\/29832"}],"wp:attachment":[{"href":"https:\/\/blackstonegriddles.ca\/fr\/wp-json\/wp\/v2\/media?parent=29829"}],"wp:term":[{"taxonomy":"product_brand","embeddable":true,"href":"https:\/\/blackstonegriddles.ca\/fr\/wp-json\/wp\/v2\/product_brand?post=29829"},{"taxonomy":"product_cat","embeddable":true,"href":"https:\/\/blackstonegriddles.ca\/fr\/wp-json\/wp\/v2\/product_cat?post=29829"},{"taxonomy":"product_tag","embeddable":true,"href":"https:\/\/blackstonegriddles.ca\/fr\/wp-json\/wp\/v2\/product_tag?post=29829"}],"curies":[{"name":"wp","href":"https:\/\/api.w.org\/{rel}","templated":true}]}}