{"id":30233,"date":"2023-01-27T18:51:00","date_gmt":"2023-01-27T18:51:00","guid":{"rendered":"https:\/\/blackstonegriddles.ca\/?post_type=product&#038;p=30233"},"modified":"2026-04-06T12:39:57","modified_gmt":"2026-04-06T12:39:57","slug":"22-couvercle-de-four-a-pizza-portable","status":"publish","type":"product","link":"https:\/\/blackstonegriddles.ca\/fr\/product\/22-portable-pizza-oven-cover\/","title":{"rendered":"22\u2033 Couvercle de four \u00e0 pizza portable"},"content":{"rendered":"","protected":false},"excerpt":{"rendered":"<p>Prot\u00e9gez votre four \u00e0 pizza portable avec cette housse Blackstone personnalis\u00e9e. Construite avec des mat\u00e9riaux de qualit\u00e9 pour r\u00e9sister aux environnements les plus difficiles afin que vous puissiez cuisiner des pizzas tout au long de l'ann\u00e9e.Compatible avec les unit\u00e9s suivantes :<\/p>\n<ul>\n<li>6964 Four \u00e0 pizza portable<\/li>\n<li>6962 OTG Kit de conversion pour four \u00e0 pizza<\/li>\n<li>6963 OTG Four \u00e0 pizza et gril portables<\/li>\n<li>6961 Four \u00e0 pizza portable<\/li>\n<li>6960 Kit de mise \u00e0 niveau du four \u00e0 pizza<\/li>\n<\/ul>","protected":false},"featured_media":30235,"template":"","meta":[],"product_brand":[],"product_cat":[237],"product_tag":[],"class_list":{"0":"post-30233","1":"product","2":"type-product","3":"status-publish","4":"has-post-thumbnail","6":"product_cat-pizza-accessories","7":"product_shipping_class-accessories","9":"first","10":"instock","11":"taxable","12":"shipping-taxable","13":"purchasable","14":"product-type-simple"},"yoast_head":"<!-- This site is optimized with the Yoast SEO plugin v27.4 - https:\/\/yoast.com\/product\/yoast-seo-wordpress\/ -->\n<title>22&quot; Portable Pizza Oven Cover - Blackstone Griddles<\/title>\n<meta name=\"robots\" content=\"index, follow, max-snippet:-1, max-image-preview:large, max-video-preview:-1\" \/>\n<link rel=\"canonical\" href=\"https:\/\/blackstonegriddles.ca\/fr\/produit\/22-couvercle-de-four-a-pizza-portable\/\" \/>\n<meta property=\"og:locale\" content=\"fr_CA\" \/>\n<meta property=\"og:type\" content=\"article\" \/>\n<meta property=\"og:title\" content=\"22&quot; Portable Pizza Oven Cover - Blackstone Griddles\" \/>\n<meta property=\"og:description\" content=\"Protect your portable pizza oven with this customized Blackstone cover. Built with quality materials to withstand the toughest environments so that you can cook pizza all year round.Compatible with the following units: 6964 Portable Pizza Oven 6962 OTG Pizza Oven Conversion Kit 6963 OTG Portable Pizza Oven &amp; Griddle 6961 Portable Pizza Oven 6960 Pizza Oven Upgrade Kit\" \/>\n<meta property=\"og:url\" content=\"https:\/\/blackstonegriddles.ca\/fr\/produit\/22-couvercle-de-four-a-pizza-portable\/\" \/>\n<meta property=\"og:site_name\" content=\"Blackstone Griddles\" \/>\n<meta property=\"article:publisher\" content=\"https:\/\/www.facebook.com\/blackstoneproducts\/\" \/>\n<meta property=\"article:modified_time\" content=\"2026-04-06T12:39:57+00:00\" \/>\n<meta property=\"og:image\" content=\"https:\/\/blackstonegriddles.ca\/wp-content\/uploads\/2023\/01\/22-portable-pizza-oven-cover-278521_large-1.jpg\" \/>\n\t<meta property=\"og:image:width\" content=\"480\" \/>\n\t<meta property=\"og:image:height\" content=\"480\" \/>\n\t<meta property=\"og:image:type\" content=\"image\/jpeg\" \/>\n<meta name=\"twitter:card\" content=\"summary_large_image\" \/>\n<meta name=\"twitter:site\" content=\"@weareblackstone\" \/>\n<script type=\"application\/ld+json\" class=\"yoast-schema-graph\">{\"@context\":\"https:\\\/\\\/schema.org\",\"@graph\":[{\"@type\":\"WebPage\",\"@id\":\"https:\\\/\\\/blackstonegriddles.ca\\\/product\\\/22-portable-pizza-oven-cover\\\/\",\"url\":\"https:\\\/\\\/blackstonegriddles.ca\\\/product\\\/22-portable-pizza-oven-cover\\\/\",\"name\":\"22\\\" Portable Pizza Oven Cover - Blackstone Griddles\",\"isPartOf\":{\"@id\":\"https:\\\/\\\/blackstonegriddles.ca\\\/#website\"},\"primaryImageOfPage\":{\"@id\":\"https:\\\/\\\/blackstonegriddles.ca\\\/product\\\/22-portable-pizza-oven-cover\\\/#primaryimage\"},\"image\":{\"@id\":\"https:\\\/\\\/blackstonegriddles.ca\\\/product\\\/22-portable-pizza-oven-cover\\\/#primaryimage\"},\"thumbnailUrl\":\"https:\\\/\\\/blackstonegriddles.ca\\\/wp-content\\\/uploads\\\/2023\\\/01\\\/22-portable-pizza-oven-cover-278521_large-1.jpg\",\"datePublished\":\"2023-01-27T18:51:00+00:00\",\"dateModified\":\"2026-04-06T12:39:57+00:00\",\"breadcrumb\":{\"@id\":\"https:\\\/\\\/blackstonegriddles.ca\\\/product\\\/22-portable-pizza-oven-cover\\\/#breadcrumb\"},\"inLanguage\":\"fr-CA\",\"potentialAction\":[{\"@type\":\"ReadAction\",\"target\":[\"https:\\\/\\\/blackstonegriddles.ca\\\/product\\\/22-portable-pizza-oven-cover\\\/\"]}]},{\"@type\":\"ImageObject\",\"inLanguage\":\"fr-CA\",\"@id\":\"https:\\\/\\\/blackstonegriddles.ca\\\/product\\\/22-portable-pizza-oven-cover\\\/#primaryimage\",\"url\":\"https:\\\/\\\/blackstonegriddles.ca\\\/wp-content\\\/uploads\\\/2023\\\/01\\\/22-portable-pizza-oven-cover-278521_large-1.jpg\",\"contentUrl\":\"https:\\\/\\\/blackstonegriddles.ca\\\/wp-content\\\/uploads\\\/2023\\\/01\\\/22-portable-pizza-oven-cover-278521_large-1.jpg\",\"width\":480,\"height\":480,\"caption\":\"portable pizza over cover\"},{\"@type\":\"BreadcrumbList\",\"@id\":\"https:\\\/\\\/blackstonegriddles.ca\\\/product\\\/22-portable-pizza-oven-cover\\\/#breadcrumb\",\"itemListElement\":[{\"@type\":\"ListItem\",\"position\":1,\"name\":\"Home\",\"item\":\"https:\\\/\\\/blackstonegriddles.ca\\\/\"},{\"@type\":\"ListItem\",\"position\":2,\"name\":\"Shop\",\"item\":\"https:\\\/\\\/blackstonegriddles.ca\\\/shop\\\/\"},{\"@type\":\"ListItem\",\"position\":3,\"name\":\"22&#8243; Portable Pizza Oven Cover\"}]},{\"@type\":\"WebSite\",\"@id\":\"https:\\\/\\\/blackstonegriddles.ca\\\/#website\",\"url\":\"https:\\\/\\\/blackstonegriddles.ca\\\/\",\"name\":\"Blackstone Griddles Canada\",\"description\":\"Blackstone Griddles official licensed dealer Canada\",\"publisher\":{\"@id\":\"https:\\\/\\\/blackstonegriddles.ca\\\/#organization\"},\"potentialAction\":[{\"@type\":\"SearchAction\",\"target\":{\"@type\":\"EntryPoint\",\"urlTemplate\":\"https:\\\/\\\/blackstonegriddles.ca\\\/?s={search_term_string}\"},\"query-input\":{\"@type\":\"PropertyValueSpecification\",\"valueRequired\":true,\"valueName\":\"search_term_string\"}}],\"inLanguage\":\"fr-CA\"},{\"@type\":\"Organization\",\"@id\":\"https:\\\/\\\/blackstonegriddles.ca\\\/#organization\",\"name\":\"Blackstone Griddles Canada\",\"url\":\"https:\\\/\\\/blackstonegriddles.ca\\\/\",\"logo\":{\"@type\":\"ImageObject\",\"inLanguage\":\"fr-CA\",\"@id\":\"https:\\\/\\\/blackstonegriddles.ca\\\/#\\\/schema\\\/logo\\\/image\\\/\",\"url\":\"https:\\\/\\\/blackstonegriddles.ca\\\/wp-content\\\/uploads\\\/2025\\\/02\\\/blackstone-fire-logo.webp\",\"contentUrl\":\"https:\\\/\\\/blackstonegriddles.ca\\\/wp-content\\\/uploads\\\/2025\\\/02\\\/blackstone-fire-logo.webp\",\"width\":53,\"height\":58,\"caption\":\"Blackstone Griddles Canada\"},\"image\":{\"@id\":\"https:\\\/\\\/blackstonegriddles.ca\\\/#\\\/schema\\\/logo\\\/image\\\/\"},\"sameAs\":[\"https:\\\/\\\/www.facebook.com\\\/blackstoneproducts\\\/\",\"https:\\\/\\\/x.com\\\/weareblackstone\",\"https:\\\/\\\/www.instagram.com\\\/blackstoneproducts\\\/\",\"https:\\\/\\\/www.youtube.com\\\/channel\\\/UCr39rimir8y3p-q1iQYidVA\"]}]}<\/script>\n<!-- \/ Yoast SEO plugin. -->","yoast_head_json":{"title":"Couvercle de four \u00e0 pizza portable 22\" - Blackstone Griddles","robots":{"index":"index","follow":"follow","max-snippet":"max-snippet:-1","max-image-preview":"max-image-preview:large","max-video-preview":"max-video-preview:-1"},"canonical":"https:\/\/blackstonegriddles.ca\/fr\/produit\/22-couvercle-de-four-a-pizza-portable\/","og_locale":"fr_CA","og_type":"article","og_title":"22\" Portable Pizza Oven Cover - Blackstone Griddles","og_description":"Protect your portable pizza oven with this customized Blackstone cover. Built with quality materials to withstand the toughest environments so that you can cook pizza all year round.Compatible with the following units: 6964 Portable Pizza Oven 6962 OTG Pizza Oven Conversion Kit 6963 OTG Portable Pizza Oven &amp; Griddle 6961 Portable Pizza Oven 6960 Pizza Oven Upgrade Kit","og_url":"https:\/\/blackstonegriddles.ca\/fr\/produit\/22-couvercle-de-four-a-pizza-portable\/","og_site_name":"Blackstone Griddles","article_publisher":"https:\/\/www.facebook.com\/blackstoneproducts\/","article_modified_time":"2026-04-06T12:39:57+00:00","og_image":[{"width":480,"height":480,"url":"https:\/\/blackstonegriddles.ca\/wp-content\/uploads\/2023\/01\/22-portable-pizza-oven-cover-278521_large-1.jpg","type":"image\/jpeg"}],"twitter_card":"summary_large_image","twitter_site":"@weareblackstone","schema":{"@context":"https:\/\/schema.org","@graph":[{"@type":"WebPage","@id":"https:\/\/blackstonegriddles.ca\/product\/22-portable-pizza-oven-cover\/","url":"https:\/\/blackstonegriddles.ca\/product\/22-portable-pizza-oven-cover\/","name":"Couvercle de four \u00e0 pizza portable 22\" - Blackstone Griddles","isPartOf":{"@id":"https:\/\/blackstonegriddles.ca\/#website"},"primaryImageOfPage":{"@id":"https:\/\/blackstonegriddles.ca\/product\/22-portable-pizza-oven-cover\/#primaryimage"},"image":{"@id":"https:\/\/blackstonegriddles.ca\/product\/22-portable-pizza-oven-cover\/#primaryimage"},"thumbnailUrl":"https:\/\/blackstonegriddles.ca\/wp-content\/uploads\/2023\/01\/22-portable-pizza-oven-cover-278521_large-1.jpg","datePublished":"2023-01-27T18:51:00+00:00","dateModified":"2026-04-06T12:39:57+00:00","breadcrumb":{"@id":"https:\/\/blackstonegriddles.ca\/product\/22-portable-pizza-oven-cover\/#breadcrumb"},"inLanguage":"fr-CA","potentialAction":[{"@type":"ReadAction","target":["https:\/\/blackstonegriddles.ca\/product\/22-portable-pizza-oven-cover\/"]}]},{"@type":"ImageObject","inLanguage":"fr-CA","@id":"https:\/\/blackstonegriddles.ca\/product\/22-portable-pizza-oven-cover\/#primaryimage","url":"https:\/\/blackstonegriddles.ca\/wp-content\/uploads\/2023\/01\/22-portable-pizza-oven-cover-278521_large-1.jpg","contentUrl":"https:\/\/blackstonegriddles.ca\/wp-content\/uploads\/2023\/01\/22-portable-pizza-oven-cover-278521_large-1.jpg","width":480,"height":480,"caption":"portable pizza over cover"},{"@type":"BreadcrumbList","@id":"https:\/\/blackstonegriddles.ca\/product\/22-portable-pizza-oven-cover\/#breadcrumb","itemListElement":[{"@type":"ListItem","position":1,"name":"Home","item":"https:\/\/blackstonegriddles.ca\/"},{"@type":"ListItem","position":2,"name":"Shop","item":"https:\/\/blackstonegriddles.ca\/shop\/"},{"@type":"ListItem","position":3,"name":"22&#8243; Portable Pizza Oven Cover"}]},{"@type":"WebSite","@id":"https:\/\/blackstonegriddles.ca\/#website","url":"https:\/\/blackstonegriddles.ca\/","name":"Grils Blackstone Canada","description":"Blackstone Griddles distributeur officiel agr\u00e9\u00e9 Canada","publisher":{"@id":"https:\/\/blackstonegriddles.ca\/#organization"},"potentialAction":[{"@type":"SearchAction","target":{"@type":"EntryPoint","urlTemplate":"https:\/\/blackstonegriddles.ca\/?s={search_term_string}"},"query-input":{"@type":"PropertyValueSpecification","valueRequired":true,"valueName":"search_term_string"}}],"inLanguage":"fr-CA"},{"@type":"Organization","@id":"https:\/\/blackstonegriddles.ca\/#organization","name":"Grils Blackstone Canada","url":"https:\/\/blackstonegriddles.ca\/","logo":{"@type":"ImageObject","inLanguage":"fr-CA","@id":"https:\/\/blackstonegriddles.ca\/#\/schema\/logo\/image\/","url":"https:\/\/blackstonegriddles.ca\/wp-content\/uploads\/2025\/02\/blackstone-fire-logo.webp","contentUrl":"https:\/\/blackstonegriddles.ca\/wp-content\/uploads\/2025\/02\/blackstone-fire-logo.webp","width":53,"height":58,"caption":"Blackstone Griddles Canada"},"image":{"@id":"https:\/\/blackstonegriddles.ca\/#\/schema\/logo\/image\/"},"sameAs":["https:\/\/www.facebook.com\/blackstoneproducts\/","https:\/\/x.com\/weareblackstone","https:\/\/www.instagram.com\/blackstoneproducts\/","https:\/\/www.youtube.com\/channel\/UCr39rimir8y3p-q1iQYidVA"]}]}},"_links":{"self":[{"href":"https:\/\/blackstonegriddles.ca\/fr\/wp-json\/wp\/v2\/product\/30233","targetHints":{"allow":["GET"]}}],"collection":[{"href":"https:\/\/blackstonegriddles.ca\/fr\/wp-json\/wp\/v2\/product"}],"about":[{"href":"https:\/\/blackstonegriddles.ca\/fr\/wp-json\/wp\/v2\/types\/product"}],"wp:featuredmedia":[{"embeddable":true,"href":"https:\/\/blackstonegriddles.ca\/fr\/wp-json\/wp\/v2\/media\/30235"}],"wp:attachment":[{"href":"https:\/\/blackstonegriddles.ca\/fr\/wp-json\/wp\/v2\/media?parent=30233"}],"wp:term":[{"taxonomy":"product_brand","embeddable":true,"href":"https:\/\/blackstonegriddles.ca\/fr\/wp-json\/wp\/v2\/product_brand?post=30233"},{"taxonomy":"product_cat","embeddable":true,"href":"https:\/\/blackstonegriddles.ca\/fr\/wp-json\/wp\/v2\/product_cat?post=30233"},{"taxonomy":"product_tag","embeddable":true,"href":"https:\/\/blackstonegriddles.ca\/fr\/wp-json\/wp\/v2\/product_tag?post=30233"}],"curies":[{"name":"wp","href":"https:\/\/api.w.org\/{rel}","templated":true}]}}