{"id":30363,"date":"2023-02-17T21:44:32","date_gmt":"2023-02-17T21:44:32","guid":{"rendered":"https:\/\/blackstonegriddles.ca\/?post_type=product&#038;p=30363"},"modified":"2026-04-20T15:27:55","modified_gmt":"2026-04-20T15:27:55","slug":"36-plaque-de-cuisson-avec-couvercle-rigide-etageres-hautes","status":"publish","type":"product","link":"https:\/\/blackstonegriddles.ca\/fr\/product\/36-griddle-w-hard-cover-high-shelves\/","title":{"rendered":"Gril 36\u2033 avec couvercle dur et \u00e9tag\u00e8res hautes"},"content":{"rendered":"<ul>\n<li data-section-id=\"1j2w925\" data-start=\"873\" data-end=\"973\"><strong data-start=\"875\" data-end=\"907\">Large Surface de Cuisson de 36\u201d<\/strong><br data-start=\"907\" data-end=\"910\" \/>Offre amplement d'espace pour cuire plusieurs aliments en m\u00eame temps<\/li>\n<li data-section-id=\"9vjll3\" data-start=\"975\" data-end=\"1068\"><strong data-start=\"977\" data-end=\"1009\">Distribution de chaleur uniforme<\/strong><br data-start=\"1009\" data-end=\"1012\" \/>Assure une cuisson uniforme sur toute la plaque du gril<\/li>\n<li data-section-id=\"4sjrq0\" data-start=\"1070\" data-end=\"1175\"><strong data-start=\"1072\" data-end=\"1097\">Protection rigide<\/strong><br data-start=\"1097\" data-end=\"1100\" \/>Aide \u00e0 prot\u00e9ger la surface de cuisson des \u00e9l\u00e9ments ext\u00e9rieurs lorsqu'elle n'est pas utilis\u00e9e<\/li>\n<li data-section-id=\"3k56st\" data-start=\"1177\" data-end=\"1273\"><strong data-start=\"1179\" data-end=\"1200\">\u00c9tag\u00e8res sup\u00e9rieures<\/strong><br data-start=\"1200\" data-end=\"1203\" \/>Offre un espace de travail suppl\u00e9mentaire pour la pr\u00e9paration des aliments et un acc\u00e8s facile aux outils<\/li>\n<li data-section-id=\"1pr3f5g\" data-start=\"1275\" data-end=\"1385\"><strong data-start=\"1277\" data-end=\"1313\">Conception pratique pour une utilisation en ext\u00e9rieur<\/strong><br data-start=\"1313\" data-end=\"1316\" \/>Con\u00e7u pour la cuisine de tous les jours, des repas rapides aux grandes r\u00e9unions<\/li>\n<\/ul>","protected":false},"excerpt":{"rendered":"<h3 class=\"sc-gGCDDS giZcCL pf-53_\" data-pf-type=\"Heading\"><span class=\"sc-gnnDb jPxwVa pf-55_\" data-pf-type=\"Text\">PR\u00c9PARER LE PETIT D\u00c9JEUNER, LE D\u00c9JEUNER ET LE D\u00ceNER<\/span><\/h3>\n<p data-start=\"195\" data-end=\"452\">La plancha Blackstone 36\u201d avec couvercle rigide et \u00e9tag\u00e8res hautes est con\u00e7ue pour une cuisine d'ext\u00e9rieur pratique et quotidienne. Avec une grande surface de cuisson, elle offre l'espace n\u00e9cessaire pour pr\u00e9parer plusieurs aliments \u00e0 la fois, ce qui la rend id\u00e9ale pour les repas de famille et les r\u00e9unions.<\/p>\n<p data-start=\"454\" data-end=\"719\">La plancha offre une chaleur constante sur toute sa surface, permettant d'obtenir des r\u00e9sultats de cuisson fiables. Le couvercle rigide inclus aide \u00e0 prot\u00e9ger la zone de cuisson lorsqu'elle n'est pas utilis\u00e9e, tandis que les \u00e9tag\u00e8res hautes offrent un espace de pr\u00e9paration et de rangement suppl\u00e9mentaire pour garder tout \u00e0 port\u00e9e de main.<\/p>\n<p data-start=\"721\" data-end=\"845\">Con\u00e7u pour la commodit\u00e9, cet ensemble permet une exp\u00e9rience culinaire organis\u00e9e et efficace dans n'importe quel environnement ext\u00e9rieur.<\/p>","protected":false},"featured_media":30365,"template":"","meta":[],"product_brand":[],"product_cat":[158,154],"product_tag":[],"class_list":{"0":"post-30363","1":"product","2":"type-product","3":"status-publish","4":"has-post-thumbnail","6":"product_cat-158","7":"product_cat-griddles","8":"product_shipping_class-36-griddle","10":"first","11":"instock","12":"taxable","13":"shipping-taxable","14":"purchasable","15":"product-type-simple"},"yoast_head":"<!-- This site is optimized with the Yoast SEO plugin v27.5 - https:\/\/yoast.com\/product\/yoast-seo-wordpress\/ -->\n<title>36&quot; Griddle W\/Hard Cover &amp; High Shelves - Blackstone Griddles<\/title>\n<meta name=\"description\" content=\"With 769 square inches of steel and four independent cooking zones, you can cook enough food to feed an army at any point in the day\" \/>\n<meta name=\"robots\" content=\"index, follow, max-snippet:-1, max-image-preview:large, max-video-preview:-1\" \/>\n<link rel=\"canonical\" href=\"https:\/\/blackstonegriddles.ca\/fr\/produit\/36-plaque-de-cuisson-avec-couvercle-rigide-etageres-hautes\/\" \/>\n<meta property=\"og:locale\" content=\"fr_CA\" \/>\n<meta property=\"og:type\" content=\"article\" \/>\n<meta property=\"og:title\" content=\"36&quot; Griddle W\/Hard Cover &amp; High Shelves - Blackstone Griddles\" \/>\n<meta property=\"og:description\" content=\"With 769 square inches of steel and four independent cooking zones, you can cook enough food to feed an army at any point in the day\" \/>\n<meta property=\"og:url\" content=\"https:\/\/blackstonegriddles.ca\/fr\/produit\/36-plaque-de-cuisson-avec-couvercle-rigide-etageres-hautes\/\" \/>\n<meta property=\"og:site_name\" content=\"Blackstone Griddles\" \/>\n<meta property=\"article:publisher\" content=\"https:\/\/www.facebook.com\/blackstoneproducts\/\" \/>\n<meta property=\"article:modified_time\" content=\"2026-04-20T15:27:55+00:00\" \/>\n<meta property=\"og:image\" content=\"https:\/\/blackstonegriddles.ca\/wp-content\/uploads\/2023\/02\/2122_36griddle_hardcover-1668103289893-1.png\" \/>\n\t<meta property=\"og:image:width\" content=\"1500\" \/>\n\t<meta property=\"og:image:height\" content=\"1228\" \/>\n\t<meta property=\"og:image:type\" content=\"image\/png\" \/>\n<meta name=\"twitter:card\" content=\"summary_large_image\" \/>\n<meta name=\"twitter:site\" content=\"@weareblackstone\" \/>\n<meta name=\"twitter:label1\" content=\"Estimation du temps de lecture\" \/>\n\t<meta name=\"twitter:data1\" content=\"1 minute\" \/>\n<script type=\"application\/ld+json\" class=\"yoast-schema-graph\">{\"@context\":\"https:\\\/\\\/schema.org\",\"@graph\":[{\"@type\":\"WebPage\",\"@id\":\"https:\\\/\\\/blackstonegriddles.ca\\\/product\\\/36-griddle-w-hard-cover-high-shelves\\\/\",\"url\":\"https:\\\/\\\/blackstonegriddles.ca\\\/product\\\/36-griddle-w-hard-cover-high-shelves\\\/\",\"name\":\"36\\\" Griddle W\\\/Hard Cover &amp; High Shelves - Blackstone Griddles\",\"isPartOf\":{\"@id\":\"https:\\\/\\\/blackstonegriddles.ca\\\/#website\"},\"primaryImageOfPage\":{\"@id\":\"https:\\\/\\\/blackstonegriddles.ca\\\/product\\\/36-griddle-w-hard-cover-high-shelves\\\/#primaryimage\"},\"image\":{\"@id\":\"https:\\\/\\\/blackstonegriddles.ca\\\/product\\\/36-griddle-w-hard-cover-high-shelves\\\/#primaryimage\"},\"thumbnailUrl\":\"https:\\\/\\\/blackstonegriddles.ca\\\/wp-content\\\/uploads\\\/2023\\\/02\\\/2122_36griddle_hardcover-1668103289893-1.png\",\"datePublished\":\"2023-02-17T21:44:32+00:00\",\"dateModified\":\"2026-04-20T15:27:55+00:00\",\"description\":\"With 769 square inches of steel and four independent cooking zones, you can cook enough food to feed an army at any point in the day\",\"breadcrumb\":{\"@id\":\"https:\\\/\\\/blackstonegriddles.ca\\\/product\\\/36-griddle-w-hard-cover-high-shelves\\\/#breadcrumb\"},\"inLanguage\":\"fr-CA\",\"potentialAction\":[{\"@type\":\"ReadAction\",\"target\":[\"https:\\\/\\\/blackstonegriddles.ca\\\/product\\\/36-griddle-w-hard-cover-high-shelves\\\/\"]}]},{\"@type\":\"ImageObject\",\"inLanguage\":\"fr-CA\",\"@id\":\"https:\\\/\\\/blackstonegriddles.ca\\\/product\\\/36-griddle-w-hard-cover-high-shelves\\\/#primaryimage\",\"url\":\"https:\\\/\\\/blackstonegriddles.ca\\\/wp-content\\\/uploads\\\/2023\\\/02\\\/2122_36griddle_hardcover-1668103289893-1.png\",\"contentUrl\":\"https:\\\/\\\/blackstonegriddles.ca\\\/wp-content\\\/uploads\\\/2023\\\/02\\\/2122_36griddle_hardcover-1668103289893-1.png\",\"width\":1500,\"height\":1228,\"caption\":\"36\\\" GRIDDLE W\\\/HARD COVER & HIGH SHELVES\"},{\"@type\":\"BreadcrumbList\",\"@id\":\"https:\\\/\\\/blackstonegriddles.ca\\\/product\\\/36-griddle-w-hard-cover-high-shelves\\\/#breadcrumb\",\"itemListElement\":[{\"@type\":\"ListItem\",\"position\":1,\"name\":\"Home\",\"item\":\"https:\\\/\\\/blackstonegriddles.ca\\\/\"},{\"@type\":\"ListItem\",\"position\":2,\"name\":\"Shop\",\"item\":\"https:\\\/\\\/blackstonegriddles.ca\\\/shop\\\/\"},{\"@type\":\"ListItem\",\"position\":3,\"name\":\"36&#8243; Griddle W\\\/Hard Cover &amp; High Shelves\"}]},{\"@type\":\"WebSite\",\"@id\":\"https:\\\/\\\/blackstonegriddles.ca\\\/#website\",\"url\":\"https:\\\/\\\/blackstonegriddles.ca\\\/\",\"name\":\"Blackstone Griddles Canada\",\"description\":\"Blackstone Griddles official licensed dealer Canada\",\"publisher\":{\"@id\":\"https:\\\/\\\/blackstonegriddles.ca\\\/#organization\"},\"potentialAction\":[{\"@type\":\"SearchAction\",\"target\":{\"@type\":\"EntryPoint\",\"urlTemplate\":\"https:\\\/\\\/blackstonegriddles.ca\\\/?s={search_term_string}\"},\"query-input\":{\"@type\":\"PropertyValueSpecification\",\"valueRequired\":true,\"valueName\":\"search_term_string\"}}],\"inLanguage\":\"fr-CA\"},{\"@type\":\"Organization\",\"@id\":\"https:\\\/\\\/blackstonegriddles.ca\\\/#organization\",\"name\":\"Blackstone Griddles Canada\",\"url\":\"https:\\\/\\\/blackstonegriddles.ca\\\/\",\"logo\":{\"@type\":\"ImageObject\",\"inLanguage\":\"fr-CA\",\"@id\":\"https:\\\/\\\/blackstonegriddles.ca\\\/#\\\/schema\\\/logo\\\/image\\\/\",\"url\":\"https:\\\/\\\/blackstonegriddles.ca\\\/wp-content\\\/uploads\\\/2025\\\/02\\\/blackstone-fire-logo.webp\",\"contentUrl\":\"https:\\\/\\\/blackstonegriddles.ca\\\/wp-content\\\/uploads\\\/2025\\\/02\\\/blackstone-fire-logo.webp\",\"width\":53,\"height\":58,\"caption\":\"Blackstone Griddles Canada\"},\"image\":{\"@id\":\"https:\\\/\\\/blackstonegriddles.ca\\\/#\\\/schema\\\/logo\\\/image\\\/\"},\"sameAs\":[\"https:\\\/\\\/www.facebook.com\\\/blackstoneproducts\\\/\",\"https:\\\/\\\/x.com\\\/weareblackstone\",\"https:\\\/\\\/www.instagram.com\\\/blackstoneproducts\\\/\",\"https:\\\/\\\/www.youtube.com\\\/channel\\\/UCr39rimir8y3p-q1iQYidVA\"]}]}<\/script>\n<!-- \/ Yoast SEO plugin. -->","yoast_head_json":{"title":"Gril 36\" avec couvercle dur et \u00e9tag\u00e8res hautes - Blackstone Griddles","description":"Avec 769 pouces carr\u00e9s d'acier et quatre zones de cuisson ind\u00e9pendantes, vous pouvez cuire suffisamment de nourriture pour nourrir une arm\u00e9e \u00e0 tout moment de la journ\u00e9e.","robots":{"index":"index","follow":"follow","max-snippet":"max-snippet:-1","max-image-preview":"max-image-preview:large","max-video-preview":"max-video-preview:-1"},"canonical":"https:\/\/blackstonegriddles.ca\/fr\/produit\/36-plaque-de-cuisson-avec-couvercle-rigide-etageres-hautes\/","og_locale":"fr_CA","og_type":"article","og_title":"36\" Griddle W\/Hard Cover &amp; High Shelves - Blackstone Griddles","og_description":"With 769 square inches of steel and four independent cooking zones, you can cook enough food to feed an army at any point in the day","og_url":"https:\/\/blackstonegriddles.ca\/fr\/produit\/36-plaque-de-cuisson-avec-couvercle-rigide-etageres-hautes\/","og_site_name":"Blackstone Griddles","article_publisher":"https:\/\/www.facebook.com\/blackstoneproducts\/","article_modified_time":"2026-04-20T15:27:55+00:00","og_image":[{"width":1500,"height":1228,"url":"https:\/\/blackstonegriddles.ca\/wp-content\/uploads\/2023\/02\/2122_36griddle_hardcover-1668103289893-1.png","type":"image\/png"}],"twitter_card":"summary_large_image","twitter_site":"@weareblackstone","twitter_misc":{"Estimation du temps de lecture":"1 minute"},"schema":{"@context":"https:\/\/schema.org","@graph":[{"@type":"WebPage","@id":"https:\/\/blackstonegriddles.ca\/product\/36-griddle-w-hard-cover-high-shelves\/","url":"https:\/\/blackstonegriddles.ca\/product\/36-griddle-w-hard-cover-high-shelves\/","name":"Gril 36\" avec couvercle dur et \u00e9tag\u00e8res hautes - Blackstone Griddles","isPartOf":{"@id":"https:\/\/blackstonegriddles.ca\/#website"},"primaryImageOfPage":{"@id":"https:\/\/blackstonegriddles.ca\/product\/36-griddle-w-hard-cover-high-shelves\/#primaryimage"},"image":{"@id":"https:\/\/blackstonegriddles.ca\/product\/36-griddle-w-hard-cover-high-shelves\/#primaryimage"},"thumbnailUrl":"https:\/\/blackstonegriddles.ca\/wp-content\/uploads\/2023\/02\/2122_36griddle_hardcover-1668103289893-1.png","datePublished":"2023-02-17T21:44:32+00:00","dateModified":"2026-04-20T15:27:55+00:00","description":"Avec 769 pouces carr\u00e9s d'acier et quatre zones de cuisson ind\u00e9pendantes, vous pouvez cuire suffisamment de nourriture pour nourrir une arm\u00e9e \u00e0 tout moment de la journ\u00e9e.","breadcrumb":{"@id":"https:\/\/blackstonegriddles.ca\/product\/36-griddle-w-hard-cover-high-shelves\/#breadcrumb"},"inLanguage":"fr-CA","potentialAction":[{"@type":"ReadAction","target":["https:\/\/blackstonegriddles.ca\/product\/36-griddle-w-hard-cover-high-shelves\/"]}]},{"@type":"ImageObject","inLanguage":"fr-CA","@id":"https:\/\/blackstonegriddles.ca\/product\/36-griddle-w-hard-cover-high-shelves\/#primaryimage","url":"https:\/\/blackstonegriddles.ca\/wp-content\/uploads\/2023\/02\/2122_36griddle_hardcover-1668103289893-1.png","contentUrl":"https:\/\/blackstonegriddles.ca\/wp-content\/uploads\/2023\/02\/2122_36griddle_hardcover-1668103289893-1.png","width":1500,"height":1228,"caption":"36\" GRIDDLE W\/HARD COVER & HIGH SHELVES"},{"@type":"BreadcrumbList","@id":"https:\/\/blackstonegriddles.ca\/product\/36-griddle-w-hard-cover-high-shelves\/#breadcrumb","itemListElement":[{"@type":"ListItem","position":1,"name":"Home","item":"https:\/\/blackstonegriddles.ca\/"},{"@type":"ListItem","position":2,"name":"Shop","item":"https:\/\/blackstonegriddles.ca\/shop\/"},{"@type":"ListItem","position":3,"name":"36&#8243; Griddle W\/Hard Cover &amp; High Shelves"}]},{"@type":"WebSite","@id":"https:\/\/blackstonegriddles.ca\/#website","url":"https:\/\/blackstonegriddles.ca\/","name":"Grils Blackstone Canada","description":"Blackstone Griddles distributeur officiel agr\u00e9\u00e9 Canada","publisher":{"@id":"https:\/\/blackstonegriddles.ca\/#organization"},"potentialAction":[{"@type":"SearchAction","target":{"@type":"EntryPoint","urlTemplate":"https:\/\/blackstonegriddles.ca\/?s={search_term_string}"},"query-input":{"@type":"PropertyValueSpecification","valueRequired":true,"valueName":"search_term_string"}}],"inLanguage":"fr-CA"},{"@type":"Organization","@id":"https:\/\/blackstonegriddles.ca\/#organization","name":"Grils Blackstone Canada","url":"https:\/\/blackstonegriddles.ca\/","logo":{"@type":"ImageObject","inLanguage":"fr-CA","@id":"https:\/\/blackstonegriddles.ca\/#\/schema\/logo\/image\/","url":"https:\/\/blackstonegriddles.ca\/wp-content\/uploads\/2025\/02\/blackstone-fire-logo.webp","contentUrl":"https:\/\/blackstonegriddles.ca\/wp-content\/uploads\/2025\/02\/blackstone-fire-logo.webp","width":53,"height":58,"caption":"Blackstone Griddles Canada"},"image":{"@id":"https:\/\/blackstonegriddles.ca\/#\/schema\/logo\/image\/"},"sameAs":["https:\/\/www.facebook.com\/blackstoneproducts\/","https:\/\/x.com\/weareblackstone","https:\/\/www.instagram.com\/blackstoneproducts\/","https:\/\/www.youtube.com\/channel\/UCr39rimir8y3p-q1iQYidVA"]}]}},"_links":{"self":[{"href":"https:\/\/blackstonegriddles.ca\/fr\/wp-json\/wp\/v2\/product\/30363","targetHints":{"allow":["GET"]}}],"collection":[{"href":"https:\/\/blackstonegriddles.ca\/fr\/wp-json\/wp\/v2\/product"}],"about":[{"href":"https:\/\/blackstonegriddles.ca\/fr\/wp-json\/wp\/v2\/types\/product"}],"wp:featuredmedia":[{"embeddable":true,"href":"https:\/\/blackstonegriddles.ca\/fr\/wp-json\/wp\/v2\/media\/30365"}],"wp:attachment":[{"href":"https:\/\/blackstonegriddles.ca\/fr\/wp-json\/wp\/v2\/media?parent=30363"}],"wp:term":[{"taxonomy":"product_brand","embeddable":true,"href":"https:\/\/blackstonegriddles.ca\/fr\/wp-json\/wp\/v2\/product_brand?post=30363"},{"taxonomy":"product_cat","embeddable":true,"href":"https:\/\/blackstonegriddles.ca\/fr\/wp-json\/wp\/v2\/product_cat?post=30363"},{"taxonomy":"product_tag","embeddable":true,"href":"https:\/\/blackstonegriddles.ca\/fr\/wp-json\/wp\/v2\/product_tag?post=30363"}],"curies":[{"name":"wp","href":"https:\/\/api.w.org\/{rel}","templated":true}]}}