{"id":30453,"date":"2023-03-02T16:53:32","date_gmt":"2023-03-02T16:53:32","guid":{"rendered":"https:\/\/blackstonegriddles.ca\/?post_type=product&#038;p=30453"},"modified":"2026-04-14T20:31:52","modified_gmt":"2026-04-14T20:31:52","slug":"kit-de-gril-professionnel-5-pieces","status":"publish","type":"product","link":"https:\/\/blackstonegriddles.ca\/fr\/product\/5-piece-professional-griddle-kit\/","title":{"rendered":"Kit gril professionnel 5 pi\u00e8ces"},"content":{"rendered":"<p>CE QUI EST INCLUS<\/p>\n<ul class=\"metafield-single_line_text_field-array\">\n<li class=\"metafield-single_line_text_field\">Spatules de qualit\u00e9 commerciale (Qt\u00e9 2) - Bords biseaut\u00e9s pour un meilleur contr\u00f4le de vos aliments.<\/li>\n<li class=\"metafield-single_line_text_field\">Grattoir (Qt\u00e9 1) - Nettoyage, hachage et grattage rapides et faciles.<\/li>\n<li class=\"metafield-single_line_text_field\">Distributeurs de liquide de 16 oz. Distributeurs de liquide (Qt\u00e9 2) - Parfaits pour huiler et nettoyer la surface de la plaque ou pour remplir de sauces et de vinaigrettes.<\/li>\n<li class=\"metafield-single_line_text_field\">BONUS : Le livre de cuisine essentiel de la plaque de cuisson<\/li>\n<\/ul>","protected":false},"excerpt":{"rendered":"<div>Obtenez les \u00e9l\u00e9ments de base pour cuisiner et entretenir votre plancha avec le kit plancha professionnel 5 pi\u00e8ces. Hachez, cuisez, retournez et grattez comme un pro avec deux spatules en acier inoxydable. Puis, avec les deux bouteilles de sauce\/liquide de 16 oz, ajoutez de la saveur et de l'humidit\u00e9 \u00e0 la demande. Vous pouvez utiliser les m\u00eames liquides pour refroidir une plaque chaude, cuire des l\u00e9gumes \u00e0 la vapeur et m\u00eame enlever les aliments cuits. Et avec l'aide du grattoir, vous pourrez nettoyer votre plaque pour \u00eatre pr\u00eat la prochaine fois.<\/div>\n<p><strong>Caract\u00e9ristiques :<\/strong><\/p>\n<ul>\n<li>Les manches des spatules peuvent \u00eatre suspendus et sont en plastique.<\/li>\n<li>Les grattoirs et les spatules sont en acier inoxydable durable.<\/li>\n<\/ul>","protected":false},"featured_media":30454,"template":"","meta":[],"product_brand":[],"product_cat":[138,262],"product_tag":[],"class_list":{"0":"post-30453","1":"product","2":"type-product","3":"status-publish","4":"has-post-thumbnail","6":"product_cat-accessories","7":"product_cat-tool-kits","8":"product_shipping_class-accessories","10":"first","11":"instock","12":"taxable","13":"shipping-taxable","14":"purchasable","15":"product-type-simple"},"yoast_head":"<!-- This site is optimized with the Yoast SEO plugin v27.4 - https:\/\/yoast.com\/product\/yoast-seo-wordpress\/ -->\n<title>5 Piece Professional Griddle Kit - Blackstone Griddles<\/title>\n<meta name=\"description\" content=\"Get the basics to cook and care for your griddle with the 5 Piece\u00a0Professional Griddle Kit.\" \/>\n<meta name=\"robots\" content=\"index, follow, max-snippet:-1, max-image-preview:large, max-video-preview:-1\" \/>\n<link rel=\"canonical\" href=\"https:\/\/blackstonegriddles.ca\/fr\/produit\/kit-de-gril-professionnel-5-pieces\/\" \/>\n<meta property=\"og:locale\" content=\"fr_CA\" \/>\n<meta property=\"og:type\" content=\"article\" \/>\n<meta property=\"og:title\" content=\"5 Piece Professional Griddle Kit - Blackstone Griddles\" \/>\n<meta property=\"og:description\" content=\"Get the basics to cook and care for your griddle with the 5 Piece\u00a0Professional Griddle Kit.\" \/>\n<meta property=\"og:url\" content=\"https:\/\/blackstonegriddles.ca\/fr\/produit\/kit-de-gril-professionnel-5-pieces\/\" \/>\n<meta property=\"og:site_name\" content=\"Blackstone Griddles\" \/>\n<meta property=\"article:publisher\" content=\"https:\/\/www.facebook.com\/blackstoneproducts\/\" \/>\n<meta property=\"article:modified_time\" content=\"2026-04-14T20:31:52+00:00\" \/>\n<meta property=\"og:image\" content=\"https:\/\/blackstonegriddles.ca\/wp-content\/uploads\/2023\/03\/5-piece-professional-griddle-kit-625992-1.jpg\" \/>\n\t<meta property=\"og:image:width\" content=\"1024\" \/>\n\t<meta property=\"og:image:height\" content=\"781\" \/>\n\t<meta property=\"og:image:type\" content=\"image\/jpeg\" \/>\n<meta name=\"twitter:card\" content=\"summary_large_image\" \/>\n<meta name=\"twitter:site\" content=\"@weareblackstone\" \/>\n<meta name=\"twitter:label1\" content=\"Estimation du temps de lecture\" \/>\n\t<meta name=\"twitter:data1\" content=\"1 minute\" \/>\n<script type=\"application\/ld+json\" class=\"yoast-schema-graph\">{\"@context\":\"https:\\\/\\\/schema.org\",\"@graph\":[{\"@type\":\"WebPage\",\"@id\":\"https:\\\/\\\/blackstonegriddles.ca\\\/product\\\/5-piece-professional-griddle-kit\\\/\",\"url\":\"https:\\\/\\\/blackstonegriddles.ca\\\/product\\\/5-piece-professional-griddle-kit\\\/\",\"name\":\"5 Piece Professional Griddle Kit - Blackstone Griddles\",\"isPartOf\":{\"@id\":\"https:\\\/\\\/blackstonegriddles.ca\\\/#website\"},\"primaryImageOfPage\":{\"@id\":\"https:\\\/\\\/blackstonegriddles.ca\\\/product\\\/5-piece-professional-griddle-kit\\\/#primaryimage\"},\"image\":{\"@id\":\"https:\\\/\\\/blackstonegriddles.ca\\\/product\\\/5-piece-professional-griddle-kit\\\/#primaryimage\"},\"thumbnailUrl\":\"https:\\\/\\\/blackstonegriddles.ca\\\/wp-content\\\/uploads\\\/2023\\\/03\\\/5-piece-professional-griddle-kit-625992-1.jpg\",\"datePublished\":\"2023-03-02T16:53:32+00:00\",\"dateModified\":\"2026-04-14T20:31:52+00:00\",\"description\":\"Get the basics to cook and care for your griddle with the 5 Piece\u00a0Professional Griddle Kit.\",\"breadcrumb\":{\"@id\":\"https:\\\/\\\/blackstonegriddles.ca\\\/product\\\/5-piece-professional-griddle-kit\\\/#breadcrumb\"},\"inLanguage\":\"fr-CA\",\"potentialAction\":[{\"@type\":\"ReadAction\",\"target\":[\"https:\\\/\\\/blackstonegriddles.ca\\\/product\\\/5-piece-professional-griddle-kit\\\/\"]}]},{\"@type\":\"ImageObject\",\"inLanguage\":\"fr-CA\",\"@id\":\"https:\\\/\\\/blackstonegriddles.ca\\\/product\\\/5-piece-professional-griddle-kit\\\/#primaryimage\",\"url\":\"https:\\\/\\\/blackstonegriddles.ca\\\/wp-content\\\/uploads\\\/2023\\\/03\\\/5-piece-professional-griddle-kit-625992-1.jpg\",\"contentUrl\":\"https:\\\/\\\/blackstonegriddles.ca\\\/wp-content\\\/uploads\\\/2023\\\/03\\\/5-piece-professional-griddle-kit-625992-1.jpg\",\"width\":1024,\"height\":781,\"caption\":\"5 PIECE PROFESSIONAL GRIDDLE KIT\"},{\"@type\":\"BreadcrumbList\",\"@id\":\"https:\\\/\\\/blackstonegriddles.ca\\\/product\\\/5-piece-professional-griddle-kit\\\/#breadcrumb\",\"itemListElement\":[{\"@type\":\"ListItem\",\"position\":1,\"name\":\"Home\",\"item\":\"https:\\\/\\\/blackstonegriddles.ca\\\/\"},{\"@type\":\"ListItem\",\"position\":2,\"name\":\"Shop\",\"item\":\"https:\\\/\\\/blackstonegriddles.ca\\\/shop\\\/\"},{\"@type\":\"ListItem\",\"position\":3,\"name\":\"5 Piece Professional Griddle Kit\"}]},{\"@type\":\"WebSite\",\"@id\":\"https:\\\/\\\/blackstonegriddles.ca\\\/#website\",\"url\":\"https:\\\/\\\/blackstonegriddles.ca\\\/\",\"name\":\"Blackstone Griddles Canada\",\"description\":\"Blackstone Griddles official licensed dealer Canada\",\"publisher\":{\"@id\":\"https:\\\/\\\/blackstonegriddles.ca\\\/#organization\"},\"potentialAction\":[{\"@type\":\"SearchAction\",\"target\":{\"@type\":\"EntryPoint\",\"urlTemplate\":\"https:\\\/\\\/blackstonegriddles.ca\\\/?s={search_term_string}\"},\"query-input\":{\"@type\":\"PropertyValueSpecification\",\"valueRequired\":true,\"valueName\":\"search_term_string\"}}],\"inLanguage\":\"fr-CA\"},{\"@type\":\"Organization\",\"@id\":\"https:\\\/\\\/blackstonegriddles.ca\\\/#organization\",\"name\":\"Blackstone Griddles Canada\",\"url\":\"https:\\\/\\\/blackstonegriddles.ca\\\/\",\"logo\":{\"@type\":\"ImageObject\",\"inLanguage\":\"fr-CA\",\"@id\":\"https:\\\/\\\/blackstonegriddles.ca\\\/#\\\/schema\\\/logo\\\/image\\\/\",\"url\":\"https:\\\/\\\/blackstonegriddles.ca\\\/wp-content\\\/uploads\\\/2025\\\/02\\\/blackstone-fire-logo.webp\",\"contentUrl\":\"https:\\\/\\\/blackstonegriddles.ca\\\/wp-content\\\/uploads\\\/2025\\\/02\\\/blackstone-fire-logo.webp\",\"width\":53,\"height\":58,\"caption\":\"Blackstone Griddles Canada\"},\"image\":{\"@id\":\"https:\\\/\\\/blackstonegriddles.ca\\\/#\\\/schema\\\/logo\\\/image\\\/\"},\"sameAs\":[\"https:\\\/\\\/www.facebook.com\\\/blackstoneproducts\\\/\",\"https:\\\/\\\/x.com\\\/weareblackstone\",\"https:\\\/\\\/www.instagram.com\\\/blackstoneproducts\\\/\",\"https:\\\/\\\/www.youtube.com\\\/channel\\\/UCr39rimir8y3p-q1iQYidVA\"]}]}<\/script>\n<!-- \/ Yoast SEO plugin. -->","yoast_head_json":{"title":"Kit de gril professionnel 5 pi\u00e8ces - Blackstone Griddles","description":"Obtenez les \u00e9l\u00e9ments de base pour cuisiner et entretenir votre plancha avec le kit plancha professionnel 5 pi\u00e8ces.","robots":{"index":"index","follow":"follow","max-snippet":"max-snippet:-1","max-image-preview":"max-image-preview:large","max-video-preview":"max-video-preview:-1"},"canonical":"https:\/\/blackstonegriddles.ca\/fr\/produit\/kit-de-gril-professionnel-5-pieces\/","og_locale":"fr_CA","og_type":"article","og_title":"5 Piece Professional Griddle Kit - Blackstone Griddles","og_description":"Get the basics to cook and care for your griddle with the 5 Piece\u00a0Professional Griddle Kit.","og_url":"https:\/\/blackstonegriddles.ca\/fr\/produit\/kit-de-gril-professionnel-5-pieces\/","og_site_name":"Blackstone Griddles","article_publisher":"https:\/\/www.facebook.com\/blackstoneproducts\/","article_modified_time":"2026-04-14T20:31:52+00:00","og_image":[{"width":1024,"height":781,"url":"https:\/\/blackstonegriddles.ca\/wp-content\/uploads\/2023\/03\/5-piece-professional-griddle-kit-625992-1.jpg","type":"image\/jpeg"}],"twitter_card":"summary_large_image","twitter_site":"@weareblackstone","twitter_misc":{"Estimation du temps de lecture":"1 minute"},"schema":{"@context":"https:\/\/schema.org","@graph":[{"@type":"WebPage","@id":"https:\/\/blackstonegriddles.ca\/product\/5-piece-professional-griddle-kit\/","url":"https:\/\/blackstonegriddles.ca\/product\/5-piece-professional-griddle-kit\/","name":"Kit de gril professionnel 5 pi\u00e8ces - Blackstone Griddles","isPartOf":{"@id":"https:\/\/blackstonegriddles.ca\/#website"},"primaryImageOfPage":{"@id":"https:\/\/blackstonegriddles.ca\/product\/5-piece-professional-griddle-kit\/#primaryimage"},"image":{"@id":"https:\/\/blackstonegriddles.ca\/product\/5-piece-professional-griddle-kit\/#primaryimage"},"thumbnailUrl":"https:\/\/blackstonegriddles.ca\/wp-content\/uploads\/2023\/03\/5-piece-professional-griddle-kit-625992-1.jpg","datePublished":"2023-03-02T16:53:32+00:00","dateModified":"2026-04-14T20:31:52+00:00","description":"Obtenez les \u00e9l\u00e9ments de base pour cuisiner et entretenir votre plancha avec le kit plancha professionnel 5 pi\u00e8ces.","breadcrumb":{"@id":"https:\/\/blackstonegriddles.ca\/product\/5-piece-professional-griddle-kit\/#breadcrumb"},"inLanguage":"fr-CA","potentialAction":[{"@type":"ReadAction","target":["https:\/\/blackstonegriddles.ca\/product\/5-piece-professional-griddle-kit\/"]}]},{"@type":"ImageObject","inLanguage":"fr-CA","@id":"https:\/\/blackstonegriddles.ca\/product\/5-piece-professional-griddle-kit\/#primaryimage","url":"https:\/\/blackstonegriddles.ca\/wp-content\/uploads\/2023\/03\/5-piece-professional-griddle-kit-625992-1.jpg","contentUrl":"https:\/\/blackstonegriddles.ca\/wp-content\/uploads\/2023\/03\/5-piece-professional-griddle-kit-625992-1.jpg","width":1024,"height":781,"caption":"5 PIECE PROFESSIONAL GRIDDLE KIT"},{"@type":"BreadcrumbList","@id":"https:\/\/blackstonegriddles.ca\/product\/5-piece-professional-griddle-kit\/#breadcrumb","itemListElement":[{"@type":"ListItem","position":1,"name":"Home","item":"https:\/\/blackstonegriddles.ca\/"},{"@type":"ListItem","position":2,"name":"Shop","item":"https:\/\/blackstonegriddles.ca\/shop\/"},{"@type":"ListItem","position":3,"name":"5 Piece Professional Griddle Kit"}]},{"@type":"WebSite","@id":"https:\/\/blackstonegriddles.ca\/#website","url":"https:\/\/blackstonegriddles.ca\/","name":"Grils Blackstone Canada","description":"Blackstone Griddles distributeur officiel agr\u00e9\u00e9 Canada","publisher":{"@id":"https:\/\/blackstonegriddles.ca\/#organization"},"potentialAction":[{"@type":"SearchAction","target":{"@type":"EntryPoint","urlTemplate":"https:\/\/blackstonegriddles.ca\/?s={search_term_string}"},"query-input":{"@type":"PropertyValueSpecification","valueRequired":true,"valueName":"search_term_string"}}],"inLanguage":"fr-CA"},{"@type":"Organization","@id":"https:\/\/blackstonegriddles.ca\/#organization","name":"Grils Blackstone Canada","url":"https:\/\/blackstonegriddles.ca\/","logo":{"@type":"ImageObject","inLanguage":"fr-CA","@id":"https:\/\/blackstonegriddles.ca\/#\/schema\/logo\/image\/","url":"https:\/\/blackstonegriddles.ca\/wp-content\/uploads\/2025\/02\/blackstone-fire-logo.webp","contentUrl":"https:\/\/blackstonegriddles.ca\/wp-content\/uploads\/2025\/02\/blackstone-fire-logo.webp","width":53,"height":58,"caption":"Blackstone Griddles Canada"},"image":{"@id":"https:\/\/blackstonegriddles.ca\/#\/schema\/logo\/image\/"},"sameAs":["https:\/\/www.facebook.com\/blackstoneproducts\/","https:\/\/x.com\/weareblackstone","https:\/\/www.instagram.com\/blackstoneproducts\/","https:\/\/www.youtube.com\/channel\/UCr39rimir8y3p-q1iQYidVA"]}]}},"_links":{"self":[{"href":"https:\/\/blackstonegriddles.ca\/fr\/wp-json\/wp\/v2\/product\/30453","targetHints":{"allow":["GET"]}}],"collection":[{"href":"https:\/\/blackstonegriddles.ca\/fr\/wp-json\/wp\/v2\/product"}],"about":[{"href":"https:\/\/blackstonegriddles.ca\/fr\/wp-json\/wp\/v2\/types\/product"}],"wp:featuredmedia":[{"embeddable":true,"href":"https:\/\/blackstonegriddles.ca\/fr\/wp-json\/wp\/v2\/media\/30454"}],"wp:attachment":[{"href":"https:\/\/blackstonegriddles.ca\/fr\/wp-json\/wp\/v2\/media?parent=30453"}],"wp:term":[{"taxonomy":"product_brand","embeddable":true,"href":"https:\/\/blackstonegriddles.ca\/fr\/wp-json\/wp\/v2\/product_brand?post=30453"},{"taxonomy":"product_cat","embeddable":true,"href":"https:\/\/blackstonegriddles.ca\/fr\/wp-json\/wp\/v2\/product_cat?post=30453"},{"taxonomy":"product_tag","embeddable":true,"href":"https:\/\/blackstonegriddles.ca\/fr\/wp-json\/wp\/v2\/product_tag?post=30453"}],"curies":[{"name":"wp","href":"https:\/\/api.w.org\/{rel}","templated":true}]}}