{"id":30456,"date":"2023-04-11T18:50:02","date_gmt":"2023-04-11T18:50:02","guid":{"rendered":"https:\/\/blackstonegriddles.ca\/?post_type=product&#038;p=30456"},"modified":"2026-04-06T19:01:54","modified_gmt":"2026-04-06T19:01:54","slug":"outil-de-nettoyage-de-la-plaque-de-cuisson-3-en-1","status":"publish","type":"product","link":"https:\/\/blackstonegriddles.ca\/fr\/product\/3-in-1-griddle-cleaning-tool\/","title":{"rendered":"Outil de nettoyage de gril 3 en 1"},"content":{"rendered":"","protected":false},"excerpt":{"rendered":"<p>Assurez-vous d'avoir une surface de cuisson propre avant votre soir\u00e9e gr\u00e2ce \u00e0 l'outil de nettoyage de gril 3 en 1 de Blackstone. Il propose trois m\u00e9thodes diff\u00e9rentes pour \u00e9liminer la graisse, les aliments coll\u00e9s et d'autres types d'accumulation. Il y a une brique abrasive d'un c\u00f4t\u00e9 pour les gros travaux et un tampon \u00e0 r\u00e9curer pour les grilles de cuisson de l'autre c\u00f4t\u00e9 pour un nettoyage plus l\u00e9ger. Enlevez les fines couches d'accumulation avec la lame du grattoir, qui est \u00e9galement amovible pour l'aiguiser ou la remplacer au besoin. Cet outil 3 en 1 est dot\u00e9 d'une poign\u00e9e ergonomique textur\u00e9e et r\u00e9sistante \u00e0 la chaleur, pour une prise en main s\u00fbre et confortable. \u00c0 l'extr\u00e9mit\u00e9 se trouve un d\u00e9capsuleur int\u00e9gr\u00e9 pour plus de commodit\u00e9. Ne manquez pas d'ajouter cet outil \u00e0 votre arsenal Blackstone.<\/p>","protected":false},"featured_media":30457,"template":"","meta":[],"product_brand":[],"product_cat":[138,262],"product_tag":[],"class_list":{"0":"post-30456","1":"product","2":"type-product","3":"status-publish","4":"has-post-thumbnail","6":"product_cat-accessories","7":"product_cat-tool-kits","8":"product_shipping_class-accessories","10":"first","11":"instock","12":"taxable","13":"shipping-taxable","14":"purchasable","15":"product-type-simple"},"yoast_head":"<!-- This site is optimized with the Yoast SEO plugin v27.3 - https:\/\/yoast.com\/product\/yoast-seo-wordpress\/ -->\n<title>3-in-1 Griddle Cleaning Tool - Blackstone Griddles<\/title>\n<meta name=\"description\" content=\"Make sure that you have a clean cooking surface before your cookout with the Blackstone 3-in-1 Griddle Cleaning Tool.\" \/>\n<meta name=\"robots\" content=\"index, follow, max-snippet:-1, max-image-preview:large, max-video-preview:-1\" \/>\n<link rel=\"canonical\" href=\"https:\/\/blackstonegriddles.ca\/fr\/produit\/outil-de-nettoyage-de-la-plaque-de-cuisson-3-en-1\/\" \/>\n<meta property=\"og:locale\" content=\"fr_CA\" \/>\n<meta property=\"og:type\" content=\"article\" \/>\n<meta property=\"og:title\" content=\"3-in-1 Griddle Cleaning Tool - Blackstone Griddles\" \/>\n<meta property=\"og:description\" content=\"Make sure that you have a clean cooking surface before your cookout with the Blackstone 3-in-1 Griddle Cleaning Tool.\" \/>\n<meta property=\"og:url\" content=\"https:\/\/blackstonegriddles.ca\/fr\/produit\/outil-de-nettoyage-de-la-plaque-de-cuisson-3-en-1\/\" \/>\n<meta property=\"og:site_name\" content=\"Blackstone Griddles\" \/>\n<meta property=\"article:publisher\" content=\"https:\/\/www.facebook.com\/blackstoneproducts\/\" \/>\n<meta property=\"article:modified_time\" content=\"2026-04-06T19:01:54+00:00\" \/>\n<meta property=\"og:image\" content=\"https:\/\/blackstonegriddles.ca\/wp-content\/uploads\/2023\/03\/3-in-1-griddle-cleaning-tool-928153_1024x1024-1.jpg\" \/>\n\t<meta property=\"og:image:width\" content=\"1024\" \/>\n\t<meta property=\"og:image:height\" content=\"1024\" \/>\n\t<meta property=\"og:image:type\" content=\"image\/jpeg\" \/>\n<meta name=\"twitter:card\" content=\"summary_large_image\" \/>\n<meta name=\"twitter:site\" content=\"@weareblackstone\" \/>\n<script type=\"application\/ld+json\" class=\"yoast-schema-graph\">{\"@context\":\"https:\\\/\\\/schema.org\",\"@graph\":[{\"@type\":\"WebPage\",\"@id\":\"https:\\\/\\\/blackstonegriddles.ca\\\/product\\\/3-in-1-griddle-cleaning-tool\\\/\",\"url\":\"https:\\\/\\\/blackstonegriddles.ca\\\/product\\\/3-in-1-griddle-cleaning-tool\\\/\",\"name\":\"3-in-1 Griddle Cleaning Tool - Blackstone Griddles\",\"isPartOf\":{\"@id\":\"https:\\\/\\\/blackstonegriddles.ca\\\/#website\"},\"primaryImageOfPage\":{\"@id\":\"https:\\\/\\\/blackstonegriddles.ca\\\/product\\\/3-in-1-griddle-cleaning-tool\\\/#primaryimage\"},\"image\":{\"@id\":\"https:\\\/\\\/blackstonegriddles.ca\\\/product\\\/3-in-1-griddle-cleaning-tool\\\/#primaryimage\"},\"thumbnailUrl\":\"https:\\\/\\\/blackstonegriddles.ca\\\/wp-content\\\/uploads\\\/2023\\\/03\\\/3-in-1-griddle-cleaning-tool-928153_1024x1024-1.jpg\",\"datePublished\":\"2023-04-11T18:50:02+00:00\",\"dateModified\":\"2026-04-06T19:01:54+00:00\",\"description\":\"Make sure that you have a clean cooking surface before your cookout with the Blackstone 3-in-1 Griddle Cleaning Tool.\",\"breadcrumb\":{\"@id\":\"https:\\\/\\\/blackstonegriddles.ca\\\/product\\\/3-in-1-griddle-cleaning-tool\\\/#breadcrumb\"},\"inLanguage\":\"fr-CA\",\"potentialAction\":[{\"@type\":\"ReadAction\",\"target\":[\"https:\\\/\\\/blackstonegriddles.ca\\\/product\\\/3-in-1-griddle-cleaning-tool\\\/\"]}]},{\"@type\":\"ImageObject\",\"inLanguage\":\"fr-CA\",\"@id\":\"https:\\\/\\\/blackstonegriddles.ca\\\/product\\\/3-in-1-griddle-cleaning-tool\\\/#primaryimage\",\"url\":\"https:\\\/\\\/blackstonegriddles.ca\\\/wp-content\\\/uploads\\\/2023\\\/03\\\/3-in-1-griddle-cleaning-tool-928153_1024x1024-1.jpg\",\"contentUrl\":\"https:\\\/\\\/blackstonegriddles.ca\\\/wp-content\\\/uploads\\\/2023\\\/03\\\/3-in-1-griddle-cleaning-tool-928153_1024x1024-1.jpg\",\"width\":1024,\"height\":1024,\"caption\":\"3-IN 1 GRIDDLE CLEANING TOOL\"},{\"@type\":\"BreadcrumbList\",\"@id\":\"https:\\\/\\\/blackstonegriddles.ca\\\/product\\\/3-in-1-griddle-cleaning-tool\\\/#breadcrumb\",\"itemListElement\":[{\"@type\":\"ListItem\",\"position\":1,\"name\":\"Home\",\"item\":\"https:\\\/\\\/blackstonegriddles.ca\\\/\"},{\"@type\":\"ListItem\",\"position\":2,\"name\":\"Shop\",\"item\":\"https:\\\/\\\/blackstonegriddles.ca\\\/shop\\\/\"},{\"@type\":\"ListItem\",\"position\":3,\"name\":\"3-in-1 Griddle Cleaning Tool\"}]},{\"@type\":\"WebSite\",\"@id\":\"https:\\\/\\\/blackstonegriddles.ca\\\/#website\",\"url\":\"https:\\\/\\\/blackstonegriddles.ca\\\/\",\"name\":\"Blackstone Griddles Canada\",\"description\":\"Blackstone Griddles official licensed dealer Canada\",\"publisher\":{\"@id\":\"https:\\\/\\\/blackstonegriddles.ca\\\/#organization\"},\"potentialAction\":[{\"@type\":\"SearchAction\",\"target\":{\"@type\":\"EntryPoint\",\"urlTemplate\":\"https:\\\/\\\/blackstonegriddles.ca\\\/?s={search_term_string}\"},\"query-input\":{\"@type\":\"PropertyValueSpecification\",\"valueRequired\":true,\"valueName\":\"search_term_string\"}}],\"inLanguage\":\"fr-CA\"},{\"@type\":\"Organization\",\"@id\":\"https:\\\/\\\/blackstonegriddles.ca\\\/#organization\",\"name\":\"Blackstone Griddles Canada\",\"url\":\"https:\\\/\\\/blackstonegriddles.ca\\\/\",\"logo\":{\"@type\":\"ImageObject\",\"inLanguage\":\"fr-CA\",\"@id\":\"https:\\\/\\\/blackstonegriddles.ca\\\/#\\\/schema\\\/logo\\\/image\\\/\",\"url\":\"https:\\\/\\\/blackstonegriddles.ca\\\/wp-content\\\/uploads\\\/2025\\\/02\\\/blackstone-fire-logo.webp\",\"contentUrl\":\"https:\\\/\\\/blackstonegriddles.ca\\\/wp-content\\\/uploads\\\/2025\\\/02\\\/blackstone-fire-logo.webp\",\"width\":53,\"height\":58,\"caption\":\"Blackstone Griddles Canada\"},\"image\":{\"@id\":\"https:\\\/\\\/blackstonegriddles.ca\\\/#\\\/schema\\\/logo\\\/image\\\/\"},\"sameAs\":[\"https:\\\/\\\/www.facebook.com\\\/blackstoneproducts\\\/\",\"https:\\\/\\\/x.com\\\/weareblackstone\",\"https:\\\/\\\/www.instagram.com\\\/blackstoneproducts\\\/\",\"https:\\\/\\\/www.youtube.com\\\/channel\\\/UCr39rimir8y3p-q1iQYidVA\"]}]}<\/script>\n<!-- \/ Yoast SEO plugin. -->","yoast_head_json":{"title":"Outil de nettoyage de gril 3 en 1 - Blackstone Griddles","description":"Assurez-vous d'avoir une surface de cuisson propre avant votre soir\u00e9e gr\u00e2ce \u00e0 l'outil de nettoyage de gril 3 en 1 de Blackstone.","robots":{"index":"index","follow":"follow","max-snippet":"max-snippet:-1","max-image-preview":"max-image-preview:large","max-video-preview":"max-video-preview:-1"},"canonical":"https:\/\/blackstonegriddles.ca\/fr\/produit\/outil-de-nettoyage-de-la-plaque-de-cuisson-3-en-1\/","og_locale":"fr_CA","og_type":"article","og_title":"3-in-1 Griddle Cleaning Tool - Blackstone Griddles","og_description":"Make sure that you have a clean cooking surface before your cookout with the Blackstone 3-in-1 Griddle Cleaning Tool.","og_url":"https:\/\/blackstonegriddles.ca\/fr\/produit\/outil-de-nettoyage-de-la-plaque-de-cuisson-3-en-1\/","og_site_name":"Blackstone Griddles","article_publisher":"https:\/\/www.facebook.com\/blackstoneproducts\/","article_modified_time":"2026-04-06T19:01:54+00:00","og_image":[{"width":1024,"height":1024,"url":"https:\/\/blackstonegriddles.ca\/wp-content\/uploads\/2023\/03\/3-in-1-griddle-cleaning-tool-928153_1024x1024-1.jpg","type":"image\/jpeg"}],"twitter_card":"summary_large_image","twitter_site":"@weareblackstone","schema":{"@context":"https:\/\/schema.org","@graph":[{"@type":"WebPage","@id":"https:\/\/blackstonegriddles.ca\/product\/3-in-1-griddle-cleaning-tool\/","url":"https:\/\/blackstonegriddles.ca\/product\/3-in-1-griddle-cleaning-tool\/","name":"Outil de nettoyage de gril 3 en 1 - Blackstone Griddles","isPartOf":{"@id":"https:\/\/blackstonegriddles.ca\/#website"},"primaryImageOfPage":{"@id":"https:\/\/blackstonegriddles.ca\/product\/3-in-1-griddle-cleaning-tool\/#primaryimage"},"image":{"@id":"https:\/\/blackstonegriddles.ca\/product\/3-in-1-griddle-cleaning-tool\/#primaryimage"},"thumbnailUrl":"https:\/\/blackstonegriddles.ca\/wp-content\/uploads\/2023\/03\/3-in-1-griddle-cleaning-tool-928153_1024x1024-1.jpg","datePublished":"2023-04-11T18:50:02+00:00","dateModified":"2026-04-06T19:01:54+00:00","description":"Assurez-vous d'avoir une surface de cuisson propre avant votre soir\u00e9e gr\u00e2ce \u00e0 l'outil de nettoyage de gril 3 en 1 de Blackstone.","breadcrumb":{"@id":"https:\/\/blackstonegriddles.ca\/product\/3-in-1-griddle-cleaning-tool\/#breadcrumb"},"inLanguage":"fr-CA","potentialAction":[{"@type":"ReadAction","target":["https:\/\/blackstonegriddles.ca\/product\/3-in-1-griddle-cleaning-tool\/"]}]},{"@type":"ImageObject","inLanguage":"fr-CA","@id":"https:\/\/blackstonegriddles.ca\/product\/3-in-1-griddle-cleaning-tool\/#primaryimage","url":"https:\/\/blackstonegriddles.ca\/wp-content\/uploads\/2023\/03\/3-in-1-griddle-cleaning-tool-928153_1024x1024-1.jpg","contentUrl":"https:\/\/blackstonegriddles.ca\/wp-content\/uploads\/2023\/03\/3-in-1-griddle-cleaning-tool-928153_1024x1024-1.jpg","width":1024,"height":1024,"caption":"3-IN 1 GRIDDLE CLEANING TOOL"},{"@type":"BreadcrumbList","@id":"https:\/\/blackstonegriddles.ca\/product\/3-in-1-griddle-cleaning-tool\/#breadcrumb","itemListElement":[{"@type":"ListItem","position":1,"name":"Home","item":"https:\/\/blackstonegriddles.ca\/"},{"@type":"ListItem","position":2,"name":"Shop","item":"https:\/\/blackstonegriddles.ca\/shop\/"},{"@type":"ListItem","position":3,"name":"3-in-1 Griddle Cleaning Tool"}]},{"@type":"WebSite","@id":"https:\/\/blackstonegriddles.ca\/#website","url":"https:\/\/blackstonegriddles.ca\/","name":"Grils Blackstone Canada","description":"Blackstone Griddles distributeur officiel agr\u00e9\u00e9 Canada","publisher":{"@id":"https:\/\/blackstonegriddles.ca\/#organization"},"potentialAction":[{"@type":"SearchAction","target":{"@type":"EntryPoint","urlTemplate":"https:\/\/blackstonegriddles.ca\/?s={search_term_string}"},"query-input":{"@type":"PropertyValueSpecification","valueRequired":true,"valueName":"search_term_string"}}],"inLanguage":"fr-CA"},{"@type":"Organization","@id":"https:\/\/blackstonegriddles.ca\/#organization","name":"Grils Blackstone Canada","url":"https:\/\/blackstonegriddles.ca\/","logo":{"@type":"ImageObject","inLanguage":"fr-CA","@id":"https:\/\/blackstonegriddles.ca\/#\/schema\/logo\/image\/","url":"https:\/\/blackstonegriddles.ca\/wp-content\/uploads\/2025\/02\/blackstone-fire-logo.webp","contentUrl":"https:\/\/blackstonegriddles.ca\/wp-content\/uploads\/2025\/02\/blackstone-fire-logo.webp","width":53,"height":58,"caption":"Blackstone Griddles Canada"},"image":{"@id":"https:\/\/blackstonegriddles.ca\/#\/schema\/logo\/image\/"},"sameAs":["https:\/\/www.facebook.com\/blackstoneproducts\/","https:\/\/x.com\/weareblackstone","https:\/\/www.instagram.com\/blackstoneproducts\/","https:\/\/www.youtube.com\/channel\/UCr39rimir8y3p-q1iQYidVA"]}]}},"_links":{"self":[{"href":"https:\/\/blackstonegriddles.ca\/fr\/wp-json\/wp\/v2\/product\/30456","targetHints":{"allow":["GET"]}}],"collection":[{"href":"https:\/\/blackstonegriddles.ca\/fr\/wp-json\/wp\/v2\/product"}],"about":[{"href":"https:\/\/blackstonegriddles.ca\/fr\/wp-json\/wp\/v2\/types\/product"}],"wp:featuredmedia":[{"embeddable":true,"href":"https:\/\/blackstonegriddles.ca\/fr\/wp-json\/wp\/v2\/media\/30457"}],"wp:attachment":[{"href":"https:\/\/blackstonegriddles.ca\/fr\/wp-json\/wp\/v2\/media?parent=30456"}],"wp:term":[{"taxonomy":"product_brand","embeddable":true,"href":"https:\/\/blackstonegriddles.ca\/fr\/wp-json\/wp\/v2\/product_brand?post=30456"},{"taxonomy":"product_cat","embeddable":true,"href":"https:\/\/blackstonegriddles.ca\/fr\/wp-json\/wp\/v2\/product_cat?post=30456"},{"taxonomy":"product_tag","embeddable":true,"href":"https:\/\/blackstonegriddles.ca\/fr\/wp-json\/wp\/v2\/product_tag?post=30456"}],"curies":[{"name":"wp","href":"https:\/\/api.w.org\/{rel}","templated":true}]}}