{"id":30461,"date":"2023-04-04T18:51:25","date_gmt":"2023-04-04T18:51:25","guid":{"rendered":"https:\/\/blackstonegriddles.ca\/?post_type=product&#038;p=30461"},"modified":"2026-04-17T19:01:12","modified_gmt":"2026-04-17T19:01:12","slug":"combo-porte-graisse-et-porte-outil","status":"publish","type":"product","link":"https:\/\/blackstonegriddles.ca\/fr\/product\/grease-gate-and-tool-holder-combo\/","title":{"rendered":"Porte-outils pour porte-graisse Combo"},"content":{"rendered":"","protected":false},"excerpt":{"rendered":"<p>Ces outils vous aideront \u00e0 tirer le meilleur parti de votre Blackstone, quelle que soit sa taille. La porte \u00e0 graisse emp\u00eache les aliments de tomber par l'arri\u00e8re tout en permettant \u00e0 la graisse de sortir. Le porte-spatule se fixe sur le c\u00f4t\u00e9 de votre plaque de cuisson pour que vous puissiez garder vos outils \u00e0 port\u00e9e de main. Enfin, les trois porte-outils magn\u00e9tiques vous permettent de transformer n'importe quelle surface m\u00e9tallique en un endroit pratique pour ranger vos outils.<\/p>","protected":false},"featured_media":30463,"template":"","meta":[],"product_brand":[],"product_cat":[138,262],"product_tag":[],"class_list":{"0":"post-30461","1":"product","2":"type-product","3":"status-publish","4":"has-post-thumbnail","6":"product_cat-accessories","7":"product_cat-tool-kits","8":"product_shipping_class-accessories","10":"first","11":"instock","12":"taxable","13":"shipping-taxable","14":"purchasable","15":"product-type-simple"},"yoast_head":"<!-- This site is optimized with the Yoast SEO plugin v27.4 - https:\/\/yoast.com\/product\/yoast-seo-wordpress\/ -->\n<title>Grease Gate Tool Holder Combo - Blackstone Griddles<\/title>\n<meta name=\"description\" content=\"These tools will help you get the most out of your Blackstone whatever the size. The grease gate keeps food from falling out the back while allowing the grease to exit.\" \/>\n<meta name=\"robots\" content=\"index, follow, max-snippet:-1, max-image-preview:large, max-video-preview:-1\" \/>\n<link rel=\"canonical\" href=\"https:\/\/blackstonegriddles.ca\/fr\/produit\/combo-porte-graisse-et-porte-outil\/\" \/>\n<meta property=\"og:locale\" content=\"fr_CA\" \/>\n<meta property=\"og:type\" content=\"article\" \/>\n<meta property=\"og:title\" content=\"Grease Gate Tool Holder Combo - Blackstone Griddles\" \/>\n<meta property=\"og:description\" content=\"These tools will help you get the most out of your Blackstone whatever the size. The grease gate keeps food from falling out the back while allowing the grease to exit.\" \/>\n<meta property=\"og:url\" content=\"https:\/\/blackstonegriddles.ca\/fr\/produit\/combo-porte-graisse-et-porte-outil\/\" \/>\n<meta property=\"og:site_name\" content=\"Blackstone Griddles\" \/>\n<meta property=\"article:publisher\" content=\"https:\/\/www.facebook.com\/blackstoneproducts\/\" \/>\n<meta property=\"article:modified_time\" content=\"2026-04-17T19:01:12+00:00\" \/>\n<meta property=\"og:image\" content=\"https:\/\/blackstonegriddles.ca\/wp-content\/uploads\/2023\/03\/grease-gate-and-tool-holder-combo-275157_1024x1024-1.jpg\" \/>\n\t<meta property=\"og:image:width\" content=\"1024\" \/>\n\t<meta property=\"og:image:height\" content=\"1024\" \/>\n\t<meta property=\"og:image:type\" content=\"image\/jpeg\" \/>\n<meta name=\"twitter:card\" content=\"summary_large_image\" \/>\n<meta name=\"twitter:site\" content=\"@weareblackstone\" \/>\n<meta name=\"twitter:label1\" content=\"Estimation du temps de lecture\" \/>\n\t<meta name=\"twitter:data1\" content=\"1 minute\" \/>\n<script type=\"application\/ld+json\" class=\"yoast-schema-graph\">{\"@context\":\"https:\\\/\\\/schema.org\",\"@graph\":[{\"@type\":\"WebPage\",\"@id\":\"https:\\\/\\\/blackstonegriddles.ca\\\/product\\\/grease-gate-and-tool-holder-combo\\\/\",\"url\":\"https:\\\/\\\/blackstonegriddles.ca\\\/product\\\/grease-gate-and-tool-holder-combo\\\/\",\"name\":\"Grease Gate Tool Holder Combo - Blackstone Griddles\",\"isPartOf\":{\"@id\":\"https:\\\/\\\/blackstonegriddles.ca\\\/#website\"},\"primaryImageOfPage\":{\"@id\":\"https:\\\/\\\/blackstonegriddles.ca\\\/product\\\/grease-gate-and-tool-holder-combo\\\/#primaryimage\"},\"image\":{\"@id\":\"https:\\\/\\\/blackstonegriddles.ca\\\/product\\\/grease-gate-and-tool-holder-combo\\\/#primaryimage\"},\"thumbnailUrl\":\"https:\\\/\\\/blackstonegriddles.ca\\\/wp-content\\\/uploads\\\/2023\\\/03\\\/grease-gate-and-tool-holder-combo-275157_1024x1024-1.jpg\",\"datePublished\":\"2023-04-04T18:51:25+00:00\",\"dateModified\":\"2026-04-17T19:01:12+00:00\",\"description\":\"These tools will help you get the most out of your Blackstone whatever the size. The grease gate keeps food from falling out the back while allowing the grease to exit.\",\"breadcrumb\":{\"@id\":\"https:\\\/\\\/blackstonegriddles.ca\\\/product\\\/grease-gate-and-tool-holder-combo\\\/#breadcrumb\"},\"inLanguage\":\"fr-CA\",\"potentialAction\":[{\"@type\":\"ReadAction\",\"target\":[\"https:\\\/\\\/blackstonegriddles.ca\\\/product\\\/grease-gate-and-tool-holder-combo\\\/\"]}]},{\"@type\":\"ImageObject\",\"inLanguage\":\"fr-CA\",\"@id\":\"https:\\\/\\\/blackstonegriddles.ca\\\/product\\\/grease-gate-and-tool-holder-combo\\\/#primaryimage\",\"url\":\"https:\\\/\\\/blackstonegriddles.ca\\\/wp-content\\\/uploads\\\/2023\\\/03\\\/grease-gate-and-tool-holder-combo-275157_1024x1024-1.jpg\",\"contentUrl\":\"https:\\\/\\\/blackstonegriddles.ca\\\/wp-content\\\/uploads\\\/2023\\\/03\\\/grease-gate-and-tool-holder-combo-275157_1024x1024-1.jpg\",\"width\":1024,\"height\":1024,\"caption\":\"GREASE GATE AND TOOL HOLDER COMBO\"},{\"@type\":\"BreadcrumbList\",\"@id\":\"https:\\\/\\\/blackstonegriddles.ca\\\/product\\\/grease-gate-and-tool-holder-combo\\\/#breadcrumb\",\"itemListElement\":[{\"@type\":\"ListItem\",\"position\":1,\"name\":\"Home\",\"item\":\"https:\\\/\\\/blackstonegriddles.ca\\\/\"},{\"@type\":\"ListItem\",\"position\":2,\"name\":\"Shop\",\"item\":\"https:\\\/\\\/blackstonegriddles.ca\\\/shop\\\/\"},{\"@type\":\"ListItem\",\"position\":3,\"name\":\"Grease Gate Tool Holder Combo\"}]},{\"@type\":\"WebSite\",\"@id\":\"https:\\\/\\\/blackstonegriddles.ca\\\/#website\",\"url\":\"https:\\\/\\\/blackstonegriddles.ca\\\/\",\"name\":\"Blackstone Griddles Canada\",\"description\":\"Blackstone Griddles official licensed dealer Canada\",\"publisher\":{\"@id\":\"https:\\\/\\\/blackstonegriddles.ca\\\/#organization\"},\"potentialAction\":[{\"@type\":\"SearchAction\",\"target\":{\"@type\":\"EntryPoint\",\"urlTemplate\":\"https:\\\/\\\/blackstonegriddles.ca\\\/?s={search_term_string}\"},\"query-input\":{\"@type\":\"PropertyValueSpecification\",\"valueRequired\":true,\"valueName\":\"search_term_string\"}}],\"inLanguage\":\"fr-CA\"},{\"@type\":\"Organization\",\"@id\":\"https:\\\/\\\/blackstonegriddles.ca\\\/#organization\",\"name\":\"Blackstone Griddles Canada\",\"url\":\"https:\\\/\\\/blackstonegriddles.ca\\\/\",\"logo\":{\"@type\":\"ImageObject\",\"inLanguage\":\"fr-CA\",\"@id\":\"https:\\\/\\\/blackstonegriddles.ca\\\/#\\\/schema\\\/logo\\\/image\\\/\",\"url\":\"https:\\\/\\\/blackstonegriddles.ca\\\/wp-content\\\/uploads\\\/2025\\\/02\\\/blackstone-fire-logo.webp\",\"contentUrl\":\"https:\\\/\\\/blackstonegriddles.ca\\\/wp-content\\\/uploads\\\/2025\\\/02\\\/blackstone-fire-logo.webp\",\"width\":53,\"height\":58,\"caption\":\"Blackstone Griddles Canada\"},\"image\":{\"@id\":\"https:\\\/\\\/blackstonegriddles.ca\\\/#\\\/schema\\\/logo\\\/image\\\/\"},\"sameAs\":[\"https:\\\/\\\/www.facebook.com\\\/blackstoneproducts\\\/\",\"https:\\\/\\\/x.com\\\/weareblackstone\",\"https:\\\/\\\/www.instagram.com\\\/blackstoneproducts\\\/\",\"https:\\\/\\\/www.youtube.com\\\/channel\\\/UCr39rimir8y3p-q1iQYidVA\"]}]}<\/script>\n<!-- \/ Yoast SEO plugin. -->","yoast_head_json":{"title":"Porte-outils pour porte-graisse - Blackstone Griddles","description":"Ces outils vous aideront \u00e0 tirer le meilleur parti de votre Blackstone, quelle que soit sa taille. La porte \u00e0 graisse emp\u00eache les aliments de tomber par l'arri\u00e8re tout en permettant \u00e0 la graisse de sortir.","robots":{"index":"index","follow":"follow","max-snippet":"max-snippet:-1","max-image-preview":"max-image-preview:large","max-video-preview":"max-video-preview:-1"},"canonical":"https:\/\/blackstonegriddles.ca\/fr\/produit\/combo-porte-graisse-et-porte-outil\/","og_locale":"fr_CA","og_type":"article","og_title":"Grease Gate Tool Holder Combo - Blackstone Griddles","og_description":"These tools will help you get the most out of your Blackstone whatever the size. The grease gate keeps food from falling out the back while allowing the grease to exit.","og_url":"https:\/\/blackstonegriddles.ca\/fr\/produit\/combo-porte-graisse-et-porte-outil\/","og_site_name":"Blackstone Griddles","article_publisher":"https:\/\/www.facebook.com\/blackstoneproducts\/","article_modified_time":"2026-04-17T19:01:12+00:00","og_image":[{"width":1024,"height":1024,"url":"https:\/\/blackstonegriddles.ca\/wp-content\/uploads\/2023\/03\/grease-gate-and-tool-holder-combo-275157_1024x1024-1.jpg","type":"image\/jpeg"}],"twitter_card":"summary_large_image","twitter_site":"@weareblackstone","twitter_misc":{"Estimation du temps de lecture":"1 minute"},"schema":{"@context":"https:\/\/schema.org","@graph":[{"@type":"WebPage","@id":"https:\/\/blackstonegriddles.ca\/product\/grease-gate-and-tool-holder-combo\/","url":"https:\/\/blackstonegriddles.ca\/product\/grease-gate-and-tool-holder-combo\/","name":"Porte-outils pour porte-graisse - Blackstone Griddles","isPartOf":{"@id":"https:\/\/blackstonegriddles.ca\/#website"},"primaryImageOfPage":{"@id":"https:\/\/blackstonegriddles.ca\/product\/grease-gate-and-tool-holder-combo\/#primaryimage"},"image":{"@id":"https:\/\/blackstonegriddles.ca\/product\/grease-gate-and-tool-holder-combo\/#primaryimage"},"thumbnailUrl":"https:\/\/blackstonegriddles.ca\/wp-content\/uploads\/2023\/03\/grease-gate-and-tool-holder-combo-275157_1024x1024-1.jpg","datePublished":"2023-04-04T18:51:25+00:00","dateModified":"2026-04-17T19:01:12+00:00","description":"Ces outils vous aideront \u00e0 tirer le meilleur parti de votre Blackstone, quelle que soit sa taille. La porte \u00e0 graisse emp\u00eache les aliments de tomber par l'arri\u00e8re tout en permettant \u00e0 la graisse de sortir.","breadcrumb":{"@id":"https:\/\/blackstonegriddles.ca\/product\/grease-gate-and-tool-holder-combo\/#breadcrumb"},"inLanguage":"fr-CA","potentialAction":[{"@type":"ReadAction","target":["https:\/\/blackstonegriddles.ca\/product\/grease-gate-and-tool-holder-combo\/"]}]},{"@type":"ImageObject","inLanguage":"fr-CA","@id":"https:\/\/blackstonegriddles.ca\/product\/grease-gate-and-tool-holder-combo\/#primaryimage","url":"https:\/\/blackstonegriddles.ca\/wp-content\/uploads\/2023\/03\/grease-gate-and-tool-holder-combo-275157_1024x1024-1.jpg","contentUrl":"https:\/\/blackstonegriddles.ca\/wp-content\/uploads\/2023\/03\/grease-gate-and-tool-holder-combo-275157_1024x1024-1.jpg","width":1024,"height":1024,"caption":"GREASE GATE AND TOOL HOLDER COMBO"},{"@type":"BreadcrumbList","@id":"https:\/\/blackstonegriddles.ca\/product\/grease-gate-and-tool-holder-combo\/#breadcrumb","itemListElement":[{"@type":"ListItem","position":1,"name":"Home","item":"https:\/\/blackstonegriddles.ca\/"},{"@type":"ListItem","position":2,"name":"Shop","item":"https:\/\/blackstonegriddles.ca\/shop\/"},{"@type":"ListItem","position":3,"name":"Grease Gate Tool Holder Combo"}]},{"@type":"WebSite","@id":"https:\/\/blackstonegriddles.ca\/#website","url":"https:\/\/blackstonegriddles.ca\/","name":"Grils Blackstone Canada","description":"Blackstone Griddles distributeur officiel agr\u00e9\u00e9 Canada","publisher":{"@id":"https:\/\/blackstonegriddles.ca\/#organization"},"potentialAction":[{"@type":"SearchAction","target":{"@type":"EntryPoint","urlTemplate":"https:\/\/blackstonegriddles.ca\/?s={search_term_string}"},"query-input":{"@type":"PropertyValueSpecification","valueRequired":true,"valueName":"search_term_string"}}],"inLanguage":"fr-CA"},{"@type":"Organization","@id":"https:\/\/blackstonegriddles.ca\/#organization","name":"Grils Blackstone Canada","url":"https:\/\/blackstonegriddles.ca\/","logo":{"@type":"ImageObject","inLanguage":"fr-CA","@id":"https:\/\/blackstonegriddles.ca\/#\/schema\/logo\/image\/","url":"https:\/\/blackstonegriddles.ca\/wp-content\/uploads\/2025\/02\/blackstone-fire-logo.webp","contentUrl":"https:\/\/blackstonegriddles.ca\/wp-content\/uploads\/2025\/02\/blackstone-fire-logo.webp","width":53,"height":58,"caption":"Blackstone Griddles Canada"},"image":{"@id":"https:\/\/blackstonegriddles.ca\/#\/schema\/logo\/image\/"},"sameAs":["https:\/\/www.facebook.com\/blackstoneproducts\/","https:\/\/x.com\/weareblackstone","https:\/\/www.instagram.com\/blackstoneproducts\/","https:\/\/www.youtube.com\/channel\/UCr39rimir8y3p-q1iQYidVA"]}]}},"_links":{"self":[{"href":"https:\/\/blackstonegriddles.ca\/fr\/wp-json\/wp\/v2\/product\/30461","targetHints":{"allow":["GET"]}}],"collection":[{"href":"https:\/\/blackstonegriddles.ca\/fr\/wp-json\/wp\/v2\/product"}],"about":[{"href":"https:\/\/blackstonegriddles.ca\/fr\/wp-json\/wp\/v2\/types\/product"}],"wp:featuredmedia":[{"embeddable":true,"href":"https:\/\/blackstonegriddles.ca\/fr\/wp-json\/wp\/v2\/media\/30463"}],"wp:attachment":[{"href":"https:\/\/blackstonegriddles.ca\/fr\/wp-json\/wp\/v2\/media?parent=30461"}],"wp:term":[{"taxonomy":"product_brand","embeddable":true,"href":"https:\/\/blackstonegriddles.ca\/fr\/wp-json\/wp\/v2\/product_brand?post=30461"},{"taxonomy":"product_cat","embeddable":true,"href":"https:\/\/blackstonegriddles.ca\/fr\/wp-json\/wp\/v2\/product_cat?post=30461"},{"taxonomy":"product_tag","embeddable":true,"href":"https:\/\/blackstonegriddles.ca\/fr\/wp-json\/wp\/v2\/product_tag?post=30461"}],"curies":[{"name":"wp","href":"https:\/\/api.w.org\/{rel}","templated":true}]}}