{"id":30475,"date":"2023-03-02T17:36:02","date_gmt":"2023-03-02T17:36:02","guid":{"rendered":"https:\/\/blackstonegriddles.ca\/?post_type=product&#038;p=30475"},"modified":"2026-04-28T15:01:02","modified_gmt":"2026-04-28T15:01:02","slug":"17-tabletop-w-hood-carry-bag","status":"publish","type":"product","link":"https:\/\/blackstonegriddles.ca\/fr\/product\/17-tabletop-w-hood-carry-bag\/","title":{"rendered":"17\u2033 Tabletop W\/Hood Carry Bag"},"content":{"rendered":"","protected":false},"excerpt":{"rendered":"<p>Prot\u00e9gez votre plaque de cuisson Blackstone de 17 pouces avec ce sac de transport Blackstone personnalis\u00e9. Ce sac fourre-tout est suffisamment grand pour accueillir votre plaque de cuisson de table Blackstone de 17 pouces avec un capot ou une couverture rigide. Il est fabriqu\u00e9 en toile r\u00e9sistante aux intemp\u00e9ries et dot\u00e9 de fermetures \u00e0 glissi\u00e8re robustes pour une grande durabilit\u00e9.<\/p>","protected":false},"featured_media":30479,"template":"","meta":[],"product_brand":[],"product_cat":[137,249],"product_tag":[],"class_list":{"0":"post-30475","1":"product","2":"type-product","3":"status-publish","4":"has-post-thumbnail","6":"product_cat-covers-and-carry-bags","7":"product_cat-sale","8":"product_shipping_class-accessories","10":"first","11":"instock","12":"sale","13":"taxable","14":"shipping-taxable","15":"purchasable","16":"product-type-simple"},"yoast_head":"<!-- This site is optimized with the Yoast SEO plugin v27.5 - https:\/\/yoast.com\/product\/yoast-seo-wordpress\/ -->\n<title>17&quot; Tabletop W\/Hood Carry Bag - Blackstone Griddles<\/title>\n<meta name=\"description\" content=\"Protect your Blackstone 17 in. tabletop griddle with this custom-designed Blackstone Carry Bag.\" \/>\n<meta name=\"robots\" content=\"index, follow, max-snippet:-1, max-image-preview:large, max-video-preview:-1\" \/>\n<link rel=\"canonical\" href=\"https:\/\/blackstonegriddles.ca\/fr\/produit\/17-tabletop-w-hood-carry-bag\/\" \/>\n<meta property=\"og:locale\" content=\"fr_CA\" \/>\n<meta property=\"og:type\" content=\"article\" \/>\n<meta property=\"og:title\" content=\"17&quot; Tabletop W\/Hood Carry Bag - Blackstone Griddles\" \/>\n<meta property=\"og:description\" content=\"Protect your Blackstone 17 in. tabletop griddle with this custom-designed Blackstone Carry Bag.\" \/>\n<meta property=\"og:url\" content=\"https:\/\/blackstonegriddles.ca\/fr\/produit\/17-tabletop-w-hood-carry-bag\/\" \/>\n<meta property=\"og:site_name\" content=\"Blackstone Griddles\" \/>\n<meta property=\"article:publisher\" content=\"https:\/\/www.facebook.com\/blackstoneproducts\/\" \/>\n<meta property=\"article:modified_time\" content=\"2026-04-28T15:01:02+00:00\" \/>\n<meta property=\"og:image\" content=\"https:\/\/blackstonegriddles.ca\/wp-content\/uploads\/2023\/03\/17-tabletop-whood-carry-bag-273383_grande-1.jpg\" \/>\n\t<meta property=\"og:image:width\" content=\"600\" \/>\n\t<meta property=\"og:image:height\" content=\"590\" \/>\n\t<meta property=\"og:image:type\" content=\"image\/jpeg\" \/>\n<meta name=\"twitter:card\" content=\"summary_large_image\" \/>\n<meta name=\"twitter:site\" content=\"@weareblackstone\" \/>\n<meta name=\"twitter:label1\" content=\"Estimation du temps de lecture\" \/>\n\t<meta name=\"twitter:data1\" content=\"1 minute\" \/>\n<script type=\"application\/ld+json\" class=\"yoast-schema-graph\">{\"@context\":\"https:\\\/\\\/schema.org\",\"@graph\":[{\"@type\":\"WebPage\",\"@id\":\"https:\\\/\\\/blackstonegriddles.ca\\\/product\\\/17-tabletop-w-hood-carry-bag\\\/\",\"url\":\"https:\\\/\\\/blackstonegriddles.ca\\\/product\\\/17-tabletop-w-hood-carry-bag\\\/\",\"name\":\"17\\\" Tabletop W\\\/Hood Carry Bag - Blackstone Griddles\",\"isPartOf\":{\"@id\":\"https:\\\/\\\/blackstonegriddles.ca\\\/#website\"},\"primaryImageOfPage\":{\"@id\":\"https:\\\/\\\/blackstonegriddles.ca\\\/product\\\/17-tabletop-w-hood-carry-bag\\\/#primaryimage\"},\"image\":{\"@id\":\"https:\\\/\\\/blackstonegriddles.ca\\\/product\\\/17-tabletop-w-hood-carry-bag\\\/#primaryimage\"},\"thumbnailUrl\":\"https:\\\/\\\/blackstonegriddles.ca\\\/wp-content\\\/uploads\\\/2023\\\/03\\\/17-tabletop-whood-carry-bag-273383_grande-1.jpg\",\"datePublished\":\"2023-03-02T17:36:02+00:00\",\"dateModified\":\"2026-04-28T15:01:02+00:00\",\"description\":\"Protect your Blackstone 17 in. tabletop griddle with this custom-designed Blackstone Carry Bag.\",\"breadcrumb\":{\"@id\":\"https:\\\/\\\/blackstonegriddles.ca\\\/product\\\/17-tabletop-w-hood-carry-bag\\\/#breadcrumb\"},\"inLanguage\":\"fr-CA\",\"potentialAction\":[{\"@type\":\"ReadAction\",\"target\":[\"https:\\\/\\\/blackstonegriddles.ca\\\/product\\\/17-tabletop-w-hood-carry-bag\\\/\"]}]},{\"@type\":\"ImageObject\",\"inLanguage\":\"fr-CA\",\"@id\":\"https:\\\/\\\/blackstonegriddles.ca\\\/product\\\/17-tabletop-w-hood-carry-bag\\\/#primaryimage\",\"url\":\"https:\\\/\\\/blackstonegriddles.ca\\\/wp-content\\\/uploads\\\/2023\\\/03\\\/17-tabletop-whood-carry-bag-273383_grande-1.jpg\",\"contentUrl\":\"https:\\\/\\\/blackstonegriddles.ca\\\/wp-content\\\/uploads\\\/2023\\\/03\\\/17-tabletop-whood-carry-bag-273383_grande-1.jpg\",\"width\":600,\"height\":590,\"caption\":\"17\\\" TABLETOP W\\\/HOOD CARRY BAG\"},{\"@type\":\"BreadcrumbList\",\"@id\":\"https:\\\/\\\/blackstonegriddles.ca\\\/product\\\/17-tabletop-w-hood-carry-bag\\\/#breadcrumb\",\"itemListElement\":[{\"@type\":\"ListItem\",\"position\":1,\"name\":\"Home\",\"item\":\"https:\\\/\\\/blackstonegriddles.ca\\\/\"},{\"@type\":\"ListItem\",\"position\":2,\"name\":\"Shop\",\"item\":\"https:\\\/\\\/blackstonegriddles.ca\\\/shop\\\/\"},{\"@type\":\"ListItem\",\"position\":3,\"name\":\"17&#8243; Tabletop W\\\/Hood Carry Bag\"}]},{\"@type\":\"WebSite\",\"@id\":\"https:\\\/\\\/blackstonegriddles.ca\\\/#website\",\"url\":\"https:\\\/\\\/blackstonegriddles.ca\\\/\",\"name\":\"Blackstone Griddles Canada\",\"description\":\"Blackstone Griddles official licensed dealer Canada\",\"publisher\":{\"@id\":\"https:\\\/\\\/blackstonegriddles.ca\\\/#organization\"},\"potentialAction\":[{\"@type\":\"SearchAction\",\"target\":{\"@type\":\"EntryPoint\",\"urlTemplate\":\"https:\\\/\\\/blackstonegriddles.ca\\\/?s={search_term_string}\"},\"query-input\":{\"@type\":\"PropertyValueSpecification\",\"valueRequired\":true,\"valueName\":\"search_term_string\"}}],\"inLanguage\":\"fr-CA\"},{\"@type\":\"Organization\",\"@id\":\"https:\\\/\\\/blackstonegriddles.ca\\\/#organization\",\"name\":\"Blackstone Griddles Canada\",\"url\":\"https:\\\/\\\/blackstonegriddles.ca\\\/\",\"logo\":{\"@type\":\"ImageObject\",\"inLanguage\":\"fr-CA\",\"@id\":\"https:\\\/\\\/blackstonegriddles.ca\\\/#\\\/schema\\\/logo\\\/image\\\/\",\"url\":\"https:\\\/\\\/blackstonegriddles.ca\\\/wp-content\\\/uploads\\\/2025\\\/02\\\/blackstone-fire-logo.webp\",\"contentUrl\":\"https:\\\/\\\/blackstonegriddles.ca\\\/wp-content\\\/uploads\\\/2025\\\/02\\\/blackstone-fire-logo.webp\",\"width\":53,\"height\":58,\"caption\":\"Blackstone Griddles Canada\"},\"image\":{\"@id\":\"https:\\\/\\\/blackstonegriddles.ca\\\/#\\\/schema\\\/logo\\\/image\\\/\"},\"sameAs\":[\"https:\\\/\\\/www.facebook.com\\\/blackstoneproducts\\\/\",\"https:\\\/\\\/x.com\\\/weareblackstone\",\"https:\\\/\\\/www.instagram.com\\\/blackstoneproducts\\\/\",\"https:\\\/\\\/www.youtube.com\\\/channel\\\/UCr39rimir8y3p-q1iQYidVA\"]}]}<\/script>\n<!-- \/ Yoast SEO plugin. -->","yoast_head_json":{"title":"17\" Tabletop W\/Hood Carry Bag - Blackstone Griddles","description":"Prot\u00e9gez votre plancha de table Blackstone de 17 pouces avec ce sac de transport Blackstone con\u00e7u sur mesure.","robots":{"index":"index","follow":"follow","max-snippet":"max-snippet:-1","max-image-preview":"max-image-preview:large","max-video-preview":"max-video-preview:-1"},"canonical":"https:\/\/blackstonegriddles.ca\/fr\/produit\/17-tabletop-w-hood-carry-bag\/","og_locale":"fr_CA","og_type":"article","og_title":"17\" Tabletop W\/Hood Carry Bag - Blackstone Griddles","og_description":"Protect your Blackstone 17 in. tabletop griddle with this custom-designed Blackstone Carry Bag.","og_url":"https:\/\/blackstonegriddles.ca\/fr\/produit\/17-tabletop-w-hood-carry-bag\/","og_site_name":"Blackstone Griddles","article_publisher":"https:\/\/www.facebook.com\/blackstoneproducts\/","article_modified_time":"2026-04-28T15:01:02+00:00","og_image":[{"width":600,"height":590,"url":"https:\/\/blackstonegriddles.ca\/wp-content\/uploads\/2023\/03\/17-tabletop-whood-carry-bag-273383_grande-1.jpg","type":"image\/jpeg"}],"twitter_card":"summary_large_image","twitter_site":"@weareblackstone","twitter_misc":{"Estimation du temps de lecture":"1 minute"},"schema":{"@context":"https:\/\/schema.org","@graph":[{"@type":"WebPage","@id":"https:\/\/blackstonegriddles.ca\/product\/17-tabletop-w-hood-carry-bag\/","url":"https:\/\/blackstonegriddles.ca\/product\/17-tabletop-w-hood-carry-bag\/","name":"17\" Tabletop W\/Hood Carry Bag - Blackstone Griddles","isPartOf":{"@id":"https:\/\/blackstonegriddles.ca\/#website"},"primaryImageOfPage":{"@id":"https:\/\/blackstonegriddles.ca\/product\/17-tabletop-w-hood-carry-bag\/#primaryimage"},"image":{"@id":"https:\/\/blackstonegriddles.ca\/product\/17-tabletop-w-hood-carry-bag\/#primaryimage"},"thumbnailUrl":"https:\/\/blackstonegriddles.ca\/wp-content\/uploads\/2023\/03\/17-tabletop-whood-carry-bag-273383_grande-1.jpg","datePublished":"2023-03-02T17:36:02+00:00","dateModified":"2026-04-28T15:01:02+00:00","description":"Prot\u00e9gez votre plancha de table Blackstone de 17 pouces avec ce sac de transport Blackstone con\u00e7u sur mesure.","breadcrumb":{"@id":"https:\/\/blackstonegriddles.ca\/product\/17-tabletop-w-hood-carry-bag\/#breadcrumb"},"inLanguage":"fr-CA","potentialAction":[{"@type":"ReadAction","target":["https:\/\/blackstonegriddles.ca\/product\/17-tabletop-w-hood-carry-bag\/"]}]},{"@type":"ImageObject","inLanguage":"fr-CA","@id":"https:\/\/blackstonegriddles.ca\/product\/17-tabletop-w-hood-carry-bag\/#primaryimage","url":"https:\/\/blackstonegriddles.ca\/wp-content\/uploads\/2023\/03\/17-tabletop-whood-carry-bag-273383_grande-1.jpg","contentUrl":"https:\/\/blackstonegriddles.ca\/wp-content\/uploads\/2023\/03\/17-tabletop-whood-carry-bag-273383_grande-1.jpg","width":600,"height":590,"caption":"17\" TABLETOP W\/HOOD CARRY BAG"},{"@type":"BreadcrumbList","@id":"https:\/\/blackstonegriddles.ca\/product\/17-tabletop-w-hood-carry-bag\/#breadcrumb","itemListElement":[{"@type":"ListItem","position":1,"name":"Home","item":"https:\/\/blackstonegriddles.ca\/"},{"@type":"ListItem","position":2,"name":"Shop","item":"https:\/\/blackstonegriddles.ca\/shop\/"},{"@type":"ListItem","position":3,"name":"17&#8243; Tabletop W\/Hood Carry Bag"}]},{"@type":"WebSite","@id":"https:\/\/blackstonegriddles.ca\/#website","url":"https:\/\/blackstonegriddles.ca\/","name":"Grils Blackstone Canada","description":"Blackstone Griddles distributeur officiel agr\u00e9\u00e9 Canada","publisher":{"@id":"https:\/\/blackstonegriddles.ca\/#organization"},"potentialAction":[{"@type":"SearchAction","target":{"@type":"EntryPoint","urlTemplate":"https:\/\/blackstonegriddles.ca\/?s={search_term_string}"},"query-input":{"@type":"PropertyValueSpecification","valueRequired":true,"valueName":"search_term_string"}}],"inLanguage":"fr-CA"},{"@type":"Organization","@id":"https:\/\/blackstonegriddles.ca\/#organization","name":"Grils Blackstone Canada","url":"https:\/\/blackstonegriddles.ca\/","logo":{"@type":"ImageObject","inLanguage":"fr-CA","@id":"https:\/\/blackstonegriddles.ca\/#\/schema\/logo\/image\/","url":"https:\/\/blackstonegriddles.ca\/wp-content\/uploads\/2025\/02\/blackstone-fire-logo.webp","contentUrl":"https:\/\/blackstonegriddles.ca\/wp-content\/uploads\/2025\/02\/blackstone-fire-logo.webp","width":53,"height":58,"caption":"Blackstone Griddles Canada"},"image":{"@id":"https:\/\/blackstonegriddles.ca\/#\/schema\/logo\/image\/"},"sameAs":["https:\/\/www.facebook.com\/blackstoneproducts\/","https:\/\/x.com\/weareblackstone","https:\/\/www.instagram.com\/blackstoneproducts\/","https:\/\/www.youtube.com\/channel\/UCr39rimir8y3p-q1iQYidVA"]}]}},"_links":{"self":[{"href":"https:\/\/blackstonegriddles.ca\/fr\/wp-json\/wp\/v2\/product\/30475","targetHints":{"allow":["GET"]}}],"collection":[{"href":"https:\/\/blackstonegriddles.ca\/fr\/wp-json\/wp\/v2\/product"}],"about":[{"href":"https:\/\/blackstonegriddles.ca\/fr\/wp-json\/wp\/v2\/types\/product"}],"wp:featuredmedia":[{"embeddable":true,"href":"https:\/\/blackstonegriddles.ca\/fr\/wp-json\/wp\/v2\/media\/30479"}],"wp:attachment":[{"href":"https:\/\/blackstonegriddles.ca\/fr\/wp-json\/wp\/v2\/media?parent=30475"}],"wp:term":[{"taxonomy":"product_brand","embeddable":true,"href":"https:\/\/blackstonegriddles.ca\/fr\/wp-json\/wp\/v2\/product_brand?post=30475"},{"taxonomy":"product_cat","embeddable":true,"href":"https:\/\/blackstonegriddles.ca\/fr\/wp-json\/wp\/v2\/product_cat?post=30475"},{"taxonomy":"product_tag","embeddable":true,"href":"https:\/\/blackstonegriddles.ca\/fr\/wp-json\/wp\/v2\/product_tag?post=30475"}],"curies":[{"name":"wp","href":"https:\/\/api.w.org\/{rel}","templated":true}]}}