{"id":30890,"date":"2023-04-12T14:26:49","date_gmt":"2023-04-12T14:26:49","guid":{"rendered":"https:\/\/blackstonegriddles.ca\/?post_type=product&#038;p=30890"},"modified":"2026-05-14T17:00:41","modified_gmt":"2026-05-14T17:00:41","slug":"22-ensemble-de-grilles-de-table","status":"publish","type":"product","link":"https:\/\/blackstonegriddles.ca\/fr\/product\/22-tabletop-griddle-bundle\/","title":{"rendered":"Gril de table Blackstone 22inch Original Series Bundle with 5-piece Accessory Kit and Propane Hose (Kit d'accessoires 5 pi\u00e8ces et tuyau de propane)"},"content":{"rendered":"<p>&nbsp;<\/p>\n<ul>\n<li data-section-id=\"1xboncn\" data-start=\"333\" data-end=\"436\"><strong data-start=\"335\" data-end=\"372\">Surface de cuisson de 22 pouces (361 pouces carr\u00e9s)<\/strong><br data-start=\"372\" data-end=\"375\" \/>Plaque de cuisson en acier lamin\u00e9 avec fa\u00e7ade en acier inoxydable<\/li>\n<li data-section-id=\"1508239\" data-start=\"438\" data-end=\"523\"><strong data-start=\"440\" data-end=\"474\">Deux (2) zones de chaleur ind\u00e9pendantes<\/strong><br data-start=\"474\" data-end=\"477\" \/>Br\u00fbleurs doubles en forme de H pour une cuisson flexible<\/li>\n<li data-section-id=\"1dvenym\" data-start=\"525\" data-end=\"593\"><strong data-start=\"527\" data-end=\"548\">24 000 BTU de puissance<\/strong><br data-start=\"548\" data-end=\"551\" \/>Fournit une chaleur constante et efficace<\/li>\n<li data-section-id=\"1t7p0nt\" data-start=\"595\" data-end=\"653\"><strong data-start=\"597\" data-end=\"624\">Allumage pi\u00e9zo\u00e9lectrique int\u00e9gr\u00e9<\/strong><br data-start=\"624\" data-end=\"627\" \/>D\u00e9marrage facile par bouton-poussoir<\/li>\n<li data-section-id=\"qd36nv\" data-start=\"655\" data-end=\"728\"><strong data-start=\"657\" data-end=\"690\">Syst\u00e8me de gestion de la graisse \u00e0 l'arri\u00e8re<\/strong><br data-start=\"690\" data-end=\"693\" \/>Dirige la graisse pour un nettoyage facile<\/li>\n<li data-section-id=\"1gmwsgr\" data-start=\"730\" data-end=\"813\"><strong data-start=\"732\" data-end=\"771\">Tuyau d'Adaptation au Propane avec R\u00e9gulateur<\/strong><br data-start=\"771\" data-end=\"774\" \/>Convertir 1 livre de propane en r\u00e9servoir de 20 livres<\/li>\n<li data-section-id=\"jwt77m\" data-start=\"815\" data-end=\"897\"><strong data-start=\"817\" data-end=\"846\">Housse de protection incluse<\/strong><br data-start=\"846\" data-end=\"849\" \/>Couverture r\u00e9sistante \u00e0 l'eau pour la protection ext\u00e9rieure<\/li>\n<li data-section-id=\"17w5p8f\" data-start=\"899\" data-end=\"1023\"><strong data-start=\"901\" data-end=\"927\">Kit d'accessoires inclus<\/strong>\n<ul data-start=\"932\" data-end=\"1023\">\n<li data-section-id=\"1fm02eh\" data-start=\"932\" data-end=\"961\">Deux (2) distributeurs de liquide<\/li>\n<li data-section-id=\"gmbgcn\" data-start=\"964\" data-end=\"1001\">Deux (2) spatules (dont une perfor\u00e9e)<\/li>\n<li data-section-id=\"6eb7p4\" data-start=\"1004\" data-end=\"1023\">Un (1) grattoir<\/li>\n<\/ul>\n<\/li>\n<\/ul>","protected":false},"excerpt":{"rendered":"<p>Ce kit contient tout le n\u00e9cessaire pour commencer !\nCette plancha de 22 pouces est con\u00e7ue pour une cuisine facile et polyvalente, o\u00f9 que vous alliez. Elle est livr\u00e9e avec un kit complet d'accessoires de base pour plancha, comprenant deux spatules, deux flacons souples et une raclette pour plancha, pour que vous soyez pr\u00eat \u00e0 cuisiner imm\u00e9diatement. Une housse souple et r\u00e9sistante prot\u00e8ge votre plancha entre les utilisations, et des options de combustible flexibles vous permettent de l'alimenter avec une bouteille de propane de 1 lb ou le tuyau adaptateur de 20 lb inclus pour des sessions de cuisson plus longues.<\/p>","protected":false},"featured_media":31243,"template":"","meta":[],"product_brand":[],"product_cat":[156,154],"product_tag":[],"class_list":{"0":"post-30890","1":"product","2":"type-product","3":"status-publish","4":"has-post-thumbnail","6":"product_cat-156","7":"product_cat-griddles","8":"product_shipping_class-22-griddles","10":"first","11":"instock","12":"taxable","13":"shipping-taxable","14":"purchasable","15":"product-type-simple"},"yoast_head":"<!-- This site is optimized with the Yoast SEO plugin v27.6 - https:\/\/yoast.com\/product\/yoast-seo-wordpress\/ -->\n<title>Blackstone 22inch Original Series Tabletop Griddle Bundle with 5-piece Accessory Kit and Propane Hose - Blackstone Griddles<\/title>\n<meta name=\"description\" content=\"This kit has everything one needs to get started! The 22&#039;&#039; griddle boasts a large 361 square inches of cooking space, 24,000 BTU&#039;s, and two independent cooking zones.\" \/>\n<meta name=\"robots\" content=\"index, follow, max-snippet:-1, max-image-preview:large, max-video-preview:-1\" \/>\n<link rel=\"canonical\" href=\"https:\/\/blackstonegriddles.ca\/fr\/produit\/22-ensemble-de-grilles-de-table\/\" \/>\n<meta property=\"og:locale\" content=\"fr_CA\" \/>\n<meta property=\"og:type\" content=\"article\" \/>\n<meta property=\"og:title\" content=\"Blackstone 22inch Original Series Tabletop Griddle Bundle with 5-piece Accessory Kit and Propane Hose - Blackstone Griddles\" \/>\n<meta property=\"og:description\" content=\"This kit has everything one needs to get started! The 22&#039;&#039; griddle boasts a large 361 square inches of cooking space, 24,000 BTU&#039;s, and two independent cooking zones.\" \/>\n<meta property=\"og:url\" content=\"https:\/\/blackstonegriddles.ca\/fr\/produit\/22-ensemble-de-grilles-de-table\/\" \/>\n<meta property=\"og:site_name\" content=\"Blackstone Griddles\" \/>\n<meta property=\"article:publisher\" content=\"https:\/\/www.facebook.com\/blackstoneproducts\/\" \/>\n<meta property=\"article:modified_time\" content=\"2026-05-14T17:00:41+00:00\" \/>\n<meta property=\"og:image\" content=\"https:\/\/blackstonegriddles.ca\/wp-content\/uploads\/2023\/04\/1895.png\" \/>\n\t<meta property=\"og:image:width\" content=\"1384\" \/>\n\t<meta property=\"og:image:height\" content=\"847\" \/>\n\t<meta property=\"og:image:type\" content=\"image\/png\" \/>\n<meta name=\"twitter:card\" content=\"summary_large_image\" \/>\n<meta name=\"twitter:site\" content=\"@weareblackstone\" \/>\n<meta name=\"twitter:label1\" content=\"Estimation du temps de lecture\" \/>\n\t<meta name=\"twitter:data1\" content=\"1 minute\" \/>\n<script type=\"application\/ld+json\" class=\"yoast-schema-graph\">{\"@context\":\"https:\\\/\\\/schema.org\",\"@graph\":[{\"@type\":\"WebPage\",\"@id\":\"https:\\\/\\\/blackstonegriddles.ca\\\/product\\\/22-tabletop-griddle-bundle\\\/\",\"url\":\"https:\\\/\\\/blackstonegriddles.ca\\\/product\\\/22-tabletop-griddle-bundle\\\/\",\"name\":\"Blackstone 22inch Original Series Tabletop Griddle Bundle with 5-piece Accessory Kit and Propane Hose - Blackstone Griddles\",\"isPartOf\":{\"@id\":\"https:\\\/\\\/blackstonegriddles.ca\\\/#website\"},\"primaryImageOfPage\":{\"@id\":\"https:\\\/\\\/blackstonegriddles.ca\\\/product\\\/22-tabletop-griddle-bundle\\\/#primaryimage\"},\"image\":{\"@id\":\"https:\\\/\\\/blackstonegriddles.ca\\\/product\\\/22-tabletop-griddle-bundle\\\/#primaryimage\"},\"thumbnailUrl\":\"https:\\\/\\\/blackstonegriddles.ca\\\/wp-content\\\/uploads\\\/2023\\\/04\\\/1895.png\",\"datePublished\":\"2023-04-12T14:26:49+00:00\",\"dateModified\":\"2026-05-14T17:00:41+00:00\",\"description\":\"This kit has everything one needs to get started! The 22'' griddle boasts a large 361 square inches of cooking space, 24,000 BTU's, and two independent cooking zones.\",\"breadcrumb\":{\"@id\":\"https:\\\/\\\/blackstonegriddles.ca\\\/product\\\/22-tabletop-griddle-bundle\\\/#breadcrumb\"},\"inLanguage\":\"fr-CA\",\"potentialAction\":[{\"@type\":\"ReadAction\",\"target\":[\"https:\\\/\\\/blackstonegriddles.ca\\\/product\\\/22-tabletop-griddle-bundle\\\/\"]}]},{\"@type\":\"ImageObject\",\"inLanguage\":\"fr-CA\",\"@id\":\"https:\\\/\\\/blackstonegriddles.ca\\\/product\\\/22-tabletop-griddle-bundle\\\/#primaryimage\",\"url\":\"https:\\\/\\\/blackstonegriddles.ca\\\/wp-content\\\/uploads\\\/2023\\\/04\\\/1895.png\",\"contentUrl\":\"https:\\\/\\\/blackstonegriddles.ca\\\/wp-content\\\/uploads\\\/2023\\\/04\\\/1895.png\",\"width\":1384,\"height\":847},{\"@type\":\"BreadcrumbList\",\"@id\":\"https:\\\/\\\/blackstonegriddles.ca\\\/product\\\/22-tabletop-griddle-bundle\\\/#breadcrumb\",\"itemListElement\":[{\"@type\":\"ListItem\",\"position\":1,\"name\":\"Home\",\"item\":\"https:\\\/\\\/blackstonegriddles.ca\\\/\"},{\"@type\":\"ListItem\",\"position\":2,\"name\":\"Shop\",\"item\":\"https:\\\/\\\/blackstonegriddles.ca\\\/shop\\\/\"},{\"@type\":\"ListItem\",\"position\":3,\"name\":\"Blackstone 22inch Original Series Tabletop Griddle Bundle with 5-piece Accessory Kit and Propane Hose\"}]},{\"@type\":\"WebSite\",\"@id\":\"https:\\\/\\\/blackstonegriddles.ca\\\/#website\",\"url\":\"https:\\\/\\\/blackstonegriddles.ca\\\/\",\"name\":\"Blackstone Griddles Canada\",\"description\":\"Blackstone Griddles official licensed dealer Canada\",\"publisher\":{\"@id\":\"https:\\\/\\\/blackstonegriddles.ca\\\/#organization\"},\"potentialAction\":[{\"@type\":\"SearchAction\",\"target\":{\"@type\":\"EntryPoint\",\"urlTemplate\":\"https:\\\/\\\/blackstonegriddles.ca\\\/?s={search_term_string}\"},\"query-input\":{\"@type\":\"PropertyValueSpecification\",\"valueRequired\":true,\"valueName\":\"search_term_string\"}}],\"inLanguage\":\"fr-CA\"},{\"@type\":\"Organization\",\"@id\":\"https:\\\/\\\/blackstonegriddles.ca\\\/#organization\",\"name\":\"Blackstone Griddles Canada\",\"url\":\"https:\\\/\\\/blackstonegriddles.ca\\\/\",\"logo\":{\"@type\":\"ImageObject\",\"inLanguage\":\"fr-CA\",\"@id\":\"https:\\\/\\\/blackstonegriddles.ca\\\/#\\\/schema\\\/logo\\\/image\\\/\",\"url\":\"https:\\\/\\\/blackstonegriddles.ca\\\/wp-content\\\/uploads\\\/2025\\\/02\\\/blackstone-fire-logo.webp\",\"contentUrl\":\"https:\\\/\\\/blackstonegriddles.ca\\\/wp-content\\\/uploads\\\/2025\\\/02\\\/blackstone-fire-logo.webp\",\"width\":53,\"height\":58,\"caption\":\"Blackstone Griddles Canada\"},\"image\":{\"@id\":\"https:\\\/\\\/blackstonegriddles.ca\\\/#\\\/schema\\\/logo\\\/image\\\/\"},\"sameAs\":[\"https:\\\/\\\/www.facebook.com\\\/blackstoneproducts\\\/\",\"https:\\\/\\\/x.com\\\/weareblackstone\",\"https:\\\/\\\/www.instagram.com\\\/blackstoneproducts\\\/\",\"https:\\\/\\\/www.youtube.com\\\/channel\\\/UCr39rimir8y3p-q1iQYidVA\"]}]}<\/script>\n<!-- \/ Yoast SEO plugin. -->","yoast_head_json":{"title":"Gril de table Blackstone 22inch Original Series Bundle with 5-piece Accessory Kit and Propane Hose - Blackstone Griddles","description":"Ce kit contient tout ce qu'il faut pour commencer ! La plaque de cuisson de 22 pouces offre un espace de cuisson de 361 pouces carr\u00e9s, 24 000 BTU et deux zones de cuisson ind\u00e9pendantes.","robots":{"index":"index","follow":"follow","max-snippet":"max-snippet:-1","max-image-preview":"max-image-preview:large","max-video-preview":"max-video-preview:-1"},"canonical":"https:\/\/blackstonegriddles.ca\/fr\/produit\/22-ensemble-de-grilles-de-table\/","og_locale":"fr_CA","og_type":"article","og_title":"Blackstone 22inch Original Series Tabletop Griddle Bundle with 5-piece Accessory Kit and Propane Hose - Blackstone Griddles","og_description":"This kit has everything one needs to get started! The 22'' griddle boasts a large 361 square inches of cooking space, 24,000 BTU's, and two independent cooking zones.","og_url":"https:\/\/blackstonegriddles.ca\/fr\/produit\/22-ensemble-de-grilles-de-table\/","og_site_name":"Blackstone Griddles","article_publisher":"https:\/\/www.facebook.com\/blackstoneproducts\/","article_modified_time":"2026-05-14T17:00:41+00:00","og_image":[{"width":1384,"height":847,"url":"https:\/\/blackstonegriddles.ca\/wp-content\/uploads\/2023\/04\/1895.png","type":"image\/png"}],"twitter_card":"summary_large_image","twitter_site":"@weareblackstone","twitter_misc":{"Estimation du temps de lecture":"1 minute"},"schema":{"@context":"https:\/\/schema.org","@graph":[{"@type":"WebPage","@id":"https:\/\/blackstonegriddles.ca\/product\/22-tabletop-griddle-bundle\/","url":"https:\/\/blackstonegriddles.ca\/product\/22-tabletop-griddle-bundle\/","name":"Gril de table Blackstone 22inch Original Series Bundle with 5-piece Accessory Kit and Propane Hose - Blackstone Griddles","isPartOf":{"@id":"https:\/\/blackstonegriddles.ca\/#website"},"primaryImageOfPage":{"@id":"https:\/\/blackstonegriddles.ca\/product\/22-tabletop-griddle-bundle\/#primaryimage"},"image":{"@id":"https:\/\/blackstonegriddles.ca\/product\/22-tabletop-griddle-bundle\/#primaryimage"},"thumbnailUrl":"https:\/\/blackstonegriddles.ca\/wp-content\/uploads\/2023\/04\/1895.png","datePublished":"2023-04-12T14:26:49+00:00","dateModified":"2026-05-14T17:00:41+00:00","description":"Ce kit contient tout ce qu'il faut pour commencer ! La plaque de cuisson de 22 pouces offre un espace de cuisson de 361 pouces carr\u00e9s, 24 000 BTU et deux zones de cuisson ind\u00e9pendantes.","breadcrumb":{"@id":"https:\/\/blackstonegriddles.ca\/product\/22-tabletop-griddle-bundle\/#breadcrumb"},"inLanguage":"fr-CA","potentialAction":[{"@type":"ReadAction","target":["https:\/\/blackstonegriddles.ca\/product\/22-tabletop-griddle-bundle\/"]}]},{"@type":"ImageObject","inLanguage":"fr-CA","@id":"https:\/\/blackstonegriddles.ca\/product\/22-tabletop-griddle-bundle\/#primaryimage","url":"https:\/\/blackstonegriddles.ca\/wp-content\/uploads\/2023\/04\/1895.png","contentUrl":"https:\/\/blackstonegriddles.ca\/wp-content\/uploads\/2023\/04\/1895.png","width":1384,"height":847},{"@type":"BreadcrumbList","@id":"https:\/\/blackstonegriddles.ca\/product\/22-tabletop-griddle-bundle\/#breadcrumb","itemListElement":[{"@type":"ListItem","position":1,"name":"Home","item":"https:\/\/blackstonegriddles.ca\/"},{"@type":"ListItem","position":2,"name":"Shop","item":"https:\/\/blackstonegriddles.ca\/shop\/"},{"@type":"ListItem","position":3,"name":"Blackstone 22inch Original Series Tabletop Griddle Bundle with 5-piece Accessory Kit and Propane Hose"}]},{"@type":"WebSite","@id":"https:\/\/blackstonegriddles.ca\/#website","url":"https:\/\/blackstonegriddles.ca\/","name":"Grils Blackstone Canada","description":"Blackstone Griddles distributeur officiel agr\u00e9\u00e9 Canada","publisher":{"@id":"https:\/\/blackstonegriddles.ca\/#organization"},"potentialAction":[{"@type":"SearchAction","target":{"@type":"EntryPoint","urlTemplate":"https:\/\/blackstonegriddles.ca\/?s={search_term_string}"},"query-input":{"@type":"PropertyValueSpecification","valueRequired":true,"valueName":"search_term_string"}}],"inLanguage":"fr-CA"},{"@type":"Organization","@id":"https:\/\/blackstonegriddles.ca\/#organization","name":"Grils Blackstone Canada","url":"https:\/\/blackstonegriddles.ca\/","logo":{"@type":"ImageObject","inLanguage":"fr-CA","@id":"https:\/\/blackstonegriddles.ca\/#\/schema\/logo\/image\/","url":"https:\/\/blackstonegriddles.ca\/wp-content\/uploads\/2025\/02\/blackstone-fire-logo.webp","contentUrl":"https:\/\/blackstonegriddles.ca\/wp-content\/uploads\/2025\/02\/blackstone-fire-logo.webp","width":53,"height":58,"caption":"Blackstone Griddles Canada"},"image":{"@id":"https:\/\/blackstonegriddles.ca\/#\/schema\/logo\/image\/"},"sameAs":["https:\/\/www.facebook.com\/blackstoneproducts\/","https:\/\/x.com\/weareblackstone","https:\/\/www.instagram.com\/blackstoneproducts\/","https:\/\/www.youtube.com\/channel\/UCr39rimir8y3p-q1iQYidVA"]}]}},"_links":{"self":[{"href":"https:\/\/blackstonegriddles.ca\/fr\/wp-json\/wp\/v2\/product\/30890","targetHints":{"allow":["GET"]}}],"collection":[{"href":"https:\/\/blackstonegriddles.ca\/fr\/wp-json\/wp\/v2\/product"}],"about":[{"href":"https:\/\/blackstonegriddles.ca\/fr\/wp-json\/wp\/v2\/types\/product"}],"wp:featuredmedia":[{"embeddable":true,"href":"https:\/\/blackstonegriddles.ca\/fr\/wp-json\/wp\/v2\/media\/31243"}],"wp:attachment":[{"href":"https:\/\/blackstonegriddles.ca\/fr\/wp-json\/wp\/v2\/media?parent=30890"}],"wp:term":[{"taxonomy":"product_brand","embeddable":true,"href":"https:\/\/blackstonegriddles.ca\/fr\/wp-json\/wp\/v2\/product_brand?post=30890"},{"taxonomy":"product_cat","embeddable":true,"href":"https:\/\/blackstonegriddles.ca\/fr\/wp-json\/wp\/v2\/product_cat?post=30890"},{"taxonomy":"product_tag","embeddable":true,"href":"https:\/\/blackstonegriddles.ca\/fr\/wp-json\/wp\/v2\/product_tag?post=30890"}],"curies":[{"name":"wp","href":"https:\/\/api.w.org\/{rel}","templated":true}]}}