{"id":33609,"date":"2023-07-18T15:20:31","date_gmt":"2023-07-18T15:20:31","guid":{"rendered":"https:\/\/blackstonegriddles.ca\/?post_type=product&#038;p=33609"},"modified":"2026-05-07T16:01:30","modified_gmt":"2026-05-07T16:01:30","slug":"griddle-original-28in-xl-w-hood","status":"publish","type":"product","link":"https:\/\/blackstonegriddles.ca\/fr\/product\/griddle-original-28in-xl-w-hood\/","title":{"rendered":"Blackstone 28inch Original Series XL Griddle with Hood (gril de 28 pouces avec capot)"},"content":{"rendered":"<div class=\"row\" data-test-property=\"Bullet 1\">\n<div class=\"medium-8 columns\">\n<div class=\"product-property-value\">\n<ul>\n<li id=\"ember362\" class=\"ember-view\"><span class=\"_value-text_xztep4\" title=\"Espace de cuisson de 28 pouces de large avec un total de 613 pouces carr\u00e9s\">Espace de cuisson de 28 pouces de large avec un total de 613 pouces carr\u00e9s<\/span><\/li>\n<li class=\"ember-view\">Syst\u00e8me brevet\u00e9 de gestion des graisses \u00e0 l'arri\u00e8re<\/li>\n<li class=\"ember-view\">Trois zones de cuisson contr\u00f4l\u00e9es ind\u00e9pendamment avec un total de 48 000 BTU<\/li>\n<li class=\"ember-view\">Style chariot avec deux \u00e9tag\u00e8res lat\u00e9rales<\/li>\n<li class=\"ember-view\">Porte-serviettes pliant<\/li>\n<\/ul>\n<\/div>\n<\/div>\n<\/div>","protected":false},"excerpt":{"rendered":"<p>Cette plaque de cuisson de 28 pouces offre une surface de cuisson spacieuse de 613 pouces carr\u00e9s, ce qui vous donne suffisamment d'espace pour cuire plusieurs aliments \u00e0 la fois. Trois zones de cuisson contr\u00f4l\u00e9es ind\u00e9pendamment fournissent un total de 48 000 BTU, ce qui vous permet de saisir, sauter et r\u00e9chauffer avec pr\u00e9cision. Le syst\u00e8me brevet\u00e9 de gestion des graisses \u00e0 l'arri\u00e8re facilite le nettoyage, tandis que la conception robuste de type chariot avec deux \u00e9tag\u00e8res lat\u00e9rales offre plus d'espace pour la pr\u00e9paration et le service. Un porte-essuie-tout pliant pratique permet de garder l'essentiel \u00e0 port\u00e9e de main pendant que vous cuisinez.<\/p>","protected":false},"featured_media":33610,"template":"","meta":[],"product_brand":[],"product_cat":[157,154,249],"product_tag":[],"class_list":{"0":"post-33609","1":"product","2":"type-product","3":"status-publish","4":"has-post-thumbnail","6":"product_cat-157","7":"product_cat-griddles","8":"product_cat-sale","9":"product_shipping_class-140","11":"first","12":"instock","13":"sale","14":"taxable","15":"shipping-taxable","16":"purchasable","17":"product-type-simple"},"yoast_head":"<!-- This site is optimized with the Yoast SEO plugin v27.5 - https:\/\/yoast.com\/product\/yoast-seo-wordpress\/ -->\n<title>Blackstone 28inch Original Series XL Griddle with Hood - Blackstone Griddles<\/title>\n<meta name=\"robots\" content=\"index, follow, max-snippet:-1, max-image-preview:large, max-video-preview:-1\" \/>\n<link rel=\"canonical\" href=\"https:\/\/blackstonegriddles.ca\/fr\/produit\/griddle-original-28in-xl-w-hood\/\" \/>\n<meta property=\"og:locale\" content=\"fr_CA\" \/>\n<meta property=\"og:type\" content=\"article\" \/>\n<meta property=\"og:title\" content=\"Blackstone 28inch Original Series XL Griddle with Hood - Blackstone Griddles\" \/>\n<meta property=\"og:description\" content=\"This 28-inch griddle delivers a spacious 613 sq. in. cooking surface, giving you plenty of room to cook multiple foods at once. Three independently controlled cooking zones provide a powerful total of 48,000 BTUs, so you can sear, saut\u00e9, and warm with precision. The patented rear grease management system helps keep cleanup simple, while the sturdy cart-style design with dual side shelves offers added prep and serving space. A convenient folding paper towel holder keeps essentials within reach while you cook.\" \/>\n<meta property=\"og:url\" content=\"https:\/\/blackstonegriddles.ca\/fr\/produit\/griddle-original-28in-xl-w-hood\/\" \/>\n<meta property=\"og:site_name\" content=\"Blackstone Griddles\" \/>\n<meta property=\"article:publisher\" content=\"https:\/\/www.facebook.com\/blackstoneproducts\/\" \/>\n<meta property=\"article:modified_time\" content=\"2026-05-07T16:01:30+00:00\" \/>\n<meta property=\"og:image\" content=\"https:\/\/blackstonegriddles.ca\/wp-content\/uploads\/2023\/07\/2080_28XLGriddlewithHood_Breakfast.png\" \/>\n\t<meta property=\"og:image:width\" content=\"1500\" \/>\n\t<meta property=\"og:image:height\" content=\"1613\" \/>\n\t<meta property=\"og:image:type\" content=\"image\/png\" \/>\n<meta name=\"twitter:card\" content=\"summary_large_image\" \/>\n<meta name=\"twitter:site\" content=\"@weareblackstone\" \/>\n<meta name=\"twitter:label1\" content=\"Estimation du temps de lecture\" \/>\n\t<meta name=\"twitter:data1\" content=\"1 minute\" \/>\n<script type=\"application\/ld+json\" class=\"yoast-schema-graph\">{\"@context\":\"https:\\\/\\\/schema.org\",\"@graph\":[{\"@type\":\"WebPage\",\"@id\":\"https:\\\/\\\/blackstonegriddles.ca\\\/product\\\/griddle-original-28in-xl-w-hood\\\/\",\"url\":\"https:\\\/\\\/blackstonegriddles.ca\\\/product\\\/griddle-original-28in-xl-w-hood\\\/\",\"name\":\"Blackstone 28inch Original Series XL Griddle with Hood - Blackstone Griddles\",\"isPartOf\":{\"@id\":\"https:\\\/\\\/blackstonegriddles.ca\\\/#website\"},\"primaryImageOfPage\":{\"@id\":\"https:\\\/\\\/blackstonegriddles.ca\\\/product\\\/griddle-original-28in-xl-w-hood\\\/#primaryimage\"},\"image\":{\"@id\":\"https:\\\/\\\/blackstonegriddles.ca\\\/product\\\/griddle-original-28in-xl-w-hood\\\/#primaryimage\"},\"thumbnailUrl\":\"https:\\\/\\\/blackstonegriddles.ca\\\/wp-content\\\/uploads\\\/2023\\\/07\\\/2080_28XLGriddlewithHood_Breakfast.png\",\"datePublished\":\"2023-07-18T15:20:31+00:00\",\"dateModified\":\"2026-05-07T16:01:30+00:00\",\"breadcrumb\":{\"@id\":\"https:\\\/\\\/blackstonegriddles.ca\\\/product\\\/griddle-original-28in-xl-w-hood\\\/#breadcrumb\"},\"inLanguage\":\"fr-CA\",\"potentialAction\":[{\"@type\":\"ReadAction\",\"target\":[\"https:\\\/\\\/blackstonegriddles.ca\\\/product\\\/griddle-original-28in-xl-w-hood\\\/\"]}]},{\"@type\":\"ImageObject\",\"inLanguage\":\"fr-CA\",\"@id\":\"https:\\\/\\\/blackstonegriddles.ca\\\/product\\\/griddle-original-28in-xl-w-hood\\\/#primaryimage\",\"url\":\"https:\\\/\\\/blackstonegriddles.ca\\\/wp-content\\\/uploads\\\/2023\\\/07\\\/2080_28XLGriddlewithHood_Breakfast.png\",\"contentUrl\":\"https:\\\/\\\/blackstonegriddles.ca\\\/wp-content\\\/uploads\\\/2023\\\/07\\\/2080_28XLGriddlewithHood_Breakfast.png\",\"width\":1500,\"height\":1613,\"caption\":\"28XL Griddle with Hood with food on the griddle\"},{\"@type\":\"BreadcrumbList\",\"@id\":\"https:\\\/\\\/blackstonegriddles.ca\\\/product\\\/griddle-original-28in-xl-w-hood\\\/#breadcrumb\",\"itemListElement\":[{\"@type\":\"ListItem\",\"position\":1,\"name\":\"Home\",\"item\":\"https:\\\/\\\/blackstonegriddles.ca\\\/\"},{\"@type\":\"ListItem\",\"position\":2,\"name\":\"Shop\",\"item\":\"https:\\\/\\\/blackstonegriddles.ca\\\/shop\\\/\"},{\"@type\":\"ListItem\",\"position\":3,\"name\":\"Blackstone 28inch Original Series XL Griddle with Hood\"}]},{\"@type\":\"WebSite\",\"@id\":\"https:\\\/\\\/blackstonegriddles.ca\\\/#website\",\"url\":\"https:\\\/\\\/blackstonegriddles.ca\\\/\",\"name\":\"Blackstone Griddles Canada\",\"description\":\"Blackstone Griddles official licensed dealer Canada\",\"publisher\":{\"@id\":\"https:\\\/\\\/blackstonegriddles.ca\\\/#organization\"},\"potentialAction\":[{\"@type\":\"SearchAction\",\"target\":{\"@type\":\"EntryPoint\",\"urlTemplate\":\"https:\\\/\\\/blackstonegriddles.ca\\\/?s={search_term_string}\"},\"query-input\":{\"@type\":\"PropertyValueSpecification\",\"valueRequired\":true,\"valueName\":\"search_term_string\"}}],\"inLanguage\":\"fr-CA\"},{\"@type\":\"Organization\",\"@id\":\"https:\\\/\\\/blackstonegriddles.ca\\\/#organization\",\"name\":\"Blackstone Griddles Canada\",\"url\":\"https:\\\/\\\/blackstonegriddles.ca\\\/\",\"logo\":{\"@type\":\"ImageObject\",\"inLanguage\":\"fr-CA\",\"@id\":\"https:\\\/\\\/blackstonegriddles.ca\\\/#\\\/schema\\\/logo\\\/image\\\/\",\"url\":\"https:\\\/\\\/blackstonegriddles.ca\\\/wp-content\\\/uploads\\\/2025\\\/02\\\/blackstone-fire-logo.webp\",\"contentUrl\":\"https:\\\/\\\/blackstonegriddles.ca\\\/wp-content\\\/uploads\\\/2025\\\/02\\\/blackstone-fire-logo.webp\",\"width\":53,\"height\":58,\"caption\":\"Blackstone Griddles Canada\"},\"image\":{\"@id\":\"https:\\\/\\\/blackstonegriddles.ca\\\/#\\\/schema\\\/logo\\\/image\\\/\"},\"sameAs\":[\"https:\\\/\\\/www.facebook.com\\\/blackstoneproducts\\\/\",\"https:\\\/\\\/x.com\\\/weareblackstone\",\"https:\\\/\\\/www.instagram.com\\\/blackstoneproducts\\\/\",\"https:\\\/\\\/www.youtube.com\\\/channel\\\/UCr39rimir8y3p-q1iQYidVA\"]}]}<\/script>\n<!-- \/ Yoast SEO plugin. -->","yoast_head_json":{"title":"Blackstone 28inch Original Series XL Griddle with Hood - Blackstone Griddles","robots":{"index":"index","follow":"follow","max-snippet":"max-snippet:-1","max-image-preview":"max-image-preview:large","max-video-preview":"max-video-preview:-1"},"canonical":"https:\/\/blackstonegriddles.ca\/fr\/produit\/griddle-original-28in-xl-w-hood\/","og_locale":"fr_CA","og_type":"article","og_title":"Blackstone 28inch Original Series XL Griddle with Hood - Blackstone Griddles","og_description":"This 28-inch griddle delivers a spacious 613 sq. in. cooking surface, giving you plenty of room to cook multiple foods at once. Three independently controlled cooking zones provide a powerful total of 48,000 BTUs, so you can sear, saut\u00e9, and warm with precision. The patented rear grease management system helps keep cleanup simple, while the sturdy cart-style design with dual side shelves offers added prep and serving space. A convenient folding paper towel holder keeps essentials within reach while you cook.","og_url":"https:\/\/blackstonegriddles.ca\/fr\/produit\/griddle-original-28in-xl-w-hood\/","og_site_name":"Blackstone Griddles","article_publisher":"https:\/\/www.facebook.com\/blackstoneproducts\/","article_modified_time":"2026-05-07T16:01:30+00:00","og_image":[{"width":1500,"height":1613,"url":"https:\/\/blackstonegriddles.ca\/wp-content\/uploads\/2023\/07\/2080_28XLGriddlewithHood_Breakfast.png","type":"image\/png"}],"twitter_card":"summary_large_image","twitter_site":"@weareblackstone","twitter_misc":{"Estimation du temps de lecture":"1 minute"},"schema":{"@context":"https:\/\/schema.org","@graph":[{"@type":"WebPage","@id":"https:\/\/blackstonegriddles.ca\/product\/griddle-original-28in-xl-w-hood\/","url":"https:\/\/blackstonegriddles.ca\/product\/griddle-original-28in-xl-w-hood\/","name":"Blackstone 28inch Original Series XL Griddle with Hood - Blackstone Griddles","isPartOf":{"@id":"https:\/\/blackstonegriddles.ca\/#website"},"primaryImageOfPage":{"@id":"https:\/\/blackstonegriddles.ca\/product\/griddle-original-28in-xl-w-hood\/#primaryimage"},"image":{"@id":"https:\/\/blackstonegriddles.ca\/product\/griddle-original-28in-xl-w-hood\/#primaryimage"},"thumbnailUrl":"https:\/\/blackstonegriddles.ca\/wp-content\/uploads\/2023\/07\/2080_28XLGriddlewithHood_Breakfast.png","datePublished":"2023-07-18T15:20:31+00:00","dateModified":"2026-05-07T16:01:30+00:00","breadcrumb":{"@id":"https:\/\/blackstonegriddles.ca\/product\/griddle-original-28in-xl-w-hood\/#breadcrumb"},"inLanguage":"fr-CA","potentialAction":[{"@type":"ReadAction","target":["https:\/\/blackstonegriddles.ca\/product\/griddle-original-28in-xl-w-hood\/"]}]},{"@type":"ImageObject","inLanguage":"fr-CA","@id":"https:\/\/blackstonegriddles.ca\/product\/griddle-original-28in-xl-w-hood\/#primaryimage","url":"https:\/\/blackstonegriddles.ca\/wp-content\/uploads\/2023\/07\/2080_28XLGriddlewithHood_Breakfast.png","contentUrl":"https:\/\/blackstonegriddles.ca\/wp-content\/uploads\/2023\/07\/2080_28XLGriddlewithHood_Breakfast.png","width":1500,"height":1613,"caption":"28XL Griddle with Hood with food on the griddle"},{"@type":"BreadcrumbList","@id":"https:\/\/blackstonegriddles.ca\/product\/griddle-original-28in-xl-w-hood\/#breadcrumb","itemListElement":[{"@type":"ListItem","position":1,"name":"Home","item":"https:\/\/blackstonegriddles.ca\/"},{"@type":"ListItem","position":2,"name":"Shop","item":"https:\/\/blackstonegriddles.ca\/shop\/"},{"@type":"ListItem","position":3,"name":"Blackstone 28inch Original Series XL Griddle with Hood"}]},{"@type":"WebSite","@id":"https:\/\/blackstonegriddles.ca\/#website","url":"https:\/\/blackstonegriddles.ca\/","name":"Grils Blackstone Canada","description":"Blackstone Griddles distributeur officiel agr\u00e9\u00e9 Canada","publisher":{"@id":"https:\/\/blackstonegriddles.ca\/#organization"},"potentialAction":[{"@type":"SearchAction","target":{"@type":"EntryPoint","urlTemplate":"https:\/\/blackstonegriddles.ca\/?s={search_term_string}"},"query-input":{"@type":"PropertyValueSpecification","valueRequired":true,"valueName":"search_term_string"}}],"inLanguage":"fr-CA"},{"@type":"Organization","@id":"https:\/\/blackstonegriddles.ca\/#organization","name":"Grils Blackstone Canada","url":"https:\/\/blackstonegriddles.ca\/","logo":{"@type":"ImageObject","inLanguage":"fr-CA","@id":"https:\/\/blackstonegriddles.ca\/#\/schema\/logo\/image\/","url":"https:\/\/blackstonegriddles.ca\/wp-content\/uploads\/2025\/02\/blackstone-fire-logo.webp","contentUrl":"https:\/\/blackstonegriddles.ca\/wp-content\/uploads\/2025\/02\/blackstone-fire-logo.webp","width":53,"height":58,"caption":"Blackstone Griddles Canada"},"image":{"@id":"https:\/\/blackstonegriddles.ca\/#\/schema\/logo\/image\/"},"sameAs":["https:\/\/www.facebook.com\/blackstoneproducts\/","https:\/\/x.com\/weareblackstone","https:\/\/www.instagram.com\/blackstoneproducts\/","https:\/\/www.youtube.com\/channel\/UCr39rimir8y3p-q1iQYidVA"]}]}},"_links":{"self":[{"href":"https:\/\/blackstonegriddles.ca\/fr\/wp-json\/wp\/v2\/product\/33609","targetHints":{"allow":["GET"]}}],"collection":[{"href":"https:\/\/blackstonegriddles.ca\/fr\/wp-json\/wp\/v2\/product"}],"about":[{"href":"https:\/\/blackstonegriddles.ca\/fr\/wp-json\/wp\/v2\/types\/product"}],"wp:featuredmedia":[{"embeddable":true,"href":"https:\/\/blackstonegriddles.ca\/fr\/wp-json\/wp\/v2\/media\/33610"}],"wp:attachment":[{"href":"https:\/\/blackstonegriddles.ca\/fr\/wp-json\/wp\/v2\/media?parent=33609"}],"wp:term":[{"taxonomy":"product_brand","embeddable":true,"href":"https:\/\/blackstonegriddles.ca\/fr\/wp-json\/wp\/v2\/product_brand?post=33609"},{"taxonomy":"product_cat","embeddable":true,"href":"https:\/\/blackstonegriddles.ca\/fr\/wp-json\/wp\/v2\/product_cat?post=33609"},{"taxonomy":"product_tag","embeddable":true,"href":"https:\/\/blackstonegriddles.ca\/fr\/wp-json\/wp\/v2\/product_tag?post=33609"}],"curies":[{"name":"wp","href":"https:\/\/api.w.org\/{rel}","templated":true}]}}