{"id":35800,"date":"2023-11-14T15:16:05","date_gmt":"2023-11-14T15:16:05","guid":{"rendered":"https:\/\/blackstonegriddles.ca\/?post_type=product&#038;p=35800"},"modified":"2026-04-06T18:34:38","modified_gmt":"2026-04-06T18:34:38","slug":"dragues-de-cuisine-blackstone","status":"publish","type":"product","link":"https:\/\/blackstonegriddles.ca\/fr\/product\/blackstone-cooking-dredges\/","title":{"rendered":"Dragues de cuisson Blackstone"},"content":{"rendered":"<ul>\n<li>Acier inoxydable<\/li>\n<li>Paquet de deux<\/li>\n<li>Couvercles \u00e0 visser<\/li>\n<\/ul>","protected":false},"excerpt":{"rendered":"<p><strong data-start=\"87\" data-end=\"149\">Blackstone - Dragues de cuisson en acier inoxydable de 10 oz (paquet de 2)<\/strong>\u00a0sont des saupoudreuses durables, lavables au lave-vaisselle, con\u00e7ues pour une distribution rapide et uniforme des \u00e9pices, du sel, du poivre ou du sucre lors de la cuisson sur une plancha. Chaque saupoudreuse est dot\u00e9e d'une poign\u00e9e robuste pour un meilleur contr\u00f4le et d'un couvercle \u00e0 visser pour un remplissage rapide et facile, ce qui en fait un outil essentiel pour un assaisonnement efficace.<\/p>","protected":false},"featured_media":35801,"template":"","meta":[],"product_brand":[],"product_cat":[138,265],"product_tag":[],"class_list":{"0":"post-35800","1":"product","2":"type-product","3":"status-publish","4":"has-post-thumbnail","6":"product_cat-accessories","7":"product_cat-essential-extras","8":"product_shipping_class-accessories","10":"first","11":"instock","12":"sale","13":"taxable","14":"shipping-taxable","15":"purchasable","16":"product-type-simple"},"yoast_head":"<!-- This site is optimized with the Yoast SEO plugin v27.3 - https:\/\/yoast.com\/product\/yoast-seo-wordpress\/ -->\n<title>Blackstone Cooking Dredges - Blackstone Griddles<\/title>\n<meta name=\"robots\" content=\"index, follow, max-snippet:-1, max-image-preview:large, max-video-preview:-1\" \/>\n<link rel=\"canonical\" href=\"https:\/\/blackstonegriddles.ca\/fr\/produit\/dragues-de-cuisine-blackstone\/\" \/>\n<meta property=\"og:locale\" content=\"fr_CA\" \/>\n<meta property=\"og:type\" content=\"article\" \/>\n<meta property=\"og:title\" content=\"Blackstone Cooking Dredges - Blackstone Griddles\" \/>\n<meta property=\"og:description\" content=\"Blackstone 10 oz. Stainless Steel Cooking Dredges (2-Pack)\u00a0are durable, dishwasher-safe shakers designed for fast, even dispensing of spices, salt, pepper, or sugar while cooking on a griddle. Each dredge features a sturdy handle for better control and a screw-on lid for quick, easy refilling\u2014making them an essential tool for efficient seasoning.\" \/>\n<meta property=\"og:url\" content=\"https:\/\/blackstonegriddles.ca\/fr\/produit\/dragues-de-cuisine-blackstone\/\" \/>\n<meta property=\"og:site_name\" content=\"Blackstone Griddles\" \/>\n<meta property=\"article:publisher\" content=\"https:\/\/www.facebook.com\/blackstoneproducts\/\" \/>\n<meta property=\"article:modified_time\" content=\"2026-04-06T18:34:38+00:00\" \/>\n<meta property=\"og:image\" content=\"https:\/\/blackstonegriddles.ca\/wp-content\/uploads\/2023\/11\/blackstone-cooking-dredges.jpg\" \/>\n\t<meta property=\"og:image:width\" content=\"800\" \/>\n\t<meta property=\"og:image:height\" content=\"640\" \/>\n\t<meta property=\"og:image:type\" content=\"image\/jpeg\" \/>\n<meta name=\"twitter:card\" content=\"summary_large_image\" \/>\n<meta name=\"twitter:site\" content=\"@weareblackstone\" \/>\n<meta name=\"twitter:label1\" content=\"Estimation du temps de lecture\" \/>\n\t<meta name=\"twitter:data1\" content=\"1 minute\" \/>\n<script type=\"application\/ld+json\" class=\"yoast-schema-graph\">{\"@context\":\"https:\\\/\\\/schema.org\",\"@graph\":[{\"@type\":\"WebPage\",\"@id\":\"https:\\\/\\\/blackstonegriddles.ca\\\/product\\\/blackstone-cooking-dredges\\\/\",\"url\":\"https:\\\/\\\/blackstonegriddles.ca\\\/product\\\/blackstone-cooking-dredges\\\/\",\"name\":\"Blackstone Cooking Dredges - Blackstone Griddles\",\"isPartOf\":{\"@id\":\"https:\\\/\\\/blackstonegriddles.ca\\\/#website\"},\"primaryImageOfPage\":{\"@id\":\"https:\\\/\\\/blackstonegriddles.ca\\\/product\\\/blackstone-cooking-dredges\\\/#primaryimage\"},\"image\":{\"@id\":\"https:\\\/\\\/blackstonegriddles.ca\\\/product\\\/blackstone-cooking-dredges\\\/#primaryimage\"},\"thumbnailUrl\":\"https:\\\/\\\/blackstonegriddles.ca\\\/wp-content\\\/uploads\\\/2023\\\/11\\\/blackstone-cooking-dredges.jpg\",\"datePublished\":\"2023-11-14T15:16:05+00:00\",\"dateModified\":\"2026-04-06T18:34:38+00:00\",\"breadcrumb\":{\"@id\":\"https:\\\/\\\/blackstonegriddles.ca\\\/product\\\/blackstone-cooking-dredges\\\/#breadcrumb\"},\"inLanguage\":\"fr-CA\",\"potentialAction\":[{\"@type\":\"ReadAction\",\"target\":[\"https:\\\/\\\/blackstonegriddles.ca\\\/product\\\/blackstone-cooking-dredges\\\/\"]}]},{\"@type\":\"ImageObject\",\"inLanguage\":\"fr-CA\",\"@id\":\"https:\\\/\\\/blackstonegriddles.ca\\\/product\\\/blackstone-cooking-dredges\\\/#primaryimage\",\"url\":\"https:\\\/\\\/blackstonegriddles.ca\\\/wp-content\\\/uploads\\\/2023\\\/11\\\/blackstone-cooking-dredges.jpg\",\"contentUrl\":\"https:\\\/\\\/blackstonegriddles.ca\\\/wp-content\\\/uploads\\\/2023\\\/11\\\/blackstone-cooking-dredges.jpg\",\"width\":800,\"height\":640,\"caption\":\"blackstone-cooking-dredges\"},{\"@type\":\"BreadcrumbList\",\"@id\":\"https:\\\/\\\/blackstonegriddles.ca\\\/product\\\/blackstone-cooking-dredges\\\/#breadcrumb\",\"itemListElement\":[{\"@type\":\"ListItem\",\"position\":1,\"name\":\"Home\",\"item\":\"https:\\\/\\\/blackstonegriddles.ca\\\/\"},{\"@type\":\"ListItem\",\"position\":2,\"name\":\"Shop\",\"item\":\"https:\\\/\\\/blackstonegriddles.ca\\\/shop\\\/\"},{\"@type\":\"ListItem\",\"position\":3,\"name\":\"Blackstone Cooking Dredges\"}]},{\"@type\":\"WebSite\",\"@id\":\"https:\\\/\\\/blackstonegriddles.ca\\\/#website\",\"url\":\"https:\\\/\\\/blackstonegriddles.ca\\\/\",\"name\":\"Blackstone Griddles Canada\",\"description\":\"Blackstone Griddles official licensed dealer Canada\",\"publisher\":{\"@id\":\"https:\\\/\\\/blackstonegriddles.ca\\\/#organization\"},\"potentialAction\":[{\"@type\":\"SearchAction\",\"target\":{\"@type\":\"EntryPoint\",\"urlTemplate\":\"https:\\\/\\\/blackstonegriddles.ca\\\/?s={search_term_string}\"},\"query-input\":{\"@type\":\"PropertyValueSpecification\",\"valueRequired\":true,\"valueName\":\"search_term_string\"}}],\"inLanguage\":\"fr-CA\"},{\"@type\":\"Organization\",\"@id\":\"https:\\\/\\\/blackstonegriddles.ca\\\/#organization\",\"name\":\"Blackstone Griddles Canada\",\"url\":\"https:\\\/\\\/blackstonegriddles.ca\\\/\",\"logo\":{\"@type\":\"ImageObject\",\"inLanguage\":\"fr-CA\",\"@id\":\"https:\\\/\\\/blackstonegriddles.ca\\\/#\\\/schema\\\/logo\\\/image\\\/\",\"url\":\"https:\\\/\\\/blackstonegriddles.ca\\\/wp-content\\\/uploads\\\/2025\\\/02\\\/blackstone-fire-logo.webp\",\"contentUrl\":\"https:\\\/\\\/blackstonegriddles.ca\\\/wp-content\\\/uploads\\\/2025\\\/02\\\/blackstone-fire-logo.webp\",\"width\":53,\"height\":58,\"caption\":\"Blackstone Griddles Canada\"},\"image\":{\"@id\":\"https:\\\/\\\/blackstonegriddles.ca\\\/#\\\/schema\\\/logo\\\/image\\\/\"},\"sameAs\":[\"https:\\\/\\\/www.facebook.com\\\/blackstoneproducts\\\/\",\"https:\\\/\\\/x.com\\\/weareblackstone\",\"https:\\\/\\\/www.instagram.com\\\/blackstoneproducts\\\/\",\"https:\\\/\\\/www.youtube.com\\\/channel\\\/UCr39rimir8y3p-q1iQYidVA\"]}]}<\/script>\n<!-- \/ Yoast SEO plugin. -->","yoast_head_json":{"title":"Dragues de cuisson Blackstone - Grils Blackstone","robots":{"index":"index","follow":"follow","max-snippet":"max-snippet:-1","max-image-preview":"max-image-preview:large","max-video-preview":"max-video-preview:-1"},"canonical":"https:\/\/blackstonegriddles.ca\/fr\/produit\/dragues-de-cuisine-blackstone\/","og_locale":"fr_CA","og_type":"article","og_title":"Blackstone Cooking Dredges - Blackstone Griddles","og_description":"Blackstone 10 oz. Stainless Steel Cooking Dredges (2-Pack)\u00a0are durable, dishwasher-safe shakers designed for fast, even dispensing of spices, salt, pepper, or sugar while cooking on a griddle. Each dredge features a sturdy handle for better control and a screw-on lid for quick, easy refilling\u2014making them an essential tool for efficient seasoning.","og_url":"https:\/\/blackstonegriddles.ca\/fr\/produit\/dragues-de-cuisine-blackstone\/","og_site_name":"Blackstone Griddles","article_publisher":"https:\/\/www.facebook.com\/blackstoneproducts\/","article_modified_time":"2026-04-06T18:34:38+00:00","og_image":[{"width":800,"height":640,"url":"https:\/\/blackstonegriddles.ca\/wp-content\/uploads\/2023\/11\/blackstone-cooking-dredges.jpg","type":"image\/jpeg"}],"twitter_card":"summary_large_image","twitter_site":"@weareblackstone","twitter_misc":{"Estimation du temps de lecture":"1 minute"},"schema":{"@context":"https:\/\/schema.org","@graph":[{"@type":"WebPage","@id":"https:\/\/blackstonegriddles.ca\/product\/blackstone-cooking-dredges\/","url":"https:\/\/blackstonegriddles.ca\/product\/blackstone-cooking-dredges\/","name":"Dragues de cuisson Blackstone - Grils Blackstone","isPartOf":{"@id":"https:\/\/blackstonegriddles.ca\/#website"},"primaryImageOfPage":{"@id":"https:\/\/blackstonegriddles.ca\/product\/blackstone-cooking-dredges\/#primaryimage"},"image":{"@id":"https:\/\/blackstonegriddles.ca\/product\/blackstone-cooking-dredges\/#primaryimage"},"thumbnailUrl":"https:\/\/blackstonegriddles.ca\/wp-content\/uploads\/2023\/11\/blackstone-cooking-dredges.jpg","datePublished":"2023-11-14T15:16:05+00:00","dateModified":"2026-04-06T18:34:38+00:00","breadcrumb":{"@id":"https:\/\/blackstonegriddles.ca\/product\/blackstone-cooking-dredges\/#breadcrumb"},"inLanguage":"fr-CA","potentialAction":[{"@type":"ReadAction","target":["https:\/\/blackstonegriddles.ca\/product\/blackstone-cooking-dredges\/"]}]},{"@type":"ImageObject","inLanguage":"fr-CA","@id":"https:\/\/blackstonegriddles.ca\/product\/blackstone-cooking-dredges\/#primaryimage","url":"https:\/\/blackstonegriddles.ca\/wp-content\/uploads\/2023\/11\/blackstone-cooking-dredges.jpg","contentUrl":"https:\/\/blackstonegriddles.ca\/wp-content\/uploads\/2023\/11\/blackstone-cooking-dredges.jpg","width":800,"height":640,"caption":"blackstone-cooking-dredges"},{"@type":"BreadcrumbList","@id":"https:\/\/blackstonegriddles.ca\/product\/blackstone-cooking-dredges\/#breadcrumb","itemListElement":[{"@type":"ListItem","position":1,"name":"Home","item":"https:\/\/blackstonegriddles.ca\/"},{"@type":"ListItem","position":2,"name":"Shop","item":"https:\/\/blackstonegriddles.ca\/shop\/"},{"@type":"ListItem","position":3,"name":"Blackstone Cooking Dredges"}]},{"@type":"WebSite","@id":"https:\/\/blackstonegriddles.ca\/#website","url":"https:\/\/blackstonegriddles.ca\/","name":"Grils Blackstone Canada","description":"Blackstone Griddles distributeur officiel agr\u00e9\u00e9 Canada","publisher":{"@id":"https:\/\/blackstonegriddles.ca\/#organization"},"potentialAction":[{"@type":"SearchAction","target":{"@type":"EntryPoint","urlTemplate":"https:\/\/blackstonegriddles.ca\/?s={search_term_string}"},"query-input":{"@type":"PropertyValueSpecification","valueRequired":true,"valueName":"search_term_string"}}],"inLanguage":"fr-CA"},{"@type":"Organization","@id":"https:\/\/blackstonegriddles.ca\/#organization","name":"Grils Blackstone Canada","url":"https:\/\/blackstonegriddles.ca\/","logo":{"@type":"ImageObject","inLanguage":"fr-CA","@id":"https:\/\/blackstonegriddles.ca\/#\/schema\/logo\/image\/","url":"https:\/\/blackstonegriddles.ca\/wp-content\/uploads\/2025\/02\/blackstone-fire-logo.webp","contentUrl":"https:\/\/blackstonegriddles.ca\/wp-content\/uploads\/2025\/02\/blackstone-fire-logo.webp","width":53,"height":58,"caption":"Blackstone Griddles Canada"},"image":{"@id":"https:\/\/blackstonegriddles.ca\/#\/schema\/logo\/image\/"},"sameAs":["https:\/\/www.facebook.com\/blackstoneproducts\/","https:\/\/x.com\/weareblackstone","https:\/\/www.instagram.com\/blackstoneproducts\/","https:\/\/www.youtube.com\/channel\/UCr39rimir8y3p-q1iQYidVA"]}]}},"_links":{"self":[{"href":"https:\/\/blackstonegriddles.ca\/fr\/wp-json\/wp\/v2\/product\/35800","targetHints":{"allow":["GET"]}}],"collection":[{"href":"https:\/\/blackstonegriddles.ca\/fr\/wp-json\/wp\/v2\/product"}],"about":[{"href":"https:\/\/blackstonegriddles.ca\/fr\/wp-json\/wp\/v2\/types\/product"}],"wp:featuredmedia":[{"embeddable":true,"href":"https:\/\/blackstonegriddles.ca\/fr\/wp-json\/wp\/v2\/media\/35801"}],"wp:attachment":[{"href":"https:\/\/blackstonegriddles.ca\/fr\/wp-json\/wp\/v2\/media?parent=35800"}],"wp:term":[{"taxonomy":"product_brand","embeddable":true,"href":"https:\/\/blackstonegriddles.ca\/fr\/wp-json\/wp\/v2\/product_brand?post=35800"},{"taxonomy":"product_cat","embeddable":true,"href":"https:\/\/blackstonegriddles.ca\/fr\/wp-json\/wp\/v2\/product_cat?post=35800"},{"taxonomy":"product_tag","embeddable":true,"href":"https:\/\/blackstonegriddles.ca\/fr\/wp-json\/wp\/v2\/product_tag?post=35800"}],"curies":[{"name":"wp","href":"https:\/\/api.w.org\/{rel}","templated":true}]}}