{"id":36431,"date":"2023-12-04T21:52:21","date_gmt":"2023-12-04T21:52:21","guid":{"rendered":"https:\/\/blackstonegriddles.ca\/?post_type=product&#038;p=36431"},"modified":"2026-04-06T12:42:03","modified_gmt":"2026-04-06T12:42:03","slug":"gazebo-10-x-10-pour-bar-et-grillades-dans-larriere-cour","status":"publish","type":"product","link":"https:\/\/blackstonegriddles.ca\/fr\/product\/10-x-10-backyard-bar-and-grill-gazebo\/","title":{"rendered":"Pavillon 10\u00d710 pour bar et grill dans l'arri\u00e8re-cour"},"content":{"rendered":"<p>https:\/\/cdn.shopify.com\/videos\/c\/o\/v\/503bf680e0e94f33b353769c07df6e52.mp4\u00a0<img decoding=\"async\" class=\"size-full wp-image-36434 aligncenter\" src=\"https:\/\/blackstonegriddles.ca\/wp-content\/uploads\/2023\/12\/6000_MainPhoto.jpg\" alt=\"\" width=\"800\" height=\"503\" srcset=\"https:\/\/blackstonegriddles.ca\/wp-content\/uploads\/2023\/12\/6000_MainPhoto-200x126.jpg 200w, https:\/\/blackstonegriddles.ca\/wp-content\/uploads\/2023\/12\/6000_MainPhoto-300x189.jpg 300w, https:\/\/blackstonegriddles.ca\/wp-content\/uploads\/2023\/12\/6000_MainPhoto-320x202.jpg 320w, https:\/\/blackstonegriddles.ca\/wp-content\/uploads\/2023\/12\/6000_MainPhoto-400x252.jpg 400w, https:\/\/blackstonegriddles.ca\/wp-content\/uploads\/2023\/12\/6000_MainPhoto-500x314.jpg 500w, https:\/\/blackstonegriddles.ca\/wp-content\/uploads\/2023\/12\/6000_MainPhoto-600x377.jpg 600w, https:\/\/blackstonegriddles.ca\/wp-content\/uploads\/2023\/12\/6000_MainPhoto-700x441.jpg 700w, https:\/\/blackstonegriddles.ca\/wp-content\/uploads\/2023\/12\/6000_MainPhoto-768x483.jpg 768w, https:\/\/blackstonegriddles.ca\/wp-content\/uploads\/2023\/12\/6000_MainPhoto.jpg 800w\" sizes=\"(max-width: 800px) 100vw, 800px\" \/><img decoding=\"async\" class=\"wp-image-36432 aligncenter\" src=\"https:\/\/blackstonegriddles.ca\/wp-content\/uploads\/2023\/12\/6000_SecondMainPhoto.jpg\" alt=\"grillades sur une pierre noire\" width=\"798\" height=\"486\" srcset=\"https:\/\/blackstonegriddles.ca\/wp-content\/uploads\/2023\/12\/6000_SecondMainPhoto-200x122.jpg 200w, https:\/\/blackstonegriddles.ca\/wp-content\/uploads\/2023\/12\/6000_SecondMainPhoto-300x183.jpg 300w, https:\/\/blackstonegriddles.ca\/wp-content\/uploads\/2023\/12\/6000_SecondMainPhoto-400x244.jpg 400w, https:\/\/blackstonegriddles.ca\/wp-content\/uploads\/2023\/12\/6000_SecondMainPhoto-500x304.jpg 500w, https:\/\/blackstonegriddles.ca\/wp-content\/uploads\/2023\/12\/6000_SecondMainPhoto-600x365.jpg 600w, https:\/\/blackstonegriddles.ca\/wp-content\/uploads\/2023\/12\/6000_SecondMainPhoto-700x426.jpg 700w, https:\/\/blackstonegriddles.ca\/wp-content\/uploads\/2023\/12\/6000_SecondMainPhoto-768x468.jpg 768w, https:\/\/blackstonegriddles.ca\/wp-content\/uploads\/2023\/12\/6000_SecondMainPhoto.jpg 800w\" sizes=\"(max-width: 798px) 100vw, 798px\" \/><\/p>\n<h2 class=\"sc-dtDOqo cIctCE pf-349_\" data-pf-type=\"Heading2\">TRANSFORMEZ VOTRE JARDIN<\/h2>\n<h2><strong>REHAUSSER VOTRE ESPACE EXT\u00c9RIEUR AVEC STYLE ET FONCTIONNALIT\u00c9 !<\/strong><\/h2>\n<p>Saisissez l'occasion de transformer votre arri\u00e8re-cour en un paradis culinaire gr\u00e9sillant avec le pavillon 10\u2032 x 10\u2032 Blackstone Bar &amp; Grill. Faites monter en fl\u00e8che vos rassemblements en plein air pour en faire des d\u00e9lices app\u00e9tissants !\u00a0\u00a0\u00a0\u00a0<\/p>\n<h2><img decoding=\"async\" class=\"wp-image-36446 aligncenter\" src=\"https:\/\/blackstonegriddles.ca\/wp-content\/uploads\/2023\/12\/6000_LargeCounterTopSpace.jpg\" alt=\"Grand espace de comptoir\" width=\"801\" height=\"569\" srcset=\"https:\/\/blackstonegriddles.ca\/wp-content\/uploads\/2023\/12\/6000_LargeCounterTopSpace-200x142.jpg 200w, https:\/\/blackstonegriddles.ca\/wp-content\/uploads\/2023\/12\/6000_LargeCounterTopSpace-300x214.jpg 300w, https:\/\/blackstonegriddles.ca\/wp-content\/uploads\/2023\/12\/6000_LargeCounterTopSpace-400x285.jpg 400w, https:\/\/blackstonegriddles.ca\/wp-content\/uploads\/2023\/12\/6000_LargeCounterTopSpace-500x356.jpg 500w, https:\/\/blackstonegriddles.ca\/wp-content\/uploads\/2023\/12\/6000_LargeCounterTopSpace-600x427.jpg 600w, https:\/\/blackstonegriddles.ca\/wp-content\/uploads\/2023\/12\/6000_LargeCounterTopSpace-700x498.jpg 700w, https:\/\/blackstonegriddles.ca\/wp-content\/uploads\/2023\/12\/6000_LargeCounterTopSpace-768x546.jpg 768w, https:\/\/blackstonegriddles.ca\/wp-content\/uploads\/2023\/12\/6000_LargeCounterTopSpace-800x569.jpg 800w, https:\/\/blackstonegriddles.ca\/wp-content\/uploads\/2023\/12\/6000_LargeCounterTopSpace.jpg 818w\" sizes=\"(max-width: 801px) 100vw, 801px\" \/><\/h2>\n<h2><\/h2>\n<h2>Grandes surfaces de travail et de service<\/h2>\n<p>Le pavillon offre beaucoup d'espace de travail pour cuisiner, servir et recevoir.\u00a0<\/p>\n<h2><img decoding=\"async\" class=\"wp-image-36444 aligncenter\" src=\"https:\/\/blackstonegriddles.ca\/wp-content\/uploads\/2023\/12\/6000_ElectricalPowerStrips.jpg\" alt=\"Blocs d&#039;alimentation \u00e9lectrique\" width=\"801\" height=\"570\" srcset=\"https:\/\/blackstonegriddles.ca\/wp-content\/uploads\/2023\/12\/6000_ElectricalPowerStrips-200x142.jpg 200w, https:\/\/blackstonegriddles.ca\/wp-content\/uploads\/2023\/12\/6000_ElectricalPowerStrips-300x214.jpg 300w, https:\/\/blackstonegriddles.ca\/wp-content\/uploads\/2023\/12\/6000_ElectricalPowerStrips-400x285.jpg 400w, https:\/\/blackstonegriddles.ca\/wp-content\/uploads\/2023\/12\/6000_ElectricalPowerStrips-500x356.jpg 500w, https:\/\/blackstonegriddles.ca\/wp-content\/uploads\/2023\/12\/6000_ElectricalPowerStrips-600x427.jpg 600w, https:\/\/blackstonegriddles.ca\/wp-content\/uploads\/2023\/12\/6000_ElectricalPowerStrips-700x498.jpg 700w, https:\/\/blackstonegriddles.ca\/wp-content\/uploads\/2023\/12\/6000_ElectricalPowerStrips-768x546.jpg 768w, https:\/\/blackstonegriddles.ca\/wp-content\/uploads\/2023\/12\/6000_ElectricalPowerStrips-800x569.jpg 800w, https:\/\/blackstonegriddles.ca\/wp-content\/uploads\/2023\/12\/6000_ElectricalPowerStrips.jpg 818w\" sizes=\"(max-width: 801px) 100vw, 801px\" \/>2X Blocs d'alimentation \u00e9lectrique avec CA et USB)<\/h2>\n<p>Acc\u00e9dez facilement \u00e0 l'\u00e9lectricit\u00e9 dont vous avez besoin, avec des prises USB pour plus de commodit\u00e9.<img decoding=\"async\" class=\"wp-image-36445 aligncenter\" src=\"https:\/\/blackstonegriddles.ca\/wp-content\/uploads\/2023\/12\/6000_HDConstruction.jpg\" alt=\"Construction HD\" width=\"800\" height=\"569\" srcset=\"https:\/\/blackstonegriddles.ca\/wp-content\/uploads\/2023\/12\/6000_HDConstruction-200x142.jpg 200w, https:\/\/blackstonegriddles.ca\/wp-content\/uploads\/2023\/12\/6000_HDConstruction-300x214.jpg 300w, https:\/\/blackstonegriddles.ca\/wp-content\/uploads\/2023\/12\/6000_HDConstruction-400x285.jpg 400w, https:\/\/blackstonegriddles.ca\/wp-content\/uploads\/2023\/12\/6000_HDConstruction-500x356.jpg 500w, https:\/\/blackstonegriddles.ca\/wp-content\/uploads\/2023\/12\/6000_HDConstruction-600x427.jpg 600w, https:\/\/blackstonegriddles.ca\/wp-content\/uploads\/2023\/12\/6000_HDConstruction-700x498.jpg 700w, https:\/\/blackstonegriddles.ca\/wp-content\/uploads\/2023\/12\/6000_HDConstruction-768x546.jpg 768w, https:\/\/blackstonegriddles.ca\/wp-content\/uploads\/2023\/12\/6000_HDConstruction-800x569.jpg 800w, https:\/\/blackstonegriddles.ca\/wp-content\/uploads\/2023\/12\/6000_HDConstruction.jpg 818w\" sizes=\"(max-width: 800px) 100vw, 800px\" \/><\/p>\n<h2>Construction robuste<\/h2>\n<p>Construit en aluminium et en acier galvanis\u00e9, le pavillon est livr\u00e9 avec des boulons d'expansion, ce qui permet de l'installer sur une terrasse en bois ou en b\u00e9ton.<img decoding=\"async\" class=\"wp-image-36447 aligncenter\" src=\"https:\/\/blackstonegriddles.ca\/wp-content\/uploads\/2023\/12\/6000_GriddleSpace.jpg\" alt=\"Espace pour le gril\" width=\"801\" height=\"569\" srcset=\"https:\/\/blackstonegriddles.ca\/wp-content\/uploads\/2023\/12\/6000_GriddleSpace-200x142.jpg 200w, https:\/\/blackstonegriddles.ca\/wp-content\/uploads\/2023\/12\/6000_GriddleSpace-300x214.jpg 300w, https:\/\/blackstonegriddles.ca\/wp-content\/uploads\/2023\/12\/6000_GriddleSpace-400x285.jpg 400w, https:\/\/blackstonegriddles.ca\/wp-content\/uploads\/2023\/12\/6000_GriddleSpace-500x356.jpg 500w, https:\/\/blackstonegriddles.ca\/wp-content\/uploads\/2023\/12\/6000_GriddleSpace-600x427.jpg 600w, https:\/\/blackstonegriddles.ca\/wp-content\/uploads\/2023\/12\/6000_GriddleSpace-700x498.jpg 700w, https:\/\/blackstonegriddles.ca\/wp-content\/uploads\/2023\/12\/6000_GriddleSpace-768x546.jpg 768w, https:\/\/blackstonegriddles.ca\/wp-content\/uploads\/2023\/12\/6000_GriddleSpace-800x569.jpg 800w, https:\/\/blackstonegriddles.ca\/wp-content\/uploads\/2023\/12\/6000_GriddleSpace.jpg 818w\" sizes=\"(max-width: 801px) 100vw, 801px\" \/><\/p>\n<h2>Syst\u00e8me de gestion des pluies<\/h2>\n<p>Un design \u00e9l\u00e9gant avec une l\u00e9g\u00e8re inclinaison de l'avant vers l'arri\u00e8re et une goutti\u00e8re intelligente le long du bord arri\u00e8re. La collecte de l'eau de pluie se fait sans effort, ce qui garantit un pavillon propre et sec.<\/p>\n<h2><img decoding=\"async\" class=\"wp-image-36448 aligncenter\" src=\"https:\/\/blackstonegriddles.ca\/wp-content\/uploads\/2023\/12\/6000_MagneticHooks_11d7728f-823a-47fa-9d2e-2d72c584547f.jpg\" alt=\"Crochets magn\u00e9tiques\" width=\"801\" height=\"569\" srcset=\"https:\/\/blackstonegriddles.ca\/wp-content\/uploads\/2023\/12\/6000_MagneticHooks_11d7728f-823a-47fa-9d2e-2d72c584547f-200x142.jpg 200w, https:\/\/blackstonegriddles.ca\/wp-content\/uploads\/2023\/12\/6000_MagneticHooks_11d7728f-823a-47fa-9d2e-2d72c584547f-300x214.jpg 300w, https:\/\/blackstonegriddles.ca\/wp-content\/uploads\/2023\/12\/6000_MagneticHooks_11d7728f-823a-47fa-9d2e-2d72c584547f-400x285.jpg 400w, https:\/\/blackstonegriddles.ca\/wp-content\/uploads\/2023\/12\/6000_MagneticHooks_11d7728f-823a-47fa-9d2e-2d72c584547f-500x356.jpg 500w, https:\/\/blackstonegriddles.ca\/wp-content\/uploads\/2023\/12\/6000_MagneticHooks_11d7728f-823a-47fa-9d2e-2d72c584547f-600x427.jpg 600w, https:\/\/blackstonegriddles.ca\/wp-content\/uploads\/2023\/12\/6000_MagneticHooks_11d7728f-823a-47fa-9d2e-2d72c584547f-700x498.jpg 700w, https:\/\/blackstonegriddles.ca\/wp-content\/uploads\/2023\/12\/6000_MagneticHooks_11d7728f-823a-47fa-9d2e-2d72c584547f-768x546.jpg 768w, https:\/\/blackstonegriddles.ca\/wp-content\/uploads\/2023\/12\/6000_MagneticHooks_11d7728f-823a-47fa-9d2e-2d72c584547f-800x569.jpg 800w, https:\/\/blackstonegriddles.ca\/wp-content\/uploads\/2023\/12\/6000_MagneticHooks_11d7728f-823a-47fa-9d2e-2d72c584547f.jpg 818w\" sizes=\"(max-width: 801px) 100vw, 801px\" \/><\/h2>\n<h2>Crochets magn\u00e9tiques (inclus)<\/h2>\n<p>Am\u00e9liorez votre ambiance ext\u00e9rieure sans effort avec notre pavillon - \u00e9quip\u00e9 de crochets magn\u00e9tiques pour suspendre facilement les lampes de terrasse ou tout autre accessoire !<\/p>\n<h2 style=\"text-align: left\"><img decoding=\"async\" class=\"wp-image-36447 aligncenter\" src=\"https:\/\/blackstonegriddles.ca\/wp-content\/uploads\/2023\/12\/6000_GriddleSpace.jpg\" alt=\"Espace pour le gril\" width=\"801\" height=\"569\" srcset=\"https:\/\/blackstonegriddles.ca\/wp-content\/uploads\/2023\/12\/6000_GriddleSpace-200x142.jpg 200w, https:\/\/blackstonegriddles.ca\/wp-content\/uploads\/2023\/12\/6000_GriddleSpace-300x214.jpg 300w, https:\/\/blackstonegriddles.ca\/wp-content\/uploads\/2023\/12\/6000_GriddleSpace-400x285.jpg 400w, https:\/\/blackstonegriddles.ca\/wp-content\/uploads\/2023\/12\/6000_GriddleSpace-500x356.jpg 500w, https:\/\/blackstonegriddles.ca\/wp-content\/uploads\/2023\/12\/6000_GriddleSpace-600x427.jpg 600w, https:\/\/blackstonegriddles.ca\/wp-content\/uploads\/2023\/12\/6000_GriddleSpace-700x498.jpg 700w, https:\/\/blackstonegriddles.ca\/wp-content\/uploads\/2023\/12\/6000_GriddleSpace-768x546.jpg 768w, https:\/\/blackstonegriddles.ca\/wp-content\/uploads\/2023\/12\/6000_GriddleSpace-800x569.jpg 800w, https:\/\/blackstonegriddles.ca\/wp-content\/uploads\/2023\/12\/6000_GriddleSpace.jpg 818w\" sizes=\"(max-width: 801px) 100vw, 801px\" \/><\/h2>\n<p>\u00a0<\/p>\n<h2>Espace ouvert pour le gril<\/h2>\n<p>Maximisez votre exp\u00e9rience de cuisine en plein air sous le pavillon ! Un vaste espace ouvert, parfait pour votre plaque de cuisson. Cuisinez avec aisance et style, en plein c\u0153ur de la nature.\u00a0<\/p>","protected":false},"excerpt":{"rendered":"<p>Prolongez votre saison de grillades avec le pavillon 10\u2032 x 10\u2032 Blackstone Bar and Grill. Cette structure offre un abri robuste pour votre zone de cuisson, avec une construction durable en acier galvanis\u00e9, un bar pratique et un grand espace pour votre plaque de cuisson pr\u00e9f\u00e9r\u00e9e. Il est con\u00e7u pour devenir le point central de vos rassemblements dans l'arri\u00e8re-cour. De plus, gr\u00e2ce \u00e0 sa barre d'alimentation int\u00e9gr\u00e9e, vous pouvez brancher sans effort votre t\u00e9l\u00e9viseur, votre haut-parleur pr\u00e9f\u00e9r\u00e9, votre mixeur, vos lampes Bistro et d'autres accessoires, pour que le bon temps continue de rouler.<\/p>","protected":false},"featured_media":36435,"template":"","meta":[],"product_brand":[],"product_cat":[224],"product_tag":[],"class_list":{"0":"post-36431","1":"product","2":"type-product","3":"status-publish","4":"has-post-thumbnail","6":"product_cat-outdoor-living","7":"product_shipping_class-pavilion","9":"first","10":"outofstock","11":"taxable","12":"shipping-taxable","13":"purchasable","14":"product-type-simple"},"yoast_head":"<!-- This site is optimized with the Yoast SEO plugin v27.3 - https:\/\/yoast.com\/product\/yoast-seo-wordpress\/ -->\n<title>10x10 Backyard Bar and Grill Pavilion - Blackstone Griddles<\/title>\n<meta name=\"description\" content=\"Prolong your grilling season with the 10&#039; x 10&#039; Blackstone Bar and Grill Pavilion. This structure offers a robust shelter.\" \/>\n<meta name=\"robots\" content=\"index, follow, max-snippet:-1, max-image-preview:large, max-video-preview:-1\" \/>\n<link rel=\"canonical\" href=\"https:\/\/blackstonegriddles.ca\/fr\/produit\/gazebo-10-x-10-pour-bar-et-grillades-dans-larriere-cour\/\" \/>\n<meta property=\"og:locale\" content=\"fr_CA\" \/>\n<meta property=\"og:type\" content=\"article\" \/>\n<meta property=\"og:title\" content=\"10x10 Backyard Bar and Grill Pavilion - Blackstone Griddles\" \/>\n<meta property=\"og:description\" content=\"Prolong your grilling season with the 10&#039; x 10&#039; Blackstone Bar and Grill Pavilion. This structure offers a robust shelter.\" \/>\n<meta property=\"og:url\" content=\"https:\/\/blackstonegriddles.ca\/fr\/produit\/gazebo-10-x-10-pour-bar-et-grillades-dans-larriere-cour\/\" \/>\n<meta property=\"og:site_name\" content=\"Blackstone Griddles\" \/>\n<meta property=\"article:publisher\" content=\"https:\/\/www.facebook.com\/blackstoneproducts\/\" \/>\n<meta property=\"article:modified_time\" content=\"2026-04-06T12:42:03+00:00\" \/>\n<meta property=\"og:image\" content=\"https:\/\/blackstonegriddles.ca\/wp-content\/uploads\/2023\/12\/product-image.jpg\" \/>\n\t<meta property=\"og:image:width\" content=\"800\" \/>\n\t<meta property=\"og:image:height\" content=\"800\" \/>\n\t<meta property=\"og:image:type\" content=\"image\/jpeg\" \/>\n<meta name=\"twitter:card\" content=\"summary_large_image\" \/>\n<meta name=\"twitter:site\" content=\"@weareblackstone\" \/>\n<meta name=\"twitter:label1\" content=\"Estimation du temps de lecture\" \/>\n\t<meta name=\"twitter:data1\" content=\"3 minutes\" \/>\n<script type=\"application\/ld+json\" class=\"yoast-schema-graph\">{\"@context\":\"https:\\\/\\\/schema.org\",\"@graph\":[{\"@type\":\"WebPage\",\"@id\":\"https:\\\/\\\/blackstonegriddles.ca\\\/product\\\/10-x-10-backyard-bar-and-grill-gazebo\\\/\",\"url\":\"https:\\\/\\\/blackstonegriddles.ca\\\/product\\\/10-x-10-backyard-bar-and-grill-gazebo\\\/\",\"name\":\"10x10 Backyard Bar and Grill Pavilion - Blackstone Griddles\",\"isPartOf\":{\"@id\":\"https:\\\/\\\/blackstonegriddles.ca\\\/#website\"},\"primaryImageOfPage\":{\"@id\":\"https:\\\/\\\/blackstonegriddles.ca\\\/product\\\/10-x-10-backyard-bar-and-grill-gazebo\\\/#primaryimage\"},\"image\":{\"@id\":\"https:\\\/\\\/blackstonegriddles.ca\\\/product\\\/10-x-10-backyard-bar-and-grill-gazebo\\\/#primaryimage\"},\"thumbnailUrl\":\"https:\\\/\\\/blackstonegriddles.ca\\\/wp-content\\\/uploads\\\/2023\\\/12\\\/product-image.jpg\",\"datePublished\":\"2023-12-04T21:52:21+00:00\",\"dateModified\":\"2026-04-06T12:42:03+00:00\",\"description\":\"Prolong your grilling season with the 10' x 10' Blackstone Bar and Grill Pavilion. This structure offers a robust shelter.\",\"breadcrumb\":{\"@id\":\"https:\\\/\\\/blackstonegriddles.ca\\\/product\\\/10-x-10-backyard-bar-and-grill-gazebo\\\/#breadcrumb\"},\"inLanguage\":\"fr-CA\",\"potentialAction\":[{\"@type\":\"ReadAction\",\"target\":[\"https:\\\/\\\/blackstonegriddles.ca\\\/product\\\/10-x-10-backyard-bar-and-grill-gazebo\\\/\"]}]},{\"@type\":\"ImageObject\",\"inLanguage\":\"fr-CA\",\"@id\":\"https:\\\/\\\/blackstonegriddles.ca\\\/product\\\/10-x-10-backyard-bar-and-grill-gazebo\\\/#primaryimage\",\"url\":\"https:\\\/\\\/blackstonegriddles.ca\\\/wp-content\\\/uploads\\\/2023\\\/12\\\/product-image.jpg\",\"contentUrl\":\"https:\\\/\\\/blackstonegriddles.ca\\\/wp-content\\\/uploads\\\/2023\\\/12\\\/product-image.jpg\",\"width\":800,\"height\":800,\"caption\":\"10' X 10' Backyard Bar and Grill Gazebo\"},{\"@type\":\"BreadcrumbList\",\"@id\":\"https:\\\/\\\/blackstonegriddles.ca\\\/product\\\/10-x-10-backyard-bar-and-grill-gazebo\\\/#breadcrumb\",\"itemListElement\":[{\"@type\":\"ListItem\",\"position\":1,\"name\":\"Home\",\"item\":\"https:\\\/\\\/blackstonegriddles.ca\\\/\"},{\"@type\":\"ListItem\",\"position\":2,\"name\":\"Shop\",\"item\":\"https:\\\/\\\/blackstonegriddles.ca\\\/shop\\\/\"},{\"@type\":\"ListItem\",\"position\":3,\"name\":\"10&#215;10 Backyard Bar and Grill Pavilion\"}]},{\"@type\":\"WebSite\",\"@id\":\"https:\\\/\\\/blackstonegriddles.ca\\\/#website\",\"url\":\"https:\\\/\\\/blackstonegriddles.ca\\\/\",\"name\":\"Blackstone Griddles Canada\",\"description\":\"Blackstone Griddles official licensed dealer Canada\",\"publisher\":{\"@id\":\"https:\\\/\\\/blackstonegriddles.ca\\\/#organization\"},\"potentialAction\":[{\"@type\":\"SearchAction\",\"target\":{\"@type\":\"EntryPoint\",\"urlTemplate\":\"https:\\\/\\\/blackstonegriddles.ca\\\/?s={search_term_string}\"},\"query-input\":{\"@type\":\"PropertyValueSpecification\",\"valueRequired\":true,\"valueName\":\"search_term_string\"}}],\"inLanguage\":\"fr-CA\"},{\"@type\":\"Organization\",\"@id\":\"https:\\\/\\\/blackstonegriddles.ca\\\/#organization\",\"name\":\"Blackstone Griddles Canada\",\"url\":\"https:\\\/\\\/blackstonegriddles.ca\\\/\",\"logo\":{\"@type\":\"ImageObject\",\"inLanguage\":\"fr-CA\",\"@id\":\"https:\\\/\\\/blackstonegriddles.ca\\\/#\\\/schema\\\/logo\\\/image\\\/\",\"url\":\"https:\\\/\\\/blackstonegriddles.ca\\\/wp-content\\\/uploads\\\/2025\\\/02\\\/blackstone-fire-logo.webp\",\"contentUrl\":\"https:\\\/\\\/blackstonegriddles.ca\\\/wp-content\\\/uploads\\\/2025\\\/02\\\/blackstone-fire-logo.webp\",\"width\":53,\"height\":58,\"caption\":\"Blackstone Griddles Canada\"},\"image\":{\"@id\":\"https:\\\/\\\/blackstonegriddles.ca\\\/#\\\/schema\\\/logo\\\/image\\\/\"},\"sameAs\":[\"https:\\\/\\\/www.facebook.com\\\/blackstoneproducts\\\/\",\"https:\\\/\\\/x.com\\\/weareblackstone\",\"https:\\\/\\\/www.instagram.com\\\/blackstoneproducts\\\/\",\"https:\\\/\\\/www.youtube.com\\\/channel\\\/UCr39rimir8y3p-q1iQYidVA\"]}]}<\/script>\n<!-- \/ Yoast SEO plugin. -->","yoast_head_json":{"title":"Pavillon 10x10 pour bar et grillades dans l'arri\u00e8re-cour - Blackstone Griddles","description":"Prolongez votre saison de grillades avec le pavillon 10' x 10' Blackstone Bar and Grill. Cette structure offre un abri robuste.","robots":{"index":"index","follow":"follow","max-snippet":"max-snippet:-1","max-image-preview":"max-image-preview:large","max-video-preview":"max-video-preview:-1"},"canonical":"https:\/\/blackstonegriddles.ca\/fr\/produit\/gazebo-10-x-10-pour-bar-et-grillades-dans-larriere-cour\/","og_locale":"fr_CA","og_type":"article","og_title":"10x10 Backyard Bar and Grill Pavilion - Blackstone Griddles","og_description":"Prolong your grilling season with the 10' x 10' Blackstone Bar and Grill Pavilion. This structure offers a robust shelter.","og_url":"https:\/\/blackstonegriddles.ca\/fr\/produit\/gazebo-10-x-10-pour-bar-et-grillades-dans-larriere-cour\/","og_site_name":"Blackstone Griddles","article_publisher":"https:\/\/www.facebook.com\/blackstoneproducts\/","article_modified_time":"2026-04-06T12:42:03+00:00","og_image":[{"width":800,"height":800,"url":"https:\/\/blackstonegriddles.ca\/wp-content\/uploads\/2023\/12\/product-image.jpg","type":"image\/jpeg"}],"twitter_card":"summary_large_image","twitter_site":"@weareblackstone","twitter_misc":{"Estimation du temps de lecture":"3 minutes"},"schema":{"@context":"https:\/\/schema.org","@graph":[{"@type":"WebPage","@id":"https:\/\/blackstonegriddles.ca\/product\/10-x-10-backyard-bar-and-grill-gazebo\/","url":"https:\/\/blackstonegriddles.ca\/product\/10-x-10-backyard-bar-and-grill-gazebo\/","name":"Pavillon 10x10 pour bar et grillades dans l'arri\u00e8re-cour - Blackstone Griddles","isPartOf":{"@id":"https:\/\/blackstonegriddles.ca\/#website"},"primaryImageOfPage":{"@id":"https:\/\/blackstonegriddles.ca\/product\/10-x-10-backyard-bar-and-grill-gazebo\/#primaryimage"},"image":{"@id":"https:\/\/blackstonegriddles.ca\/product\/10-x-10-backyard-bar-and-grill-gazebo\/#primaryimage"},"thumbnailUrl":"https:\/\/blackstonegriddles.ca\/wp-content\/uploads\/2023\/12\/product-image.jpg","datePublished":"2023-12-04T21:52:21+00:00","dateModified":"2026-04-06T12:42:03+00:00","description":"Prolongez votre saison de grillades avec le pavillon 10' x 10' Blackstone Bar and Grill. Cette structure offre un abri robuste.","breadcrumb":{"@id":"https:\/\/blackstonegriddles.ca\/product\/10-x-10-backyard-bar-and-grill-gazebo\/#breadcrumb"},"inLanguage":"fr-CA","potentialAction":[{"@type":"ReadAction","target":["https:\/\/blackstonegriddles.ca\/product\/10-x-10-backyard-bar-and-grill-gazebo\/"]}]},{"@type":"ImageObject","inLanguage":"fr-CA","@id":"https:\/\/blackstonegriddles.ca\/product\/10-x-10-backyard-bar-and-grill-gazebo\/#primaryimage","url":"https:\/\/blackstonegriddles.ca\/wp-content\/uploads\/2023\/12\/product-image.jpg","contentUrl":"https:\/\/blackstonegriddles.ca\/wp-content\/uploads\/2023\/12\/product-image.jpg","width":800,"height":800,"caption":"10' X 10' Backyard Bar and Grill Gazebo"},{"@type":"BreadcrumbList","@id":"https:\/\/blackstonegriddles.ca\/product\/10-x-10-backyard-bar-and-grill-gazebo\/#breadcrumb","itemListElement":[{"@type":"ListItem","position":1,"name":"Home","item":"https:\/\/blackstonegriddles.ca\/"},{"@type":"ListItem","position":2,"name":"Shop","item":"https:\/\/blackstonegriddles.ca\/shop\/"},{"@type":"ListItem","position":3,"name":"10&#215;10 Backyard Bar and Grill Pavilion"}]},{"@type":"WebSite","@id":"https:\/\/blackstonegriddles.ca\/#website","url":"https:\/\/blackstonegriddles.ca\/","name":"Grils Blackstone Canada","description":"Blackstone Griddles distributeur officiel agr\u00e9\u00e9 Canada","publisher":{"@id":"https:\/\/blackstonegriddles.ca\/#organization"},"potentialAction":[{"@type":"SearchAction","target":{"@type":"EntryPoint","urlTemplate":"https:\/\/blackstonegriddles.ca\/?s={search_term_string}"},"query-input":{"@type":"PropertyValueSpecification","valueRequired":true,"valueName":"search_term_string"}}],"inLanguage":"fr-CA"},{"@type":"Organization","@id":"https:\/\/blackstonegriddles.ca\/#organization","name":"Grils Blackstone Canada","url":"https:\/\/blackstonegriddles.ca\/","logo":{"@type":"ImageObject","inLanguage":"fr-CA","@id":"https:\/\/blackstonegriddles.ca\/#\/schema\/logo\/image\/","url":"https:\/\/blackstonegriddles.ca\/wp-content\/uploads\/2025\/02\/blackstone-fire-logo.webp","contentUrl":"https:\/\/blackstonegriddles.ca\/wp-content\/uploads\/2025\/02\/blackstone-fire-logo.webp","width":53,"height":58,"caption":"Blackstone Griddles Canada"},"image":{"@id":"https:\/\/blackstonegriddles.ca\/#\/schema\/logo\/image\/"},"sameAs":["https:\/\/www.facebook.com\/blackstoneproducts\/","https:\/\/x.com\/weareblackstone","https:\/\/www.instagram.com\/blackstoneproducts\/","https:\/\/www.youtube.com\/channel\/UCr39rimir8y3p-q1iQYidVA"]}]}},"_links":{"self":[{"href":"https:\/\/blackstonegriddles.ca\/fr\/wp-json\/wp\/v2\/product\/36431","targetHints":{"allow":["GET"]}}],"collection":[{"href":"https:\/\/blackstonegriddles.ca\/fr\/wp-json\/wp\/v2\/product"}],"about":[{"href":"https:\/\/blackstonegriddles.ca\/fr\/wp-json\/wp\/v2\/types\/product"}],"wp:featuredmedia":[{"embeddable":true,"href":"https:\/\/blackstonegriddles.ca\/fr\/wp-json\/wp\/v2\/media\/36435"}],"wp:attachment":[{"href":"https:\/\/blackstonegriddles.ca\/fr\/wp-json\/wp\/v2\/media?parent=36431"}],"wp:term":[{"taxonomy":"product_brand","embeddable":true,"href":"https:\/\/blackstonegriddles.ca\/fr\/wp-json\/wp\/v2\/product_brand?post=36431"},{"taxonomy":"product_cat","embeddable":true,"href":"https:\/\/blackstonegriddles.ca\/fr\/wp-json\/wp\/v2\/product_cat?post=36431"},{"taxonomy":"product_tag","embeddable":true,"href":"https:\/\/blackstonegriddles.ca\/fr\/wp-json\/wp\/v2\/product_tag?post=36431"}],"curies":[{"name":"wp","href":"https:\/\/api.w.org\/{rel}","templated":true}]}}