{"id":36526,"date":"2023-12-05T21:54:39","date_gmt":"2023-12-05T21:54:39","guid":{"rendered":"https:\/\/blackstonegriddles.ca\/?post_type=product&#038;p=36526"},"modified":"2026-04-24T20:00:45","modified_gmt":"2026-04-24T20:00:45","slug":"28-avec-top-omnivore","status":"publish","type":"product","link":"https:\/\/blackstonegriddles.ca\/fr\/product\/28-with-omnivore-top\/","title":{"rendered":"28\" avec Omnivore Top"},"content":{"rendered":"<h2 style=\"text-align: center\"><strong>COMPREND LE <span style=\"color: #f26322\">OMNI<\/span>PLAQUE DE GRIL VORE<\/strong><\/h2>\n<h2 style=\"text-align: center\"><strong>LA TECHNOLOGIE DE PLAQUE DE CUISSON LA PLUS AVANC\u00c9E DE L'INDUSTRIE<\/strong><\/h2>\n<h2 style=\"text-align: center\"><img decoding=\"async\" class=\"lazyload aligncenter size-full wp-image-36542\" src=\"https:\/\/blackstonegriddles.ca\/wp-content\/uploads\/2023\/12\/OmniTop-1.jpg\" data-orig-src=\"https:\/\/blackstonegriddles.ca\/wp-content\/uploads\/2023\/12\/OmniTop-1.jpg\" alt=\"\" width=\"1500\" height=\"401\" srcset=\"data:image\/svg+xml,%3Csvg%20xmlns%3D%27http%3A%2F%2Fwww.w3.org%2F2000%2Fsvg%27%20width%3D%271500%27%20height%3D%27401%27%20viewBox%3D%270%200%201500%20401%27%3E%3Crect%20width%3D%271500%27%20height%3D%27401%27%20fill-opacity%3D%220%22%2F%3E%3C%2Fsvg%3E\" data-srcset=\"https:\/\/blackstonegriddles.ca\/wp-content\/uploads\/2023\/12\/OmniTop-1-200x53.jpg 200w, https:\/\/blackstonegriddles.ca\/wp-content\/uploads\/2023\/12\/OmniTop-1-300x80.jpg 300w, https:\/\/blackstonegriddles.ca\/wp-content\/uploads\/2023\/12\/OmniTop-1-400x107.jpg 400w, https:\/\/blackstonegriddles.ca\/wp-content\/uploads\/2023\/12\/OmniTop-1-500x134.jpg 500w, https:\/\/blackstonegriddles.ca\/wp-content\/uploads\/2023\/12\/OmniTop-1-600x160.jpg 600w, https:\/\/blackstonegriddles.ca\/wp-content\/uploads\/2023\/12\/OmniTop-1-700x187.jpg 700w, https:\/\/blackstonegriddles.ca\/wp-content\/uploads\/2023\/12\/OmniTop-1-768x205.jpg 768w, https:\/\/blackstonegriddles.ca\/wp-content\/uploads\/2023\/12\/OmniTop-1-800x214.jpg 800w, https:\/\/blackstonegriddles.ca\/wp-content\/uploads\/2023\/12\/OmniTop-1-1024x274.jpg 1024w, https:\/\/blackstonegriddles.ca\/wp-content\/uploads\/2023\/12\/OmniTop-1-1200x321.jpg 1200w, https:\/\/blackstonegriddles.ca\/wp-content\/uploads\/2023\/12\/OmniTop-1.jpg 1500w\" data-sizes=\"auto\" data-orig-sizes=\"(max-width: 1500px) 100vw, 1500px\" \/><\/h2>\n<p><img decoding=\"async\" class=\"lazyload wp-image-36543 alignleft\" src=\"https:\/\/blackstonegriddles.ca\/wp-content\/uploads\/2023\/12\/Omnivore_Details_423fa1ec-960a-4.jpg\" data-orig-src=\"https:\/\/blackstonegriddles.ca\/wp-content\/uploads\/2023\/12\/Omnivore_Details_423fa1ec-960a-4.jpg\" alt=\"D\u00e9tails sur l&#039;omnivore\" width=\"650\" height=\"330\" srcset=\"data:image\/svg+xml,%3Csvg%20xmlns%3D%27http%3A%2F%2Fwww.w3.org%2F2000%2Fsvg%27%20width%3D%27650%27%20height%3D%27330%27%20viewBox%3D%270%200%20650%20330%27%3E%3Crect%20width%3D%27650%27%20height%3D%27330%27%20fill-opacity%3D%220%22%2F%3E%3C%2Fsvg%3E\" data-srcset=\"https:\/\/blackstonegriddles.ca\/wp-content\/uploads\/2023\/12\/Omnivore_Details_423fa1ec-960a-4-200x101.jpg 200w, https:\/\/blackstonegriddles.ca\/wp-content\/uploads\/2023\/12\/Omnivore_Details_423fa1ec-960a-4-300x152.jpg 300w, https:\/\/blackstonegriddles.ca\/wp-content\/uploads\/2023\/12\/Omnivore_Details_423fa1ec-960a-4-400x203.jpg 400w, https:\/\/blackstonegriddles.ca\/wp-content\/uploads\/2023\/12\/Omnivore_Details_423fa1ec-960a-4-500x254.jpg 500w, https:\/\/blackstonegriddles.ca\/wp-content\/uploads\/2023\/12\/Omnivore_Details_423fa1ec-960a-4-600x304.jpg 600w, https:\/\/blackstonegriddles.ca\/wp-content\/uploads\/2023\/12\/Omnivore_Details_423fa1ec-960a-4-700x355.jpg 700w, https:\/\/blackstonegriddles.ca\/wp-content\/uploads\/2023\/12\/Omnivore_Details_423fa1ec-960a-4-768x390.jpg 768w, https:\/\/blackstonegriddles.ca\/wp-content\/uploads\/2023\/12\/Omnivore_Details_423fa1ec-960a-4-800x406.jpg 800w, https:\/\/blackstonegriddles.ca\/wp-content\/uploads\/2023\/12\/Omnivore_Details_423fa1ec-960a-4-1024x519.jpg 1024w, https:\/\/blackstonegriddles.ca\/wp-content\/uploads\/2023\/12\/Omnivore_Details_423fa1ec-960a-4-1200x609.jpg 1200w, https:\/\/blackstonegriddles.ca\/wp-content\/uploads\/2023\/12\/Omnivore_Details_423fa1ec-960a-4-1536x779.jpg 1536w, https:\/\/blackstonegriddles.ca\/wp-content\/uploads\/2023\/12\/Omnivore_Details_423fa1ec-960a-4.jpg 1605w\" data-sizes=\"auto\" data-orig-sizes=\"(max-width: 650px) 100vw, 650px\" \/><\/p>\n<h2><\/h2>\n<h2><strong>CARACT\u00c9RISTIQUES :<\/strong><\/h2>\n<ul>\n<li>Distribution uniforme de la chaleur<\/li>\n<li>Contr\u00f4le pr\u00e9cis des temp\u00e9ratures<\/li>\n<li>Protections anti-vent int\u00e9gr\u00e9es<\/li>\n<li>Utilise moins de propane par cuisson<\/li>\n<li>Meilleure stabilit\u00e9 aux chocs thermiques de sa cat\u00e9gorie<\/li>\n<\/ul>\n<p><img decoding=\"async\" class=\"lazyload wp-image-36544 alignleft\" src=\"https:\/\/blackstonegriddles.ca\/wp-content\/uploads\/2023\/12\/2287_Dimensions.jpg\" data-orig-src=\"https:\/\/blackstonegriddles.ca\/wp-content\/uploads\/2023\/12\/2287_Dimensions.jpg\" alt=\"Dimensions\" width=\"651\" height=\"497\" srcset=\"data:image\/svg+xml,%3Csvg%20xmlns%3D%27http%3A%2F%2Fwww.w3.org%2F2000%2Fsvg%27%20width%3D%27651%27%20height%3D%27497%27%20viewBox%3D%270%200%20651%20497%27%3E%3Crect%20width%3D%27651%27%20height%3D%27497%27%20fill-opacity%3D%220%22%2F%3E%3C%2Fsvg%3E\" data-srcset=\"https:\/\/blackstonegriddles.ca\/wp-content\/uploads\/2023\/12\/2287_Dimensions-200x153.jpg 200w, https:\/\/blackstonegriddles.ca\/wp-content\/uploads\/2023\/12\/2287_Dimensions-300x229.jpg 300w, https:\/\/blackstonegriddles.ca\/wp-content\/uploads\/2023\/12\/2287_Dimensions-400x305.jpg 400w, https:\/\/blackstonegriddles.ca\/wp-content\/uploads\/2023\/12\/2287_Dimensions-500x382.jpg 500w, https:\/\/blackstonegriddles.ca\/wp-content\/uploads\/2023\/12\/2287_Dimensions-600x458.jpg 600w, https:\/\/blackstonegriddles.ca\/wp-content\/uploads\/2023\/12\/2287_Dimensions-700x534.jpg 700w, https:\/\/blackstonegriddles.ca\/wp-content\/uploads\/2023\/12\/2287_Dimensions-768x586.jpg 768w, https:\/\/blackstonegriddles.ca\/wp-content\/uploads\/2023\/12\/2287_Dimensions-800x610.jpg 800w, https:\/\/blackstonegriddles.ca\/wp-content\/uploads\/2023\/12\/2287_Dimensions-1024x781.jpg 1024w, https:\/\/blackstonegriddles.ca\/wp-content\/uploads\/2023\/12\/2287_Dimensions-1200x916.jpg 1200w, https:\/\/blackstonegriddles.ca\/wp-content\/uploads\/2023\/12\/2287_Dimensions-1536x1172.jpg 1536w, https:\/\/blackstonegriddles.ca\/wp-content\/uploads\/2023\/12\/2287_Dimensions.jpg 1684w\" data-sizes=\"auto\" data-orig-sizes=\"(max-width: 651px) 100vw, 651px\" \/><\/p>\n<h2><\/h2>\n<h2><\/h2>\n<h2>CARACT\u00c9RISTIQUES ET SP\u00c9CIFICATIONS :<\/h2>\n<ul>\n<li>Surface de cuisson : 28 3\/4\u2033 L x 18 1\/4\u2033 P<\/li>\n<li>Deux (2) commandes de chaleur r\u00e9glables<\/li>\n<li>Allumeur int\u00e9gr\u00e9<\/li>\n<li>Syst\u00e8me de gestion de la graisse \u00e0 l'arri\u00e8re<\/li>\n<li>Deux \u00e9tag\u00e8res lat\u00e9rales<\/li>\n<li>Tablette lat\u00e9rale Porte-bouteilles\/outils et crochets<\/li>\n<li>Capot robuste pour prot\u00e9ger la plaque de cuisson<\/li>\n<li>Deux (2) roues de force industrielle<\/li>\n<\/ul>","protected":false},"excerpt":{"rendered":"<p>Cette plaque de cuisson de 28 pouces avec hotte offre 24 000 BTU de chaleur br\u00fblante, ce qui vous permet de cuisiner facilement tous vos plats pr\u00e9f\u00e9r\u00e9s. Avec deux zones de cuisson ind\u00e9pendantes, vous pourrez cuisiner au maximum de vos possibilit\u00e9s. La hotte sert \u00e0 la fois de couvercle pour prot\u00e9ger votre plancha des intemp\u00e9ries et de d\u00f4me d'arrosage pour aider \u00e0 cuire vos aliments \u00e0 la vapeur et de mani\u00e8re homog\u00e8ne.<\/p>","protected":false},"featured_media":36537,"template":"","meta":[],"product_brand":[],"product_cat":[157],"product_tag":[],"class_list":{"0":"post-36526","1":"product","2":"type-product","3":"status-publish","4":"has-post-thumbnail","6":"product_cat-157","7":"product_shipping_class-140","9":"first","10":"instock","11":"taxable","12":"shipping-taxable","13":"purchasable","14":"product-type-simple"},"yoast_head":"<!-- This site is optimized with the Yoast SEO plugin v27.4 - https:\/\/yoast.com\/product\/yoast-seo-wordpress\/ -->\n<title>28\u201d with Omnivore Top - Blackstone Griddles<\/title>\n<meta name=\"description\" content=\"This 28-inch griddle with hood features 24,000 BTUs of searing heat, so you can easily cook all your favorite meals.\" \/>\n<meta name=\"robots\" content=\"index, follow, max-snippet:-1, max-image-preview:large, max-video-preview:-1\" \/>\n<link rel=\"canonical\" href=\"https:\/\/blackstonegriddles.ca\/fr\/produit\/28-avec-top-omnivore\/\" \/>\n<meta property=\"og:locale\" content=\"fr_CA\" \/>\n<meta property=\"og:type\" content=\"article\" \/>\n<meta property=\"og:title\" content=\"28\u201d with Omnivore Top - Blackstone Griddles\" \/>\n<meta property=\"og:description\" content=\"This 28-inch griddle with hood features 24,000 BTUs of searing heat, so you can easily cook all your favorite meals.\" \/>\n<meta property=\"og:url\" content=\"https:\/\/blackstonegriddles.ca\/fr\/produit\/28-avec-top-omnivore\/\" \/>\n<meta property=\"og:site_name\" content=\"Blackstone Griddles\" \/>\n<meta property=\"article:publisher\" content=\"https:\/\/www.facebook.com\/blackstoneproducts\/\" \/>\n<meta property=\"article:modified_time\" content=\"2026-04-24T20:00:45+00:00\" \/>\n<meta property=\"og:image\" content=\"https:\/\/blackstonegriddles.ca\/wp-content\/uploads\/2023\/12\/eaylzuafhl0fezudgzgp.jpg\" \/>\n\t<meta property=\"og:image:width\" content=\"800\" \/>\n\t<meta property=\"og:image:height\" content=\"500\" \/>\n\t<meta property=\"og:image:type\" content=\"image\/jpeg\" \/>\n<meta name=\"twitter:card\" content=\"summary_large_image\" \/>\n<meta name=\"twitter:site\" content=\"@weareblackstone\" \/>\n<meta name=\"twitter:label1\" content=\"Estimation du temps de lecture\" \/>\n\t<meta name=\"twitter:data1\" content=\"2 minutes\" \/>\n<script type=\"application\/ld+json\" class=\"yoast-schema-graph\">{\"@context\":\"https:\\\/\\\/schema.org\",\"@graph\":[{\"@type\":\"WebPage\",\"@id\":\"https:\\\/\\\/blackstonegriddles.ca\\\/product\\\/28-with-omnivore-top\\\/\",\"url\":\"https:\\\/\\\/blackstonegriddles.ca\\\/product\\\/28-with-omnivore-top\\\/\",\"name\":\"28\u201d with Omnivore Top - Blackstone Griddles\",\"isPartOf\":{\"@id\":\"https:\\\/\\\/blackstonegriddles.ca\\\/#website\"},\"primaryImageOfPage\":{\"@id\":\"https:\\\/\\\/blackstonegriddles.ca\\\/product\\\/28-with-omnivore-top\\\/#primaryimage\"},\"image\":{\"@id\":\"https:\\\/\\\/blackstonegriddles.ca\\\/product\\\/28-with-omnivore-top\\\/#primaryimage\"},\"thumbnailUrl\":\"https:\\\/\\\/blackstonegriddles.ca\\\/wp-content\\\/uploads\\\/2023\\\/12\\\/eaylzuafhl0fezudgzgp.jpg\",\"datePublished\":\"2023-12-05T21:54:39+00:00\",\"dateModified\":\"2026-04-24T20:00:45+00:00\",\"description\":\"This 28-inch griddle with hood features 24,000 BTUs of searing heat, so you can easily cook all your favorite meals.\",\"breadcrumb\":{\"@id\":\"https:\\\/\\\/blackstonegriddles.ca\\\/product\\\/28-with-omnivore-top\\\/#breadcrumb\"},\"inLanguage\":\"fr-CA\",\"potentialAction\":[{\"@type\":\"ReadAction\",\"target\":[\"https:\\\/\\\/blackstonegriddles.ca\\\/product\\\/28-with-omnivore-top\\\/\"]}]},{\"@type\":\"ImageObject\",\"inLanguage\":\"fr-CA\",\"@id\":\"https:\\\/\\\/blackstonegriddles.ca\\\/product\\\/28-with-omnivore-top\\\/#primaryimage\",\"url\":\"https:\\\/\\\/blackstonegriddles.ca\\\/wp-content\\\/uploads\\\/2023\\\/12\\\/eaylzuafhl0fezudgzgp.jpg\",\"contentUrl\":\"https:\\\/\\\/blackstonegriddles.ca\\\/wp-content\\\/uploads\\\/2023\\\/12\\\/eaylzuafhl0fezudgzgp.jpg\",\"width\":800,\"height\":500},{\"@type\":\"BreadcrumbList\",\"@id\":\"https:\\\/\\\/blackstonegriddles.ca\\\/product\\\/28-with-omnivore-top\\\/#breadcrumb\",\"itemListElement\":[{\"@type\":\"ListItem\",\"position\":1,\"name\":\"Home\",\"item\":\"https:\\\/\\\/blackstonegriddles.ca\\\/\"},{\"@type\":\"ListItem\",\"position\":2,\"name\":\"Shop\",\"item\":\"https:\\\/\\\/blackstonegriddles.ca\\\/shop\\\/\"},{\"@type\":\"ListItem\",\"position\":3,\"name\":\"28\u201d with Omnivore Top\"}]},{\"@type\":\"WebSite\",\"@id\":\"https:\\\/\\\/blackstonegriddles.ca\\\/#website\",\"url\":\"https:\\\/\\\/blackstonegriddles.ca\\\/\",\"name\":\"Blackstone Griddles Canada\",\"description\":\"Blackstone Griddles official licensed dealer Canada\",\"publisher\":{\"@id\":\"https:\\\/\\\/blackstonegriddles.ca\\\/#organization\"},\"potentialAction\":[{\"@type\":\"SearchAction\",\"target\":{\"@type\":\"EntryPoint\",\"urlTemplate\":\"https:\\\/\\\/blackstonegriddles.ca\\\/?s={search_term_string}\"},\"query-input\":{\"@type\":\"PropertyValueSpecification\",\"valueRequired\":true,\"valueName\":\"search_term_string\"}}],\"inLanguage\":\"fr-CA\"},{\"@type\":\"Organization\",\"@id\":\"https:\\\/\\\/blackstonegriddles.ca\\\/#organization\",\"name\":\"Blackstone Griddles Canada\",\"url\":\"https:\\\/\\\/blackstonegriddles.ca\\\/\",\"logo\":{\"@type\":\"ImageObject\",\"inLanguage\":\"fr-CA\",\"@id\":\"https:\\\/\\\/blackstonegriddles.ca\\\/#\\\/schema\\\/logo\\\/image\\\/\",\"url\":\"https:\\\/\\\/blackstonegriddles.ca\\\/wp-content\\\/uploads\\\/2025\\\/02\\\/blackstone-fire-logo.webp\",\"contentUrl\":\"https:\\\/\\\/blackstonegriddles.ca\\\/wp-content\\\/uploads\\\/2025\\\/02\\\/blackstone-fire-logo.webp\",\"width\":53,\"height\":58,\"caption\":\"Blackstone Griddles Canada\"},\"image\":{\"@id\":\"https:\\\/\\\/blackstonegriddles.ca\\\/#\\\/schema\\\/logo\\\/image\\\/\"},\"sameAs\":[\"https:\\\/\\\/www.facebook.com\\\/blackstoneproducts\\\/\",\"https:\\\/\\\/x.com\\\/weareblackstone\",\"https:\\\/\\\/www.instagram.com\\\/blackstoneproducts\\\/\",\"https:\\\/\\\/www.youtube.com\\\/channel\\\/UCr39rimir8y3p-q1iQYidVA\"]}]}<\/script>\n<!-- \/ Yoast SEO plugin. -->","yoast_head_json":{"title":"28\" avec dessus Omnivore - Blackstone Griddles","description":"Cette plaque de cuisson de 28 pouces avec hotte offre 24 000 BTU de chaleur br\u00fblante, ce qui vous permet de cuisiner facilement tous vos plats pr\u00e9f\u00e9r\u00e9s.","robots":{"index":"index","follow":"follow","max-snippet":"max-snippet:-1","max-image-preview":"max-image-preview:large","max-video-preview":"max-video-preview:-1"},"canonical":"https:\/\/blackstonegriddles.ca\/fr\/produit\/28-avec-top-omnivore\/","og_locale":"fr_CA","og_type":"article","og_title":"28\u201d with Omnivore Top - Blackstone Griddles","og_description":"This 28-inch griddle with hood features 24,000 BTUs of searing heat, so you can easily cook all your favorite meals.","og_url":"https:\/\/blackstonegriddles.ca\/fr\/produit\/28-avec-top-omnivore\/","og_site_name":"Blackstone Griddles","article_publisher":"https:\/\/www.facebook.com\/blackstoneproducts\/","article_modified_time":"2026-04-24T20:00:45+00:00","og_image":[{"width":800,"height":500,"url":"https:\/\/blackstonegriddles.ca\/wp-content\/uploads\/2023\/12\/eaylzuafhl0fezudgzgp.jpg","type":"image\/jpeg"}],"twitter_card":"summary_large_image","twitter_site":"@weareblackstone","twitter_misc":{"Estimation du temps de lecture":"2 minutes"},"schema":{"@context":"https:\/\/schema.org","@graph":[{"@type":"WebPage","@id":"https:\/\/blackstonegriddles.ca\/product\/28-with-omnivore-top\/","url":"https:\/\/blackstonegriddles.ca\/product\/28-with-omnivore-top\/","name":"28\" avec dessus Omnivore - Blackstone Griddles","isPartOf":{"@id":"https:\/\/blackstonegriddles.ca\/#website"},"primaryImageOfPage":{"@id":"https:\/\/blackstonegriddles.ca\/product\/28-with-omnivore-top\/#primaryimage"},"image":{"@id":"https:\/\/blackstonegriddles.ca\/product\/28-with-omnivore-top\/#primaryimage"},"thumbnailUrl":"https:\/\/blackstonegriddles.ca\/wp-content\/uploads\/2023\/12\/eaylzuafhl0fezudgzgp.jpg","datePublished":"2023-12-05T21:54:39+00:00","dateModified":"2026-04-24T20:00:45+00:00","description":"Cette plaque de cuisson de 28 pouces avec hotte offre 24 000 BTU de chaleur br\u00fblante, ce qui vous permet de cuisiner facilement tous vos plats pr\u00e9f\u00e9r\u00e9s.","breadcrumb":{"@id":"https:\/\/blackstonegriddles.ca\/product\/28-with-omnivore-top\/#breadcrumb"},"inLanguage":"fr-CA","potentialAction":[{"@type":"ReadAction","target":["https:\/\/blackstonegriddles.ca\/product\/28-with-omnivore-top\/"]}]},{"@type":"ImageObject","inLanguage":"fr-CA","@id":"https:\/\/blackstonegriddles.ca\/product\/28-with-omnivore-top\/#primaryimage","url":"https:\/\/blackstonegriddles.ca\/wp-content\/uploads\/2023\/12\/eaylzuafhl0fezudgzgp.jpg","contentUrl":"https:\/\/blackstonegriddles.ca\/wp-content\/uploads\/2023\/12\/eaylzuafhl0fezudgzgp.jpg","width":800,"height":500},{"@type":"BreadcrumbList","@id":"https:\/\/blackstonegriddles.ca\/product\/28-with-omnivore-top\/#breadcrumb","itemListElement":[{"@type":"ListItem","position":1,"name":"Home","item":"https:\/\/blackstonegriddles.ca\/"},{"@type":"ListItem","position":2,"name":"Shop","item":"https:\/\/blackstonegriddles.ca\/shop\/"},{"@type":"ListItem","position":3,"name":"28\u201d with Omnivore Top"}]},{"@type":"WebSite","@id":"https:\/\/blackstonegriddles.ca\/#website","url":"https:\/\/blackstonegriddles.ca\/","name":"Grils Blackstone Canada","description":"Blackstone Griddles distributeur officiel agr\u00e9\u00e9 Canada","publisher":{"@id":"https:\/\/blackstonegriddles.ca\/#organization"},"potentialAction":[{"@type":"SearchAction","target":{"@type":"EntryPoint","urlTemplate":"https:\/\/blackstonegriddles.ca\/?s={search_term_string}"},"query-input":{"@type":"PropertyValueSpecification","valueRequired":true,"valueName":"search_term_string"}}],"inLanguage":"fr-CA"},{"@type":"Organization","@id":"https:\/\/blackstonegriddles.ca\/#organization","name":"Grils Blackstone Canada","url":"https:\/\/blackstonegriddles.ca\/","logo":{"@type":"ImageObject","inLanguage":"fr-CA","@id":"https:\/\/blackstonegriddles.ca\/#\/schema\/logo\/image\/","url":"https:\/\/blackstonegriddles.ca\/wp-content\/uploads\/2025\/02\/blackstone-fire-logo.webp","contentUrl":"https:\/\/blackstonegriddles.ca\/wp-content\/uploads\/2025\/02\/blackstone-fire-logo.webp","width":53,"height":58,"caption":"Blackstone Griddles Canada"},"image":{"@id":"https:\/\/blackstonegriddles.ca\/#\/schema\/logo\/image\/"},"sameAs":["https:\/\/www.facebook.com\/blackstoneproducts\/","https:\/\/x.com\/weareblackstone","https:\/\/www.instagram.com\/blackstoneproducts\/","https:\/\/www.youtube.com\/channel\/UCr39rimir8y3p-q1iQYidVA"]}]}},"_links":{"self":[{"href":"https:\/\/blackstonegriddles.ca\/fr\/wp-json\/wp\/v2\/product\/36526","targetHints":{"allow":["GET"]}}],"collection":[{"href":"https:\/\/blackstonegriddles.ca\/fr\/wp-json\/wp\/v2\/product"}],"about":[{"href":"https:\/\/blackstonegriddles.ca\/fr\/wp-json\/wp\/v2\/types\/product"}],"wp:featuredmedia":[{"embeddable":true,"href":"https:\/\/blackstonegriddles.ca\/fr\/wp-json\/wp\/v2\/media\/36537"}],"wp:attachment":[{"href":"https:\/\/blackstonegriddles.ca\/fr\/wp-json\/wp\/v2\/media?parent=36526"}],"wp:term":[{"taxonomy":"product_brand","embeddable":true,"href":"https:\/\/blackstonegriddles.ca\/fr\/wp-json\/wp\/v2\/product_brand?post=36526"},{"taxonomy":"product_cat","embeddable":true,"href":"https:\/\/blackstonegriddles.ca\/fr\/wp-json\/wp\/v2\/product_cat?post=36526"},{"taxonomy":"product_tag","embeddable":true,"href":"https:\/\/blackstonegriddles.ca\/fr\/wp-json\/wp\/v2\/product_tag?post=36526"}],"curies":[{"name":"wp","href":"https:\/\/api.w.org\/{rel}","templated":true}]}}