{"id":36550,"date":"2023-12-05T22:14:41","date_gmt":"2023-12-05T22:14:41","guid":{"rendered":"https:\/\/blackstonegriddles.ca\/?post_type=product&#038;p=36550"},"modified":"2026-04-08T18:30:33","modified_gmt":"2026-04-08T18:30:33","slug":"four-a-pizza-leggero","status":"publish","type":"product","link":"https:\/\/blackstonegriddles.ca\/fr\/product\/leggero-pizza-oven\/","title":{"rendered":"Four \u00e0 pizza Leggero"},"content":{"rendered":"<p><img decoding=\"async\" class=\"aligncenter wp-image-36559\" src=\"https:\/\/blackstonegriddles.ca\/wp-content\/uploads\/2023\/12\/2238_MainPhoto.jpg\" alt=\"FOUR \u00c0 PIZZA LEGGERO\" width=\"1002\" height=\"659\" srcset=\"https:\/\/blackstonegriddles.ca\/wp-content\/uploads\/2023\/12\/2238_MainPhoto-200x132.jpg 200w, https:\/\/blackstonegriddles.ca\/wp-content\/uploads\/2023\/12\/2238_MainPhoto-300x197.jpg 300w, https:\/\/blackstonegriddles.ca\/wp-content\/uploads\/2023\/12\/2238_MainPhoto-400x263.jpg 400w, https:\/\/blackstonegriddles.ca\/wp-content\/uploads\/2023\/12\/2238_MainPhoto-500x329.jpg 500w, https:\/\/blackstonegriddles.ca\/wp-content\/uploads\/2023\/12\/2238_MainPhoto-600x395.jpg 600w, https:\/\/blackstonegriddles.ca\/wp-content\/uploads\/2023\/12\/2238_MainPhoto-700x460.jpg 700w, https:\/\/blackstonegriddles.ca\/wp-content\/uploads\/2023\/12\/2238_MainPhoto-768x505.jpg 768w, https:\/\/blackstonegriddles.ca\/wp-content\/uploads\/2023\/12\/2238_MainPhoto-800x526.jpg 800w, https:\/\/blackstonegriddles.ca\/wp-content\/uploads\/2023\/12\/2238_MainPhoto-1024x674.jpg 1024w, https:\/\/blackstonegriddles.ca\/wp-content\/uploads\/2023\/12\/2238_MainPhoto-1200x789.jpg 1200w, https:\/\/blackstonegriddles.ca\/wp-content\/uploads\/2023\/12\/2238_MainPhoto-1536x1010.jpg 1536w, https:\/\/blackstonegriddles.ca\/wp-content\/uploads\/2023\/12\/2238_MainPhoto.jpg 1800w\" sizes=\"(max-width: 1002px) 100vw, 1002px\" \/>\u00a0<img decoding=\"async\" class=\"wp-image-36560 alignright\" src=\"https:\/\/blackstonegriddles.ca\/wp-content\/uploads\/2023\/12\/2238_CalloutPhoto.jpg\" alt=\"FOUR \u00c0 PIZZA LEGGERO\" width=\"640\" height=\"389\" srcset=\"https:\/\/blackstonegriddles.ca\/wp-content\/uploads\/2023\/12\/2238_CalloutPhoto-200x122.jpg 200w, https:\/\/blackstonegriddles.ca\/wp-content\/uploads\/2023\/12\/2238_CalloutPhoto-300x183.jpg 300w, https:\/\/blackstonegriddles.ca\/wp-content\/uploads\/2023\/12\/2238_CalloutPhoto-400x244.jpg 400w, https:\/\/blackstonegriddles.ca\/wp-content\/uploads\/2023\/12\/2238_CalloutPhoto-500x304.jpg 500w, https:\/\/blackstonegriddles.ca\/wp-content\/uploads\/2023\/12\/2238_CalloutPhoto-600x365.jpg 600w, https:\/\/blackstonegriddles.ca\/wp-content\/uploads\/2023\/12\/2238_CalloutPhoto-700x426.jpg 700w, https:\/\/blackstonegriddles.ca\/wp-content\/uploads\/2023\/12\/2238_CalloutPhoto-768x468.jpg 768w, https:\/\/blackstonegriddles.ca\/wp-content\/uploads\/2023\/12\/2238_CalloutPhoto.jpg 800w\" sizes=\"(max-width: 640px) 100vw, 640px\" \/><\/p>\n<h2><\/h2>\n<h2><strong>L\u00e0 o\u00f9 le go\u00fbt ne conna\u00eet pas de fronti\u00e8res !<\/strong><strong>NOTRE PORTE D'ENTR\u00c9E PORTABLE POUR DES PIZZAS GASTRONOMIQUES PARTOUT ET \u00c0 TOUT MOMENT !<\/strong><\/h2>\n<p>Le four \u00e0 pizza Leggero allie durabilit\u00e9 et mobilit\u00e9, ce qui vous permet d'emporter ce four \u00e0 pizza de haute qualit\u00e9 partout o\u00f9 vous allez et de cr\u00e9er sans effort de d\u00e9licieuses pizzas dignes d'un restaurant. https:\/\/cdn.shopify.com\/videos\/c\/o\/v\/84bb33dfc65d42a39d893e941472ab34.mp4\u00a0<img decoding=\"async\" class=\"aligncenter wp-image-36566\" src=\"https:\/\/blackstonegriddles.ca\/wp-content\/uploads\/2023\/12\/RotatingStone_f7952f51-0d9a-4cff.jpg\" alt=\"FOUR \u00c0 PIZZA LEGGERO\" width=\"801\" height=\"569\" srcset=\"https:\/\/blackstonegriddles.ca\/wp-content\/uploads\/2023\/12\/RotatingStone_f7952f51-0d9a-4cff-200x142.jpg 200w, https:\/\/blackstonegriddles.ca\/wp-content\/uploads\/2023\/12\/RotatingStone_f7952f51-0d9a-4cff-300x214.jpg 300w, https:\/\/blackstonegriddles.ca\/wp-content\/uploads\/2023\/12\/RotatingStone_f7952f51-0d9a-4cff-400x285.jpg 400w, https:\/\/blackstonegriddles.ca\/wp-content\/uploads\/2023\/12\/RotatingStone_f7952f51-0d9a-4cff-500x356.jpg 500w, https:\/\/blackstonegriddles.ca\/wp-content\/uploads\/2023\/12\/RotatingStone_f7952f51-0d9a-4cff-600x427.jpg 600w, https:\/\/blackstonegriddles.ca\/wp-content\/uploads\/2023\/12\/RotatingStone_f7952f51-0d9a-4cff-700x498.jpg 700w, https:\/\/blackstonegriddles.ca\/wp-content\/uploads\/2023\/12\/RotatingStone_f7952f51-0d9a-4cff-768x546.jpg 768w, https:\/\/blackstonegriddles.ca\/wp-content\/uploads\/2023\/12\/RotatingStone_f7952f51-0d9a-4cff.jpg 800w\" sizes=\"(max-width: 801px) 100vw, 801px\" \/><\/p>\n<h3 class=\"sc-brSvTw kXcmVH pf-869_\" style=\"text-align: center;\" data-pf-type=\"Heading2\">Pierre de Cordi\u00e9rite rotative de 13 pouces<\/h3>\n<p class=\"sc-gIDmLj eMdhGW pf-871_\" style=\"text-align: center;\" data-pf-type=\"Paragraph3\">Permet de cuire les pizzas de mani\u00e8re uniforme sans effort, en \u00e9liminant la n\u00e9cessit\u00e9 d'une rotation manuelle.<\/p>\n<p data-pf-type=\"Paragraph3\"><img decoding=\"async\" class=\"aligncenter wp-image-36565\" src=\"https:\/\/blackstonegriddles.ca\/wp-content\/uploads\/2023\/12\/TempGauge.jpg\" alt=\"FOUR \u00c0 PIZZA LEGGERO\" width=\"799\" height=\"569\" srcset=\"https:\/\/blackstonegriddles.ca\/wp-content\/uploads\/2023\/12\/TempGauge-200x142.jpg 200w, https:\/\/blackstonegriddles.ca\/wp-content\/uploads\/2023\/12\/TempGauge-300x214.jpg 300w, https:\/\/blackstonegriddles.ca\/wp-content\/uploads\/2023\/12\/TempGauge-400x285.jpg 400w, https:\/\/blackstonegriddles.ca\/wp-content\/uploads\/2023\/12\/TempGauge-500x356.jpg 500w, https:\/\/blackstonegriddles.ca\/wp-content\/uploads\/2023\/12\/TempGauge-600x427.jpg 600w, https:\/\/blackstonegriddles.ca\/wp-content\/uploads\/2023\/12\/TempGauge-700x498.jpg 700w, https:\/\/blackstonegriddles.ca\/wp-content\/uploads\/2023\/12\/TempGauge-768x546.jpg 768w, https:\/\/blackstonegriddles.ca\/wp-content\/uploads\/2023\/12\/TempGauge.jpg 800w\" sizes=\"(max-width: 799px) 100vw, 799px\" \/><\/p>\n<h3 class=\"sc-brSvTw kXcmVH pf-875_\" style=\"text-align: center;\" data-pf-type=\"Heading2\">Jauge de temp\u00e9rature int\u00e9gr\u00e9e<\/h3>\n<p class=\"sc-gIDmLj eMdhGW pf-877_\" style=\"text-align: center;\" data-pf-type=\"Paragraph3\">Il permet d'afficher la temp\u00e9rature du four lorsque la chaleur est dirig\u00e9e vers la surface de cuisson \u00e0 l'aide de la chaleur conductive, radiative et convective.<\/p>\n<p data-pf-type=\"Paragraph3\"><img decoding=\"async\" class=\"aligncenter wp-image-36564\" src=\"https:\/\/blackstonegriddles.ca\/wp-content\/uploads\/2023\/12\/DoorCover.jpg\" alt=\"FOUR \u00c0 PIZZA LEGGERO\" width=\"801\" height=\"570\" srcset=\"https:\/\/blackstonegriddles.ca\/wp-content\/uploads\/2023\/12\/DoorCover-200x142.jpg 200w, https:\/\/blackstonegriddles.ca\/wp-content\/uploads\/2023\/12\/DoorCover-300x214.jpg 300w, https:\/\/blackstonegriddles.ca\/wp-content\/uploads\/2023\/12\/DoorCover-400x285.jpg 400w, https:\/\/blackstonegriddles.ca\/wp-content\/uploads\/2023\/12\/DoorCover-500x356.jpg 500w, https:\/\/blackstonegriddles.ca\/wp-content\/uploads\/2023\/12\/DoorCover-600x427.jpg 600w, https:\/\/blackstonegriddles.ca\/wp-content\/uploads\/2023\/12\/DoorCover-700x498.jpg 700w, https:\/\/blackstonegriddles.ca\/wp-content\/uploads\/2023\/12\/DoorCover-768x546.jpg 768w, https:\/\/blackstonegriddles.ca\/wp-content\/uploads\/2023\/12\/DoorCover.jpg 800w\" sizes=\"(max-width: 801px) 100vw, 801px\" \/><\/p>\n<h3 class=\"sc-brSvTw kXcmVH pf-881_\" style=\"text-align: center;\" data-pf-type=\"Heading2\">Housse de porte utilitaire l\u00e9g\u00e8re<\/h3>\n<p class=\"sc-gIDmLj eMdhGW pf-883_\" style=\"text-align: center;\" data-pf-type=\"Paragraph3\">Porte utilitaire pratique avec des positions de verrouillage s\u00fbres pour conserver efficacement la chaleur.<\/p>\n<p data-pf-type=\"Paragraph3\"><img decoding=\"async\" class=\"aligncenter size-full wp-image-36563\" src=\"https:\/\/blackstonegriddles.ca\/wp-content\/uploads\/2023\/12\/ControKnob.jpg\" alt=\"FOUR \u00c0 PIZZA LEGGERO\" width=\"800\" height=\"569\" srcset=\"https:\/\/blackstonegriddles.ca\/wp-content\/uploads\/2023\/12\/ControKnob-200x142.jpg 200w, https:\/\/blackstonegriddles.ca\/wp-content\/uploads\/2023\/12\/ControKnob-300x214.jpg 300w, https:\/\/blackstonegriddles.ca\/wp-content\/uploads\/2023\/12\/ControKnob-400x285.jpg 400w, https:\/\/blackstonegriddles.ca\/wp-content\/uploads\/2023\/12\/ControKnob-500x356.jpg 500w, https:\/\/blackstonegriddles.ca\/wp-content\/uploads\/2023\/12\/ControKnob-600x427.jpg 600w, https:\/\/blackstonegriddles.ca\/wp-content\/uploads\/2023\/12\/ControKnob-700x498.jpg 700w, https:\/\/blackstonegriddles.ca\/wp-content\/uploads\/2023\/12\/ControKnob-768x546.jpg 768w, https:\/\/blackstonegriddles.ca\/wp-content\/uploads\/2023\/12\/ControKnob.jpg 800w\" sizes=\"(max-width: 800px) 100vw, 800px\" \/><\/p>\n<h3 class=\"sc-brSvTw kXcmVH pf-887_\" style=\"text-align: center;\" data-pf-type=\"Heading2\">Allumage s\u00fbr et facile<\/h3>\n<p class=\"sc-gIDmLj eMdhGW pf-889_\" style=\"text-align: center;\" data-pf-type=\"Paragraph3\">Comprend un bouton de d\u00e9marrage et d'arr\u00eat pour le contr\u00f4le de la rotation avec un allumage s\u00fbr et sans effort.<\/p>\n<p style=\"text-align: center;\" data-pf-type=\"Paragraph3\"><img decoding=\"async\" class=\"aligncenter size-full wp-image-36562\" src=\"https:\/\/blackstonegriddles.ca\/wp-content\/uploads\/2023\/12\/OnePoundRegulator.jpg\" alt=\"FOUR \u00c0 PIZZA LEGGERO\" width=\"800\" height=\"569\" srcset=\"https:\/\/blackstonegriddles.ca\/wp-content\/uploads\/2023\/12\/OnePoundRegulator-200x142.jpg 200w, https:\/\/blackstonegriddles.ca\/wp-content\/uploads\/2023\/12\/OnePoundRegulator-300x214.jpg 300w, https:\/\/blackstonegriddles.ca\/wp-content\/uploads\/2023\/12\/OnePoundRegulator-400x285.jpg 400w, https:\/\/blackstonegriddles.ca\/wp-content\/uploads\/2023\/12\/OnePoundRegulator-500x356.jpg 500w, https:\/\/blackstonegriddles.ca\/wp-content\/uploads\/2023\/12\/OnePoundRegulator-600x427.jpg 600w, https:\/\/blackstonegriddles.ca\/wp-content\/uploads\/2023\/12\/OnePoundRegulator-700x498.jpg 700w, https:\/\/blackstonegriddles.ca\/wp-content\/uploads\/2023\/12\/OnePoundRegulator-768x546.jpg 768w, https:\/\/blackstonegriddles.ca\/wp-content\/uploads\/2023\/12\/OnePoundRegulator.jpg 800w\" sizes=\"(max-width: 800px) 100vw, 800px\" \/><\/p>\n<h3 class=\"sc-brSvTw kXcmVH pf-893_\" style=\"text-align: center;\" data-pf-type=\"Heading2\">R\u00e9gulateur d'une livre<\/h3>\n<p class=\"sc-gIDmLj eMdhGW pf-895_\" style=\"text-align: center;\" data-pf-type=\"Paragraph3\">Cuisinez n'importe o\u00f9 en utilisant une bouteille d'une livre ou connectez-vous \u00e0 une bouteille de propane de 20 livres avec le tuyau adaptateur Blackstone (vendu s\u00e9par\u00e9ment).<\/p>\n<p data-pf-type=\"Paragraph3\"><img decoding=\"async\" class=\"aligncenter size-full wp-image-36561\" src=\"https:\/\/blackstonegriddles.ca\/wp-content\/uploads\/2023\/12\/SecureLegs_66b98e13-5476-49c3-bb.jpg\" alt=\"FOUR \u00c0 PIZZA LEGGERO\" width=\"800\" height=\"569\" srcset=\"https:\/\/blackstonegriddles.ca\/wp-content\/uploads\/2023\/12\/SecureLegs_66b98e13-5476-49c3-bb-200x142.jpg 200w, https:\/\/blackstonegriddles.ca\/wp-content\/uploads\/2023\/12\/SecureLegs_66b98e13-5476-49c3-bb-300x214.jpg 300w, https:\/\/blackstonegriddles.ca\/wp-content\/uploads\/2023\/12\/SecureLegs_66b98e13-5476-49c3-bb-400x285.jpg 400w, https:\/\/blackstonegriddles.ca\/wp-content\/uploads\/2023\/12\/SecureLegs_66b98e13-5476-49c3-bb-500x356.jpg 500w, https:\/\/blackstonegriddles.ca\/wp-content\/uploads\/2023\/12\/SecureLegs_66b98e13-5476-49c3-bb-600x427.jpg 600w, https:\/\/blackstonegriddles.ca\/wp-content\/uploads\/2023\/12\/SecureLegs_66b98e13-5476-49c3-bb-700x498.jpg 700w, https:\/\/blackstonegriddles.ca\/wp-content\/uploads\/2023\/12\/SecureLegs_66b98e13-5476-49c3-bb-768x546.jpg 768w, https:\/\/blackstonegriddles.ca\/wp-content\/uploads\/2023\/12\/SecureLegs_66b98e13-5476-49c3-bb.jpg 800w\" sizes=\"(max-width: 800px) 100vw, 800px\" \/><\/p>\n<h3 class=\"sc-brSvTw kXcmVH pf-899_\" style=\"text-align: center;\" data-pf-type=\"Heading2\">Support de jambe s\u00e9curis\u00e9 et antid\u00e9rapant<\/h3>\n<p class=\"sc-gIDmLj eMdhGW pf-901_\" style=\"text-align: center;\" data-pf-type=\"Paragraph3\">Le four \u00e0 pizza portable est dot\u00e9 de pieds robustes qui assurent sa stabilit\u00e9 et facilitent son transport.<\/p>","protected":false},"excerpt":{"rendered":"<p>Four \u00e0 pizza Leggero de Blackstone : Portable, puissant et \u00e9l\u00e9gant. Avec une pierre rotative en cordi\u00e9rite de 13 pouces pour une cuisson uniforme, une jauge de temp\u00e9rature int\u00e9gr\u00e9e et des commandes faciles, il apporte la perfection de la pizza n'importe o\u00f9.<\/p>","protected":false},"featured_media":36557,"template":"","meta":[],"product_brand":[],"product_cat":[198],"product_tag":[],"class_list":{"0":"post-36550","1":"product","2":"type-product","3":"status-publish","4":"has-post-thumbnail","6":"product_cat-pizza-series","7":"product_shipping_class-pizza","9":"first","10":"instock","11":"taxable","12":"shipping-taxable","13":"purchasable","14":"product-type-simple"},"yoast_head":"<!-- This site is optimized with the Yoast SEO plugin v27.3 - https:\/\/yoast.com\/product\/yoast-seo-wordpress\/ -->\n<title>Leggero Pizza Oven - Blackstone Griddles<\/title>\n<meta name=\"robots\" content=\"index, follow, max-snippet:-1, max-image-preview:large, max-video-preview:-1\" \/>\n<link rel=\"canonical\" href=\"https:\/\/blackstonegriddles.ca\/fr\/produit\/four-a-pizza-leggero\/\" \/>\n<meta property=\"og:locale\" content=\"fr_CA\" \/>\n<meta property=\"og:type\" content=\"article\" \/>\n<meta property=\"og:title\" content=\"Leggero Pizza Oven - Blackstone Griddles\" \/>\n<meta property=\"og:description\" content=\"Blackstone&#039;s Leggero Pizza Oven: Portable, powerful, and stylish. With a 13\u201d rotating cordierite stone for even cooking, a built-in temperature gauge, and easy controls, it brings pizza perfection anywhere.\" \/>\n<meta property=\"og:url\" content=\"https:\/\/blackstonegriddles.ca\/fr\/produit\/four-a-pizza-leggero\/\" \/>\n<meta property=\"og:site_name\" content=\"Blackstone Griddles\" \/>\n<meta property=\"article:publisher\" content=\"https:\/\/www.facebook.com\/blackstoneproducts\/\" \/>\n<meta property=\"article:modified_time\" content=\"2026-04-08T18:30:33+00:00\" \/>\n<meta property=\"og:image\" content=\"https:\/\/blackstonegriddles.ca\/wp-content\/uploads\/2023\/12\/rva5qxplzycgwyajgvtn_x690@2x.jpg\" \/>\n\t<meta property=\"og:image:width\" content=\"800\" \/>\n\t<meta property=\"og:image:height\" content=\"800\" \/>\n\t<meta property=\"og:image:type\" content=\"image\/jpeg\" \/>\n<meta name=\"twitter:card\" content=\"summary_large_image\" \/>\n<meta name=\"twitter:site\" content=\"@weareblackstone\" \/>\n<meta name=\"twitter:label1\" content=\"Estimation du temps de lecture\" \/>\n\t<meta name=\"twitter:data1\" content=\"3 minutes\" \/>\n<script type=\"application\/ld+json\" class=\"yoast-schema-graph\">{\"@context\":\"https:\\\/\\\/schema.org\",\"@graph\":[{\"@type\":\"WebPage\",\"@id\":\"https:\\\/\\\/blackstonegriddles.ca\\\/product\\\/leggero-pizza-oven\\\/\",\"url\":\"https:\\\/\\\/blackstonegriddles.ca\\\/product\\\/leggero-pizza-oven\\\/\",\"name\":\"Leggero Pizza Oven - Blackstone Griddles\",\"isPartOf\":{\"@id\":\"https:\\\/\\\/blackstonegriddles.ca\\\/#website\"},\"primaryImageOfPage\":{\"@id\":\"https:\\\/\\\/blackstonegriddles.ca\\\/product\\\/leggero-pizza-oven\\\/#primaryimage\"},\"image\":{\"@id\":\"https:\\\/\\\/blackstonegriddles.ca\\\/product\\\/leggero-pizza-oven\\\/#primaryimage\"},\"thumbnailUrl\":\"https:\\\/\\\/blackstonegriddles.ca\\\/wp-content\\\/uploads\\\/2023\\\/12\\\/rva5qxplzycgwyajgvtn_x690@2x.jpg\",\"datePublished\":\"2023-12-05T22:14:41+00:00\",\"dateModified\":\"2026-04-08T18:30:33+00:00\",\"breadcrumb\":{\"@id\":\"https:\\\/\\\/blackstonegriddles.ca\\\/product\\\/leggero-pizza-oven\\\/#breadcrumb\"},\"inLanguage\":\"fr-CA\",\"potentialAction\":[{\"@type\":\"ReadAction\",\"target\":[\"https:\\\/\\\/blackstonegriddles.ca\\\/product\\\/leggero-pizza-oven\\\/\"]}]},{\"@type\":\"ImageObject\",\"inLanguage\":\"fr-CA\",\"@id\":\"https:\\\/\\\/blackstonegriddles.ca\\\/product\\\/leggero-pizza-oven\\\/#primaryimage\",\"url\":\"https:\\\/\\\/blackstonegriddles.ca\\\/wp-content\\\/uploads\\\/2023\\\/12\\\/rva5qxplzycgwyajgvtn_x690@2x.jpg\",\"contentUrl\":\"https:\\\/\\\/blackstonegriddles.ca\\\/wp-content\\\/uploads\\\/2023\\\/12\\\/rva5qxplzycgwyajgvtn_x690@2x.jpg\",\"width\":800,\"height\":800,\"caption\":\"LEGGERO PIZZA OVEN\"},{\"@type\":\"BreadcrumbList\",\"@id\":\"https:\\\/\\\/blackstonegriddles.ca\\\/product\\\/leggero-pizza-oven\\\/#breadcrumb\",\"itemListElement\":[{\"@type\":\"ListItem\",\"position\":1,\"name\":\"Home\",\"item\":\"https:\\\/\\\/blackstonegriddles.ca\\\/\"},{\"@type\":\"ListItem\",\"position\":2,\"name\":\"Shop\",\"item\":\"https:\\\/\\\/blackstonegriddles.ca\\\/shop\\\/\"},{\"@type\":\"ListItem\",\"position\":3,\"name\":\"Leggero Pizza Oven\"}]},{\"@type\":\"WebSite\",\"@id\":\"https:\\\/\\\/blackstonegriddles.ca\\\/#website\",\"url\":\"https:\\\/\\\/blackstonegriddles.ca\\\/\",\"name\":\"Blackstone Griddles Canada\",\"description\":\"Blackstone Griddles official licensed dealer Canada\",\"publisher\":{\"@id\":\"https:\\\/\\\/blackstonegriddles.ca\\\/#organization\"},\"potentialAction\":[{\"@type\":\"SearchAction\",\"target\":{\"@type\":\"EntryPoint\",\"urlTemplate\":\"https:\\\/\\\/blackstonegriddles.ca\\\/?s={search_term_string}\"},\"query-input\":{\"@type\":\"PropertyValueSpecification\",\"valueRequired\":true,\"valueName\":\"search_term_string\"}}],\"inLanguage\":\"fr-CA\"},{\"@type\":\"Organization\",\"@id\":\"https:\\\/\\\/blackstonegriddles.ca\\\/#organization\",\"name\":\"Blackstone Griddles Canada\",\"url\":\"https:\\\/\\\/blackstonegriddles.ca\\\/\",\"logo\":{\"@type\":\"ImageObject\",\"inLanguage\":\"fr-CA\",\"@id\":\"https:\\\/\\\/blackstonegriddles.ca\\\/#\\\/schema\\\/logo\\\/image\\\/\",\"url\":\"https:\\\/\\\/blackstonegriddles.ca\\\/wp-content\\\/uploads\\\/2025\\\/02\\\/blackstone-fire-logo.webp\",\"contentUrl\":\"https:\\\/\\\/blackstonegriddles.ca\\\/wp-content\\\/uploads\\\/2025\\\/02\\\/blackstone-fire-logo.webp\",\"width\":53,\"height\":58,\"caption\":\"Blackstone Griddles Canada\"},\"image\":{\"@id\":\"https:\\\/\\\/blackstonegriddles.ca\\\/#\\\/schema\\\/logo\\\/image\\\/\"},\"sameAs\":[\"https:\\\/\\\/www.facebook.com\\\/blackstoneproducts\\\/\",\"https:\\\/\\\/x.com\\\/weareblackstone\",\"https:\\\/\\\/www.instagram.com\\\/blackstoneproducts\\\/\",\"https:\\\/\\\/www.youtube.com\\\/channel\\\/UCr39rimir8y3p-q1iQYidVA\"]}]}<\/script>\n<!-- \/ Yoast SEO plugin. -->","yoast_head_json":{"title":"Four \u00e0 pizza Leggero - Blackstone Griddles","robots":{"index":"index","follow":"follow","max-snippet":"max-snippet:-1","max-image-preview":"max-image-preview:large","max-video-preview":"max-video-preview:-1"},"canonical":"https:\/\/blackstonegriddles.ca\/fr\/produit\/four-a-pizza-leggero\/","og_locale":"fr_CA","og_type":"article","og_title":"Leggero Pizza Oven - Blackstone Griddles","og_description":"Blackstone's Leggero Pizza Oven: Portable, powerful, and stylish. With a 13\u201d rotating cordierite stone for even cooking, a built-in temperature gauge, and easy controls, it brings pizza perfection anywhere.","og_url":"https:\/\/blackstonegriddles.ca\/fr\/produit\/four-a-pizza-leggero\/","og_site_name":"Blackstone Griddles","article_publisher":"https:\/\/www.facebook.com\/blackstoneproducts\/","article_modified_time":"2026-04-08T18:30:33+00:00","og_image":[{"width":800,"height":800,"url":"https:\/\/blackstonegriddles.ca\/wp-content\/uploads\/2023\/12\/rva5qxplzycgwyajgvtn_x690@2x.jpg","type":"image\/jpeg"}],"twitter_card":"summary_large_image","twitter_site":"@weareblackstone","twitter_misc":{"Estimation du temps de lecture":"3 minutes"},"schema":{"@context":"https:\/\/schema.org","@graph":[{"@type":"WebPage","@id":"https:\/\/blackstonegriddles.ca\/product\/leggero-pizza-oven\/","url":"https:\/\/blackstonegriddles.ca\/product\/leggero-pizza-oven\/","name":"Four \u00e0 pizza Leggero - Blackstone Griddles","isPartOf":{"@id":"https:\/\/blackstonegriddles.ca\/#website"},"primaryImageOfPage":{"@id":"https:\/\/blackstonegriddles.ca\/product\/leggero-pizza-oven\/#primaryimage"},"image":{"@id":"https:\/\/blackstonegriddles.ca\/product\/leggero-pizza-oven\/#primaryimage"},"thumbnailUrl":"https:\/\/blackstonegriddles.ca\/wp-content\/uploads\/2023\/12\/rva5qxplzycgwyajgvtn_x690@2x.jpg","datePublished":"2023-12-05T22:14:41+00:00","dateModified":"2026-04-08T18:30:33+00:00","breadcrumb":{"@id":"https:\/\/blackstonegriddles.ca\/product\/leggero-pizza-oven\/#breadcrumb"},"inLanguage":"fr-CA","potentialAction":[{"@type":"ReadAction","target":["https:\/\/blackstonegriddles.ca\/product\/leggero-pizza-oven\/"]}]},{"@type":"ImageObject","inLanguage":"fr-CA","@id":"https:\/\/blackstonegriddles.ca\/product\/leggero-pizza-oven\/#primaryimage","url":"https:\/\/blackstonegriddles.ca\/wp-content\/uploads\/2023\/12\/rva5qxplzycgwyajgvtn_x690@2x.jpg","contentUrl":"https:\/\/blackstonegriddles.ca\/wp-content\/uploads\/2023\/12\/rva5qxplzycgwyajgvtn_x690@2x.jpg","width":800,"height":800,"caption":"LEGGERO PIZZA OVEN"},{"@type":"BreadcrumbList","@id":"https:\/\/blackstonegriddles.ca\/product\/leggero-pizza-oven\/#breadcrumb","itemListElement":[{"@type":"ListItem","position":1,"name":"Home","item":"https:\/\/blackstonegriddles.ca\/"},{"@type":"ListItem","position":2,"name":"Shop","item":"https:\/\/blackstonegriddles.ca\/shop\/"},{"@type":"ListItem","position":3,"name":"Leggero Pizza Oven"}]},{"@type":"WebSite","@id":"https:\/\/blackstonegriddles.ca\/#website","url":"https:\/\/blackstonegriddles.ca\/","name":"Grils Blackstone Canada","description":"Blackstone Griddles distributeur officiel agr\u00e9\u00e9 Canada","publisher":{"@id":"https:\/\/blackstonegriddles.ca\/#organization"},"potentialAction":[{"@type":"SearchAction","target":{"@type":"EntryPoint","urlTemplate":"https:\/\/blackstonegriddles.ca\/?s={search_term_string}"},"query-input":{"@type":"PropertyValueSpecification","valueRequired":true,"valueName":"search_term_string"}}],"inLanguage":"fr-CA"},{"@type":"Organization","@id":"https:\/\/blackstonegriddles.ca\/#organization","name":"Grils Blackstone Canada","url":"https:\/\/blackstonegriddles.ca\/","logo":{"@type":"ImageObject","inLanguage":"fr-CA","@id":"https:\/\/blackstonegriddles.ca\/#\/schema\/logo\/image\/","url":"https:\/\/blackstonegriddles.ca\/wp-content\/uploads\/2025\/02\/blackstone-fire-logo.webp","contentUrl":"https:\/\/blackstonegriddles.ca\/wp-content\/uploads\/2025\/02\/blackstone-fire-logo.webp","width":53,"height":58,"caption":"Blackstone Griddles Canada"},"image":{"@id":"https:\/\/blackstonegriddles.ca\/#\/schema\/logo\/image\/"},"sameAs":["https:\/\/www.facebook.com\/blackstoneproducts\/","https:\/\/x.com\/weareblackstone","https:\/\/www.instagram.com\/blackstoneproducts\/","https:\/\/www.youtube.com\/channel\/UCr39rimir8y3p-q1iQYidVA"]}]}},"_links":{"self":[{"href":"https:\/\/blackstonegriddles.ca\/fr\/wp-json\/wp\/v2\/product\/36550","targetHints":{"allow":["GET"]}}],"collection":[{"href":"https:\/\/blackstonegriddles.ca\/fr\/wp-json\/wp\/v2\/product"}],"about":[{"href":"https:\/\/blackstonegriddles.ca\/fr\/wp-json\/wp\/v2\/types\/product"}],"wp:featuredmedia":[{"embeddable":true,"href":"https:\/\/blackstonegriddles.ca\/fr\/wp-json\/wp\/v2\/media\/36557"}],"wp:attachment":[{"href":"https:\/\/blackstonegriddles.ca\/fr\/wp-json\/wp\/v2\/media?parent=36550"}],"wp:term":[{"taxonomy":"product_brand","embeddable":true,"href":"https:\/\/blackstonegriddles.ca\/fr\/wp-json\/wp\/v2\/product_brand?post=36550"},{"taxonomy":"product_cat","embeddable":true,"href":"https:\/\/blackstonegriddles.ca\/fr\/wp-json\/wp\/v2\/product_cat?post=36550"},{"taxonomy":"product_tag","embeddable":true,"href":"https:\/\/blackstonegriddles.ca\/fr\/wp-json\/wp\/v2\/product_tag?post=36550"}],"curies":[{"name":"wp","href":"https:\/\/api.w.org\/{rel}","templated":true}]}}