{"id":37165,"date":"2024-01-10T21:03:53","date_gmt":"2024-01-10T21:03:53","guid":{"rendered":"https:\/\/blackstonegriddles.ca\/?post_type=product&#038;p=37165"},"modified":"2026-04-26T00:00:55","modified_gmt":"2026-04-26T00:00:55","slug":"iron-forged-36in-griddle-w-hood","status":"publish","type":"product","link":"https:\/\/blackstonegriddles.ca\/fr\/product\/iron-forged-36in-griddle-w-hood\/","title":{"rendered":"Station de cuisson avec gril en fer forg\u00e9 de 36 pouces avec hotte et plan de travail omnivore"},"content":{"rendered":"<ul>\n<li>Plaque de gril 36\" Omnivore<\/li>\n<li>4 br\u00fbleurs \u00e0 commande ind\u00e9pendante<\/li>\n<li>Tablette lat\u00e9rale extensible, porte-serviettes et porte-sacs \u00e0 ordures<\/li>\n<li>Crochets \u00e0 outils int\u00e9gr\u00e9s<\/li>\n<li>Syst\u00e8me d'\u00e9tag\u00e8res lat\u00e9rales et bac de rangement sur les rails<\/li>\n<li>4 roues pivotantes<\/li>\n<\/ul>\n<div class=\"row\" data-test-property=\"Bullet 1\">\n<div class=\"medium-8 columns\">\n<div class=\"product-property-value\"><\/div>\n<\/div>\n<\/div>\n<div class=\"row\" data-test-property=\"Bullet 6\">\n<div class=\"medium-8 columns\"><\/div>\n<\/div>","protected":false},"excerpt":{"rendered":"<p>Repoussez les limites du possible avec la plaque de cuisson Blackstone Iron Forged 36\" avec hotte. La plaque de gril redessin\u00e9e de 36 po est \u00e9l\u00e9gante, mais offre une performance puissante. Dot\u00e9e de la nouvelle technologie de plaque de gril Omnivore, elle vous permettra de pr\u00e9parer des repas comme jamais auparavant. Gr\u00e2ce \u00e0 la tablette lat\u00e9rale extensible et \u00e0 la personnalisation du nouveau syst\u00e8me de rails de la tablette lat\u00e9rale, il est possible d'exp\u00e9rimenter, d'innover et de construire votre station de cuisson parfaite. R\u00e9alisez la perfection pour le petit-d\u00e9jeuner, le d\u00e9jeuner et le d\u00eener gr\u00e2ce \u00e0 cette puissante plaque de cuisson.<\/p>","protected":false},"featured_media":37166,"template":"","meta":[],"product_brand":[],"product_cat":[158,154],"product_tag":[],"class_list":{"0":"post-37165","1":"product","2":"type-product","3":"status-publish","4":"has-post-thumbnail","6":"product_cat-158","7":"product_cat-griddles","8":"product_shipping_class-36-griddle","10":"first","11":"instock","12":"taxable","13":"shipping-taxable","14":"purchasable","15":"product-type-simple"},"yoast_head":"<!-- This site is optimized with the Yoast SEO plugin v27.4 - https:\/\/yoast.com\/product\/yoast-seo-wordpress\/ -->\n<title>Iron Forged 36in Griddle Cooking Station W\/Hood and Omnivore Top - Blackstone Griddles<\/title>\n<meta name=\"robots\" content=\"index, follow, max-snippet:-1, max-image-preview:large, max-video-preview:-1\" \/>\n<link rel=\"canonical\" href=\"https:\/\/blackstonegriddles.ca\/fr\/produit\/iron-forged-36in-griddle-w-hood\/\" \/>\n<meta property=\"og:locale\" content=\"fr_CA\" \/>\n<meta property=\"og:type\" content=\"article\" \/>\n<meta property=\"og:title\" content=\"Iron Forged 36in Griddle Cooking Station W\/Hood and Omnivore Top - Blackstone Griddles\" \/>\n<meta property=\"og:description\" content=\"Push the boundaries of what&#039;s possible with the Blackstone Iron Forged 36\u201d Griddle with Hood. The redesigned 36\u201d Griddle looks sleek yet provides a powerful performance. Infused with new Omnivore Griddle Plate Technology, you\u2019ll be whipping up meals like never before. With the extendable side shelf and the customization of the new side shelf rail system, there\u2019s room to experiment, innovate, and construct your perfect cooking station. Craft perfection for breakfast, lunch, and dinner with this powerhouse of a griddle.\" \/>\n<meta property=\"og:url\" content=\"https:\/\/blackstonegriddles.ca\/fr\/produit\/iron-forged-36in-griddle-w-hood\/\" \/>\n<meta property=\"og:site_name\" content=\"Blackstone Griddles\" \/>\n<meta property=\"article:publisher\" content=\"https:\/\/www.facebook.com\/blackstoneproducts\/\" \/>\n<meta property=\"article:modified_time\" content=\"2026-04-26T00:00:55+00:00\" \/>\n<meta property=\"og:image\" content=\"https:\/\/blackstonegriddles.ca\/wp-content\/uploads\/2024\/01\/2310_36IronForgedGriddlewithHood_WSQ_01.jpg\" \/>\n\t<meta property=\"og:image:width\" content=\"800\" \/>\n\t<meta property=\"og:image:height\" content=\"800\" \/>\n\t<meta property=\"og:image:type\" content=\"image\/jpeg\" \/>\n<meta name=\"twitter:card\" content=\"summary_large_image\" \/>\n<meta name=\"twitter:site\" content=\"@weareblackstone\" \/>\n<meta name=\"twitter:label1\" content=\"Estimation du temps de lecture\" \/>\n\t<meta name=\"twitter:data1\" content=\"1 minute\" \/>\n<script type=\"application\/ld+json\" class=\"yoast-schema-graph\">{\"@context\":\"https:\\\/\\\/schema.org\",\"@graph\":[{\"@type\":\"WebPage\",\"@id\":\"https:\\\/\\\/blackstonegriddles.ca\\\/product\\\/iron-forged-36in-griddle-w-hood\\\/\",\"url\":\"https:\\\/\\\/blackstonegriddles.ca\\\/product\\\/iron-forged-36in-griddle-w-hood\\\/\",\"name\":\"Iron Forged 36in Griddle Cooking Station W\\\/Hood and Omnivore Top - Blackstone Griddles\",\"isPartOf\":{\"@id\":\"https:\\\/\\\/blackstonegriddles.ca\\\/#website\"},\"primaryImageOfPage\":{\"@id\":\"https:\\\/\\\/blackstonegriddles.ca\\\/product\\\/iron-forged-36in-griddle-w-hood\\\/#primaryimage\"},\"image\":{\"@id\":\"https:\\\/\\\/blackstonegriddles.ca\\\/product\\\/iron-forged-36in-griddle-w-hood\\\/#primaryimage\"},\"thumbnailUrl\":\"https:\\\/\\\/blackstonegriddles.ca\\\/wp-content\\\/uploads\\\/2024\\\/01\\\/2310_36IronForgedGriddlewithHood_WSQ_01.jpg\",\"datePublished\":\"2024-01-10T21:03:53+00:00\",\"dateModified\":\"2026-04-26T00:00:55+00:00\",\"breadcrumb\":{\"@id\":\"https:\\\/\\\/blackstonegriddles.ca\\\/product\\\/iron-forged-36in-griddle-w-hood\\\/#breadcrumb\"},\"inLanguage\":\"fr-CA\",\"potentialAction\":[{\"@type\":\"ReadAction\",\"target\":[\"https:\\\/\\\/blackstonegriddles.ca\\\/product\\\/iron-forged-36in-griddle-w-hood\\\/\"]}]},{\"@type\":\"ImageObject\",\"inLanguage\":\"fr-CA\",\"@id\":\"https:\\\/\\\/blackstonegriddles.ca\\\/product\\\/iron-forged-36in-griddle-w-hood\\\/#primaryimage\",\"url\":\"https:\\\/\\\/blackstonegriddles.ca\\\/wp-content\\\/uploads\\\/2024\\\/01\\\/2310_36IronForgedGriddlewithHood_WSQ_01.jpg\",\"contentUrl\":\"https:\\\/\\\/blackstonegriddles.ca\\\/wp-content\\\/uploads\\\/2024\\\/01\\\/2310_36IronForgedGriddlewithHood_WSQ_01.jpg\",\"width\":800,\"height\":800,\"caption\":\"Iron Forged 36in Griddle W\\\/Hood\"},{\"@type\":\"BreadcrumbList\",\"@id\":\"https:\\\/\\\/blackstonegriddles.ca\\\/product\\\/iron-forged-36in-griddle-w-hood\\\/#breadcrumb\",\"itemListElement\":[{\"@type\":\"ListItem\",\"position\":1,\"name\":\"Home\",\"item\":\"https:\\\/\\\/blackstonegriddles.ca\\\/\"},{\"@type\":\"ListItem\",\"position\":2,\"name\":\"Shop\",\"item\":\"https:\\\/\\\/blackstonegriddles.ca\\\/shop\\\/\"},{\"@type\":\"ListItem\",\"position\":3,\"name\":\"Iron Forged 36in Griddle Cooking Station W\\\/Hood and Omnivore Top\"}]},{\"@type\":\"WebSite\",\"@id\":\"https:\\\/\\\/blackstonegriddles.ca\\\/#website\",\"url\":\"https:\\\/\\\/blackstonegriddles.ca\\\/\",\"name\":\"Blackstone Griddles Canada\",\"description\":\"Blackstone Griddles official licensed dealer Canada\",\"publisher\":{\"@id\":\"https:\\\/\\\/blackstonegriddles.ca\\\/#organization\"},\"potentialAction\":[{\"@type\":\"SearchAction\",\"target\":{\"@type\":\"EntryPoint\",\"urlTemplate\":\"https:\\\/\\\/blackstonegriddles.ca\\\/?s={search_term_string}\"},\"query-input\":{\"@type\":\"PropertyValueSpecification\",\"valueRequired\":true,\"valueName\":\"search_term_string\"}}],\"inLanguage\":\"fr-CA\"},{\"@type\":\"Organization\",\"@id\":\"https:\\\/\\\/blackstonegriddles.ca\\\/#organization\",\"name\":\"Blackstone Griddles Canada\",\"url\":\"https:\\\/\\\/blackstonegriddles.ca\\\/\",\"logo\":{\"@type\":\"ImageObject\",\"inLanguage\":\"fr-CA\",\"@id\":\"https:\\\/\\\/blackstonegriddles.ca\\\/#\\\/schema\\\/logo\\\/image\\\/\",\"url\":\"https:\\\/\\\/blackstonegriddles.ca\\\/wp-content\\\/uploads\\\/2025\\\/02\\\/blackstone-fire-logo.webp\",\"contentUrl\":\"https:\\\/\\\/blackstonegriddles.ca\\\/wp-content\\\/uploads\\\/2025\\\/02\\\/blackstone-fire-logo.webp\",\"width\":53,\"height\":58,\"caption\":\"Blackstone Griddles Canada\"},\"image\":{\"@id\":\"https:\\\/\\\/blackstonegriddles.ca\\\/#\\\/schema\\\/logo\\\/image\\\/\"},\"sameAs\":[\"https:\\\/\\\/www.facebook.com\\\/blackstoneproducts\\\/\",\"https:\\\/\\\/x.com\\\/weareblackstone\",\"https:\\\/\\\/www.instagram.com\\\/blackstoneproducts\\\/\",\"https:\\\/\\\/www.youtube.com\\\/channel\\\/UCr39rimir8y3p-q1iQYidVA\"]}]}<\/script>\n<!-- \/ Yoast SEO plugin. -->","yoast_head_json":{"title":"Station de cuisson Iron Forged 36in Griddle avec hotte et dessus Omnivore - Blackstone Griddles","robots":{"index":"index","follow":"follow","max-snippet":"max-snippet:-1","max-image-preview":"max-image-preview:large","max-video-preview":"max-video-preview:-1"},"canonical":"https:\/\/blackstonegriddles.ca\/fr\/produit\/iron-forged-36in-griddle-w-hood\/","og_locale":"fr_CA","og_type":"article","og_title":"Iron Forged 36in Griddle Cooking Station W\/Hood and Omnivore Top - Blackstone Griddles","og_description":"Push the boundaries of what's possible with the Blackstone Iron Forged 36\u201d Griddle with Hood. The redesigned 36\u201d Griddle looks sleek yet provides a powerful performance. Infused with new Omnivore Griddle Plate Technology, you\u2019ll be whipping up meals like never before. With the extendable side shelf and the customization of the new side shelf rail system, there\u2019s room to experiment, innovate, and construct your perfect cooking station. Craft perfection for breakfast, lunch, and dinner with this powerhouse of a griddle.","og_url":"https:\/\/blackstonegriddles.ca\/fr\/produit\/iron-forged-36in-griddle-w-hood\/","og_site_name":"Blackstone Griddles","article_publisher":"https:\/\/www.facebook.com\/blackstoneproducts\/","article_modified_time":"2026-04-26T00:00:55+00:00","og_image":[{"width":800,"height":800,"url":"https:\/\/blackstonegriddles.ca\/wp-content\/uploads\/2024\/01\/2310_36IronForgedGriddlewithHood_WSQ_01.jpg","type":"image\/jpeg"}],"twitter_card":"summary_large_image","twitter_site":"@weareblackstone","twitter_misc":{"Estimation du temps de lecture":"1 minute"},"schema":{"@context":"https:\/\/schema.org","@graph":[{"@type":"WebPage","@id":"https:\/\/blackstonegriddles.ca\/product\/iron-forged-36in-griddle-w-hood\/","url":"https:\/\/blackstonegriddles.ca\/product\/iron-forged-36in-griddle-w-hood\/","name":"Station de cuisson Iron Forged 36in Griddle avec hotte et dessus Omnivore - Blackstone Griddles","isPartOf":{"@id":"https:\/\/blackstonegriddles.ca\/#website"},"primaryImageOfPage":{"@id":"https:\/\/blackstonegriddles.ca\/product\/iron-forged-36in-griddle-w-hood\/#primaryimage"},"image":{"@id":"https:\/\/blackstonegriddles.ca\/product\/iron-forged-36in-griddle-w-hood\/#primaryimage"},"thumbnailUrl":"https:\/\/blackstonegriddles.ca\/wp-content\/uploads\/2024\/01\/2310_36IronForgedGriddlewithHood_WSQ_01.jpg","datePublished":"2024-01-10T21:03:53+00:00","dateModified":"2026-04-26T00:00:55+00:00","breadcrumb":{"@id":"https:\/\/blackstonegriddles.ca\/product\/iron-forged-36in-griddle-w-hood\/#breadcrumb"},"inLanguage":"fr-CA","potentialAction":[{"@type":"ReadAction","target":["https:\/\/blackstonegriddles.ca\/product\/iron-forged-36in-griddle-w-hood\/"]}]},{"@type":"ImageObject","inLanguage":"fr-CA","@id":"https:\/\/blackstonegriddles.ca\/product\/iron-forged-36in-griddle-w-hood\/#primaryimage","url":"https:\/\/blackstonegriddles.ca\/wp-content\/uploads\/2024\/01\/2310_36IronForgedGriddlewithHood_WSQ_01.jpg","contentUrl":"https:\/\/blackstonegriddles.ca\/wp-content\/uploads\/2024\/01\/2310_36IronForgedGriddlewithHood_WSQ_01.jpg","width":800,"height":800,"caption":"Iron Forged 36in Griddle W\/Hood"},{"@type":"BreadcrumbList","@id":"https:\/\/blackstonegriddles.ca\/product\/iron-forged-36in-griddle-w-hood\/#breadcrumb","itemListElement":[{"@type":"ListItem","position":1,"name":"Home","item":"https:\/\/blackstonegriddles.ca\/"},{"@type":"ListItem","position":2,"name":"Shop","item":"https:\/\/blackstonegriddles.ca\/shop\/"},{"@type":"ListItem","position":3,"name":"Iron Forged 36in Griddle Cooking Station W\/Hood and Omnivore Top"}]},{"@type":"WebSite","@id":"https:\/\/blackstonegriddles.ca\/#website","url":"https:\/\/blackstonegriddles.ca\/","name":"Grils Blackstone Canada","description":"Blackstone Griddles distributeur officiel agr\u00e9\u00e9 Canada","publisher":{"@id":"https:\/\/blackstonegriddles.ca\/#organization"},"potentialAction":[{"@type":"SearchAction","target":{"@type":"EntryPoint","urlTemplate":"https:\/\/blackstonegriddles.ca\/?s={search_term_string}"},"query-input":{"@type":"PropertyValueSpecification","valueRequired":true,"valueName":"search_term_string"}}],"inLanguage":"fr-CA"},{"@type":"Organization","@id":"https:\/\/blackstonegriddles.ca\/#organization","name":"Grils Blackstone Canada","url":"https:\/\/blackstonegriddles.ca\/","logo":{"@type":"ImageObject","inLanguage":"fr-CA","@id":"https:\/\/blackstonegriddles.ca\/#\/schema\/logo\/image\/","url":"https:\/\/blackstonegriddles.ca\/wp-content\/uploads\/2025\/02\/blackstone-fire-logo.webp","contentUrl":"https:\/\/blackstonegriddles.ca\/wp-content\/uploads\/2025\/02\/blackstone-fire-logo.webp","width":53,"height":58,"caption":"Blackstone Griddles Canada"},"image":{"@id":"https:\/\/blackstonegriddles.ca\/#\/schema\/logo\/image\/"},"sameAs":["https:\/\/www.facebook.com\/blackstoneproducts\/","https:\/\/x.com\/weareblackstone","https:\/\/www.instagram.com\/blackstoneproducts\/","https:\/\/www.youtube.com\/channel\/UCr39rimir8y3p-q1iQYidVA"]}]}},"_links":{"self":[{"href":"https:\/\/blackstonegriddles.ca\/fr\/wp-json\/wp\/v2\/product\/37165","targetHints":{"allow":["GET"]}}],"collection":[{"href":"https:\/\/blackstonegriddles.ca\/fr\/wp-json\/wp\/v2\/product"}],"about":[{"href":"https:\/\/blackstonegriddles.ca\/fr\/wp-json\/wp\/v2\/types\/product"}],"wp:featuredmedia":[{"embeddable":true,"href":"https:\/\/blackstonegriddles.ca\/fr\/wp-json\/wp\/v2\/media\/37166"}],"wp:attachment":[{"href":"https:\/\/blackstonegriddles.ca\/fr\/wp-json\/wp\/v2\/media?parent=37165"}],"wp:term":[{"taxonomy":"product_brand","embeddable":true,"href":"https:\/\/blackstonegriddles.ca\/fr\/wp-json\/wp\/v2\/product_brand?post=37165"},{"taxonomy":"product_cat","embeddable":true,"href":"https:\/\/blackstonegriddles.ca\/fr\/wp-json\/wp\/v2\/product_cat?post=37165"},{"taxonomy":"product_tag","embeddable":true,"href":"https:\/\/blackstonegriddles.ca\/fr\/wp-json\/wp\/v2\/product_tag?post=37165"}],"curies":[{"name":"wp","href":"https:\/\/api.w.org\/{rel}","templated":true}]}}