{"id":37172,"date":"2024-01-10T21:11:35","date_gmt":"2024-01-10T21:11:35","guid":{"rendered":"https:\/\/blackstonegriddles.ca\/?post_type=product&#038;p=37172"},"modified":"2026-04-16T13:00:52","modified_gmt":"2026-04-16T13:00:52","slug":"iron-forged-28in-griddle-cooking-station-w-hood","status":"publish","type":"product","link":"https:\/\/blackstonegriddles.ca\/fr\/product\/iron-forged-28in-griddle-cooking-station-w-hood\/","title":{"rendered":"Station de cuisson pour gril en fer forg\u00e9 de 28 pouces avec hotte et plan de travail omnivore"},"content":{"rendered":"<ul>\n<li>Plaque de gril 28\" Omnivore<\/li>\n<li><span data-olk-copy-source=\"MessageBody\">24 000 btus<\/span><\/li>\n<li>2 br\u00fbleurs \u00e0 commande ind\u00e9pendante<\/li>\n<li>Tablettes lat\u00e9rales fixes<\/li>\n<li>Syst\u00e8me d'\u00e9tag\u00e8res lat\u00e9rales avec bac de rangement<\/li>\n<li>Crochets \u00e0 outils int\u00e9gr\u00e9s<\/li>\n<\/ul>","protected":false},"excerpt":{"rendered":"<p>Ravivez votre passion pour la cuisine en plein air et lib\u00e9rez votre potentiel culinaire avec la station de cuisson Blackstone Iron Forged 28\" Griddle avec hotte. La nouvelle conception robuste assure la durabilit\u00e9 et l'efficacit\u00e9 in\u00e9gal\u00e9e des deux br\u00fbleurs \u00e0 commande ind\u00e9pendante qui chauffent la plaque de gril Omnivore de 28\". Profitez de la polyvalence de cette plaque pour pr\u00e9parer des petits d\u00e9jeuners copieux ou des saut\u00e9s savoureux.<\/p>","protected":false},"featured_media":37177,"template":"","meta":[],"product_brand":[],"product_cat":[157,154],"product_tag":[],"class_list":{"0":"post-37172","1":"product","2":"type-product","3":"status-publish","4":"has-post-thumbnail","6":"product_cat-157","7":"product_cat-griddles","8":"product_shipping_class-140","10":"first","11":"instock","12":"taxable","13":"shipping-taxable","14":"purchasable","15":"product-type-simple"},"yoast_head":"<!-- This site is optimized with the Yoast SEO plugin v27.4 - https:\/\/yoast.com\/product\/yoast-seo-wordpress\/ -->\n<title>Iron Forged 28in Griddle Cooking Station W\/Hood and Omnivore Top - Blackstone Griddles<\/title>\n<meta name=\"robots\" content=\"index, follow, max-snippet:-1, max-image-preview:large, max-video-preview:-1\" \/>\n<link rel=\"canonical\" href=\"https:\/\/blackstonegriddles.ca\/fr\/produit\/iron-forged-28in-griddle-cooking-station-w-hood\/\" \/>\n<meta property=\"og:locale\" content=\"fr_CA\" \/>\n<meta property=\"og:type\" content=\"article\" \/>\n<meta property=\"og:title\" content=\"Iron Forged 28in Griddle Cooking Station W\/Hood and Omnivore Top - Blackstone Griddles\" \/>\n<meta property=\"og:description\" content=\"Reignite your passion for outdoor cooking and unleash your culinary potential with the Blackstone Iron Forged 28\u201d Griddle Cooking Station with Hood. The new rugged design ensures durability and unmatched efficiency as two independently controlled burners heat the 28\u201d Omnivore griddle plate. Take advantage of the versatility this flat top provides by making anything from hearty breakfasts to savory stir-fries.\" \/>\n<meta property=\"og:url\" content=\"https:\/\/blackstonegriddles.ca\/fr\/produit\/iron-forged-28in-griddle-cooking-station-w-hood\/\" \/>\n<meta property=\"og:site_name\" content=\"Blackstone Griddles\" \/>\n<meta property=\"article:publisher\" content=\"https:\/\/www.facebook.com\/blackstoneproducts\/\" \/>\n<meta property=\"article:modified_time\" content=\"2026-04-16T13:00:52+00:00\" \/>\n<meta property=\"og:image\" content=\"https:\/\/blackstonegriddles.ca\/wp-content\/uploads\/2024\/01\/2311_28IronForgedwHood_01.jpg\" \/>\n\t<meta property=\"og:image:width\" content=\"800\" \/>\n\t<meta property=\"og:image:height\" content=\"800\" \/>\n\t<meta property=\"og:image:type\" content=\"image\/jpeg\" \/>\n<meta name=\"twitter:card\" content=\"summary_large_image\" \/>\n<meta name=\"twitter:site\" content=\"@weareblackstone\" \/>\n<meta name=\"twitter:label1\" content=\"Estimation du temps de lecture\" \/>\n\t<meta name=\"twitter:data1\" content=\"1 minute\" \/>\n<script type=\"application\/ld+json\" class=\"yoast-schema-graph\">{\"@context\":\"https:\\\/\\\/schema.org\",\"@graph\":[{\"@type\":\"WebPage\",\"@id\":\"https:\\\/\\\/blackstonegriddles.ca\\\/product\\\/iron-forged-28in-griddle-cooking-station-w-hood\\\/\",\"url\":\"https:\\\/\\\/blackstonegriddles.ca\\\/product\\\/iron-forged-28in-griddle-cooking-station-w-hood\\\/\",\"name\":\"Iron Forged 28in Griddle Cooking Station W\\\/Hood and Omnivore Top - Blackstone Griddles\",\"isPartOf\":{\"@id\":\"https:\\\/\\\/blackstonegriddles.ca\\\/#website\"},\"primaryImageOfPage\":{\"@id\":\"https:\\\/\\\/blackstonegriddles.ca\\\/product\\\/iron-forged-28in-griddle-cooking-station-w-hood\\\/#primaryimage\"},\"image\":{\"@id\":\"https:\\\/\\\/blackstonegriddles.ca\\\/product\\\/iron-forged-28in-griddle-cooking-station-w-hood\\\/#primaryimage\"},\"thumbnailUrl\":\"https:\\\/\\\/blackstonegriddles.ca\\\/wp-content\\\/uploads\\\/2024\\\/01\\\/2311_28IronForgedwHood_01.jpg\",\"datePublished\":\"2024-01-10T21:11:35+00:00\",\"dateModified\":\"2026-04-16T13:00:52+00:00\",\"breadcrumb\":{\"@id\":\"https:\\\/\\\/blackstonegriddles.ca\\\/product\\\/iron-forged-28in-griddle-cooking-station-w-hood\\\/#breadcrumb\"},\"inLanguage\":\"fr-CA\",\"potentialAction\":[{\"@type\":\"ReadAction\",\"target\":[\"https:\\\/\\\/blackstonegriddles.ca\\\/product\\\/iron-forged-28in-griddle-cooking-station-w-hood\\\/\"]}]},{\"@type\":\"ImageObject\",\"inLanguage\":\"fr-CA\",\"@id\":\"https:\\\/\\\/blackstonegriddles.ca\\\/product\\\/iron-forged-28in-griddle-cooking-station-w-hood\\\/#primaryimage\",\"url\":\"https:\\\/\\\/blackstonegriddles.ca\\\/wp-content\\\/uploads\\\/2024\\\/01\\\/2311_28IronForgedwHood_01.jpg\",\"contentUrl\":\"https:\\\/\\\/blackstonegriddles.ca\\\/wp-content\\\/uploads\\\/2024\\\/01\\\/2311_28IronForgedwHood_01.jpg\",\"width\":800,\"height\":800,\"caption\":\"Iron Forged 28in Griddle Cooking Station W\\\/Hood\"},{\"@type\":\"BreadcrumbList\",\"@id\":\"https:\\\/\\\/blackstonegriddles.ca\\\/product\\\/iron-forged-28in-griddle-cooking-station-w-hood\\\/#breadcrumb\",\"itemListElement\":[{\"@type\":\"ListItem\",\"position\":1,\"name\":\"Home\",\"item\":\"https:\\\/\\\/blackstonegriddles.ca\\\/\"},{\"@type\":\"ListItem\",\"position\":2,\"name\":\"Shop\",\"item\":\"https:\\\/\\\/blackstonegriddles.ca\\\/shop\\\/\"},{\"@type\":\"ListItem\",\"position\":3,\"name\":\"Iron Forged 28in Griddle Cooking Station W\\\/Hood and Omnivore Top\"}]},{\"@type\":\"WebSite\",\"@id\":\"https:\\\/\\\/blackstonegriddles.ca\\\/#website\",\"url\":\"https:\\\/\\\/blackstonegriddles.ca\\\/\",\"name\":\"Blackstone Griddles Canada\",\"description\":\"Blackstone Griddles official licensed dealer Canada\",\"publisher\":{\"@id\":\"https:\\\/\\\/blackstonegriddles.ca\\\/#organization\"},\"potentialAction\":[{\"@type\":\"SearchAction\",\"target\":{\"@type\":\"EntryPoint\",\"urlTemplate\":\"https:\\\/\\\/blackstonegriddles.ca\\\/?s={search_term_string}\"},\"query-input\":{\"@type\":\"PropertyValueSpecification\",\"valueRequired\":true,\"valueName\":\"search_term_string\"}}],\"inLanguage\":\"fr-CA\"},{\"@type\":\"Organization\",\"@id\":\"https:\\\/\\\/blackstonegriddles.ca\\\/#organization\",\"name\":\"Blackstone Griddles Canada\",\"url\":\"https:\\\/\\\/blackstonegriddles.ca\\\/\",\"logo\":{\"@type\":\"ImageObject\",\"inLanguage\":\"fr-CA\",\"@id\":\"https:\\\/\\\/blackstonegriddles.ca\\\/#\\\/schema\\\/logo\\\/image\\\/\",\"url\":\"https:\\\/\\\/blackstonegriddles.ca\\\/wp-content\\\/uploads\\\/2025\\\/02\\\/blackstone-fire-logo.webp\",\"contentUrl\":\"https:\\\/\\\/blackstonegriddles.ca\\\/wp-content\\\/uploads\\\/2025\\\/02\\\/blackstone-fire-logo.webp\",\"width\":53,\"height\":58,\"caption\":\"Blackstone Griddles Canada\"},\"image\":{\"@id\":\"https:\\\/\\\/blackstonegriddles.ca\\\/#\\\/schema\\\/logo\\\/image\\\/\"},\"sameAs\":[\"https:\\\/\\\/www.facebook.com\\\/blackstoneproducts\\\/\",\"https:\\\/\\\/x.com\\\/weareblackstone\",\"https:\\\/\\\/www.instagram.com\\\/blackstoneproducts\\\/\",\"https:\\\/\\\/www.youtube.com\\\/channel\\\/UCr39rimir8y3p-q1iQYidVA\"]}]}<\/script>\n<!-- \/ Yoast SEO plugin. -->","yoast_head_json":{"title":"Station de cuisson Iron Forged 28in Griddle avec hotte et plateau Omnivore - Blackstone Griddles","robots":{"index":"index","follow":"follow","max-snippet":"max-snippet:-1","max-image-preview":"max-image-preview:large","max-video-preview":"max-video-preview:-1"},"canonical":"https:\/\/blackstonegriddles.ca\/fr\/produit\/iron-forged-28in-griddle-cooking-station-w-hood\/","og_locale":"fr_CA","og_type":"article","og_title":"Iron Forged 28in Griddle Cooking Station W\/Hood and Omnivore Top - Blackstone Griddles","og_description":"Reignite your passion for outdoor cooking and unleash your culinary potential with the Blackstone Iron Forged 28\u201d Griddle Cooking Station with Hood. The new rugged design ensures durability and unmatched efficiency as two independently controlled burners heat the 28\u201d Omnivore griddle plate. Take advantage of the versatility this flat top provides by making anything from hearty breakfasts to savory stir-fries.","og_url":"https:\/\/blackstonegriddles.ca\/fr\/produit\/iron-forged-28in-griddle-cooking-station-w-hood\/","og_site_name":"Blackstone Griddles","article_publisher":"https:\/\/www.facebook.com\/blackstoneproducts\/","article_modified_time":"2026-04-16T13:00:52+00:00","og_image":[{"width":800,"height":800,"url":"https:\/\/blackstonegriddles.ca\/wp-content\/uploads\/2024\/01\/2311_28IronForgedwHood_01.jpg","type":"image\/jpeg"}],"twitter_card":"summary_large_image","twitter_site":"@weareblackstone","twitter_misc":{"Estimation du temps de lecture":"1 minute"},"schema":{"@context":"https:\/\/schema.org","@graph":[{"@type":"WebPage","@id":"https:\/\/blackstonegriddles.ca\/product\/iron-forged-28in-griddle-cooking-station-w-hood\/","url":"https:\/\/blackstonegriddles.ca\/product\/iron-forged-28in-griddle-cooking-station-w-hood\/","name":"Station de cuisson Iron Forged 28in Griddle avec hotte et plateau Omnivore - Blackstone Griddles","isPartOf":{"@id":"https:\/\/blackstonegriddles.ca\/#website"},"primaryImageOfPage":{"@id":"https:\/\/blackstonegriddles.ca\/product\/iron-forged-28in-griddle-cooking-station-w-hood\/#primaryimage"},"image":{"@id":"https:\/\/blackstonegriddles.ca\/product\/iron-forged-28in-griddle-cooking-station-w-hood\/#primaryimage"},"thumbnailUrl":"https:\/\/blackstonegriddles.ca\/wp-content\/uploads\/2024\/01\/2311_28IronForgedwHood_01.jpg","datePublished":"2024-01-10T21:11:35+00:00","dateModified":"2026-04-16T13:00:52+00:00","breadcrumb":{"@id":"https:\/\/blackstonegriddles.ca\/product\/iron-forged-28in-griddle-cooking-station-w-hood\/#breadcrumb"},"inLanguage":"fr-CA","potentialAction":[{"@type":"ReadAction","target":["https:\/\/blackstonegriddles.ca\/product\/iron-forged-28in-griddle-cooking-station-w-hood\/"]}]},{"@type":"ImageObject","inLanguage":"fr-CA","@id":"https:\/\/blackstonegriddles.ca\/product\/iron-forged-28in-griddle-cooking-station-w-hood\/#primaryimage","url":"https:\/\/blackstonegriddles.ca\/wp-content\/uploads\/2024\/01\/2311_28IronForgedwHood_01.jpg","contentUrl":"https:\/\/blackstonegriddles.ca\/wp-content\/uploads\/2024\/01\/2311_28IronForgedwHood_01.jpg","width":800,"height":800,"caption":"Iron Forged 28in Griddle Cooking Station W\/Hood"},{"@type":"BreadcrumbList","@id":"https:\/\/blackstonegriddles.ca\/product\/iron-forged-28in-griddle-cooking-station-w-hood\/#breadcrumb","itemListElement":[{"@type":"ListItem","position":1,"name":"Home","item":"https:\/\/blackstonegriddles.ca\/"},{"@type":"ListItem","position":2,"name":"Shop","item":"https:\/\/blackstonegriddles.ca\/shop\/"},{"@type":"ListItem","position":3,"name":"Iron Forged 28in Griddle Cooking Station W\/Hood and Omnivore Top"}]},{"@type":"WebSite","@id":"https:\/\/blackstonegriddles.ca\/#website","url":"https:\/\/blackstonegriddles.ca\/","name":"Grils Blackstone Canada","description":"Blackstone Griddles distributeur officiel agr\u00e9\u00e9 Canada","publisher":{"@id":"https:\/\/blackstonegriddles.ca\/#organization"},"potentialAction":[{"@type":"SearchAction","target":{"@type":"EntryPoint","urlTemplate":"https:\/\/blackstonegriddles.ca\/?s={search_term_string}"},"query-input":{"@type":"PropertyValueSpecification","valueRequired":true,"valueName":"search_term_string"}}],"inLanguage":"fr-CA"},{"@type":"Organization","@id":"https:\/\/blackstonegriddles.ca\/#organization","name":"Grils Blackstone Canada","url":"https:\/\/blackstonegriddles.ca\/","logo":{"@type":"ImageObject","inLanguage":"fr-CA","@id":"https:\/\/blackstonegriddles.ca\/#\/schema\/logo\/image\/","url":"https:\/\/blackstonegriddles.ca\/wp-content\/uploads\/2025\/02\/blackstone-fire-logo.webp","contentUrl":"https:\/\/blackstonegriddles.ca\/wp-content\/uploads\/2025\/02\/blackstone-fire-logo.webp","width":53,"height":58,"caption":"Blackstone Griddles Canada"},"image":{"@id":"https:\/\/blackstonegriddles.ca\/#\/schema\/logo\/image\/"},"sameAs":["https:\/\/www.facebook.com\/blackstoneproducts\/","https:\/\/x.com\/weareblackstone","https:\/\/www.instagram.com\/blackstoneproducts\/","https:\/\/www.youtube.com\/channel\/UCr39rimir8y3p-q1iQYidVA"]}]}},"_links":{"self":[{"href":"https:\/\/blackstonegriddles.ca\/fr\/wp-json\/wp\/v2\/product\/37172","targetHints":{"allow":["GET"]}}],"collection":[{"href":"https:\/\/blackstonegriddles.ca\/fr\/wp-json\/wp\/v2\/product"}],"about":[{"href":"https:\/\/blackstonegriddles.ca\/fr\/wp-json\/wp\/v2\/types\/product"}],"wp:featuredmedia":[{"embeddable":true,"href":"https:\/\/blackstonegriddles.ca\/fr\/wp-json\/wp\/v2\/media\/37177"}],"wp:attachment":[{"href":"https:\/\/blackstonegriddles.ca\/fr\/wp-json\/wp\/v2\/media?parent=37172"}],"wp:term":[{"taxonomy":"product_brand","embeddable":true,"href":"https:\/\/blackstonegriddles.ca\/fr\/wp-json\/wp\/v2\/product_brand?post=37172"},{"taxonomy":"product_cat","embeddable":true,"href":"https:\/\/blackstonegriddles.ca\/fr\/wp-json\/wp\/v2\/product_cat?post=37172"},{"taxonomy":"product_tag","embeddable":true,"href":"https:\/\/blackstonegriddles.ca\/fr\/wp-json\/wp\/v2\/product_tag?post=37172"}],"curies":[{"name":"wp","href":"https:\/\/api.w.org\/{rel}","templated":true}]}}