{"id":37260,"date":"2024-01-22T15:44:22","date_gmt":"2024-01-22T15:44:22","guid":{"rendered":"https:\/\/blackstonegriddles.ca\/?post_type=product&#038;p=37260"},"modified":"2026-04-20T01:46:09","modified_gmt":"2026-04-20T01:46:09","slug":"28-omnivore-top-edition-limitee-bundle","status":"publish","type":"product","link":"https:\/\/blackstonegriddles.ca\/fr\/product\/28-omnivore-top-limited-edition-bundle\/","title":{"rendered":"28\u2033 Omnivore Top - Limited Edition Bundle"},"content":{"rendered":"<ul>\n<li>Plaque de gril 28\" Omnivore<\/li>\n<li>2 br\u00fbleurs \u00e0 commande ind\u00e9pendante<\/li>\n<li>Syst\u00e8me brevet\u00e9 de gestion de la graisse \u00e0 l'arri\u00e8re<\/li>\n<li>2 spatules en acier inoxydable rev\u00eatues de nitrate de titane en \u00e9dition limit\u00e9e.<\/li>\n<li>Housse souple en polyester 600 D avec coutures renforc\u00e9es et sangles r\u00e9glables<\/li>\n<\/ul>","protected":false},"excerpt":{"rendered":"<p>Pr\u00e9parez-vous \u00e0 la saison de la cuisine en plein air avec l'ensemble Blackstone 28\" Griddle Omnivore Limited-Edition Bundle. Ce mod\u00e8le en \u00e9dition limit\u00e9e est dot\u00e9 de notre plaque de gril Omnivore hautement efficace, de deux br\u00fbleurs \u00e0 commande ind\u00e9pendante et d'un syst\u00e8me de rails pour accessoires. Cet ensemble comprend deux spatules en acier inoxydable rev\u00eatues de nitrure de titane, qui conf\u00e8rent \u00e0 ces outils de cuisson durables un aspect \u00e9l\u00e9gant et indispensable. L'ensemble est compl\u00e9t\u00e9 par une housse souple durable. Fabriqu\u00e9e en polyester 600 D, cette housse prot\u00e9gera votre plancha des intemp\u00e9ries et la gardera pr\u00eate pour votre prochaine cuisson. Ce kit contient tout ce dont vous avez besoin pour \u00e9pater vos amis et votre famille avec tous leurs plats pr\u00e9f\u00e9r\u00e9s !<\/p>","protected":false},"featured_media":37261,"template":"","meta":[],"product_brand":[],"product_cat":[157,154],"product_tag":[235],"class_list":{"0":"post-37260","1":"product","2":"type-product","3":"status-publish","4":"has-post-thumbnail","6":"product_cat-157","7":"product_cat-griddles","8":"product_tag-griddle-week","9":"product_shipping_class-140","11":"first","12":"instock","13":"sale","14":"taxable","15":"shipping-taxable","16":"purchasable","17":"product-type-simple"},"yoast_head":"<!-- This site is optimized with the Yoast SEO plugin v27.4 - https:\/\/yoast.com\/product\/yoast-seo-wordpress\/ -->\n<title>28&quot; Omnivore Top - Limited Edition Bundle - Blackstone Griddles<\/title>\n<meta name=\"description\" content=\"This limited-edition design features our highly efficient Omnivore griddle plate, two independently controlled burners, and the accessory rail system.\" \/>\n<meta name=\"robots\" content=\"index, follow, max-snippet:-1, max-image-preview:large, max-video-preview:-1\" \/>\n<link rel=\"canonical\" href=\"https:\/\/blackstonegriddles.ca\/fr\/produit\/28-omnivore-top-edition-limitee-bundle\/\" \/>\n<meta property=\"og:locale\" content=\"fr_CA\" \/>\n<meta property=\"og:type\" content=\"article\" \/>\n<meta property=\"og:title\" content=\"28&quot; Omnivore Top - Limited Edition Bundle - Blackstone Griddles\" \/>\n<meta property=\"og:description\" content=\"This limited-edition design features our highly efficient Omnivore griddle plate, two independently controlled burners, and the accessory rail system.\" \/>\n<meta property=\"og:url\" content=\"https:\/\/blackstonegriddles.ca\/fr\/produit\/28-omnivore-top-edition-limitee-bundle\/\" \/>\n<meta property=\"og:site_name\" content=\"Blackstone Griddles\" \/>\n<meta property=\"article:publisher\" content=\"https:\/\/www.facebook.com\/blackstoneproducts\/\" \/>\n<meta property=\"article:modified_time\" content=\"2026-04-20T01:46:09+00:00\" \/>\n<meta property=\"og:image\" content=\"https:\/\/blackstonegriddles.ca\/wp-content\/uploads\/2024\/01\/2351_28GriddleNGW_WSQ_01_Main.jpg\" \/>\n\t<meta property=\"og:image:width\" content=\"800\" \/>\n\t<meta property=\"og:image:height\" content=\"800\" \/>\n\t<meta property=\"og:image:type\" content=\"image\/jpeg\" \/>\n<meta name=\"twitter:card\" content=\"summary_large_image\" \/>\n<meta name=\"twitter:site\" content=\"@weareblackstone\" \/>\n<meta name=\"twitter:label1\" content=\"Estimation du temps de lecture\" \/>\n\t<meta name=\"twitter:data1\" content=\"1 minute\" \/>\n<script type=\"application\/ld+json\" class=\"yoast-schema-graph\">{\"@context\":\"https:\\\/\\\/schema.org\",\"@graph\":[{\"@type\":\"WebPage\",\"@id\":\"https:\\\/\\\/blackstonegriddles.ca\\\/product\\\/28-omnivore-top-limited-edition-bundle\\\/\",\"url\":\"https:\\\/\\\/blackstonegriddles.ca\\\/product\\\/28-omnivore-top-limited-edition-bundle\\\/\",\"name\":\"28\\\" Omnivore Top - Limited Edition Bundle - Blackstone Griddles\",\"isPartOf\":{\"@id\":\"https:\\\/\\\/blackstonegriddles.ca\\\/#website\"},\"primaryImageOfPage\":{\"@id\":\"https:\\\/\\\/blackstonegriddles.ca\\\/product\\\/28-omnivore-top-limited-edition-bundle\\\/#primaryimage\"},\"image\":{\"@id\":\"https:\\\/\\\/blackstonegriddles.ca\\\/product\\\/28-omnivore-top-limited-edition-bundle\\\/#primaryimage\"},\"thumbnailUrl\":\"https:\\\/\\\/blackstonegriddles.ca\\\/wp-content\\\/uploads\\\/2024\\\/01\\\/2351_28GriddleNGW_WSQ_01_Main.jpg\",\"datePublished\":\"2024-01-22T15:44:22+00:00\",\"dateModified\":\"2026-04-20T01:46:09+00:00\",\"description\":\"This limited-edition design features our highly efficient Omnivore griddle plate, two independently controlled burners, and the accessory rail system.\",\"breadcrumb\":{\"@id\":\"https:\\\/\\\/blackstonegriddles.ca\\\/product\\\/28-omnivore-top-limited-edition-bundle\\\/#breadcrumb\"},\"inLanguage\":\"fr-CA\",\"potentialAction\":[{\"@type\":\"ReadAction\",\"target\":[\"https:\\\/\\\/blackstonegriddles.ca\\\/product\\\/28-omnivore-top-limited-edition-bundle\\\/\"]}]},{\"@type\":\"ImageObject\",\"inLanguage\":\"fr-CA\",\"@id\":\"https:\\\/\\\/blackstonegriddles.ca\\\/product\\\/28-omnivore-top-limited-edition-bundle\\\/#primaryimage\",\"url\":\"https:\\\/\\\/blackstonegriddles.ca\\\/wp-content\\\/uploads\\\/2024\\\/01\\\/2351_28GriddleNGW_WSQ_01_Main.jpg\",\"contentUrl\":\"https:\\\/\\\/blackstonegriddles.ca\\\/wp-content\\\/uploads\\\/2024\\\/01\\\/2351_28GriddleNGW_WSQ_01_Main.jpg\",\"width\":800,\"height\":800,\"caption\":\"28in Omnivore Limited Edition Bundle\"},{\"@type\":\"BreadcrumbList\",\"@id\":\"https:\\\/\\\/blackstonegriddles.ca\\\/product\\\/28-omnivore-top-limited-edition-bundle\\\/#breadcrumb\",\"itemListElement\":[{\"@type\":\"ListItem\",\"position\":1,\"name\":\"Home\",\"item\":\"https:\\\/\\\/blackstonegriddles.ca\\\/\"},{\"@type\":\"ListItem\",\"position\":2,\"name\":\"Shop\",\"item\":\"https:\\\/\\\/blackstonegriddles.ca\\\/shop\\\/\"},{\"@type\":\"ListItem\",\"position\":3,\"name\":\"28&#8243; Omnivore Top &#8211; Limited Edition Bundle\"}]},{\"@type\":\"WebSite\",\"@id\":\"https:\\\/\\\/blackstonegriddles.ca\\\/#website\",\"url\":\"https:\\\/\\\/blackstonegriddles.ca\\\/\",\"name\":\"Blackstone Griddles Canada\",\"description\":\"Blackstone Griddles official licensed dealer Canada\",\"publisher\":{\"@id\":\"https:\\\/\\\/blackstonegriddles.ca\\\/#organization\"},\"potentialAction\":[{\"@type\":\"SearchAction\",\"target\":{\"@type\":\"EntryPoint\",\"urlTemplate\":\"https:\\\/\\\/blackstonegriddles.ca\\\/?s={search_term_string}\"},\"query-input\":{\"@type\":\"PropertyValueSpecification\",\"valueRequired\":true,\"valueName\":\"search_term_string\"}}],\"inLanguage\":\"fr-CA\"},{\"@type\":\"Organization\",\"@id\":\"https:\\\/\\\/blackstonegriddles.ca\\\/#organization\",\"name\":\"Blackstone Griddles Canada\",\"url\":\"https:\\\/\\\/blackstonegriddles.ca\\\/\",\"logo\":{\"@type\":\"ImageObject\",\"inLanguage\":\"fr-CA\",\"@id\":\"https:\\\/\\\/blackstonegriddles.ca\\\/#\\\/schema\\\/logo\\\/image\\\/\",\"url\":\"https:\\\/\\\/blackstonegriddles.ca\\\/wp-content\\\/uploads\\\/2025\\\/02\\\/blackstone-fire-logo.webp\",\"contentUrl\":\"https:\\\/\\\/blackstonegriddles.ca\\\/wp-content\\\/uploads\\\/2025\\\/02\\\/blackstone-fire-logo.webp\",\"width\":53,\"height\":58,\"caption\":\"Blackstone Griddles Canada\"},\"image\":{\"@id\":\"https:\\\/\\\/blackstonegriddles.ca\\\/#\\\/schema\\\/logo\\\/image\\\/\"},\"sameAs\":[\"https:\\\/\\\/www.facebook.com\\\/blackstoneproducts\\\/\",\"https:\\\/\\\/x.com\\\/weareblackstone\",\"https:\\\/\\\/www.instagram.com\\\/blackstoneproducts\\\/\",\"https:\\\/\\\/www.youtube.com\\\/channel\\\/UCr39rimir8y3p-q1iQYidVA\"]}]}<\/script>\n<!-- \/ Yoast SEO plugin. -->","yoast_head_json":{"title":"28\" Omnivore Top - Limited Edition Bundle - Blackstone Griddles","description":"Ce mod\u00e8le en \u00e9dition limit\u00e9e est dot\u00e9 de notre plaque de cuisson Omnivore hautement efficace, de deux br\u00fbleurs \u00e0 commande ind\u00e9pendante et du syst\u00e8me de rails porte-accessoires.","robots":{"index":"index","follow":"follow","max-snippet":"max-snippet:-1","max-image-preview":"max-image-preview:large","max-video-preview":"max-video-preview:-1"},"canonical":"https:\/\/blackstonegriddles.ca\/fr\/produit\/28-omnivore-top-edition-limitee-bundle\/","og_locale":"fr_CA","og_type":"article","og_title":"28\" Omnivore Top - Limited Edition Bundle - Blackstone Griddles","og_description":"This limited-edition design features our highly efficient Omnivore griddle plate, two independently controlled burners, and the accessory rail system.","og_url":"https:\/\/blackstonegriddles.ca\/fr\/produit\/28-omnivore-top-edition-limitee-bundle\/","og_site_name":"Blackstone Griddles","article_publisher":"https:\/\/www.facebook.com\/blackstoneproducts\/","article_modified_time":"2026-04-20T01:46:09+00:00","og_image":[{"width":800,"height":800,"url":"https:\/\/blackstonegriddles.ca\/wp-content\/uploads\/2024\/01\/2351_28GriddleNGW_WSQ_01_Main.jpg","type":"image\/jpeg"}],"twitter_card":"summary_large_image","twitter_site":"@weareblackstone","twitter_misc":{"Estimation du temps de lecture":"1 minute"},"schema":{"@context":"https:\/\/schema.org","@graph":[{"@type":"WebPage","@id":"https:\/\/blackstonegriddles.ca\/product\/28-omnivore-top-limited-edition-bundle\/","url":"https:\/\/blackstonegriddles.ca\/product\/28-omnivore-top-limited-edition-bundle\/","name":"28\" Omnivore Top - Limited Edition Bundle - Blackstone Griddles","isPartOf":{"@id":"https:\/\/blackstonegriddles.ca\/#website"},"primaryImageOfPage":{"@id":"https:\/\/blackstonegriddles.ca\/product\/28-omnivore-top-limited-edition-bundle\/#primaryimage"},"image":{"@id":"https:\/\/blackstonegriddles.ca\/product\/28-omnivore-top-limited-edition-bundle\/#primaryimage"},"thumbnailUrl":"https:\/\/blackstonegriddles.ca\/wp-content\/uploads\/2024\/01\/2351_28GriddleNGW_WSQ_01_Main.jpg","datePublished":"2024-01-22T15:44:22+00:00","dateModified":"2026-04-20T01:46:09+00:00","description":"Ce mod\u00e8le en \u00e9dition limit\u00e9e est dot\u00e9 de notre plaque de cuisson Omnivore hautement efficace, de deux br\u00fbleurs \u00e0 commande ind\u00e9pendante et du syst\u00e8me de rails porte-accessoires.","breadcrumb":{"@id":"https:\/\/blackstonegriddles.ca\/product\/28-omnivore-top-limited-edition-bundle\/#breadcrumb"},"inLanguage":"fr-CA","potentialAction":[{"@type":"ReadAction","target":["https:\/\/blackstonegriddles.ca\/product\/28-omnivore-top-limited-edition-bundle\/"]}]},{"@type":"ImageObject","inLanguage":"fr-CA","@id":"https:\/\/blackstonegriddles.ca\/product\/28-omnivore-top-limited-edition-bundle\/#primaryimage","url":"https:\/\/blackstonegriddles.ca\/wp-content\/uploads\/2024\/01\/2351_28GriddleNGW_WSQ_01_Main.jpg","contentUrl":"https:\/\/blackstonegriddles.ca\/wp-content\/uploads\/2024\/01\/2351_28GriddleNGW_WSQ_01_Main.jpg","width":800,"height":800,"caption":"28in Omnivore Limited Edition Bundle"},{"@type":"BreadcrumbList","@id":"https:\/\/blackstonegriddles.ca\/product\/28-omnivore-top-limited-edition-bundle\/#breadcrumb","itemListElement":[{"@type":"ListItem","position":1,"name":"Home","item":"https:\/\/blackstonegriddles.ca\/"},{"@type":"ListItem","position":2,"name":"Shop","item":"https:\/\/blackstonegriddles.ca\/shop\/"},{"@type":"ListItem","position":3,"name":"28&#8243; Omnivore Top &#8211; Limited Edition Bundle"}]},{"@type":"WebSite","@id":"https:\/\/blackstonegriddles.ca\/#website","url":"https:\/\/blackstonegriddles.ca\/","name":"Grils Blackstone Canada","description":"Blackstone Griddles distributeur officiel agr\u00e9\u00e9 Canada","publisher":{"@id":"https:\/\/blackstonegriddles.ca\/#organization"},"potentialAction":[{"@type":"SearchAction","target":{"@type":"EntryPoint","urlTemplate":"https:\/\/blackstonegriddles.ca\/?s={search_term_string}"},"query-input":{"@type":"PropertyValueSpecification","valueRequired":true,"valueName":"search_term_string"}}],"inLanguage":"fr-CA"},{"@type":"Organization","@id":"https:\/\/blackstonegriddles.ca\/#organization","name":"Grils Blackstone Canada","url":"https:\/\/blackstonegriddles.ca\/","logo":{"@type":"ImageObject","inLanguage":"fr-CA","@id":"https:\/\/blackstonegriddles.ca\/#\/schema\/logo\/image\/","url":"https:\/\/blackstonegriddles.ca\/wp-content\/uploads\/2025\/02\/blackstone-fire-logo.webp","contentUrl":"https:\/\/blackstonegriddles.ca\/wp-content\/uploads\/2025\/02\/blackstone-fire-logo.webp","width":53,"height":58,"caption":"Blackstone Griddles Canada"},"image":{"@id":"https:\/\/blackstonegriddles.ca\/#\/schema\/logo\/image\/"},"sameAs":["https:\/\/www.facebook.com\/blackstoneproducts\/","https:\/\/x.com\/weareblackstone","https:\/\/www.instagram.com\/blackstoneproducts\/","https:\/\/www.youtube.com\/channel\/UCr39rimir8y3p-q1iQYidVA"]}]}},"_links":{"self":[{"href":"https:\/\/blackstonegriddles.ca\/fr\/wp-json\/wp\/v2\/product\/37260","targetHints":{"allow":["GET"]}}],"collection":[{"href":"https:\/\/blackstonegriddles.ca\/fr\/wp-json\/wp\/v2\/product"}],"about":[{"href":"https:\/\/blackstonegriddles.ca\/fr\/wp-json\/wp\/v2\/types\/product"}],"wp:featuredmedia":[{"embeddable":true,"href":"https:\/\/blackstonegriddles.ca\/fr\/wp-json\/wp\/v2\/media\/37261"}],"wp:attachment":[{"href":"https:\/\/blackstonegriddles.ca\/fr\/wp-json\/wp\/v2\/media?parent=37260"}],"wp:term":[{"taxonomy":"product_brand","embeddable":true,"href":"https:\/\/blackstonegriddles.ca\/fr\/wp-json\/wp\/v2\/product_brand?post=37260"},{"taxonomy":"product_cat","embeddable":true,"href":"https:\/\/blackstonegriddles.ca\/fr\/wp-json\/wp\/v2\/product_cat?post=37260"},{"taxonomy":"product_tag","embeddable":true,"href":"https:\/\/blackstonegriddles.ca\/fr\/wp-json\/wp\/v2\/product_tag?post=37260"}],"curies":[{"name":"wp","href":"https:\/\/api.w.org\/{rel}","templated":true}]}}