{"id":37287,"date":"2024-01-22T17:08:03","date_gmt":"2024-01-22T17:08:03","guid":{"rendered":"https:\/\/blackstonegriddles.ca\/?post_type=product&#038;p=37287"},"modified":"2026-04-13T20:03:03","modified_gmt":"2026-04-13T20:03:03","slug":"36-original-omnivore-national-account-griddle-with-hard-cover","status":"publish","type":"product","link":"https:\/\/blackstonegriddles.ca\/fr\/product\/36-original-omnivore-national-account-griddle-with-hard-cover\/","title":{"rendered":"36\u2033 Original Series Omnivore Griddle with Hard Cover"},"content":{"rendered":"<ul class=\"title-block_features__6IcHW\" data-testid=\"product-features\">\n<li>Planche \u00e0 griller originale de 36 pouces avec couvercle rigide<\/li>\n<li>Quatre zones de cuisson contr\u00f4l\u00e9es ind\u00e9pendamment avec 38 000 BTU<\/li>\n<li>Syst\u00e8me brevet\u00e9 de gestion des graisses \u00e0 l'arri\u00e8re<\/li>\n<li>Capot \u00e9l\u00e9gant peint avec quincaillerie en inox<\/li>\n<li>Syst\u00e8me d'allumage \u00e9lectronique<\/li>\n<\/ul>","protected":false},"excerpt":{"rendered":"<p>Une station de cuisson ext\u00e9rieure parfaite pour pr\u00e9parer des montagnes de nourriture en quelques minutes. La station de cuisson Original 36-in Griddle avec couvercle rigide offre 38 000 BTU et une surface de cuisson de 768 pouces carr\u00e9s. Vous aimerez utiliser la bande magn\u00e9tique pour tenir les outils de cuisine et le porte-essuie-tout pivotant. Les deux tablettes lat\u00e9rales rabattables cr\u00e9ent un espace de pr\u00e9paration suppl\u00e9mentaire sans encombrer l'espace de rangement. Ouvrez une bouteille froide avec le d\u00e9capsuleur Blackstone et r\u00e9volutionnez votre exp\u00e9rience de la cuisine en plein air.<\/p>","protected":false},"featured_media":37291,"template":"","meta":[],"product_brand":[],"product_cat":[158,154],"product_tag":[],"class_list":{"0":"post-37287","1":"product","2":"type-product","3":"status-publish","4":"has-post-thumbnail","6":"product_cat-158","7":"product_cat-griddles","8":"product_shipping_class-36-griddle","10":"first","11":"instock","12":"taxable","13":"shipping-taxable","14":"purchasable","15":"product-type-simple"},"yoast_head":"<!-- This site is optimized with the Yoast SEO plugin v27.3 - https:\/\/yoast.com\/product\/yoast-seo-wordpress\/ -->\n<title>36&quot; Original Series Omnivore Griddle with Hard Cover - Blackstone Griddles<\/title>\n<meta name=\"description\" content=\"An outdoor cooking station that&#039;s perfect for making mountains of food within minutes. The Original 36-in Griddle Cooking Station with Hard Cover boasts 60,000 BTU&#039;s and a 768 square inches of cooking area.\" \/>\n<meta name=\"robots\" content=\"index, follow, max-snippet:-1, max-image-preview:large, max-video-preview:-1\" \/>\n<link rel=\"canonical\" href=\"https:\/\/blackstonegriddles.ca\/fr\/produit\/36-original-omnivore-national-account-griddle-with-hard-cover\/\" \/>\n<meta property=\"og:locale\" content=\"fr_CA\" \/>\n<meta property=\"og:type\" content=\"article\" \/>\n<meta property=\"og:title\" content=\"36&quot; Original Series Omnivore Griddle with Hard Cover - Blackstone Griddles\" \/>\n<meta property=\"og:description\" content=\"An outdoor cooking station that&#039;s perfect for making mountains of food within minutes. The Original 36-in Griddle Cooking Station with Hard Cover boasts 60,000 BTU&#039;s and a 768 square inches of cooking area.\" \/>\n<meta property=\"og:url\" content=\"https:\/\/blackstonegriddles.ca\/fr\/produit\/36-original-omnivore-national-account-griddle-with-hard-cover\/\" \/>\n<meta property=\"og:site_name\" content=\"Blackstone Griddles\" \/>\n<meta property=\"article:publisher\" content=\"https:\/\/www.facebook.com\/blackstoneproducts\/\" \/>\n<meta property=\"article:modified_time\" content=\"2026-04-13T20:03:03+00:00\" \/>\n<meta property=\"og:image\" content=\"https:\/\/blackstonegriddles.ca\/wp-content\/uploads\/2024\/01\/2212-36in-with-Hardcover-Final.jpg\" \/>\n\t<meta property=\"og:image:width\" content=\"800\" \/>\n\t<meta property=\"og:image:height\" content=\"500\" \/>\n\t<meta property=\"og:image:type\" content=\"image\/jpeg\" \/>\n<meta name=\"twitter:card\" content=\"summary_large_image\" \/>\n<meta name=\"twitter:site\" content=\"@weareblackstone\" \/>\n<meta name=\"twitter:label1\" content=\"Estimation du temps de lecture\" \/>\n\t<meta name=\"twitter:data1\" content=\"1 minute\" \/>\n<script type=\"application\/ld+json\" class=\"yoast-schema-graph\">{\"@context\":\"https:\\\/\\\/schema.org\",\"@graph\":[{\"@type\":\"WebPage\",\"@id\":\"https:\\\/\\\/blackstonegriddles.ca\\\/product\\\/36-original-omnivore-national-account-griddle-with-hard-cover\\\/\",\"url\":\"https:\\\/\\\/blackstonegriddles.ca\\\/product\\\/36-original-omnivore-national-account-griddle-with-hard-cover\\\/\",\"name\":\"36\\\" Original Series Omnivore Griddle with Hard Cover - Blackstone Griddles\",\"isPartOf\":{\"@id\":\"https:\\\/\\\/blackstonegriddles.ca\\\/#website\"},\"primaryImageOfPage\":{\"@id\":\"https:\\\/\\\/blackstonegriddles.ca\\\/product\\\/36-original-omnivore-national-account-griddle-with-hard-cover\\\/#primaryimage\"},\"image\":{\"@id\":\"https:\\\/\\\/blackstonegriddles.ca\\\/product\\\/36-original-omnivore-national-account-griddle-with-hard-cover\\\/#primaryimage\"},\"thumbnailUrl\":\"https:\\\/\\\/blackstonegriddles.ca\\\/wp-content\\\/uploads\\\/2024\\\/01\\\/2212-36in-with-Hardcover-Final.jpg\",\"datePublished\":\"2024-01-22T17:08:03+00:00\",\"dateModified\":\"2026-04-13T20:03:03+00:00\",\"description\":\"An outdoor cooking station that's perfect for making mountains of food within minutes. The Original 36-in Griddle Cooking Station with Hard Cover boasts 60,000 BTU's and a 768 square inches of cooking area.\",\"breadcrumb\":{\"@id\":\"https:\\\/\\\/blackstonegriddles.ca\\\/product\\\/36-original-omnivore-national-account-griddle-with-hard-cover\\\/#breadcrumb\"},\"inLanguage\":\"fr-CA\",\"potentialAction\":[{\"@type\":\"ReadAction\",\"target\":[\"https:\\\/\\\/blackstonegriddles.ca\\\/product\\\/36-original-omnivore-national-account-griddle-with-hard-cover\\\/\"]}]},{\"@type\":\"ImageObject\",\"inLanguage\":\"fr-CA\",\"@id\":\"https:\\\/\\\/blackstonegriddles.ca\\\/product\\\/36-original-omnivore-national-account-griddle-with-hard-cover\\\/#primaryimage\",\"url\":\"https:\\\/\\\/blackstonegriddles.ca\\\/wp-content\\\/uploads\\\/2024\\\/01\\\/2212-36in-with-Hardcover-Final.jpg\",\"contentUrl\":\"https:\\\/\\\/blackstonegriddles.ca\\\/wp-content\\\/uploads\\\/2024\\\/01\\\/2212-36in-with-Hardcover-Final.jpg\",\"width\":800,\"height\":500,\"caption\":\"6in Original Omnivore National Account Griddle with hard cover\"},{\"@type\":\"BreadcrumbList\",\"@id\":\"https:\\\/\\\/blackstonegriddles.ca\\\/product\\\/36-original-omnivore-national-account-griddle-with-hard-cover\\\/#breadcrumb\",\"itemListElement\":[{\"@type\":\"ListItem\",\"position\":1,\"name\":\"Home\",\"item\":\"https:\\\/\\\/blackstonegriddles.ca\\\/\"},{\"@type\":\"ListItem\",\"position\":2,\"name\":\"Shop\",\"item\":\"https:\\\/\\\/blackstonegriddles.ca\\\/shop\\\/\"},{\"@type\":\"ListItem\",\"position\":3,\"name\":\"36&#8243; Original Series Omnivore Griddle with Hard Cover\"}]},{\"@type\":\"WebSite\",\"@id\":\"https:\\\/\\\/blackstonegriddles.ca\\\/#website\",\"url\":\"https:\\\/\\\/blackstonegriddles.ca\\\/\",\"name\":\"Blackstone Griddles Canada\",\"description\":\"Blackstone Griddles official licensed dealer Canada\",\"publisher\":{\"@id\":\"https:\\\/\\\/blackstonegriddles.ca\\\/#organization\"},\"potentialAction\":[{\"@type\":\"SearchAction\",\"target\":{\"@type\":\"EntryPoint\",\"urlTemplate\":\"https:\\\/\\\/blackstonegriddles.ca\\\/?s={search_term_string}\"},\"query-input\":{\"@type\":\"PropertyValueSpecification\",\"valueRequired\":true,\"valueName\":\"search_term_string\"}}],\"inLanguage\":\"fr-CA\"},{\"@type\":\"Organization\",\"@id\":\"https:\\\/\\\/blackstonegriddles.ca\\\/#organization\",\"name\":\"Blackstone Griddles Canada\",\"url\":\"https:\\\/\\\/blackstonegriddles.ca\\\/\",\"logo\":{\"@type\":\"ImageObject\",\"inLanguage\":\"fr-CA\",\"@id\":\"https:\\\/\\\/blackstonegriddles.ca\\\/#\\\/schema\\\/logo\\\/image\\\/\",\"url\":\"https:\\\/\\\/blackstonegriddles.ca\\\/wp-content\\\/uploads\\\/2025\\\/02\\\/blackstone-fire-logo.webp\",\"contentUrl\":\"https:\\\/\\\/blackstonegriddles.ca\\\/wp-content\\\/uploads\\\/2025\\\/02\\\/blackstone-fire-logo.webp\",\"width\":53,\"height\":58,\"caption\":\"Blackstone Griddles Canada\"},\"image\":{\"@id\":\"https:\\\/\\\/blackstonegriddles.ca\\\/#\\\/schema\\\/logo\\\/image\\\/\"},\"sameAs\":[\"https:\\\/\\\/www.facebook.com\\\/blackstoneproducts\\\/\",\"https:\\\/\\\/x.com\\\/weareblackstone\",\"https:\\\/\\\/www.instagram.com\\\/blackstoneproducts\\\/\",\"https:\\\/\\\/www.youtube.com\\\/channel\\\/UCr39rimir8y3p-q1iQYidVA\"]}]}<\/script>\n<!-- \/ Yoast SEO plugin. -->","yoast_head_json":{"title":"Gril Omnivore 36\" S\u00e9rie Originale avec Couvercle Dur - Blackstone Griddles","description":"Une station de cuisson ext\u00e9rieure parfaite pour pr\u00e9parer des montagnes de nourriture en quelques minutes. La station de cuisson Original 36-in Griddle avec couvercle rigide offre 60 000 BTU et une surface de cuisson de 768 pouces carr\u00e9s.","robots":{"index":"index","follow":"follow","max-snippet":"max-snippet:-1","max-image-preview":"max-image-preview:large","max-video-preview":"max-video-preview:-1"},"canonical":"https:\/\/blackstonegriddles.ca\/fr\/produit\/36-original-omnivore-national-account-griddle-with-hard-cover\/","og_locale":"fr_CA","og_type":"article","og_title":"36\" Original Series Omnivore Griddle with Hard Cover - Blackstone Griddles","og_description":"An outdoor cooking station that's perfect for making mountains of food within minutes. The Original 36-in Griddle Cooking Station with Hard Cover boasts 60,000 BTU's and a 768 square inches of cooking area.","og_url":"https:\/\/blackstonegriddles.ca\/fr\/produit\/36-original-omnivore-national-account-griddle-with-hard-cover\/","og_site_name":"Blackstone Griddles","article_publisher":"https:\/\/www.facebook.com\/blackstoneproducts\/","article_modified_time":"2026-04-13T20:03:03+00:00","og_image":[{"width":800,"height":500,"url":"https:\/\/blackstonegriddles.ca\/wp-content\/uploads\/2024\/01\/2212-36in-with-Hardcover-Final.jpg","type":"image\/jpeg"}],"twitter_card":"summary_large_image","twitter_site":"@weareblackstone","twitter_misc":{"Estimation du temps de lecture":"1 minute"},"schema":{"@context":"https:\/\/schema.org","@graph":[{"@type":"WebPage","@id":"https:\/\/blackstonegriddles.ca\/product\/36-original-omnivore-national-account-griddle-with-hard-cover\/","url":"https:\/\/blackstonegriddles.ca\/product\/36-original-omnivore-national-account-griddle-with-hard-cover\/","name":"Gril Omnivore 36\" S\u00e9rie Originale avec Couvercle Dur - Blackstone Griddles","isPartOf":{"@id":"https:\/\/blackstonegriddles.ca\/#website"},"primaryImageOfPage":{"@id":"https:\/\/blackstonegriddles.ca\/product\/36-original-omnivore-national-account-griddle-with-hard-cover\/#primaryimage"},"image":{"@id":"https:\/\/blackstonegriddles.ca\/product\/36-original-omnivore-national-account-griddle-with-hard-cover\/#primaryimage"},"thumbnailUrl":"https:\/\/blackstonegriddles.ca\/wp-content\/uploads\/2024\/01\/2212-36in-with-Hardcover-Final.jpg","datePublished":"2024-01-22T17:08:03+00:00","dateModified":"2026-04-13T20:03:03+00:00","description":"Une station de cuisson ext\u00e9rieure parfaite pour pr\u00e9parer des montagnes de nourriture en quelques minutes. La station de cuisson Original 36-in Griddle avec couvercle rigide offre 60 000 BTU et une surface de cuisson de 768 pouces carr\u00e9s.","breadcrumb":{"@id":"https:\/\/blackstonegriddles.ca\/product\/36-original-omnivore-national-account-griddle-with-hard-cover\/#breadcrumb"},"inLanguage":"fr-CA","potentialAction":[{"@type":"ReadAction","target":["https:\/\/blackstonegriddles.ca\/product\/36-original-omnivore-national-account-griddle-with-hard-cover\/"]}]},{"@type":"ImageObject","inLanguage":"fr-CA","@id":"https:\/\/blackstonegriddles.ca\/product\/36-original-omnivore-national-account-griddle-with-hard-cover\/#primaryimage","url":"https:\/\/blackstonegriddles.ca\/wp-content\/uploads\/2024\/01\/2212-36in-with-Hardcover-Final.jpg","contentUrl":"https:\/\/blackstonegriddles.ca\/wp-content\/uploads\/2024\/01\/2212-36in-with-Hardcover-Final.jpg","width":800,"height":500,"caption":"6in Original Omnivore National Account Griddle with hard cover"},{"@type":"BreadcrumbList","@id":"https:\/\/blackstonegriddles.ca\/product\/36-original-omnivore-national-account-griddle-with-hard-cover\/#breadcrumb","itemListElement":[{"@type":"ListItem","position":1,"name":"Home","item":"https:\/\/blackstonegriddles.ca\/"},{"@type":"ListItem","position":2,"name":"Shop","item":"https:\/\/blackstonegriddles.ca\/shop\/"},{"@type":"ListItem","position":3,"name":"36&#8243; Original Series Omnivore Griddle with Hard Cover"}]},{"@type":"WebSite","@id":"https:\/\/blackstonegriddles.ca\/#website","url":"https:\/\/blackstonegriddles.ca\/","name":"Grils Blackstone Canada","description":"Blackstone Griddles distributeur officiel agr\u00e9\u00e9 Canada","publisher":{"@id":"https:\/\/blackstonegriddles.ca\/#organization"},"potentialAction":[{"@type":"SearchAction","target":{"@type":"EntryPoint","urlTemplate":"https:\/\/blackstonegriddles.ca\/?s={search_term_string}"},"query-input":{"@type":"PropertyValueSpecification","valueRequired":true,"valueName":"search_term_string"}}],"inLanguage":"fr-CA"},{"@type":"Organization","@id":"https:\/\/blackstonegriddles.ca\/#organization","name":"Grils Blackstone Canada","url":"https:\/\/blackstonegriddles.ca\/","logo":{"@type":"ImageObject","inLanguage":"fr-CA","@id":"https:\/\/blackstonegriddles.ca\/#\/schema\/logo\/image\/","url":"https:\/\/blackstonegriddles.ca\/wp-content\/uploads\/2025\/02\/blackstone-fire-logo.webp","contentUrl":"https:\/\/blackstonegriddles.ca\/wp-content\/uploads\/2025\/02\/blackstone-fire-logo.webp","width":53,"height":58,"caption":"Blackstone Griddles Canada"},"image":{"@id":"https:\/\/blackstonegriddles.ca\/#\/schema\/logo\/image\/"},"sameAs":["https:\/\/www.facebook.com\/blackstoneproducts\/","https:\/\/x.com\/weareblackstone","https:\/\/www.instagram.com\/blackstoneproducts\/","https:\/\/www.youtube.com\/channel\/UCr39rimir8y3p-q1iQYidVA"]}]}},"_links":{"self":[{"href":"https:\/\/blackstonegriddles.ca\/fr\/wp-json\/wp\/v2\/product\/37287","targetHints":{"allow":["GET"]}}],"collection":[{"href":"https:\/\/blackstonegriddles.ca\/fr\/wp-json\/wp\/v2\/product"}],"about":[{"href":"https:\/\/blackstonegriddles.ca\/fr\/wp-json\/wp\/v2\/types\/product"}],"wp:featuredmedia":[{"embeddable":true,"href":"https:\/\/blackstonegriddles.ca\/fr\/wp-json\/wp\/v2\/media\/37291"}],"wp:attachment":[{"href":"https:\/\/blackstonegriddles.ca\/fr\/wp-json\/wp\/v2\/media?parent=37287"}],"wp:term":[{"taxonomy":"product_brand","embeddable":true,"href":"https:\/\/blackstonegriddles.ca\/fr\/wp-json\/wp\/v2\/product_brand?post=37287"},{"taxonomy":"product_cat","embeddable":true,"href":"https:\/\/blackstonegriddles.ca\/fr\/wp-json\/wp\/v2\/product_cat?post=37287"},{"taxonomy":"product_tag","embeddable":true,"href":"https:\/\/blackstonegriddles.ca\/fr\/wp-json\/wp\/v2\/product_tag?post=37287"}],"curies":[{"name":"wp","href":"https:\/\/api.w.org\/{rel}","templated":true}]}}