{"id":37295,"date":"2024-01-22T17:12:27","date_gmt":"2024-01-22T17:12:27","guid":{"rendered":"https:\/\/blackstonegriddles.ca\/?post_type=product&#038;p=37295"},"modified":"2026-04-14T20:30:27","modified_gmt":"2026-04-14T20:30:27","slug":"plancha-de-table-22-in-omnivore-original","status":"publish","type":"product","link":"https:\/\/blackstonegriddles.ca\/fr\/product\/22-in-omnivore-original-tabletop-griddle\/","title":{"rendered":"Gril de table 22\u2033 Omnivore Original"},"content":{"rendered":"<ul class=\"title-block_features__6IcHW\" data-testid=\"product-features\">\n<li>Gril de table 22in<\/li>\n<li>Deux zones de cuisson contr\u00f4l\u00e9es ind\u00e9pendamment l'une de l'autre<\/li>\n<li>Br\u00fbleurs doubles en acier inoxydable<\/li>\n<li>Syst\u00e8me brevet\u00e9 de gestion des graisses \u00e0 l'arri\u00e8re<\/li>\n<li>1 an de garantie<\/li>\n<\/ul>","protected":false},"excerpt":{"rendered":"<p>La plaque parfaite pour les amateurs d'aventures en plein air. Que vous partiez \u00e0 la montagne, au bord d'un lac ou d'une plage, ou que vous assistiez au match de l'\u00e9quipe de football locale, emportez votre plancha de 22 pouces avec vous. Deux zones de chaleur ind\u00e9pendantes et un design portable pour un transport facile vous permettront d'alimenter n'importe quel \u00e9v\u00e9nement. Ce gril plat est le compl\u00e9ment id\u00e9al d'une cuisine de patio ou de camping. La polyvalence de ce gril est in\u00e9gal\u00e9e !<\/p>","protected":false},"featured_media":37297,"template":"","meta":[],"product_brand":[],"product_cat":[156,154],"product_tag":[],"class_list":{"0":"post-37295","1":"product","2":"type-product","3":"status-publish","4":"has-post-thumbnail","6":"product_cat-156","7":"product_cat-griddles","8":"product_shipping_class-22-griddles","10":"first","11":"instock","12":"taxable","13":"shipping-taxable","14":"purchasable","15":"product-type-simple"},"yoast_head":"<!-- This site is optimized with the Yoast SEO plugin v27.4 - https:\/\/yoast.com\/product\/yoast-seo-wordpress\/ -->\n<title>22&quot; Omnivore Original Tabletop Griddle - Blackstone Griddles<\/title>\n<meta name=\"robots\" content=\"index, follow, max-snippet:-1, max-image-preview:large, max-video-preview:-1\" \/>\n<link rel=\"canonical\" href=\"https:\/\/blackstonegriddles.ca\/fr\/produit\/plancha-de-table-22-in-omnivore-original\/\" \/>\n<meta property=\"og:locale\" content=\"fr_CA\" \/>\n<meta property=\"og:type\" content=\"article\" \/>\n<meta property=\"og:title\" content=\"22&quot; Omnivore Original Tabletop Griddle - Blackstone Griddles\" \/>\n<meta property=\"og:description\" content=\"The perfect griddle for the outdoor adventure seeker. Whether your adventure is in the mountains, at lakes or beaches, or tailgating for the local football team take your 22-in Tabletop Griddle with you. Fuel any event with two independently controlled heat zones and a portable design for easy transport. This flat top grill is the perfect addition to a patio kitchen or camping kitchen. This griddle&#039;s versatility is unmatched!\" \/>\n<meta property=\"og:url\" content=\"https:\/\/blackstonegriddles.ca\/fr\/produit\/plancha-de-table-22-in-omnivore-original\/\" \/>\n<meta property=\"og:site_name\" content=\"Blackstone Griddles\" \/>\n<meta property=\"article:publisher\" content=\"https:\/\/www.facebook.com\/blackstoneproducts\/\" \/>\n<meta property=\"article:modified_time\" content=\"2026-04-14T20:30:27+00:00\" \/>\n<meta property=\"og:image\" content=\"https:\/\/blackstonegriddles.ca\/wp-content\/uploads\/2024\/01\/2203-22in-Omni-Griddle.jpg\" \/>\n\t<meta property=\"og:image:width\" content=\"800\" \/>\n\t<meta property=\"og:image:height\" content=\"800\" \/>\n\t<meta property=\"og:image:type\" content=\"image\/jpeg\" \/>\n<meta name=\"twitter:card\" content=\"summary_large_image\" \/>\n<meta name=\"twitter:site\" content=\"@weareblackstone\" \/>\n<meta name=\"twitter:label1\" content=\"Estimation du temps de lecture\" \/>\n\t<meta name=\"twitter:data1\" content=\"1 minute\" \/>\n<script type=\"application\/ld+json\" class=\"yoast-schema-graph\">{\"@context\":\"https:\\\/\\\/schema.org\",\"@graph\":[{\"@type\":\"WebPage\",\"@id\":\"https:\\\/\\\/blackstonegriddles.ca\\\/product\\\/22-in-omnivore-original-tabletop-griddle\\\/\",\"url\":\"https:\\\/\\\/blackstonegriddles.ca\\\/product\\\/22-in-omnivore-original-tabletop-griddle\\\/\",\"name\":\"22\\\" Omnivore Original Tabletop Griddle - Blackstone Griddles\",\"isPartOf\":{\"@id\":\"https:\\\/\\\/blackstonegriddles.ca\\\/#website\"},\"primaryImageOfPage\":{\"@id\":\"https:\\\/\\\/blackstonegriddles.ca\\\/product\\\/22-in-omnivore-original-tabletop-griddle\\\/#primaryimage\"},\"image\":{\"@id\":\"https:\\\/\\\/blackstonegriddles.ca\\\/product\\\/22-in-omnivore-original-tabletop-griddle\\\/#primaryimage\"},\"thumbnailUrl\":\"https:\\\/\\\/blackstonegriddles.ca\\\/wp-content\\\/uploads\\\/2024\\\/01\\\/2203-22in-Omni-Griddle.jpg\",\"datePublished\":\"2024-01-22T17:12:27+00:00\",\"dateModified\":\"2026-04-14T20:30:27+00:00\",\"breadcrumb\":{\"@id\":\"https:\\\/\\\/blackstonegriddles.ca\\\/product\\\/22-in-omnivore-original-tabletop-griddle\\\/#breadcrumb\"},\"inLanguage\":\"fr-CA\",\"potentialAction\":[{\"@type\":\"ReadAction\",\"target\":[\"https:\\\/\\\/blackstonegriddles.ca\\\/product\\\/22-in-omnivore-original-tabletop-griddle\\\/\"]}]},{\"@type\":\"ImageObject\",\"inLanguage\":\"fr-CA\",\"@id\":\"https:\\\/\\\/blackstonegriddles.ca\\\/product\\\/22-in-omnivore-original-tabletop-griddle\\\/#primaryimage\",\"url\":\"https:\\\/\\\/blackstonegriddles.ca\\\/wp-content\\\/uploads\\\/2024\\\/01\\\/2203-22in-Omni-Griddle.jpg\",\"contentUrl\":\"https:\\\/\\\/blackstonegriddles.ca\\\/wp-content\\\/uploads\\\/2024\\\/01\\\/2203-22in-Omni-Griddle.jpg\",\"width\":800,\"height\":800,\"caption\":\"22in Omni Griddle\"},{\"@type\":\"BreadcrumbList\",\"@id\":\"https:\\\/\\\/blackstonegriddles.ca\\\/product\\\/22-in-omnivore-original-tabletop-griddle\\\/#breadcrumb\",\"itemListElement\":[{\"@type\":\"ListItem\",\"position\":1,\"name\":\"Home\",\"item\":\"https:\\\/\\\/blackstonegriddles.ca\\\/\"},{\"@type\":\"ListItem\",\"position\":2,\"name\":\"Shop\",\"item\":\"https:\\\/\\\/blackstonegriddles.ca\\\/shop\\\/\"},{\"@type\":\"ListItem\",\"position\":3,\"name\":\"22&#8243; Omnivore Original Tabletop Griddle\"}]},{\"@type\":\"WebSite\",\"@id\":\"https:\\\/\\\/blackstonegriddles.ca\\\/#website\",\"url\":\"https:\\\/\\\/blackstonegriddles.ca\\\/\",\"name\":\"Blackstone Griddles Canada\",\"description\":\"Blackstone Griddles official licensed dealer Canada\",\"publisher\":{\"@id\":\"https:\\\/\\\/blackstonegriddles.ca\\\/#organization\"},\"potentialAction\":[{\"@type\":\"SearchAction\",\"target\":{\"@type\":\"EntryPoint\",\"urlTemplate\":\"https:\\\/\\\/blackstonegriddles.ca\\\/?s={search_term_string}\"},\"query-input\":{\"@type\":\"PropertyValueSpecification\",\"valueRequired\":true,\"valueName\":\"search_term_string\"}}],\"inLanguage\":\"fr-CA\"},{\"@type\":\"Organization\",\"@id\":\"https:\\\/\\\/blackstonegriddles.ca\\\/#organization\",\"name\":\"Blackstone Griddles Canada\",\"url\":\"https:\\\/\\\/blackstonegriddles.ca\\\/\",\"logo\":{\"@type\":\"ImageObject\",\"inLanguage\":\"fr-CA\",\"@id\":\"https:\\\/\\\/blackstonegriddles.ca\\\/#\\\/schema\\\/logo\\\/image\\\/\",\"url\":\"https:\\\/\\\/blackstonegriddles.ca\\\/wp-content\\\/uploads\\\/2025\\\/02\\\/blackstone-fire-logo.webp\",\"contentUrl\":\"https:\\\/\\\/blackstonegriddles.ca\\\/wp-content\\\/uploads\\\/2025\\\/02\\\/blackstone-fire-logo.webp\",\"width\":53,\"height\":58,\"caption\":\"Blackstone Griddles Canada\"},\"image\":{\"@id\":\"https:\\\/\\\/blackstonegriddles.ca\\\/#\\\/schema\\\/logo\\\/image\\\/\"},\"sameAs\":[\"https:\\\/\\\/www.facebook.com\\\/blackstoneproducts\\\/\",\"https:\\\/\\\/x.com\\\/weareblackstone\",\"https:\\\/\\\/www.instagram.com\\\/blackstoneproducts\\\/\",\"https:\\\/\\\/www.youtube.com\\\/channel\\\/UCr39rimir8y3p-q1iQYidVA\"]}]}<\/script>\n<!-- \/ Yoast SEO plugin. -->","yoast_head_json":{"title":"Gril de table 22\" Omnivore Original - Blackstone Griddles","robots":{"index":"index","follow":"follow","max-snippet":"max-snippet:-1","max-image-preview":"max-image-preview:large","max-video-preview":"max-video-preview:-1"},"canonical":"https:\/\/blackstonegriddles.ca\/fr\/produit\/plancha-de-table-22-in-omnivore-original\/","og_locale":"fr_CA","og_type":"article","og_title":"22\" Omnivore Original Tabletop Griddle - Blackstone Griddles","og_description":"The perfect griddle for the outdoor adventure seeker. Whether your adventure is in the mountains, at lakes or beaches, or tailgating for the local football team take your 22-in Tabletop Griddle with you. Fuel any event with two independently controlled heat zones and a portable design for easy transport. This flat top grill is the perfect addition to a patio kitchen or camping kitchen. This griddle's versatility is unmatched!","og_url":"https:\/\/blackstonegriddles.ca\/fr\/produit\/plancha-de-table-22-in-omnivore-original\/","og_site_name":"Blackstone Griddles","article_publisher":"https:\/\/www.facebook.com\/blackstoneproducts\/","article_modified_time":"2026-04-14T20:30:27+00:00","og_image":[{"width":800,"height":800,"url":"https:\/\/blackstonegriddles.ca\/wp-content\/uploads\/2024\/01\/2203-22in-Omni-Griddle.jpg","type":"image\/jpeg"}],"twitter_card":"summary_large_image","twitter_site":"@weareblackstone","twitter_misc":{"Estimation du temps de lecture":"1 minute"},"schema":{"@context":"https:\/\/schema.org","@graph":[{"@type":"WebPage","@id":"https:\/\/blackstonegriddles.ca\/product\/22-in-omnivore-original-tabletop-griddle\/","url":"https:\/\/blackstonegriddles.ca\/product\/22-in-omnivore-original-tabletop-griddle\/","name":"Gril de table 22\" Omnivore Original - Blackstone Griddles","isPartOf":{"@id":"https:\/\/blackstonegriddles.ca\/#website"},"primaryImageOfPage":{"@id":"https:\/\/blackstonegriddles.ca\/product\/22-in-omnivore-original-tabletop-griddle\/#primaryimage"},"image":{"@id":"https:\/\/blackstonegriddles.ca\/product\/22-in-omnivore-original-tabletop-griddle\/#primaryimage"},"thumbnailUrl":"https:\/\/blackstonegriddles.ca\/wp-content\/uploads\/2024\/01\/2203-22in-Omni-Griddle.jpg","datePublished":"2024-01-22T17:12:27+00:00","dateModified":"2026-04-14T20:30:27+00:00","breadcrumb":{"@id":"https:\/\/blackstonegriddles.ca\/product\/22-in-omnivore-original-tabletop-griddle\/#breadcrumb"},"inLanguage":"fr-CA","potentialAction":[{"@type":"ReadAction","target":["https:\/\/blackstonegriddles.ca\/product\/22-in-omnivore-original-tabletop-griddle\/"]}]},{"@type":"ImageObject","inLanguage":"fr-CA","@id":"https:\/\/blackstonegriddles.ca\/product\/22-in-omnivore-original-tabletop-griddle\/#primaryimage","url":"https:\/\/blackstonegriddles.ca\/wp-content\/uploads\/2024\/01\/2203-22in-Omni-Griddle.jpg","contentUrl":"https:\/\/blackstonegriddles.ca\/wp-content\/uploads\/2024\/01\/2203-22in-Omni-Griddle.jpg","width":800,"height":800,"caption":"22in Omni Griddle"},{"@type":"BreadcrumbList","@id":"https:\/\/blackstonegriddles.ca\/product\/22-in-omnivore-original-tabletop-griddle\/#breadcrumb","itemListElement":[{"@type":"ListItem","position":1,"name":"Home","item":"https:\/\/blackstonegriddles.ca\/"},{"@type":"ListItem","position":2,"name":"Shop","item":"https:\/\/blackstonegriddles.ca\/shop\/"},{"@type":"ListItem","position":3,"name":"22&#8243; Omnivore Original Tabletop Griddle"}]},{"@type":"WebSite","@id":"https:\/\/blackstonegriddles.ca\/#website","url":"https:\/\/blackstonegriddles.ca\/","name":"Grils Blackstone Canada","description":"Blackstone Griddles distributeur officiel agr\u00e9\u00e9 Canada","publisher":{"@id":"https:\/\/blackstonegriddles.ca\/#organization"},"potentialAction":[{"@type":"SearchAction","target":{"@type":"EntryPoint","urlTemplate":"https:\/\/blackstonegriddles.ca\/?s={search_term_string}"},"query-input":{"@type":"PropertyValueSpecification","valueRequired":true,"valueName":"search_term_string"}}],"inLanguage":"fr-CA"},{"@type":"Organization","@id":"https:\/\/blackstonegriddles.ca\/#organization","name":"Grils Blackstone Canada","url":"https:\/\/blackstonegriddles.ca\/","logo":{"@type":"ImageObject","inLanguage":"fr-CA","@id":"https:\/\/blackstonegriddles.ca\/#\/schema\/logo\/image\/","url":"https:\/\/blackstonegriddles.ca\/wp-content\/uploads\/2025\/02\/blackstone-fire-logo.webp","contentUrl":"https:\/\/blackstonegriddles.ca\/wp-content\/uploads\/2025\/02\/blackstone-fire-logo.webp","width":53,"height":58,"caption":"Blackstone Griddles Canada"},"image":{"@id":"https:\/\/blackstonegriddles.ca\/#\/schema\/logo\/image\/"},"sameAs":["https:\/\/www.facebook.com\/blackstoneproducts\/","https:\/\/x.com\/weareblackstone","https:\/\/www.instagram.com\/blackstoneproducts\/","https:\/\/www.youtube.com\/channel\/UCr39rimir8y3p-q1iQYidVA"]}]}},"_links":{"self":[{"href":"https:\/\/blackstonegriddles.ca\/fr\/wp-json\/wp\/v2\/product\/37295","targetHints":{"allow":["GET"]}}],"collection":[{"href":"https:\/\/blackstonegriddles.ca\/fr\/wp-json\/wp\/v2\/product"}],"about":[{"href":"https:\/\/blackstonegriddles.ca\/fr\/wp-json\/wp\/v2\/types\/product"}],"wp:featuredmedia":[{"embeddable":true,"href":"https:\/\/blackstonegriddles.ca\/fr\/wp-json\/wp\/v2\/media\/37297"}],"wp:attachment":[{"href":"https:\/\/blackstonegriddles.ca\/fr\/wp-json\/wp\/v2\/media?parent=37295"}],"wp:term":[{"taxonomy":"product_brand","embeddable":true,"href":"https:\/\/blackstonegriddles.ca\/fr\/wp-json\/wp\/v2\/product_brand?post=37295"},{"taxonomy":"product_cat","embeddable":true,"href":"https:\/\/blackstonegriddles.ca\/fr\/wp-json\/wp\/v2\/product_cat?post=37295"},{"taxonomy":"product_tag","embeddable":true,"href":"https:\/\/blackstonegriddles.ca\/fr\/wp-json\/wp\/v2\/product_tag?post=37295"}],"curies":[{"name":"wp","href":"https:\/\/api.w.org\/{rel}","templated":true}]}}