{"id":37581,"date":"2024-04-01T17:06:56","date_gmt":"2024-04-01T17:06:56","guid":{"rendered":"https:\/\/blackstonegriddles.ca\/?post_type=product&#038;p=37581"},"modified":"2026-04-20T19:38:18","modified_gmt":"2026-04-20T19:38:18","slug":"table-de-preparation-28","status":"publish","type":"product","link":"https:\/\/blackstonegriddles.ca\/fr\/product\/prep-table-28\/","title":{"rendered":"Table de pr\u00e9paration - 28\u2033 (en anglais)"},"content":{"rendered":"<ul>\n<li data-section-id=\"v9x4ip\" data-start=\"652\" data-end=\"754\"><strong data-start=\"654\" data-end=\"690\">Surface de pr\u00e9paration en acier inoxydable de 28 pouces<\/strong><br data-start=\"690\" data-end=\"693\" \/>Offre une zone durable et spacieuse pour la pr\u00e9paration des aliments<\/li>\n<li data-section-id=\"7kzfqu\" data-start=\"756\" data-end=\"835\"><strong data-start=\"758\" data-end=\"780\">Porte-essuie-tout<\/strong><br data-start=\"780\" data-end=\"783\" \/>Garde les essentiels \u00e0 port\u00e9e de main pendant la cuisson<\/li>\n<li data-section-id=\"443gas\" data-start=\"837\" data-end=\"918\"><strong data-start=\"839\" data-end=\"861\">Porte-sac \u00e0 ordures<\/strong><br data-start=\"861\" data-end=\"864\" \/>Solution pratique pour g\u00e9rer les d\u00e9chets pendant la pr\u00e9paration<\/li>\n<li data-section-id=\"xtacym\" data-start=\"920\" data-end=\"1008\"><strong data-start=\"922\" data-end=\"959\">Deux (2) Roulettes pivotantes avec poign\u00e9e<\/strong><br data-start=\"959\" data-end=\"962\" \/>Permet un mouvement et un repositionnement faciles<\/li>\n<li data-section-id=\"1fvraeu\" data-start=\"1010\" data-end=\"1099\"><strong data-start=\"1012\" data-end=\"1035\">\u00c9tag\u00e8re de rangement inf\u00e9rieure<\/strong><br data-start=\"1035\" data-end=\"1038\" \/>Fournit un espace suppl\u00e9mentaire pour les outils, les tableaux et les fournitures<\/li>\n<\/ul>","protected":false},"excerpt":{"rendered":"<p>Compl\u00e9tez votre cuisine ext\u00e9rieure avec le Blackstone 28-in. Prep Cart. L'espace de pr\u00e9paration suppl\u00e9mentaire offre des possibilit\u00e9s infinies. Hacher les l\u00e9gumes, avoir l'huile de cuisson \u00e0 port\u00e9e de main, ranger les planches \u00e0 d\u00e9couper et les assiettes de service, c'est facile avec ce chariot. Dot\u00e9 d'un porte-essuie-tout, d'un porte-sac \u00e0 ordures et d'une surface de pr\u00e9paration en acier inoxydable, vous aurez l'impression d'\u00eatre dans une cuisine de qualit\u00e9 professionnelle. Les deux roues pivotantes et la poign\u00e9e vous permettront de r\u00e9organiser facilement votre cuisine. Pr\u00e9parez vos grillades plus rapidement avec votre nouveau chariot de pr\u00e9paration Blackstone.<\/p>","protected":false},"featured_media":37582,"template":"","meta":[],"product_brand":[],"product_cat":[224,264],"product_tag":[],"class_list":{"0":"post-37581","1":"product","2":"type-product","3":"status-publish","4":"has-post-thumbnail","6":"product_cat-outdoor-living","7":"product_cat-stands-prep-carts","8":"product_shipping_class-17-griddles","10":"first","11":"instock","12":"taxable","13":"shipping-taxable","14":"purchasable","15":"product-type-simple"},"yoast_head":"<!-- This site is optimized with the Yoast SEO plugin v27.4 - https:\/\/yoast.com\/product\/yoast-seo-wordpress\/ -->\n<title>Prep Table - 28&quot; - Blackstone Griddles<\/title>\n<meta name=\"description\" content=\"Complete your outdoor kitchen with the Blackstone 28-in. Prep Cart. With additional prep space comes endless possibilities.\" \/>\n<meta name=\"robots\" content=\"index, follow, max-snippet:-1, max-image-preview:large, max-video-preview:-1\" \/>\n<link rel=\"canonical\" href=\"https:\/\/blackstonegriddles.ca\/fr\/produit\/table-de-preparation-28\/\" \/>\n<meta property=\"og:locale\" content=\"fr_CA\" \/>\n<meta property=\"og:type\" content=\"article\" \/>\n<meta property=\"og:title\" content=\"Prep Table - 28&quot; - Blackstone Griddles\" \/>\n<meta property=\"og:description\" content=\"Complete your outdoor kitchen with the Blackstone 28-in. Prep Cart. With additional prep space comes endless possibilities.\" \/>\n<meta property=\"og:url\" content=\"https:\/\/blackstonegriddles.ca\/fr\/produit\/table-de-preparation-28\/\" \/>\n<meta property=\"og:site_name\" content=\"Blackstone Griddles\" \/>\n<meta property=\"article:publisher\" content=\"https:\/\/www.facebook.com\/blackstoneproducts\/\" \/>\n<meta property=\"article:modified_time\" content=\"2026-04-20T19:38:18+00:00\" \/>\n<meta property=\"og:image\" content=\"https:\/\/blackstonegriddles.ca\/wp-content\/uploads\/2024\/03\/2171_28PrepTable_WSQ_01-main.jpg\" \/>\n\t<meta property=\"og:image:width\" content=\"800\" \/>\n\t<meta property=\"og:image:height\" content=\"800\" \/>\n\t<meta property=\"og:image:type\" content=\"image\/jpeg\" \/>\n<meta name=\"twitter:card\" content=\"summary_large_image\" \/>\n<meta name=\"twitter:site\" content=\"@weareblackstone\" \/>\n<meta name=\"twitter:label1\" content=\"Estimation du temps de lecture\" \/>\n\t<meta name=\"twitter:data1\" content=\"1 minute\" \/>\n<script type=\"application\/ld+json\" class=\"yoast-schema-graph\">{\"@context\":\"https:\\\/\\\/schema.org\",\"@graph\":[{\"@type\":\"WebPage\",\"@id\":\"https:\\\/\\\/blackstonegriddles.ca\\\/product\\\/prep-table-28\\\/\",\"url\":\"https:\\\/\\\/blackstonegriddles.ca\\\/product\\\/prep-table-28\\\/\",\"name\":\"Prep Table - 28\\\" - Blackstone Griddles\",\"isPartOf\":{\"@id\":\"https:\\\/\\\/blackstonegriddles.ca\\\/#website\"},\"primaryImageOfPage\":{\"@id\":\"https:\\\/\\\/blackstonegriddles.ca\\\/product\\\/prep-table-28\\\/#primaryimage\"},\"image\":{\"@id\":\"https:\\\/\\\/blackstonegriddles.ca\\\/product\\\/prep-table-28\\\/#primaryimage\"},\"thumbnailUrl\":\"https:\\\/\\\/blackstonegriddles.ca\\\/wp-content\\\/uploads\\\/2024\\\/03\\\/2171_28PrepTable_WSQ_01-main.jpg\",\"datePublished\":\"2024-04-01T17:06:56+00:00\",\"dateModified\":\"2026-04-20T19:38:18+00:00\",\"description\":\"Complete your outdoor kitchen with the Blackstone 28-in. Prep Cart. With additional prep space comes endless possibilities.\",\"breadcrumb\":{\"@id\":\"https:\\\/\\\/blackstonegriddles.ca\\\/product\\\/prep-table-28\\\/#breadcrumb\"},\"inLanguage\":\"fr-CA\",\"potentialAction\":[{\"@type\":\"ReadAction\",\"target\":[\"https:\\\/\\\/blackstonegriddles.ca\\\/product\\\/prep-table-28\\\/\"]}]},{\"@type\":\"ImageObject\",\"inLanguage\":\"fr-CA\",\"@id\":\"https:\\\/\\\/blackstonegriddles.ca\\\/product\\\/prep-table-28\\\/#primaryimage\",\"url\":\"https:\\\/\\\/blackstonegriddles.ca\\\/wp-content\\\/uploads\\\/2024\\\/03\\\/2171_28PrepTable_WSQ_01-main.jpg\",\"contentUrl\":\"https:\\\/\\\/blackstonegriddles.ca\\\/wp-content\\\/uploads\\\/2024\\\/03\\\/2171_28PrepTable_WSQ_01-main.jpg\",\"width\":800,\"height\":800,\"caption\":\"28 inch Prep Table\"},{\"@type\":\"BreadcrumbList\",\"@id\":\"https:\\\/\\\/blackstonegriddles.ca\\\/product\\\/prep-table-28\\\/#breadcrumb\",\"itemListElement\":[{\"@type\":\"ListItem\",\"position\":1,\"name\":\"Home\",\"item\":\"https:\\\/\\\/blackstonegriddles.ca\\\/\"},{\"@type\":\"ListItem\",\"position\":2,\"name\":\"Shop\",\"item\":\"https:\\\/\\\/blackstonegriddles.ca\\\/shop\\\/\"},{\"@type\":\"ListItem\",\"position\":3,\"name\":\"Prep Table &#8211; 28&#8243;\"}]},{\"@type\":\"WebSite\",\"@id\":\"https:\\\/\\\/blackstonegriddles.ca\\\/#website\",\"url\":\"https:\\\/\\\/blackstonegriddles.ca\\\/\",\"name\":\"Blackstone Griddles Canada\",\"description\":\"Blackstone Griddles official licensed dealer Canada\",\"publisher\":{\"@id\":\"https:\\\/\\\/blackstonegriddles.ca\\\/#organization\"},\"potentialAction\":[{\"@type\":\"SearchAction\",\"target\":{\"@type\":\"EntryPoint\",\"urlTemplate\":\"https:\\\/\\\/blackstonegriddles.ca\\\/?s={search_term_string}\"},\"query-input\":{\"@type\":\"PropertyValueSpecification\",\"valueRequired\":true,\"valueName\":\"search_term_string\"}}],\"inLanguage\":\"fr-CA\"},{\"@type\":\"Organization\",\"@id\":\"https:\\\/\\\/blackstonegriddles.ca\\\/#organization\",\"name\":\"Blackstone Griddles Canada\",\"url\":\"https:\\\/\\\/blackstonegriddles.ca\\\/\",\"logo\":{\"@type\":\"ImageObject\",\"inLanguage\":\"fr-CA\",\"@id\":\"https:\\\/\\\/blackstonegriddles.ca\\\/#\\\/schema\\\/logo\\\/image\\\/\",\"url\":\"https:\\\/\\\/blackstonegriddles.ca\\\/wp-content\\\/uploads\\\/2025\\\/02\\\/blackstone-fire-logo.webp\",\"contentUrl\":\"https:\\\/\\\/blackstonegriddles.ca\\\/wp-content\\\/uploads\\\/2025\\\/02\\\/blackstone-fire-logo.webp\",\"width\":53,\"height\":58,\"caption\":\"Blackstone Griddles Canada\"},\"image\":{\"@id\":\"https:\\\/\\\/blackstonegriddles.ca\\\/#\\\/schema\\\/logo\\\/image\\\/\"},\"sameAs\":[\"https:\\\/\\\/www.facebook.com\\\/blackstoneproducts\\\/\",\"https:\\\/\\\/x.com\\\/weareblackstone\",\"https:\\\/\\\/www.instagram.com\\\/blackstoneproducts\\\/\",\"https:\\\/\\\/www.youtube.com\\\/channel\\\/UCr39rimir8y3p-q1iQYidVA\"]}]}<\/script>\n<!-- \/ Yoast SEO plugin. -->","yoast_head_json":{"title":"Table de pr\u00e9paration - 28\" - Blackstone Griddles","description":"Compl\u00e9tez votre cuisine ext\u00e9rieure avec le Blackstone 28-in. Prep Cart. L'espace de pr\u00e9paration suppl\u00e9mentaire offre des possibilit\u00e9s infinies.","robots":{"index":"index","follow":"follow","max-snippet":"max-snippet:-1","max-image-preview":"max-image-preview:large","max-video-preview":"max-video-preview:-1"},"canonical":"https:\/\/blackstonegriddles.ca\/fr\/produit\/table-de-preparation-28\/","og_locale":"fr_CA","og_type":"article","og_title":"Prep Table - 28\" - Blackstone Griddles","og_description":"Complete your outdoor kitchen with the Blackstone 28-in. Prep Cart. With additional prep space comes endless possibilities.","og_url":"https:\/\/blackstonegriddles.ca\/fr\/produit\/table-de-preparation-28\/","og_site_name":"Blackstone Griddles","article_publisher":"https:\/\/www.facebook.com\/blackstoneproducts\/","article_modified_time":"2026-04-20T19:38:18+00:00","og_image":[{"width":800,"height":800,"url":"https:\/\/blackstonegriddles.ca\/wp-content\/uploads\/2024\/03\/2171_28PrepTable_WSQ_01-main.jpg","type":"image\/jpeg"}],"twitter_card":"summary_large_image","twitter_site":"@weareblackstone","twitter_misc":{"Estimation du temps de lecture":"1 minute"},"schema":{"@context":"https:\/\/schema.org","@graph":[{"@type":"WebPage","@id":"https:\/\/blackstonegriddles.ca\/product\/prep-table-28\/","url":"https:\/\/blackstonegriddles.ca\/product\/prep-table-28\/","name":"Table de pr\u00e9paration - 28\" - Blackstone Griddles","isPartOf":{"@id":"https:\/\/blackstonegriddles.ca\/#website"},"primaryImageOfPage":{"@id":"https:\/\/blackstonegriddles.ca\/product\/prep-table-28\/#primaryimage"},"image":{"@id":"https:\/\/blackstonegriddles.ca\/product\/prep-table-28\/#primaryimage"},"thumbnailUrl":"https:\/\/blackstonegriddles.ca\/wp-content\/uploads\/2024\/03\/2171_28PrepTable_WSQ_01-main.jpg","datePublished":"2024-04-01T17:06:56+00:00","dateModified":"2026-04-20T19:38:18+00:00","description":"Compl\u00e9tez votre cuisine ext\u00e9rieure avec le Blackstone 28-in. Prep Cart. L'espace de pr\u00e9paration suppl\u00e9mentaire offre des possibilit\u00e9s infinies.","breadcrumb":{"@id":"https:\/\/blackstonegriddles.ca\/product\/prep-table-28\/#breadcrumb"},"inLanguage":"fr-CA","potentialAction":[{"@type":"ReadAction","target":["https:\/\/blackstonegriddles.ca\/product\/prep-table-28\/"]}]},{"@type":"ImageObject","inLanguage":"fr-CA","@id":"https:\/\/blackstonegriddles.ca\/product\/prep-table-28\/#primaryimage","url":"https:\/\/blackstonegriddles.ca\/wp-content\/uploads\/2024\/03\/2171_28PrepTable_WSQ_01-main.jpg","contentUrl":"https:\/\/blackstonegriddles.ca\/wp-content\/uploads\/2024\/03\/2171_28PrepTable_WSQ_01-main.jpg","width":800,"height":800,"caption":"28 inch Prep Table"},{"@type":"BreadcrumbList","@id":"https:\/\/blackstonegriddles.ca\/product\/prep-table-28\/#breadcrumb","itemListElement":[{"@type":"ListItem","position":1,"name":"Home","item":"https:\/\/blackstonegriddles.ca\/"},{"@type":"ListItem","position":2,"name":"Shop","item":"https:\/\/blackstonegriddles.ca\/shop\/"},{"@type":"ListItem","position":3,"name":"Prep Table &#8211; 28&#8243;"}]},{"@type":"WebSite","@id":"https:\/\/blackstonegriddles.ca\/#website","url":"https:\/\/blackstonegriddles.ca\/","name":"Grils Blackstone Canada","description":"Blackstone Griddles distributeur officiel agr\u00e9\u00e9 Canada","publisher":{"@id":"https:\/\/blackstonegriddles.ca\/#organization"},"potentialAction":[{"@type":"SearchAction","target":{"@type":"EntryPoint","urlTemplate":"https:\/\/blackstonegriddles.ca\/?s={search_term_string}"},"query-input":{"@type":"PropertyValueSpecification","valueRequired":true,"valueName":"search_term_string"}}],"inLanguage":"fr-CA"},{"@type":"Organization","@id":"https:\/\/blackstonegriddles.ca\/#organization","name":"Grils Blackstone Canada","url":"https:\/\/blackstonegriddles.ca\/","logo":{"@type":"ImageObject","inLanguage":"fr-CA","@id":"https:\/\/blackstonegriddles.ca\/#\/schema\/logo\/image\/","url":"https:\/\/blackstonegriddles.ca\/wp-content\/uploads\/2025\/02\/blackstone-fire-logo.webp","contentUrl":"https:\/\/blackstonegriddles.ca\/wp-content\/uploads\/2025\/02\/blackstone-fire-logo.webp","width":53,"height":58,"caption":"Blackstone Griddles Canada"},"image":{"@id":"https:\/\/blackstonegriddles.ca\/#\/schema\/logo\/image\/"},"sameAs":["https:\/\/www.facebook.com\/blackstoneproducts\/","https:\/\/x.com\/weareblackstone","https:\/\/www.instagram.com\/blackstoneproducts\/","https:\/\/www.youtube.com\/channel\/UCr39rimir8y3p-q1iQYidVA"]}]}},"_links":{"self":[{"href":"https:\/\/blackstonegriddles.ca\/fr\/wp-json\/wp\/v2\/product\/37581","targetHints":{"allow":["GET"]}}],"collection":[{"href":"https:\/\/blackstonegriddles.ca\/fr\/wp-json\/wp\/v2\/product"}],"about":[{"href":"https:\/\/blackstonegriddles.ca\/fr\/wp-json\/wp\/v2\/types\/product"}],"wp:featuredmedia":[{"embeddable":true,"href":"https:\/\/blackstonegriddles.ca\/fr\/wp-json\/wp\/v2\/media\/37582"}],"wp:attachment":[{"href":"https:\/\/blackstonegriddles.ca\/fr\/wp-json\/wp\/v2\/media?parent=37581"}],"wp:term":[{"taxonomy":"product_brand","embeddable":true,"href":"https:\/\/blackstonegriddles.ca\/fr\/wp-json\/wp\/v2\/product_brand?post=37581"},{"taxonomy":"product_cat","embeddable":true,"href":"https:\/\/blackstonegriddles.ca\/fr\/wp-json\/wp\/v2\/product_cat?post=37581"},{"taxonomy":"product_tag","embeddable":true,"href":"https:\/\/blackstonegriddles.ca\/fr\/wp-json\/wp\/v2\/product_tag?post=37581"}],"curies":[{"name":"wp","href":"https:\/\/api.w.org\/{rel}","templated":true}]}}